{"id":16356,"date":"2025-11-29T13:34:43","date_gmt":"2025-11-29T12:34:43","guid":{"rendered":"https:\/\/zapateneo.net\/wordpress\/?post_type=product&#038;p=16356"},"modified":"2025-11-29T13:35:11","modified_gmt":"2025-11-29T12:35:11","slug":"la-historia-de-la-utopia-y-el-destino-de-su-critica","status":"publish","type":"product","link":"https:\/\/zapateneo.net\/wordpress\/index.php\/producto\/la-historia-de-la-utopia-y-el-destino-de-su-critica\/","title":{"rendered":"La historia de la Utop\u00eda y el destino de su cr\u00edtica."},"content":{"rendered":"<p>En La historia de la utop\u00eda y el destino de su cr\u00edtica, cuarto volumen de Utopiques, Miguel Abensour acomete una empresa recapituladora equilibrada y matizada. Pero este volumen incluye tambi\u00e9n, y ante todo, la evaluaci\u00f3n de la relaci\u00f3n con la utop\u00eda de la tradici\u00f3n socialista m\u00e1s importante: aquella inspirada en la obra de Marx. A simple vista, entre el marxismo concebido como \u201csocialismo cient\u00edfico\u201d y el \u201csocialismo ut\u00f3pico\u201d habr\u00eda una relaci\u00f3n de esencial alteridad y diferencia. Entre ciencia y utop\u00eda, entre el socialismo auto-concebido como cient\u00edfico y el considerado socialismo ut\u00f3pico, habr\u00eda un corte, una ruptura total. A lo sumo, se podr\u00eda reconocer un lejano v\u00ednculo entre los precursores de una concepci\u00f3n y la concepci\u00f3n consumada. Pero reconocida esa vinculaci\u00f3n, lo que emerge es la radical ruptura. Esta ha sido la interpretaci\u00f3n defendida desde distintas \u201cortodoxias\u201d. Dos textos de los \u201cpadres fundadores\u201d parecer\u00edan validarla sin m\u00e1s: El Manifiesto Comunista de 1848 y la saga de textos pol\u00e9micos de Engels reunidos en Del socialismo ut\u00f3pico al socialismo cient\u00edfico, de 1878.<\/p>\n<p>=======================<\/p>\n<p>Miguel Abensour (1939-2017) fue un fil\u00f3sofo franc\u00e9s, profesor en las Universidades de Reims y Par\u00eds VII, y director durante un breve periodo del Coll\u00e8ge Internationale de Philosophie. En su obra no s\u00f3lo explora los pasos del pensamiento ut\u00f3pico desde More a Benjamin, pasando por Marx y los utopistas del siglo XIX (Leroux, Fourier), sino que tambi\u00e9n se consagra a una concepci\u00f3n renovada de la democracia, siguiendo la estela de Claude Lefort y Pierre Clastres, al tratar de conciliar la idea de democracia concebida como \u00abdemocracia contra el Estado\u00bb con la idea de utop\u00eda. Entre su extensa obra destacan, adem\u00e1s de la presente, La Democracia contra el Estado. Marx y el momento maquiaveliano (La Catarata, 2017); Para una filosof\u00eda pol\u00edtica cr\u00edtica: ensayos (Anthropos, 2017); Hannah Arendt contre la phsilosophie politique? (Sens &#038; Tonka, 2006); El esp\u00edritu de las leyes salvajes: Pierre Clastres o una nueva antropolog\u00eda pol\u00edtica (Ediciones del Sol, 2007)<\/p>\n","protected":false},"excerpt":{"rendered":"<p><strong>Miguel Abensour<\/strong><br \/>\n9789874795564 &#8211; Marat &#8211; 2025 &#8211; 160 p\u00e1ginas \/orri.<\/p>\n","protected":false},"featured_media":16377,"template":"","meta":[],"product_brand":[],"product_cat":[16,173],"product_tag":[5664,5918],"class_list":{"0":"post-16356","1":"product","2":"type-product","3":"status-publish","4":"has-post-thumbnail","6":"product_cat-libros","7":"product_cat-saiakera-ensayo","8":"product_tag-marat","9":"product_tag-miguel-abensour","11":"first","12":"instock","13":"sold-individually","14":"shipping-taxable","15":"purchasable","16":"product-type-simple"},"yoast_head":"<!-- This site is optimized with the Yoast SEO plugin v27.3 - https:\/\/yoast.com\/product\/yoast-seo-wordpress\/ -->\n<title>La historia de la Utop\u00eda y el destino de su cr\u00edtica. &#8212; Zapateneo<\/title>\n<meta name=\"robots\" content=\"index, follow, max-snippet:-1, max-image-preview:large, max-video-preview:-1\" \/>\n<link rel=\"canonical\" href=\"https:\/\/zapateneo.net\/wordpress\/index.php\/producto\/la-historia-de-la-utopia-y-el-destino-de-su-critica\/\" \/>\n<meta property=\"og:locale\" content=\"es_ES\" \/>\n<meta property=\"og:type\" content=\"article\" \/>\n<meta property=\"og:title\" content=\"La historia de la Utop\u00eda y el destino de su cr\u00edtica. &#8212; Zapateneo\" \/>\n<meta property=\"og:description\" content=\"Miguel Abensour 9789874795564 - Marat - 2025 - 160 p\u00e1ginas \/orri.\" \/>\n<meta property=\"og:url\" content=\"https:\/\/zapateneo.net\/wordpress\/index.php\/producto\/la-historia-de-la-utopia-y-el-destino-de-su-critica\/\" \/>\n<meta property=\"og:site_name\" content=\"Zapateneo\" \/>\n<meta property=\"article:modified_time\" content=\"2025-11-29T12:35:11+00:00\" \/>\n<meta name=\"twitter:card\" content=\"summary_large_image\" \/>\n<meta name=\"twitter:site\" content=\"@zapateneo\" \/>\n<meta name=\"twitter:label1\" content=\"Tiempo de lectura\" \/>\n\t<meta name=\"twitter:data1\" content=\"2 minutos\" \/>\n<script type=\"application\/ld+json\" class=\"yoast-schema-graph\">{\"@context\":\"https:\\\/\\\/schema.org\",\"@graph\":[{\"@type\":\"WebPage\",\"@id\":\"https:\\\/\\\/zapateneo.net\\\/wordpress\\\/index.php\\\/producto\\\/la-historia-de-la-utopia-y-el-destino-de-su-critica\\\/\",\"url\":\"https:\\\/\\\/zapateneo.net\\\/wordpress\\\/index.php\\\/producto\\\/la-historia-de-la-utopia-y-el-destino-de-su-critica\\\/\",\"name\":\"La historia de la Utop\u00eda y el destino de su cr\u00edtica. &#8212; Zapateneo\",\"isPartOf\":{\"@id\":\"https:\\\/\\\/zapateneo.net\\\/wordpress\\\/#website\"},\"primaryImageOfPage\":{\"@id\":\"https:\\\/\\\/zapateneo.net\\\/wordpress\\\/index.php\\\/producto\\\/la-historia-de-la-utopia-y-el-destino-de-su-critica\\\/#primaryimage\"},\"image\":{\"@id\":\"https:\\\/\\\/zapateneo.net\\\/wordpress\\\/index.php\\\/producto\\\/la-historia-de-la-utopia-y-el-destino-de-su-critica\\\/#primaryimage\"},\"thumbnailUrl\":\"https:\\\/\\\/zapateneo.net\\\/wordpress\\\/wp-content\\\/uploads\\\/2025\\\/11\\\/9789874795564.jpg\",\"datePublished\":\"2025-11-29T12:34:43+00:00\",\"dateModified\":\"2025-11-29T12:35:11+00:00\",\"breadcrumb\":{\"@id\":\"https:\\\/\\\/zapateneo.net\\\/wordpress\\\/index.php\\\/producto\\\/la-historia-de-la-utopia-y-el-destino-de-su-critica\\\/#breadcrumb\"},\"inLanguage\":\"es\",\"potentialAction\":[{\"@type\":\"ReadAction\",\"target\":[\"https:\\\/\\\/zapateneo.net\\\/wordpress\\\/index.php\\\/producto\\\/la-historia-de-la-utopia-y-el-destino-de-su-critica\\\/\"]}]},{\"@type\":\"ImageObject\",\"inLanguage\":\"es\",\"@id\":\"https:\\\/\\\/zapateneo.net\\\/wordpress\\\/index.php\\\/producto\\\/la-historia-de-la-utopia-y-el-destino-de-su-critica\\\/#primaryimage\",\"url\":\"https:\\\/\\\/zapateneo.net\\\/wordpress\\\/wp-content\\\/uploads\\\/2025\\\/11\\\/9789874795564.jpg\",\"contentUrl\":\"https:\\\/\\\/zapateneo.net\\\/wordpress\\\/wp-content\\\/uploads\\\/2025\\\/11\\\/9789874795564.jpg\",\"width\":186,\"height\":271},{\"@type\":\"BreadcrumbList\",\"@id\":\"https:\\\/\\\/zapateneo.net\\\/wordpress\\\/index.php\\\/producto\\\/la-historia-de-la-utopia-y-el-destino-de-su-critica\\\/#breadcrumb\",\"itemListElement\":[{\"@type\":\"ListItem\",\"position\":1,\"name\":\"Portada\",\"item\":\"https:\\\/\\\/zapateneo.net\\\/wordpress\\\/\"},{\"@type\":\"ListItem\",\"position\":2,\"name\":\"Tienda\",\"item\":\"https:\\\/\\\/zapateneo.net\\\/wordpress\\\/\"},{\"@type\":\"ListItem\",\"position\":3,\"name\":\"La historia de la Utop\u00eda y el destino de su cr\u00edtica.\"}]},{\"@type\":\"WebSite\",\"@id\":\"https:\\\/\\\/zapateneo.net\\\/wordpress\\\/#website\",\"url\":\"https:\\\/\\\/zapateneo.net\\\/wordpress\\\/\",\"name\":\"Zapateneo\",\"description\":\"Zapateneoaren webgunea\",\"publisher\":{\"@id\":\"https:\\\/\\\/zapateneo.net\\\/wordpress\\\/#organization\"},\"potentialAction\":[{\"@type\":\"SearchAction\",\"target\":{\"@type\":\"EntryPoint\",\"urlTemplate\":\"https:\\\/\\\/zapateneo.net\\\/wordpress\\\/?s={search_term_string}\"},\"query-input\":{\"@type\":\"PropertyValueSpecification\",\"valueRequired\":true,\"valueName\":\"search_term_string\"}}],\"inLanguage\":\"es\"},{\"@type\":\"Organization\",\"@id\":\"https:\\\/\\\/zapateneo.net\\\/wordpress\\\/#organization\",\"name\":\"Zapateneo Kultur Elkartea\",\"url\":\"https:\\\/\\\/zapateneo.net\\\/wordpress\\\/\",\"logo\":{\"@type\":\"ImageObject\",\"inLanguage\":\"es\",\"@id\":\"https:\\\/\\\/zapateneo.net\\\/wordpress\\\/#\\\/schema\\\/logo\\\/image\\\/\",\"url\":\"https:\\\/\\\/zapateneo.net\\\/wordpress\\\/wp-content\\\/uploads\\\/2021\\\/04\\\/zap-libu-kolec.jpg\",\"contentUrl\":\"https:\\\/\\\/zapateneo.net\\\/wordpress\\\/wp-content\\\/uploads\\\/2021\\\/04\\\/zap-libu-kolec.jpg\",\"width\":2234,\"height\":398,\"caption\":\"Zapateneo Kultur Elkartea\"},\"image\":{\"@id\":\"https:\\\/\\\/zapateneo.net\\\/wordpress\\\/#\\\/schema\\\/logo\\\/image\\\/\"},\"sameAs\":[\"https:\\\/\\\/x.com\\\/zapateneo\"]}]}<\/script>\n<!-- \/ Yoast SEO plugin. -->","yoast_head_json":{"title":"La historia de la Utop\u00eda y el destino de su cr\u00edtica. &#8212; Zapateneo","robots":{"index":"index","follow":"follow","max-snippet":"max-snippet:-1","max-image-preview":"max-image-preview:large","max-video-preview":"max-video-preview:-1"},"canonical":"https:\/\/zapateneo.net\/wordpress\/index.php\/producto\/la-historia-de-la-utopia-y-el-destino-de-su-critica\/","og_locale":"es_ES","og_type":"article","og_title":"La historia de la Utop\u00eda y el destino de su cr\u00edtica. &#8212; Zapateneo","og_description":"Miguel Abensour 9789874795564 - Marat - 2025 - 160 p\u00e1ginas \/orri.","og_url":"https:\/\/zapateneo.net\/wordpress\/index.php\/producto\/la-historia-de-la-utopia-y-el-destino-de-su-critica\/","og_site_name":"Zapateneo","article_modified_time":"2025-11-29T12:35:11+00:00","twitter_card":"summary_large_image","twitter_site":"@zapateneo","twitter_misc":{"Tiempo de lectura":"2 minutos"},"schema":{"@context":"https:\/\/schema.org","@graph":[{"@type":"WebPage","@id":"https:\/\/zapateneo.net\/wordpress\/index.php\/producto\/la-historia-de-la-utopia-y-el-destino-de-su-critica\/","url":"https:\/\/zapateneo.net\/wordpress\/index.php\/producto\/la-historia-de-la-utopia-y-el-destino-de-su-critica\/","name":"La historia de la Utop\u00eda y el destino de su cr\u00edtica. &#8212; Zapateneo","isPartOf":{"@id":"https:\/\/zapateneo.net\/wordpress\/#website"},"primaryImageOfPage":{"@id":"https:\/\/zapateneo.net\/wordpress\/index.php\/producto\/la-historia-de-la-utopia-y-el-destino-de-su-critica\/#primaryimage"},"image":{"@id":"https:\/\/zapateneo.net\/wordpress\/index.php\/producto\/la-historia-de-la-utopia-y-el-destino-de-su-critica\/#primaryimage"},"thumbnailUrl":"https:\/\/zapateneo.net\/wordpress\/wp-content\/uploads\/2025\/11\/9789874795564.jpg","datePublished":"2025-11-29T12:34:43+00:00","dateModified":"2025-11-29T12:35:11+00:00","breadcrumb":{"@id":"https:\/\/zapateneo.net\/wordpress\/index.php\/producto\/la-historia-de-la-utopia-y-el-destino-de-su-critica\/#breadcrumb"},"inLanguage":"es","potentialAction":[{"@type":"ReadAction","target":["https:\/\/zapateneo.net\/wordpress\/index.php\/producto\/la-historia-de-la-utopia-y-el-destino-de-su-critica\/"]}]},{"@type":"ImageObject","inLanguage":"es","@id":"https:\/\/zapateneo.net\/wordpress\/index.php\/producto\/la-historia-de-la-utopia-y-el-destino-de-su-critica\/#primaryimage","url":"https:\/\/zapateneo.net\/wordpress\/wp-content\/uploads\/2025\/11\/9789874795564.jpg","contentUrl":"https:\/\/zapateneo.net\/wordpress\/wp-content\/uploads\/2025\/11\/9789874795564.jpg","width":186,"height":271},{"@type":"BreadcrumbList","@id":"https:\/\/zapateneo.net\/wordpress\/index.php\/producto\/la-historia-de-la-utopia-y-el-destino-de-su-critica\/#breadcrumb","itemListElement":[{"@type":"ListItem","position":1,"name":"Portada","item":"https:\/\/zapateneo.net\/wordpress\/"},{"@type":"ListItem","position":2,"name":"Tienda","item":"https:\/\/zapateneo.net\/wordpress\/"},{"@type":"ListItem","position":3,"name":"La historia de la Utop\u00eda y el destino de su cr\u00edtica."}]},{"@type":"WebSite","@id":"https:\/\/zapateneo.net\/wordpress\/#website","url":"https:\/\/zapateneo.net\/wordpress\/","name":"Zapateneo","description":"Zapateneoaren webgunea","publisher":{"@id":"https:\/\/zapateneo.net\/wordpress\/#organization"},"potentialAction":[{"@type":"SearchAction","target":{"@type":"EntryPoint","urlTemplate":"https:\/\/zapateneo.net\/wordpress\/?s={search_term_string}"},"query-input":{"@type":"PropertyValueSpecification","valueRequired":true,"valueName":"search_term_string"}}],"inLanguage":"es"},{"@type":"Organization","@id":"https:\/\/zapateneo.net\/wordpress\/#organization","name":"Zapateneo Kultur Elkartea","url":"https:\/\/zapateneo.net\/wordpress\/","logo":{"@type":"ImageObject","inLanguage":"es","@id":"https:\/\/zapateneo.net\/wordpress\/#\/schema\/logo\/image\/","url":"https:\/\/zapateneo.net\/wordpress\/wp-content\/uploads\/2021\/04\/zap-libu-kolec.jpg","contentUrl":"https:\/\/zapateneo.net\/wordpress\/wp-content\/uploads\/2021\/04\/zap-libu-kolec.jpg","width":2234,"height":398,"caption":"Zapateneo Kultur Elkartea"},"image":{"@id":"https:\/\/zapateneo.net\/wordpress\/#\/schema\/logo\/image\/"},"sameAs":["https:\/\/x.com\/zapateneo"]}]}},"_links":{"self":[{"href":"https:\/\/zapateneo.net\/wordpress\/index.php\/wp-json\/wp\/v2\/product\/16356","targetHints":{"allow":["GET"]}}],"collection":[{"href":"https:\/\/zapateneo.net\/wordpress\/index.php\/wp-json\/wp\/v2\/product"}],"about":[{"href":"https:\/\/zapateneo.net\/wordpress\/index.php\/wp-json\/wp\/v2\/types\/product"}],"wp:featuredmedia":[{"embeddable":true,"href":"https:\/\/zapateneo.net\/wordpress\/index.php\/wp-json\/wp\/v2\/media\/16377"}],"wp:attachment":[{"href":"https:\/\/zapateneo.net\/wordpress\/index.php\/wp-json\/wp\/v2\/media?parent=16356"}],"wp:term":[{"taxonomy":"product_brand","embeddable":true,"href":"https:\/\/zapateneo.net\/wordpress\/index.php\/wp-json\/wp\/v2\/product_brand?post=16356"},{"taxonomy":"product_cat","embeddable":true,"href":"https:\/\/zapateneo.net\/wordpress\/index.php\/wp-json\/wp\/v2\/product_cat?post=16356"},{"taxonomy":"product_tag","embeddable":true,"href":"https:\/\/zapateneo.net\/wordpress\/index.php\/wp-json\/wp\/v2\/product_tag?post=16356"}],"curies":[{"name":"wp","href":"https:\/\/api.w.org\/{rel}","templated":true}]}}