{"id":16345,"date":"2025-11-29T13:34:35","date_gmt":"2025-11-29T12:34:35","guid":{"rendered":"https:\/\/zapateneo.net\/wordpress\/?post_type=product&#038;p=16345"},"modified":"2025-11-29T13:34:55","modified_gmt":"2025-11-29T12:34:55","slug":"microfisica-sexista-del-poder-3a-ed-el-caso-alcasser-y-la-construccion-del-terror-sexual","status":"publish","type":"product","link":"https:\/\/zapateneo.net\/wordpress\/index.php\/producto\/microfisica-sexista-del-poder-3a-ed-el-caso-alcasser-y-la-construccion-del-terror-sexual\/","title":{"rendered":"Microf\u00edsica sexista del poder [3\u00aa ed.] El caso Alc\u00e0sser y la construcci\u00f3n del terror sexual"},"content":{"rendered":"<p>Desde su publicaci\u00f3n en 2018 este libro ha supuesto una aut\u00e9ntica revoluci\u00f3n en la comprensi\u00f3n del terror sexual y las narrativas asociadas a la violaci\u00f3n como un mecanismo social de disciplinamiento de los cuerpos de las mujeres.<\/p>\n<p>Los relatos sobre el peligro sexual son una forma muy precisa de comunicar, producir y reproducir violencia sexual. En Microf\u00edsica sexista del poder se analiza c\u00f3mo, desde principios de la d\u00e9cada de 1990, el relato sobre el llamado caso Alc\u00e0sser se articul\u00f3 como una construcci\u00f3n social que trat\u00f3 de resituar unas fronteras que no deber\u00edan haber sido traspasadas por las mujeres.<\/p>\n<p>La narrativa creada en torno a la desaparici\u00f3n forzada de las tres chicas hablaba de l\u00edmites que no deben ser cruzados y espacios que no deben ser ocupados \u2014salir de noche, viajar sola, hacer autostop\u2026\u2014 para convertir el relato sobre el peligro sexual en un aviso y un castigo aleccionador. As\u00ed, los discursos sociales, medi\u00e1ticos y pol\u00edticos diseminados al hilo del crimen se orquestaron como una contraofensiva patriarcal ante la conquista de espacios de libertad del movimiento feminista y de las mujeres en general.<\/p>\n<p>Nerea Barjola parte del caso concreto para hacer un planteamiento general sobre el funcionamiento de lo que denomina microf\u00edsica sexista del poder, entendida como una \u00abdin\u00e1mica del poder que hace del relato sobre el peligro sexual un mecanismo eficaz, escurridizo y complicado de asir\u00bb en que \u00abel proceso de elaboraci\u00f3n del relato es parte integrante de un todo, de un poder que \u201cse hunde m\u00e1s profundamente, m\u00e1s sutilmente en toda la malla de la sociedad\u201d\u00bb.<\/p>\n<p>Al reinterpretar dichas narrativas desde una perspectiva feminista, el libro busca situar la violencia sexual en t\u00e9rminos pol\u00edticos y fuera de los l\u00edmites del terror, mostrando las fronteras de transgresi\u00f3n, lucha y resistencia feminista.<\/p>\n<p>==========================<\/p>\n<p>Nerea Barjola Ramos (Santurtzi, 1980) Militante feminista, es doctora en Feminismos y g\u00e9nero por la UPV\/EHU y licenciada en Ciencias Pol\u00edticas y de la Administraci\u00f3n. Adem\u00e1s de su activismo feminista, ha centrado su trabajo acad\u00e9mico en la reflexi\u00f3n en torno a las representaciones de la violencia sexual contra las mujeres, a trav\u00e9s de diferentes art\u00edculos y conferencias, y ha realizado su tesis sobre \u00abLas representaciones del peligro sexual y su influencia en las pr\u00e1cticas de las mujeres a partir del crimen de Alc\u00e0sser 1992\u00bb en la que se basa este libro. Desde la primera edici\u00f3n de este libro, Nerea Barjola ha realizado una intensa tarea de difusi\u00f3n de la cr\u00edtica de las l\u00f3gicas del terror sexual, a trav\u00e9s de seminarios, debates, grupos de lectura o art\u00edculos, haciendo de su trabajo una herramienta viva de reflexi\u00f3n y acci\u00f3n. Adem\u00e1s de este libro, Nerea Barjola ha participado en las compilaciones Tranquilas: Historias para ir solas por la noche (Lumen, 2019) y Aqu\u00ed estamos. Puzzle de un momento feminista (Akal, 2019). En 2021, recibi\u00f3 el reconocimiento de la Delegaci\u00f3n del Gobierno contra la Violencia de G\u00e9nero con motivo del D\u00eda Internacional para la Eliminaci\u00f3n de la Violencia contra las Mujeres 2021 en la categor\u00eda \u00abInvestigaci\u00f3n para la transformaci\u00f3n social\u00bb, por este libro.<\/p>\n","protected":false},"excerpt":{"rendered":"<p><strong>Nerea Barjola<\/strong><br \/>\n9788417870256 &#8211; Virus &#8211; 2023 &#8211; 320 p\u00e1ginas \/orri.<\/p>\n","protected":false},"featured_media":16366,"template":"","meta":[],"product_brand":[],"product_cat":[174,16],"product_tag":[7300,57],"class_list":{"0":"post-16345","1":"product","2":"type-product","3":"status-publish","4":"has-post-thumbnail","6":"product_cat-generoak-generos","7":"product_cat-libros","8":"product_tag-nerea-barjola","9":"product_tag-virus","11":"first","12":"instock","13":"sold-individually","14":"shipping-taxable","15":"purchasable","16":"product-type-simple"},"yoast_head":"<!-- This site is optimized with the Yoast SEO plugin v27.3 - https:\/\/yoast.com\/product\/yoast-seo-wordpress\/ -->\n<title>Microf\u00edsica sexista del poder [3\u00aa ed.] El caso Alc\u00e0sser y la construcci\u00f3n del terror sexual &#8212; Zapateneo<\/title>\n<meta name=\"robots\" content=\"index, follow, max-snippet:-1, max-image-preview:large, max-video-preview:-1\" \/>\n<link rel=\"canonical\" href=\"https:\/\/zapateneo.net\/wordpress\/index.php\/producto\/microfisica-sexista-del-poder-3a-ed-el-caso-alcasser-y-la-construccion-del-terror-sexual\/\" \/>\n<meta property=\"og:locale\" content=\"es_ES\" \/>\n<meta property=\"og:type\" content=\"article\" \/>\n<meta property=\"og:title\" content=\"Microf\u00edsica sexista del poder [3\u00aa ed.] El caso Alc\u00e0sser y la construcci\u00f3n del terror sexual &#8212; Zapateneo\" \/>\n<meta property=\"og:description\" content=\"Nerea Barjola 9788417870256 - Virus - 2023 - 320 p\u00e1ginas \/orri.\" \/>\n<meta property=\"og:url\" content=\"https:\/\/zapateneo.net\/wordpress\/index.php\/producto\/microfisica-sexista-del-poder-3a-ed-el-caso-alcasser-y-la-construccion-del-terror-sexual\/\" \/>\n<meta property=\"og:site_name\" content=\"Zapateneo\" \/>\n<meta property=\"article:modified_time\" content=\"2025-11-29T12:34:55+00:00\" \/>\n<meta name=\"twitter:card\" content=\"summary_large_image\" \/>\n<meta name=\"twitter:site\" content=\"@zapateneo\" \/>\n<meta name=\"twitter:label1\" content=\"Tiempo de lectura\" \/>\n\t<meta name=\"twitter:data1\" content=\"3 minutos\" \/>\n<script type=\"application\/ld+json\" class=\"yoast-schema-graph\">{\"@context\":\"https:\\\/\\\/schema.org\",\"@graph\":[{\"@type\":\"WebPage\",\"@id\":\"https:\\\/\\\/zapateneo.net\\\/wordpress\\\/index.php\\\/producto\\\/microfisica-sexista-del-poder-3a-ed-el-caso-alcasser-y-la-construccion-del-terror-sexual\\\/\",\"url\":\"https:\\\/\\\/zapateneo.net\\\/wordpress\\\/index.php\\\/producto\\\/microfisica-sexista-del-poder-3a-ed-el-caso-alcasser-y-la-construccion-del-terror-sexual\\\/\",\"name\":\"Microf\u00edsica sexista del poder [3\u00aa ed.] El caso Alc\u00e0sser y la construcci\u00f3n del terror sexual &#8212; Zapateneo\",\"isPartOf\":{\"@id\":\"https:\\\/\\\/zapateneo.net\\\/wordpress\\\/#website\"},\"primaryImageOfPage\":{\"@id\":\"https:\\\/\\\/zapateneo.net\\\/wordpress\\\/index.php\\\/producto\\\/microfisica-sexista-del-poder-3a-ed-el-caso-alcasser-y-la-construccion-del-terror-sexual\\\/#primaryimage\"},\"image\":{\"@id\":\"https:\\\/\\\/zapateneo.net\\\/wordpress\\\/index.php\\\/producto\\\/microfisica-sexista-del-poder-3a-ed-el-caso-alcasser-y-la-construccion-del-terror-sexual\\\/#primaryimage\"},\"thumbnailUrl\":\"https:\\\/\\\/zapateneo.net\\\/wordpress\\\/wp-content\\\/uploads\\\/2025\\\/11\\\/9788417870256.jpeg\",\"datePublished\":\"2025-11-29T12:34:35+00:00\",\"dateModified\":\"2025-11-29T12:34:55+00:00\",\"breadcrumb\":{\"@id\":\"https:\\\/\\\/zapateneo.net\\\/wordpress\\\/index.php\\\/producto\\\/microfisica-sexista-del-poder-3a-ed-el-caso-alcasser-y-la-construccion-del-terror-sexual\\\/#breadcrumb\"},\"inLanguage\":\"es\",\"potentialAction\":[{\"@type\":\"ReadAction\",\"target\":[\"https:\\\/\\\/zapateneo.net\\\/wordpress\\\/index.php\\\/producto\\\/microfisica-sexista-del-poder-3a-ed-el-caso-alcasser-y-la-construccion-del-terror-sexual\\\/\"]}]},{\"@type\":\"ImageObject\",\"inLanguage\":\"es\",\"@id\":\"https:\\\/\\\/zapateneo.net\\\/wordpress\\\/index.php\\\/producto\\\/microfisica-sexista-del-poder-3a-ed-el-caso-alcasser-y-la-construccion-del-terror-sexual\\\/#primaryimage\",\"url\":\"https:\\\/\\\/zapateneo.net\\\/wordpress\\\/wp-content\\\/uploads\\\/2025\\\/11\\\/9788417870256.jpeg\",\"contentUrl\":\"https:\\\/\\\/zapateneo.net\\\/wordpress\\\/wp-content\\\/uploads\\\/2025\\\/11\\\/9788417870256.jpeg\",\"width\":184,\"height\":274},{\"@type\":\"BreadcrumbList\",\"@id\":\"https:\\\/\\\/zapateneo.net\\\/wordpress\\\/index.php\\\/producto\\\/microfisica-sexista-del-poder-3a-ed-el-caso-alcasser-y-la-construccion-del-terror-sexual\\\/#breadcrumb\",\"itemListElement\":[{\"@type\":\"ListItem\",\"position\":1,\"name\":\"Portada\",\"item\":\"https:\\\/\\\/zapateneo.net\\\/wordpress\\\/\"},{\"@type\":\"ListItem\",\"position\":2,\"name\":\"Tienda\",\"item\":\"https:\\\/\\\/zapateneo.net\\\/wordpress\\\/\"},{\"@type\":\"ListItem\",\"position\":3,\"name\":\"Microf\u00edsica sexista del poder [3\u00aa ed.] El caso Alc\u00e0sser y la construcci\u00f3n del terror sexual\"}]},{\"@type\":\"WebSite\",\"@id\":\"https:\\\/\\\/zapateneo.net\\\/wordpress\\\/#website\",\"url\":\"https:\\\/\\\/zapateneo.net\\\/wordpress\\\/\",\"name\":\"Zapateneo\",\"description\":\"Zapateneoaren webgunea\",\"publisher\":{\"@id\":\"https:\\\/\\\/zapateneo.net\\\/wordpress\\\/#organization\"},\"potentialAction\":[{\"@type\":\"SearchAction\",\"target\":{\"@type\":\"EntryPoint\",\"urlTemplate\":\"https:\\\/\\\/zapateneo.net\\\/wordpress\\\/?s={search_term_string}\"},\"query-input\":{\"@type\":\"PropertyValueSpecification\",\"valueRequired\":true,\"valueName\":\"search_term_string\"}}],\"inLanguage\":\"es\"},{\"@type\":\"Organization\",\"@id\":\"https:\\\/\\\/zapateneo.net\\\/wordpress\\\/#organization\",\"name\":\"Zapateneo Kultur Elkartea\",\"url\":\"https:\\\/\\\/zapateneo.net\\\/wordpress\\\/\",\"logo\":{\"@type\":\"ImageObject\",\"inLanguage\":\"es\",\"@id\":\"https:\\\/\\\/zapateneo.net\\\/wordpress\\\/#\\\/schema\\\/logo\\\/image\\\/\",\"url\":\"https:\\\/\\\/zapateneo.net\\\/wordpress\\\/wp-content\\\/uploads\\\/2021\\\/04\\\/zap-libu-kolec.jpg\",\"contentUrl\":\"https:\\\/\\\/zapateneo.net\\\/wordpress\\\/wp-content\\\/uploads\\\/2021\\\/04\\\/zap-libu-kolec.jpg\",\"width\":2234,\"height\":398,\"caption\":\"Zapateneo Kultur Elkartea\"},\"image\":{\"@id\":\"https:\\\/\\\/zapateneo.net\\\/wordpress\\\/#\\\/schema\\\/logo\\\/image\\\/\"},\"sameAs\":[\"https:\\\/\\\/x.com\\\/zapateneo\"]}]}<\/script>\n<!-- \/ Yoast SEO plugin. -->","yoast_head_json":{"title":"Microf\u00edsica sexista del poder [3\u00aa ed.] El caso Alc\u00e0sser y la construcci\u00f3n del terror sexual &#8212; Zapateneo","robots":{"index":"index","follow":"follow","max-snippet":"max-snippet:-1","max-image-preview":"max-image-preview:large","max-video-preview":"max-video-preview:-1"},"canonical":"https:\/\/zapateneo.net\/wordpress\/index.php\/producto\/microfisica-sexista-del-poder-3a-ed-el-caso-alcasser-y-la-construccion-del-terror-sexual\/","og_locale":"es_ES","og_type":"article","og_title":"Microf\u00edsica sexista del poder [3\u00aa ed.] El caso Alc\u00e0sser y la construcci\u00f3n del terror sexual &#8212; Zapateneo","og_description":"Nerea Barjola 9788417870256 - Virus - 2023 - 320 p\u00e1ginas \/orri.","og_url":"https:\/\/zapateneo.net\/wordpress\/index.php\/producto\/microfisica-sexista-del-poder-3a-ed-el-caso-alcasser-y-la-construccion-del-terror-sexual\/","og_site_name":"Zapateneo","article_modified_time":"2025-11-29T12:34:55+00:00","twitter_card":"summary_large_image","twitter_site":"@zapateneo","twitter_misc":{"Tiempo de lectura":"3 minutos"},"schema":{"@context":"https:\/\/schema.org","@graph":[{"@type":"WebPage","@id":"https:\/\/zapateneo.net\/wordpress\/index.php\/producto\/microfisica-sexista-del-poder-3a-ed-el-caso-alcasser-y-la-construccion-del-terror-sexual\/","url":"https:\/\/zapateneo.net\/wordpress\/index.php\/producto\/microfisica-sexista-del-poder-3a-ed-el-caso-alcasser-y-la-construccion-del-terror-sexual\/","name":"Microf\u00edsica sexista del poder [3\u00aa ed.] El caso Alc\u00e0sser y la construcci\u00f3n del terror sexual &#8212; Zapateneo","isPartOf":{"@id":"https:\/\/zapateneo.net\/wordpress\/#website"},"primaryImageOfPage":{"@id":"https:\/\/zapateneo.net\/wordpress\/index.php\/producto\/microfisica-sexista-del-poder-3a-ed-el-caso-alcasser-y-la-construccion-del-terror-sexual\/#primaryimage"},"image":{"@id":"https:\/\/zapateneo.net\/wordpress\/index.php\/producto\/microfisica-sexista-del-poder-3a-ed-el-caso-alcasser-y-la-construccion-del-terror-sexual\/#primaryimage"},"thumbnailUrl":"https:\/\/zapateneo.net\/wordpress\/wp-content\/uploads\/2025\/11\/9788417870256.jpeg","datePublished":"2025-11-29T12:34:35+00:00","dateModified":"2025-11-29T12:34:55+00:00","breadcrumb":{"@id":"https:\/\/zapateneo.net\/wordpress\/index.php\/producto\/microfisica-sexista-del-poder-3a-ed-el-caso-alcasser-y-la-construccion-del-terror-sexual\/#breadcrumb"},"inLanguage":"es","potentialAction":[{"@type":"ReadAction","target":["https:\/\/zapateneo.net\/wordpress\/index.php\/producto\/microfisica-sexista-del-poder-3a-ed-el-caso-alcasser-y-la-construccion-del-terror-sexual\/"]}]},{"@type":"ImageObject","inLanguage":"es","@id":"https:\/\/zapateneo.net\/wordpress\/index.php\/producto\/microfisica-sexista-del-poder-3a-ed-el-caso-alcasser-y-la-construccion-del-terror-sexual\/#primaryimage","url":"https:\/\/zapateneo.net\/wordpress\/wp-content\/uploads\/2025\/11\/9788417870256.jpeg","contentUrl":"https:\/\/zapateneo.net\/wordpress\/wp-content\/uploads\/2025\/11\/9788417870256.jpeg","width":184,"height":274},{"@type":"BreadcrumbList","@id":"https:\/\/zapateneo.net\/wordpress\/index.php\/producto\/microfisica-sexista-del-poder-3a-ed-el-caso-alcasser-y-la-construccion-del-terror-sexual\/#breadcrumb","itemListElement":[{"@type":"ListItem","position":1,"name":"Portada","item":"https:\/\/zapateneo.net\/wordpress\/"},{"@type":"ListItem","position":2,"name":"Tienda","item":"https:\/\/zapateneo.net\/wordpress\/"},{"@type":"ListItem","position":3,"name":"Microf\u00edsica sexista del poder [3\u00aa ed.] El caso Alc\u00e0sser y la construcci\u00f3n del terror sexual"}]},{"@type":"WebSite","@id":"https:\/\/zapateneo.net\/wordpress\/#website","url":"https:\/\/zapateneo.net\/wordpress\/","name":"Zapateneo","description":"Zapateneoaren webgunea","publisher":{"@id":"https:\/\/zapateneo.net\/wordpress\/#organization"},"potentialAction":[{"@type":"SearchAction","target":{"@type":"EntryPoint","urlTemplate":"https:\/\/zapateneo.net\/wordpress\/?s={search_term_string}"},"query-input":{"@type":"PropertyValueSpecification","valueRequired":true,"valueName":"search_term_string"}}],"inLanguage":"es"},{"@type":"Organization","@id":"https:\/\/zapateneo.net\/wordpress\/#organization","name":"Zapateneo Kultur Elkartea","url":"https:\/\/zapateneo.net\/wordpress\/","logo":{"@type":"ImageObject","inLanguage":"es","@id":"https:\/\/zapateneo.net\/wordpress\/#\/schema\/logo\/image\/","url":"https:\/\/zapateneo.net\/wordpress\/wp-content\/uploads\/2021\/04\/zap-libu-kolec.jpg","contentUrl":"https:\/\/zapateneo.net\/wordpress\/wp-content\/uploads\/2021\/04\/zap-libu-kolec.jpg","width":2234,"height":398,"caption":"Zapateneo Kultur Elkartea"},"image":{"@id":"https:\/\/zapateneo.net\/wordpress\/#\/schema\/logo\/image\/"},"sameAs":["https:\/\/x.com\/zapateneo"]}]}},"_links":{"self":[{"href":"https:\/\/zapateneo.net\/wordpress\/index.php\/wp-json\/wp\/v2\/product\/16345","targetHints":{"allow":["GET"]}}],"collection":[{"href":"https:\/\/zapateneo.net\/wordpress\/index.php\/wp-json\/wp\/v2\/product"}],"about":[{"href":"https:\/\/zapateneo.net\/wordpress\/index.php\/wp-json\/wp\/v2\/types\/product"}],"wp:featuredmedia":[{"embeddable":true,"href":"https:\/\/zapateneo.net\/wordpress\/index.php\/wp-json\/wp\/v2\/media\/16366"}],"wp:attachment":[{"href":"https:\/\/zapateneo.net\/wordpress\/index.php\/wp-json\/wp\/v2\/media?parent=16345"}],"wp:term":[{"taxonomy":"product_brand","embeddable":true,"href":"https:\/\/zapateneo.net\/wordpress\/index.php\/wp-json\/wp\/v2\/product_brand?post=16345"},{"taxonomy":"product_cat","embeddable":true,"href":"https:\/\/zapateneo.net\/wordpress\/index.php\/wp-json\/wp\/v2\/product_cat?post=16345"},{"taxonomy":"product_tag","embeddable":true,"href":"https:\/\/zapateneo.net\/wordpress\/index.php\/wp-json\/wp\/v2\/product_tag?post=16345"}],"curies":[{"name":"wp","href":"https:\/\/api.w.org\/{rel}","templated":true}]}}