{"id":16344,"date":"2025-11-29T13:34:34","date_gmt":"2025-11-29T12:34:34","guid":{"rendered":"https:\/\/zapateneo.net\/wordpress\/?post_type=product&#038;p=16344"},"modified":"2025-11-29T13:34:54","modified_gmt":"2025-11-29T12:34:54","slug":"un-verano-con-mil-julios-barcelona-entre-el-urbanismo-de-la-calle-y-la-metropoli-del-capital","status":"publish","type":"product","link":"https:\/\/zapateneo.net\/wordpress\/index.php\/producto\/un-verano-con-mil-julios-barcelona-entre-el-urbanismo-de-la-calle-y-la-metropoli-del-capital\/","title":{"rendered":"Un verano con mil julios. Barcelona, entre el urbanismo de la calle y la metr\u00f3poli del capital"},"content":{"rendered":"<p>Este es un libro maldito a la manera en la que esta \u00e9poca del dominio absoluto del mercado convierte en maldita la cr\u00edtica: sepult\u00e1ndola. Editado originalmente en 1993, hipercitado y referencia imprescindible sobre las concepciones de la ciudad, el antagonismo social y el uso del territorio urbano, fueron decisiones ajenas a su autor las que lo hicieron desaparecer de forma prematura de las librer\u00edas.<\/p>\n<p>Partiendo del conflicto social y la memoria de las clases subalternas, esta obra inaugura un enfoque de la cr\u00edtica urbana cargado de presente y de futuro. La comprensi\u00f3n del ciclo que va de la Reforma Interior del siglo XIX a la revuelta de julio de 1909, se proyecta hacia la actualidad a trav\u00e9s de la ineludible confrontaci\u00f3n entre \u00abla metr\u00f3poli del capital\u00bb y el \u00aburbanismo de la calle y en la calle\u00bb.<\/p>\n<p>A lo largo de sus p\u00e1ginas se establece una correlaci\u00f3n conflictiva entre la remodelaci\u00f3n urbana del capital y la subversi\u00f3n callejera, analizada como el espacio donde se construyen las deserciones proletarias: las pr\u00e1cticas que se oponen a la ciudad capitalista y, a la vez, tejen la ciudad construida y luchada desde abajo.<\/p>\n<p>Un verano con mil julios habla, desde un determinado posicionamiento de la historia, de los distintos relatos y de las desiguales Barcelonas que se enfrentaron (y que actualmente se siguen enfrentando) en una disputa permanente contra la requisa urbana por parte de las \u00e9lites. Habla, asimismo, de aquellos y aquellas que desafiaron el Orden reapropi\u00e1ndose de la ciudad y construyendo el espacio vivo y v\u00edvido de sus gentes.<\/p>\n<p>\u00abContra la deshistorificaci\u00f3n va este libro. La ciudad es su gente, dijeron los cl\u00e1sicos, pero no encerrada en la muerte plana bidimensional de una instant\u00e1nea. Es su gente en movimiento, hacia finalidades antag\u00f3nicas, que se plasman en la estructura f\u00edsica de la ciudad, aunque ahora, en plena posmodernidad, sea estrategia dominante el convertir esos antagonismos en un nuevo orden urbano, en el que centro y periferia marcar\u00e1n la distancia esencial entre la ciudad de los vencedores y la ciudad de los perdedores.\u00bb<br \/>\n\u2014Manuel V\u00e1zquez Montalb\u00e1n<\/p>\n<p>=========================0<\/p>\n<p>Pere L\u00f3pez S\u00e1nchez (Barcelona, 1956-2025). Inmerso desde la d\u00e9cada de 1970 en las Barcelonas rebeldes, se volc\u00f3 largo tiempo en indagar la trayectoria del pasado de las luchas sociales, un pasado salpicado de proyectos y pr\u00e1cticas de emancipaci\u00f3n que marcan la historia de esta ciudad. Fue autor de El centro hist\u00f3rico. Un lugar para el conflicto (Geo-cr\u00edtica UB, 1986), de Rastros de rostros en un prado rojo (y negro). Las Casas Baratas de Can Tunis en la revoluci\u00f3n social de los a\u00f1os treinta (Virus, 2013) y Un verano con mil julios. Barcelona, entre el urbanismo de la calle y la metr\u00f3poli del capital (Virus, 2025). Coordin\u00f3 Ensayos de agitaci\u00f3n rural. Rehabitar el campo vaciado (El Salm\u00f3n, 2022). Tambi\u00e9n, firmando o an\u00f3nimamente, escribi\u00f3 y coescribi\u00f3 textos de \u00edndole diversa y contribuy\u00f3 a obras de autor\u00eda colectiva en editoriales como Alikornio, Traficantes de Sue\u00f1os o Virus.<\/p>\n","protected":false},"excerpt":{"rendered":"<p><strong>Pere L\u00f3pez S\u00e1nchez<\/strong><br \/>\n9788417870454 &#8211; Virus &#8211; 2025 &#8211; 320 p\u00e1ginas \/orri.<\/p>\n","protected":false},"featured_media":16365,"template":"","meta":[],"product_brand":[],"product_cat":[185,16],"product_tag":[6086,57],"class_list":{"0":"post-16344","1":"product","2":"type-product","3":"status-publish","4":"has-post-thumbnail","6":"product_cat-historia","7":"product_cat-libros","8":"product_tag-pere-lopez-sanchez","9":"product_tag-virus","11":"first","12":"instock","13":"sold-individually","14":"shipping-taxable","15":"purchasable","16":"product-type-simple"},"yoast_head":"<!-- This site is optimized with the Yoast SEO plugin v27.3 - https:\/\/yoast.com\/product\/yoast-seo-wordpress\/ -->\n<title>Un verano con mil julios. Barcelona, entre el urbanismo de la calle y la metr\u00f3poli del capital &#8212; Zapateneo<\/title>\n<meta name=\"robots\" content=\"index, follow, max-snippet:-1, max-image-preview:large, max-video-preview:-1\" \/>\n<link rel=\"canonical\" href=\"https:\/\/zapateneo.net\/wordpress\/index.php\/producto\/un-verano-con-mil-julios-barcelona-entre-el-urbanismo-de-la-calle-y-la-metropoli-del-capital\/\" \/>\n<meta property=\"og:locale\" content=\"es_ES\" \/>\n<meta property=\"og:type\" content=\"article\" \/>\n<meta property=\"og:title\" content=\"Un verano con mil julios. Barcelona, entre el urbanismo de la calle y la metr\u00f3poli del capital &#8212; Zapateneo\" \/>\n<meta property=\"og:description\" content=\"Pere L\u00f3pez S\u00e1nchez 9788417870454 - Virus - 2025 - 320 p\u00e1ginas \/orri.\" \/>\n<meta property=\"og:url\" content=\"https:\/\/zapateneo.net\/wordpress\/index.php\/producto\/un-verano-con-mil-julios-barcelona-entre-el-urbanismo-de-la-calle-y-la-metropoli-del-capital\/\" \/>\n<meta property=\"og:site_name\" content=\"Zapateneo\" \/>\n<meta property=\"article:modified_time\" content=\"2025-11-29T12:34:54+00:00\" \/>\n<meta name=\"twitter:card\" content=\"summary_large_image\" \/>\n<meta name=\"twitter:site\" content=\"@zapateneo\" \/>\n<meta name=\"twitter:label1\" content=\"Tiempo de lectura\" \/>\n\t<meta name=\"twitter:data1\" content=\"3 minutos\" \/>\n<script type=\"application\/ld+json\" class=\"yoast-schema-graph\">{\"@context\":\"https:\\\/\\\/schema.org\",\"@graph\":[{\"@type\":\"WebPage\",\"@id\":\"https:\\\/\\\/zapateneo.net\\\/wordpress\\\/index.php\\\/producto\\\/un-verano-con-mil-julios-barcelona-entre-el-urbanismo-de-la-calle-y-la-metropoli-del-capital\\\/\",\"url\":\"https:\\\/\\\/zapateneo.net\\\/wordpress\\\/index.php\\\/producto\\\/un-verano-con-mil-julios-barcelona-entre-el-urbanismo-de-la-calle-y-la-metropoli-del-capital\\\/\",\"name\":\"Un verano con mil julios. Barcelona, entre el urbanismo de la calle y la metr\u00f3poli del capital &#8212; Zapateneo\",\"isPartOf\":{\"@id\":\"https:\\\/\\\/zapateneo.net\\\/wordpress\\\/#website\"},\"primaryImageOfPage\":{\"@id\":\"https:\\\/\\\/zapateneo.net\\\/wordpress\\\/index.php\\\/producto\\\/un-verano-con-mil-julios-barcelona-entre-el-urbanismo-de-la-calle-y-la-metropoli-del-capital\\\/#primaryimage\"},\"image\":{\"@id\":\"https:\\\/\\\/zapateneo.net\\\/wordpress\\\/index.php\\\/producto\\\/un-verano-con-mil-julios-barcelona-entre-el-urbanismo-de-la-calle-y-la-metropoli-del-capital\\\/#primaryimage\"},\"thumbnailUrl\":\"https:\\\/\\\/zapateneo.net\\\/wordpress\\\/wp-content\\\/uploads\\\/2025\\\/11\\\/9788417870454.jpg\",\"datePublished\":\"2025-11-29T12:34:34+00:00\",\"dateModified\":\"2025-11-29T12:34:54+00:00\",\"breadcrumb\":{\"@id\":\"https:\\\/\\\/zapateneo.net\\\/wordpress\\\/index.php\\\/producto\\\/un-verano-con-mil-julios-barcelona-entre-el-urbanismo-de-la-calle-y-la-metropoli-del-capital\\\/#breadcrumb\"},\"inLanguage\":\"es\",\"potentialAction\":[{\"@type\":\"ReadAction\",\"target\":[\"https:\\\/\\\/zapateneo.net\\\/wordpress\\\/index.php\\\/producto\\\/un-verano-con-mil-julios-barcelona-entre-el-urbanismo-de-la-calle-y-la-metropoli-del-capital\\\/\"]}]},{\"@type\":\"ImageObject\",\"inLanguage\":\"es\",\"@id\":\"https:\\\/\\\/zapateneo.net\\\/wordpress\\\/index.php\\\/producto\\\/un-verano-con-mil-julios-barcelona-entre-el-urbanismo-de-la-calle-y-la-metropoli-del-capital\\\/#primaryimage\",\"url\":\"https:\\\/\\\/zapateneo.net\\\/wordpress\\\/wp-content\\\/uploads\\\/2025\\\/11\\\/9788417870454.jpg\",\"contentUrl\":\"https:\\\/\\\/zapateneo.net\\\/wordpress\\\/wp-content\\\/uploads\\\/2025\\\/11\\\/9788417870454.jpg\",\"width\":233,\"height\":350},{\"@type\":\"BreadcrumbList\",\"@id\":\"https:\\\/\\\/zapateneo.net\\\/wordpress\\\/index.php\\\/producto\\\/un-verano-con-mil-julios-barcelona-entre-el-urbanismo-de-la-calle-y-la-metropoli-del-capital\\\/#breadcrumb\",\"itemListElement\":[{\"@type\":\"ListItem\",\"position\":1,\"name\":\"Portada\",\"item\":\"https:\\\/\\\/zapateneo.net\\\/wordpress\\\/\"},{\"@type\":\"ListItem\",\"position\":2,\"name\":\"Tienda\",\"item\":\"https:\\\/\\\/zapateneo.net\\\/wordpress\\\/\"},{\"@type\":\"ListItem\",\"position\":3,\"name\":\"Un verano con mil julios. Barcelona, entre el urbanismo de la calle y la metr\u00f3poli del capital\"}]},{\"@type\":\"WebSite\",\"@id\":\"https:\\\/\\\/zapateneo.net\\\/wordpress\\\/#website\",\"url\":\"https:\\\/\\\/zapateneo.net\\\/wordpress\\\/\",\"name\":\"Zapateneo\",\"description\":\"Zapateneoaren webgunea\",\"publisher\":{\"@id\":\"https:\\\/\\\/zapateneo.net\\\/wordpress\\\/#organization\"},\"potentialAction\":[{\"@type\":\"SearchAction\",\"target\":{\"@type\":\"EntryPoint\",\"urlTemplate\":\"https:\\\/\\\/zapateneo.net\\\/wordpress\\\/?s={search_term_string}\"},\"query-input\":{\"@type\":\"PropertyValueSpecification\",\"valueRequired\":true,\"valueName\":\"search_term_string\"}}],\"inLanguage\":\"es\"},{\"@type\":\"Organization\",\"@id\":\"https:\\\/\\\/zapateneo.net\\\/wordpress\\\/#organization\",\"name\":\"Zapateneo Kultur Elkartea\",\"url\":\"https:\\\/\\\/zapateneo.net\\\/wordpress\\\/\",\"logo\":{\"@type\":\"ImageObject\",\"inLanguage\":\"es\",\"@id\":\"https:\\\/\\\/zapateneo.net\\\/wordpress\\\/#\\\/schema\\\/logo\\\/image\\\/\",\"url\":\"https:\\\/\\\/zapateneo.net\\\/wordpress\\\/wp-content\\\/uploads\\\/2021\\\/04\\\/zap-libu-kolec.jpg\",\"contentUrl\":\"https:\\\/\\\/zapateneo.net\\\/wordpress\\\/wp-content\\\/uploads\\\/2021\\\/04\\\/zap-libu-kolec.jpg\",\"width\":2234,\"height\":398,\"caption\":\"Zapateneo Kultur Elkartea\"},\"image\":{\"@id\":\"https:\\\/\\\/zapateneo.net\\\/wordpress\\\/#\\\/schema\\\/logo\\\/image\\\/\"},\"sameAs\":[\"https:\\\/\\\/x.com\\\/zapateneo\"]}]}<\/script>\n<!-- \/ Yoast SEO plugin. -->","yoast_head_json":{"title":"Un verano con mil julios. Barcelona, entre el urbanismo de la calle y la metr\u00f3poli del capital &#8212; Zapateneo","robots":{"index":"index","follow":"follow","max-snippet":"max-snippet:-1","max-image-preview":"max-image-preview:large","max-video-preview":"max-video-preview:-1"},"canonical":"https:\/\/zapateneo.net\/wordpress\/index.php\/producto\/un-verano-con-mil-julios-barcelona-entre-el-urbanismo-de-la-calle-y-la-metropoli-del-capital\/","og_locale":"es_ES","og_type":"article","og_title":"Un verano con mil julios. Barcelona, entre el urbanismo de la calle y la metr\u00f3poli del capital &#8212; Zapateneo","og_description":"Pere L\u00f3pez S\u00e1nchez 9788417870454 - Virus - 2025 - 320 p\u00e1ginas \/orri.","og_url":"https:\/\/zapateneo.net\/wordpress\/index.php\/producto\/un-verano-con-mil-julios-barcelona-entre-el-urbanismo-de-la-calle-y-la-metropoli-del-capital\/","og_site_name":"Zapateneo","article_modified_time":"2025-11-29T12:34:54+00:00","twitter_card":"summary_large_image","twitter_site":"@zapateneo","twitter_misc":{"Tiempo de lectura":"3 minutos"},"schema":{"@context":"https:\/\/schema.org","@graph":[{"@type":"WebPage","@id":"https:\/\/zapateneo.net\/wordpress\/index.php\/producto\/un-verano-con-mil-julios-barcelona-entre-el-urbanismo-de-la-calle-y-la-metropoli-del-capital\/","url":"https:\/\/zapateneo.net\/wordpress\/index.php\/producto\/un-verano-con-mil-julios-barcelona-entre-el-urbanismo-de-la-calle-y-la-metropoli-del-capital\/","name":"Un verano con mil julios. Barcelona, entre el urbanismo de la calle y la metr\u00f3poli del capital &#8212; Zapateneo","isPartOf":{"@id":"https:\/\/zapateneo.net\/wordpress\/#website"},"primaryImageOfPage":{"@id":"https:\/\/zapateneo.net\/wordpress\/index.php\/producto\/un-verano-con-mil-julios-barcelona-entre-el-urbanismo-de-la-calle-y-la-metropoli-del-capital\/#primaryimage"},"image":{"@id":"https:\/\/zapateneo.net\/wordpress\/index.php\/producto\/un-verano-con-mil-julios-barcelona-entre-el-urbanismo-de-la-calle-y-la-metropoli-del-capital\/#primaryimage"},"thumbnailUrl":"https:\/\/zapateneo.net\/wordpress\/wp-content\/uploads\/2025\/11\/9788417870454.jpg","datePublished":"2025-11-29T12:34:34+00:00","dateModified":"2025-11-29T12:34:54+00:00","breadcrumb":{"@id":"https:\/\/zapateneo.net\/wordpress\/index.php\/producto\/un-verano-con-mil-julios-barcelona-entre-el-urbanismo-de-la-calle-y-la-metropoli-del-capital\/#breadcrumb"},"inLanguage":"es","potentialAction":[{"@type":"ReadAction","target":["https:\/\/zapateneo.net\/wordpress\/index.php\/producto\/un-verano-con-mil-julios-barcelona-entre-el-urbanismo-de-la-calle-y-la-metropoli-del-capital\/"]}]},{"@type":"ImageObject","inLanguage":"es","@id":"https:\/\/zapateneo.net\/wordpress\/index.php\/producto\/un-verano-con-mil-julios-barcelona-entre-el-urbanismo-de-la-calle-y-la-metropoli-del-capital\/#primaryimage","url":"https:\/\/zapateneo.net\/wordpress\/wp-content\/uploads\/2025\/11\/9788417870454.jpg","contentUrl":"https:\/\/zapateneo.net\/wordpress\/wp-content\/uploads\/2025\/11\/9788417870454.jpg","width":233,"height":350},{"@type":"BreadcrumbList","@id":"https:\/\/zapateneo.net\/wordpress\/index.php\/producto\/un-verano-con-mil-julios-barcelona-entre-el-urbanismo-de-la-calle-y-la-metropoli-del-capital\/#breadcrumb","itemListElement":[{"@type":"ListItem","position":1,"name":"Portada","item":"https:\/\/zapateneo.net\/wordpress\/"},{"@type":"ListItem","position":2,"name":"Tienda","item":"https:\/\/zapateneo.net\/wordpress\/"},{"@type":"ListItem","position":3,"name":"Un verano con mil julios. Barcelona, entre el urbanismo de la calle y la metr\u00f3poli del capital"}]},{"@type":"WebSite","@id":"https:\/\/zapateneo.net\/wordpress\/#website","url":"https:\/\/zapateneo.net\/wordpress\/","name":"Zapateneo","description":"Zapateneoaren webgunea","publisher":{"@id":"https:\/\/zapateneo.net\/wordpress\/#organization"},"potentialAction":[{"@type":"SearchAction","target":{"@type":"EntryPoint","urlTemplate":"https:\/\/zapateneo.net\/wordpress\/?s={search_term_string}"},"query-input":{"@type":"PropertyValueSpecification","valueRequired":true,"valueName":"search_term_string"}}],"inLanguage":"es"},{"@type":"Organization","@id":"https:\/\/zapateneo.net\/wordpress\/#organization","name":"Zapateneo Kultur Elkartea","url":"https:\/\/zapateneo.net\/wordpress\/","logo":{"@type":"ImageObject","inLanguage":"es","@id":"https:\/\/zapateneo.net\/wordpress\/#\/schema\/logo\/image\/","url":"https:\/\/zapateneo.net\/wordpress\/wp-content\/uploads\/2021\/04\/zap-libu-kolec.jpg","contentUrl":"https:\/\/zapateneo.net\/wordpress\/wp-content\/uploads\/2021\/04\/zap-libu-kolec.jpg","width":2234,"height":398,"caption":"Zapateneo Kultur Elkartea"},"image":{"@id":"https:\/\/zapateneo.net\/wordpress\/#\/schema\/logo\/image\/"},"sameAs":["https:\/\/x.com\/zapateneo"]}]}},"_links":{"self":[{"href":"https:\/\/zapateneo.net\/wordpress\/index.php\/wp-json\/wp\/v2\/product\/16344","targetHints":{"allow":["GET"]}}],"collection":[{"href":"https:\/\/zapateneo.net\/wordpress\/index.php\/wp-json\/wp\/v2\/product"}],"about":[{"href":"https:\/\/zapateneo.net\/wordpress\/index.php\/wp-json\/wp\/v2\/types\/product"}],"wp:featuredmedia":[{"embeddable":true,"href":"https:\/\/zapateneo.net\/wordpress\/index.php\/wp-json\/wp\/v2\/media\/16365"}],"wp:attachment":[{"href":"https:\/\/zapateneo.net\/wordpress\/index.php\/wp-json\/wp\/v2\/media?parent=16344"}],"wp:term":[{"taxonomy":"product_brand","embeddable":true,"href":"https:\/\/zapateneo.net\/wordpress\/index.php\/wp-json\/wp\/v2\/product_brand?post=16344"},{"taxonomy":"product_cat","embeddable":true,"href":"https:\/\/zapateneo.net\/wordpress\/index.php\/wp-json\/wp\/v2\/product_cat?post=16344"},{"taxonomy":"product_tag","embeddable":true,"href":"https:\/\/zapateneo.net\/wordpress\/index.php\/wp-json\/wp\/v2\/product_tag?post=16344"}],"curies":[{"name":"wp","href":"https:\/\/api.w.org\/{rel}","templated":true}]}}