{"id":16343,"date":"2025-11-29T13:34:33","date_gmt":"2025-11-29T12:34:33","guid":{"rendered":"https:\/\/zapateneo.net\/wordpress\/?post_type=product&#038;p=16343"},"modified":"2025-11-29T13:34:53","modified_gmt":"2025-11-29T12:34:53","slug":"la-plantacion-y-la-computadora-tres-ensayos-sobre-ia-trabajo-y-esclavitud","status":"publish","type":"product","link":"https:\/\/zapateneo.net\/wordpress\/index.php\/producto\/la-plantacion-y-la-computadora-tres-ensayos-sobre-ia-trabajo-y-esclavitud\/","title":{"rendered":"La plantaci\u00f3n y la computadora. Tres ensayos sobre IA, trabajo y esclavitud"},"content":{"rendered":"<p>Este libro es una desmitificadora cr\u00edtica de los lugares comunes que sit\u00faan a la inteligencia artificial como sujeto inevitable de nuestro futuro, y una introducci\u00f3n l\u00facida y accesible a los conflictos en torno a sus desarrollos, la legislaci\u00f3n y la concentraci\u00f3n de poder tecnol\u00f3gico.<\/p>\n<p>Partiendo de la figura del ingeniero Charles Babbage, que vincul\u00f3 los sistemas de control esclavistas del Imperio Brit\u00e1nico con el desarrollo industrial, Meredith Whittaker desmonta la separaci\u00f3n entre la esclavitud y el capitalismo industrial, y muestra los v\u00ednculos evidentes entre \u00abla computaci\u00f3n, la tecnolog\u00eda de las plantaciones y el control laboral\u00bb.<\/p>\n<p>La obra aborda, adem\u00e1s, la radical insostenibilidad de los sistemas de IA en relaci\u00f3n con su exigencia de materiales y energ\u00eda, y la intr\u00ednseca dependencia de los recursos corporativos y de las pr\u00e1cticas empresariales, que \u00abotorga un poder desmedido sobre nuestras vidas e instituciones a un pu\u00f1ado de empresas tecnol\u00f3gicas\u00bb.<\/p>\n<p>La plantaci\u00f3n y la computadora, primera selecci\u00f3n de textos de Whittaker publicada hasta ahora en cualquier idioma, es una herramienta b\u00e1sica para adentrarse en las claves cr\u00edticas y pol\u00edticas en torno a la inteligencia artificial.<\/p>\n<p>El espectro de las plantaciones que sobrevuela la computaci\u00f3n y los reg\u00edmenes de trabajo industrial tambi\u00e9n nos habla de la necesidad de revisar las condiciones del trabajo industrial \u00ablibre\u00bb, y de reconocer el controvertido proceso por el que se cre\u00f3 y se consolid\u00f3 esta categor\u00eda concreta de \u00ablibertad\u00bb. Para ello, debemos confrontar la falta de libertad negra que acecha al trabajo \u00ablibre\u00bb y volver a tejer los lazos entre la raza, el trabajo y las tecnolog\u00edas computacionales.<\/p>\n<p>============================<\/p>\n<p>Meredith Whittaker. Activista por la democratizaci\u00f3n tecnol\u00f3gica y contra la concentraci\u00f3n de poder de las grandes corporaciones, es actualmente una de las voces m\u00e1s afiladas y rigurosas sobre los modelos de desarrollo tecnol\u00f3gico dominantes. Trabajadora de Google durante trece a\u00f1os, fue una de las impulsoras del Google Walkout, la primera huelga en el seno de la corporaci\u00f3n en 2018, que exig\u00eda acabar con la desigualdad salarial, los arbitrajes forzosos y una investigaci\u00f3n integral sobre acoso sexual en la empresa. Ha sido profesora en la Universidad de Nueva York (NYU) y asesora principal sobre IA de Lina Khan (presidenta de la Comisi\u00f3n Federal de Comercio). Cofundadora de la Fundaci\u00f3n Signal y del AI Now Institute, actualmente compatibiliza su trabajo en ambas instituciones con la investigaci\u00f3n, la publicaci\u00f3n de art\u00edculos y la realizaci\u00f3n de conferencias en diferentes foros internacionales.<\/p>\n","protected":false},"excerpt":{"rendered":"<p><strong>Meredith Whittaker<\/strong><br \/>\n9788417870430 &#8211; Virus &#8211; 2025 &#8211; 192 p\u00e1ginas \/orri.<\/p>\n","protected":false},"featured_media":16364,"template":"","meta":[],"product_brand":[],"product_cat":[16,173],"product_tag":[7299,57],"class_list":{"0":"post-16343","1":"product","2":"type-product","3":"status-publish","4":"has-post-thumbnail","6":"product_cat-libros","7":"product_cat-saiakera-ensayo","8":"product_tag-meredith-whittaker","9":"product_tag-virus","11":"first","12":"instock","13":"sold-individually","14":"shipping-taxable","15":"purchasable","16":"product-type-simple"},"yoast_head":"<!-- This site is optimized with the Yoast SEO plugin v27.3 - https:\/\/yoast.com\/product\/yoast-seo-wordpress\/ -->\n<title>La plantaci\u00f3n y la computadora. Tres ensayos sobre IA, trabajo y esclavitud &#8212; Zapateneo<\/title>\n<meta name=\"robots\" content=\"index, follow, max-snippet:-1, max-image-preview:large, max-video-preview:-1\" \/>\n<link rel=\"canonical\" href=\"https:\/\/zapateneo.net\/wordpress\/index.php\/producto\/la-plantacion-y-la-computadora-tres-ensayos-sobre-ia-trabajo-y-esclavitud\/\" \/>\n<meta property=\"og:locale\" content=\"es_ES\" \/>\n<meta property=\"og:type\" content=\"article\" \/>\n<meta property=\"og:title\" content=\"La plantaci\u00f3n y la computadora. Tres ensayos sobre IA, trabajo y esclavitud &#8212; Zapateneo\" \/>\n<meta property=\"og:description\" content=\"Meredith Whittaker 9788417870430 - Virus - 2025 - 192 p\u00e1ginas \/orri.\" \/>\n<meta property=\"og:url\" content=\"https:\/\/zapateneo.net\/wordpress\/index.php\/producto\/la-plantacion-y-la-computadora-tres-ensayos-sobre-ia-trabajo-y-esclavitud\/\" \/>\n<meta property=\"og:site_name\" content=\"Zapateneo\" \/>\n<meta property=\"article:modified_time\" content=\"2025-11-29T12:34:53+00:00\" \/>\n<meta name=\"twitter:card\" content=\"summary_large_image\" \/>\n<meta name=\"twitter:site\" content=\"@zapateneo\" \/>\n<meta name=\"twitter:label1\" content=\"Tiempo de lectura\" \/>\n\t<meta name=\"twitter:data1\" content=\"2 minutos\" \/>\n<script type=\"application\/ld+json\" class=\"yoast-schema-graph\">{\"@context\":\"https:\\\/\\\/schema.org\",\"@graph\":[{\"@type\":\"WebPage\",\"@id\":\"https:\\\/\\\/zapateneo.net\\\/wordpress\\\/index.php\\\/producto\\\/la-plantacion-y-la-computadora-tres-ensayos-sobre-ia-trabajo-y-esclavitud\\\/\",\"url\":\"https:\\\/\\\/zapateneo.net\\\/wordpress\\\/index.php\\\/producto\\\/la-plantacion-y-la-computadora-tres-ensayos-sobre-ia-trabajo-y-esclavitud\\\/\",\"name\":\"La plantaci\u00f3n y la computadora. Tres ensayos sobre IA, trabajo y esclavitud &#8212; Zapateneo\",\"isPartOf\":{\"@id\":\"https:\\\/\\\/zapateneo.net\\\/wordpress\\\/#website\"},\"primaryImageOfPage\":{\"@id\":\"https:\\\/\\\/zapateneo.net\\\/wordpress\\\/index.php\\\/producto\\\/la-plantacion-y-la-computadora-tres-ensayos-sobre-ia-trabajo-y-esclavitud\\\/#primaryimage\"},\"image\":{\"@id\":\"https:\\\/\\\/zapateneo.net\\\/wordpress\\\/index.php\\\/producto\\\/la-plantacion-y-la-computadora-tres-ensayos-sobre-ia-trabajo-y-esclavitud\\\/#primaryimage\"},\"thumbnailUrl\":\"https:\\\/\\\/zapateneo.net\\\/wordpress\\\/wp-content\\\/uploads\\\/2025\\\/11\\\/9788417870430.jpg\",\"datePublished\":\"2025-11-29T12:34:33+00:00\",\"dateModified\":\"2025-11-29T12:34:53+00:00\",\"breadcrumb\":{\"@id\":\"https:\\\/\\\/zapateneo.net\\\/wordpress\\\/index.php\\\/producto\\\/la-plantacion-y-la-computadora-tres-ensayos-sobre-ia-trabajo-y-esclavitud\\\/#breadcrumb\"},\"inLanguage\":\"es\",\"potentialAction\":[{\"@type\":\"ReadAction\",\"target\":[\"https:\\\/\\\/zapateneo.net\\\/wordpress\\\/index.php\\\/producto\\\/la-plantacion-y-la-computadora-tres-ensayos-sobre-ia-trabajo-y-esclavitud\\\/\"]}]},{\"@type\":\"ImageObject\",\"inLanguage\":\"es\",\"@id\":\"https:\\\/\\\/zapateneo.net\\\/wordpress\\\/index.php\\\/producto\\\/la-plantacion-y-la-computadora-tres-ensayos-sobre-ia-trabajo-y-esclavitud\\\/#primaryimage\",\"url\":\"https:\\\/\\\/zapateneo.net\\\/wordpress\\\/wp-content\\\/uploads\\\/2025\\\/11\\\/9788417870430.jpg\",\"contentUrl\":\"https:\\\/\\\/zapateneo.net\\\/wordpress\\\/wp-content\\\/uploads\\\/2025\\\/11\\\/9788417870430.jpg\",\"width\":233,\"height\":350},{\"@type\":\"BreadcrumbList\",\"@id\":\"https:\\\/\\\/zapateneo.net\\\/wordpress\\\/index.php\\\/producto\\\/la-plantacion-y-la-computadora-tres-ensayos-sobre-ia-trabajo-y-esclavitud\\\/#breadcrumb\",\"itemListElement\":[{\"@type\":\"ListItem\",\"position\":1,\"name\":\"Portada\",\"item\":\"https:\\\/\\\/zapateneo.net\\\/wordpress\\\/\"},{\"@type\":\"ListItem\",\"position\":2,\"name\":\"Tienda\",\"item\":\"https:\\\/\\\/zapateneo.net\\\/wordpress\\\/\"},{\"@type\":\"ListItem\",\"position\":3,\"name\":\"La plantaci\u00f3n y la computadora. Tres ensayos sobre IA, trabajo y esclavitud\"}]},{\"@type\":\"WebSite\",\"@id\":\"https:\\\/\\\/zapateneo.net\\\/wordpress\\\/#website\",\"url\":\"https:\\\/\\\/zapateneo.net\\\/wordpress\\\/\",\"name\":\"Zapateneo\",\"description\":\"Zapateneoaren webgunea\",\"publisher\":{\"@id\":\"https:\\\/\\\/zapateneo.net\\\/wordpress\\\/#organization\"},\"potentialAction\":[{\"@type\":\"SearchAction\",\"target\":{\"@type\":\"EntryPoint\",\"urlTemplate\":\"https:\\\/\\\/zapateneo.net\\\/wordpress\\\/?s={search_term_string}\"},\"query-input\":{\"@type\":\"PropertyValueSpecification\",\"valueRequired\":true,\"valueName\":\"search_term_string\"}}],\"inLanguage\":\"es\"},{\"@type\":\"Organization\",\"@id\":\"https:\\\/\\\/zapateneo.net\\\/wordpress\\\/#organization\",\"name\":\"Zapateneo Kultur Elkartea\",\"url\":\"https:\\\/\\\/zapateneo.net\\\/wordpress\\\/\",\"logo\":{\"@type\":\"ImageObject\",\"inLanguage\":\"es\",\"@id\":\"https:\\\/\\\/zapateneo.net\\\/wordpress\\\/#\\\/schema\\\/logo\\\/image\\\/\",\"url\":\"https:\\\/\\\/zapateneo.net\\\/wordpress\\\/wp-content\\\/uploads\\\/2021\\\/04\\\/zap-libu-kolec.jpg\",\"contentUrl\":\"https:\\\/\\\/zapateneo.net\\\/wordpress\\\/wp-content\\\/uploads\\\/2021\\\/04\\\/zap-libu-kolec.jpg\",\"width\":2234,\"height\":398,\"caption\":\"Zapateneo Kultur Elkartea\"},\"image\":{\"@id\":\"https:\\\/\\\/zapateneo.net\\\/wordpress\\\/#\\\/schema\\\/logo\\\/image\\\/\"},\"sameAs\":[\"https:\\\/\\\/x.com\\\/zapateneo\"]}]}<\/script>\n<!-- \/ Yoast SEO plugin. -->","yoast_head_json":{"title":"La plantaci\u00f3n y la computadora. Tres ensayos sobre IA, trabajo y esclavitud &#8212; Zapateneo","robots":{"index":"index","follow":"follow","max-snippet":"max-snippet:-1","max-image-preview":"max-image-preview:large","max-video-preview":"max-video-preview:-1"},"canonical":"https:\/\/zapateneo.net\/wordpress\/index.php\/producto\/la-plantacion-y-la-computadora-tres-ensayos-sobre-ia-trabajo-y-esclavitud\/","og_locale":"es_ES","og_type":"article","og_title":"La plantaci\u00f3n y la computadora. Tres ensayos sobre IA, trabajo y esclavitud &#8212; Zapateneo","og_description":"Meredith Whittaker 9788417870430 - Virus - 2025 - 192 p\u00e1ginas \/orri.","og_url":"https:\/\/zapateneo.net\/wordpress\/index.php\/producto\/la-plantacion-y-la-computadora-tres-ensayos-sobre-ia-trabajo-y-esclavitud\/","og_site_name":"Zapateneo","article_modified_time":"2025-11-29T12:34:53+00:00","twitter_card":"summary_large_image","twitter_site":"@zapateneo","twitter_misc":{"Tiempo de lectura":"2 minutos"},"schema":{"@context":"https:\/\/schema.org","@graph":[{"@type":"WebPage","@id":"https:\/\/zapateneo.net\/wordpress\/index.php\/producto\/la-plantacion-y-la-computadora-tres-ensayos-sobre-ia-trabajo-y-esclavitud\/","url":"https:\/\/zapateneo.net\/wordpress\/index.php\/producto\/la-plantacion-y-la-computadora-tres-ensayos-sobre-ia-trabajo-y-esclavitud\/","name":"La plantaci\u00f3n y la computadora. Tres ensayos sobre IA, trabajo y esclavitud &#8212; Zapateneo","isPartOf":{"@id":"https:\/\/zapateneo.net\/wordpress\/#website"},"primaryImageOfPage":{"@id":"https:\/\/zapateneo.net\/wordpress\/index.php\/producto\/la-plantacion-y-la-computadora-tres-ensayos-sobre-ia-trabajo-y-esclavitud\/#primaryimage"},"image":{"@id":"https:\/\/zapateneo.net\/wordpress\/index.php\/producto\/la-plantacion-y-la-computadora-tres-ensayos-sobre-ia-trabajo-y-esclavitud\/#primaryimage"},"thumbnailUrl":"https:\/\/zapateneo.net\/wordpress\/wp-content\/uploads\/2025\/11\/9788417870430.jpg","datePublished":"2025-11-29T12:34:33+00:00","dateModified":"2025-11-29T12:34:53+00:00","breadcrumb":{"@id":"https:\/\/zapateneo.net\/wordpress\/index.php\/producto\/la-plantacion-y-la-computadora-tres-ensayos-sobre-ia-trabajo-y-esclavitud\/#breadcrumb"},"inLanguage":"es","potentialAction":[{"@type":"ReadAction","target":["https:\/\/zapateneo.net\/wordpress\/index.php\/producto\/la-plantacion-y-la-computadora-tres-ensayos-sobre-ia-trabajo-y-esclavitud\/"]}]},{"@type":"ImageObject","inLanguage":"es","@id":"https:\/\/zapateneo.net\/wordpress\/index.php\/producto\/la-plantacion-y-la-computadora-tres-ensayos-sobre-ia-trabajo-y-esclavitud\/#primaryimage","url":"https:\/\/zapateneo.net\/wordpress\/wp-content\/uploads\/2025\/11\/9788417870430.jpg","contentUrl":"https:\/\/zapateneo.net\/wordpress\/wp-content\/uploads\/2025\/11\/9788417870430.jpg","width":233,"height":350},{"@type":"BreadcrumbList","@id":"https:\/\/zapateneo.net\/wordpress\/index.php\/producto\/la-plantacion-y-la-computadora-tres-ensayos-sobre-ia-trabajo-y-esclavitud\/#breadcrumb","itemListElement":[{"@type":"ListItem","position":1,"name":"Portada","item":"https:\/\/zapateneo.net\/wordpress\/"},{"@type":"ListItem","position":2,"name":"Tienda","item":"https:\/\/zapateneo.net\/wordpress\/"},{"@type":"ListItem","position":3,"name":"La plantaci\u00f3n y la computadora. Tres ensayos sobre IA, trabajo y esclavitud"}]},{"@type":"WebSite","@id":"https:\/\/zapateneo.net\/wordpress\/#website","url":"https:\/\/zapateneo.net\/wordpress\/","name":"Zapateneo","description":"Zapateneoaren webgunea","publisher":{"@id":"https:\/\/zapateneo.net\/wordpress\/#organization"},"potentialAction":[{"@type":"SearchAction","target":{"@type":"EntryPoint","urlTemplate":"https:\/\/zapateneo.net\/wordpress\/?s={search_term_string}"},"query-input":{"@type":"PropertyValueSpecification","valueRequired":true,"valueName":"search_term_string"}}],"inLanguage":"es"},{"@type":"Organization","@id":"https:\/\/zapateneo.net\/wordpress\/#organization","name":"Zapateneo Kultur Elkartea","url":"https:\/\/zapateneo.net\/wordpress\/","logo":{"@type":"ImageObject","inLanguage":"es","@id":"https:\/\/zapateneo.net\/wordpress\/#\/schema\/logo\/image\/","url":"https:\/\/zapateneo.net\/wordpress\/wp-content\/uploads\/2021\/04\/zap-libu-kolec.jpg","contentUrl":"https:\/\/zapateneo.net\/wordpress\/wp-content\/uploads\/2021\/04\/zap-libu-kolec.jpg","width":2234,"height":398,"caption":"Zapateneo Kultur Elkartea"},"image":{"@id":"https:\/\/zapateneo.net\/wordpress\/#\/schema\/logo\/image\/"},"sameAs":["https:\/\/x.com\/zapateneo"]}]}},"_links":{"self":[{"href":"https:\/\/zapateneo.net\/wordpress\/index.php\/wp-json\/wp\/v2\/product\/16343","targetHints":{"allow":["GET"]}}],"collection":[{"href":"https:\/\/zapateneo.net\/wordpress\/index.php\/wp-json\/wp\/v2\/product"}],"about":[{"href":"https:\/\/zapateneo.net\/wordpress\/index.php\/wp-json\/wp\/v2\/types\/product"}],"wp:featuredmedia":[{"embeddable":true,"href":"https:\/\/zapateneo.net\/wordpress\/index.php\/wp-json\/wp\/v2\/media\/16364"}],"wp:attachment":[{"href":"https:\/\/zapateneo.net\/wordpress\/index.php\/wp-json\/wp\/v2\/media?parent=16343"}],"wp:term":[{"taxonomy":"product_brand","embeddable":true,"href":"https:\/\/zapateneo.net\/wordpress\/index.php\/wp-json\/wp\/v2\/product_brand?post=16343"},{"taxonomy":"product_cat","embeddable":true,"href":"https:\/\/zapateneo.net\/wordpress\/index.php\/wp-json\/wp\/v2\/product_cat?post=16343"},{"taxonomy":"product_tag","embeddable":true,"href":"https:\/\/zapateneo.net\/wordpress\/index.php\/wp-json\/wp\/v2\/product_tag?post=16343"}],"curies":[{"name":"wp","href":"https:\/\/api.w.org\/{rel}","templated":true}]}}