{"id":16342,"date":"2025-11-29T13:34:32","date_gmt":"2025-11-29T12:34:32","guid":{"rendered":"https:\/\/zapateneo.net\/wordpress\/?post_type=product&#038;p=16342"},"modified":"2025-11-29T13:34:52","modified_gmt":"2025-11-29T12:34:52","slug":"la-ilusion-occidental-de-la-naturaleza-humana","status":"publish","type":"product","link":"https:\/\/zapateneo.net\/wordpress\/index.php\/producto\/la-ilusion-occidental-de-la-naturaleza-humana\/","title":{"rendered":"La ilusi\u00f3n occidental de la naturaleza humana"},"content":{"rendered":"<p>Como plantea Marshall Sahlins en alg\u00fan punto, La ilusi\u00f3n occidental de la naturaleza humana es la aclaraci\u00f3n de \u00abun gran error\u00bb que afecta a toda la historia occidental: la separaci\u00f3n entre naturaleza y cultura, que ha condicionado nuestra idea del mundo, de la humanidad y nuestros modelos de sociedad.<\/p>\n<p>La coartada sobre la \u00abnaturaleza animal\u00bb del ser humano ha servido para establecer formas de gobierno o jerarqu\u00edas sociales que han justificado el miedo y la violencia como base de los sistemas de gobierno, o las segregaciones mujer\/hombre o sociedad civilizada\/sociedad salvaje.<\/p>\n<p>Pero si durante siglos la filosof\u00eda y las ciencias sociales han sostenido la idea de una maldad humana esencial (o su contrario: el buen salvaje rusoniano), eso ha sufrido un giro. El ego\u00edsmo innato que antes hab\u00eda que embridar se considera hoy como algo bueno por ser \u00abnatural\u00bb: la naturaleza humana justifica as\u00ed la individualidad neoliberal.<\/p>\n<p>Frente a ello, Marshall Sahlins desarma y desnuda toda esta construcci\u00f3n hist\u00f3rica, planteando una pregunta que habr\u00eda estado delante de nuestras narices durante siglos: \u00bfla \u00fanica naturaleza humana no ser\u00e1 precisamente la cultura en toda su diversidad de formas sociales, hist\u00f3ricas y antropol\u00f3gicas?<\/p>\n<p>Cuando en el famoso \u00abDi\u00e1logo de los melios\u00bb de Tuc\u00eddides los atenienses invocan la misma ley del m\u00e1s fuerte, uno podr\u00eda pensar que eso que llamamos \u00abnaturaleza humana\u00bb ya hab\u00eda alcanzado su funci\u00f3n occidental moderna como excusa para pr\u00e1cticas culturales \u00e9ticamente problem\u00e1ticas: la subordinaci\u00f3n de la mujer, la monogamia en serie o la pasi\u00f3n por el dinero.<\/p>\n<p>==============<\/p>\n<p>Marshall Sahlins (1930-2021). Hijo de una familia jud\u00eda rusa migrada a Estados Unidos, se cuenta que su madre, admiradora de Emma Goldman, hab\u00eda sido activista pol\u00edtica desde muy joven. Acad\u00e9mico, activista y editor, buena parte del trabajo de Sahlins ha girado en torno a la preocupaci\u00f3n sobre la relaci\u00f3n entre estructura y agencia, y la cr\u00edtica de las teor\u00edas simplificadoras sobre el papel de la biolog\u00eda y la econom\u00eda en las relaciones humanas. Su trabajo etnogr\u00e1fico se desarroll\u00f3 sobre todo en el Pac\u00edfico, en particular en la isla de Moala (Fiyi) y en Hawai. Muy influido por Karl Polanyi, su obra Econom\u00eda de la edad de piedra (Akal, 1987) es una de las obras de referencia de la teor\u00eda econ\u00f3mica sustantivista. Tambi\u00e9n es autor de Uso y abuso de la biolog\u00eda (Siglo XXI, 1990) y Cultura y raz\u00f3n pr\u00e1ctica (Gedisa, 2017), adem\u00e1s de La ilusi\u00f3n occidental de la naturaleza humana (Virus, 2025).<\/p>\n","protected":false},"excerpt":{"rendered":"<p><strong>Marshall Sahlins<\/strong><br \/>\n9788417870447 &#8211; Virus &#8211; 2025 &#8211; 192 p\u00e1ginas \/orri.<\/p>\n","protected":false},"featured_media":16363,"template":"","meta":[],"product_brand":[],"product_cat":[16,173],"product_tag":[5248,57],"class_list":{"0":"post-16342","1":"product","2":"type-product","3":"status-publish","4":"has-post-thumbnail","6":"product_cat-libros","7":"product_cat-saiakera-ensayo","8":"product_tag-marshall-sahlins","9":"product_tag-virus","11":"first","12":"instock","13":"sold-individually","14":"shipping-taxable","15":"purchasable","16":"product-type-simple"},"yoast_head":"<!-- This site is optimized with the Yoast SEO plugin v27.3 - https:\/\/yoast.com\/product\/yoast-seo-wordpress\/ -->\n<title>La ilusi\u00f3n occidental de la naturaleza humana &#8212; Zapateneo<\/title>\n<meta name=\"robots\" content=\"index, follow, max-snippet:-1, max-image-preview:large, max-video-preview:-1\" \/>\n<link rel=\"canonical\" href=\"https:\/\/zapateneo.net\/wordpress\/index.php\/producto\/la-ilusion-occidental-de-la-naturaleza-humana\/\" \/>\n<meta property=\"og:locale\" content=\"es_ES\" \/>\n<meta property=\"og:type\" content=\"article\" \/>\n<meta property=\"og:title\" content=\"La ilusi\u00f3n occidental de la naturaleza humana &#8212; Zapateneo\" \/>\n<meta property=\"og:description\" content=\"Marshall Sahlins 9788417870447 - Virus - 2025 - 192 p\u00e1ginas \/orri.\" \/>\n<meta property=\"og:url\" content=\"https:\/\/zapateneo.net\/wordpress\/index.php\/producto\/la-ilusion-occidental-de-la-naturaleza-humana\/\" \/>\n<meta property=\"og:site_name\" content=\"Zapateneo\" \/>\n<meta property=\"article:modified_time\" content=\"2025-11-29T12:34:52+00:00\" \/>\n<meta name=\"twitter:card\" content=\"summary_large_image\" \/>\n<meta name=\"twitter:site\" content=\"@zapateneo\" \/>\n<meta name=\"twitter:label1\" content=\"Tiempo de lectura\" \/>\n\t<meta name=\"twitter:data1\" content=\"2 minutos\" \/>\n<script type=\"application\/ld+json\" class=\"yoast-schema-graph\">{\"@context\":\"https:\\\/\\\/schema.org\",\"@graph\":[{\"@type\":\"WebPage\",\"@id\":\"https:\\\/\\\/zapateneo.net\\\/wordpress\\\/index.php\\\/producto\\\/la-ilusion-occidental-de-la-naturaleza-humana\\\/\",\"url\":\"https:\\\/\\\/zapateneo.net\\\/wordpress\\\/index.php\\\/producto\\\/la-ilusion-occidental-de-la-naturaleza-humana\\\/\",\"name\":\"La ilusi\u00f3n occidental de la naturaleza humana &#8212; Zapateneo\",\"isPartOf\":{\"@id\":\"https:\\\/\\\/zapateneo.net\\\/wordpress\\\/#website\"},\"primaryImageOfPage\":{\"@id\":\"https:\\\/\\\/zapateneo.net\\\/wordpress\\\/index.php\\\/producto\\\/la-ilusion-occidental-de-la-naturaleza-humana\\\/#primaryimage\"},\"image\":{\"@id\":\"https:\\\/\\\/zapateneo.net\\\/wordpress\\\/index.php\\\/producto\\\/la-ilusion-occidental-de-la-naturaleza-humana\\\/#primaryimage\"},\"thumbnailUrl\":\"https:\\\/\\\/zapateneo.net\\\/wordpress\\\/wp-content\\\/uploads\\\/2025\\\/11\\\/9788417870447.jpg\",\"datePublished\":\"2025-11-29T12:34:32+00:00\",\"dateModified\":\"2025-11-29T12:34:52+00:00\",\"breadcrumb\":{\"@id\":\"https:\\\/\\\/zapateneo.net\\\/wordpress\\\/index.php\\\/producto\\\/la-ilusion-occidental-de-la-naturaleza-humana\\\/#breadcrumb\"},\"inLanguage\":\"es\",\"potentialAction\":[{\"@type\":\"ReadAction\",\"target\":[\"https:\\\/\\\/zapateneo.net\\\/wordpress\\\/index.php\\\/producto\\\/la-ilusion-occidental-de-la-naturaleza-humana\\\/\"]}]},{\"@type\":\"ImageObject\",\"inLanguage\":\"es\",\"@id\":\"https:\\\/\\\/zapateneo.net\\\/wordpress\\\/index.php\\\/producto\\\/la-ilusion-occidental-de-la-naturaleza-humana\\\/#primaryimage\",\"url\":\"https:\\\/\\\/zapateneo.net\\\/wordpress\\\/wp-content\\\/uploads\\\/2025\\\/11\\\/9788417870447.jpg\",\"contentUrl\":\"https:\\\/\\\/zapateneo.net\\\/wordpress\\\/wp-content\\\/uploads\\\/2025\\\/11\\\/9788417870447.jpg\",\"width\":233,\"height\":350},{\"@type\":\"BreadcrumbList\",\"@id\":\"https:\\\/\\\/zapateneo.net\\\/wordpress\\\/index.php\\\/producto\\\/la-ilusion-occidental-de-la-naturaleza-humana\\\/#breadcrumb\",\"itemListElement\":[{\"@type\":\"ListItem\",\"position\":1,\"name\":\"Portada\",\"item\":\"https:\\\/\\\/zapateneo.net\\\/wordpress\\\/\"},{\"@type\":\"ListItem\",\"position\":2,\"name\":\"Tienda\",\"item\":\"https:\\\/\\\/zapateneo.net\\\/wordpress\\\/\"},{\"@type\":\"ListItem\",\"position\":3,\"name\":\"La ilusi\u00f3n occidental de la naturaleza humana\"}]},{\"@type\":\"WebSite\",\"@id\":\"https:\\\/\\\/zapateneo.net\\\/wordpress\\\/#website\",\"url\":\"https:\\\/\\\/zapateneo.net\\\/wordpress\\\/\",\"name\":\"Zapateneo\",\"description\":\"Zapateneoaren webgunea\",\"publisher\":{\"@id\":\"https:\\\/\\\/zapateneo.net\\\/wordpress\\\/#organization\"},\"potentialAction\":[{\"@type\":\"SearchAction\",\"target\":{\"@type\":\"EntryPoint\",\"urlTemplate\":\"https:\\\/\\\/zapateneo.net\\\/wordpress\\\/?s={search_term_string}\"},\"query-input\":{\"@type\":\"PropertyValueSpecification\",\"valueRequired\":true,\"valueName\":\"search_term_string\"}}],\"inLanguage\":\"es\"},{\"@type\":\"Organization\",\"@id\":\"https:\\\/\\\/zapateneo.net\\\/wordpress\\\/#organization\",\"name\":\"Zapateneo Kultur Elkartea\",\"url\":\"https:\\\/\\\/zapateneo.net\\\/wordpress\\\/\",\"logo\":{\"@type\":\"ImageObject\",\"inLanguage\":\"es\",\"@id\":\"https:\\\/\\\/zapateneo.net\\\/wordpress\\\/#\\\/schema\\\/logo\\\/image\\\/\",\"url\":\"https:\\\/\\\/zapateneo.net\\\/wordpress\\\/wp-content\\\/uploads\\\/2021\\\/04\\\/zap-libu-kolec.jpg\",\"contentUrl\":\"https:\\\/\\\/zapateneo.net\\\/wordpress\\\/wp-content\\\/uploads\\\/2021\\\/04\\\/zap-libu-kolec.jpg\",\"width\":2234,\"height\":398,\"caption\":\"Zapateneo Kultur Elkartea\"},\"image\":{\"@id\":\"https:\\\/\\\/zapateneo.net\\\/wordpress\\\/#\\\/schema\\\/logo\\\/image\\\/\"},\"sameAs\":[\"https:\\\/\\\/x.com\\\/zapateneo\"]}]}<\/script>\n<!-- \/ Yoast SEO plugin. -->","yoast_head_json":{"title":"La ilusi\u00f3n occidental de la naturaleza humana &#8212; Zapateneo","robots":{"index":"index","follow":"follow","max-snippet":"max-snippet:-1","max-image-preview":"max-image-preview:large","max-video-preview":"max-video-preview:-1"},"canonical":"https:\/\/zapateneo.net\/wordpress\/index.php\/producto\/la-ilusion-occidental-de-la-naturaleza-humana\/","og_locale":"es_ES","og_type":"article","og_title":"La ilusi\u00f3n occidental de la naturaleza humana &#8212; Zapateneo","og_description":"Marshall Sahlins 9788417870447 - Virus - 2025 - 192 p\u00e1ginas \/orri.","og_url":"https:\/\/zapateneo.net\/wordpress\/index.php\/producto\/la-ilusion-occidental-de-la-naturaleza-humana\/","og_site_name":"Zapateneo","article_modified_time":"2025-11-29T12:34:52+00:00","twitter_card":"summary_large_image","twitter_site":"@zapateneo","twitter_misc":{"Tiempo de lectura":"2 minutos"},"schema":{"@context":"https:\/\/schema.org","@graph":[{"@type":"WebPage","@id":"https:\/\/zapateneo.net\/wordpress\/index.php\/producto\/la-ilusion-occidental-de-la-naturaleza-humana\/","url":"https:\/\/zapateneo.net\/wordpress\/index.php\/producto\/la-ilusion-occidental-de-la-naturaleza-humana\/","name":"La ilusi\u00f3n occidental de la naturaleza humana &#8212; Zapateneo","isPartOf":{"@id":"https:\/\/zapateneo.net\/wordpress\/#website"},"primaryImageOfPage":{"@id":"https:\/\/zapateneo.net\/wordpress\/index.php\/producto\/la-ilusion-occidental-de-la-naturaleza-humana\/#primaryimage"},"image":{"@id":"https:\/\/zapateneo.net\/wordpress\/index.php\/producto\/la-ilusion-occidental-de-la-naturaleza-humana\/#primaryimage"},"thumbnailUrl":"https:\/\/zapateneo.net\/wordpress\/wp-content\/uploads\/2025\/11\/9788417870447.jpg","datePublished":"2025-11-29T12:34:32+00:00","dateModified":"2025-11-29T12:34:52+00:00","breadcrumb":{"@id":"https:\/\/zapateneo.net\/wordpress\/index.php\/producto\/la-ilusion-occidental-de-la-naturaleza-humana\/#breadcrumb"},"inLanguage":"es","potentialAction":[{"@type":"ReadAction","target":["https:\/\/zapateneo.net\/wordpress\/index.php\/producto\/la-ilusion-occidental-de-la-naturaleza-humana\/"]}]},{"@type":"ImageObject","inLanguage":"es","@id":"https:\/\/zapateneo.net\/wordpress\/index.php\/producto\/la-ilusion-occidental-de-la-naturaleza-humana\/#primaryimage","url":"https:\/\/zapateneo.net\/wordpress\/wp-content\/uploads\/2025\/11\/9788417870447.jpg","contentUrl":"https:\/\/zapateneo.net\/wordpress\/wp-content\/uploads\/2025\/11\/9788417870447.jpg","width":233,"height":350},{"@type":"BreadcrumbList","@id":"https:\/\/zapateneo.net\/wordpress\/index.php\/producto\/la-ilusion-occidental-de-la-naturaleza-humana\/#breadcrumb","itemListElement":[{"@type":"ListItem","position":1,"name":"Portada","item":"https:\/\/zapateneo.net\/wordpress\/"},{"@type":"ListItem","position":2,"name":"Tienda","item":"https:\/\/zapateneo.net\/wordpress\/"},{"@type":"ListItem","position":3,"name":"La ilusi\u00f3n occidental de la naturaleza humana"}]},{"@type":"WebSite","@id":"https:\/\/zapateneo.net\/wordpress\/#website","url":"https:\/\/zapateneo.net\/wordpress\/","name":"Zapateneo","description":"Zapateneoaren webgunea","publisher":{"@id":"https:\/\/zapateneo.net\/wordpress\/#organization"},"potentialAction":[{"@type":"SearchAction","target":{"@type":"EntryPoint","urlTemplate":"https:\/\/zapateneo.net\/wordpress\/?s={search_term_string}"},"query-input":{"@type":"PropertyValueSpecification","valueRequired":true,"valueName":"search_term_string"}}],"inLanguage":"es"},{"@type":"Organization","@id":"https:\/\/zapateneo.net\/wordpress\/#organization","name":"Zapateneo Kultur Elkartea","url":"https:\/\/zapateneo.net\/wordpress\/","logo":{"@type":"ImageObject","inLanguage":"es","@id":"https:\/\/zapateneo.net\/wordpress\/#\/schema\/logo\/image\/","url":"https:\/\/zapateneo.net\/wordpress\/wp-content\/uploads\/2021\/04\/zap-libu-kolec.jpg","contentUrl":"https:\/\/zapateneo.net\/wordpress\/wp-content\/uploads\/2021\/04\/zap-libu-kolec.jpg","width":2234,"height":398,"caption":"Zapateneo Kultur Elkartea"},"image":{"@id":"https:\/\/zapateneo.net\/wordpress\/#\/schema\/logo\/image\/"},"sameAs":["https:\/\/x.com\/zapateneo"]}]}},"_links":{"self":[{"href":"https:\/\/zapateneo.net\/wordpress\/index.php\/wp-json\/wp\/v2\/product\/16342","targetHints":{"allow":["GET"]}}],"collection":[{"href":"https:\/\/zapateneo.net\/wordpress\/index.php\/wp-json\/wp\/v2\/product"}],"about":[{"href":"https:\/\/zapateneo.net\/wordpress\/index.php\/wp-json\/wp\/v2\/types\/product"}],"wp:featuredmedia":[{"embeddable":true,"href":"https:\/\/zapateneo.net\/wordpress\/index.php\/wp-json\/wp\/v2\/media\/16363"}],"wp:attachment":[{"href":"https:\/\/zapateneo.net\/wordpress\/index.php\/wp-json\/wp\/v2\/media?parent=16342"}],"wp:term":[{"taxonomy":"product_brand","embeddable":true,"href":"https:\/\/zapateneo.net\/wordpress\/index.php\/wp-json\/wp\/v2\/product_brand?post=16342"},{"taxonomy":"product_cat","embeddable":true,"href":"https:\/\/zapateneo.net\/wordpress\/index.php\/wp-json\/wp\/v2\/product_cat?post=16342"},{"taxonomy":"product_tag","embeddable":true,"href":"https:\/\/zapateneo.net\/wordpress\/index.php\/wp-json\/wp\/v2\/product_tag?post=16342"}],"curies":[{"name":"wp","href":"https:\/\/api.w.org\/{rel}","templated":true}]}}