{"id":16340,"date":"2025-11-29T13:34:31","date_gmt":"2025-11-29T12:34:31","guid":{"rendered":"https:\/\/zapateneo.net\/wordpress\/?post_type=product&#038;p=16340"},"modified":"2025-11-29T13:34:50","modified_gmt":"2025-11-29T12:34:50","slug":"acompanar-es-politico-ensayo-transfeminista-sobre-la-situacion-de-calle","status":"publish","type":"product","link":"https:\/\/zapateneo.net\/wordpress\/index.php\/producto\/acompanar-es-politico-ensayo-transfeminista-sobre-la-situacion-de-calle\/","title":{"rendered":"Acompa\u00f1ar es pol\u00edtico. Ensayo transfeminista sobre la situaci\u00f3n de calle"},"content":{"rendered":"<p>Si uno de los retos m\u00e1s importantes de los movimientos es la articulaci\u00f3n de teor\u00eda y pr\u00e1ctica como componentes de una acci\u00f3n pol\u00edtica efectiva, este texto ha de ser una referencia en este sentido.<\/p>\n<p>Este libro surge de una d\u00e9cada de experiencia militante, la del colectivo No Tan Distintes en la organizaci\u00f3n con personas en situaci\u00f3n de calle, un territorio poco transitado como \u00e1mbito desde el que pensar pol\u00edticamente. Pero en Acompa\u00f1ar es pol\u00edtico, la militancia cotidiana con mujeres, trans, travestis, trabajadoras sexuales o consumidoras de droga se convierte en una propuesta te\u00f3rica y pol\u00edtica que impulsa a pensar la realidad concreta de las militancias. Flor Montes hace que el ritmo de la calle y de las vidas en la calle salpique las nociones elaboradas por Judith Butler, Michel Foucault o Sara Ahmed, transform\u00e1ndolas en pensamiento vivo.<\/p>\n<p>Aqu\u00ed las herramientas te\u00f3ricas conciben la acci\u00f3n pol\u00edtica no desde principios est\u00e1ticos, sino desde la capacidad de relacionarse y afrontar realidades vitales complejas. Una perspectiva transfeminista cuyo alcance para repensar la acci\u00f3n y la militancia es extrapolable a \u00e1mbitos como las luchas de migrantes o por la vivienda, en las que la organizaci\u00f3n de comunidades vulnerabilizadas requiere instrumentos s\u00f3lidos y a la vez flexibles capaces de generar formas de luchar acompa\u00f1ando y acompa\u00f1ar luchando.<\/p>\n<p>Un acompa\u00f1amiento transfeminista implica admitir que, mientras se acompa\u00f1a, se lucha. Se lucha acompa\u00f1ando a la otra. Luchar implica poner el cuerpo, vincular desde el afecto, componer un apoyo, registrar el deseo, amortiguar la violencia, respetar el proceso, sostener en el tiempo, consolidar una \u00e9tica y construir un c\u00f3digo. Como lo personal es pol\u00edtico, involucrarse personalmente es parte de la militancia (micro)pol\u00edtica.<\/p>\n<p>====================<\/p>\n<p>Florencia (Flor) Montes Paez (Ciudad de Buenos Aires, 1989) Polit\u00f3loga y especialista en filosof\u00eda pol\u00edtica, en el 2011 fue una de las fundadoras, en Buenos Aires, de No Tan Distintes \u2013 Mujeres y disidencias en situaci\u00f3n de calle. Este colectivo ha sostenido, en su recorrido desde entonces, proyectos de casas colectivas, la formaci\u00f3n en acompa\u00f1amientos transfeministas, integrales y populares, y un espacio de memoria, reparaci\u00f3n y justicia para las distintas realidades de violencia de las mujeres que han formado parte de \u00e9l. Entre 2015 y 2018 el colectivo se hizo cargo de la gesti\u00f3n de Frida, el primer centro de integraci\u00f3n en Argentina para mujeres cis, personas trans, travestis y lesbianas en situaci\u00f3n de calle. El conjunto de esta experiencia es la base para la propuesta te\u00f3rica y pol\u00edtica de Acompa\u00f1ar es pol\u00edtico (Virus, 2025).<\/p>\n","protected":false},"excerpt":{"rendered":"<p><strong>Florencia Montes Paez<\/strong><br \/>\n9788417870492 &#8211; Virus &#8211; 2025 &#8211; 160 p\u00e1ginas \/orri.<\/p>\n","protected":false},"featured_media":16361,"template":"","meta":[],"product_brand":[],"product_cat":[174,16],"product_tag":[7298,57],"class_list":{"0":"post-16340","1":"product","2":"type-product","3":"status-publish","4":"has-post-thumbnail","6":"product_cat-generoak-generos","7":"product_cat-libros","8":"product_tag-florencia-montes-paez","9":"product_tag-virus","11":"first","12":"instock","13":"sold-individually","14":"shipping-taxable","15":"purchasable","16":"product-type-simple"},"yoast_head":"<!-- This site is optimized with the Yoast SEO plugin v27.3 - https:\/\/yoast.com\/product\/yoast-seo-wordpress\/ -->\n<title>Acompa\u00f1ar es pol\u00edtico. Ensayo transfeminista sobre la situaci\u00f3n de calle &#8212; Zapateneo<\/title>\n<meta name=\"robots\" content=\"index, follow, max-snippet:-1, max-image-preview:large, max-video-preview:-1\" \/>\n<link rel=\"canonical\" href=\"https:\/\/zapateneo.net\/wordpress\/index.php\/producto\/acompanar-es-politico-ensayo-transfeminista-sobre-la-situacion-de-calle\/\" \/>\n<meta property=\"og:locale\" content=\"es_ES\" \/>\n<meta property=\"og:type\" content=\"article\" \/>\n<meta property=\"og:title\" content=\"Acompa\u00f1ar es pol\u00edtico. Ensayo transfeminista sobre la situaci\u00f3n de calle &#8212; Zapateneo\" \/>\n<meta property=\"og:description\" content=\"Florencia Montes Paez 9788417870492 - Virus - 2025 - 160 p\u00e1ginas \/orri.\" \/>\n<meta property=\"og:url\" content=\"https:\/\/zapateneo.net\/wordpress\/index.php\/producto\/acompanar-es-politico-ensayo-transfeminista-sobre-la-situacion-de-calle\/\" \/>\n<meta property=\"og:site_name\" content=\"Zapateneo\" \/>\n<meta property=\"article:modified_time\" content=\"2025-11-29T12:34:50+00:00\" \/>\n<meta name=\"twitter:card\" content=\"summary_large_image\" \/>\n<meta name=\"twitter:site\" content=\"@zapateneo\" \/>\n<meta name=\"twitter:label1\" content=\"Tiempo de lectura\" \/>\n\t<meta name=\"twitter:data1\" content=\"2 minutos\" \/>\n<script type=\"application\/ld+json\" class=\"yoast-schema-graph\">{\"@context\":\"https:\\\/\\\/schema.org\",\"@graph\":[{\"@type\":\"WebPage\",\"@id\":\"https:\\\/\\\/zapateneo.net\\\/wordpress\\\/index.php\\\/producto\\\/acompanar-es-politico-ensayo-transfeminista-sobre-la-situacion-de-calle\\\/\",\"url\":\"https:\\\/\\\/zapateneo.net\\\/wordpress\\\/index.php\\\/producto\\\/acompanar-es-politico-ensayo-transfeminista-sobre-la-situacion-de-calle\\\/\",\"name\":\"Acompa\u00f1ar es pol\u00edtico. Ensayo transfeminista sobre la situaci\u00f3n de calle &#8212; Zapateneo\",\"isPartOf\":{\"@id\":\"https:\\\/\\\/zapateneo.net\\\/wordpress\\\/#website\"},\"primaryImageOfPage\":{\"@id\":\"https:\\\/\\\/zapateneo.net\\\/wordpress\\\/index.php\\\/producto\\\/acompanar-es-politico-ensayo-transfeminista-sobre-la-situacion-de-calle\\\/#primaryimage\"},\"image\":{\"@id\":\"https:\\\/\\\/zapateneo.net\\\/wordpress\\\/index.php\\\/producto\\\/acompanar-es-politico-ensayo-transfeminista-sobre-la-situacion-de-calle\\\/#primaryimage\"},\"thumbnailUrl\":\"https:\\\/\\\/zapateneo.net\\\/wordpress\\\/wp-content\\\/uploads\\\/2025\\\/11\\\/9788417870492.jpg\",\"datePublished\":\"2025-11-29T12:34:31+00:00\",\"dateModified\":\"2025-11-29T12:34:50+00:00\",\"breadcrumb\":{\"@id\":\"https:\\\/\\\/zapateneo.net\\\/wordpress\\\/index.php\\\/producto\\\/acompanar-es-politico-ensayo-transfeminista-sobre-la-situacion-de-calle\\\/#breadcrumb\"},\"inLanguage\":\"es\",\"potentialAction\":[{\"@type\":\"ReadAction\",\"target\":[\"https:\\\/\\\/zapateneo.net\\\/wordpress\\\/index.php\\\/producto\\\/acompanar-es-politico-ensayo-transfeminista-sobre-la-situacion-de-calle\\\/\"]}]},{\"@type\":\"ImageObject\",\"inLanguage\":\"es\",\"@id\":\"https:\\\/\\\/zapateneo.net\\\/wordpress\\\/index.php\\\/producto\\\/acompanar-es-politico-ensayo-transfeminista-sobre-la-situacion-de-calle\\\/#primaryimage\",\"url\":\"https:\\\/\\\/zapateneo.net\\\/wordpress\\\/wp-content\\\/uploads\\\/2025\\\/11\\\/9788417870492.jpg\",\"contentUrl\":\"https:\\\/\\\/zapateneo.net\\\/wordpress\\\/wp-content\\\/uploads\\\/2025\\\/11\\\/9788417870492.jpg\",\"width\":266,\"height\":400},{\"@type\":\"BreadcrumbList\",\"@id\":\"https:\\\/\\\/zapateneo.net\\\/wordpress\\\/index.php\\\/producto\\\/acompanar-es-politico-ensayo-transfeminista-sobre-la-situacion-de-calle\\\/#breadcrumb\",\"itemListElement\":[{\"@type\":\"ListItem\",\"position\":1,\"name\":\"Portada\",\"item\":\"https:\\\/\\\/zapateneo.net\\\/wordpress\\\/\"},{\"@type\":\"ListItem\",\"position\":2,\"name\":\"Tienda\",\"item\":\"https:\\\/\\\/zapateneo.net\\\/wordpress\\\/\"},{\"@type\":\"ListItem\",\"position\":3,\"name\":\"Acompa\u00f1ar es pol\u00edtico. Ensayo transfeminista sobre la situaci\u00f3n de calle\"}]},{\"@type\":\"WebSite\",\"@id\":\"https:\\\/\\\/zapateneo.net\\\/wordpress\\\/#website\",\"url\":\"https:\\\/\\\/zapateneo.net\\\/wordpress\\\/\",\"name\":\"Zapateneo\",\"description\":\"Zapateneoaren webgunea\",\"publisher\":{\"@id\":\"https:\\\/\\\/zapateneo.net\\\/wordpress\\\/#organization\"},\"potentialAction\":[{\"@type\":\"SearchAction\",\"target\":{\"@type\":\"EntryPoint\",\"urlTemplate\":\"https:\\\/\\\/zapateneo.net\\\/wordpress\\\/?s={search_term_string}\"},\"query-input\":{\"@type\":\"PropertyValueSpecification\",\"valueRequired\":true,\"valueName\":\"search_term_string\"}}],\"inLanguage\":\"es\"},{\"@type\":\"Organization\",\"@id\":\"https:\\\/\\\/zapateneo.net\\\/wordpress\\\/#organization\",\"name\":\"Zapateneo Kultur Elkartea\",\"url\":\"https:\\\/\\\/zapateneo.net\\\/wordpress\\\/\",\"logo\":{\"@type\":\"ImageObject\",\"inLanguage\":\"es\",\"@id\":\"https:\\\/\\\/zapateneo.net\\\/wordpress\\\/#\\\/schema\\\/logo\\\/image\\\/\",\"url\":\"https:\\\/\\\/zapateneo.net\\\/wordpress\\\/wp-content\\\/uploads\\\/2021\\\/04\\\/zap-libu-kolec.jpg\",\"contentUrl\":\"https:\\\/\\\/zapateneo.net\\\/wordpress\\\/wp-content\\\/uploads\\\/2021\\\/04\\\/zap-libu-kolec.jpg\",\"width\":2234,\"height\":398,\"caption\":\"Zapateneo Kultur Elkartea\"},\"image\":{\"@id\":\"https:\\\/\\\/zapateneo.net\\\/wordpress\\\/#\\\/schema\\\/logo\\\/image\\\/\"},\"sameAs\":[\"https:\\\/\\\/x.com\\\/zapateneo\"]}]}<\/script>\n<!-- \/ Yoast SEO plugin. -->","yoast_head_json":{"title":"Acompa\u00f1ar es pol\u00edtico. Ensayo transfeminista sobre la situaci\u00f3n de calle &#8212; Zapateneo","robots":{"index":"index","follow":"follow","max-snippet":"max-snippet:-1","max-image-preview":"max-image-preview:large","max-video-preview":"max-video-preview:-1"},"canonical":"https:\/\/zapateneo.net\/wordpress\/index.php\/producto\/acompanar-es-politico-ensayo-transfeminista-sobre-la-situacion-de-calle\/","og_locale":"es_ES","og_type":"article","og_title":"Acompa\u00f1ar es pol\u00edtico. Ensayo transfeminista sobre la situaci\u00f3n de calle &#8212; Zapateneo","og_description":"Florencia Montes Paez 9788417870492 - Virus - 2025 - 160 p\u00e1ginas \/orri.","og_url":"https:\/\/zapateneo.net\/wordpress\/index.php\/producto\/acompanar-es-politico-ensayo-transfeminista-sobre-la-situacion-de-calle\/","og_site_name":"Zapateneo","article_modified_time":"2025-11-29T12:34:50+00:00","twitter_card":"summary_large_image","twitter_site":"@zapateneo","twitter_misc":{"Tiempo de lectura":"2 minutos"},"schema":{"@context":"https:\/\/schema.org","@graph":[{"@type":"WebPage","@id":"https:\/\/zapateneo.net\/wordpress\/index.php\/producto\/acompanar-es-politico-ensayo-transfeminista-sobre-la-situacion-de-calle\/","url":"https:\/\/zapateneo.net\/wordpress\/index.php\/producto\/acompanar-es-politico-ensayo-transfeminista-sobre-la-situacion-de-calle\/","name":"Acompa\u00f1ar es pol\u00edtico. Ensayo transfeminista sobre la situaci\u00f3n de calle &#8212; Zapateneo","isPartOf":{"@id":"https:\/\/zapateneo.net\/wordpress\/#website"},"primaryImageOfPage":{"@id":"https:\/\/zapateneo.net\/wordpress\/index.php\/producto\/acompanar-es-politico-ensayo-transfeminista-sobre-la-situacion-de-calle\/#primaryimage"},"image":{"@id":"https:\/\/zapateneo.net\/wordpress\/index.php\/producto\/acompanar-es-politico-ensayo-transfeminista-sobre-la-situacion-de-calle\/#primaryimage"},"thumbnailUrl":"https:\/\/zapateneo.net\/wordpress\/wp-content\/uploads\/2025\/11\/9788417870492.jpg","datePublished":"2025-11-29T12:34:31+00:00","dateModified":"2025-11-29T12:34:50+00:00","breadcrumb":{"@id":"https:\/\/zapateneo.net\/wordpress\/index.php\/producto\/acompanar-es-politico-ensayo-transfeminista-sobre-la-situacion-de-calle\/#breadcrumb"},"inLanguage":"es","potentialAction":[{"@type":"ReadAction","target":["https:\/\/zapateneo.net\/wordpress\/index.php\/producto\/acompanar-es-politico-ensayo-transfeminista-sobre-la-situacion-de-calle\/"]}]},{"@type":"ImageObject","inLanguage":"es","@id":"https:\/\/zapateneo.net\/wordpress\/index.php\/producto\/acompanar-es-politico-ensayo-transfeminista-sobre-la-situacion-de-calle\/#primaryimage","url":"https:\/\/zapateneo.net\/wordpress\/wp-content\/uploads\/2025\/11\/9788417870492.jpg","contentUrl":"https:\/\/zapateneo.net\/wordpress\/wp-content\/uploads\/2025\/11\/9788417870492.jpg","width":266,"height":400},{"@type":"BreadcrumbList","@id":"https:\/\/zapateneo.net\/wordpress\/index.php\/producto\/acompanar-es-politico-ensayo-transfeminista-sobre-la-situacion-de-calle\/#breadcrumb","itemListElement":[{"@type":"ListItem","position":1,"name":"Portada","item":"https:\/\/zapateneo.net\/wordpress\/"},{"@type":"ListItem","position":2,"name":"Tienda","item":"https:\/\/zapateneo.net\/wordpress\/"},{"@type":"ListItem","position":3,"name":"Acompa\u00f1ar es pol\u00edtico. Ensayo transfeminista sobre la situaci\u00f3n de calle"}]},{"@type":"WebSite","@id":"https:\/\/zapateneo.net\/wordpress\/#website","url":"https:\/\/zapateneo.net\/wordpress\/","name":"Zapateneo","description":"Zapateneoaren webgunea","publisher":{"@id":"https:\/\/zapateneo.net\/wordpress\/#organization"},"potentialAction":[{"@type":"SearchAction","target":{"@type":"EntryPoint","urlTemplate":"https:\/\/zapateneo.net\/wordpress\/?s={search_term_string}"},"query-input":{"@type":"PropertyValueSpecification","valueRequired":true,"valueName":"search_term_string"}}],"inLanguage":"es"},{"@type":"Organization","@id":"https:\/\/zapateneo.net\/wordpress\/#organization","name":"Zapateneo Kultur Elkartea","url":"https:\/\/zapateneo.net\/wordpress\/","logo":{"@type":"ImageObject","inLanguage":"es","@id":"https:\/\/zapateneo.net\/wordpress\/#\/schema\/logo\/image\/","url":"https:\/\/zapateneo.net\/wordpress\/wp-content\/uploads\/2021\/04\/zap-libu-kolec.jpg","contentUrl":"https:\/\/zapateneo.net\/wordpress\/wp-content\/uploads\/2021\/04\/zap-libu-kolec.jpg","width":2234,"height":398,"caption":"Zapateneo Kultur Elkartea"},"image":{"@id":"https:\/\/zapateneo.net\/wordpress\/#\/schema\/logo\/image\/"},"sameAs":["https:\/\/x.com\/zapateneo"]}]}},"_links":{"self":[{"href":"https:\/\/zapateneo.net\/wordpress\/index.php\/wp-json\/wp\/v2\/product\/16340","targetHints":{"allow":["GET"]}}],"collection":[{"href":"https:\/\/zapateneo.net\/wordpress\/index.php\/wp-json\/wp\/v2\/product"}],"about":[{"href":"https:\/\/zapateneo.net\/wordpress\/index.php\/wp-json\/wp\/v2\/types\/product"}],"wp:featuredmedia":[{"embeddable":true,"href":"https:\/\/zapateneo.net\/wordpress\/index.php\/wp-json\/wp\/v2\/media\/16361"}],"wp:attachment":[{"href":"https:\/\/zapateneo.net\/wordpress\/index.php\/wp-json\/wp\/v2\/media?parent=16340"}],"wp:term":[{"taxonomy":"product_brand","embeddable":true,"href":"https:\/\/zapateneo.net\/wordpress\/index.php\/wp-json\/wp\/v2\/product_brand?post=16340"},{"taxonomy":"product_cat","embeddable":true,"href":"https:\/\/zapateneo.net\/wordpress\/index.php\/wp-json\/wp\/v2\/product_cat?post=16340"},{"taxonomy":"product_tag","embeddable":true,"href":"https:\/\/zapateneo.net\/wordpress\/index.php\/wp-json\/wp\/v2\/product_tag?post=16340"}],"curies":[{"name":"wp","href":"https:\/\/api.w.org\/{rel}","templated":true}]}}