{"id":16338,"date":"2025-11-29T13:34:29","date_gmt":"2025-11-29T12:34:29","guid":{"rendered":"https:\/\/zapateneo.net\/wordpress\/?post_type=product&#038;p=16338"},"modified":"2025-11-29T13:34:48","modified_gmt":"2025-11-29T12:34:48","slug":"ser-naturaleza-una-mirada-antropologica-para-cambiar-nuestra-relacion-con-el-medioambiente","status":"publish","type":"product","link":"https:\/\/zapateneo.net\/wordpress\/index.php\/producto\/ser-naturaleza-una-mirada-antropologica-para-cambiar-nuestra-relacion-con-el-medioambiente\/","title":{"rendered":"Ser naturaleza. Una mirada antropol\u00f3gica para cambiar nuestra relaci\u00f3n con el medioambiente"},"content":{"rendered":"<p>Para romper con este mundo en destrucci\u00f3n hay que romper tambi\u00e9n con la manera de ser, estar y entender la naturaleza y la posici\u00f3n humana en ella. Esta es la propuesta que lanza Andrea Staid en Ser naturaleza.<\/p>\n<p>Con una prosa \u00e1gil y divulgativa apoyada en un pensamiento riguroso, este libro muestra que ideas como \u00abpluralidad ecosist\u00e9mica\u00bb y \u00abrelaciones multiespecie\u00bb, lejos de ser ilusiones primitivistas o f\u00e1bulas de ciencia ficci\u00f3n, son los fundamentos para la construcci\u00f3n de una ecolog\u00eda social que quiebre el binomio naturaleza\/cultura.<\/p>\n<p>Esa divisi\u00f3n es la que ha permitido la conversi\u00f3n del medioambiente en exterioridad, de los animales no humanos en objetos, y de otros humanos en salvajes\/animales. Y sobre esa base se ha construido todo un orden de dominaci\u00f3n capitalista, colonial y extractivo que es la causa fundamental del ecocidio global en curso.<\/p>\n<p>Empleando como ariete la antropolog\u00eda y la rica experiencia de los pueblos originarios, Andrea Staid recuerda que no solo se pueden construir otros modelos de relaci\u00f3n con el entorno y con el resto de sujetos ecosist\u00e9micos, sino que, sin duda, nos va en ello la supervivencia colectiva.<\/p>\n<p>Para un habitante de la selva amaz\u00f3nica y para un aborigen australiano, la distinci\u00f3n entre lo que consideramos natural y lo que consideramos cultural no tiene ning\u00fan sentido, porque en su mundo todo es al mismo tiempo natural y cultural; el ser humano es naturaleza como lo son las plantas y los animales, estamos insertos en una trama de sujetos que se relacionan.<\/p>\n<p>===================<\/p>\n<p>Andrea Staid (Mil\u00e1n, 1982). Autor prol\u00edfico, su producci\u00f3n acad\u00e9mica busca de manera permanente construir puntos de vista que transgredan los sentidos comunes dominantes. Profesor de Antropolog\u00eda Cultural y Visual en Naba (Mil\u00e1n) en el Instituto Europeo de Dise\u00f1o de Tur\u00edn, obtuvo su doctorado en la Universidad de Granada. Staid ha abordado cuestiones como la vivienda (La casa viviente, Enclave de Libros 2025), la relaci\u00f3n entre racismo y segregaci\u00f3n urbana (Los condenados de la metr\u00f3poli, Bellaterra 2021) o la deuda, la econom\u00eda desde la perspectiva de las sociedades sin Estado (Los sin Estado, Enclave de Libros 2021) o la relaci\u00f3n entre especies y la manera de ser, estar y entender la naturaleza en Ser naturaleza (Virus, 2025). Director de la colecci\u00f3n Biblioteca Antropolog\u00eda de la editorial Meltemi, ha escrito tambi\u00e9n Gli Arditi del popolo (Milieu 2015), Abitare illegale (Milieu 2017), Le nostre braccia (Milieu 2018), Senza Confini (Milieu, 2018), Contro la gerarchia e il dominio (Meltemi 2018) y Disintegrati (Nottetempo 2018). Una voz original y potente para un mundo en crisis.<\/p>\n","protected":false},"excerpt":{"rendered":"<p><strong>Andrea Staid<\/strong><br \/>\n9788417870515 &#8211; Virus &#8211; 2025 &#8211; 160 p\u00e1ginas \/orri.<\/p>\n","protected":false},"featured_media":16359,"template":"","meta":[],"product_brand":[],"product_cat":[180,16],"product_tag":[4469,57],"class_list":{"0":"post-16338","1":"product","2":"type-product","3":"status-publish","4":"has-post-thumbnail","6":"product_cat-ekologia-ecologia","7":"product_cat-libros","8":"product_tag-andrea-staid","9":"product_tag-virus","11":"first","12":"instock","13":"sold-individually","14":"shipping-taxable","15":"purchasable","16":"product-type-simple"},"yoast_head":"<!-- This site is optimized with the Yoast SEO plugin v27.3 - https:\/\/yoast.com\/product\/yoast-seo-wordpress\/ -->\n<title>Ser naturaleza. Una mirada antropol\u00f3gica para cambiar nuestra relaci\u00f3n con el medioambiente &#8212; Zapateneo<\/title>\n<meta name=\"robots\" content=\"index, follow, max-snippet:-1, max-image-preview:large, max-video-preview:-1\" \/>\n<link rel=\"canonical\" href=\"https:\/\/zapateneo.net\/wordpress\/index.php\/producto\/ser-naturaleza-una-mirada-antropologica-para-cambiar-nuestra-relacion-con-el-medioambiente\/\" \/>\n<meta property=\"og:locale\" content=\"es_ES\" \/>\n<meta property=\"og:type\" content=\"article\" \/>\n<meta property=\"og:title\" content=\"Ser naturaleza. Una mirada antropol\u00f3gica para cambiar nuestra relaci\u00f3n con el medioambiente &#8212; Zapateneo\" \/>\n<meta property=\"og:description\" content=\"Andrea Staid 9788417870515 - Virus - 2025 - 160 p\u00e1ginas \/orri.\" \/>\n<meta property=\"og:url\" content=\"https:\/\/zapateneo.net\/wordpress\/index.php\/producto\/ser-naturaleza-una-mirada-antropologica-para-cambiar-nuestra-relacion-con-el-medioambiente\/\" \/>\n<meta property=\"og:site_name\" content=\"Zapateneo\" \/>\n<meta property=\"article:modified_time\" content=\"2025-11-29T12:34:48+00:00\" \/>\n<meta name=\"twitter:card\" content=\"summary_large_image\" \/>\n<meta name=\"twitter:site\" content=\"@zapateneo\" \/>\n<meta name=\"twitter:label1\" content=\"Tiempo de lectura\" \/>\n\t<meta name=\"twitter:data1\" content=\"2 minutos\" \/>\n<script type=\"application\/ld+json\" class=\"yoast-schema-graph\">{\"@context\":\"https:\\\/\\\/schema.org\",\"@graph\":[{\"@type\":\"WebPage\",\"@id\":\"https:\\\/\\\/zapateneo.net\\\/wordpress\\\/index.php\\\/producto\\\/ser-naturaleza-una-mirada-antropologica-para-cambiar-nuestra-relacion-con-el-medioambiente\\\/\",\"url\":\"https:\\\/\\\/zapateneo.net\\\/wordpress\\\/index.php\\\/producto\\\/ser-naturaleza-una-mirada-antropologica-para-cambiar-nuestra-relacion-con-el-medioambiente\\\/\",\"name\":\"Ser naturaleza. Una mirada antropol\u00f3gica para cambiar nuestra relaci\u00f3n con el medioambiente &#8212; Zapateneo\",\"isPartOf\":{\"@id\":\"https:\\\/\\\/zapateneo.net\\\/wordpress\\\/#website\"},\"primaryImageOfPage\":{\"@id\":\"https:\\\/\\\/zapateneo.net\\\/wordpress\\\/index.php\\\/producto\\\/ser-naturaleza-una-mirada-antropologica-para-cambiar-nuestra-relacion-con-el-medioambiente\\\/#primaryimage\"},\"image\":{\"@id\":\"https:\\\/\\\/zapateneo.net\\\/wordpress\\\/index.php\\\/producto\\\/ser-naturaleza-una-mirada-antropologica-para-cambiar-nuestra-relacion-con-el-medioambiente\\\/#primaryimage\"},\"thumbnailUrl\":\"https:\\\/\\\/zapateneo.net\\\/wordpress\\\/wp-content\\\/uploads\\\/2025\\\/11\\\/9788417870515.jpg\",\"datePublished\":\"2025-11-29T12:34:29+00:00\",\"dateModified\":\"2025-11-29T12:34:48+00:00\",\"breadcrumb\":{\"@id\":\"https:\\\/\\\/zapateneo.net\\\/wordpress\\\/index.php\\\/producto\\\/ser-naturaleza-una-mirada-antropologica-para-cambiar-nuestra-relacion-con-el-medioambiente\\\/#breadcrumb\"},\"inLanguage\":\"es\",\"potentialAction\":[{\"@type\":\"ReadAction\",\"target\":[\"https:\\\/\\\/zapateneo.net\\\/wordpress\\\/index.php\\\/producto\\\/ser-naturaleza-una-mirada-antropologica-para-cambiar-nuestra-relacion-con-el-medioambiente\\\/\"]}]},{\"@type\":\"ImageObject\",\"inLanguage\":\"es\",\"@id\":\"https:\\\/\\\/zapateneo.net\\\/wordpress\\\/index.php\\\/producto\\\/ser-naturaleza-una-mirada-antropologica-para-cambiar-nuestra-relacion-con-el-medioambiente\\\/#primaryimage\",\"url\":\"https:\\\/\\\/zapateneo.net\\\/wordpress\\\/wp-content\\\/uploads\\\/2025\\\/11\\\/9788417870515.jpg\",\"contentUrl\":\"https:\\\/\\\/zapateneo.net\\\/wordpress\\\/wp-content\\\/uploads\\\/2025\\\/11\\\/9788417870515.jpg\",\"width\":250,\"height\":350},{\"@type\":\"BreadcrumbList\",\"@id\":\"https:\\\/\\\/zapateneo.net\\\/wordpress\\\/index.php\\\/producto\\\/ser-naturaleza-una-mirada-antropologica-para-cambiar-nuestra-relacion-con-el-medioambiente\\\/#breadcrumb\",\"itemListElement\":[{\"@type\":\"ListItem\",\"position\":1,\"name\":\"Portada\",\"item\":\"https:\\\/\\\/zapateneo.net\\\/wordpress\\\/\"},{\"@type\":\"ListItem\",\"position\":2,\"name\":\"Tienda\",\"item\":\"https:\\\/\\\/zapateneo.net\\\/wordpress\\\/\"},{\"@type\":\"ListItem\",\"position\":3,\"name\":\"Ser naturaleza. Una mirada antropol\u00f3gica para cambiar nuestra relaci\u00f3n con el medioambiente\"}]},{\"@type\":\"WebSite\",\"@id\":\"https:\\\/\\\/zapateneo.net\\\/wordpress\\\/#website\",\"url\":\"https:\\\/\\\/zapateneo.net\\\/wordpress\\\/\",\"name\":\"Zapateneo\",\"description\":\"Zapateneoaren webgunea\",\"publisher\":{\"@id\":\"https:\\\/\\\/zapateneo.net\\\/wordpress\\\/#organization\"},\"potentialAction\":[{\"@type\":\"SearchAction\",\"target\":{\"@type\":\"EntryPoint\",\"urlTemplate\":\"https:\\\/\\\/zapateneo.net\\\/wordpress\\\/?s={search_term_string}\"},\"query-input\":{\"@type\":\"PropertyValueSpecification\",\"valueRequired\":true,\"valueName\":\"search_term_string\"}}],\"inLanguage\":\"es\"},{\"@type\":\"Organization\",\"@id\":\"https:\\\/\\\/zapateneo.net\\\/wordpress\\\/#organization\",\"name\":\"Zapateneo Kultur Elkartea\",\"url\":\"https:\\\/\\\/zapateneo.net\\\/wordpress\\\/\",\"logo\":{\"@type\":\"ImageObject\",\"inLanguage\":\"es\",\"@id\":\"https:\\\/\\\/zapateneo.net\\\/wordpress\\\/#\\\/schema\\\/logo\\\/image\\\/\",\"url\":\"https:\\\/\\\/zapateneo.net\\\/wordpress\\\/wp-content\\\/uploads\\\/2021\\\/04\\\/zap-libu-kolec.jpg\",\"contentUrl\":\"https:\\\/\\\/zapateneo.net\\\/wordpress\\\/wp-content\\\/uploads\\\/2021\\\/04\\\/zap-libu-kolec.jpg\",\"width\":2234,\"height\":398,\"caption\":\"Zapateneo Kultur Elkartea\"},\"image\":{\"@id\":\"https:\\\/\\\/zapateneo.net\\\/wordpress\\\/#\\\/schema\\\/logo\\\/image\\\/\"},\"sameAs\":[\"https:\\\/\\\/x.com\\\/zapateneo\"]}]}<\/script>\n<!-- \/ Yoast SEO plugin. -->","yoast_head_json":{"title":"Ser naturaleza. Una mirada antropol\u00f3gica para cambiar nuestra relaci\u00f3n con el medioambiente &#8212; Zapateneo","robots":{"index":"index","follow":"follow","max-snippet":"max-snippet:-1","max-image-preview":"max-image-preview:large","max-video-preview":"max-video-preview:-1"},"canonical":"https:\/\/zapateneo.net\/wordpress\/index.php\/producto\/ser-naturaleza-una-mirada-antropologica-para-cambiar-nuestra-relacion-con-el-medioambiente\/","og_locale":"es_ES","og_type":"article","og_title":"Ser naturaleza. Una mirada antropol\u00f3gica para cambiar nuestra relaci\u00f3n con el medioambiente &#8212; Zapateneo","og_description":"Andrea Staid 9788417870515 - Virus - 2025 - 160 p\u00e1ginas \/orri.","og_url":"https:\/\/zapateneo.net\/wordpress\/index.php\/producto\/ser-naturaleza-una-mirada-antropologica-para-cambiar-nuestra-relacion-con-el-medioambiente\/","og_site_name":"Zapateneo","article_modified_time":"2025-11-29T12:34:48+00:00","twitter_card":"summary_large_image","twitter_site":"@zapateneo","twitter_misc":{"Tiempo de lectura":"2 minutos"},"schema":{"@context":"https:\/\/schema.org","@graph":[{"@type":"WebPage","@id":"https:\/\/zapateneo.net\/wordpress\/index.php\/producto\/ser-naturaleza-una-mirada-antropologica-para-cambiar-nuestra-relacion-con-el-medioambiente\/","url":"https:\/\/zapateneo.net\/wordpress\/index.php\/producto\/ser-naturaleza-una-mirada-antropologica-para-cambiar-nuestra-relacion-con-el-medioambiente\/","name":"Ser naturaleza. Una mirada antropol\u00f3gica para cambiar nuestra relaci\u00f3n con el medioambiente &#8212; Zapateneo","isPartOf":{"@id":"https:\/\/zapateneo.net\/wordpress\/#website"},"primaryImageOfPage":{"@id":"https:\/\/zapateneo.net\/wordpress\/index.php\/producto\/ser-naturaleza-una-mirada-antropologica-para-cambiar-nuestra-relacion-con-el-medioambiente\/#primaryimage"},"image":{"@id":"https:\/\/zapateneo.net\/wordpress\/index.php\/producto\/ser-naturaleza-una-mirada-antropologica-para-cambiar-nuestra-relacion-con-el-medioambiente\/#primaryimage"},"thumbnailUrl":"https:\/\/zapateneo.net\/wordpress\/wp-content\/uploads\/2025\/11\/9788417870515.jpg","datePublished":"2025-11-29T12:34:29+00:00","dateModified":"2025-11-29T12:34:48+00:00","breadcrumb":{"@id":"https:\/\/zapateneo.net\/wordpress\/index.php\/producto\/ser-naturaleza-una-mirada-antropologica-para-cambiar-nuestra-relacion-con-el-medioambiente\/#breadcrumb"},"inLanguage":"es","potentialAction":[{"@type":"ReadAction","target":["https:\/\/zapateneo.net\/wordpress\/index.php\/producto\/ser-naturaleza-una-mirada-antropologica-para-cambiar-nuestra-relacion-con-el-medioambiente\/"]}]},{"@type":"ImageObject","inLanguage":"es","@id":"https:\/\/zapateneo.net\/wordpress\/index.php\/producto\/ser-naturaleza-una-mirada-antropologica-para-cambiar-nuestra-relacion-con-el-medioambiente\/#primaryimage","url":"https:\/\/zapateneo.net\/wordpress\/wp-content\/uploads\/2025\/11\/9788417870515.jpg","contentUrl":"https:\/\/zapateneo.net\/wordpress\/wp-content\/uploads\/2025\/11\/9788417870515.jpg","width":250,"height":350},{"@type":"BreadcrumbList","@id":"https:\/\/zapateneo.net\/wordpress\/index.php\/producto\/ser-naturaleza-una-mirada-antropologica-para-cambiar-nuestra-relacion-con-el-medioambiente\/#breadcrumb","itemListElement":[{"@type":"ListItem","position":1,"name":"Portada","item":"https:\/\/zapateneo.net\/wordpress\/"},{"@type":"ListItem","position":2,"name":"Tienda","item":"https:\/\/zapateneo.net\/wordpress\/"},{"@type":"ListItem","position":3,"name":"Ser naturaleza. Una mirada antropol\u00f3gica para cambiar nuestra relaci\u00f3n con el medioambiente"}]},{"@type":"WebSite","@id":"https:\/\/zapateneo.net\/wordpress\/#website","url":"https:\/\/zapateneo.net\/wordpress\/","name":"Zapateneo","description":"Zapateneoaren webgunea","publisher":{"@id":"https:\/\/zapateneo.net\/wordpress\/#organization"},"potentialAction":[{"@type":"SearchAction","target":{"@type":"EntryPoint","urlTemplate":"https:\/\/zapateneo.net\/wordpress\/?s={search_term_string}"},"query-input":{"@type":"PropertyValueSpecification","valueRequired":true,"valueName":"search_term_string"}}],"inLanguage":"es"},{"@type":"Organization","@id":"https:\/\/zapateneo.net\/wordpress\/#organization","name":"Zapateneo Kultur Elkartea","url":"https:\/\/zapateneo.net\/wordpress\/","logo":{"@type":"ImageObject","inLanguage":"es","@id":"https:\/\/zapateneo.net\/wordpress\/#\/schema\/logo\/image\/","url":"https:\/\/zapateneo.net\/wordpress\/wp-content\/uploads\/2021\/04\/zap-libu-kolec.jpg","contentUrl":"https:\/\/zapateneo.net\/wordpress\/wp-content\/uploads\/2021\/04\/zap-libu-kolec.jpg","width":2234,"height":398,"caption":"Zapateneo Kultur Elkartea"},"image":{"@id":"https:\/\/zapateneo.net\/wordpress\/#\/schema\/logo\/image\/"},"sameAs":["https:\/\/x.com\/zapateneo"]}]}},"_links":{"self":[{"href":"https:\/\/zapateneo.net\/wordpress\/index.php\/wp-json\/wp\/v2\/product\/16338","targetHints":{"allow":["GET"]}}],"collection":[{"href":"https:\/\/zapateneo.net\/wordpress\/index.php\/wp-json\/wp\/v2\/product"}],"about":[{"href":"https:\/\/zapateneo.net\/wordpress\/index.php\/wp-json\/wp\/v2\/types\/product"}],"wp:featuredmedia":[{"embeddable":true,"href":"https:\/\/zapateneo.net\/wordpress\/index.php\/wp-json\/wp\/v2\/media\/16359"}],"wp:attachment":[{"href":"https:\/\/zapateneo.net\/wordpress\/index.php\/wp-json\/wp\/v2\/media?parent=16338"}],"wp:term":[{"taxonomy":"product_brand","embeddable":true,"href":"https:\/\/zapateneo.net\/wordpress\/index.php\/wp-json\/wp\/v2\/product_brand?post=16338"},{"taxonomy":"product_cat","embeddable":true,"href":"https:\/\/zapateneo.net\/wordpress\/index.php\/wp-json\/wp\/v2\/product_cat?post=16338"},{"taxonomy":"product_tag","embeddable":true,"href":"https:\/\/zapateneo.net\/wordpress\/index.php\/wp-json\/wp\/v2\/product_tag?post=16338"}],"curies":[{"name":"wp","href":"https:\/\/api.w.org\/{rel}","templated":true}]}}