{"id":16314,"date":"2025-11-29T10:28:27","date_gmt":"2025-11-29T09:28:27","guid":{"rendered":"https:\/\/zapateneo.net\/wordpress\/?post_type=product&#038;p=16314"},"modified":"2025-11-29T10:28:48","modified_gmt":"2025-11-29T09:28:48","slug":"la-inhumanisima-fiesta-la-corrida-de-toros-a-traves-de-la-mirada-de-los-viajeros","status":"publish","type":"product","link":"https:\/\/zapateneo.net\/wordpress\/index.php\/producto\/la-inhumanisima-fiesta-la-corrida-de-toros-a-traves-de-la-mirada-de-los-viajeros\/","title":{"rendered":"La inhuman\u00edsima fiesta. La corrida de toros a trav\u00e9s de la mirada de los viajeros"},"content":{"rendered":"<p>\u00bfPor qu\u00e9 las corridas de toros atraen tanto a los viajeros del pasado, al margen de las sensaciones que les proporcionan? \u00bfVen en esta tradici\u00f3n un simple rasgo identitario, una \u201cllamada\u201d at\u00e1vica, una excentricidad, un gustoso material narrativo, o perciben en la mezcla de violencia y audacia un contrapunto al modelo de cultura y progreso dominante en Europa a partir del Siglo de las Luces?<\/p>\n<p>La inhuman\u00edsima fiesta, muestra en parte esa dial\u00e9ctica de reacciones, ideas y experiencias contenidas en los libros de los viajeros, entrelazadas con las voces de los espa\u00f1oles que han desarrollado sus posturas sobre el mismo tema. Porque es una realidad que a la profunda tradici\u00f3n taurina se contraponga otra, no menos arraigada en Espa\u00f1a, que considera la corrida de toros como una r\u00e9mora al desarrollo de su progreso civilizatorio.<\/p>\n<p>Desde las cr\u00f3nicas diplom\u00e1ticas del siglo XVII, hasta la abundante literatura de viaje decimon\u00f3nica, el topos de la lucha entre fiera y hombre ha ido siempre acompa\u00f1ado de las reflexiones sobre la manifestaci\u00f3n de crueldad expl\u00edcita en el espect\u00e1culo, al punto que a trav\u00e9s de sus lecturas es posible establecer incluso un recorrido hist\u00f3rico de la creciente sensibilidad hacia los animales, que se ha traducido, con el tiempo, en la paulatina prohibici\u00f3n de muchas de las suertes y h\u00e1bitos cruentos de la lidia.<\/p>\n<p>La tradici\u00f3n taurom\u00e1quica, en suma, si bien por un lado ha ido sublimando unas antiguas pr\u00e1cticas ancestrales en una expresi\u00f3n cultural y art\u00edstica cada vez m\u00e1s elaborada, por el otro se ha vuelto un paradigma para medir el grado alcanzado por la sociedad en la 2 emancipaci\u00f3n del sufrimiento, que es uno de los rasgos morales caracter\u00edsticos de nuestra idea de civilizaci\u00f3n.<\/p>\n","protected":false},"excerpt":{"rendered":"<p><strong>Paolo D&#8217;Alessandro<\/strong><br \/>\n9788485209880 &#8211; Irrecuperables &#8211; 2025 &#8211; 140 p\u00e1ginas \/orri.<\/p>\n","protected":false},"featured_media":16333,"template":"","meta":[],"product_brand":[],"product_cat":[16,173],"product_tag":[2960,7294],"class_list":{"0":"post-16314","1":"product","2":"type-product","3":"status-publish","4":"has-post-thumbnail","6":"product_cat-libros","7":"product_cat-saiakera-ensayo","8":"product_tag-irrecuperables","9":"product_tag-paolo-dalessandro","11":"first","12":"instock","13":"sold-individually","14":"shipping-taxable","15":"purchasable","16":"product-type-simple"},"yoast_head":"<!-- This site is optimized with the Yoast SEO plugin v27.3 - https:\/\/yoast.com\/product\/yoast-seo-wordpress\/ -->\n<title>La inhuman\u00edsima fiesta. La corrida de toros a trav\u00e9s de la mirada de los viajeros &#8212; Zapateneo<\/title>\n<meta name=\"robots\" content=\"index, follow, max-snippet:-1, max-image-preview:large, max-video-preview:-1\" \/>\n<link rel=\"canonical\" href=\"https:\/\/zapateneo.net\/wordpress\/index.php\/producto\/la-inhumanisima-fiesta-la-corrida-de-toros-a-traves-de-la-mirada-de-los-viajeros\/\" \/>\n<meta property=\"og:locale\" content=\"es_ES\" \/>\n<meta property=\"og:type\" content=\"article\" \/>\n<meta property=\"og:title\" content=\"La inhuman\u00edsima fiesta. La corrida de toros a trav\u00e9s de la mirada de los viajeros &#8212; Zapateneo\" \/>\n<meta property=\"og:description\" content=\"Paolo D&#039;Alessandro 9788485209880 - Irrecuperables - 2025 - 140 p\u00e1ginas \/orri.\" \/>\n<meta property=\"og:url\" content=\"https:\/\/zapateneo.net\/wordpress\/index.php\/producto\/la-inhumanisima-fiesta-la-corrida-de-toros-a-traves-de-la-mirada-de-los-viajeros\/\" \/>\n<meta property=\"og:site_name\" content=\"Zapateneo\" \/>\n<meta property=\"article:modified_time\" content=\"2025-11-29T09:28:48+00:00\" \/>\n<meta name=\"twitter:card\" content=\"summary_large_image\" \/>\n<meta name=\"twitter:site\" content=\"@zapateneo\" \/>\n<meta name=\"twitter:label1\" content=\"Tiempo de lectura\" \/>\n\t<meta name=\"twitter:data1\" content=\"2 minutos\" \/>\n<script type=\"application\/ld+json\" class=\"yoast-schema-graph\">{\"@context\":\"https:\\\/\\\/schema.org\",\"@graph\":[{\"@type\":\"WebPage\",\"@id\":\"https:\\\/\\\/zapateneo.net\\\/wordpress\\\/index.php\\\/producto\\\/la-inhumanisima-fiesta-la-corrida-de-toros-a-traves-de-la-mirada-de-los-viajeros\\\/\",\"url\":\"https:\\\/\\\/zapateneo.net\\\/wordpress\\\/index.php\\\/producto\\\/la-inhumanisima-fiesta-la-corrida-de-toros-a-traves-de-la-mirada-de-los-viajeros\\\/\",\"name\":\"La inhuman\u00edsima fiesta. La corrida de toros a trav\u00e9s de la mirada de los viajeros &#8212; Zapateneo\",\"isPartOf\":{\"@id\":\"https:\\\/\\\/zapateneo.net\\\/wordpress\\\/#website\"},\"primaryImageOfPage\":{\"@id\":\"https:\\\/\\\/zapateneo.net\\\/wordpress\\\/index.php\\\/producto\\\/la-inhumanisima-fiesta-la-corrida-de-toros-a-traves-de-la-mirada-de-los-viajeros\\\/#primaryimage\"},\"image\":{\"@id\":\"https:\\\/\\\/zapateneo.net\\\/wordpress\\\/index.php\\\/producto\\\/la-inhumanisima-fiesta-la-corrida-de-toros-a-traves-de-la-mirada-de-los-viajeros\\\/#primaryimage\"},\"thumbnailUrl\":\"https:\\\/\\\/zapateneo.net\\\/wordpress\\\/wp-content\\\/uploads\\\/2025\\\/11\\\/978848520988.gif\",\"datePublished\":\"2025-11-29T09:28:27+00:00\",\"dateModified\":\"2025-11-29T09:28:48+00:00\",\"breadcrumb\":{\"@id\":\"https:\\\/\\\/zapateneo.net\\\/wordpress\\\/index.php\\\/producto\\\/la-inhumanisima-fiesta-la-corrida-de-toros-a-traves-de-la-mirada-de-los-viajeros\\\/#breadcrumb\"},\"inLanguage\":\"es\",\"potentialAction\":[{\"@type\":\"ReadAction\",\"target\":[\"https:\\\/\\\/zapateneo.net\\\/wordpress\\\/index.php\\\/producto\\\/la-inhumanisima-fiesta-la-corrida-de-toros-a-traves-de-la-mirada-de-los-viajeros\\\/\"]}]},{\"@type\":\"ImageObject\",\"inLanguage\":\"es\",\"@id\":\"https:\\\/\\\/zapateneo.net\\\/wordpress\\\/index.php\\\/producto\\\/la-inhumanisima-fiesta-la-corrida-de-toros-a-traves-de-la-mirada-de-los-viajeros\\\/#primaryimage\",\"url\":\"https:\\\/\\\/zapateneo.net\\\/wordpress\\\/wp-content\\\/uploads\\\/2025\\\/11\\\/978848520988.gif\",\"contentUrl\":\"https:\\\/\\\/zapateneo.net\\\/wordpress\\\/wp-content\\\/uploads\\\/2025\\\/11\\\/978848520988.gif\",\"width\":270,\"height\":384},{\"@type\":\"BreadcrumbList\",\"@id\":\"https:\\\/\\\/zapateneo.net\\\/wordpress\\\/index.php\\\/producto\\\/la-inhumanisima-fiesta-la-corrida-de-toros-a-traves-de-la-mirada-de-los-viajeros\\\/#breadcrumb\",\"itemListElement\":[{\"@type\":\"ListItem\",\"position\":1,\"name\":\"Portada\",\"item\":\"https:\\\/\\\/zapateneo.net\\\/wordpress\\\/\"},{\"@type\":\"ListItem\",\"position\":2,\"name\":\"Tienda\",\"item\":\"https:\\\/\\\/zapateneo.net\\\/wordpress\\\/\"},{\"@type\":\"ListItem\",\"position\":3,\"name\":\"La inhuman\u00edsima fiesta. La corrida de toros a trav\u00e9s de la mirada de los viajeros\"}]},{\"@type\":\"WebSite\",\"@id\":\"https:\\\/\\\/zapateneo.net\\\/wordpress\\\/#website\",\"url\":\"https:\\\/\\\/zapateneo.net\\\/wordpress\\\/\",\"name\":\"Zapateneo\",\"description\":\"Zapateneoaren webgunea\",\"publisher\":{\"@id\":\"https:\\\/\\\/zapateneo.net\\\/wordpress\\\/#organization\"},\"potentialAction\":[{\"@type\":\"SearchAction\",\"target\":{\"@type\":\"EntryPoint\",\"urlTemplate\":\"https:\\\/\\\/zapateneo.net\\\/wordpress\\\/?s={search_term_string}\"},\"query-input\":{\"@type\":\"PropertyValueSpecification\",\"valueRequired\":true,\"valueName\":\"search_term_string\"}}],\"inLanguage\":\"es\"},{\"@type\":\"Organization\",\"@id\":\"https:\\\/\\\/zapateneo.net\\\/wordpress\\\/#organization\",\"name\":\"Zapateneo Kultur Elkartea\",\"url\":\"https:\\\/\\\/zapateneo.net\\\/wordpress\\\/\",\"logo\":{\"@type\":\"ImageObject\",\"inLanguage\":\"es\",\"@id\":\"https:\\\/\\\/zapateneo.net\\\/wordpress\\\/#\\\/schema\\\/logo\\\/image\\\/\",\"url\":\"https:\\\/\\\/zapateneo.net\\\/wordpress\\\/wp-content\\\/uploads\\\/2021\\\/04\\\/zap-libu-kolec.jpg\",\"contentUrl\":\"https:\\\/\\\/zapateneo.net\\\/wordpress\\\/wp-content\\\/uploads\\\/2021\\\/04\\\/zap-libu-kolec.jpg\",\"width\":2234,\"height\":398,\"caption\":\"Zapateneo Kultur Elkartea\"},\"image\":{\"@id\":\"https:\\\/\\\/zapateneo.net\\\/wordpress\\\/#\\\/schema\\\/logo\\\/image\\\/\"},\"sameAs\":[\"https:\\\/\\\/x.com\\\/zapateneo\"]}]}<\/script>\n<!-- \/ Yoast SEO plugin. -->","yoast_head_json":{"title":"La inhuman\u00edsima fiesta. La corrida de toros a trav\u00e9s de la mirada de los viajeros &#8212; Zapateneo","robots":{"index":"index","follow":"follow","max-snippet":"max-snippet:-1","max-image-preview":"max-image-preview:large","max-video-preview":"max-video-preview:-1"},"canonical":"https:\/\/zapateneo.net\/wordpress\/index.php\/producto\/la-inhumanisima-fiesta-la-corrida-de-toros-a-traves-de-la-mirada-de-los-viajeros\/","og_locale":"es_ES","og_type":"article","og_title":"La inhuman\u00edsima fiesta. La corrida de toros a trav\u00e9s de la mirada de los viajeros &#8212; Zapateneo","og_description":"Paolo D'Alessandro 9788485209880 - Irrecuperables - 2025 - 140 p\u00e1ginas \/orri.","og_url":"https:\/\/zapateneo.net\/wordpress\/index.php\/producto\/la-inhumanisima-fiesta-la-corrida-de-toros-a-traves-de-la-mirada-de-los-viajeros\/","og_site_name":"Zapateneo","article_modified_time":"2025-11-29T09:28:48+00:00","twitter_card":"summary_large_image","twitter_site":"@zapateneo","twitter_misc":{"Tiempo de lectura":"2 minutos"},"schema":{"@context":"https:\/\/schema.org","@graph":[{"@type":"WebPage","@id":"https:\/\/zapateneo.net\/wordpress\/index.php\/producto\/la-inhumanisima-fiesta-la-corrida-de-toros-a-traves-de-la-mirada-de-los-viajeros\/","url":"https:\/\/zapateneo.net\/wordpress\/index.php\/producto\/la-inhumanisima-fiesta-la-corrida-de-toros-a-traves-de-la-mirada-de-los-viajeros\/","name":"La inhuman\u00edsima fiesta. La corrida de toros a trav\u00e9s de la mirada de los viajeros &#8212; Zapateneo","isPartOf":{"@id":"https:\/\/zapateneo.net\/wordpress\/#website"},"primaryImageOfPage":{"@id":"https:\/\/zapateneo.net\/wordpress\/index.php\/producto\/la-inhumanisima-fiesta-la-corrida-de-toros-a-traves-de-la-mirada-de-los-viajeros\/#primaryimage"},"image":{"@id":"https:\/\/zapateneo.net\/wordpress\/index.php\/producto\/la-inhumanisima-fiesta-la-corrida-de-toros-a-traves-de-la-mirada-de-los-viajeros\/#primaryimage"},"thumbnailUrl":"https:\/\/zapateneo.net\/wordpress\/wp-content\/uploads\/2025\/11\/978848520988.gif","datePublished":"2025-11-29T09:28:27+00:00","dateModified":"2025-11-29T09:28:48+00:00","breadcrumb":{"@id":"https:\/\/zapateneo.net\/wordpress\/index.php\/producto\/la-inhumanisima-fiesta-la-corrida-de-toros-a-traves-de-la-mirada-de-los-viajeros\/#breadcrumb"},"inLanguage":"es","potentialAction":[{"@type":"ReadAction","target":["https:\/\/zapateneo.net\/wordpress\/index.php\/producto\/la-inhumanisima-fiesta-la-corrida-de-toros-a-traves-de-la-mirada-de-los-viajeros\/"]}]},{"@type":"ImageObject","inLanguage":"es","@id":"https:\/\/zapateneo.net\/wordpress\/index.php\/producto\/la-inhumanisima-fiesta-la-corrida-de-toros-a-traves-de-la-mirada-de-los-viajeros\/#primaryimage","url":"https:\/\/zapateneo.net\/wordpress\/wp-content\/uploads\/2025\/11\/978848520988.gif","contentUrl":"https:\/\/zapateneo.net\/wordpress\/wp-content\/uploads\/2025\/11\/978848520988.gif","width":270,"height":384},{"@type":"BreadcrumbList","@id":"https:\/\/zapateneo.net\/wordpress\/index.php\/producto\/la-inhumanisima-fiesta-la-corrida-de-toros-a-traves-de-la-mirada-de-los-viajeros\/#breadcrumb","itemListElement":[{"@type":"ListItem","position":1,"name":"Portada","item":"https:\/\/zapateneo.net\/wordpress\/"},{"@type":"ListItem","position":2,"name":"Tienda","item":"https:\/\/zapateneo.net\/wordpress\/"},{"@type":"ListItem","position":3,"name":"La inhuman\u00edsima fiesta. La corrida de toros a trav\u00e9s de la mirada de los viajeros"}]},{"@type":"WebSite","@id":"https:\/\/zapateneo.net\/wordpress\/#website","url":"https:\/\/zapateneo.net\/wordpress\/","name":"Zapateneo","description":"Zapateneoaren webgunea","publisher":{"@id":"https:\/\/zapateneo.net\/wordpress\/#organization"},"potentialAction":[{"@type":"SearchAction","target":{"@type":"EntryPoint","urlTemplate":"https:\/\/zapateneo.net\/wordpress\/?s={search_term_string}"},"query-input":{"@type":"PropertyValueSpecification","valueRequired":true,"valueName":"search_term_string"}}],"inLanguage":"es"},{"@type":"Organization","@id":"https:\/\/zapateneo.net\/wordpress\/#organization","name":"Zapateneo Kultur Elkartea","url":"https:\/\/zapateneo.net\/wordpress\/","logo":{"@type":"ImageObject","inLanguage":"es","@id":"https:\/\/zapateneo.net\/wordpress\/#\/schema\/logo\/image\/","url":"https:\/\/zapateneo.net\/wordpress\/wp-content\/uploads\/2021\/04\/zap-libu-kolec.jpg","contentUrl":"https:\/\/zapateneo.net\/wordpress\/wp-content\/uploads\/2021\/04\/zap-libu-kolec.jpg","width":2234,"height":398,"caption":"Zapateneo Kultur Elkartea"},"image":{"@id":"https:\/\/zapateneo.net\/wordpress\/#\/schema\/logo\/image\/"},"sameAs":["https:\/\/x.com\/zapateneo"]}]}},"_links":{"self":[{"href":"https:\/\/zapateneo.net\/wordpress\/index.php\/wp-json\/wp\/v2\/product\/16314","targetHints":{"allow":["GET"]}}],"collection":[{"href":"https:\/\/zapateneo.net\/wordpress\/index.php\/wp-json\/wp\/v2\/product"}],"about":[{"href":"https:\/\/zapateneo.net\/wordpress\/index.php\/wp-json\/wp\/v2\/types\/product"}],"wp:featuredmedia":[{"embeddable":true,"href":"https:\/\/zapateneo.net\/wordpress\/index.php\/wp-json\/wp\/v2\/media\/16333"}],"wp:attachment":[{"href":"https:\/\/zapateneo.net\/wordpress\/index.php\/wp-json\/wp\/v2\/media?parent=16314"}],"wp:term":[{"taxonomy":"product_brand","embeddable":true,"href":"https:\/\/zapateneo.net\/wordpress\/index.php\/wp-json\/wp\/v2\/product_brand?post=16314"},{"taxonomy":"product_cat","embeddable":true,"href":"https:\/\/zapateneo.net\/wordpress\/index.php\/wp-json\/wp\/v2\/product_cat?post=16314"},{"taxonomy":"product_tag","embeddable":true,"href":"https:\/\/zapateneo.net\/wordpress\/index.php\/wp-json\/wp\/v2\/product_tag?post=16314"}],"curies":[{"name":"wp","href":"https:\/\/api.w.org\/{rel}","templated":true}]}}