{"id":16311,"date":"2025-11-29T10:28:24","date_gmt":"2025-11-29T09:28:24","guid":{"rendered":"https:\/\/zapateneo.net\/wordpress\/?post_type=product&#038;p=16311"},"modified":"2025-11-29T10:28:44","modified_gmt":"2025-11-29T09:28:44","slug":"liberacion-revolucion-cultural-y-contrarrevolucion","status":"publish","type":"product","link":"https:\/\/zapateneo.net\/wordpress\/index.php\/producto\/liberacion-revolucion-cultural-y-contrarrevolucion\/","title":{"rendered":"Liberaci\u00f3n, revoluci\u00f3n cultural y contrarrevoluci\u00f3n"},"content":{"rendered":"<p>Este volumen recoge los tres ensayos que escribi\u00f3 Herbert Marcuse tras los sucesos de 1968 centrados en la est\u00e9tica porque consider\u00f3 que era la cuesti\u00f3n pol\u00edtica m\u00e1s urgente. No apuesta por modos de lucha ni criterios de organizaci\u00f3n. Ello se debe a que cre\u00eda que las revoluciones pueden ser aplastadas desde dentro debido a un elemento de autoderrota. El principio de realidad capitalista est\u00e1 arraigado en los seres humanos y en sus comportamientos, siendo necesario un cambio antropol\u00f3gico para transformar la sociedad. Frente a esta situaci\u00f3n, la est\u00e9tica tiene dos sentidos: sensibilidad y arte. Libres de la propiedad privada, los sentidos pueden volverse receptivos a otras potencialidades y posibilidades. El arte es una fuerza bidimensional que transfigura y redime, liberando a la materia de su definici\u00f3n funcional.<\/p>\n<p>Marcuse plantea as\u00ed un desaf\u00edo a la revoluci\u00f3n cultural para generar una nueva sensibilidad y convertirla en una fuerza pol\u00edtica. Propone una transformaci\u00f3n revolucionaria de las subjetividades como base para una verdadera revoluci\u00f3n. Enfrent\u00e1ndose a la cultura tecnol\u00f3gica que busca adaptar lo humano a los automatismos, lo que defiende es la bidimensionalidad como una divisi\u00f3n constitutiva a conjugar de forma emancipadora. En suma, Marcuse nos invita a reconocer la necesidad de una revoluci\u00f3n cultural que fomente una nueva sensibilidad para redirigir el potencial revolucionario. La transformaci\u00f3n social debe ir acompa\u00f1ada de un cambio profundo en la experiencia humana y su relaci\u00f3n con el mundo. Su pensamiento invita a explorar la capacidad del arte y la est\u00e9tica para imaginar nuevas posibilidades en la lucha por un mundo diferente.<\/p>\n<p>El libro se presenta adem\u00e1s con una inspiradora introducci\u00f3n de Amador Fern\u00e1ndez- Savater que trata de rescatar la fuerza bidimensional del arte y su capacidad de redimir seg\u00fan las apreciaciones del fil\u00f3sofo alem\u00e1n.<\/p>\n","protected":false},"excerpt":{"rendered":"<p><strong>Herbert Marcuse<\/strong><br \/>\n9788485209934 &#8211; Irrecuperables &#8211; 2025 &#8211; 304 p\u00e1ginas \/orri.<\/p>\n","protected":false},"featured_media":16330,"template":"","meta":[],"product_brand":[],"product_cat":[16,173],"product_tag":[7292,2960],"class_list":{"0":"post-16311","1":"product","2":"type-product","3":"status-publish","4":"has-post-thumbnail","6":"product_cat-libros","7":"product_cat-saiakera-ensayo","8":"product_tag-herbert-marcuse","9":"product_tag-irrecuperables","11":"first","12":"instock","13":"sold-individually","14":"shipping-taxable","15":"purchasable","16":"product-type-simple"},"yoast_head":"<!-- This site is optimized with the Yoast SEO plugin v27.3 - https:\/\/yoast.com\/product\/yoast-seo-wordpress\/ -->\n<title>Liberaci\u00f3n, revoluci\u00f3n cultural y contrarrevoluci\u00f3n &#8212; Zapateneo<\/title>\n<meta name=\"robots\" content=\"index, follow, max-snippet:-1, max-image-preview:large, max-video-preview:-1\" \/>\n<link rel=\"canonical\" href=\"https:\/\/zapateneo.net\/wordpress\/index.php\/producto\/liberacion-revolucion-cultural-y-contrarrevolucion\/\" \/>\n<meta property=\"og:locale\" content=\"es_ES\" \/>\n<meta property=\"og:type\" content=\"article\" \/>\n<meta property=\"og:title\" content=\"Liberaci\u00f3n, revoluci\u00f3n cultural y contrarrevoluci\u00f3n &#8212; Zapateneo\" \/>\n<meta property=\"og:description\" content=\"Herbert Marcuse 9788485209934 - Irrecuperables - 2025 - 304 p\u00e1ginas \/orri.\" \/>\n<meta property=\"og:url\" content=\"https:\/\/zapateneo.net\/wordpress\/index.php\/producto\/liberacion-revolucion-cultural-y-contrarrevolucion\/\" \/>\n<meta property=\"og:site_name\" content=\"Zapateneo\" \/>\n<meta property=\"article:modified_time\" content=\"2025-11-29T09:28:44+00:00\" \/>\n<meta name=\"twitter:card\" content=\"summary_large_image\" \/>\n<meta name=\"twitter:site\" content=\"@zapateneo\" \/>\n<meta name=\"twitter:label1\" content=\"Tiempo de lectura\" \/>\n\t<meta name=\"twitter:data1\" content=\"2 minutos\" \/>\n<script type=\"application\/ld+json\" class=\"yoast-schema-graph\">{\"@context\":\"https:\\\/\\\/schema.org\",\"@graph\":[{\"@type\":\"WebPage\",\"@id\":\"https:\\\/\\\/zapateneo.net\\\/wordpress\\\/index.php\\\/producto\\\/liberacion-revolucion-cultural-y-contrarrevolucion\\\/\",\"url\":\"https:\\\/\\\/zapateneo.net\\\/wordpress\\\/index.php\\\/producto\\\/liberacion-revolucion-cultural-y-contrarrevolucion\\\/\",\"name\":\"Liberaci\u00f3n, revoluci\u00f3n cultural y contrarrevoluci\u00f3n &#8212; Zapateneo\",\"isPartOf\":{\"@id\":\"https:\\\/\\\/zapateneo.net\\\/wordpress\\\/#website\"},\"primaryImageOfPage\":{\"@id\":\"https:\\\/\\\/zapateneo.net\\\/wordpress\\\/index.php\\\/producto\\\/liberacion-revolucion-cultural-y-contrarrevolucion\\\/#primaryimage\"},\"image\":{\"@id\":\"https:\\\/\\\/zapateneo.net\\\/wordpress\\\/index.php\\\/producto\\\/liberacion-revolucion-cultural-y-contrarrevolucion\\\/#primaryimage\"},\"thumbnailUrl\":\"https:\\\/\\\/zapateneo.net\\\/wordpress\\\/wp-content\\\/uploads\\\/2025\\\/11\\\/9788485209934.jpg\",\"datePublished\":\"2025-11-29T09:28:24+00:00\",\"dateModified\":\"2025-11-29T09:28:44+00:00\",\"breadcrumb\":{\"@id\":\"https:\\\/\\\/zapateneo.net\\\/wordpress\\\/index.php\\\/producto\\\/liberacion-revolucion-cultural-y-contrarrevolucion\\\/#breadcrumb\"},\"inLanguage\":\"es\",\"potentialAction\":[{\"@type\":\"ReadAction\",\"target\":[\"https:\\\/\\\/zapateneo.net\\\/wordpress\\\/index.php\\\/producto\\\/liberacion-revolucion-cultural-y-contrarrevolucion\\\/\"]}]},{\"@type\":\"ImageObject\",\"inLanguage\":\"es\",\"@id\":\"https:\\\/\\\/zapateneo.net\\\/wordpress\\\/index.php\\\/producto\\\/liberacion-revolucion-cultural-y-contrarrevolucion\\\/#primaryimage\",\"url\":\"https:\\\/\\\/zapateneo.net\\\/wordpress\\\/wp-content\\\/uploads\\\/2025\\\/11\\\/9788485209934.jpg\",\"contentUrl\":\"https:\\\/\\\/zapateneo.net\\\/wordpress\\\/wp-content\\\/uploads\\\/2025\\\/11\\\/9788485209934.jpg\",\"width\":283,\"height\":400},{\"@type\":\"BreadcrumbList\",\"@id\":\"https:\\\/\\\/zapateneo.net\\\/wordpress\\\/index.php\\\/producto\\\/liberacion-revolucion-cultural-y-contrarrevolucion\\\/#breadcrumb\",\"itemListElement\":[{\"@type\":\"ListItem\",\"position\":1,\"name\":\"Portada\",\"item\":\"https:\\\/\\\/zapateneo.net\\\/wordpress\\\/\"},{\"@type\":\"ListItem\",\"position\":2,\"name\":\"Tienda\",\"item\":\"https:\\\/\\\/zapateneo.net\\\/wordpress\\\/\"},{\"@type\":\"ListItem\",\"position\":3,\"name\":\"Liberaci\u00f3n, revoluci\u00f3n cultural y contrarrevoluci\u00f3n\"}]},{\"@type\":\"WebSite\",\"@id\":\"https:\\\/\\\/zapateneo.net\\\/wordpress\\\/#website\",\"url\":\"https:\\\/\\\/zapateneo.net\\\/wordpress\\\/\",\"name\":\"Zapateneo\",\"description\":\"Zapateneoaren webgunea\",\"publisher\":{\"@id\":\"https:\\\/\\\/zapateneo.net\\\/wordpress\\\/#organization\"},\"potentialAction\":[{\"@type\":\"SearchAction\",\"target\":{\"@type\":\"EntryPoint\",\"urlTemplate\":\"https:\\\/\\\/zapateneo.net\\\/wordpress\\\/?s={search_term_string}\"},\"query-input\":{\"@type\":\"PropertyValueSpecification\",\"valueRequired\":true,\"valueName\":\"search_term_string\"}}],\"inLanguage\":\"es\"},{\"@type\":\"Organization\",\"@id\":\"https:\\\/\\\/zapateneo.net\\\/wordpress\\\/#organization\",\"name\":\"Zapateneo Kultur Elkartea\",\"url\":\"https:\\\/\\\/zapateneo.net\\\/wordpress\\\/\",\"logo\":{\"@type\":\"ImageObject\",\"inLanguage\":\"es\",\"@id\":\"https:\\\/\\\/zapateneo.net\\\/wordpress\\\/#\\\/schema\\\/logo\\\/image\\\/\",\"url\":\"https:\\\/\\\/zapateneo.net\\\/wordpress\\\/wp-content\\\/uploads\\\/2021\\\/04\\\/zap-libu-kolec.jpg\",\"contentUrl\":\"https:\\\/\\\/zapateneo.net\\\/wordpress\\\/wp-content\\\/uploads\\\/2021\\\/04\\\/zap-libu-kolec.jpg\",\"width\":2234,\"height\":398,\"caption\":\"Zapateneo Kultur Elkartea\"},\"image\":{\"@id\":\"https:\\\/\\\/zapateneo.net\\\/wordpress\\\/#\\\/schema\\\/logo\\\/image\\\/\"},\"sameAs\":[\"https:\\\/\\\/x.com\\\/zapateneo\"]}]}<\/script>\n<!-- \/ Yoast SEO plugin. -->","yoast_head_json":{"title":"Liberaci\u00f3n, revoluci\u00f3n cultural y contrarrevoluci\u00f3n &#8212; Zapateneo","robots":{"index":"index","follow":"follow","max-snippet":"max-snippet:-1","max-image-preview":"max-image-preview:large","max-video-preview":"max-video-preview:-1"},"canonical":"https:\/\/zapateneo.net\/wordpress\/index.php\/producto\/liberacion-revolucion-cultural-y-contrarrevolucion\/","og_locale":"es_ES","og_type":"article","og_title":"Liberaci\u00f3n, revoluci\u00f3n cultural y contrarrevoluci\u00f3n &#8212; Zapateneo","og_description":"Herbert Marcuse 9788485209934 - Irrecuperables - 2025 - 304 p\u00e1ginas \/orri.","og_url":"https:\/\/zapateneo.net\/wordpress\/index.php\/producto\/liberacion-revolucion-cultural-y-contrarrevolucion\/","og_site_name":"Zapateneo","article_modified_time":"2025-11-29T09:28:44+00:00","twitter_card":"summary_large_image","twitter_site":"@zapateneo","twitter_misc":{"Tiempo de lectura":"2 minutos"},"schema":{"@context":"https:\/\/schema.org","@graph":[{"@type":"WebPage","@id":"https:\/\/zapateneo.net\/wordpress\/index.php\/producto\/liberacion-revolucion-cultural-y-contrarrevolucion\/","url":"https:\/\/zapateneo.net\/wordpress\/index.php\/producto\/liberacion-revolucion-cultural-y-contrarrevolucion\/","name":"Liberaci\u00f3n, revoluci\u00f3n cultural y contrarrevoluci\u00f3n &#8212; Zapateneo","isPartOf":{"@id":"https:\/\/zapateneo.net\/wordpress\/#website"},"primaryImageOfPage":{"@id":"https:\/\/zapateneo.net\/wordpress\/index.php\/producto\/liberacion-revolucion-cultural-y-contrarrevolucion\/#primaryimage"},"image":{"@id":"https:\/\/zapateneo.net\/wordpress\/index.php\/producto\/liberacion-revolucion-cultural-y-contrarrevolucion\/#primaryimage"},"thumbnailUrl":"https:\/\/zapateneo.net\/wordpress\/wp-content\/uploads\/2025\/11\/9788485209934.jpg","datePublished":"2025-11-29T09:28:24+00:00","dateModified":"2025-11-29T09:28:44+00:00","breadcrumb":{"@id":"https:\/\/zapateneo.net\/wordpress\/index.php\/producto\/liberacion-revolucion-cultural-y-contrarrevolucion\/#breadcrumb"},"inLanguage":"es","potentialAction":[{"@type":"ReadAction","target":["https:\/\/zapateneo.net\/wordpress\/index.php\/producto\/liberacion-revolucion-cultural-y-contrarrevolucion\/"]}]},{"@type":"ImageObject","inLanguage":"es","@id":"https:\/\/zapateneo.net\/wordpress\/index.php\/producto\/liberacion-revolucion-cultural-y-contrarrevolucion\/#primaryimage","url":"https:\/\/zapateneo.net\/wordpress\/wp-content\/uploads\/2025\/11\/9788485209934.jpg","contentUrl":"https:\/\/zapateneo.net\/wordpress\/wp-content\/uploads\/2025\/11\/9788485209934.jpg","width":283,"height":400},{"@type":"BreadcrumbList","@id":"https:\/\/zapateneo.net\/wordpress\/index.php\/producto\/liberacion-revolucion-cultural-y-contrarrevolucion\/#breadcrumb","itemListElement":[{"@type":"ListItem","position":1,"name":"Portada","item":"https:\/\/zapateneo.net\/wordpress\/"},{"@type":"ListItem","position":2,"name":"Tienda","item":"https:\/\/zapateneo.net\/wordpress\/"},{"@type":"ListItem","position":3,"name":"Liberaci\u00f3n, revoluci\u00f3n cultural y contrarrevoluci\u00f3n"}]},{"@type":"WebSite","@id":"https:\/\/zapateneo.net\/wordpress\/#website","url":"https:\/\/zapateneo.net\/wordpress\/","name":"Zapateneo","description":"Zapateneoaren webgunea","publisher":{"@id":"https:\/\/zapateneo.net\/wordpress\/#organization"},"potentialAction":[{"@type":"SearchAction","target":{"@type":"EntryPoint","urlTemplate":"https:\/\/zapateneo.net\/wordpress\/?s={search_term_string}"},"query-input":{"@type":"PropertyValueSpecification","valueRequired":true,"valueName":"search_term_string"}}],"inLanguage":"es"},{"@type":"Organization","@id":"https:\/\/zapateneo.net\/wordpress\/#organization","name":"Zapateneo Kultur Elkartea","url":"https:\/\/zapateneo.net\/wordpress\/","logo":{"@type":"ImageObject","inLanguage":"es","@id":"https:\/\/zapateneo.net\/wordpress\/#\/schema\/logo\/image\/","url":"https:\/\/zapateneo.net\/wordpress\/wp-content\/uploads\/2021\/04\/zap-libu-kolec.jpg","contentUrl":"https:\/\/zapateneo.net\/wordpress\/wp-content\/uploads\/2021\/04\/zap-libu-kolec.jpg","width":2234,"height":398,"caption":"Zapateneo Kultur Elkartea"},"image":{"@id":"https:\/\/zapateneo.net\/wordpress\/#\/schema\/logo\/image\/"},"sameAs":["https:\/\/x.com\/zapateneo"]}]}},"_links":{"self":[{"href":"https:\/\/zapateneo.net\/wordpress\/index.php\/wp-json\/wp\/v2\/product\/16311","targetHints":{"allow":["GET"]}}],"collection":[{"href":"https:\/\/zapateneo.net\/wordpress\/index.php\/wp-json\/wp\/v2\/product"}],"about":[{"href":"https:\/\/zapateneo.net\/wordpress\/index.php\/wp-json\/wp\/v2\/types\/product"}],"wp:featuredmedia":[{"embeddable":true,"href":"https:\/\/zapateneo.net\/wordpress\/index.php\/wp-json\/wp\/v2\/media\/16330"}],"wp:attachment":[{"href":"https:\/\/zapateneo.net\/wordpress\/index.php\/wp-json\/wp\/v2\/media?parent=16311"}],"wp:term":[{"taxonomy":"product_brand","embeddable":true,"href":"https:\/\/zapateneo.net\/wordpress\/index.php\/wp-json\/wp\/v2\/product_brand?post=16311"},{"taxonomy":"product_cat","embeddable":true,"href":"https:\/\/zapateneo.net\/wordpress\/index.php\/wp-json\/wp\/v2\/product_cat?post=16311"},{"taxonomy":"product_tag","embeddable":true,"href":"https:\/\/zapateneo.net\/wordpress\/index.php\/wp-json\/wp\/v2\/product_tag?post=16311"}],"curies":[{"name":"wp","href":"https:\/\/api.w.org\/{rel}","templated":true}]}}