{"id":16310,"date":"2025-11-29T10:28:24","date_gmt":"2025-11-29T09:28:24","guid":{"rendered":"https:\/\/zapateneo.net\/wordpress\/?post_type=product&#038;p=16310"},"modified":"2025-11-29T10:28:43","modified_gmt":"2025-11-29T09:28:43","slug":"la-filosofia-de-la-practica-textos-marxistas-seleccionados","status":"publish","type":"product","link":"https:\/\/zapateneo.net\/wordpress\/index.php\/producto\/la-filosofia-de-la-practica-textos-marxistas-seleccionados\/","title":{"rendered":"La filosof\u00eda de la pr\u00e0ctica. Textos marxistas seleccionados"},"content":{"rendered":"<p>Los textos dispersos que Manuel Sacrist\u00e1n redact\u00f3 entre 1957 y 1983 sobre Marx y el pensamiento marxista se re\u00fanen aqu\u00ed por primera vez en forma de libro. Se trata de conferencias, art\u00edculos de revistas y pr\u00f3logos a libros en los que destaca como denominador com\u00fan la firme voluntad de dar a conocer las ideas de Marx y las distintas maneras en que estas fueron asimiladas y utilizadas como est\u00edmulo, pauta y arma en el avance te\u00f3rico y en la pr\u00e1ctica pol\u00edtica.<\/p>\n<p>Como profesor universitario y como incansable traductor, Sacrist\u00e1n contribuy\u00f3 notablemente a la introducci\u00f3n en Espa\u00f1a de dos perspectivas importantes de la filosof\u00eda del siglo XX: la l\u00f3gica formal y el pensamiento marxista, ambas voluntariamente omitidas en el panorama intelectual de las primeras d\u00e9cadas del franquismo. Desde estas perspectivas Sacrist\u00e1n someti\u00f3 a cr\u00edtica otros enfoques de la filosof\u00eda contempor\u00e1nea de gran impacto como el de Heidegger \u2013tema de su tesis doctoral\u2013 y el neopositivista. Ocurre que una pre- ocupaci\u00f3n constante en el trabajo intelectual de Manuel Sacrist\u00e1n es la relaci\u00f3n entre las ciencias positivas y el pensamiento marxista. Si bien la metaf\u00edsica hegeliana ofrece un punto 2 de apoyo parala metodolog\u00eda cient\u00edfico-social, que Marx supo aprovechar para la elaboraci\u00f3n de El capital superando el reduccionismo positivista dela sociolog\u00eda al servicio del orden social liberal, por otro lado, este bagaje obstaculiz\u00f3 \u2013como elabora Sacrist\u00e1n tenazmente en los textos sobre Marx como cient\u00edfico, sobre Lenin como cr\u00edtico de Mach, sobre Luk\u00e1cs y Gramsci\u2013 la compenetraci\u00f3n de las ciencias positivas y delas teor\u00edas marxistas, absolutamente necesarias para ambos, lo que se hizo evidente en el desarrollo de la URSS.<\/p>\n<p>La presente edici\u00f3n ha sido compilada por Miguel Manzanera Salavert, quien tambi\u00e9n firma el pr\u00f3logo. Se ha a\u00f1adido adem\u00e1s un ep\u00edlogo de Francisco Fern\u00e1ndez Buey.<\/p>\n","protected":false},"excerpt":{"rendered":"<p><strong>Manuel Sacrist\u00e1n Luz\u00f3n<\/strong><br \/>\n9788485209835 &#8211; Irrecuperables &#8211; 2025 &#8211; 532 p\u00e1ginas \/orri.<\/p>\n","protected":false},"featured_media":16329,"template":"","meta":[],"product_brand":[],"product_cat":[16,176],"product_tag":[2960,7291],"class_list":{"0":"post-16310","1":"product","2":"type-product","3":"status-publish","4":"has-post-thumbnail","6":"product_cat-libros","7":"product_cat-marxismoa-marxismo","8":"product_tag-irrecuperables","9":"product_tag-manuel-sacristan-luzon","11":"first","12":"instock","13":"sold-individually","14":"shipping-taxable","15":"purchasable","16":"product-type-simple"},"yoast_head":"<!-- This site is optimized with the Yoast SEO plugin v27.3 - https:\/\/yoast.com\/product\/yoast-seo-wordpress\/ -->\n<title>La filosof\u00eda de la pr\u00e0ctica. Textos marxistas seleccionados &#8212; Zapateneo<\/title>\n<meta name=\"robots\" content=\"index, follow, max-snippet:-1, max-image-preview:large, max-video-preview:-1\" \/>\n<link rel=\"canonical\" href=\"https:\/\/zapateneo.net\/wordpress\/index.php\/producto\/la-filosofia-de-la-practica-textos-marxistas-seleccionados\/\" \/>\n<meta property=\"og:locale\" content=\"es_ES\" \/>\n<meta property=\"og:type\" content=\"article\" \/>\n<meta property=\"og:title\" content=\"La filosof\u00eda de la pr\u00e0ctica. Textos marxistas seleccionados &#8212; Zapateneo\" \/>\n<meta property=\"og:description\" content=\"Manuel Sacrist\u00e1n Luz\u00f3n 9788485209835 - Irrecuperables - 2025 - 532 p\u00e1ginas \/orri.\" \/>\n<meta property=\"og:url\" content=\"https:\/\/zapateneo.net\/wordpress\/index.php\/producto\/la-filosofia-de-la-practica-textos-marxistas-seleccionados\/\" \/>\n<meta property=\"og:site_name\" content=\"Zapateneo\" \/>\n<meta property=\"article:modified_time\" content=\"2025-11-29T09:28:43+00:00\" \/>\n<meta name=\"twitter:card\" content=\"summary_large_image\" \/>\n<meta name=\"twitter:site\" content=\"@zapateneo\" \/>\n<meta name=\"twitter:label1\" content=\"Tiempo de lectura\" \/>\n\t<meta name=\"twitter:data1\" content=\"2 minutos\" \/>\n<script type=\"application\/ld+json\" class=\"yoast-schema-graph\">{\"@context\":\"https:\\\/\\\/schema.org\",\"@graph\":[{\"@type\":\"WebPage\",\"@id\":\"https:\\\/\\\/zapateneo.net\\\/wordpress\\\/index.php\\\/producto\\\/la-filosofia-de-la-practica-textos-marxistas-seleccionados\\\/\",\"url\":\"https:\\\/\\\/zapateneo.net\\\/wordpress\\\/index.php\\\/producto\\\/la-filosofia-de-la-practica-textos-marxistas-seleccionados\\\/\",\"name\":\"La filosof\u00eda de la pr\u00e0ctica. Textos marxistas seleccionados &#8212; Zapateneo\",\"isPartOf\":{\"@id\":\"https:\\\/\\\/zapateneo.net\\\/wordpress\\\/#website\"},\"primaryImageOfPage\":{\"@id\":\"https:\\\/\\\/zapateneo.net\\\/wordpress\\\/index.php\\\/producto\\\/la-filosofia-de-la-practica-textos-marxistas-seleccionados\\\/#primaryimage\"},\"image\":{\"@id\":\"https:\\\/\\\/zapateneo.net\\\/wordpress\\\/index.php\\\/producto\\\/la-filosofia-de-la-practica-textos-marxistas-seleccionados\\\/#primaryimage\"},\"thumbnailUrl\":\"https:\\\/\\\/zapateneo.net\\\/wordpress\\\/wp-content\\\/uploads\\\/2025\\\/11\\\/9788485209835.jpg\",\"datePublished\":\"2025-11-29T09:28:24+00:00\",\"dateModified\":\"2025-11-29T09:28:43+00:00\",\"breadcrumb\":{\"@id\":\"https:\\\/\\\/zapateneo.net\\\/wordpress\\\/index.php\\\/producto\\\/la-filosofia-de-la-practica-textos-marxistas-seleccionados\\\/#breadcrumb\"},\"inLanguage\":\"es\",\"potentialAction\":[{\"@type\":\"ReadAction\",\"target\":[\"https:\\\/\\\/zapateneo.net\\\/wordpress\\\/index.php\\\/producto\\\/la-filosofia-de-la-practica-textos-marxistas-seleccionados\\\/\"]}]},{\"@type\":\"ImageObject\",\"inLanguage\":\"es\",\"@id\":\"https:\\\/\\\/zapateneo.net\\\/wordpress\\\/index.php\\\/producto\\\/la-filosofia-de-la-practica-textos-marxistas-seleccionados\\\/#primaryimage\",\"url\":\"https:\\\/\\\/zapateneo.net\\\/wordpress\\\/wp-content\\\/uploads\\\/2025\\\/11\\\/9788485209835.jpg\",\"contentUrl\":\"https:\\\/\\\/zapateneo.net\\\/wordpress\\\/wp-content\\\/uploads\\\/2025\\\/11\\\/9788485209835.jpg\",\"width\":295,\"height\":400},{\"@type\":\"BreadcrumbList\",\"@id\":\"https:\\\/\\\/zapateneo.net\\\/wordpress\\\/index.php\\\/producto\\\/la-filosofia-de-la-practica-textos-marxistas-seleccionados\\\/#breadcrumb\",\"itemListElement\":[{\"@type\":\"ListItem\",\"position\":1,\"name\":\"Portada\",\"item\":\"https:\\\/\\\/zapateneo.net\\\/wordpress\\\/\"},{\"@type\":\"ListItem\",\"position\":2,\"name\":\"Tienda\",\"item\":\"https:\\\/\\\/zapateneo.net\\\/wordpress\\\/\"},{\"@type\":\"ListItem\",\"position\":3,\"name\":\"La filosof\u00eda de la pr\u00e0ctica. Textos marxistas seleccionados\"}]},{\"@type\":\"WebSite\",\"@id\":\"https:\\\/\\\/zapateneo.net\\\/wordpress\\\/#website\",\"url\":\"https:\\\/\\\/zapateneo.net\\\/wordpress\\\/\",\"name\":\"Zapateneo\",\"description\":\"Zapateneoaren webgunea\",\"publisher\":{\"@id\":\"https:\\\/\\\/zapateneo.net\\\/wordpress\\\/#organization\"},\"potentialAction\":[{\"@type\":\"SearchAction\",\"target\":{\"@type\":\"EntryPoint\",\"urlTemplate\":\"https:\\\/\\\/zapateneo.net\\\/wordpress\\\/?s={search_term_string}\"},\"query-input\":{\"@type\":\"PropertyValueSpecification\",\"valueRequired\":true,\"valueName\":\"search_term_string\"}}],\"inLanguage\":\"es\"},{\"@type\":\"Organization\",\"@id\":\"https:\\\/\\\/zapateneo.net\\\/wordpress\\\/#organization\",\"name\":\"Zapateneo Kultur Elkartea\",\"url\":\"https:\\\/\\\/zapateneo.net\\\/wordpress\\\/\",\"logo\":{\"@type\":\"ImageObject\",\"inLanguage\":\"es\",\"@id\":\"https:\\\/\\\/zapateneo.net\\\/wordpress\\\/#\\\/schema\\\/logo\\\/image\\\/\",\"url\":\"https:\\\/\\\/zapateneo.net\\\/wordpress\\\/wp-content\\\/uploads\\\/2021\\\/04\\\/zap-libu-kolec.jpg\",\"contentUrl\":\"https:\\\/\\\/zapateneo.net\\\/wordpress\\\/wp-content\\\/uploads\\\/2021\\\/04\\\/zap-libu-kolec.jpg\",\"width\":2234,\"height\":398,\"caption\":\"Zapateneo Kultur Elkartea\"},\"image\":{\"@id\":\"https:\\\/\\\/zapateneo.net\\\/wordpress\\\/#\\\/schema\\\/logo\\\/image\\\/\"},\"sameAs\":[\"https:\\\/\\\/x.com\\\/zapateneo\"]}]}<\/script>\n<!-- \/ Yoast SEO plugin. -->","yoast_head_json":{"title":"La filosof\u00eda de la pr\u00e0ctica. Textos marxistas seleccionados &#8212; Zapateneo","robots":{"index":"index","follow":"follow","max-snippet":"max-snippet:-1","max-image-preview":"max-image-preview:large","max-video-preview":"max-video-preview:-1"},"canonical":"https:\/\/zapateneo.net\/wordpress\/index.php\/producto\/la-filosofia-de-la-practica-textos-marxistas-seleccionados\/","og_locale":"es_ES","og_type":"article","og_title":"La filosof\u00eda de la pr\u00e0ctica. Textos marxistas seleccionados &#8212; Zapateneo","og_description":"Manuel Sacrist\u00e1n Luz\u00f3n 9788485209835 - Irrecuperables - 2025 - 532 p\u00e1ginas \/orri.","og_url":"https:\/\/zapateneo.net\/wordpress\/index.php\/producto\/la-filosofia-de-la-practica-textos-marxistas-seleccionados\/","og_site_name":"Zapateneo","article_modified_time":"2025-11-29T09:28:43+00:00","twitter_card":"summary_large_image","twitter_site":"@zapateneo","twitter_misc":{"Tiempo de lectura":"2 minutos"},"schema":{"@context":"https:\/\/schema.org","@graph":[{"@type":"WebPage","@id":"https:\/\/zapateneo.net\/wordpress\/index.php\/producto\/la-filosofia-de-la-practica-textos-marxistas-seleccionados\/","url":"https:\/\/zapateneo.net\/wordpress\/index.php\/producto\/la-filosofia-de-la-practica-textos-marxistas-seleccionados\/","name":"La filosof\u00eda de la pr\u00e0ctica. Textos marxistas seleccionados &#8212; Zapateneo","isPartOf":{"@id":"https:\/\/zapateneo.net\/wordpress\/#website"},"primaryImageOfPage":{"@id":"https:\/\/zapateneo.net\/wordpress\/index.php\/producto\/la-filosofia-de-la-practica-textos-marxistas-seleccionados\/#primaryimage"},"image":{"@id":"https:\/\/zapateneo.net\/wordpress\/index.php\/producto\/la-filosofia-de-la-practica-textos-marxistas-seleccionados\/#primaryimage"},"thumbnailUrl":"https:\/\/zapateneo.net\/wordpress\/wp-content\/uploads\/2025\/11\/9788485209835.jpg","datePublished":"2025-11-29T09:28:24+00:00","dateModified":"2025-11-29T09:28:43+00:00","breadcrumb":{"@id":"https:\/\/zapateneo.net\/wordpress\/index.php\/producto\/la-filosofia-de-la-practica-textos-marxistas-seleccionados\/#breadcrumb"},"inLanguage":"es","potentialAction":[{"@type":"ReadAction","target":["https:\/\/zapateneo.net\/wordpress\/index.php\/producto\/la-filosofia-de-la-practica-textos-marxistas-seleccionados\/"]}]},{"@type":"ImageObject","inLanguage":"es","@id":"https:\/\/zapateneo.net\/wordpress\/index.php\/producto\/la-filosofia-de-la-practica-textos-marxistas-seleccionados\/#primaryimage","url":"https:\/\/zapateneo.net\/wordpress\/wp-content\/uploads\/2025\/11\/9788485209835.jpg","contentUrl":"https:\/\/zapateneo.net\/wordpress\/wp-content\/uploads\/2025\/11\/9788485209835.jpg","width":295,"height":400},{"@type":"BreadcrumbList","@id":"https:\/\/zapateneo.net\/wordpress\/index.php\/producto\/la-filosofia-de-la-practica-textos-marxistas-seleccionados\/#breadcrumb","itemListElement":[{"@type":"ListItem","position":1,"name":"Portada","item":"https:\/\/zapateneo.net\/wordpress\/"},{"@type":"ListItem","position":2,"name":"Tienda","item":"https:\/\/zapateneo.net\/wordpress\/"},{"@type":"ListItem","position":3,"name":"La filosof\u00eda de la pr\u00e0ctica. Textos marxistas seleccionados"}]},{"@type":"WebSite","@id":"https:\/\/zapateneo.net\/wordpress\/#website","url":"https:\/\/zapateneo.net\/wordpress\/","name":"Zapateneo","description":"Zapateneoaren webgunea","publisher":{"@id":"https:\/\/zapateneo.net\/wordpress\/#organization"},"potentialAction":[{"@type":"SearchAction","target":{"@type":"EntryPoint","urlTemplate":"https:\/\/zapateneo.net\/wordpress\/?s={search_term_string}"},"query-input":{"@type":"PropertyValueSpecification","valueRequired":true,"valueName":"search_term_string"}}],"inLanguage":"es"},{"@type":"Organization","@id":"https:\/\/zapateneo.net\/wordpress\/#organization","name":"Zapateneo Kultur Elkartea","url":"https:\/\/zapateneo.net\/wordpress\/","logo":{"@type":"ImageObject","inLanguage":"es","@id":"https:\/\/zapateneo.net\/wordpress\/#\/schema\/logo\/image\/","url":"https:\/\/zapateneo.net\/wordpress\/wp-content\/uploads\/2021\/04\/zap-libu-kolec.jpg","contentUrl":"https:\/\/zapateneo.net\/wordpress\/wp-content\/uploads\/2021\/04\/zap-libu-kolec.jpg","width":2234,"height":398,"caption":"Zapateneo Kultur Elkartea"},"image":{"@id":"https:\/\/zapateneo.net\/wordpress\/#\/schema\/logo\/image\/"},"sameAs":["https:\/\/x.com\/zapateneo"]}]}},"_links":{"self":[{"href":"https:\/\/zapateneo.net\/wordpress\/index.php\/wp-json\/wp\/v2\/product\/16310","targetHints":{"allow":["GET"]}}],"collection":[{"href":"https:\/\/zapateneo.net\/wordpress\/index.php\/wp-json\/wp\/v2\/product"}],"about":[{"href":"https:\/\/zapateneo.net\/wordpress\/index.php\/wp-json\/wp\/v2\/types\/product"}],"wp:featuredmedia":[{"embeddable":true,"href":"https:\/\/zapateneo.net\/wordpress\/index.php\/wp-json\/wp\/v2\/media\/16329"}],"wp:attachment":[{"href":"https:\/\/zapateneo.net\/wordpress\/index.php\/wp-json\/wp\/v2\/media?parent=16310"}],"wp:term":[{"taxonomy":"product_brand","embeddable":true,"href":"https:\/\/zapateneo.net\/wordpress\/index.php\/wp-json\/wp\/v2\/product_brand?post=16310"},{"taxonomy":"product_cat","embeddable":true,"href":"https:\/\/zapateneo.net\/wordpress\/index.php\/wp-json\/wp\/v2\/product_cat?post=16310"},{"taxonomy":"product_tag","embeddable":true,"href":"https:\/\/zapateneo.net\/wordpress\/index.php\/wp-json\/wp\/v2\/product_tag?post=16310"}],"curies":[{"name":"wp","href":"https:\/\/api.w.org\/{rel}","templated":true}]}}