{"id":16308,"date":"2025-11-29T10:28:22","date_gmt":"2025-11-29T09:28:22","guid":{"rendered":"https:\/\/zapateneo.net\/wordpress\/?post_type=product&#038;p=16308"},"modified":"2025-11-29T10:28:41","modified_gmt":"2025-11-29T09:28:41","slug":"una-bolsa-de-semillas-ciencia-ficcion-feminista-en-abya-yala","status":"publish","type":"product","link":"https:\/\/zapateneo.net\/wordpress\/index.php\/producto\/una-bolsa-de-semillas-ciencia-ficcion-feminista-en-abya-yala\/","title":{"rendered":"Una bolsa de semillas. Ciencia ficci\u00f3n feminista en Abya Yala"},"content":{"rendered":"<p>\u00bfQu\u00e9 es la ciencia ficci\u00f3n feminista de Abya Yala\/Am\u00e9rica Latina? \u00bfQu\u00e9 surge cuando nos proponemos escribir historias de ciencia ficci\u00f3n sin la arrogancia de la ciencia occidental? \u00bfQu\u00e9 aprendemos cuando dejamos de considerar la racionalidad objetiva como la principal forma de producci\u00f3n de conocimiento y comprensi\u00f3n de la realidad? \u00bfQu\u00e9 vemos cuando descartamos la universalizaci\u00f3n de una visi\u00f3n patriarcal, blanca, cisheteronormativa, individualista y capacitista?<\/p>\n<p>A trav\u00e9s de los relatos de once artistas y activistas feministas y disidentes sexogen\u00e9ricos de Abya Yala buscamos abordar estas preguntas desde historias situadas en cuerpos-territorios concretos y visiones de la ciencia ancladas en formas de transmisi\u00f3n y protecci\u00f3n de saberes en comunidad.<\/p>\n<p>Con textos de: Ange Cayuman, Asami Ortiz, ch\u2019ixi proxy, Diana Thalia Jim\u00e9nez Mart\u00ednez, La Alda, Josefa Ruiz-Tagle, Malicia Sabina, Paulx Gialdroni, Rae del Cerro, Rastros de Di\u00f3genes, Thabata Lorena.<\/p>\n","protected":false},"excerpt":{"rendered":"<p><strong>vvaa<\/strong><br \/>\n9786599211768 &#8211; Coding Rights,Musea M.A.M.I. &#8211; 2025 &#8211; 201 p\u00e1ginas \/orri.<\/p>\n","protected":false},"featured_media":16327,"template":"","meta":[],"product_brand":[],"product_cat":[16,187],"product_tag":[7288,7289,6967],"class_list":{"0":"post-16308","1":"product","2":"type-product","3":"status-publish","4":"has-post-thumbnail","6":"product_cat-libros","7":"product_cat-narratiba-narrativa","8":"product_tag-coding-rights","9":"product_tag-musea-m-a-m-i","10":"product_tag-vvaa","12":"first","13":"instock","14":"sold-individually","15":"shipping-taxable","16":"purchasable","17":"product-type-simple"},"yoast_head":"<!-- This site is optimized with the Yoast SEO plugin v27.3 - https:\/\/yoast.com\/product\/yoast-seo-wordpress\/ -->\n<title>Una bolsa de semillas. Ciencia ficci\u00f3n feminista en Abya Yala &#8212; Zapateneo<\/title>\n<meta name=\"robots\" content=\"index, follow, max-snippet:-1, max-image-preview:large, max-video-preview:-1\" \/>\n<link rel=\"canonical\" href=\"https:\/\/zapateneo.net\/wordpress\/index.php\/producto\/una-bolsa-de-semillas-ciencia-ficcion-feminista-en-abya-yala\/\" \/>\n<meta property=\"og:locale\" content=\"es_ES\" \/>\n<meta property=\"og:type\" content=\"article\" \/>\n<meta property=\"og:title\" content=\"Una bolsa de semillas. Ciencia ficci\u00f3n feminista en Abya Yala &#8212; Zapateneo\" \/>\n<meta property=\"og:description\" content=\"vvaa 9786599211768 - Coding Rights,Musea M.A.M.I. - 2025 - 201 p\u00e1ginas \/orri.\" \/>\n<meta property=\"og:url\" content=\"https:\/\/zapateneo.net\/wordpress\/index.php\/producto\/una-bolsa-de-semillas-ciencia-ficcion-feminista-en-abya-yala\/\" \/>\n<meta property=\"og:site_name\" content=\"Zapateneo\" \/>\n<meta property=\"article:modified_time\" content=\"2025-11-29T09:28:41+00:00\" \/>\n<meta name=\"twitter:card\" content=\"summary_large_image\" \/>\n<meta name=\"twitter:site\" content=\"@zapateneo\" \/>\n<meta name=\"twitter:label1\" content=\"Tiempo de lectura\" \/>\n\t<meta name=\"twitter:data1\" content=\"1 minuto\" \/>\n<script type=\"application\/ld+json\" class=\"yoast-schema-graph\">{\"@context\":\"https:\\\/\\\/schema.org\",\"@graph\":[{\"@type\":\"WebPage\",\"@id\":\"https:\\\/\\\/zapateneo.net\\\/wordpress\\\/index.php\\\/producto\\\/una-bolsa-de-semillas-ciencia-ficcion-feminista-en-abya-yala\\\/\",\"url\":\"https:\\\/\\\/zapateneo.net\\\/wordpress\\\/index.php\\\/producto\\\/una-bolsa-de-semillas-ciencia-ficcion-feminista-en-abya-yala\\\/\",\"name\":\"Una bolsa de semillas. Ciencia ficci\u00f3n feminista en Abya Yala &#8212; Zapateneo\",\"isPartOf\":{\"@id\":\"https:\\\/\\\/zapateneo.net\\\/wordpress\\\/#website\"},\"primaryImageOfPage\":{\"@id\":\"https:\\\/\\\/zapateneo.net\\\/wordpress\\\/index.php\\\/producto\\\/una-bolsa-de-semillas-ciencia-ficcion-feminista-en-abya-yala\\\/#primaryimage\"},\"image\":{\"@id\":\"https:\\\/\\\/zapateneo.net\\\/wordpress\\\/index.php\\\/producto\\\/una-bolsa-de-semillas-ciencia-ficcion-feminista-en-abya-yala\\\/#primaryimage\"},\"thumbnailUrl\":\"https:\\\/\\\/zapateneo.net\\\/wordpress\\\/wp-content\\\/uploads\\\/2025\\\/11\\\/9786599211768.jpeg\",\"datePublished\":\"2025-11-29T09:28:22+00:00\",\"dateModified\":\"2025-11-29T09:28:41+00:00\",\"breadcrumb\":{\"@id\":\"https:\\\/\\\/zapateneo.net\\\/wordpress\\\/index.php\\\/producto\\\/una-bolsa-de-semillas-ciencia-ficcion-feminista-en-abya-yala\\\/#breadcrumb\"},\"inLanguage\":\"es\",\"potentialAction\":[{\"@type\":\"ReadAction\",\"target\":[\"https:\\\/\\\/zapateneo.net\\\/wordpress\\\/index.php\\\/producto\\\/una-bolsa-de-semillas-ciencia-ficcion-feminista-en-abya-yala\\\/\"]}]},{\"@type\":\"ImageObject\",\"inLanguage\":\"es\",\"@id\":\"https:\\\/\\\/zapateneo.net\\\/wordpress\\\/index.php\\\/producto\\\/una-bolsa-de-semillas-ciencia-ficcion-feminista-en-abya-yala\\\/#primaryimage\",\"url\":\"https:\\\/\\\/zapateneo.net\\\/wordpress\\\/wp-content\\\/uploads\\\/2025\\\/11\\\/9786599211768.jpeg\",\"contentUrl\":\"https:\\\/\\\/zapateneo.net\\\/wordpress\\\/wp-content\\\/uploads\\\/2025\\\/11\\\/9786599211768.jpeg\",\"width\":182,\"height\":276},{\"@type\":\"BreadcrumbList\",\"@id\":\"https:\\\/\\\/zapateneo.net\\\/wordpress\\\/index.php\\\/producto\\\/una-bolsa-de-semillas-ciencia-ficcion-feminista-en-abya-yala\\\/#breadcrumb\",\"itemListElement\":[{\"@type\":\"ListItem\",\"position\":1,\"name\":\"Portada\",\"item\":\"https:\\\/\\\/zapateneo.net\\\/wordpress\\\/\"},{\"@type\":\"ListItem\",\"position\":2,\"name\":\"Tienda\",\"item\":\"https:\\\/\\\/zapateneo.net\\\/wordpress\\\/\"},{\"@type\":\"ListItem\",\"position\":3,\"name\":\"Una bolsa de semillas. Ciencia ficci\u00f3n feminista en Abya Yala\"}]},{\"@type\":\"WebSite\",\"@id\":\"https:\\\/\\\/zapateneo.net\\\/wordpress\\\/#website\",\"url\":\"https:\\\/\\\/zapateneo.net\\\/wordpress\\\/\",\"name\":\"Zapateneo\",\"description\":\"Zapateneoaren webgunea\",\"publisher\":{\"@id\":\"https:\\\/\\\/zapateneo.net\\\/wordpress\\\/#organization\"},\"potentialAction\":[{\"@type\":\"SearchAction\",\"target\":{\"@type\":\"EntryPoint\",\"urlTemplate\":\"https:\\\/\\\/zapateneo.net\\\/wordpress\\\/?s={search_term_string}\"},\"query-input\":{\"@type\":\"PropertyValueSpecification\",\"valueRequired\":true,\"valueName\":\"search_term_string\"}}],\"inLanguage\":\"es\"},{\"@type\":\"Organization\",\"@id\":\"https:\\\/\\\/zapateneo.net\\\/wordpress\\\/#organization\",\"name\":\"Zapateneo Kultur Elkartea\",\"url\":\"https:\\\/\\\/zapateneo.net\\\/wordpress\\\/\",\"logo\":{\"@type\":\"ImageObject\",\"inLanguage\":\"es\",\"@id\":\"https:\\\/\\\/zapateneo.net\\\/wordpress\\\/#\\\/schema\\\/logo\\\/image\\\/\",\"url\":\"https:\\\/\\\/zapateneo.net\\\/wordpress\\\/wp-content\\\/uploads\\\/2021\\\/04\\\/zap-libu-kolec.jpg\",\"contentUrl\":\"https:\\\/\\\/zapateneo.net\\\/wordpress\\\/wp-content\\\/uploads\\\/2021\\\/04\\\/zap-libu-kolec.jpg\",\"width\":2234,\"height\":398,\"caption\":\"Zapateneo Kultur Elkartea\"},\"image\":{\"@id\":\"https:\\\/\\\/zapateneo.net\\\/wordpress\\\/#\\\/schema\\\/logo\\\/image\\\/\"},\"sameAs\":[\"https:\\\/\\\/x.com\\\/zapateneo\"]}]}<\/script>\n<!-- \/ Yoast SEO plugin. -->","yoast_head_json":{"title":"Una bolsa de semillas. Ciencia ficci\u00f3n feminista en Abya Yala &#8212; Zapateneo","robots":{"index":"index","follow":"follow","max-snippet":"max-snippet:-1","max-image-preview":"max-image-preview:large","max-video-preview":"max-video-preview:-1"},"canonical":"https:\/\/zapateneo.net\/wordpress\/index.php\/producto\/una-bolsa-de-semillas-ciencia-ficcion-feminista-en-abya-yala\/","og_locale":"es_ES","og_type":"article","og_title":"Una bolsa de semillas. Ciencia ficci\u00f3n feminista en Abya Yala &#8212; Zapateneo","og_description":"vvaa 9786599211768 - Coding Rights,Musea M.A.M.I. - 2025 - 201 p\u00e1ginas \/orri.","og_url":"https:\/\/zapateneo.net\/wordpress\/index.php\/producto\/una-bolsa-de-semillas-ciencia-ficcion-feminista-en-abya-yala\/","og_site_name":"Zapateneo","article_modified_time":"2025-11-29T09:28:41+00:00","twitter_card":"summary_large_image","twitter_site":"@zapateneo","twitter_misc":{"Tiempo de lectura":"1 minuto"},"schema":{"@context":"https:\/\/schema.org","@graph":[{"@type":"WebPage","@id":"https:\/\/zapateneo.net\/wordpress\/index.php\/producto\/una-bolsa-de-semillas-ciencia-ficcion-feminista-en-abya-yala\/","url":"https:\/\/zapateneo.net\/wordpress\/index.php\/producto\/una-bolsa-de-semillas-ciencia-ficcion-feminista-en-abya-yala\/","name":"Una bolsa de semillas. Ciencia ficci\u00f3n feminista en Abya Yala &#8212; Zapateneo","isPartOf":{"@id":"https:\/\/zapateneo.net\/wordpress\/#website"},"primaryImageOfPage":{"@id":"https:\/\/zapateneo.net\/wordpress\/index.php\/producto\/una-bolsa-de-semillas-ciencia-ficcion-feminista-en-abya-yala\/#primaryimage"},"image":{"@id":"https:\/\/zapateneo.net\/wordpress\/index.php\/producto\/una-bolsa-de-semillas-ciencia-ficcion-feminista-en-abya-yala\/#primaryimage"},"thumbnailUrl":"https:\/\/zapateneo.net\/wordpress\/wp-content\/uploads\/2025\/11\/9786599211768.jpeg","datePublished":"2025-11-29T09:28:22+00:00","dateModified":"2025-11-29T09:28:41+00:00","breadcrumb":{"@id":"https:\/\/zapateneo.net\/wordpress\/index.php\/producto\/una-bolsa-de-semillas-ciencia-ficcion-feminista-en-abya-yala\/#breadcrumb"},"inLanguage":"es","potentialAction":[{"@type":"ReadAction","target":["https:\/\/zapateneo.net\/wordpress\/index.php\/producto\/una-bolsa-de-semillas-ciencia-ficcion-feminista-en-abya-yala\/"]}]},{"@type":"ImageObject","inLanguage":"es","@id":"https:\/\/zapateneo.net\/wordpress\/index.php\/producto\/una-bolsa-de-semillas-ciencia-ficcion-feminista-en-abya-yala\/#primaryimage","url":"https:\/\/zapateneo.net\/wordpress\/wp-content\/uploads\/2025\/11\/9786599211768.jpeg","contentUrl":"https:\/\/zapateneo.net\/wordpress\/wp-content\/uploads\/2025\/11\/9786599211768.jpeg","width":182,"height":276},{"@type":"BreadcrumbList","@id":"https:\/\/zapateneo.net\/wordpress\/index.php\/producto\/una-bolsa-de-semillas-ciencia-ficcion-feminista-en-abya-yala\/#breadcrumb","itemListElement":[{"@type":"ListItem","position":1,"name":"Portada","item":"https:\/\/zapateneo.net\/wordpress\/"},{"@type":"ListItem","position":2,"name":"Tienda","item":"https:\/\/zapateneo.net\/wordpress\/"},{"@type":"ListItem","position":3,"name":"Una bolsa de semillas. Ciencia ficci\u00f3n feminista en Abya Yala"}]},{"@type":"WebSite","@id":"https:\/\/zapateneo.net\/wordpress\/#website","url":"https:\/\/zapateneo.net\/wordpress\/","name":"Zapateneo","description":"Zapateneoaren webgunea","publisher":{"@id":"https:\/\/zapateneo.net\/wordpress\/#organization"},"potentialAction":[{"@type":"SearchAction","target":{"@type":"EntryPoint","urlTemplate":"https:\/\/zapateneo.net\/wordpress\/?s={search_term_string}"},"query-input":{"@type":"PropertyValueSpecification","valueRequired":true,"valueName":"search_term_string"}}],"inLanguage":"es"},{"@type":"Organization","@id":"https:\/\/zapateneo.net\/wordpress\/#organization","name":"Zapateneo Kultur Elkartea","url":"https:\/\/zapateneo.net\/wordpress\/","logo":{"@type":"ImageObject","inLanguage":"es","@id":"https:\/\/zapateneo.net\/wordpress\/#\/schema\/logo\/image\/","url":"https:\/\/zapateneo.net\/wordpress\/wp-content\/uploads\/2021\/04\/zap-libu-kolec.jpg","contentUrl":"https:\/\/zapateneo.net\/wordpress\/wp-content\/uploads\/2021\/04\/zap-libu-kolec.jpg","width":2234,"height":398,"caption":"Zapateneo Kultur Elkartea"},"image":{"@id":"https:\/\/zapateneo.net\/wordpress\/#\/schema\/logo\/image\/"},"sameAs":["https:\/\/x.com\/zapateneo"]}]}},"_links":{"self":[{"href":"https:\/\/zapateneo.net\/wordpress\/index.php\/wp-json\/wp\/v2\/product\/16308","targetHints":{"allow":["GET"]}}],"collection":[{"href":"https:\/\/zapateneo.net\/wordpress\/index.php\/wp-json\/wp\/v2\/product"}],"about":[{"href":"https:\/\/zapateneo.net\/wordpress\/index.php\/wp-json\/wp\/v2\/types\/product"}],"wp:featuredmedia":[{"embeddable":true,"href":"https:\/\/zapateneo.net\/wordpress\/index.php\/wp-json\/wp\/v2\/media\/16327"}],"wp:attachment":[{"href":"https:\/\/zapateneo.net\/wordpress\/index.php\/wp-json\/wp\/v2\/media?parent=16308"}],"wp:term":[{"taxonomy":"product_brand","embeddable":true,"href":"https:\/\/zapateneo.net\/wordpress\/index.php\/wp-json\/wp\/v2\/product_brand?post=16308"},{"taxonomy":"product_cat","embeddable":true,"href":"https:\/\/zapateneo.net\/wordpress\/index.php\/wp-json\/wp\/v2\/product_cat?post=16308"},{"taxonomy":"product_tag","embeddable":true,"href":"https:\/\/zapateneo.net\/wordpress\/index.php\/wp-json\/wp\/v2\/product_tag?post=16308"}],"curies":[{"name":"wp","href":"https:\/\/api.w.org\/{rel}","templated":true}]}}