{"id":16307,"date":"2025-11-29T10:28:21","date_gmt":"2025-11-29T09:28:21","guid":{"rendered":"https:\/\/zapateneo.net\/wordpress\/?post_type=product&#038;p=16307"},"modified":"2025-11-29T10:28:40","modified_gmt":"2025-11-29T09:28:40","slug":"la-sustancia-de-lo-que-se-espera-la-vida-de-la-mente-en-el-capitalismo-tardio","status":"publish","type":"product","link":"https:\/\/zapateneo.net\/wordpress\/index.php\/producto\/la-sustancia-de-lo-que-se-espera-la-vida-de-la-mente-en-el-capitalismo-tardio\/","title":{"rendered":"La sustancia de lo que se espera. La vida de la mente en el capitalismo tard\u00edo"},"content":{"rendered":"<p>\u00abLa sustancia de lo que se espera\u00bb es una cita de la Divina Comedia de Dante Alighieri que Paolo Virno utiliza para referirse al denominador com\u00fan de un sujeto particular: l*s comunistas.<\/p>\n<p>\u00bfQu\u00e9 esperan, seg\u00fan el autor, l*s comunistas? B\u00e1sicamente, tres cosas: la abolici\u00f3n del trabajo, la desaparici\u00f3n del Estado y una idea de igualdad que d\u00e9 cuenta de la singularidad \u00fanica e irrepetible de cada individuo.<\/p>\n<p>La dificultad radica en que estas tres instancias, si no se traducen en un conflicto centrado en las relaciones capitalistas de producci\u00f3n, son tambi\u00e9n la antesala de nuevas convulsiones sociales que Paolo Virno no vacila en denominar \u00abfacismo posmoderno\u00bb.<\/p>\n<p>Los art\u00edculos aqu\u00ed seleccionados, a\u00fan in\u00e9ditos en castellano, intentan dar cuenta de esta ambivalencia, subversiva y reaccionaria a la vez, para comprender las formas de vida contempor\u00e1neas desde el laboratorio marxiano<\/p>\n<p>El ep\u00edlogo de Marco Mazzeo que cierra este volumen explora una posible definici\u00f3n de la \u00abInteligencia Artificial\u00bb a partir de la noci\u00f3n de \u00abGeneral Intellect\u00bb extra\u00edda del \u00abFragmento sobre las m\u00e1quinas\u00bb de Karl Marx, y cuya lectura ha marcado toda la obra de Paolo Virno.<\/p>\n","protected":false},"excerpt":{"rendered":"<p><strong>Paolo Virno<\/strong><br \/>\n9788412683394 &#8211; Tercero incluido &#8211; 2025 &#8211; 130 p\u00e1ginas \/orri.<\/p>\n","protected":false},"featured_media":16326,"template":"","meta":[],"product_brand":[],"product_cat":[172,16],"product_tag":[926,74],"class_list":{"0":"post-16307","1":"product","2":"type-product","3":"status-publish","4":"has-post-thumbnail","6":"product_cat-ipuinak-cuentos","7":"product_cat-libros","8":"product_tag-paolo-virno","9":"product_tag-tercero-incluido","11":"first","12":"instock","13":"sold-individually","14":"shipping-taxable","15":"purchasable","16":"product-type-simple"},"yoast_head":"<!-- This site is optimized with the Yoast SEO plugin v27.3 - https:\/\/yoast.com\/product\/yoast-seo-wordpress\/ -->\n<title>La sustancia de lo que se espera. La vida de la mente en el capitalismo tard\u00edo &#8212; Zapateneo<\/title>\n<meta name=\"robots\" content=\"index, follow, max-snippet:-1, max-image-preview:large, max-video-preview:-1\" \/>\n<link rel=\"canonical\" href=\"https:\/\/zapateneo.net\/wordpress\/index.php\/producto\/la-sustancia-de-lo-que-se-espera-la-vida-de-la-mente-en-el-capitalismo-tardio\/\" \/>\n<meta property=\"og:locale\" content=\"es_ES\" \/>\n<meta property=\"og:type\" content=\"article\" \/>\n<meta property=\"og:title\" content=\"La sustancia de lo que se espera. La vida de la mente en el capitalismo tard\u00edo &#8212; Zapateneo\" \/>\n<meta property=\"og:description\" content=\"Paolo Virno 9788412683394 - Tercero incluido - 2025 - 130 p\u00e1ginas \/orri.\" \/>\n<meta property=\"og:url\" content=\"https:\/\/zapateneo.net\/wordpress\/index.php\/producto\/la-sustancia-de-lo-que-se-espera-la-vida-de-la-mente-en-el-capitalismo-tardio\/\" \/>\n<meta property=\"og:site_name\" content=\"Zapateneo\" \/>\n<meta property=\"article:modified_time\" content=\"2025-11-29T09:28:40+00:00\" \/>\n<meta name=\"twitter:card\" content=\"summary_large_image\" \/>\n<meta name=\"twitter:site\" content=\"@zapateneo\" \/>\n<meta name=\"twitter:label1\" content=\"Tiempo de lectura\" \/>\n\t<meta name=\"twitter:data1\" content=\"1 minuto\" \/>\n<script type=\"application\/ld+json\" class=\"yoast-schema-graph\">{\"@context\":\"https:\\\/\\\/schema.org\",\"@graph\":[{\"@type\":\"WebPage\",\"@id\":\"https:\\\/\\\/zapateneo.net\\\/wordpress\\\/index.php\\\/producto\\\/la-sustancia-de-lo-que-se-espera-la-vida-de-la-mente-en-el-capitalismo-tardio\\\/\",\"url\":\"https:\\\/\\\/zapateneo.net\\\/wordpress\\\/index.php\\\/producto\\\/la-sustancia-de-lo-que-se-espera-la-vida-de-la-mente-en-el-capitalismo-tardio\\\/\",\"name\":\"La sustancia de lo que se espera. La vida de la mente en el capitalismo tard\u00edo &#8212; Zapateneo\",\"isPartOf\":{\"@id\":\"https:\\\/\\\/zapateneo.net\\\/wordpress\\\/#website\"},\"primaryImageOfPage\":{\"@id\":\"https:\\\/\\\/zapateneo.net\\\/wordpress\\\/index.php\\\/producto\\\/la-sustancia-de-lo-que-se-espera-la-vida-de-la-mente-en-el-capitalismo-tardio\\\/#primaryimage\"},\"image\":{\"@id\":\"https:\\\/\\\/zapateneo.net\\\/wordpress\\\/index.php\\\/producto\\\/la-sustancia-de-lo-que-se-espera-la-vida-de-la-mente-en-el-capitalismo-tardio\\\/#primaryimage\"},\"thumbnailUrl\":\"https:\\\/\\\/zapateneo.net\\\/wordpress\\\/wp-content\\\/uploads\\\/2025\\\/11\\\/9788412683394.jpg\",\"datePublished\":\"2025-11-29T09:28:21+00:00\",\"dateModified\":\"2025-11-29T09:28:40+00:00\",\"breadcrumb\":{\"@id\":\"https:\\\/\\\/zapateneo.net\\\/wordpress\\\/index.php\\\/producto\\\/la-sustancia-de-lo-que-se-espera-la-vida-de-la-mente-en-el-capitalismo-tardio\\\/#breadcrumb\"},\"inLanguage\":\"es\",\"potentialAction\":[{\"@type\":\"ReadAction\",\"target\":[\"https:\\\/\\\/zapateneo.net\\\/wordpress\\\/index.php\\\/producto\\\/la-sustancia-de-lo-que-se-espera-la-vida-de-la-mente-en-el-capitalismo-tardio\\\/\"]}]},{\"@type\":\"ImageObject\",\"inLanguage\":\"es\",\"@id\":\"https:\\\/\\\/zapateneo.net\\\/wordpress\\\/index.php\\\/producto\\\/la-sustancia-de-lo-que-se-espera-la-vida-de-la-mente-en-el-capitalismo-tardio\\\/#primaryimage\",\"url\":\"https:\\\/\\\/zapateneo.net\\\/wordpress\\\/wp-content\\\/uploads\\\/2025\\\/11\\\/9788412683394.jpg\",\"contentUrl\":\"https:\\\/\\\/zapateneo.net\\\/wordpress\\\/wp-content\\\/uploads\\\/2025\\\/11\\\/9788412683394.jpg\",\"width\":266,\"height\":400},{\"@type\":\"BreadcrumbList\",\"@id\":\"https:\\\/\\\/zapateneo.net\\\/wordpress\\\/index.php\\\/producto\\\/la-sustancia-de-lo-que-se-espera-la-vida-de-la-mente-en-el-capitalismo-tardio\\\/#breadcrumb\",\"itemListElement\":[{\"@type\":\"ListItem\",\"position\":1,\"name\":\"Portada\",\"item\":\"https:\\\/\\\/zapateneo.net\\\/wordpress\\\/\"},{\"@type\":\"ListItem\",\"position\":2,\"name\":\"Tienda\",\"item\":\"https:\\\/\\\/zapateneo.net\\\/wordpress\\\/\"},{\"@type\":\"ListItem\",\"position\":3,\"name\":\"La sustancia de lo que se espera. La vida de la mente en el capitalismo tard\u00edo\"}]},{\"@type\":\"WebSite\",\"@id\":\"https:\\\/\\\/zapateneo.net\\\/wordpress\\\/#website\",\"url\":\"https:\\\/\\\/zapateneo.net\\\/wordpress\\\/\",\"name\":\"Zapateneo\",\"description\":\"Zapateneoaren webgunea\",\"publisher\":{\"@id\":\"https:\\\/\\\/zapateneo.net\\\/wordpress\\\/#organization\"},\"potentialAction\":[{\"@type\":\"SearchAction\",\"target\":{\"@type\":\"EntryPoint\",\"urlTemplate\":\"https:\\\/\\\/zapateneo.net\\\/wordpress\\\/?s={search_term_string}\"},\"query-input\":{\"@type\":\"PropertyValueSpecification\",\"valueRequired\":true,\"valueName\":\"search_term_string\"}}],\"inLanguage\":\"es\"},{\"@type\":\"Organization\",\"@id\":\"https:\\\/\\\/zapateneo.net\\\/wordpress\\\/#organization\",\"name\":\"Zapateneo Kultur Elkartea\",\"url\":\"https:\\\/\\\/zapateneo.net\\\/wordpress\\\/\",\"logo\":{\"@type\":\"ImageObject\",\"inLanguage\":\"es\",\"@id\":\"https:\\\/\\\/zapateneo.net\\\/wordpress\\\/#\\\/schema\\\/logo\\\/image\\\/\",\"url\":\"https:\\\/\\\/zapateneo.net\\\/wordpress\\\/wp-content\\\/uploads\\\/2021\\\/04\\\/zap-libu-kolec.jpg\",\"contentUrl\":\"https:\\\/\\\/zapateneo.net\\\/wordpress\\\/wp-content\\\/uploads\\\/2021\\\/04\\\/zap-libu-kolec.jpg\",\"width\":2234,\"height\":398,\"caption\":\"Zapateneo Kultur Elkartea\"},\"image\":{\"@id\":\"https:\\\/\\\/zapateneo.net\\\/wordpress\\\/#\\\/schema\\\/logo\\\/image\\\/\"},\"sameAs\":[\"https:\\\/\\\/x.com\\\/zapateneo\"]}]}<\/script>\n<!-- \/ Yoast SEO plugin. -->","yoast_head_json":{"title":"La sustancia de lo que se espera. La vida de la mente en el capitalismo tard\u00edo &#8212; Zapateneo","robots":{"index":"index","follow":"follow","max-snippet":"max-snippet:-1","max-image-preview":"max-image-preview:large","max-video-preview":"max-video-preview:-1"},"canonical":"https:\/\/zapateneo.net\/wordpress\/index.php\/producto\/la-sustancia-de-lo-que-se-espera-la-vida-de-la-mente-en-el-capitalismo-tardio\/","og_locale":"es_ES","og_type":"article","og_title":"La sustancia de lo que se espera. La vida de la mente en el capitalismo tard\u00edo &#8212; Zapateneo","og_description":"Paolo Virno 9788412683394 - Tercero incluido - 2025 - 130 p\u00e1ginas \/orri.","og_url":"https:\/\/zapateneo.net\/wordpress\/index.php\/producto\/la-sustancia-de-lo-que-se-espera-la-vida-de-la-mente-en-el-capitalismo-tardio\/","og_site_name":"Zapateneo","article_modified_time":"2025-11-29T09:28:40+00:00","twitter_card":"summary_large_image","twitter_site":"@zapateneo","twitter_misc":{"Tiempo de lectura":"1 minuto"},"schema":{"@context":"https:\/\/schema.org","@graph":[{"@type":"WebPage","@id":"https:\/\/zapateneo.net\/wordpress\/index.php\/producto\/la-sustancia-de-lo-que-se-espera-la-vida-de-la-mente-en-el-capitalismo-tardio\/","url":"https:\/\/zapateneo.net\/wordpress\/index.php\/producto\/la-sustancia-de-lo-que-se-espera-la-vida-de-la-mente-en-el-capitalismo-tardio\/","name":"La sustancia de lo que se espera. La vida de la mente en el capitalismo tard\u00edo &#8212; Zapateneo","isPartOf":{"@id":"https:\/\/zapateneo.net\/wordpress\/#website"},"primaryImageOfPage":{"@id":"https:\/\/zapateneo.net\/wordpress\/index.php\/producto\/la-sustancia-de-lo-que-se-espera-la-vida-de-la-mente-en-el-capitalismo-tardio\/#primaryimage"},"image":{"@id":"https:\/\/zapateneo.net\/wordpress\/index.php\/producto\/la-sustancia-de-lo-que-se-espera-la-vida-de-la-mente-en-el-capitalismo-tardio\/#primaryimage"},"thumbnailUrl":"https:\/\/zapateneo.net\/wordpress\/wp-content\/uploads\/2025\/11\/9788412683394.jpg","datePublished":"2025-11-29T09:28:21+00:00","dateModified":"2025-11-29T09:28:40+00:00","breadcrumb":{"@id":"https:\/\/zapateneo.net\/wordpress\/index.php\/producto\/la-sustancia-de-lo-que-se-espera-la-vida-de-la-mente-en-el-capitalismo-tardio\/#breadcrumb"},"inLanguage":"es","potentialAction":[{"@type":"ReadAction","target":["https:\/\/zapateneo.net\/wordpress\/index.php\/producto\/la-sustancia-de-lo-que-se-espera-la-vida-de-la-mente-en-el-capitalismo-tardio\/"]}]},{"@type":"ImageObject","inLanguage":"es","@id":"https:\/\/zapateneo.net\/wordpress\/index.php\/producto\/la-sustancia-de-lo-que-se-espera-la-vida-de-la-mente-en-el-capitalismo-tardio\/#primaryimage","url":"https:\/\/zapateneo.net\/wordpress\/wp-content\/uploads\/2025\/11\/9788412683394.jpg","contentUrl":"https:\/\/zapateneo.net\/wordpress\/wp-content\/uploads\/2025\/11\/9788412683394.jpg","width":266,"height":400},{"@type":"BreadcrumbList","@id":"https:\/\/zapateneo.net\/wordpress\/index.php\/producto\/la-sustancia-de-lo-que-se-espera-la-vida-de-la-mente-en-el-capitalismo-tardio\/#breadcrumb","itemListElement":[{"@type":"ListItem","position":1,"name":"Portada","item":"https:\/\/zapateneo.net\/wordpress\/"},{"@type":"ListItem","position":2,"name":"Tienda","item":"https:\/\/zapateneo.net\/wordpress\/"},{"@type":"ListItem","position":3,"name":"La sustancia de lo que se espera. La vida de la mente en el capitalismo tard\u00edo"}]},{"@type":"WebSite","@id":"https:\/\/zapateneo.net\/wordpress\/#website","url":"https:\/\/zapateneo.net\/wordpress\/","name":"Zapateneo","description":"Zapateneoaren webgunea","publisher":{"@id":"https:\/\/zapateneo.net\/wordpress\/#organization"},"potentialAction":[{"@type":"SearchAction","target":{"@type":"EntryPoint","urlTemplate":"https:\/\/zapateneo.net\/wordpress\/?s={search_term_string}"},"query-input":{"@type":"PropertyValueSpecification","valueRequired":true,"valueName":"search_term_string"}}],"inLanguage":"es"},{"@type":"Organization","@id":"https:\/\/zapateneo.net\/wordpress\/#organization","name":"Zapateneo Kultur Elkartea","url":"https:\/\/zapateneo.net\/wordpress\/","logo":{"@type":"ImageObject","inLanguage":"es","@id":"https:\/\/zapateneo.net\/wordpress\/#\/schema\/logo\/image\/","url":"https:\/\/zapateneo.net\/wordpress\/wp-content\/uploads\/2021\/04\/zap-libu-kolec.jpg","contentUrl":"https:\/\/zapateneo.net\/wordpress\/wp-content\/uploads\/2021\/04\/zap-libu-kolec.jpg","width":2234,"height":398,"caption":"Zapateneo Kultur Elkartea"},"image":{"@id":"https:\/\/zapateneo.net\/wordpress\/#\/schema\/logo\/image\/"},"sameAs":["https:\/\/x.com\/zapateneo"]}]}},"_links":{"self":[{"href":"https:\/\/zapateneo.net\/wordpress\/index.php\/wp-json\/wp\/v2\/product\/16307","targetHints":{"allow":["GET"]}}],"collection":[{"href":"https:\/\/zapateneo.net\/wordpress\/index.php\/wp-json\/wp\/v2\/product"}],"about":[{"href":"https:\/\/zapateneo.net\/wordpress\/index.php\/wp-json\/wp\/v2\/types\/product"}],"wp:featuredmedia":[{"embeddable":true,"href":"https:\/\/zapateneo.net\/wordpress\/index.php\/wp-json\/wp\/v2\/media\/16326"}],"wp:attachment":[{"href":"https:\/\/zapateneo.net\/wordpress\/index.php\/wp-json\/wp\/v2\/media?parent=16307"}],"wp:term":[{"taxonomy":"product_brand","embeddable":true,"href":"https:\/\/zapateneo.net\/wordpress\/index.php\/wp-json\/wp\/v2\/product_brand?post=16307"},{"taxonomy":"product_cat","embeddable":true,"href":"https:\/\/zapateneo.net\/wordpress\/index.php\/wp-json\/wp\/v2\/product_cat?post=16307"},{"taxonomy":"product_tag","embeddable":true,"href":"https:\/\/zapateneo.net\/wordpress\/index.php\/wp-json\/wp\/v2\/product_tag?post=16307"}],"curies":[{"name":"wp","href":"https:\/\/api.w.org\/{rel}","templated":true}]}}