{"id":16306,"date":"2025-11-29T10:28:21","date_gmt":"2025-11-29T09:28:21","guid":{"rendered":"https:\/\/zapateneo.net\/wordpress\/?post_type=product&#038;p=16306"},"modified":"2025-11-29T10:28:39","modified_gmt":"2025-11-29T09:28:39","slug":"eres-una-exagerada-sesgo-de-genero-y-sexo-en-salud","status":"publish","type":"product","link":"https:\/\/zapateneo.net\/wordpress\/index.php\/producto\/eres-una-exagerada-sesgo-de-genero-y-sexo-en-salud\/","title":{"rendered":"Eres una exagerada. Sesgo de g\u00e9nero y sexo en salud"},"content":{"rendered":"<p>La pr\u00e1ctica m\u00e9dica no escapa de la mirada androc\u00e9ntrica que ha considerado el sexo masculino como referente universal en los estudios. El sesgo atraviesa todos los \u00e1mbitos m\u00e9dicos, desde la investigaci\u00f3n y la innovaci\u00f3n hasta el diagn\u00f3stico y tratamiento.<\/p>\n<p>En medicina persisten criterios y protocolos que pueden ser inadecuados para las personas que no se identifican como hombres. El modelo m\u00e9dico masculino es sesgado y omite parte de la casu\u00edstica m\u00e9dica, pero se sigue aplicando a todo el mundo y puede ocasionar consecuencias indeseadas para la salud f\u00edsica y ps\u00edquica, sobre todo de las mujeres y de otras personas con diferentes expresiones de sexo y g\u00e9nero.<\/p>\n<p>Eres una exagerada es un proyecto colaborativo entre diferentes hospitales, m\u00e9dicas y m\u00e9dicos, con el objetivo de subsanar incorrecciones de la investigaci\u00f3n m\u00e9dica, y actualizar procesos y pr\u00e1cticas para acercarlos a una atenci\u00f3n m\u00e1s individualizada. El libro tambi\u00e9n recoge testimonios de pacientes que cuentan de primera mano c\u00f3mo estas pr\u00e1cticas pueden afectar a la vida de las personas, y nos hace reflexionar que aprender y mejorar en perspectiva de g\u00e9nero es necesario y urgente.<\/p>\n","protected":false},"excerpt":{"rendered":"<p><strong>Blanca Coll-Vinent, Isabel Muntan\u00e9<\/strong><br \/>\n9788410487758 &#8211; Raig Verd &#8211; 2025 &#8211; 224 p\u00e1ginas \/orri.<\/p>\n","protected":false},"featured_media":16325,"template":"","meta":[],"product_brand":[],"product_cat":[16,182],"product_tag":[7285,7286,7287],"class_list":{"0":"post-16306","1":"product","2":"type-product","3":"status-publish","4":"has-post-thumbnail","6":"product_cat-libros","7":"product_cat-osasuna-salud","8":"product_tag-blanca-coll-vinent","9":"product_tag-isabel-muntane","10":"product_tag-raig-verd","12":"first","13":"instock","14":"sold-individually","15":"shipping-taxable","16":"purchasable","17":"product-type-simple"},"yoast_head":"<!-- This site is optimized with the Yoast SEO plugin v27.3 - https:\/\/yoast.com\/product\/yoast-seo-wordpress\/ -->\n<title>Eres una exagerada. Sesgo de g\u00e9nero y sexo en salud &#8212; Zapateneo<\/title>\n<meta name=\"robots\" content=\"index, follow, max-snippet:-1, max-image-preview:large, max-video-preview:-1\" \/>\n<link rel=\"canonical\" href=\"https:\/\/zapateneo.net\/wordpress\/index.php\/producto\/eres-una-exagerada-sesgo-de-genero-y-sexo-en-salud\/\" \/>\n<meta property=\"og:locale\" content=\"es_ES\" \/>\n<meta property=\"og:type\" content=\"article\" \/>\n<meta property=\"og:title\" content=\"Eres una exagerada. Sesgo de g\u00e9nero y sexo en salud &#8212; Zapateneo\" \/>\n<meta property=\"og:description\" content=\"Blanca Coll-Vinent, Isabel Muntan\u00e9 9788410487758 - Raig Verd - 2025 - 224 p\u00e1ginas \/orri.\" \/>\n<meta property=\"og:url\" content=\"https:\/\/zapateneo.net\/wordpress\/index.php\/producto\/eres-una-exagerada-sesgo-de-genero-y-sexo-en-salud\/\" \/>\n<meta property=\"og:site_name\" content=\"Zapateneo\" \/>\n<meta property=\"article:modified_time\" content=\"2025-11-29T09:28:39+00:00\" \/>\n<meta name=\"twitter:card\" content=\"summary_large_image\" \/>\n<meta name=\"twitter:site\" content=\"@zapateneo\" \/>\n<meta name=\"twitter:label1\" content=\"Tiempo de lectura\" \/>\n\t<meta name=\"twitter:data1\" content=\"1 minuto\" \/>\n<script type=\"application\/ld+json\" class=\"yoast-schema-graph\">{\"@context\":\"https:\\\/\\\/schema.org\",\"@graph\":[{\"@type\":\"WebPage\",\"@id\":\"https:\\\/\\\/zapateneo.net\\\/wordpress\\\/index.php\\\/producto\\\/eres-una-exagerada-sesgo-de-genero-y-sexo-en-salud\\\/\",\"url\":\"https:\\\/\\\/zapateneo.net\\\/wordpress\\\/index.php\\\/producto\\\/eres-una-exagerada-sesgo-de-genero-y-sexo-en-salud\\\/\",\"name\":\"Eres una exagerada. Sesgo de g\u00e9nero y sexo en salud &#8212; Zapateneo\",\"isPartOf\":{\"@id\":\"https:\\\/\\\/zapateneo.net\\\/wordpress\\\/#website\"},\"primaryImageOfPage\":{\"@id\":\"https:\\\/\\\/zapateneo.net\\\/wordpress\\\/index.php\\\/producto\\\/eres-una-exagerada-sesgo-de-genero-y-sexo-en-salud\\\/#primaryimage\"},\"image\":{\"@id\":\"https:\\\/\\\/zapateneo.net\\\/wordpress\\\/index.php\\\/producto\\\/eres-una-exagerada-sesgo-de-genero-y-sexo-en-salud\\\/#primaryimage\"},\"thumbnailUrl\":\"https:\\\/\\\/zapateneo.net\\\/wordpress\\\/wp-content\\\/uploads\\\/2025\\\/11\\\/9788410487758.jpeg\",\"datePublished\":\"2025-11-29T09:28:21+00:00\",\"dateModified\":\"2025-11-29T09:28:39+00:00\",\"breadcrumb\":{\"@id\":\"https:\\\/\\\/zapateneo.net\\\/wordpress\\\/index.php\\\/producto\\\/eres-una-exagerada-sesgo-de-genero-y-sexo-en-salud\\\/#breadcrumb\"},\"inLanguage\":\"es\",\"potentialAction\":[{\"@type\":\"ReadAction\",\"target\":[\"https:\\\/\\\/zapateneo.net\\\/wordpress\\\/index.php\\\/producto\\\/eres-una-exagerada-sesgo-de-genero-y-sexo-en-salud\\\/\"]}]},{\"@type\":\"ImageObject\",\"inLanguage\":\"es\",\"@id\":\"https:\\\/\\\/zapateneo.net\\\/wordpress\\\/index.php\\\/producto\\\/eres-una-exagerada-sesgo-de-genero-y-sexo-en-salud\\\/#primaryimage\",\"url\":\"https:\\\/\\\/zapateneo.net\\\/wordpress\\\/wp-content\\\/uploads\\\/2025\\\/11\\\/9788410487758.jpeg\",\"contentUrl\":\"https:\\\/\\\/zapateneo.net\\\/wordpress\\\/wp-content\\\/uploads\\\/2025\\\/11\\\/9788410487758.jpeg\",\"width\":177,\"height\":285},{\"@type\":\"BreadcrumbList\",\"@id\":\"https:\\\/\\\/zapateneo.net\\\/wordpress\\\/index.php\\\/producto\\\/eres-una-exagerada-sesgo-de-genero-y-sexo-en-salud\\\/#breadcrumb\",\"itemListElement\":[{\"@type\":\"ListItem\",\"position\":1,\"name\":\"Portada\",\"item\":\"https:\\\/\\\/zapateneo.net\\\/wordpress\\\/\"},{\"@type\":\"ListItem\",\"position\":2,\"name\":\"Tienda\",\"item\":\"https:\\\/\\\/zapateneo.net\\\/wordpress\\\/\"},{\"@type\":\"ListItem\",\"position\":3,\"name\":\"Eres una exagerada. Sesgo de g\u00e9nero y sexo en salud\"}]},{\"@type\":\"WebSite\",\"@id\":\"https:\\\/\\\/zapateneo.net\\\/wordpress\\\/#website\",\"url\":\"https:\\\/\\\/zapateneo.net\\\/wordpress\\\/\",\"name\":\"Zapateneo\",\"description\":\"Zapateneoaren webgunea\",\"publisher\":{\"@id\":\"https:\\\/\\\/zapateneo.net\\\/wordpress\\\/#organization\"},\"potentialAction\":[{\"@type\":\"SearchAction\",\"target\":{\"@type\":\"EntryPoint\",\"urlTemplate\":\"https:\\\/\\\/zapateneo.net\\\/wordpress\\\/?s={search_term_string}\"},\"query-input\":{\"@type\":\"PropertyValueSpecification\",\"valueRequired\":true,\"valueName\":\"search_term_string\"}}],\"inLanguage\":\"es\"},{\"@type\":\"Organization\",\"@id\":\"https:\\\/\\\/zapateneo.net\\\/wordpress\\\/#organization\",\"name\":\"Zapateneo Kultur Elkartea\",\"url\":\"https:\\\/\\\/zapateneo.net\\\/wordpress\\\/\",\"logo\":{\"@type\":\"ImageObject\",\"inLanguage\":\"es\",\"@id\":\"https:\\\/\\\/zapateneo.net\\\/wordpress\\\/#\\\/schema\\\/logo\\\/image\\\/\",\"url\":\"https:\\\/\\\/zapateneo.net\\\/wordpress\\\/wp-content\\\/uploads\\\/2021\\\/04\\\/zap-libu-kolec.jpg\",\"contentUrl\":\"https:\\\/\\\/zapateneo.net\\\/wordpress\\\/wp-content\\\/uploads\\\/2021\\\/04\\\/zap-libu-kolec.jpg\",\"width\":2234,\"height\":398,\"caption\":\"Zapateneo Kultur Elkartea\"},\"image\":{\"@id\":\"https:\\\/\\\/zapateneo.net\\\/wordpress\\\/#\\\/schema\\\/logo\\\/image\\\/\"},\"sameAs\":[\"https:\\\/\\\/x.com\\\/zapateneo\"]}]}<\/script>\n<!-- \/ Yoast SEO plugin. -->","yoast_head_json":{"title":"Eres una exagerada. Sesgo de g\u00e9nero y sexo en salud &#8212; Zapateneo","robots":{"index":"index","follow":"follow","max-snippet":"max-snippet:-1","max-image-preview":"max-image-preview:large","max-video-preview":"max-video-preview:-1"},"canonical":"https:\/\/zapateneo.net\/wordpress\/index.php\/producto\/eres-una-exagerada-sesgo-de-genero-y-sexo-en-salud\/","og_locale":"es_ES","og_type":"article","og_title":"Eres una exagerada. Sesgo de g\u00e9nero y sexo en salud &#8212; Zapateneo","og_description":"Blanca Coll-Vinent, Isabel Muntan\u00e9 9788410487758 - Raig Verd - 2025 - 224 p\u00e1ginas \/orri.","og_url":"https:\/\/zapateneo.net\/wordpress\/index.php\/producto\/eres-una-exagerada-sesgo-de-genero-y-sexo-en-salud\/","og_site_name":"Zapateneo","article_modified_time":"2025-11-29T09:28:39+00:00","twitter_card":"summary_large_image","twitter_site":"@zapateneo","twitter_misc":{"Tiempo de lectura":"1 minuto"},"schema":{"@context":"https:\/\/schema.org","@graph":[{"@type":"WebPage","@id":"https:\/\/zapateneo.net\/wordpress\/index.php\/producto\/eres-una-exagerada-sesgo-de-genero-y-sexo-en-salud\/","url":"https:\/\/zapateneo.net\/wordpress\/index.php\/producto\/eres-una-exagerada-sesgo-de-genero-y-sexo-en-salud\/","name":"Eres una exagerada. Sesgo de g\u00e9nero y sexo en salud &#8212; Zapateneo","isPartOf":{"@id":"https:\/\/zapateneo.net\/wordpress\/#website"},"primaryImageOfPage":{"@id":"https:\/\/zapateneo.net\/wordpress\/index.php\/producto\/eres-una-exagerada-sesgo-de-genero-y-sexo-en-salud\/#primaryimage"},"image":{"@id":"https:\/\/zapateneo.net\/wordpress\/index.php\/producto\/eres-una-exagerada-sesgo-de-genero-y-sexo-en-salud\/#primaryimage"},"thumbnailUrl":"https:\/\/zapateneo.net\/wordpress\/wp-content\/uploads\/2025\/11\/9788410487758.jpeg","datePublished":"2025-11-29T09:28:21+00:00","dateModified":"2025-11-29T09:28:39+00:00","breadcrumb":{"@id":"https:\/\/zapateneo.net\/wordpress\/index.php\/producto\/eres-una-exagerada-sesgo-de-genero-y-sexo-en-salud\/#breadcrumb"},"inLanguage":"es","potentialAction":[{"@type":"ReadAction","target":["https:\/\/zapateneo.net\/wordpress\/index.php\/producto\/eres-una-exagerada-sesgo-de-genero-y-sexo-en-salud\/"]}]},{"@type":"ImageObject","inLanguage":"es","@id":"https:\/\/zapateneo.net\/wordpress\/index.php\/producto\/eres-una-exagerada-sesgo-de-genero-y-sexo-en-salud\/#primaryimage","url":"https:\/\/zapateneo.net\/wordpress\/wp-content\/uploads\/2025\/11\/9788410487758.jpeg","contentUrl":"https:\/\/zapateneo.net\/wordpress\/wp-content\/uploads\/2025\/11\/9788410487758.jpeg","width":177,"height":285},{"@type":"BreadcrumbList","@id":"https:\/\/zapateneo.net\/wordpress\/index.php\/producto\/eres-una-exagerada-sesgo-de-genero-y-sexo-en-salud\/#breadcrumb","itemListElement":[{"@type":"ListItem","position":1,"name":"Portada","item":"https:\/\/zapateneo.net\/wordpress\/"},{"@type":"ListItem","position":2,"name":"Tienda","item":"https:\/\/zapateneo.net\/wordpress\/"},{"@type":"ListItem","position":3,"name":"Eres una exagerada. Sesgo de g\u00e9nero y sexo en salud"}]},{"@type":"WebSite","@id":"https:\/\/zapateneo.net\/wordpress\/#website","url":"https:\/\/zapateneo.net\/wordpress\/","name":"Zapateneo","description":"Zapateneoaren webgunea","publisher":{"@id":"https:\/\/zapateneo.net\/wordpress\/#organization"},"potentialAction":[{"@type":"SearchAction","target":{"@type":"EntryPoint","urlTemplate":"https:\/\/zapateneo.net\/wordpress\/?s={search_term_string}"},"query-input":{"@type":"PropertyValueSpecification","valueRequired":true,"valueName":"search_term_string"}}],"inLanguage":"es"},{"@type":"Organization","@id":"https:\/\/zapateneo.net\/wordpress\/#organization","name":"Zapateneo Kultur Elkartea","url":"https:\/\/zapateneo.net\/wordpress\/","logo":{"@type":"ImageObject","inLanguage":"es","@id":"https:\/\/zapateneo.net\/wordpress\/#\/schema\/logo\/image\/","url":"https:\/\/zapateneo.net\/wordpress\/wp-content\/uploads\/2021\/04\/zap-libu-kolec.jpg","contentUrl":"https:\/\/zapateneo.net\/wordpress\/wp-content\/uploads\/2021\/04\/zap-libu-kolec.jpg","width":2234,"height":398,"caption":"Zapateneo Kultur Elkartea"},"image":{"@id":"https:\/\/zapateneo.net\/wordpress\/#\/schema\/logo\/image\/"},"sameAs":["https:\/\/x.com\/zapateneo"]}]}},"_links":{"self":[{"href":"https:\/\/zapateneo.net\/wordpress\/index.php\/wp-json\/wp\/v2\/product\/16306","targetHints":{"allow":["GET"]}}],"collection":[{"href":"https:\/\/zapateneo.net\/wordpress\/index.php\/wp-json\/wp\/v2\/product"}],"about":[{"href":"https:\/\/zapateneo.net\/wordpress\/index.php\/wp-json\/wp\/v2\/types\/product"}],"wp:featuredmedia":[{"embeddable":true,"href":"https:\/\/zapateneo.net\/wordpress\/index.php\/wp-json\/wp\/v2\/media\/16325"}],"wp:attachment":[{"href":"https:\/\/zapateneo.net\/wordpress\/index.php\/wp-json\/wp\/v2\/media?parent=16306"}],"wp:term":[{"taxonomy":"product_brand","embeddable":true,"href":"https:\/\/zapateneo.net\/wordpress\/index.php\/wp-json\/wp\/v2\/product_brand?post=16306"},{"taxonomy":"product_cat","embeddable":true,"href":"https:\/\/zapateneo.net\/wordpress\/index.php\/wp-json\/wp\/v2\/product_cat?post=16306"},{"taxonomy":"product_tag","embeddable":true,"href":"https:\/\/zapateneo.net\/wordpress\/index.php\/wp-json\/wp\/v2\/product_tag?post=16306"}],"curies":[{"name":"wp","href":"https:\/\/api.w.org\/{rel}","templated":true}]}}