{"id":16301,"date":"2025-11-29T10:28:17","date_gmt":"2025-11-29T09:28:17","guid":{"rendered":"https:\/\/zapateneo.net\/wordpress\/?post_type=product&#038;p=16301"},"modified":"2025-11-29T10:28:34","modified_gmt":"2025-11-29T09:28:34","slug":"anarquismos-del-siglo-xxi","status":"publish","type":"product","link":"https:\/\/zapateneo.net\/wordpress\/index.php\/producto\/anarquismos-del-siglo-xxi\/","title":{"rendered":"Anarquismos del siglo XXI"},"content":{"rendered":"<p>A partir del an\u00e1lisis sobre c\u00f3mo el anarquismo se transforma en un mundo atravesado por cambios profundos, el autor sostiene que no es una ideolog\u00eda cerrada ni un programa fijo. Sino que es una pr\u00e1ctica viva que se adapta a cada \u00e9poca para enfrentar las formas concretas de dominaci\u00f3n.<\/p>\n<p>Mientras se derrumba el legado de la Ilustraci\u00f3n, con su fe en el progreso y los grandes relatos emancipadores, el anarquismo actual se distancia de esa herencia, adoptando una perspectiva m\u00e1s fragmentaria, local y situada. Ya no se piensa como un camino \u00fanico hacia la utop\u00eda, sino como una multiplicidad de pr\u00e1cticas que apuntan a vivir de otra manera, aqu\u00ed y ahora. Se manifiesta en luchas descentralizadas, espacios alternativos y formas de vida que rechazan la l\u00f3gica del consumo, el patriarcado y la obediencia. Aun as\u00ed, mantiene su n\u00facleo esencial: la lucha contra toda forma de dominaci\u00f3n y la afirmaci\u00f3n radical de la libertad y la igualdad.<\/p>\n<p>El libro es tambi\u00e9n una invitaci\u00f3n a reforzar la conciencia cr\u00edtica frente al poder digital y a desarrollar nuevas formas de resistencia, desde la militancia hacker hasta la protecci\u00f3n de la privacidad. Advierte de un nuevo totalitarismo digital ya que el avance de la tecnolog\u00eda ha dado lugar a una vigilancia masiva, a una recopilaci\u00f3n inagotable de datos y a un control preventivo que convierte a las personas en sospechosas por defecto.<\/p>\n<p>En suma, Ib\u00e1\u00f1ez nos propone un anarquismo que no es nostalgia del pasado, sino una herramienta viva.<\/p>\n<p>=====================================0<\/p>\n<p>Tom\u00e1s Ib\u00e1\u00f1ez Gracia (Zaragoza, 1944) durante los a\u00f1os sesenta particip\u00f3 desde Par\u00eds en el movimiento anarquista franc\u00e9s y en la lucha antifranquista de los j\u00f3venes libertarios espa\u00f1oles en el exilio. Miembro de la Comisi\u00f3n de Relaciones de la FIJL entre enero de 1966 y abril de 1969, fue desterrado de Par\u00eds y asignado a vigilancia en una remota regi\u00f3n fran ce sa tras participar en los hechos de Mayo del 68. Tras regresar a Barcelona en 1973 se involucr\u00f3, ya muerto Franco, en el re surgir multitudinario de la CNT y del movimiento libertario. Despu\u00e9s del V Congreso abandon\u00f3 la militancia anarcosindicalista hasta el a\u00f1o 2000 en que se afili\u00f3 a CGT. Cofundador de la revista Archipi\u00e9lago, actualmente escribe para revistas libertarias de diversos pa\u00edses. Entre otros libros, es autor de \u00bfPor qu\u00e9 A? Fragmentos dispersos para un anarquismo sin dogmas (2006), Poder y Libertad (1982), Municiones para disidentes (2001) o Contra la Dominaci\u00f3n (2005).<\/p>\n","protected":false},"excerpt":{"rendered":"<p><strong>Tom\u00e1s Ib\u00e1\u00f1ez<\/strong><br \/>\n9789871523443 &#8211; Terramar &#8211; 2025 &#8211; 166 p\u00e1ginas \/orri.<\/p>\n","protected":false},"featured_media":16320,"template":"","meta":[],"product_brand":[],"product_cat":[1868,16],"product_tag":[5906,5373],"class_list":{"0":"post-16301","1":"product","2":"type-product","3":"status-publish","4":"has-post-thumbnail","6":"product_cat-anarkismoa-anarquismo","7":"product_cat-libros","8":"product_tag-terramar","9":"product_tag-tomas-ibanez","11":"first","12":"instock","13":"sold-individually","14":"shipping-taxable","15":"purchasable","16":"product-type-simple"},"yoast_head":"<!-- This site is optimized with the Yoast SEO plugin v27.3 - https:\/\/yoast.com\/product\/yoast-seo-wordpress\/ -->\n<title>Anarquismos del siglo XXI &#8212; Zapateneo<\/title>\n<meta name=\"robots\" content=\"index, follow, max-snippet:-1, max-image-preview:large, max-video-preview:-1\" \/>\n<link rel=\"canonical\" href=\"https:\/\/zapateneo.net\/wordpress\/index.php\/producto\/anarquismos-del-siglo-xxi\/\" \/>\n<meta property=\"og:locale\" content=\"es_ES\" \/>\n<meta property=\"og:type\" content=\"article\" \/>\n<meta property=\"og:title\" content=\"Anarquismos del siglo XXI &#8212; Zapateneo\" \/>\n<meta property=\"og:description\" content=\"Tom\u00e1s Ib\u00e1\u00f1ez 9789871523443 - Terramar - 2025 - 166 p\u00e1ginas \/orri.\" \/>\n<meta property=\"og:url\" content=\"https:\/\/zapateneo.net\/wordpress\/index.php\/producto\/anarquismos-del-siglo-xxi\/\" \/>\n<meta property=\"og:site_name\" content=\"Zapateneo\" \/>\n<meta property=\"article:modified_time\" content=\"2025-11-29T09:28:34+00:00\" \/>\n<meta name=\"twitter:card\" content=\"summary_large_image\" \/>\n<meta name=\"twitter:site\" content=\"@zapateneo\" \/>\n<meta name=\"twitter:label1\" content=\"Tiempo de lectura\" \/>\n\t<meta name=\"twitter:data1\" content=\"2 minutos\" \/>\n<script type=\"application\/ld+json\" class=\"yoast-schema-graph\">{\"@context\":\"https:\\\/\\\/schema.org\",\"@graph\":[{\"@type\":\"WebPage\",\"@id\":\"https:\\\/\\\/zapateneo.net\\\/wordpress\\\/index.php\\\/producto\\\/anarquismos-del-siglo-xxi\\\/\",\"url\":\"https:\\\/\\\/zapateneo.net\\\/wordpress\\\/index.php\\\/producto\\\/anarquismos-del-siglo-xxi\\\/\",\"name\":\"Anarquismos del siglo XXI &#8212; Zapateneo\",\"isPartOf\":{\"@id\":\"https:\\\/\\\/zapateneo.net\\\/wordpress\\\/#website\"},\"primaryImageOfPage\":{\"@id\":\"https:\\\/\\\/zapateneo.net\\\/wordpress\\\/index.php\\\/producto\\\/anarquismos-del-siglo-xxi\\\/#primaryimage\"},\"image\":{\"@id\":\"https:\\\/\\\/zapateneo.net\\\/wordpress\\\/index.php\\\/producto\\\/anarquismos-del-siglo-xxi\\\/#primaryimage\"},\"thumbnailUrl\":\"https:\\\/\\\/zapateneo.net\\\/wordpress\\\/wp-content\\\/uploads\\\/2025\\\/11\\\/9789871523443.jpg\",\"datePublished\":\"2025-11-29T09:28:17+00:00\",\"dateModified\":\"2025-11-29T09:28:34+00:00\",\"breadcrumb\":{\"@id\":\"https:\\\/\\\/zapateneo.net\\\/wordpress\\\/index.php\\\/producto\\\/anarquismos-del-siglo-xxi\\\/#breadcrumb\"},\"inLanguage\":\"es\",\"potentialAction\":[{\"@type\":\"ReadAction\",\"target\":[\"https:\\\/\\\/zapateneo.net\\\/wordpress\\\/index.php\\\/producto\\\/anarquismos-del-siglo-xxi\\\/\"]}]},{\"@type\":\"ImageObject\",\"inLanguage\":\"es\",\"@id\":\"https:\\\/\\\/zapateneo.net\\\/wordpress\\\/index.php\\\/producto\\\/anarquismos-del-siglo-xxi\\\/#primaryimage\",\"url\":\"https:\\\/\\\/zapateneo.net\\\/wordpress\\\/wp-content\\\/uploads\\\/2025\\\/11\\\/9789871523443.jpg\",\"contentUrl\":\"https:\\\/\\\/zapateneo.net\\\/wordpress\\\/wp-content\\\/uploads\\\/2025\\\/11\\\/9789871523443.jpg\",\"width\":183,\"height\":275},{\"@type\":\"BreadcrumbList\",\"@id\":\"https:\\\/\\\/zapateneo.net\\\/wordpress\\\/index.php\\\/producto\\\/anarquismos-del-siglo-xxi\\\/#breadcrumb\",\"itemListElement\":[{\"@type\":\"ListItem\",\"position\":1,\"name\":\"Portada\",\"item\":\"https:\\\/\\\/zapateneo.net\\\/wordpress\\\/\"},{\"@type\":\"ListItem\",\"position\":2,\"name\":\"Tienda\",\"item\":\"https:\\\/\\\/zapateneo.net\\\/wordpress\\\/\"},{\"@type\":\"ListItem\",\"position\":3,\"name\":\"Anarquismos del siglo XXI\"}]},{\"@type\":\"WebSite\",\"@id\":\"https:\\\/\\\/zapateneo.net\\\/wordpress\\\/#website\",\"url\":\"https:\\\/\\\/zapateneo.net\\\/wordpress\\\/\",\"name\":\"Zapateneo\",\"description\":\"Zapateneoaren webgunea\",\"publisher\":{\"@id\":\"https:\\\/\\\/zapateneo.net\\\/wordpress\\\/#organization\"},\"potentialAction\":[{\"@type\":\"SearchAction\",\"target\":{\"@type\":\"EntryPoint\",\"urlTemplate\":\"https:\\\/\\\/zapateneo.net\\\/wordpress\\\/?s={search_term_string}\"},\"query-input\":{\"@type\":\"PropertyValueSpecification\",\"valueRequired\":true,\"valueName\":\"search_term_string\"}}],\"inLanguage\":\"es\"},{\"@type\":\"Organization\",\"@id\":\"https:\\\/\\\/zapateneo.net\\\/wordpress\\\/#organization\",\"name\":\"Zapateneo Kultur Elkartea\",\"url\":\"https:\\\/\\\/zapateneo.net\\\/wordpress\\\/\",\"logo\":{\"@type\":\"ImageObject\",\"inLanguage\":\"es\",\"@id\":\"https:\\\/\\\/zapateneo.net\\\/wordpress\\\/#\\\/schema\\\/logo\\\/image\\\/\",\"url\":\"https:\\\/\\\/zapateneo.net\\\/wordpress\\\/wp-content\\\/uploads\\\/2021\\\/04\\\/zap-libu-kolec.jpg\",\"contentUrl\":\"https:\\\/\\\/zapateneo.net\\\/wordpress\\\/wp-content\\\/uploads\\\/2021\\\/04\\\/zap-libu-kolec.jpg\",\"width\":2234,\"height\":398,\"caption\":\"Zapateneo Kultur Elkartea\"},\"image\":{\"@id\":\"https:\\\/\\\/zapateneo.net\\\/wordpress\\\/#\\\/schema\\\/logo\\\/image\\\/\"},\"sameAs\":[\"https:\\\/\\\/x.com\\\/zapateneo\"]}]}<\/script>\n<!-- \/ Yoast SEO plugin. -->","yoast_head_json":{"title":"Anarquismos del siglo XXI &#8212; Zapateneo","robots":{"index":"index","follow":"follow","max-snippet":"max-snippet:-1","max-image-preview":"max-image-preview:large","max-video-preview":"max-video-preview:-1"},"canonical":"https:\/\/zapateneo.net\/wordpress\/index.php\/producto\/anarquismos-del-siglo-xxi\/","og_locale":"es_ES","og_type":"article","og_title":"Anarquismos del siglo XXI &#8212; Zapateneo","og_description":"Tom\u00e1s Ib\u00e1\u00f1ez 9789871523443 - Terramar - 2025 - 166 p\u00e1ginas \/orri.","og_url":"https:\/\/zapateneo.net\/wordpress\/index.php\/producto\/anarquismos-del-siglo-xxi\/","og_site_name":"Zapateneo","article_modified_time":"2025-11-29T09:28:34+00:00","twitter_card":"summary_large_image","twitter_site":"@zapateneo","twitter_misc":{"Tiempo de lectura":"2 minutos"},"schema":{"@context":"https:\/\/schema.org","@graph":[{"@type":"WebPage","@id":"https:\/\/zapateneo.net\/wordpress\/index.php\/producto\/anarquismos-del-siglo-xxi\/","url":"https:\/\/zapateneo.net\/wordpress\/index.php\/producto\/anarquismos-del-siglo-xxi\/","name":"Anarquismos del siglo XXI &#8212; Zapateneo","isPartOf":{"@id":"https:\/\/zapateneo.net\/wordpress\/#website"},"primaryImageOfPage":{"@id":"https:\/\/zapateneo.net\/wordpress\/index.php\/producto\/anarquismos-del-siglo-xxi\/#primaryimage"},"image":{"@id":"https:\/\/zapateneo.net\/wordpress\/index.php\/producto\/anarquismos-del-siglo-xxi\/#primaryimage"},"thumbnailUrl":"https:\/\/zapateneo.net\/wordpress\/wp-content\/uploads\/2025\/11\/9789871523443.jpg","datePublished":"2025-11-29T09:28:17+00:00","dateModified":"2025-11-29T09:28:34+00:00","breadcrumb":{"@id":"https:\/\/zapateneo.net\/wordpress\/index.php\/producto\/anarquismos-del-siglo-xxi\/#breadcrumb"},"inLanguage":"es","potentialAction":[{"@type":"ReadAction","target":["https:\/\/zapateneo.net\/wordpress\/index.php\/producto\/anarquismos-del-siglo-xxi\/"]}]},{"@type":"ImageObject","inLanguage":"es","@id":"https:\/\/zapateneo.net\/wordpress\/index.php\/producto\/anarquismos-del-siglo-xxi\/#primaryimage","url":"https:\/\/zapateneo.net\/wordpress\/wp-content\/uploads\/2025\/11\/9789871523443.jpg","contentUrl":"https:\/\/zapateneo.net\/wordpress\/wp-content\/uploads\/2025\/11\/9789871523443.jpg","width":183,"height":275},{"@type":"BreadcrumbList","@id":"https:\/\/zapateneo.net\/wordpress\/index.php\/producto\/anarquismos-del-siglo-xxi\/#breadcrumb","itemListElement":[{"@type":"ListItem","position":1,"name":"Portada","item":"https:\/\/zapateneo.net\/wordpress\/"},{"@type":"ListItem","position":2,"name":"Tienda","item":"https:\/\/zapateneo.net\/wordpress\/"},{"@type":"ListItem","position":3,"name":"Anarquismos del siglo XXI"}]},{"@type":"WebSite","@id":"https:\/\/zapateneo.net\/wordpress\/#website","url":"https:\/\/zapateneo.net\/wordpress\/","name":"Zapateneo","description":"Zapateneoaren webgunea","publisher":{"@id":"https:\/\/zapateneo.net\/wordpress\/#organization"},"potentialAction":[{"@type":"SearchAction","target":{"@type":"EntryPoint","urlTemplate":"https:\/\/zapateneo.net\/wordpress\/?s={search_term_string}"},"query-input":{"@type":"PropertyValueSpecification","valueRequired":true,"valueName":"search_term_string"}}],"inLanguage":"es"},{"@type":"Organization","@id":"https:\/\/zapateneo.net\/wordpress\/#organization","name":"Zapateneo Kultur Elkartea","url":"https:\/\/zapateneo.net\/wordpress\/","logo":{"@type":"ImageObject","inLanguage":"es","@id":"https:\/\/zapateneo.net\/wordpress\/#\/schema\/logo\/image\/","url":"https:\/\/zapateneo.net\/wordpress\/wp-content\/uploads\/2021\/04\/zap-libu-kolec.jpg","contentUrl":"https:\/\/zapateneo.net\/wordpress\/wp-content\/uploads\/2021\/04\/zap-libu-kolec.jpg","width":2234,"height":398,"caption":"Zapateneo Kultur Elkartea"},"image":{"@id":"https:\/\/zapateneo.net\/wordpress\/#\/schema\/logo\/image\/"},"sameAs":["https:\/\/x.com\/zapateneo"]}]}},"_links":{"self":[{"href":"https:\/\/zapateneo.net\/wordpress\/index.php\/wp-json\/wp\/v2\/product\/16301","targetHints":{"allow":["GET"]}}],"collection":[{"href":"https:\/\/zapateneo.net\/wordpress\/index.php\/wp-json\/wp\/v2\/product"}],"about":[{"href":"https:\/\/zapateneo.net\/wordpress\/index.php\/wp-json\/wp\/v2\/types\/product"}],"wp:featuredmedia":[{"embeddable":true,"href":"https:\/\/zapateneo.net\/wordpress\/index.php\/wp-json\/wp\/v2\/media\/16320"}],"wp:attachment":[{"href":"https:\/\/zapateneo.net\/wordpress\/index.php\/wp-json\/wp\/v2\/media?parent=16301"}],"wp:term":[{"taxonomy":"product_brand","embeddable":true,"href":"https:\/\/zapateneo.net\/wordpress\/index.php\/wp-json\/wp\/v2\/product_brand?post=16301"},{"taxonomy":"product_cat","embeddable":true,"href":"https:\/\/zapateneo.net\/wordpress\/index.php\/wp-json\/wp\/v2\/product_cat?post=16301"},{"taxonomy":"product_tag","embeddable":true,"href":"https:\/\/zapateneo.net\/wordpress\/index.php\/wp-json\/wp\/v2\/product_tag?post=16301"}],"curies":[{"name":"wp","href":"https:\/\/api.w.org\/{rel}","templated":true}]}}