{"id":16300,"date":"2025-11-29T10:28:16","date_gmt":"2025-11-29T09:28:16","guid":{"rendered":"https:\/\/zapateneo.net\/wordpress\/?post_type=product&#038;p=16300"},"modified":"2025-11-29T10:28:33","modified_gmt":"2025-11-29T09:28:33","slug":"abolir-ya-ensayos-hacia-un-mundo-sin-policia","status":"publish","type":"product","link":"https:\/\/zapateneo.net\/wordpress\/index.php\/producto\/abolir-ya-ensayos-hacia-un-mundo-sin-policia\/","title":{"rendered":"\u00a1Abolir ya! Ensayos hacia un mundo sin polic\u00eda"},"content":{"rendered":"<p>La abolici\u00f3n de las fuerzas represivas va mucho m\u00e1s all\u00e1 de la cr\u00edtica a la polic\u00eda y las prisiones. La abolici\u00f3n, como explican lxs autorxs de este libro, es un proceso de imaginar \u2013y luchar por\u2013 la transformaci\u00f3n de la sociedad entera.<\/p>\n<p>El pensamiento abolicionista rastrea sus or\u00edgenes hasta el legado de rebeli\u00f3n de las personas esclavizadas contra el capitalismo de plantaciones. Hoy, son mujeres Negras quienes han liderado el trabajo pol\u00edtico, pedag\u00f3gico y te\u00f3rico que ha retomado la estafeta de la abolici\u00f3n.<\/p>\n<p>\u00a1Abolir ya! re\u00fane textos escritos durante los \u00faltimos 30 a\u00f1os en di\u00e1logo con y como parte de la resistencia militante contra la polic\u00eda y el encarcelamiento en los Estados Unidos y m\u00e1s all\u00e1. Las ocho aportaciones nos permiten bucear en diversos aspectos del abolicionismo: \u201cS\u00ed, lo decimos literalmente: abolir la polic\u00eda\u201d, \u201cContra el feminismo carcelario\u201d, \u201cHacer queer la abolici\u00f3n de las prisiones\u201d, \u201cM\u00e1s all\u00e1 del despido\u201d, \u201c\u00bfY qu\u00e9 hay de los violadores?\u201d o el excelente texto de Angela Yvonne Davis, \u201cAlternativas abolicionistas: \u00bfson obsoletas las prisiones\u201d<\/p>\n<p>===========================<\/p>\n<p>Brian Whitener, escritor, investigador y traductor, es profesor en la Univ. de B\u00fafalo. Ha escrito C\u00f3mo hacemos lo que hacemos (2008) y False Intimacy (2011). Es el director de Displaced Press.<\/p>\n<p>==============================<\/p>\n<p>Dawn Marie Paley (Vancouver, Canad\u00e1) es periodista. Licenciada en Estudios de g\u00e9nero y Estudios ind\u00edgenas (Univ. Simon Fraser), es doctora en Sociolog\u00eda (Univ. Aut\u00f3noma de Puebla), M\u00e9xico. Ha publicado reportajes en medios como The Guardian, Vancouver Sun y La Jornada, adem\u00e1s de trabajar en radio y televisi\u00f3n. Ha publicado Guerra neoliberal. Desaparici\u00f3n y b\u00fasqueda en el norte de M\u00e9xico (2020) y Capitalismo antidrogas. Una guerra contra el pueblo (2020).<\/p>\n","protected":false},"excerpt":{"rendered":"<p><strong>Brian Whitener, Dawn Marie Paley<\/strong><br \/>\n9786076955369 &#8211; Bajo Tierra &#8211; 2025 &#8211; 132 p\u00e1ginas \/orri.<\/p>\n","protected":false},"featured_media":16319,"template":"","meta":[],"product_brand":[],"product_cat":[181,16],"product_tag":[4497,7281,7282],"class_list":{"0":"post-16300","1":"product","2":"type-product","3":"status-publish","4":"has-post-thumbnail","6":"product_cat-bazterketa-soziala-eta-errepresioa-exclusion-social-y-represion","7":"product_cat-libros","8":"product_tag-bajo-tierra","9":"product_tag-brian-whitener","10":"product_tag-dawn-marie-paley","12":"first","13":"instock","14":"sold-individually","15":"shipping-taxable","16":"purchasable","17":"product-type-simple"},"yoast_head":"<!-- This site is optimized with the Yoast SEO plugin v27.3 - https:\/\/yoast.com\/product\/yoast-seo-wordpress\/ -->\n<title>\u00a1Abolir ya! Ensayos hacia un mundo sin polic\u00eda &#8212; Zapateneo<\/title>\n<meta name=\"robots\" content=\"index, follow, max-snippet:-1, max-image-preview:large, max-video-preview:-1\" \/>\n<link rel=\"canonical\" href=\"https:\/\/zapateneo.net\/wordpress\/index.php\/producto\/abolir-ya-ensayos-hacia-un-mundo-sin-policia\/\" \/>\n<meta property=\"og:locale\" content=\"es_ES\" \/>\n<meta property=\"og:type\" content=\"article\" \/>\n<meta property=\"og:title\" content=\"\u00a1Abolir ya! Ensayos hacia un mundo sin polic\u00eda &#8212; Zapateneo\" \/>\n<meta property=\"og:description\" content=\"Brian Whitener, Dawn Marie Paley 9786076955369 - Bajo Tierra - 2025 - 132 p\u00e1ginas \/orri.\" \/>\n<meta property=\"og:url\" content=\"https:\/\/zapateneo.net\/wordpress\/index.php\/producto\/abolir-ya-ensayos-hacia-un-mundo-sin-policia\/\" \/>\n<meta property=\"og:site_name\" content=\"Zapateneo\" \/>\n<meta property=\"article:modified_time\" content=\"2025-11-29T09:28:33+00:00\" \/>\n<meta name=\"twitter:card\" content=\"summary_large_image\" \/>\n<meta name=\"twitter:site\" content=\"@zapateneo\" \/>\n<meta name=\"twitter:label1\" content=\"Tiempo de lectura\" \/>\n\t<meta name=\"twitter:data1\" content=\"1 minuto\" \/>\n<script type=\"application\/ld+json\" class=\"yoast-schema-graph\">{\"@context\":\"https:\\\/\\\/schema.org\",\"@graph\":[{\"@type\":\"WebPage\",\"@id\":\"https:\\\/\\\/zapateneo.net\\\/wordpress\\\/index.php\\\/producto\\\/abolir-ya-ensayos-hacia-un-mundo-sin-policia\\\/\",\"url\":\"https:\\\/\\\/zapateneo.net\\\/wordpress\\\/index.php\\\/producto\\\/abolir-ya-ensayos-hacia-un-mundo-sin-policia\\\/\",\"name\":\"\u00a1Abolir ya! Ensayos hacia un mundo sin polic\u00eda &#8212; Zapateneo\",\"isPartOf\":{\"@id\":\"https:\\\/\\\/zapateneo.net\\\/wordpress\\\/#website\"},\"primaryImageOfPage\":{\"@id\":\"https:\\\/\\\/zapateneo.net\\\/wordpress\\\/index.php\\\/producto\\\/abolir-ya-ensayos-hacia-un-mundo-sin-policia\\\/#primaryimage\"},\"image\":{\"@id\":\"https:\\\/\\\/zapateneo.net\\\/wordpress\\\/index.php\\\/producto\\\/abolir-ya-ensayos-hacia-un-mundo-sin-policia\\\/#primaryimage\"},\"thumbnailUrl\":\"https:\\\/\\\/zapateneo.net\\\/wordpress\\\/wp-content\\\/uploads\\\/2025\\\/11\\\/9786076955369.jpeg\",\"datePublished\":\"2025-11-29T09:28:16+00:00\",\"dateModified\":\"2025-11-29T09:28:33+00:00\",\"breadcrumb\":{\"@id\":\"https:\\\/\\\/zapateneo.net\\\/wordpress\\\/index.php\\\/producto\\\/abolir-ya-ensayos-hacia-un-mundo-sin-policia\\\/#breadcrumb\"},\"inLanguage\":\"es\",\"potentialAction\":[{\"@type\":\"ReadAction\",\"target\":[\"https:\\\/\\\/zapateneo.net\\\/wordpress\\\/index.php\\\/producto\\\/abolir-ya-ensayos-hacia-un-mundo-sin-policia\\\/\"]}]},{\"@type\":\"ImageObject\",\"inLanguage\":\"es\",\"@id\":\"https:\\\/\\\/zapateneo.net\\\/wordpress\\\/index.php\\\/producto\\\/abolir-ya-ensayos-hacia-un-mundo-sin-policia\\\/#primaryimage\",\"url\":\"https:\\\/\\\/zapateneo.net\\\/wordpress\\\/wp-content\\\/uploads\\\/2025\\\/11\\\/9786076955369.jpeg\",\"contentUrl\":\"https:\\\/\\\/zapateneo.net\\\/wordpress\\\/wp-content\\\/uploads\\\/2025\\\/11\\\/9786076955369.jpeg\",\"width\":183,\"height\":275},{\"@type\":\"BreadcrumbList\",\"@id\":\"https:\\\/\\\/zapateneo.net\\\/wordpress\\\/index.php\\\/producto\\\/abolir-ya-ensayos-hacia-un-mundo-sin-policia\\\/#breadcrumb\",\"itemListElement\":[{\"@type\":\"ListItem\",\"position\":1,\"name\":\"Portada\",\"item\":\"https:\\\/\\\/zapateneo.net\\\/wordpress\\\/\"},{\"@type\":\"ListItem\",\"position\":2,\"name\":\"Tienda\",\"item\":\"https:\\\/\\\/zapateneo.net\\\/wordpress\\\/\"},{\"@type\":\"ListItem\",\"position\":3,\"name\":\"\u00a1Abolir ya! Ensayos hacia un mundo sin polic\u00eda\"}]},{\"@type\":\"WebSite\",\"@id\":\"https:\\\/\\\/zapateneo.net\\\/wordpress\\\/#website\",\"url\":\"https:\\\/\\\/zapateneo.net\\\/wordpress\\\/\",\"name\":\"Zapateneo\",\"description\":\"Zapateneoaren webgunea\",\"publisher\":{\"@id\":\"https:\\\/\\\/zapateneo.net\\\/wordpress\\\/#organization\"},\"potentialAction\":[{\"@type\":\"SearchAction\",\"target\":{\"@type\":\"EntryPoint\",\"urlTemplate\":\"https:\\\/\\\/zapateneo.net\\\/wordpress\\\/?s={search_term_string}\"},\"query-input\":{\"@type\":\"PropertyValueSpecification\",\"valueRequired\":true,\"valueName\":\"search_term_string\"}}],\"inLanguage\":\"es\"},{\"@type\":\"Organization\",\"@id\":\"https:\\\/\\\/zapateneo.net\\\/wordpress\\\/#organization\",\"name\":\"Zapateneo Kultur Elkartea\",\"url\":\"https:\\\/\\\/zapateneo.net\\\/wordpress\\\/\",\"logo\":{\"@type\":\"ImageObject\",\"inLanguage\":\"es\",\"@id\":\"https:\\\/\\\/zapateneo.net\\\/wordpress\\\/#\\\/schema\\\/logo\\\/image\\\/\",\"url\":\"https:\\\/\\\/zapateneo.net\\\/wordpress\\\/wp-content\\\/uploads\\\/2021\\\/04\\\/zap-libu-kolec.jpg\",\"contentUrl\":\"https:\\\/\\\/zapateneo.net\\\/wordpress\\\/wp-content\\\/uploads\\\/2021\\\/04\\\/zap-libu-kolec.jpg\",\"width\":2234,\"height\":398,\"caption\":\"Zapateneo Kultur Elkartea\"},\"image\":{\"@id\":\"https:\\\/\\\/zapateneo.net\\\/wordpress\\\/#\\\/schema\\\/logo\\\/image\\\/\"},\"sameAs\":[\"https:\\\/\\\/x.com\\\/zapateneo\"]}]}<\/script>\n<!-- \/ Yoast SEO plugin. -->","yoast_head_json":{"title":"\u00a1Abolir ya! Ensayos hacia un mundo sin polic\u00eda &#8212; Zapateneo","robots":{"index":"index","follow":"follow","max-snippet":"max-snippet:-1","max-image-preview":"max-image-preview:large","max-video-preview":"max-video-preview:-1"},"canonical":"https:\/\/zapateneo.net\/wordpress\/index.php\/producto\/abolir-ya-ensayos-hacia-un-mundo-sin-policia\/","og_locale":"es_ES","og_type":"article","og_title":"\u00a1Abolir ya! Ensayos hacia un mundo sin polic\u00eda &#8212; Zapateneo","og_description":"Brian Whitener, Dawn Marie Paley 9786076955369 - Bajo Tierra - 2025 - 132 p\u00e1ginas \/orri.","og_url":"https:\/\/zapateneo.net\/wordpress\/index.php\/producto\/abolir-ya-ensayos-hacia-un-mundo-sin-policia\/","og_site_name":"Zapateneo","article_modified_time":"2025-11-29T09:28:33+00:00","twitter_card":"summary_large_image","twitter_site":"@zapateneo","twitter_misc":{"Tiempo de lectura":"1 minuto"},"schema":{"@context":"https:\/\/schema.org","@graph":[{"@type":"WebPage","@id":"https:\/\/zapateneo.net\/wordpress\/index.php\/producto\/abolir-ya-ensayos-hacia-un-mundo-sin-policia\/","url":"https:\/\/zapateneo.net\/wordpress\/index.php\/producto\/abolir-ya-ensayos-hacia-un-mundo-sin-policia\/","name":"\u00a1Abolir ya! Ensayos hacia un mundo sin polic\u00eda &#8212; Zapateneo","isPartOf":{"@id":"https:\/\/zapateneo.net\/wordpress\/#website"},"primaryImageOfPage":{"@id":"https:\/\/zapateneo.net\/wordpress\/index.php\/producto\/abolir-ya-ensayos-hacia-un-mundo-sin-policia\/#primaryimage"},"image":{"@id":"https:\/\/zapateneo.net\/wordpress\/index.php\/producto\/abolir-ya-ensayos-hacia-un-mundo-sin-policia\/#primaryimage"},"thumbnailUrl":"https:\/\/zapateneo.net\/wordpress\/wp-content\/uploads\/2025\/11\/9786076955369.jpeg","datePublished":"2025-11-29T09:28:16+00:00","dateModified":"2025-11-29T09:28:33+00:00","breadcrumb":{"@id":"https:\/\/zapateneo.net\/wordpress\/index.php\/producto\/abolir-ya-ensayos-hacia-un-mundo-sin-policia\/#breadcrumb"},"inLanguage":"es","potentialAction":[{"@type":"ReadAction","target":["https:\/\/zapateneo.net\/wordpress\/index.php\/producto\/abolir-ya-ensayos-hacia-un-mundo-sin-policia\/"]}]},{"@type":"ImageObject","inLanguage":"es","@id":"https:\/\/zapateneo.net\/wordpress\/index.php\/producto\/abolir-ya-ensayos-hacia-un-mundo-sin-policia\/#primaryimage","url":"https:\/\/zapateneo.net\/wordpress\/wp-content\/uploads\/2025\/11\/9786076955369.jpeg","contentUrl":"https:\/\/zapateneo.net\/wordpress\/wp-content\/uploads\/2025\/11\/9786076955369.jpeg","width":183,"height":275},{"@type":"BreadcrumbList","@id":"https:\/\/zapateneo.net\/wordpress\/index.php\/producto\/abolir-ya-ensayos-hacia-un-mundo-sin-policia\/#breadcrumb","itemListElement":[{"@type":"ListItem","position":1,"name":"Portada","item":"https:\/\/zapateneo.net\/wordpress\/"},{"@type":"ListItem","position":2,"name":"Tienda","item":"https:\/\/zapateneo.net\/wordpress\/"},{"@type":"ListItem","position":3,"name":"\u00a1Abolir ya! Ensayos hacia un mundo sin polic\u00eda"}]},{"@type":"WebSite","@id":"https:\/\/zapateneo.net\/wordpress\/#website","url":"https:\/\/zapateneo.net\/wordpress\/","name":"Zapateneo","description":"Zapateneoaren webgunea","publisher":{"@id":"https:\/\/zapateneo.net\/wordpress\/#organization"},"potentialAction":[{"@type":"SearchAction","target":{"@type":"EntryPoint","urlTemplate":"https:\/\/zapateneo.net\/wordpress\/?s={search_term_string}"},"query-input":{"@type":"PropertyValueSpecification","valueRequired":true,"valueName":"search_term_string"}}],"inLanguage":"es"},{"@type":"Organization","@id":"https:\/\/zapateneo.net\/wordpress\/#organization","name":"Zapateneo Kultur Elkartea","url":"https:\/\/zapateneo.net\/wordpress\/","logo":{"@type":"ImageObject","inLanguage":"es","@id":"https:\/\/zapateneo.net\/wordpress\/#\/schema\/logo\/image\/","url":"https:\/\/zapateneo.net\/wordpress\/wp-content\/uploads\/2021\/04\/zap-libu-kolec.jpg","contentUrl":"https:\/\/zapateneo.net\/wordpress\/wp-content\/uploads\/2021\/04\/zap-libu-kolec.jpg","width":2234,"height":398,"caption":"Zapateneo Kultur Elkartea"},"image":{"@id":"https:\/\/zapateneo.net\/wordpress\/#\/schema\/logo\/image\/"},"sameAs":["https:\/\/x.com\/zapateneo"]}]}},"_links":{"self":[{"href":"https:\/\/zapateneo.net\/wordpress\/index.php\/wp-json\/wp\/v2\/product\/16300","targetHints":{"allow":["GET"]}}],"collection":[{"href":"https:\/\/zapateneo.net\/wordpress\/index.php\/wp-json\/wp\/v2\/product"}],"about":[{"href":"https:\/\/zapateneo.net\/wordpress\/index.php\/wp-json\/wp\/v2\/types\/product"}],"wp:featuredmedia":[{"embeddable":true,"href":"https:\/\/zapateneo.net\/wordpress\/index.php\/wp-json\/wp\/v2\/media\/16319"}],"wp:attachment":[{"href":"https:\/\/zapateneo.net\/wordpress\/index.php\/wp-json\/wp\/v2\/media?parent=16300"}],"wp:term":[{"taxonomy":"product_brand","embeddable":true,"href":"https:\/\/zapateneo.net\/wordpress\/index.php\/wp-json\/wp\/v2\/product_brand?post=16300"},{"taxonomy":"product_cat","embeddable":true,"href":"https:\/\/zapateneo.net\/wordpress\/index.php\/wp-json\/wp\/v2\/product_cat?post=16300"},{"taxonomy":"product_tag","embeddable":true,"href":"https:\/\/zapateneo.net\/wordpress\/index.php\/wp-json\/wp\/v2\/product_tag?post=16300"}],"curies":[{"name":"wp","href":"https:\/\/api.w.org\/{rel}","templated":true}]}}