{"id":16299,"date":"2025-11-29T10:28:15","date_gmt":"2025-11-29T09:28:15","guid":{"rendered":"https:\/\/zapateneo.net\/wordpress\/?post_type=product&#038;p=16299"},"modified":"2025-11-29T10:28:32","modified_gmt":"2025-11-29T09:28:32","slug":"alebrijes-anarquicos-anarquismo-praxis-anticolonial-y-autonomia-en-america-latina","status":"publish","type":"product","link":"https:\/\/zapateneo.net\/wordpress\/index.php\/producto\/alebrijes-anarquicos-anarquismo-praxis-anticolonial-y-autonomia-en-america-latina\/","title":{"rendered":"Alebrijes an\u00e1rquicos. Anarquismo, praxis anticolonial y autonom\u00eda en Am\u00e9rica Latina"},"content":{"rendered":"<p>Alebrijes an\u00e1rquicos es un libro para habitar y navegar en espacios de fricci\u00f3n, encontrando en esta energ\u00eda los impulsos que potencian la mancomuni\u00f3n de resistencias y autonom\u00edas. Su resultado es toda una fauna \u00e1crata que escapa de los c\u00e1nones que dividieron la naturaleza en reinos jer\u00e1rquicos y taxonom\u00edas est\u00e1ticas, y que surge de una lectura en torno a las pr\u00e1cticas an\u00e1rquicas en el \u00e1mbito de la historia social y popular de las personas, comunidades y pueblos de Am\u00e9rica Latina. Asimismo, tras su lectura, se comprender\u00e1 que las pr\u00e1cticas anarquistas crecen en la medida en que se diversifican, desbordando cierto sentido \u201cpr\u00edstino\u201d del anarquismo en tanto teor\u00eda moderna de la emancipaci\u00f3n, para pensarlo, en cambio, como sustrato de la autonom\u00eda comunitaria en el complejo entramado de las relaciones socioambientales e interculturales. A trav\u00e9s de los cinco cap\u00edtulos que componen el recorrido, se urden voces pret\u00e9ritas y contempor\u00e1neas, articulando relatos y transmitiendo ense\u00f1anzas que nos inspiran a imaginar nuestros propios alebrijes, a sumar otros colores y piezas al vasto y enrevesado hummus de las resistencias anticolonialistas y de las pr\u00e1cticas an\u00e1rquicas que han pululado en Am\u00e9rica Latina y que contin\u00faan emergiendo con la fuerza de aquellos\/as sembradores\/as que desde otrora nos recuerdan: no estamos solos\/as, la lucha contin\u00faa.<\/p>\n","protected":false},"excerpt":{"rendered":"<p><strong>Cassio Brancaleone, Gaya Makaran<\/strong><br \/>\n9786072668904 &#8211; Bajo Tierra &#8211; 2025 &#8211; 352 p\u00e1ginas \/orri.<\/p>\n","protected":false},"featured_media":16318,"template":"","meta":[],"product_brand":[],"product_cat":[1868,16],"product_tag":[4497,7280,6710],"class_list":{"0":"post-16299","1":"product","2":"type-product","3":"status-publish","4":"has-post-thumbnail","6":"product_cat-anarkismoa-anarquismo","7":"product_cat-libros","8":"product_tag-bajo-tierra","9":"product_tag-cassio-brancaleone","10":"product_tag-gaya-makaran","12":"first","13":"instock","14":"sold-individually","15":"shipping-taxable","16":"purchasable","17":"product-type-simple"},"yoast_head":"<!-- This site is optimized with the Yoast SEO plugin v27.3 - https:\/\/yoast.com\/product\/yoast-seo-wordpress\/ -->\n<title>Alebrijes an\u00e1rquicos. Anarquismo, praxis anticolonial y autonom\u00eda en Am\u00e9rica Latina &#8212; Zapateneo<\/title>\n<meta name=\"robots\" content=\"index, follow, max-snippet:-1, max-image-preview:large, max-video-preview:-1\" \/>\n<link rel=\"canonical\" href=\"https:\/\/zapateneo.net\/wordpress\/index.php\/producto\/alebrijes-anarquicos-anarquismo-praxis-anticolonial-y-autonomia-en-america-latina\/\" \/>\n<meta property=\"og:locale\" content=\"es_ES\" \/>\n<meta property=\"og:type\" content=\"article\" \/>\n<meta property=\"og:title\" content=\"Alebrijes an\u00e1rquicos. Anarquismo, praxis anticolonial y autonom\u00eda en Am\u00e9rica Latina &#8212; Zapateneo\" \/>\n<meta property=\"og:description\" content=\"Cassio Brancaleone, Gaya Makaran 9786072668904 - Bajo Tierra - 2025 - 352 p\u00e1ginas \/orri.\" \/>\n<meta property=\"og:url\" content=\"https:\/\/zapateneo.net\/wordpress\/index.php\/producto\/alebrijes-anarquicos-anarquismo-praxis-anticolonial-y-autonomia-en-america-latina\/\" \/>\n<meta property=\"og:site_name\" content=\"Zapateneo\" \/>\n<meta property=\"article:modified_time\" content=\"2025-11-29T09:28:32+00:00\" \/>\n<meta name=\"twitter:card\" content=\"summary_large_image\" \/>\n<meta name=\"twitter:site\" content=\"@zapateneo\" \/>\n<meta name=\"twitter:label1\" content=\"Tiempo de lectura\" \/>\n\t<meta name=\"twitter:data1\" content=\"1 minuto\" \/>\n<script type=\"application\/ld+json\" class=\"yoast-schema-graph\">{\"@context\":\"https:\\\/\\\/schema.org\",\"@graph\":[{\"@type\":\"WebPage\",\"@id\":\"https:\\\/\\\/zapateneo.net\\\/wordpress\\\/index.php\\\/producto\\\/alebrijes-anarquicos-anarquismo-praxis-anticolonial-y-autonomia-en-america-latina\\\/\",\"url\":\"https:\\\/\\\/zapateneo.net\\\/wordpress\\\/index.php\\\/producto\\\/alebrijes-anarquicos-anarquismo-praxis-anticolonial-y-autonomia-en-america-latina\\\/\",\"name\":\"Alebrijes an\u00e1rquicos. Anarquismo, praxis anticolonial y autonom\u00eda en Am\u00e9rica Latina &#8212; Zapateneo\",\"isPartOf\":{\"@id\":\"https:\\\/\\\/zapateneo.net\\\/wordpress\\\/#website\"},\"primaryImageOfPage\":{\"@id\":\"https:\\\/\\\/zapateneo.net\\\/wordpress\\\/index.php\\\/producto\\\/alebrijes-anarquicos-anarquismo-praxis-anticolonial-y-autonomia-en-america-latina\\\/#primaryimage\"},\"image\":{\"@id\":\"https:\\\/\\\/zapateneo.net\\\/wordpress\\\/index.php\\\/producto\\\/alebrijes-anarquicos-anarquismo-praxis-anticolonial-y-autonomia-en-america-latina\\\/#primaryimage\"},\"thumbnailUrl\":\"https:\\\/\\\/zapateneo.net\\\/wordpress\\\/wp-content\\\/uploads\\\/2025\\\/11\\\/9786072668904.jpeg\",\"datePublished\":\"2025-11-29T09:28:15+00:00\",\"dateModified\":\"2025-11-29T09:28:32+00:00\",\"breadcrumb\":{\"@id\":\"https:\\\/\\\/zapateneo.net\\\/wordpress\\\/index.php\\\/producto\\\/alebrijes-anarquicos-anarquismo-praxis-anticolonial-y-autonomia-en-america-latina\\\/#breadcrumb\"},\"inLanguage\":\"es\",\"potentialAction\":[{\"@type\":\"ReadAction\",\"target\":[\"https:\\\/\\\/zapateneo.net\\\/wordpress\\\/index.php\\\/producto\\\/alebrijes-anarquicos-anarquismo-praxis-anticolonial-y-autonomia-en-america-latina\\\/\"]}]},{\"@type\":\"ImageObject\",\"inLanguage\":\"es\",\"@id\":\"https:\\\/\\\/zapateneo.net\\\/wordpress\\\/index.php\\\/producto\\\/alebrijes-anarquicos-anarquismo-praxis-anticolonial-y-autonomia-en-america-latina\\\/#primaryimage\",\"url\":\"https:\\\/\\\/zapateneo.net\\\/wordpress\\\/wp-content\\\/uploads\\\/2025\\\/11\\\/9786072668904.jpeg\",\"contentUrl\":\"https:\\\/\\\/zapateneo.net\\\/wordpress\\\/wp-content\\\/uploads\\\/2025\\\/11\\\/9786072668904.jpeg\",\"width\":190,\"height\":266},{\"@type\":\"BreadcrumbList\",\"@id\":\"https:\\\/\\\/zapateneo.net\\\/wordpress\\\/index.php\\\/producto\\\/alebrijes-anarquicos-anarquismo-praxis-anticolonial-y-autonomia-en-america-latina\\\/#breadcrumb\",\"itemListElement\":[{\"@type\":\"ListItem\",\"position\":1,\"name\":\"Portada\",\"item\":\"https:\\\/\\\/zapateneo.net\\\/wordpress\\\/\"},{\"@type\":\"ListItem\",\"position\":2,\"name\":\"Tienda\",\"item\":\"https:\\\/\\\/zapateneo.net\\\/wordpress\\\/\"},{\"@type\":\"ListItem\",\"position\":3,\"name\":\"Alebrijes an\u00e1rquicos. Anarquismo, praxis anticolonial y autonom\u00eda en Am\u00e9rica Latina\"}]},{\"@type\":\"WebSite\",\"@id\":\"https:\\\/\\\/zapateneo.net\\\/wordpress\\\/#website\",\"url\":\"https:\\\/\\\/zapateneo.net\\\/wordpress\\\/\",\"name\":\"Zapateneo\",\"description\":\"Zapateneoaren webgunea\",\"publisher\":{\"@id\":\"https:\\\/\\\/zapateneo.net\\\/wordpress\\\/#organization\"},\"potentialAction\":[{\"@type\":\"SearchAction\",\"target\":{\"@type\":\"EntryPoint\",\"urlTemplate\":\"https:\\\/\\\/zapateneo.net\\\/wordpress\\\/?s={search_term_string}\"},\"query-input\":{\"@type\":\"PropertyValueSpecification\",\"valueRequired\":true,\"valueName\":\"search_term_string\"}}],\"inLanguage\":\"es\"},{\"@type\":\"Organization\",\"@id\":\"https:\\\/\\\/zapateneo.net\\\/wordpress\\\/#organization\",\"name\":\"Zapateneo Kultur Elkartea\",\"url\":\"https:\\\/\\\/zapateneo.net\\\/wordpress\\\/\",\"logo\":{\"@type\":\"ImageObject\",\"inLanguage\":\"es\",\"@id\":\"https:\\\/\\\/zapateneo.net\\\/wordpress\\\/#\\\/schema\\\/logo\\\/image\\\/\",\"url\":\"https:\\\/\\\/zapateneo.net\\\/wordpress\\\/wp-content\\\/uploads\\\/2021\\\/04\\\/zap-libu-kolec.jpg\",\"contentUrl\":\"https:\\\/\\\/zapateneo.net\\\/wordpress\\\/wp-content\\\/uploads\\\/2021\\\/04\\\/zap-libu-kolec.jpg\",\"width\":2234,\"height\":398,\"caption\":\"Zapateneo Kultur Elkartea\"},\"image\":{\"@id\":\"https:\\\/\\\/zapateneo.net\\\/wordpress\\\/#\\\/schema\\\/logo\\\/image\\\/\"},\"sameAs\":[\"https:\\\/\\\/x.com\\\/zapateneo\"]}]}<\/script>\n<!-- \/ Yoast SEO plugin. -->","yoast_head_json":{"title":"Alebrijes an\u00e1rquicos. Anarquismo, praxis anticolonial y autonom\u00eda en Am\u00e9rica Latina &#8212; Zapateneo","robots":{"index":"index","follow":"follow","max-snippet":"max-snippet:-1","max-image-preview":"max-image-preview:large","max-video-preview":"max-video-preview:-1"},"canonical":"https:\/\/zapateneo.net\/wordpress\/index.php\/producto\/alebrijes-anarquicos-anarquismo-praxis-anticolonial-y-autonomia-en-america-latina\/","og_locale":"es_ES","og_type":"article","og_title":"Alebrijes an\u00e1rquicos. Anarquismo, praxis anticolonial y autonom\u00eda en Am\u00e9rica Latina &#8212; Zapateneo","og_description":"Cassio Brancaleone, Gaya Makaran 9786072668904 - Bajo Tierra - 2025 - 352 p\u00e1ginas \/orri.","og_url":"https:\/\/zapateneo.net\/wordpress\/index.php\/producto\/alebrijes-anarquicos-anarquismo-praxis-anticolonial-y-autonomia-en-america-latina\/","og_site_name":"Zapateneo","article_modified_time":"2025-11-29T09:28:32+00:00","twitter_card":"summary_large_image","twitter_site":"@zapateneo","twitter_misc":{"Tiempo de lectura":"1 minuto"},"schema":{"@context":"https:\/\/schema.org","@graph":[{"@type":"WebPage","@id":"https:\/\/zapateneo.net\/wordpress\/index.php\/producto\/alebrijes-anarquicos-anarquismo-praxis-anticolonial-y-autonomia-en-america-latina\/","url":"https:\/\/zapateneo.net\/wordpress\/index.php\/producto\/alebrijes-anarquicos-anarquismo-praxis-anticolonial-y-autonomia-en-america-latina\/","name":"Alebrijes an\u00e1rquicos. Anarquismo, praxis anticolonial y autonom\u00eda en Am\u00e9rica Latina &#8212; Zapateneo","isPartOf":{"@id":"https:\/\/zapateneo.net\/wordpress\/#website"},"primaryImageOfPage":{"@id":"https:\/\/zapateneo.net\/wordpress\/index.php\/producto\/alebrijes-anarquicos-anarquismo-praxis-anticolonial-y-autonomia-en-america-latina\/#primaryimage"},"image":{"@id":"https:\/\/zapateneo.net\/wordpress\/index.php\/producto\/alebrijes-anarquicos-anarquismo-praxis-anticolonial-y-autonomia-en-america-latina\/#primaryimage"},"thumbnailUrl":"https:\/\/zapateneo.net\/wordpress\/wp-content\/uploads\/2025\/11\/9786072668904.jpeg","datePublished":"2025-11-29T09:28:15+00:00","dateModified":"2025-11-29T09:28:32+00:00","breadcrumb":{"@id":"https:\/\/zapateneo.net\/wordpress\/index.php\/producto\/alebrijes-anarquicos-anarquismo-praxis-anticolonial-y-autonomia-en-america-latina\/#breadcrumb"},"inLanguage":"es","potentialAction":[{"@type":"ReadAction","target":["https:\/\/zapateneo.net\/wordpress\/index.php\/producto\/alebrijes-anarquicos-anarquismo-praxis-anticolonial-y-autonomia-en-america-latina\/"]}]},{"@type":"ImageObject","inLanguage":"es","@id":"https:\/\/zapateneo.net\/wordpress\/index.php\/producto\/alebrijes-anarquicos-anarquismo-praxis-anticolonial-y-autonomia-en-america-latina\/#primaryimage","url":"https:\/\/zapateneo.net\/wordpress\/wp-content\/uploads\/2025\/11\/9786072668904.jpeg","contentUrl":"https:\/\/zapateneo.net\/wordpress\/wp-content\/uploads\/2025\/11\/9786072668904.jpeg","width":190,"height":266},{"@type":"BreadcrumbList","@id":"https:\/\/zapateneo.net\/wordpress\/index.php\/producto\/alebrijes-anarquicos-anarquismo-praxis-anticolonial-y-autonomia-en-america-latina\/#breadcrumb","itemListElement":[{"@type":"ListItem","position":1,"name":"Portada","item":"https:\/\/zapateneo.net\/wordpress\/"},{"@type":"ListItem","position":2,"name":"Tienda","item":"https:\/\/zapateneo.net\/wordpress\/"},{"@type":"ListItem","position":3,"name":"Alebrijes an\u00e1rquicos. Anarquismo, praxis anticolonial y autonom\u00eda en Am\u00e9rica Latina"}]},{"@type":"WebSite","@id":"https:\/\/zapateneo.net\/wordpress\/#website","url":"https:\/\/zapateneo.net\/wordpress\/","name":"Zapateneo","description":"Zapateneoaren webgunea","publisher":{"@id":"https:\/\/zapateneo.net\/wordpress\/#organization"},"potentialAction":[{"@type":"SearchAction","target":{"@type":"EntryPoint","urlTemplate":"https:\/\/zapateneo.net\/wordpress\/?s={search_term_string}"},"query-input":{"@type":"PropertyValueSpecification","valueRequired":true,"valueName":"search_term_string"}}],"inLanguage":"es"},{"@type":"Organization","@id":"https:\/\/zapateneo.net\/wordpress\/#organization","name":"Zapateneo Kultur Elkartea","url":"https:\/\/zapateneo.net\/wordpress\/","logo":{"@type":"ImageObject","inLanguage":"es","@id":"https:\/\/zapateneo.net\/wordpress\/#\/schema\/logo\/image\/","url":"https:\/\/zapateneo.net\/wordpress\/wp-content\/uploads\/2021\/04\/zap-libu-kolec.jpg","contentUrl":"https:\/\/zapateneo.net\/wordpress\/wp-content\/uploads\/2021\/04\/zap-libu-kolec.jpg","width":2234,"height":398,"caption":"Zapateneo Kultur Elkartea"},"image":{"@id":"https:\/\/zapateneo.net\/wordpress\/#\/schema\/logo\/image\/"},"sameAs":["https:\/\/x.com\/zapateneo"]}]}},"_links":{"self":[{"href":"https:\/\/zapateneo.net\/wordpress\/index.php\/wp-json\/wp\/v2\/product\/16299","targetHints":{"allow":["GET"]}}],"collection":[{"href":"https:\/\/zapateneo.net\/wordpress\/index.php\/wp-json\/wp\/v2\/product"}],"about":[{"href":"https:\/\/zapateneo.net\/wordpress\/index.php\/wp-json\/wp\/v2\/types\/product"}],"wp:featuredmedia":[{"embeddable":true,"href":"https:\/\/zapateneo.net\/wordpress\/index.php\/wp-json\/wp\/v2\/media\/16318"}],"wp:attachment":[{"href":"https:\/\/zapateneo.net\/wordpress\/index.php\/wp-json\/wp\/v2\/media?parent=16299"}],"wp:term":[{"taxonomy":"product_brand","embeddable":true,"href":"https:\/\/zapateneo.net\/wordpress\/index.php\/wp-json\/wp\/v2\/product_brand?post=16299"},{"taxonomy":"product_cat","embeddable":true,"href":"https:\/\/zapateneo.net\/wordpress\/index.php\/wp-json\/wp\/v2\/product_cat?post=16299"},{"taxonomy":"product_tag","embeddable":true,"href":"https:\/\/zapateneo.net\/wordpress\/index.php\/wp-json\/wp\/v2\/product_tag?post=16299"}],"curies":[{"name":"wp","href":"https:\/\/api.w.org\/{rel}","templated":true}]}}