{"id":16280,"date":"2025-11-23T20:55:19","date_gmt":"2025-11-23T19:55:19","guid":{"rendered":"https:\/\/zapateneo.net\/wordpress\/?post_type=product&#038;p=16280"},"modified":"2025-11-23T20:55:37","modified_gmt":"2025-11-23T19:55:37","slug":"huertopias-ecourbanismo-cooperacion-social-y-agricultura","status":"publish","type":"product","link":"https:\/\/zapateneo.net\/wordpress\/index.php\/producto\/huertopias-ecourbanismo-cooperacion-social-y-agricultura\/","title":{"rendered":"Huertop\u00edas. Ecourbanismo, cooperaci\u00f3n social y agricultura"},"content":{"rendered":"<p>La crisis ecosocial supone una amenaza sin precedentes de urbicidio, destrucci\u00f3n del entorno construido y desarticulaci\u00f3n de las comunidades que lo habitan. Ante la certeza de un futuro pr\u00f3ximo donde viviremos con menos recursos, menos energ\u00eda y en entornos ambientalmente m\u00e1s adversos, amar las ciudades pasa por asumir las complejas y radicales transformaciones que plantea la agenda del ecourbanismo. La agricultura urbana se ha convertido en una herramienta indispensable para impulsar estos cambios. Met\u00e1fora de la creatividad social, la capacidad ciudadana para devolver el valor de uso a espacios abandonados, del cuidado de la naturaleza en la ciudad o de las posibilidades de relocalizar, democratizar y ecologizar los sistemas alimentarios. Los huertos durante las crisis dan de comer, pero especialmente ayudan a mantener la esperanza, siendo fragmentos de orden cuando todo se encuentra patas arriba, zonas verdes que crecen gracias a la luz en tiempos oscuros, proyectos de futuro cuando el presente se vuelve insoportable. Huertop\u00edas nos invita a imaginar muchos de estos cambios arraigando en las experiencias de agricultura urbana m\u00e1s inspiradoras. Un esfuerzo por anclar lo ut\u00f3pico a pr\u00e1cticas que anticipan, de forma imperfecta pero habitable, anteproyectos de ciudades m\u00e1s justas, convivenciales y ecol\u00f3gicas. Huertos comunitarios, granjas urbanas, terapias hort\u00edcolas en hospitales, zonas de cultivo en escuelas o en bibliotecas, en c\u00e1rceles o en campos de refugiados. Bosques comestibles, vi\u00f1edos urbanos, azoteas y otras plantaciones que desaf\u00edan al hambre y la desigualdad, juntan personas y movilizan comunidades, provocan cambios culturales y reverdecen el espacio p\u00fablico.<\/p>\n","protected":false},"excerpt":{"rendered":"<p><strong>Jos\u00e9 Luis Fern\u00e1ndez Casadevante \u2018Kois\u2019<\/strong><br \/>\n9788412953145 &#8211; Capit\u00e1n Swing &#8211; 2025 &#8211; 392 p\u00e1ginas \/orri.<\/p>\n","protected":false},"featured_media":16295,"template":"","meta":[],"product_brand":[],"product_cat":[180,16],"product_tag":[102,7276],"class_list":{"0":"post-16280","1":"product","2":"type-product","3":"status-publish","4":"has-post-thumbnail","6":"product_cat-ekologia-ecologia","7":"product_cat-libros","8":"product_tag-capitan-swing","9":"product_tag-jose-luis-fernandez-casadevante-kois","11":"first","12":"instock","13":"sold-individually","14":"shipping-taxable","15":"purchasable","16":"product-type-simple"},"yoast_head":"<!-- This site is optimized with the Yoast SEO plugin v27.3 - https:\/\/yoast.com\/product\/yoast-seo-wordpress\/ -->\n<title>Huertop\u00edas. Ecourbanismo, cooperaci\u00f3n social y agricultura &#8212; Zapateneo<\/title>\n<meta name=\"robots\" content=\"index, follow, max-snippet:-1, max-image-preview:large, max-video-preview:-1\" \/>\n<link rel=\"canonical\" href=\"https:\/\/zapateneo.net\/wordpress\/index.php\/producto\/huertopias-ecourbanismo-cooperacion-social-y-agricultura\/\" \/>\n<meta property=\"og:locale\" content=\"es_ES\" \/>\n<meta property=\"og:type\" content=\"article\" \/>\n<meta property=\"og:title\" content=\"Huertop\u00edas. Ecourbanismo, cooperaci\u00f3n social y agricultura &#8212; Zapateneo\" \/>\n<meta property=\"og:description\" content=\"Jos\u00e9 Luis Fern\u00e1ndez Casadevante \u2018Kois\u2019 9788412953145 - Capit\u00e1n Swing - 2025 - 392 p\u00e1ginas \/orri.\" \/>\n<meta property=\"og:url\" content=\"https:\/\/zapateneo.net\/wordpress\/index.php\/producto\/huertopias-ecourbanismo-cooperacion-social-y-agricultura\/\" \/>\n<meta property=\"og:site_name\" content=\"Zapateneo\" \/>\n<meta property=\"article:modified_time\" content=\"2025-11-23T19:55:37+00:00\" \/>\n<meta name=\"twitter:card\" content=\"summary_large_image\" \/>\n<meta name=\"twitter:site\" content=\"@zapateneo\" \/>\n<meta name=\"twitter:label1\" content=\"Tiempo de lectura\" \/>\n\t<meta name=\"twitter:data1\" content=\"1 minuto\" \/>\n<script type=\"application\/ld+json\" class=\"yoast-schema-graph\">{\"@context\":\"https:\\\/\\\/schema.org\",\"@graph\":[{\"@type\":\"WebPage\",\"@id\":\"https:\\\/\\\/zapateneo.net\\\/wordpress\\\/index.php\\\/producto\\\/huertopias-ecourbanismo-cooperacion-social-y-agricultura\\\/\",\"url\":\"https:\\\/\\\/zapateneo.net\\\/wordpress\\\/index.php\\\/producto\\\/huertopias-ecourbanismo-cooperacion-social-y-agricultura\\\/\",\"name\":\"Huertop\u00edas. Ecourbanismo, cooperaci\u00f3n social y agricultura &#8212; Zapateneo\",\"isPartOf\":{\"@id\":\"https:\\\/\\\/zapateneo.net\\\/wordpress\\\/#website\"},\"primaryImageOfPage\":{\"@id\":\"https:\\\/\\\/zapateneo.net\\\/wordpress\\\/index.php\\\/producto\\\/huertopias-ecourbanismo-cooperacion-social-y-agricultura\\\/#primaryimage\"},\"image\":{\"@id\":\"https:\\\/\\\/zapateneo.net\\\/wordpress\\\/index.php\\\/producto\\\/huertopias-ecourbanismo-cooperacion-social-y-agricultura\\\/#primaryimage\"},\"thumbnailUrl\":\"https:\\\/\\\/zapateneo.net\\\/wordpress\\\/wp-content\\\/uploads\\\/2025\\\/11\\\/9788412953145.jpg\",\"datePublished\":\"2025-11-23T19:55:19+00:00\",\"dateModified\":\"2025-11-23T19:55:37+00:00\",\"breadcrumb\":{\"@id\":\"https:\\\/\\\/zapateneo.net\\\/wordpress\\\/index.php\\\/producto\\\/huertopias-ecourbanismo-cooperacion-social-y-agricultura\\\/#breadcrumb\"},\"inLanguage\":\"es\",\"potentialAction\":[{\"@type\":\"ReadAction\",\"target\":[\"https:\\\/\\\/zapateneo.net\\\/wordpress\\\/index.php\\\/producto\\\/huertopias-ecourbanismo-cooperacion-social-y-agricultura\\\/\"]}]},{\"@type\":\"ImageObject\",\"inLanguage\":\"es\",\"@id\":\"https:\\\/\\\/zapateneo.net\\\/wordpress\\\/index.php\\\/producto\\\/huertopias-ecourbanismo-cooperacion-social-y-agricultura\\\/#primaryimage\",\"url\":\"https:\\\/\\\/zapateneo.net\\\/wordpress\\\/wp-content\\\/uploads\\\/2025\\\/11\\\/9788412953145.jpg\",\"contentUrl\":\"https:\\\/\\\/zapateneo.net\\\/wordpress\\\/wp-content\\\/uploads\\\/2025\\\/11\\\/9788412953145.jpg\",\"width\":400,\"height\":209},{\"@type\":\"BreadcrumbList\",\"@id\":\"https:\\\/\\\/zapateneo.net\\\/wordpress\\\/index.php\\\/producto\\\/huertopias-ecourbanismo-cooperacion-social-y-agricultura\\\/#breadcrumb\",\"itemListElement\":[{\"@type\":\"ListItem\",\"position\":1,\"name\":\"Portada\",\"item\":\"https:\\\/\\\/zapateneo.net\\\/wordpress\\\/\"},{\"@type\":\"ListItem\",\"position\":2,\"name\":\"Tienda\",\"item\":\"https:\\\/\\\/zapateneo.net\\\/wordpress\\\/\"},{\"@type\":\"ListItem\",\"position\":3,\"name\":\"Huertop\u00edas. Ecourbanismo, cooperaci\u00f3n social y agricultura\"}]},{\"@type\":\"WebSite\",\"@id\":\"https:\\\/\\\/zapateneo.net\\\/wordpress\\\/#website\",\"url\":\"https:\\\/\\\/zapateneo.net\\\/wordpress\\\/\",\"name\":\"Zapateneo\",\"description\":\"Zapateneoaren webgunea\",\"publisher\":{\"@id\":\"https:\\\/\\\/zapateneo.net\\\/wordpress\\\/#organization\"},\"potentialAction\":[{\"@type\":\"SearchAction\",\"target\":{\"@type\":\"EntryPoint\",\"urlTemplate\":\"https:\\\/\\\/zapateneo.net\\\/wordpress\\\/?s={search_term_string}\"},\"query-input\":{\"@type\":\"PropertyValueSpecification\",\"valueRequired\":true,\"valueName\":\"search_term_string\"}}],\"inLanguage\":\"es\"},{\"@type\":\"Organization\",\"@id\":\"https:\\\/\\\/zapateneo.net\\\/wordpress\\\/#organization\",\"name\":\"Zapateneo Kultur Elkartea\",\"url\":\"https:\\\/\\\/zapateneo.net\\\/wordpress\\\/\",\"logo\":{\"@type\":\"ImageObject\",\"inLanguage\":\"es\",\"@id\":\"https:\\\/\\\/zapateneo.net\\\/wordpress\\\/#\\\/schema\\\/logo\\\/image\\\/\",\"url\":\"https:\\\/\\\/zapateneo.net\\\/wordpress\\\/wp-content\\\/uploads\\\/2021\\\/04\\\/zap-libu-kolec.jpg\",\"contentUrl\":\"https:\\\/\\\/zapateneo.net\\\/wordpress\\\/wp-content\\\/uploads\\\/2021\\\/04\\\/zap-libu-kolec.jpg\",\"width\":2234,\"height\":398,\"caption\":\"Zapateneo Kultur Elkartea\"},\"image\":{\"@id\":\"https:\\\/\\\/zapateneo.net\\\/wordpress\\\/#\\\/schema\\\/logo\\\/image\\\/\"},\"sameAs\":[\"https:\\\/\\\/x.com\\\/zapateneo\"]}]}<\/script>\n<!-- \/ Yoast SEO plugin. -->","yoast_head_json":{"title":"Huertop\u00edas. Ecourbanismo, cooperaci\u00f3n social y agricultura &#8212; Zapateneo","robots":{"index":"index","follow":"follow","max-snippet":"max-snippet:-1","max-image-preview":"max-image-preview:large","max-video-preview":"max-video-preview:-1"},"canonical":"https:\/\/zapateneo.net\/wordpress\/index.php\/producto\/huertopias-ecourbanismo-cooperacion-social-y-agricultura\/","og_locale":"es_ES","og_type":"article","og_title":"Huertop\u00edas. Ecourbanismo, cooperaci\u00f3n social y agricultura &#8212; Zapateneo","og_description":"Jos\u00e9 Luis Fern\u00e1ndez Casadevante \u2018Kois\u2019 9788412953145 - Capit\u00e1n Swing - 2025 - 392 p\u00e1ginas \/orri.","og_url":"https:\/\/zapateneo.net\/wordpress\/index.php\/producto\/huertopias-ecourbanismo-cooperacion-social-y-agricultura\/","og_site_name":"Zapateneo","article_modified_time":"2025-11-23T19:55:37+00:00","twitter_card":"summary_large_image","twitter_site":"@zapateneo","twitter_misc":{"Tiempo de lectura":"1 minuto"},"schema":{"@context":"https:\/\/schema.org","@graph":[{"@type":"WebPage","@id":"https:\/\/zapateneo.net\/wordpress\/index.php\/producto\/huertopias-ecourbanismo-cooperacion-social-y-agricultura\/","url":"https:\/\/zapateneo.net\/wordpress\/index.php\/producto\/huertopias-ecourbanismo-cooperacion-social-y-agricultura\/","name":"Huertop\u00edas. Ecourbanismo, cooperaci\u00f3n social y agricultura &#8212; Zapateneo","isPartOf":{"@id":"https:\/\/zapateneo.net\/wordpress\/#website"},"primaryImageOfPage":{"@id":"https:\/\/zapateneo.net\/wordpress\/index.php\/producto\/huertopias-ecourbanismo-cooperacion-social-y-agricultura\/#primaryimage"},"image":{"@id":"https:\/\/zapateneo.net\/wordpress\/index.php\/producto\/huertopias-ecourbanismo-cooperacion-social-y-agricultura\/#primaryimage"},"thumbnailUrl":"https:\/\/zapateneo.net\/wordpress\/wp-content\/uploads\/2025\/11\/9788412953145.jpg","datePublished":"2025-11-23T19:55:19+00:00","dateModified":"2025-11-23T19:55:37+00:00","breadcrumb":{"@id":"https:\/\/zapateneo.net\/wordpress\/index.php\/producto\/huertopias-ecourbanismo-cooperacion-social-y-agricultura\/#breadcrumb"},"inLanguage":"es","potentialAction":[{"@type":"ReadAction","target":["https:\/\/zapateneo.net\/wordpress\/index.php\/producto\/huertopias-ecourbanismo-cooperacion-social-y-agricultura\/"]}]},{"@type":"ImageObject","inLanguage":"es","@id":"https:\/\/zapateneo.net\/wordpress\/index.php\/producto\/huertopias-ecourbanismo-cooperacion-social-y-agricultura\/#primaryimage","url":"https:\/\/zapateneo.net\/wordpress\/wp-content\/uploads\/2025\/11\/9788412953145.jpg","contentUrl":"https:\/\/zapateneo.net\/wordpress\/wp-content\/uploads\/2025\/11\/9788412953145.jpg","width":400,"height":209},{"@type":"BreadcrumbList","@id":"https:\/\/zapateneo.net\/wordpress\/index.php\/producto\/huertopias-ecourbanismo-cooperacion-social-y-agricultura\/#breadcrumb","itemListElement":[{"@type":"ListItem","position":1,"name":"Portada","item":"https:\/\/zapateneo.net\/wordpress\/"},{"@type":"ListItem","position":2,"name":"Tienda","item":"https:\/\/zapateneo.net\/wordpress\/"},{"@type":"ListItem","position":3,"name":"Huertop\u00edas. Ecourbanismo, cooperaci\u00f3n social y agricultura"}]},{"@type":"WebSite","@id":"https:\/\/zapateneo.net\/wordpress\/#website","url":"https:\/\/zapateneo.net\/wordpress\/","name":"Zapateneo","description":"Zapateneoaren webgunea","publisher":{"@id":"https:\/\/zapateneo.net\/wordpress\/#organization"},"potentialAction":[{"@type":"SearchAction","target":{"@type":"EntryPoint","urlTemplate":"https:\/\/zapateneo.net\/wordpress\/?s={search_term_string}"},"query-input":{"@type":"PropertyValueSpecification","valueRequired":true,"valueName":"search_term_string"}}],"inLanguage":"es"},{"@type":"Organization","@id":"https:\/\/zapateneo.net\/wordpress\/#organization","name":"Zapateneo Kultur Elkartea","url":"https:\/\/zapateneo.net\/wordpress\/","logo":{"@type":"ImageObject","inLanguage":"es","@id":"https:\/\/zapateneo.net\/wordpress\/#\/schema\/logo\/image\/","url":"https:\/\/zapateneo.net\/wordpress\/wp-content\/uploads\/2021\/04\/zap-libu-kolec.jpg","contentUrl":"https:\/\/zapateneo.net\/wordpress\/wp-content\/uploads\/2021\/04\/zap-libu-kolec.jpg","width":2234,"height":398,"caption":"Zapateneo Kultur Elkartea"},"image":{"@id":"https:\/\/zapateneo.net\/wordpress\/#\/schema\/logo\/image\/"},"sameAs":["https:\/\/x.com\/zapateneo"]}]}},"_links":{"self":[{"href":"https:\/\/zapateneo.net\/wordpress\/index.php\/wp-json\/wp\/v2\/product\/16280","targetHints":{"allow":["GET"]}}],"collection":[{"href":"https:\/\/zapateneo.net\/wordpress\/index.php\/wp-json\/wp\/v2\/product"}],"about":[{"href":"https:\/\/zapateneo.net\/wordpress\/index.php\/wp-json\/wp\/v2\/types\/product"}],"wp:featuredmedia":[{"embeddable":true,"href":"https:\/\/zapateneo.net\/wordpress\/index.php\/wp-json\/wp\/v2\/media\/16295"}],"wp:attachment":[{"href":"https:\/\/zapateneo.net\/wordpress\/index.php\/wp-json\/wp\/v2\/media?parent=16280"}],"wp:term":[{"taxonomy":"product_brand","embeddable":true,"href":"https:\/\/zapateneo.net\/wordpress\/index.php\/wp-json\/wp\/v2\/product_brand?post=16280"},{"taxonomy":"product_cat","embeddable":true,"href":"https:\/\/zapateneo.net\/wordpress\/index.php\/wp-json\/wp\/v2\/product_cat?post=16280"},{"taxonomy":"product_tag","embeddable":true,"href":"https:\/\/zapateneo.net\/wordpress\/index.php\/wp-json\/wp\/v2\/product_tag?post=16280"}],"curies":[{"name":"wp","href":"https:\/\/api.w.org\/{rel}","templated":true}]}}