{"id":16279,"date":"2025-11-23T20:55:18","date_gmt":"2025-11-23T19:55:18","guid":{"rendered":"https:\/\/zapateneo.net\/wordpress\/?post_type=product&#038;p=16279"},"modified":"2025-11-23T20:55:36","modified_gmt":"2025-11-23T19:55:36","slug":"un-libertario-se-encuentra-con-un-oso-el-utopico-plan-para-liberar-a-un-pueblo-y-a-sus-osos","status":"publish","type":"product","link":"https:\/\/zapateneo.net\/wordpress\/index.php\/producto\/un-libertario-se-encuentra-con-un-oso-el-utopico-plan-para-liberar-a-un-pueblo-y-a-sus-osos\/","title":{"rendered":"Un libertario se encuentra con un oso. El ut\u00f3pico plan para liberar a un pueblo (y a sus osos)"},"content":{"rendered":"<p>\u00c9rase una vez un grupo de libertarios que idearon el Proyecto Free Town, un plan para tomar el control de una ciudad estadounidense y eliminar por completo su gobierno. En 2004, en Grafton (Nuevo Hampshire), un asentamiento apenas poblado con una carretera asfaltada, se hizo realidad ese plan.<\/p>\n<p>La financiaci\u00f3n p\u00fablica de casi todo se redujo: del cuerpo de bomberos, la biblioteca, la escuela. Las leyes estatales y federales no desaparecieron, pero se hicieron m\u00e1s silenciosas: suaves sugerencias que apenas se o\u00edan en la espesura del pueblo. Los osos, en cambio, eran cada vez m\u00e1s visibles. Los ciudadanos de Grafton, amantes de la libertad, ignoraron las leyes de caza y las normas sobre gesti\u00f3n de los restos de comida. Construyeron una ciudad de tiendas de campa\u00f1a, en un esfuerzo por salirse de la red el\u00e9ctrica. Y con una poblaci\u00f3n local de osos grande y creciente, el conflicto se hizo inevitable.<\/p>\n<p>Un libertario se encuentra con un oso es a la vez un relato de humor y la historia de un compromiso radicalmente estadounidense con la libertad. Llena de personajes pintorescos, juegos de palabras y chistes, es la narraci\u00f3n de un gran experimento social y una muestra del esp\u00edritu nacional estadounidense.<\/p>\n","protected":false},"excerpt":{"rendered":"<p><strong>Matthew Hongoltz-Hetling<\/strong><br \/>\n9788412953022 &#8211; Capit\u00e1n Swing &#8211; 2025 &#8211; 376 p\u00e1ginas \/orri.<\/p>\n","protected":false},"featured_media":16294,"template":"","meta":[],"product_brand":[],"product_cat":[16,187],"product_tag":[102,7275],"class_list":{"0":"post-16279","1":"product","2":"type-product","3":"status-publish","4":"has-post-thumbnail","6":"product_cat-libros","7":"product_cat-narratiba-narrativa","8":"product_tag-capitan-swing","9":"product_tag-matthew-hongoltz-hetling","11":"first","12":"instock","13":"sold-individually","14":"shipping-taxable","15":"purchasable","16":"product-type-simple"},"yoast_head":"<!-- This site is optimized with the Yoast SEO plugin v27.3 - https:\/\/yoast.com\/product\/yoast-seo-wordpress\/ -->\n<title>Un libertario se encuentra con un oso. El ut\u00f3pico plan para liberar a un pueblo (y a sus osos) &#8212; Zapateneo<\/title>\n<meta name=\"robots\" content=\"index, follow, max-snippet:-1, max-image-preview:large, max-video-preview:-1\" \/>\n<link rel=\"canonical\" href=\"https:\/\/zapateneo.net\/wordpress\/index.php\/producto\/un-libertario-se-encuentra-con-un-oso-el-utopico-plan-para-liberar-a-un-pueblo-y-a-sus-osos\/\" \/>\n<meta property=\"og:locale\" content=\"es_ES\" \/>\n<meta property=\"og:type\" content=\"article\" \/>\n<meta property=\"og:title\" content=\"Un libertario se encuentra con un oso. El ut\u00f3pico plan para liberar a un pueblo (y a sus osos) &#8212; Zapateneo\" \/>\n<meta property=\"og:description\" content=\"Matthew Hongoltz-Hetling 9788412953022 - Capit\u00e1n Swing - 2025 - 376 p\u00e1ginas \/orri.\" \/>\n<meta property=\"og:url\" content=\"https:\/\/zapateneo.net\/wordpress\/index.php\/producto\/un-libertario-se-encuentra-con-un-oso-el-utopico-plan-para-liberar-a-un-pueblo-y-a-sus-osos\/\" \/>\n<meta property=\"og:site_name\" content=\"Zapateneo\" \/>\n<meta property=\"article:modified_time\" content=\"2025-11-23T19:55:36+00:00\" \/>\n<meta name=\"twitter:card\" content=\"summary_large_image\" \/>\n<meta name=\"twitter:site\" content=\"@zapateneo\" \/>\n<meta name=\"twitter:label1\" content=\"Tiempo de lectura\" \/>\n\t<meta name=\"twitter:data1\" content=\"1 minuto\" \/>\n<script type=\"application\/ld+json\" class=\"yoast-schema-graph\">{\"@context\":\"https:\\\/\\\/schema.org\",\"@graph\":[{\"@type\":\"WebPage\",\"@id\":\"https:\\\/\\\/zapateneo.net\\\/wordpress\\\/index.php\\\/producto\\\/un-libertario-se-encuentra-con-un-oso-el-utopico-plan-para-liberar-a-un-pueblo-y-a-sus-osos\\\/\",\"url\":\"https:\\\/\\\/zapateneo.net\\\/wordpress\\\/index.php\\\/producto\\\/un-libertario-se-encuentra-con-un-oso-el-utopico-plan-para-liberar-a-un-pueblo-y-a-sus-osos\\\/\",\"name\":\"Un libertario se encuentra con un oso. El ut\u00f3pico plan para liberar a un pueblo (y a sus osos) &#8212; Zapateneo\",\"isPartOf\":{\"@id\":\"https:\\\/\\\/zapateneo.net\\\/wordpress\\\/#website\"},\"primaryImageOfPage\":{\"@id\":\"https:\\\/\\\/zapateneo.net\\\/wordpress\\\/index.php\\\/producto\\\/un-libertario-se-encuentra-con-un-oso-el-utopico-plan-para-liberar-a-un-pueblo-y-a-sus-osos\\\/#primaryimage\"},\"image\":{\"@id\":\"https:\\\/\\\/zapateneo.net\\\/wordpress\\\/index.php\\\/producto\\\/un-libertario-se-encuentra-con-un-oso-el-utopico-plan-para-liberar-a-un-pueblo-y-a-sus-osos\\\/#primaryimage\"},\"thumbnailUrl\":\"https:\\\/\\\/zapateneo.net\\\/wordpress\\\/wp-content\\\/uploads\\\/2025\\\/11\\\/9788412953022.jpg\",\"datePublished\":\"2025-11-23T19:55:18+00:00\",\"dateModified\":\"2025-11-23T19:55:36+00:00\",\"breadcrumb\":{\"@id\":\"https:\\\/\\\/zapateneo.net\\\/wordpress\\\/index.php\\\/producto\\\/un-libertario-se-encuentra-con-un-oso-el-utopico-plan-para-liberar-a-un-pueblo-y-a-sus-osos\\\/#breadcrumb\"},\"inLanguage\":\"es\",\"potentialAction\":[{\"@type\":\"ReadAction\",\"target\":[\"https:\\\/\\\/zapateneo.net\\\/wordpress\\\/index.php\\\/producto\\\/un-libertario-se-encuentra-con-un-oso-el-utopico-plan-para-liberar-a-un-pueblo-y-a-sus-osos\\\/\"]}]},{\"@type\":\"ImageObject\",\"inLanguage\":\"es\",\"@id\":\"https:\\\/\\\/zapateneo.net\\\/wordpress\\\/index.php\\\/producto\\\/un-libertario-se-encuentra-con-un-oso-el-utopico-plan-para-liberar-a-un-pueblo-y-a-sus-osos\\\/#primaryimage\",\"url\":\"https:\\\/\\\/zapateneo.net\\\/wordpress\\\/wp-content\\\/uploads\\\/2025\\\/11\\\/9788412953022.jpg\",\"contentUrl\":\"https:\\\/\\\/zapateneo.net\\\/wordpress\\\/wp-content\\\/uploads\\\/2025\\\/11\\\/9788412953022.jpg\",\"width\":256,\"height\":400},{\"@type\":\"BreadcrumbList\",\"@id\":\"https:\\\/\\\/zapateneo.net\\\/wordpress\\\/index.php\\\/producto\\\/un-libertario-se-encuentra-con-un-oso-el-utopico-plan-para-liberar-a-un-pueblo-y-a-sus-osos\\\/#breadcrumb\",\"itemListElement\":[{\"@type\":\"ListItem\",\"position\":1,\"name\":\"Portada\",\"item\":\"https:\\\/\\\/zapateneo.net\\\/wordpress\\\/\"},{\"@type\":\"ListItem\",\"position\":2,\"name\":\"Tienda\",\"item\":\"https:\\\/\\\/zapateneo.net\\\/wordpress\\\/\"},{\"@type\":\"ListItem\",\"position\":3,\"name\":\"Un libertario se encuentra con un oso. El ut\u00f3pico plan para liberar a un pueblo (y a sus osos)\"}]},{\"@type\":\"WebSite\",\"@id\":\"https:\\\/\\\/zapateneo.net\\\/wordpress\\\/#website\",\"url\":\"https:\\\/\\\/zapateneo.net\\\/wordpress\\\/\",\"name\":\"Zapateneo\",\"description\":\"Zapateneoaren webgunea\",\"publisher\":{\"@id\":\"https:\\\/\\\/zapateneo.net\\\/wordpress\\\/#organization\"},\"potentialAction\":[{\"@type\":\"SearchAction\",\"target\":{\"@type\":\"EntryPoint\",\"urlTemplate\":\"https:\\\/\\\/zapateneo.net\\\/wordpress\\\/?s={search_term_string}\"},\"query-input\":{\"@type\":\"PropertyValueSpecification\",\"valueRequired\":true,\"valueName\":\"search_term_string\"}}],\"inLanguage\":\"es\"},{\"@type\":\"Organization\",\"@id\":\"https:\\\/\\\/zapateneo.net\\\/wordpress\\\/#organization\",\"name\":\"Zapateneo Kultur Elkartea\",\"url\":\"https:\\\/\\\/zapateneo.net\\\/wordpress\\\/\",\"logo\":{\"@type\":\"ImageObject\",\"inLanguage\":\"es\",\"@id\":\"https:\\\/\\\/zapateneo.net\\\/wordpress\\\/#\\\/schema\\\/logo\\\/image\\\/\",\"url\":\"https:\\\/\\\/zapateneo.net\\\/wordpress\\\/wp-content\\\/uploads\\\/2021\\\/04\\\/zap-libu-kolec.jpg\",\"contentUrl\":\"https:\\\/\\\/zapateneo.net\\\/wordpress\\\/wp-content\\\/uploads\\\/2021\\\/04\\\/zap-libu-kolec.jpg\",\"width\":2234,\"height\":398,\"caption\":\"Zapateneo Kultur Elkartea\"},\"image\":{\"@id\":\"https:\\\/\\\/zapateneo.net\\\/wordpress\\\/#\\\/schema\\\/logo\\\/image\\\/\"},\"sameAs\":[\"https:\\\/\\\/x.com\\\/zapateneo\"]}]}<\/script>\n<!-- \/ Yoast SEO plugin. -->","yoast_head_json":{"title":"Un libertario se encuentra con un oso. El ut\u00f3pico plan para liberar a un pueblo (y a sus osos) &#8212; Zapateneo","robots":{"index":"index","follow":"follow","max-snippet":"max-snippet:-1","max-image-preview":"max-image-preview:large","max-video-preview":"max-video-preview:-1"},"canonical":"https:\/\/zapateneo.net\/wordpress\/index.php\/producto\/un-libertario-se-encuentra-con-un-oso-el-utopico-plan-para-liberar-a-un-pueblo-y-a-sus-osos\/","og_locale":"es_ES","og_type":"article","og_title":"Un libertario se encuentra con un oso. El ut\u00f3pico plan para liberar a un pueblo (y a sus osos) &#8212; Zapateneo","og_description":"Matthew Hongoltz-Hetling 9788412953022 - Capit\u00e1n Swing - 2025 - 376 p\u00e1ginas \/orri.","og_url":"https:\/\/zapateneo.net\/wordpress\/index.php\/producto\/un-libertario-se-encuentra-con-un-oso-el-utopico-plan-para-liberar-a-un-pueblo-y-a-sus-osos\/","og_site_name":"Zapateneo","article_modified_time":"2025-11-23T19:55:36+00:00","twitter_card":"summary_large_image","twitter_site":"@zapateneo","twitter_misc":{"Tiempo de lectura":"1 minuto"},"schema":{"@context":"https:\/\/schema.org","@graph":[{"@type":"WebPage","@id":"https:\/\/zapateneo.net\/wordpress\/index.php\/producto\/un-libertario-se-encuentra-con-un-oso-el-utopico-plan-para-liberar-a-un-pueblo-y-a-sus-osos\/","url":"https:\/\/zapateneo.net\/wordpress\/index.php\/producto\/un-libertario-se-encuentra-con-un-oso-el-utopico-plan-para-liberar-a-un-pueblo-y-a-sus-osos\/","name":"Un libertario se encuentra con un oso. El ut\u00f3pico plan para liberar a un pueblo (y a sus osos) &#8212; Zapateneo","isPartOf":{"@id":"https:\/\/zapateneo.net\/wordpress\/#website"},"primaryImageOfPage":{"@id":"https:\/\/zapateneo.net\/wordpress\/index.php\/producto\/un-libertario-se-encuentra-con-un-oso-el-utopico-plan-para-liberar-a-un-pueblo-y-a-sus-osos\/#primaryimage"},"image":{"@id":"https:\/\/zapateneo.net\/wordpress\/index.php\/producto\/un-libertario-se-encuentra-con-un-oso-el-utopico-plan-para-liberar-a-un-pueblo-y-a-sus-osos\/#primaryimage"},"thumbnailUrl":"https:\/\/zapateneo.net\/wordpress\/wp-content\/uploads\/2025\/11\/9788412953022.jpg","datePublished":"2025-11-23T19:55:18+00:00","dateModified":"2025-11-23T19:55:36+00:00","breadcrumb":{"@id":"https:\/\/zapateneo.net\/wordpress\/index.php\/producto\/un-libertario-se-encuentra-con-un-oso-el-utopico-plan-para-liberar-a-un-pueblo-y-a-sus-osos\/#breadcrumb"},"inLanguage":"es","potentialAction":[{"@type":"ReadAction","target":["https:\/\/zapateneo.net\/wordpress\/index.php\/producto\/un-libertario-se-encuentra-con-un-oso-el-utopico-plan-para-liberar-a-un-pueblo-y-a-sus-osos\/"]}]},{"@type":"ImageObject","inLanguage":"es","@id":"https:\/\/zapateneo.net\/wordpress\/index.php\/producto\/un-libertario-se-encuentra-con-un-oso-el-utopico-plan-para-liberar-a-un-pueblo-y-a-sus-osos\/#primaryimage","url":"https:\/\/zapateneo.net\/wordpress\/wp-content\/uploads\/2025\/11\/9788412953022.jpg","contentUrl":"https:\/\/zapateneo.net\/wordpress\/wp-content\/uploads\/2025\/11\/9788412953022.jpg","width":256,"height":400},{"@type":"BreadcrumbList","@id":"https:\/\/zapateneo.net\/wordpress\/index.php\/producto\/un-libertario-se-encuentra-con-un-oso-el-utopico-plan-para-liberar-a-un-pueblo-y-a-sus-osos\/#breadcrumb","itemListElement":[{"@type":"ListItem","position":1,"name":"Portada","item":"https:\/\/zapateneo.net\/wordpress\/"},{"@type":"ListItem","position":2,"name":"Tienda","item":"https:\/\/zapateneo.net\/wordpress\/"},{"@type":"ListItem","position":3,"name":"Un libertario se encuentra con un oso. El ut\u00f3pico plan para liberar a un pueblo (y a sus osos)"}]},{"@type":"WebSite","@id":"https:\/\/zapateneo.net\/wordpress\/#website","url":"https:\/\/zapateneo.net\/wordpress\/","name":"Zapateneo","description":"Zapateneoaren webgunea","publisher":{"@id":"https:\/\/zapateneo.net\/wordpress\/#organization"},"potentialAction":[{"@type":"SearchAction","target":{"@type":"EntryPoint","urlTemplate":"https:\/\/zapateneo.net\/wordpress\/?s={search_term_string}"},"query-input":{"@type":"PropertyValueSpecification","valueRequired":true,"valueName":"search_term_string"}}],"inLanguage":"es"},{"@type":"Organization","@id":"https:\/\/zapateneo.net\/wordpress\/#organization","name":"Zapateneo Kultur Elkartea","url":"https:\/\/zapateneo.net\/wordpress\/","logo":{"@type":"ImageObject","inLanguage":"es","@id":"https:\/\/zapateneo.net\/wordpress\/#\/schema\/logo\/image\/","url":"https:\/\/zapateneo.net\/wordpress\/wp-content\/uploads\/2021\/04\/zap-libu-kolec.jpg","contentUrl":"https:\/\/zapateneo.net\/wordpress\/wp-content\/uploads\/2021\/04\/zap-libu-kolec.jpg","width":2234,"height":398,"caption":"Zapateneo Kultur Elkartea"},"image":{"@id":"https:\/\/zapateneo.net\/wordpress\/#\/schema\/logo\/image\/"},"sameAs":["https:\/\/x.com\/zapateneo"]}]}},"_links":{"self":[{"href":"https:\/\/zapateneo.net\/wordpress\/index.php\/wp-json\/wp\/v2\/product\/16279","targetHints":{"allow":["GET"]}}],"collection":[{"href":"https:\/\/zapateneo.net\/wordpress\/index.php\/wp-json\/wp\/v2\/product"}],"about":[{"href":"https:\/\/zapateneo.net\/wordpress\/index.php\/wp-json\/wp\/v2\/types\/product"}],"wp:featuredmedia":[{"embeddable":true,"href":"https:\/\/zapateneo.net\/wordpress\/index.php\/wp-json\/wp\/v2\/media\/16294"}],"wp:attachment":[{"href":"https:\/\/zapateneo.net\/wordpress\/index.php\/wp-json\/wp\/v2\/media?parent=16279"}],"wp:term":[{"taxonomy":"product_brand","embeddable":true,"href":"https:\/\/zapateneo.net\/wordpress\/index.php\/wp-json\/wp\/v2\/product_brand?post=16279"},{"taxonomy":"product_cat","embeddable":true,"href":"https:\/\/zapateneo.net\/wordpress\/index.php\/wp-json\/wp\/v2\/product_cat?post=16279"},{"taxonomy":"product_tag","embeddable":true,"href":"https:\/\/zapateneo.net\/wordpress\/index.php\/wp-json\/wp\/v2\/product_tag?post=16279"}],"curies":[{"name":"wp","href":"https:\/\/api.w.org\/{rel}","templated":true}]}}