{"id":16278,"date":"2025-11-23T20:55:17","date_gmt":"2025-11-23T19:55:17","guid":{"rendered":"https:\/\/zapateneo.net\/wordpress\/?post_type=product&#038;p=16278"},"modified":"2025-11-23T20:55:35","modified_gmt":"2025-11-23T19:55:35","slug":"la-doctrina-invisible-la-historia-secreta-del-neoliberalismo-y-como-ha-acabado-controlando-tu-vida","status":"publish","type":"product","link":"https:\/\/zapateneo.net\/wordpress\/index.php\/producto\/la-doctrina-invisible-la-historia-secreta-del-neoliberalismo-y-como-ha-acabado-controlando-tu-vida\/","title":{"rendered":"La doctrina invisible. La historia secreta del neoliberalismo (y c\u00f3mo ha acabado controlando tu vida"},"content":{"rendered":"<p>El neoliberalismo es la ideolog\u00eda dominante de nuestro tiempo, pero a la mayor\u00eda de nosotros nos cuesta articular lo que es. Peor a\u00fan, nos han persuadido a aceptar este credo extremo como una especie de ley natural. El periodista George Monbiot y el cineasta Peter Hutchison destruyen este mito. Muestran c\u00f3mo una filosof\u00eda marginal de la d\u00e9cada de 1930 \u2014la defensa de la competencia como rasgo definitorio de la humanidad\u2014 fue secuestrada sistem\u00e1ticamente por un grupo de \u00e9lites ricas decididas a proteger sus fortunas y su poder. Se desplegaron grupos de expertos, corporaciones, medios de comunicaci\u00f3n, departamentos universitarios y pol\u00edticos para promover la idea de que las personas son consumidoras m\u00e1s que ciudadanas. Uno de los efectos m\u00e1s perniciosos ha sido hacer que nuestras diversas crisis \u2014desde los desastres clim\u00e1ticos hasta las crisis econ\u00f3micas, desde la degradaci\u00f3n de los servicios p\u00fablicos hasta la pobreza infantil rampante\u2014 parezcan no tener relaci\u00f3n. Monbiot y Hutchison conectan los puntos y trazan una l\u00ednea directa entre el neoliberalismo y el fascismo que se aprovecha de la desesperanza y la desesperaci\u00f3n de la gente.<\/p>\n","protected":false},"excerpt":{"rendered":"<p><strong>George Monbiot, Peter Hutchison<\/strong><br \/>\n9788412953152 &#8211; Capit\u00e1n Swing &#8211; 2025 &#8211; 184 p\u00e1ginas \/orri.<\/p>\n","protected":false},"featured_media":16293,"template":"","meta":[],"product_brand":[],"product_cat":[178,16],"product_tag":[102,7273,7274],"class_list":{"0":"post-16278","1":"product","2":"type-product","3":"status-publish","4":"has-post-thumbnail","6":"product_cat-ekonomia-economia","7":"product_cat-libros","8":"product_tag-capitan-swing","9":"product_tag-george-monbiot","10":"product_tag-peter-hutchison","12":"first","13":"instock","14":"sold-individually","15":"shipping-taxable","16":"purchasable","17":"product-type-simple"},"yoast_head":"<!-- This site is optimized with the Yoast SEO plugin v27.3 - https:\/\/yoast.com\/product\/yoast-seo-wordpress\/ -->\n<title>La doctrina invisible. La historia secreta del neoliberalismo (y c\u00f3mo ha acabado controlando tu vida &#8212; Zapateneo<\/title>\n<meta name=\"robots\" content=\"index, follow, max-snippet:-1, max-image-preview:large, max-video-preview:-1\" \/>\n<link rel=\"canonical\" href=\"https:\/\/zapateneo.net\/wordpress\/index.php\/producto\/la-doctrina-invisible-la-historia-secreta-del-neoliberalismo-y-como-ha-acabado-controlando-tu-vida\/\" \/>\n<meta property=\"og:locale\" content=\"es_ES\" \/>\n<meta property=\"og:type\" content=\"article\" \/>\n<meta property=\"og:title\" content=\"La doctrina invisible. La historia secreta del neoliberalismo (y c\u00f3mo ha acabado controlando tu vida &#8212; Zapateneo\" \/>\n<meta property=\"og:description\" content=\"George Monbiot, Peter Hutchison 9788412953152 - Capit\u00e1n Swing - 2025 - 184 p\u00e1ginas \/orri.\" \/>\n<meta property=\"og:url\" content=\"https:\/\/zapateneo.net\/wordpress\/index.php\/producto\/la-doctrina-invisible-la-historia-secreta-del-neoliberalismo-y-como-ha-acabado-controlando-tu-vida\/\" \/>\n<meta property=\"og:site_name\" content=\"Zapateneo\" \/>\n<meta property=\"article:modified_time\" content=\"2025-11-23T19:55:35+00:00\" \/>\n<meta name=\"twitter:card\" content=\"summary_large_image\" \/>\n<meta name=\"twitter:site\" content=\"@zapateneo\" \/>\n<meta name=\"twitter:label1\" content=\"Tiempo de lectura\" \/>\n\t<meta name=\"twitter:data1\" content=\"1 minuto\" \/>\n<script type=\"application\/ld+json\" class=\"yoast-schema-graph\">{\"@context\":\"https:\\\/\\\/schema.org\",\"@graph\":[{\"@type\":\"WebPage\",\"@id\":\"https:\\\/\\\/zapateneo.net\\\/wordpress\\\/index.php\\\/producto\\\/la-doctrina-invisible-la-historia-secreta-del-neoliberalismo-y-como-ha-acabado-controlando-tu-vida\\\/\",\"url\":\"https:\\\/\\\/zapateneo.net\\\/wordpress\\\/index.php\\\/producto\\\/la-doctrina-invisible-la-historia-secreta-del-neoliberalismo-y-como-ha-acabado-controlando-tu-vida\\\/\",\"name\":\"La doctrina invisible. La historia secreta del neoliberalismo (y c\u00f3mo ha acabado controlando tu vida &#8212; Zapateneo\",\"isPartOf\":{\"@id\":\"https:\\\/\\\/zapateneo.net\\\/wordpress\\\/#website\"},\"primaryImageOfPage\":{\"@id\":\"https:\\\/\\\/zapateneo.net\\\/wordpress\\\/index.php\\\/producto\\\/la-doctrina-invisible-la-historia-secreta-del-neoliberalismo-y-como-ha-acabado-controlando-tu-vida\\\/#primaryimage\"},\"image\":{\"@id\":\"https:\\\/\\\/zapateneo.net\\\/wordpress\\\/index.php\\\/producto\\\/la-doctrina-invisible-la-historia-secreta-del-neoliberalismo-y-como-ha-acabado-controlando-tu-vida\\\/#primaryimage\"},\"thumbnailUrl\":\"https:\\\/\\\/zapateneo.net\\\/wordpress\\\/wp-content\\\/uploads\\\/2025\\\/11\\\/9788412953152.jpg\",\"datePublished\":\"2025-11-23T19:55:17+00:00\",\"dateModified\":\"2025-11-23T19:55:35+00:00\",\"breadcrumb\":{\"@id\":\"https:\\\/\\\/zapateneo.net\\\/wordpress\\\/index.php\\\/producto\\\/la-doctrina-invisible-la-historia-secreta-del-neoliberalismo-y-como-ha-acabado-controlando-tu-vida\\\/#breadcrumb\"},\"inLanguage\":\"es\",\"potentialAction\":[{\"@type\":\"ReadAction\",\"target\":[\"https:\\\/\\\/zapateneo.net\\\/wordpress\\\/index.php\\\/producto\\\/la-doctrina-invisible-la-historia-secreta-del-neoliberalismo-y-como-ha-acabado-controlando-tu-vida\\\/\"]}]},{\"@type\":\"ImageObject\",\"inLanguage\":\"es\",\"@id\":\"https:\\\/\\\/zapateneo.net\\\/wordpress\\\/index.php\\\/producto\\\/la-doctrina-invisible-la-historia-secreta-del-neoliberalismo-y-como-ha-acabado-controlando-tu-vida\\\/#primaryimage\",\"url\":\"https:\\\/\\\/zapateneo.net\\\/wordpress\\\/wp-content\\\/uploads\\\/2025\\\/11\\\/9788412953152.jpg\",\"contentUrl\":\"https:\\\/\\\/zapateneo.net\\\/wordpress\\\/wp-content\\\/uploads\\\/2025\\\/11\\\/9788412953152.jpg\",\"width\":256,\"height\":400},{\"@type\":\"BreadcrumbList\",\"@id\":\"https:\\\/\\\/zapateneo.net\\\/wordpress\\\/index.php\\\/producto\\\/la-doctrina-invisible-la-historia-secreta-del-neoliberalismo-y-como-ha-acabado-controlando-tu-vida\\\/#breadcrumb\",\"itemListElement\":[{\"@type\":\"ListItem\",\"position\":1,\"name\":\"Portada\",\"item\":\"https:\\\/\\\/zapateneo.net\\\/wordpress\\\/\"},{\"@type\":\"ListItem\",\"position\":2,\"name\":\"Tienda\",\"item\":\"https:\\\/\\\/zapateneo.net\\\/wordpress\\\/\"},{\"@type\":\"ListItem\",\"position\":3,\"name\":\"La doctrina invisible. La historia secreta del neoliberalismo (y c\u00f3mo ha acabado controlando tu vida\"}]},{\"@type\":\"WebSite\",\"@id\":\"https:\\\/\\\/zapateneo.net\\\/wordpress\\\/#website\",\"url\":\"https:\\\/\\\/zapateneo.net\\\/wordpress\\\/\",\"name\":\"Zapateneo\",\"description\":\"Zapateneoaren webgunea\",\"publisher\":{\"@id\":\"https:\\\/\\\/zapateneo.net\\\/wordpress\\\/#organization\"},\"potentialAction\":[{\"@type\":\"SearchAction\",\"target\":{\"@type\":\"EntryPoint\",\"urlTemplate\":\"https:\\\/\\\/zapateneo.net\\\/wordpress\\\/?s={search_term_string}\"},\"query-input\":{\"@type\":\"PropertyValueSpecification\",\"valueRequired\":true,\"valueName\":\"search_term_string\"}}],\"inLanguage\":\"es\"},{\"@type\":\"Organization\",\"@id\":\"https:\\\/\\\/zapateneo.net\\\/wordpress\\\/#organization\",\"name\":\"Zapateneo Kultur Elkartea\",\"url\":\"https:\\\/\\\/zapateneo.net\\\/wordpress\\\/\",\"logo\":{\"@type\":\"ImageObject\",\"inLanguage\":\"es\",\"@id\":\"https:\\\/\\\/zapateneo.net\\\/wordpress\\\/#\\\/schema\\\/logo\\\/image\\\/\",\"url\":\"https:\\\/\\\/zapateneo.net\\\/wordpress\\\/wp-content\\\/uploads\\\/2021\\\/04\\\/zap-libu-kolec.jpg\",\"contentUrl\":\"https:\\\/\\\/zapateneo.net\\\/wordpress\\\/wp-content\\\/uploads\\\/2021\\\/04\\\/zap-libu-kolec.jpg\",\"width\":2234,\"height\":398,\"caption\":\"Zapateneo Kultur Elkartea\"},\"image\":{\"@id\":\"https:\\\/\\\/zapateneo.net\\\/wordpress\\\/#\\\/schema\\\/logo\\\/image\\\/\"},\"sameAs\":[\"https:\\\/\\\/x.com\\\/zapateneo\"]}]}<\/script>\n<!-- \/ Yoast SEO plugin. -->","yoast_head_json":{"title":"La doctrina invisible. La historia secreta del neoliberalismo (y c\u00f3mo ha acabado controlando tu vida &#8212; Zapateneo","robots":{"index":"index","follow":"follow","max-snippet":"max-snippet:-1","max-image-preview":"max-image-preview:large","max-video-preview":"max-video-preview:-1"},"canonical":"https:\/\/zapateneo.net\/wordpress\/index.php\/producto\/la-doctrina-invisible-la-historia-secreta-del-neoliberalismo-y-como-ha-acabado-controlando-tu-vida\/","og_locale":"es_ES","og_type":"article","og_title":"La doctrina invisible. La historia secreta del neoliberalismo (y c\u00f3mo ha acabado controlando tu vida &#8212; Zapateneo","og_description":"George Monbiot, Peter Hutchison 9788412953152 - Capit\u00e1n Swing - 2025 - 184 p\u00e1ginas \/orri.","og_url":"https:\/\/zapateneo.net\/wordpress\/index.php\/producto\/la-doctrina-invisible-la-historia-secreta-del-neoliberalismo-y-como-ha-acabado-controlando-tu-vida\/","og_site_name":"Zapateneo","article_modified_time":"2025-11-23T19:55:35+00:00","twitter_card":"summary_large_image","twitter_site":"@zapateneo","twitter_misc":{"Tiempo de lectura":"1 minuto"},"schema":{"@context":"https:\/\/schema.org","@graph":[{"@type":"WebPage","@id":"https:\/\/zapateneo.net\/wordpress\/index.php\/producto\/la-doctrina-invisible-la-historia-secreta-del-neoliberalismo-y-como-ha-acabado-controlando-tu-vida\/","url":"https:\/\/zapateneo.net\/wordpress\/index.php\/producto\/la-doctrina-invisible-la-historia-secreta-del-neoliberalismo-y-como-ha-acabado-controlando-tu-vida\/","name":"La doctrina invisible. La historia secreta del neoliberalismo (y c\u00f3mo ha acabado controlando tu vida &#8212; Zapateneo","isPartOf":{"@id":"https:\/\/zapateneo.net\/wordpress\/#website"},"primaryImageOfPage":{"@id":"https:\/\/zapateneo.net\/wordpress\/index.php\/producto\/la-doctrina-invisible-la-historia-secreta-del-neoliberalismo-y-como-ha-acabado-controlando-tu-vida\/#primaryimage"},"image":{"@id":"https:\/\/zapateneo.net\/wordpress\/index.php\/producto\/la-doctrina-invisible-la-historia-secreta-del-neoliberalismo-y-como-ha-acabado-controlando-tu-vida\/#primaryimage"},"thumbnailUrl":"https:\/\/zapateneo.net\/wordpress\/wp-content\/uploads\/2025\/11\/9788412953152.jpg","datePublished":"2025-11-23T19:55:17+00:00","dateModified":"2025-11-23T19:55:35+00:00","breadcrumb":{"@id":"https:\/\/zapateneo.net\/wordpress\/index.php\/producto\/la-doctrina-invisible-la-historia-secreta-del-neoliberalismo-y-como-ha-acabado-controlando-tu-vida\/#breadcrumb"},"inLanguage":"es","potentialAction":[{"@type":"ReadAction","target":["https:\/\/zapateneo.net\/wordpress\/index.php\/producto\/la-doctrina-invisible-la-historia-secreta-del-neoliberalismo-y-como-ha-acabado-controlando-tu-vida\/"]}]},{"@type":"ImageObject","inLanguage":"es","@id":"https:\/\/zapateneo.net\/wordpress\/index.php\/producto\/la-doctrina-invisible-la-historia-secreta-del-neoliberalismo-y-como-ha-acabado-controlando-tu-vida\/#primaryimage","url":"https:\/\/zapateneo.net\/wordpress\/wp-content\/uploads\/2025\/11\/9788412953152.jpg","contentUrl":"https:\/\/zapateneo.net\/wordpress\/wp-content\/uploads\/2025\/11\/9788412953152.jpg","width":256,"height":400},{"@type":"BreadcrumbList","@id":"https:\/\/zapateneo.net\/wordpress\/index.php\/producto\/la-doctrina-invisible-la-historia-secreta-del-neoliberalismo-y-como-ha-acabado-controlando-tu-vida\/#breadcrumb","itemListElement":[{"@type":"ListItem","position":1,"name":"Portada","item":"https:\/\/zapateneo.net\/wordpress\/"},{"@type":"ListItem","position":2,"name":"Tienda","item":"https:\/\/zapateneo.net\/wordpress\/"},{"@type":"ListItem","position":3,"name":"La doctrina invisible. La historia secreta del neoliberalismo (y c\u00f3mo ha acabado controlando tu vida"}]},{"@type":"WebSite","@id":"https:\/\/zapateneo.net\/wordpress\/#website","url":"https:\/\/zapateneo.net\/wordpress\/","name":"Zapateneo","description":"Zapateneoaren webgunea","publisher":{"@id":"https:\/\/zapateneo.net\/wordpress\/#organization"},"potentialAction":[{"@type":"SearchAction","target":{"@type":"EntryPoint","urlTemplate":"https:\/\/zapateneo.net\/wordpress\/?s={search_term_string}"},"query-input":{"@type":"PropertyValueSpecification","valueRequired":true,"valueName":"search_term_string"}}],"inLanguage":"es"},{"@type":"Organization","@id":"https:\/\/zapateneo.net\/wordpress\/#organization","name":"Zapateneo Kultur Elkartea","url":"https:\/\/zapateneo.net\/wordpress\/","logo":{"@type":"ImageObject","inLanguage":"es","@id":"https:\/\/zapateneo.net\/wordpress\/#\/schema\/logo\/image\/","url":"https:\/\/zapateneo.net\/wordpress\/wp-content\/uploads\/2021\/04\/zap-libu-kolec.jpg","contentUrl":"https:\/\/zapateneo.net\/wordpress\/wp-content\/uploads\/2021\/04\/zap-libu-kolec.jpg","width":2234,"height":398,"caption":"Zapateneo Kultur Elkartea"},"image":{"@id":"https:\/\/zapateneo.net\/wordpress\/#\/schema\/logo\/image\/"},"sameAs":["https:\/\/x.com\/zapateneo"]}]}},"_links":{"self":[{"href":"https:\/\/zapateneo.net\/wordpress\/index.php\/wp-json\/wp\/v2\/product\/16278","targetHints":{"allow":["GET"]}}],"collection":[{"href":"https:\/\/zapateneo.net\/wordpress\/index.php\/wp-json\/wp\/v2\/product"}],"about":[{"href":"https:\/\/zapateneo.net\/wordpress\/index.php\/wp-json\/wp\/v2\/types\/product"}],"wp:featuredmedia":[{"embeddable":true,"href":"https:\/\/zapateneo.net\/wordpress\/index.php\/wp-json\/wp\/v2\/media\/16293"}],"wp:attachment":[{"href":"https:\/\/zapateneo.net\/wordpress\/index.php\/wp-json\/wp\/v2\/media?parent=16278"}],"wp:term":[{"taxonomy":"product_brand","embeddable":true,"href":"https:\/\/zapateneo.net\/wordpress\/index.php\/wp-json\/wp\/v2\/product_brand?post=16278"},{"taxonomy":"product_cat","embeddable":true,"href":"https:\/\/zapateneo.net\/wordpress\/index.php\/wp-json\/wp\/v2\/product_cat?post=16278"},{"taxonomy":"product_tag","embeddable":true,"href":"https:\/\/zapateneo.net\/wordpress\/index.php\/wp-json\/wp\/v2\/product_tag?post=16278"}],"curies":[{"name":"wp","href":"https:\/\/api.w.org\/{rel}","templated":true}]}}