{"id":16277,"date":"2025-11-23T20:55:16","date_gmt":"2025-11-23T19:55:16","guid":{"rendered":"https:\/\/zapateneo.net\/wordpress\/?post_type=product&#038;p=16277"},"modified":"2025-11-23T20:55:34","modified_gmt":"2025-11-23T19:55:34","slug":"con-el-agua-al-cuello-muertes-y-devoluciones-en-caliente-en-la-peor-frontera-de-europa","status":"publish","type":"product","link":"https:\/\/zapateneo.net\/wordpress\/index.php\/producto\/con-el-agua-al-cuello-muertes-y-devoluciones-en-caliente-en-la-peor-frontera-de-europa\/","title":{"rendered":"Con el agua al cuello. Muertes y devoluciones en caliente en la peor frontera de Europa"},"content":{"rendered":"<p>Las devoluciones en caliente, tambi\u00e9n llamadas pushbacks, se han convertido en un elemento central en la pol\u00edtica migratoria griega y, por lo tanto, europea. M\u00e1s de cien mil personas han sido abandonadas a la deriva en mar abierto tras ser interceptadas en el mar cuando intentaban llegar a las islas griegas o despu\u00e9s de haber alcanzado tierra firme. Esta pr\u00e1ctica no solo vulnera el derecho a solicitar asilo, sino que amenaza gravemente derechos fundamentales como el derecho a la vida, a la integridad f\u00edsica y a la libertad. En el mar, los refugiados son detenidos en aguas griegas por embarcaciones tripuladas por \u00ablos hombres encapuchados\u00bb, un cuerpo paramilitar que act\u00faa coordinado con los guardacostas. Estos destruyen el motor de las barcas antes de remolcarlas a aguas turcas y abandonarlas a su suerte. En ocasiones los refugiados son forzados a subir a embarcaciones de la Guardia Costera griega, donde les propinan palizas y les roban sus pertenencias antes de ser coaccionados a subir a balsas salvavidas inflables para dejarlos a la deriva. Con el agua al cuello explica c\u00f3mo, en solo diez a\u00f1os, Lesbos y otras islas griegas han pasado de ser un ejemplo de solidaridad conocido en el mundo entero, a un lugar donde se cometen atrocidades cada d\u00eda mientras Europa mira para otro lado.<\/p>\n","protected":false},"excerpt":{"rendered":"<p><strong>Hibai Arbide Aza<\/strong><br \/>\n9788412953299 &#8211; Capit\u00e1n Swing &#8211; 2025 &#8211; 328 p\u00e1ginas \/orri.<\/p>\n","protected":false},"featured_media":16292,"template":"","meta":[],"product_brand":[],"product_cat":[181,16],"product_tag":[102,7272],"class_list":{"0":"post-16277","1":"product","2":"type-product","3":"status-publish","4":"has-post-thumbnail","6":"product_cat-bazterketa-soziala-eta-errepresioa-exclusion-social-y-represion","7":"product_cat-libros","8":"product_tag-capitan-swing","9":"product_tag-hibai-arbide-aza","11":"first","12":"instock","13":"sold-individually","14":"shipping-taxable","15":"purchasable","16":"product-type-simple"},"yoast_head":"<!-- This site is optimized with the Yoast SEO plugin v27.3 - https:\/\/yoast.com\/product\/yoast-seo-wordpress\/ -->\n<title>Con el agua al cuello. Muertes y devoluciones en caliente en la peor frontera de Europa &#8212; Zapateneo<\/title>\n<meta name=\"robots\" content=\"index, follow, max-snippet:-1, max-image-preview:large, max-video-preview:-1\" \/>\n<link rel=\"canonical\" href=\"https:\/\/zapateneo.net\/wordpress\/index.php\/producto\/con-el-agua-al-cuello-muertes-y-devoluciones-en-caliente-en-la-peor-frontera-de-europa\/\" \/>\n<meta property=\"og:locale\" content=\"es_ES\" \/>\n<meta property=\"og:type\" content=\"article\" \/>\n<meta property=\"og:title\" content=\"Con el agua al cuello. Muertes y devoluciones en caliente en la peor frontera de Europa &#8212; Zapateneo\" \/>\n<meta property=\"og:description\" content=\"Hibai Arbide Aza 9788412953299 - Capit\u00e1n Swing - 2025 - 328 p\u00e1ginas \/orri.\" \/>\n<meta property=\"og:url\" content=\"https:\/\/zapateneo.net\/wordpress\/index.php\/producto\/con-el-agua-al-cuello-muertes-y-devoluciones-en-caliente-en-la-peor-frontera-de-europa\/\" \/>\n<meta property=\"og:site_name\" content=\"Zapateneo\" \/>\n<meta property=\"article:modified_time\" content=\"2025-11-23T19:55:34+00:00\" \/>\n<meta name=\"twitter:card\" content=\"summary_large_image\" \/>\n<meta name=\"twitter:site\" content=\"@zapateneo\" \/>\n<meta name=\"twitter:label1\" content=\"Tiempo de lectura\" \/>\n\t<meta name=\"twitter:data1\" content=\"1 minuto\" \/>\n<script type=\"application\/ld+json\" class=\"yoast-schema-graph\">{\"@context\":\"https:\\\/\\\/schema.org\",\"@graph\":[{\"@type\":\"WebPage\",\"@id\":\"https:\\\/\\\/zapateneo.net\\\/wordpress\\\/index.php\\\/producto\\\/con-el-agua-al-cuello-muertes-y-devoluciones-en-caliente-en-la-peor-frontera-de-europa\\\/\",\"url\":\"https:\\\/\\\/zapateneo.net\\\/wordpress\\\/index.php\\\/producto\\\/con-el-agua-al-cuello-muertes-y-devoluciones-en-caliente-en-la-peor-frontera-de-europa\\\/\",\"name\":\"Con el agua al cuello. Muertes y devoluciones en caliente en la peor frontera de Europa &#8212; Zapateneo\",\"isPartOf\":{\"@id\":\"https:\\\/\\\/zapateneo.net\\\/wordpress\\\/#website\"},\"primaryImageOfPage\":{\"@id\":\"https:\\\/\\\/zapateneo.net\\\/wordpress\\\/index.php\\\/producto\\\/con-el-agua-al-cuello-muertes-y-devoluciones-en-caliente-en-la-peor-frontera-de-europa\\\/#primaryimage\"},\"image\":{\"@id\":\"https:\\\/\\\/zapateneo.net\\\/wordpress\\\/index.php\\\/producto\\\/con-el-agua-al-cuello-muertes-y-devoluciones-en-caliente-en-la-peor-frontera-de-europa\\\/#primaryimage\"},\"thumbnailUrl\":\"https:\\\/\\\/zapateneo.net\\\/wordpress\\\/wp-content\\\/uploads\\\/2025\\\/11\\\/9788412953299.jpg\",\"datePublished\":\"2025-11-23T19:55:16+00:00\",\"dateModified\":\"2025-11-23T19:55:34+00:00\",\"breadcrumb\":{\"@id\":\"https:\\\/\\\/zapateneo.net\\\/wordpress\\\/index.php\\\/producto\\\/con-el-agua-al-cuello-muertes-y-devoluciones-en-caliente-en-la-peor-frontera-de-europa\\\/#breadcrumb\"},\"inLanguage\":\"es\",\"potentialAction\":[{\"@type\":\"ReadAction\",\"target\":[\"https:\\\/\\\/zapateneo.net\\\/wordpress\\\/index.php\\\/producto\\\/con-el-agua-al-cuello-muertes-y-devoluciones-en-caliente-en-la-peor-frontera-de-europa\\\/\"]}]},{\"@type\":\"ImageObject\",\"inLanguage\":\"es\",\"@id\":\"https:\\\/\\\/zapateneo.net\\\/wordpress\\\/index.php\\\/producto\\\/con-el-agua-al-cuello-muertes-y-devoluciones-en-caliente-en-la-peor-frontera-de-europa\\\/#primaryimage\",\"url\":\"https:\\\/\\\/zapateneo.net\\\/wordpress\\\/wp-content\\\/uploads\\\/2025\\\/11\\\/9788412953299.jpg\",\"contentUrl\":\"https:\\\/\\\/zapateneo.net\\\/wordpress\\\/wp-content\\\/uploads\\\/2025\\\/11\\\/9788412953299.jpg\",\"width\":256,\"height\":400},{\"@type\":\"BreadcrumbList\",\"@id\":\"https:\\\/\\\/zapateneo.net\\\/wordpress\\\/index.php\\\/producto\\\/con-el-agua-al-cuello-muertes-y-devoluciones-en-caliente-en-la-peor-frontera-de-europa\\\/#breadcrumb\",\"itemListElement\":[{\"@type\":\"ListItem\",\"position\":1,\"name\":\"Portada\",\"item\":\"https:\\\/\\\/zapateneo.net\\\/wordpress\\\/\"},{\"@type\":\"ListItem\",\"position\":2,\"name\":\"Tienda\",\"item\":\"https:\\\/\\\/zapateneo.net\\\/wordpress\\\/\"},{\"@type\":\"ListItem\",\"position\":3,\"name\":\"Con el agua al cuello. Muertes y devoluciones en caliente en la peor frontera de Europa\"}]},{\"@type\":\"WebSite\",\"@id\":\"https:\\\/\\\/zapateneo.net\\\/wordpress\\\/#website\",\"url\":\"https:\\\/\\\/zapateneo.net\\\/wordpress\\\/\",\"name\":\"Zapateneo\",\"description\":\"Zapateneoaren webgunea\",\"publisher\":{\"@id\":\"https:\\\/\\\/zapateneo.net\\\/wordpress\\\/#organization\"},\"potentialAction\":[{\"@type\":\"SearchAction\",\"target\":{\"@type\":\"EntryPoint\",\"urlTemplate\":\"https:\\\/\\\/zapateneo.net\\\/wordpress\\\/?s={search_term_string}\"},\"query-input\":{\"@type\":\"PropertyValueSpecification\",\"valueRequired\":true,\"valueName\":\"search_term_string\"}}],\"inLanguage\":\"es\"},{\"@type\":\"Organization\",\"@id\":\"https:\\\/\\\/zapateneo.net\\\/wordpress\\\/#organization\",\"name\":\"Zapateneo Kultur Elkartea\",\"url\":\"https:\\\/\\\/zapateneo.net\\\/wordpress\\\/\",\"logo\":{\"@type\":\"ImageObject\",\"inLanguage\":\"es\",\"@id\":\"https:\\\/\\\/zapateneo.net\\\/wordpress\\\/#\\\/schema\\\/logo\\\/image\\\/\",\"url\":\"https:\\\/\\\/zapateneo.net\\\/wordpress\\\/wp-content\\\/uploads\\\/2021\\\/04\\\/zap-libu-kolec.jpg\",\"contentUrl\":\"https:\\\/\\\/zapateneo.net\\\/wordpress\\\/wp-content\\\/uploads\\\/2021\\\/04\\\/zap-libu-kolec.jpg\",\"width\":2234,\"height\":398,\"caption\":\"Zapateneo Kultur Elkartea\"},\"image\":{\"@id\":\"https:\\\/\\\/zapateneo.net\\\/wordpress\\\/#\\\/schema\\\/logo\\\/image\\\/\"},\"sameAs\":[\"https:\\\/\\\/x.com\\\/zapateneo\"]}]}<\/script>\n<!-- \/ Yoast SEO plugin. -->","yoast_head_json":{"title":"Con el agua al cuello. Muertes y devoluciones en caliente en la peor frontera de Europa &#8212; Zapateneo","robots":{"index":"index","follow":"follow","max-snippet":"max-snippet:-1","max-image-preview":"max-image-preview:large","max-video-preview":"max-video-preview:-1"},"canonical":"https:\/\/zapateneo.net\/wordpress\/index.php\/producto\/con-el-agua-al-cuello-muertes-y-devoluciones-en-caliente-en-la-peor-frontera-de-europa\/","og_locale":"es_ES","og_type":"article","og_title":"Con el agua al cuello. Muertes y devoluciones en caliente en la peor frontera de Europa &#8212; Zapateneo","og_description":"Hibai Arbide Aza 9788412953299 - Capit\u00e1n Swing - 2025 - 328 p\u00e1ginas \/orri.","og_url":"https:\/\/zapateneo.net\/wordpress\/index.php\/producto\/con-el-agua-al-cuello-muertes-y-devoluciones-en-caliente-en-la-peor-frontera-de-europa\/","og_site_name":"Zapateneo","article_modified_time":"2025-11-23T19:55:34+00:00","twitter_card":"summary_large_image","twitter_site":"@zapateneo","twitter_misc":{"Tiempo de lectura":"1 minuto"},"schema":{"@context":"https:\/\/schema.org","@graph":[{"@type":"WebPage","@id":"https:\/\/zapateneo.net\/wordpress\/index.php\/producto\/con-el-agua-al-cuello-muertes-y-devoluciones-en-caliente-en-la-peor-frontera-de-europa\/","url":"https:\/\/zapateneo.net\/wordpress\/index.php\/producto\/con-el-agua-al-cuello-muertes-y-devoluciones-en-caliente-en-la-peor-frontera-de-europa\/","name":"Con el agua al cuello. Muertes y devoluciones en caliente en la peor frontera de Europa &#8212; Zapateneo","isPartOf":{"@id":"https:\/\/zapateneo.net\/wordpress\/#website"},"primaryImageOfPage":{"@id":"https:\/\/zapateneo.net\/wordpress\/index.php\/producto\/con-el-agua-al-cuello-muertes-y-devoluciones-en-caliente-en-la-peor-frontera-de-europa\/#primaryimage"},"image":{"@id":"https:\/\/zapateneo.net\/wordpress\/index.php\/producto\/con-el-agua-al-cuello-muertes-y-devoluciones-en-caliente-en-la-peor-frontera-de-europa\/#primaryimage"},"thumbnailUrl":"https:\/\/zapateneo.net\/wordpress\/wp-content\/uploads\/2025\/11\/9788412953299.jpg","datePublished":"2025-11-23T19:55:16+00:00","dateModified":"2025-11-23T19:55:34+00:00","breadcrumb":{"@id":"https:\/\/zapateneo.net\/wordpress\/index.php\/producto\/con-el-agua-al-cuello-muertes-y-devoluciones-en-caliente-en-la-peor-frontera-de-europa\/#breadcrumb"},"inLanguage":"es","potentialAction":[{"@type":"ReadAction","target":["https:\/\/zapateneo.net\/wordpress\/index.php\/producto\/con-el-agua-al-cuello-muertes-y-devoluciones-en-caliente-en-la-peor-frontera-de-europa\/"]}]},{"@type":"ImageObject","inLanguage":"es","@id":"https:\/\/zapateneo.net\/wordpress\/index.php\/producto\/con-el-agua-al-cuello-muertes-y-devoluciones-en-caliente-en-la-peor-frontera-de-europa\/#primaryimage","url":"https:\/\/zapateneo.net\/wordpress\/wp-content\/uploads\/2025\/11\/9788412953299.jpg","contentUrl":"https:\/\/zapateneo.net\/wordpress\/wp-content\/uploads\/2025\/11\/9788412953299.jpg","width":256,"height":400},{"@type":"BreadcrumbList","@id":"https:\/\/zapateneo.net\/wordpress\/index.php\/producto\/con-el-agua-al-cuello-muertes-y-devoluciones-en-caliente-en-la-peor-frontera-de-europa\/#breadcrumb","itemListElement":[{"@type":"ListItem","position":1,"name":"Portada","item":"https:\/\/zapateneo.net\/wordpress\/"},{"@type":"ListItem","position":2,"name":"Tienda","item":"https:\/\/zapateneo.net\/wordpress\/"},{"@type":"ListItem","position":3,"name":"Con el agua al cuello. Muertes y devoluciones en caliente en la peor frontera de Europa"}]},{"@type":"WebSite","@id":"https:\/\/zapateneo.net\/wordpress\/#website","url":"https:\/\/zapateneo.net\/wordpress\/","name":"Zapateneo","description":"Zapateneoaren webgunea","publisher":{"@id":"https:\/\/zapateneo.net\/wordpress\/#organization"},"potentialAction":[{"@type":"SearchAction","target":{"@type":"EntryPoint","urlTemplate":"https:\/\/zapateneo.net\/wordpress\/?s={search_term_string}"},"query-input":{"@type":"PropertyValueSpecification","valueRequired":true,"valueName":"search_term_string"}}],"inLanguage":"es"},{"@type":"Organization","@id":"https:\/\/zapateneo.net\/wordpress\/#organization","name":"Zapateneo Kultur Elkartea","url":"https:\/\/zapateneo.net\/wordpress\/","logo":{"@type":"ImageObject","inLanguage":"es","@id":"https:\/\/zapateneo.net\/wordpress\/#\/schema\/logo\/image\/","url":"https:\/\/zapateneo.net\/wordpress\/wp-content\/uploads\/2021\/04\/zap-libu-kolec.jpg","contentUrl":"https:\/\/zapateneo.net\/wordpress\/wp-content\/uploads\/2021\/04\/zap-libu-kolec.jpg","width":2234,"height":398,"caption":"Zapateneo Kultur Elkartea"},"image":{"@id":"https:\/\/zapateneo.net\/wordpress\/#\/schema\/logo\/image\/"},"sameAs":["https:\/\/x.com\/zapateneo"]}]}},"_links":{"self":[{"href":"https:\/\/zapateneo.net\/wordpress\/index.php\/wp-json\/wp\/v2\/product\/16277","targetHints":{"allow":["GET"]}}],"collection":[{"href":"https:\/\/zapateneo.net\/wordpress\/index.php\/wp-json\/wp\/v2\/product"}],"about":[{"href":"https:\/\/zapateneo.net\/wordpress\/index.php\/wp-json\/wp\/v2\/types\/product"}],"wp:featuredmedia":[{"embeddable":true,"href":"https:\/\/zapateneo.net\/wordpress\/index.php\/wp-json\/wp\/v2\/media\/16292"}],"wp:attachment":[{"href":"https:\/\/zapateneo.net\/wordpress\/index.php\/wp-json\/wp\/v2\/media?parent=16277"}],"wp:term":[{"taxonomy":"product_brand","embeddable":true,"href":"https:\/\/zapateneo.net\/wordpress\/index.php\/wp-json\/wp\/v2\/product_brand?post=16277"},{"taxonomy":"product_cat","embeddable":true,"href":"https:\/\/zapateneo.net\/wordpress\/index.php\/wp-json\/wp\/v2\/product_cat?post=16277"},{"taxonomy":"product_tag","embeddable":true,"href":"https:\/\/zapateneo.net\/wordpress\/index.php\/wp-json\/wp\/v2\/product_tag?post=16277"}],"curies":[{"name":"wp","href":"https:\/\/api.w.org\/{rel}","templated":true}]}}