{"id":16274,"date":"2025-11-23T20:55:14","date_gmt":"2025-11-23T19:55:14","guid":{"rendered":"https:\/\/zapateneo.net\/wordpress\/?post_type=product&#038;p=16274"},"modified":"2025-11-23T20:55:31","modified_gmt":"2025-11-23T19:55:31","slug":"hilos-de-vida-una-historia-del-mundo-a-traves-del-ojo-de-una-aguja","status":"publish","type":"product","link":"https:\/\/zapateneo.net\/wordpress\/index.php\/producto\/hilos-de-vida-una-historia-del-mundo-a-traves-del-ojo-de-una-aguja\/","title":{"rendered":"Hilos de vida. Una historia del mundo a trav\u00e9s del ojo de una aguja"},"content":{"rendered":"<p>Una historia mundial de la costura, el bordado y las personas que han utilizado aguja e hilo para hacer o\u00edr su voz. En la Argentina de la d\u00e9cada de 1970, las madres marchaban con pa\u00f1uelos en la cabeza bordados con los nombres de sus hijos \u00abdesaparecidos\u00bb. En la Inglaterra de los Tudor, cuando Mar\u00eda, reina de Escocia, estaba bajo arresto domiciliario, sus bordados llevaban mensajes al mundo exterior.<\/p>\n<p>Desde la propaganda pol\u00edtica del tapiz de Bayeux, los soldados de la Primera Guerra Mundial lidiando con el trastorno de estr\u00e9s postraum\u00e1tico y los mapas cosidos por colegialas en el Nuevo Mundo, hasta la colcha sobre el sida, las historias tejidas de los hmong y los sombreros rosas con orejas de gata de las marchas feministas, mujeres y hombres han utilizado el lenguaje de la costura para hacer o\u00edr su voz, incluso en las circunstancias m\u00e1s desesperadas.<\/p>\n<p>Hilos de vida es una cr\u00f3nica de identidad, protesta, memoria, poder y pol\u00edtica contada a trav\u00e9s de la costura. Hunter teje su propia narrativa mientras nos lleva a lo largo de siglos y a trav\u00e9s de continentes (desde la Francia medieval hasta el M\u00e9xico y los Estados Unidos contempor\u00e1neos, y desde un campo de prisioneros de guerra en Singapur hasta un \u00e1tico familiar en Escocia) para celebrar la belleza y el poder milenario, universal y poco explorado de la costura. Un libro evocador y conmovedor sobre la necesidad que tenemos de contar nuestra historia.<\/p>\n","protected":false},"excerpt":{"rendered":"<p><strong>Clare Hunter<\/strong><br \/>\n9788412953183 &#8211; Capit\u00e1n Swing &#8211; 2025 &#8211; 336 p\u00e1ginas \/orri.<\/p>\n","protected":false},"featured_media":16289,"template":"","meta":[],"product_brand":[],"product_cat":[185,16],"product_tag":[102,7269],"class_list":{"0":"post-16274","1":"product","2":"type-product","3":"status-publish","4":"has-post-thumbnail","6":"product_cat-historia","7":"product_cat-libros","8":"product_tag-capitan-swing","9":"product_tag-clare-hunter","11":"first","12":"instock","13":"sold-individually","14":"shipping-taxable","15":"purchasable","16":"product-type-simple"},"yoast_head":"<!-- This site is optimized with the Yoast SEO plugin v27.3 - https:\/\/yoast.com\/product\/yoast-seo-wordpress\/ -->\n<title>Hilos de vida. Una historia del mundo a trav\u00e9s del ojo de una aguja &#8212; Zapateneo<\/title>\n<meta name=\"robots\" content=\"index, follow, max-snippet:-1, max-image-preview:large, max-video-preview:-1\" \/>\n<link rel=\"canonical\" href=\"https:\/\/zapateneo.net\/wordpress\/index.php\/producto\/hilos-de-vida-una-historia-del-mundo-a-traves-del-ojo-de-una-aguja\/\" \/>\n<meta property=\"og:locale\" content=\"es_ES\" \/>\n<meta property=\"og:type\" content=\"article\" \/>\n<meta property=\"og:title\" content=\"Hilos de vida. Una historia del mundo a trav\u00e9s del ojo de una aguja &#8212; Zapateneo\" \/>\n<meta property=\"og:description\" content=\"Clare Hunter 9788412953183 - Capit\u00e1n Swing - 2025 - 336 p\u00e1ginas \/orri.\" \/>\n<meta property=\"og:url\" content=\"https:\/\/zapateneo.net\/wordpress\/index.php\/producto\/hilos-de-vida-una-historia-del-mundo-a-traves-del-ojo-de-una-aguja\/\" \/>\n<meta property=\"og:site_name\" content=\"Zapateneo\" \/>\n<meta property=\"article:modified_time\" content=\"2025-11-23T19:55:31+00:00\" \/>\n<meta name=\"twitter:card\" content=\"summary_large_image\" \/>\n<meta name=\"twitter:site\" content=\"@zapateneo\" \/>\n<meta name=\"twitter:label1\" content=\"Tiempo de lectura\" \/>\n\t<meta name=\"twitter:data1\" content=\"1 minuto\" \/>\n<script type=\"application\/ld+json\" class=\"yoast-schema-graph\">{\"@context\":\"https:\\\/\\\/schema.org\",\"@graph\":[{\"@type\":\"WebPage\",\"@id\":\"https:\\\/\\\/zapateneo.net\\\/wordpress\\\/index.php\\\/producto\\\/hilos-de-vida-una-historia-del-mundo-a-traves-del-ojo-de-una-aguja\\\/\",\"url\":\"https:\\\/\\\/zapateneo.net\\\/wordpress\\\/index.php\\\/producto\\\/hilos-de-vida-una-historia-del-mundo-a-traves-del-ojo-de-una-aguja\\\/\",\"name\":\"Hilos de vida. Una historia del mundo a trav\u00e9s del ojo de una aguja &#8212; Zapateneo\",\"isPartOf\":{\"@id\":\"https:\\\/\\\/zapateneo.net\\\/wordpress\\\/#website\"},\"primaryImageOfPage\":{\"@id\":\"https:\\\/\\\/zapateneo.net\\\/wordpress\\\/index.php\\\/producto\\\/hilos-de-vida-una-historia-del-mundo-a-traves-del-ojo-de-una-aguja\\\/#primaryimage\"},\"image\":{\"@id\":\"https:\\\/\\\/zapateneo.net\\\/wordpress\\\/index.php\\\/producto\\\/hilos-de-vida-una-historia-del-mundo-a-traves-del-ojo-de-una-aguja\\\/#primaryimage\"},\"thumbnailUrl\":\"https:\\\/\\\/zapateneo.net\\\/wordpress\\\/wp-content\\\/uploads\\\/2025\\\/11\\\/9788412953183.jpg\",\"datePublished\":\"2025-11-23T19:55:14+00:00\",\"dateModified\":\"2025-11-23T19:55:31+00:00\",\"breadcrumb\":{\"@id\":\"https:\\\/\\\/zapateneo.net\\\/wordpress\\\/index.php\\\/producto\\\/hilos-de-vida-una-historia-del-mundo-a-traves-del-ojo-de-una-aguja\\\/#breadcrumb\"},\"inLanguage\":\"es\",\"potentialAction\":[{\"@type\":\"ReadAction\",\"target\":[\"https:\\\/\\\/zapateneo.net\\\/wordpress\\\/index.php\\\/producto\\\/hilos-de-vida-una-historia-del-mundo-a-traves-del-ojo-de-una-aguja\\\/\"]}]},{\"@type\":\"ImageObject\",\"inLanguage\":\"es\",\"@id\":\"https:\\\/\\\/zapateneo.net\\\/wordpress\\\/index.php\\\/producto\\\/hilos-de-vida-una-historia-del-mundo-a-traves-del-ojo-de-una-aguja\\\/#primaryimage\",\"url\":\"https:\\\/\\\/zapateneo.net\\\/wordpress\\\/wp-content\\\/uploads\\\/2025\\\/11\\\/9788412953183.jpg\",\"contentUrl\":\"https:\\\/\\\/zapateneo.net\\\/wordpress\\\/wp-content\\\/uploads\\\/2025\\\/11\\\/9788412953183.jpg\",\"width\":256,\"height\":400},{\"@type\":\"BreadcrumbList\",\"@id\":\"https:\\\/\\\/zapateneo.net\\\/wordpress\\\/index.php\\\/producto\\\/hilos-de-vida-una-historia-del-mundo-a-traves-del-ojo-de-una-aguja\\\/#breadcrumb\",\"itemListElement\":[{\"@type\":\"ListItem\",\"position\":1,\"name\":\"Portada\",\"item\":\"https:\\\/\\\/zapateneo.net\\\/wordpress\\\/\"},{\"@type\":\"ListItem\",\"position\":2,\"name\":\"Tienda\",\"item\":\"https:\\\/\\\/zapateneo.net\\\/wordpress\\\/\"},{\"@type\":\"ListItem\",\"position\":3,\"name\":\"Hilos de vida. Una historia del mundo a trav\u00e9s del ojo de una aguja\"}]},{\"@type\":\"WebSite\",\"@id\":\"https:\\\/\\\/zapateneo.net\\\/wordpress\\\/#website\",\"url\":\"https:\\\/\\\/zapateneo.net\\\/wordpress\\\/\",\"name\":\"Zapateneo\",\"description\":\"Zapateneoaren webgunea\",\"publisher\":{\"@id\":\"https:\\\/\\\/zapateneo.net\\\/wordpress\\\/#organization\"},\"potentialAction\":[{\"@type\":\"SearchAction\",\"target\":{\"@type\":\"EntryPoint\",\"urlTemplate\":\"https:\\\/\\\/zapateneo.net\\\/wordpress\\\/?s={search_term_string}\"},\"query-input\":{\"@type\":\"PropertyValueSpecification\",\"valueRequired\":true,\"valueName\":\"search_term_string\"}}],\"inLanguage\":\"es\"},{\"@type\":\"Organization\",\"@id\":\"https:\\\/\\\/zapateneo.net\\\/wordpress\\\/#organization\",\"name\":\"Zapateneo Kultur Elkartea\",\"url\":\"https:\\\/\\\/zapateneo.net\\\/wordpress\\\/\",\"logo\":{\"@type\":\"ImageObject\",\"inLanguage\":\"es\",\"@id\":\"https:\\\/\\\/zapateneo.net\\\/wordpress\\\/#\\\/schema\\\/logo\\\/image\\\/\",\"url\":\"https:\\\/\\\/zapateneo.net\\\/wordpress\\\/wp-content\\\/uploads\\\/2021\\\/04\\\/zap-libu-kolec.jpg\",\"contentUrl\":\"https:\\\/\\\/zapateneo.net\\\/wordpress\\\/wp-content\\\/uploads\\\/2021\\\/04\\\/zap-libu-kolec.jpg\",\"width\":2234,\"height\":398,\"caption\":\"Zapateneo Kultur Elkartea\"},\"image\":{\"@id\":\"https:\\\/\\\/zapateneo.net\\\/wordpress\\\/#\\\/schema\\\/logo\\\/image\\\/\"},\"sameAs\":[\"https:\\\/\\\/x.com\\\/zapateneo\"]}]}<\/script>\n<!-- \/ Yoast SEO plugin. -->","yoast_head_json":{"title":"Hilos de vida. Una historia del mundo a trav\u00e9s del ojo de una aguja &#8212; Zapateneo","robots":{"index":"index","follow":"follow","max-snippet":"max-snippet:-1","max-image-preview":"max-image-preview:large","max-video-preview":"max-video-preview:-1"},"canonical":"https:\/\/zapateneo.net\/wordpress\/index.php\/producto\/hilos-de-vida-una-historia-del-mundo-a-traves-del-ojo-de-una-aguja\/","og_locale":"es_ES","og_type":"article","og_title":"Hilos de vida. Una historia del mundo a trav\u00e9s del ojo de una aguja &#8212; Zapateneo","og_description":"Clare Hunter 9788412953183 - Capit\u00e1n Swing - 2025 - 336 p\u00e1ginas \/orri.","og_url":"https:\/\/zapateneo.net\/wordpress\/index.php\/producto\/hilos-de-vida-una-historia-del-mundo-a-traves-del-ojo-de-una-aguja\/","og_site_name":"Zapateneo","article_modified_time":"2025-11-23T19:55:31+00:00","twitter_card":"summary_large_image","twitter_site":"@zapateneo","twitter_misc":{"Tiempo de lectura":"1 minuto"},"schema":{"@context":"https:\/\/schema.org","@graph":[{"@type":"WebPage","@id":"https:\/\/zapateneo.net\/wordpress\/index.php\/producto\/hilos-de-vida-una-historia-del-mundo-a-traves-del-ojo-de-una-aguja\/","url":"https:\/\/zapateneo.net\/wordpress\/index.php\/producto\/hilos-de-vida-una-historia-del-mundo-a-traves-del-ojo-de-una-aguja\/","name":"Hilos de vida. Una historia del mundo a trav\u00e9s del ojo de una aguja &#8212; Zapateneo","isPartOf":{"@id":"https:\/\/zapateneo.net\/wordpress\/#website"},"primaryImageOfPage":{"@id":"https:\/\/zapateneo.net\/wordpress\/index.php\/producto\/hilos-de-vida-una-historia-del-mundo-a-traves-del-ojo-de-una-aguja\/#primaryimage"},"image":{"@id":"https:\/\/zapateneo.net\/wordpress\/index.php\/producto\/hilos-de-vida-una-historia-del-mundo-a-traves-del-ojo-de-una-aguja\/#primaryimage"},"thumbnailUrl":"https:\/\/zapateneo.net\/wordpress\/wp-content\/uploads\/2025\/11\/9788412953183.jpg","datePublished":"2025-11-23T19:55:14+00:00","dateModified":"2025-11-23T19:55:31+00:00","breadcrumb":{"@id":"https:\/\/zapateneo.net\/wordpress\/index.php\/producto\/hilos-de-vida-una-historia-del-mundo-a-traves-del-ojo-de-una-aguja\/#breadcrumb"},"inLanguage":"es","potentialAction":[{"@type":"ReadAction","target":["https:\/\/zapateneo.net\/wordpress\/index.php\/producto\/hilos-de-vida-una-historia-del-mundo-a-traves-del-ojo-de-una-aguja\/"]}]},{"@type":"ImageObject","inLanguage":"es","@id":"https:\/\/zapateneo.net\/wordpress\/index.php\/producto\/hilos-de-vida-una-historia-del-mundo-a-traves-del-ojo-de-una-aguja\/#primaryimage","url":"https:\/\/zapateneo.net\/wordpress\/wp-content\/uploads\/2025\/11\/9788412953183.jpg","contentUrl":"https:\/\/zapateneo.net\/wordpress\/wp-content\/uploads\/2025\/11\/9788412953183.jpg","width":256,"height":400},{"@type":"BreadcrumbList","@id":"https:\/\/zapateneo.net\/wordpress\/index.php\/producto\/hilos-de-vida-una-historia-del-mundo-a-traves-del-ojo-de-una-aguja\/#breadcrumb","itemListElement":[{"@type":"ListItem","position":1,"name":"Portada","item":"https:\/\/zapateneo.net\/wordpress\/"},{"@type":"ListItem","position":2,"name":"Tienda","item":"https:\/\/zapateneo.net\/wordpress\/"},{"@type":"ListItem","position":3,"name":"Hilos de vida. Una historia del mundo a trav\u00e9s del ojo de una aguja"}]},{"@type":"WebSite","@id":"https:\/\/zapateneo.net\/wordpress\/#website","url":"https:\/\/zapateneo.net\/wordpress\/","name":"Zapateneo","description":"Zapateneoaren webgunea","publisher":{"@id":"https:\/\/zapateneo.net\/wordpress\/#organization"},"potentialAction":[{"@type":"SearchAction","target":{"@type":"EntryPoint","urlTemplate":"https:\/\/zapateneo.net\/wordpress\/?s={search_term_string}"},"query-input":{"@type":"PropertyValueSpecification","valueRequired":true,"valueName":"search_term_string"}}],"inLanguage":"es"},{"@type":"Organization","@id":"https:\/\/zapateneo.net\/wordpress\/#organization","name":"Zapateneo Kultur Elkartea","url":"https:\/\/zapateneo.net\/wordpress\/","logo":{"@type":"ImageObject","inLanguage":"es","@id":"https:\/\/zapateneo.net\/wordpress\/#\/schema\/logo\/image\/","url":"https:\/\/zapateneo.net\/wordpress\/wp-content\/uploads\/2021\/04\/zap-libu-kolec.jpg","contentUrl":"https:\/\/zapateneo.net\/wordpress\/wp-content\/uploads\/2021\/04\/zap-libu-kolec.jpg","width":2234,"height":398,"caption":"Zapateneo Kultur Elkartea"},"image":{"@id":"https:\/\/zapateneo.net\/wordpress\/#\/schema\/logo\/image\/"},"sameAs":["https:\/\/x.com\/zapateneo"]}]}},"_links":{"self":[{"href":"https:\/\/zapateneo.net\/wordpress\/index.php\/wp-json\/wp\/v2\/product\/16274","targetHints":{"allow":["GET"]}}],"collection":[{"href":"https:\/\/zapateneo.net\/wordpress\/index.php\/wp-json\/wp\/v2\/product"}],"about":[{"href":"https:\/\/zapateneo.net\/wordpress\/index.php\/wp-json\/wp\/v2\/types\/product"}],"wp:featuredmedia":[{"embeddable":true,"href":"https:\/\/zapateneo.net\/wordpress\/index.php\/wp-json\/wp\/v2\/media\/16289"}],"wp:attachment":[{"href":"https:\/\/zapateneo.net\/wordpress\/index.php\/wp-json\/wp\/v2\/media?parent=16274"}],"wp:term":[{"taxonomy":"product_brand","embeddable":true,"href":"https:\/\/zapateneo.net\/wordpress\/index.php\/wp-json\/wp\/v2\/product_brand?post=16274"},{"taxonomy":"product_cat","embeddable":true,"href":"https:\/\/zapateneo.net\/wordpress\/index.php\/wp-json\/wp\/v2\/product_cat?post=16274"},{"taxonomy":"product_tag","embeddable":true,"href":"https:\/\/zapateneo.net\/wordpress\/index.php\/wp-json\/wp\/v2\/product_tag?post=16274"}],"curies":[{"name":"wp","href":"https:\/\/api.w.org\/{rel}","templated":true}]}}