{"id":16272,"date":"2025-11-23T20:55:12","date_gmt":"2025-11-23T19:55:12","guid":{"rendered":"https:\/\/zapateneo.net\/wordpress\/?post_type=product&#038;p=16272"},"modified":"2025-11-23T20:55:28","modified_gmt":"2025-11-23T19:55:28","slug":"esa-cosa-con-plumas-la-sorprendente-vida-de-las-aves-y-lo-que-revelan-sobre-el-ser-human","status":"publish","type":"product","link":"https:\/\/zapateneo.net\/wordpress\/index.php\/producto\/esa-cosa-con-plumas-la-sorprendente-vida-de-las-aves-y-lo-que-revelan-sobre-el-ser-human\/","title":{"rendered":"Esa cosa con plumas. La sorprendente vida de las aves y lo que revelan sobre el ser human"},"content":{"rendered":"<p>Con humor y sensibilidad, el autor estadounidense, ornit\u00f3logo y fot\u00f3grafo, nos acerca a estas criaturas con las que coexistimos de forma \u00edntima y significativa en el planeta, mostr\u00e1ndonos que nuestra forma de ver el mundo est\u00e1, a menudo y de manera notable, influida por la experiencia de observarlas.<\/p>\n<p>Sorprende su capacidad para combinar datos cient\u00edficos de vanguardia con an\u00e9cdotas personales y una mirada filos\u00f3fica sobre la relaci\u00f3n entre aves y humanos. Con un estilo accesible y ameno, Strycker nos invita a mirar el mundo con los ojos de las aves y a redescubrirnos en ellas.<\/p>\n<p>No es solo para los amantes de la ornitolog\u00eda: es una invitaci\u00f3n a observar con nuevos ojos, a descubrir que las aves siempre nos rodean, esperando ser vistas, ofreci\u00e9ndonos un profundo reflejo de nuestra propia humanidad.<\/p>\n","protected":false},"excerpt":{"rendered":"<p><strong>Noah Keefer Stryck<\/strong><br \/>\n9788412953114 &#8211; Capit\u00e1n Swing &#8211; 2025 &#8211; 260 p\u00e1ginas \/orri.<\/p>\n","protected":false},"featured_media":16287,"template":"","meta":[],"product_brand":[],"product_cat":[180,16],"product_tag":[102,7267],"class_list":{"0":"post-16272","1":"product","2":"type-product","3":"status-publish","4":"has-post-thumbnail","6":"product_cat-ekologia-ecologia","7":"product_cat-libros","8":"product_tag-capitan-swing","9":"product_tag-noah-keefer-stryck","11":"first","12":"instock","13":"sold-individually","14":"shipping-taxable","15":"purchasable","16":"product-type-simple"},"yoast_head":"<!-- This site is optimized with the Yoast SEO plugin v27.3 - https:\/\/yoast.com\/product\/yoast-seo-wordpress\/ -->\n<title>Esa cosa con plumas. La sorprendente vida de las aves y lo que revelan sobre el ser human &#8212; Zapateneo<\/title>\n<meta name=\"robots\" content=\"index, follow, max-snippet:-1, max-image-preview:large, max-video-preview:-1\" \/>\n<link rel=\"canonical\" href=\"https:\/\/zapateneo.net\/wordpress\/index.php\/producto\/esa-cosa-con-plumas-la-sorprendente-vida-de-las-aves-y-lo-que-revelan-sobre-el-ser-human\/\" \/>\n<meta property=\"og:locale\" content=\"es_ES\" \/>\n<meta property=\"og:type\" content=\"article\" \/>\n<meta property=\"og:title\" content=\"Esa cosa con plumas. La sorprendente vida de las aves y lo que revelan sobre el ser human &#8212; Zapateneo\" \/>\n<meta property=\"og:description\" content=\"Noah Keefer Stryck 9788412953114 - Capit\u00e1n Swing - 2025 - 260 p\u00e1ginas \/orri.\" \/>\n<meta property=\"og:url\" content=\"https:\/\/zapateneo.net\/wordpress\/index.php\/producto\/esa-cosa-con-plumas-la-sorprendente-vida-de-las-aves-y-lo-que-revelan-sobre-el-ser-human\/\" \/>\n<meta property=\"og:site_name\" content=\"Zapateneo\" \/>\n<meta property=\"article:modified_time\" content=\"2025-11-23T19:55:28+00:00\" \/>\n<meta name=\"twitter:card\" content=\"summary_large_image\" \/>\n<meta name=\"twitter:site\" content=\"@zapateneo\" \/>\n<meta name=\"twitter:label1\" content=\"Tiempo de lectura\" \/>\n\t<meta name=\"twitter:data1\" content=\"1 minuto\" \/>\n<script type=\"application\/ld+json\" class=\"yoast-schema-graph\">{\"@context\":\"https:\\\/\\\/schema.org\",\"@graph\":[{\"@type\":\"WebPage\",\"@id\":\"https:\\\/\\\/zapateneo.net\\\/wordpress\\\/index.php\\\/producto\\\/esa-cosa-con-plumas-la-sorprendente-vida-de-las-aves-y-lo-que-revelan-sobre-el-ser-human\\\/\",\"url\":\"https:\\\/\\\/zapateneo.net\\\/wordpress\\\/index.php\\\/producto\\\/esa-cosa-con-plumas-la-sorprendente-vida-de-las-aves-y-lo-que-revelan-sobre-el-ser-human\\\/\",\"name\":\"Esa cosa con plumas. La sorprendente vida de las aves y lo que revelan sobre el ser human &#8212; Zapateneo\",\"isPartOf\":{\"@id\":\"https:\\\/\\\/zapateneo.net\\\/wordpress\\\/#website\"},\"primaryImageOfPage\":{\"@id\":\"https:\\\/\\\/zapateneo.net\\\/wordpress\\\/index.php\\\/producto\\\/esa-cosa-con-plumas-la-sorprendente-vida-de-las-aves-y-lo-que-revelan-sobre-el-ser-human\\\/#primaryimage\"},\"image\":{\"@id\":\"https:\\\/\\\/zapateneo.net\\\/wordpress\\\/index.php\\\/producto\\\/esa-cosa-con-plumas-la-sorprendente-vida-de-las-aves-y-lo-que-revelan-sobre-el-ser-human\\\/#primaryimage\"},\"thumbnailUrl\":\"https:\\\/\\\/zapateneo.net\\\/wordpress\\\/wp-content\\\/uploads\\\/2025\\\/11\\\/9788412953114.jpg\",\"datePublished\":\"2025-11-23T19:55:12+00:00\",\"dateModified\":\"2025-11-23T19:55:28+00:00\",\"breadcrumb\":{\"@id\":\"https:\\\/\\\/zapateneo.net\\\/wordpress\\\/index.php\\\/producto\\\/esa-cosa-con-plumas-la-sorprendente-vida-de-las-aves-y-lo-que-revelan-sobre-el-ser-human\\\/#breadcrumb\"},\"inLanguage\":\"es\",\"potentialAction\":[{\"@type\":\"ReadAction\",\"target\":[\"https:\\\/\\\/zapateneo.net\\\/wordpress\\\/index.php\\\/producto\\\/esa-cosa-con-plumas-la-sorprendente-vida-de-las-aves-y-lo-que-revelan-sobre-el-ser-human\\\/\"]}]},{\"@type\":\"ImageObject\",\"inLanguage\":\"es\",\"@id\":\"https:\\\/\\\/zapateneo.net\\\/wordpress\\\/index.php\\\/producto\\\/esa-cosa-con-plumas-la-sorprendente-vida-de-las-aves-y-lo-que-revelan-sobre-el-ser-human\\\/#primaryimage\",\"url\":\"https:\\\/\\\/zapateneo.net\\\/wordpress\\\/wp-content\\\/uploads\\\/2025\\\/11\\\/9788412953114.jpg\",\"contentUrl\":\"https:\\\/\\\/zapateneo.net\\\/wordpress\\\/wp-content\\\/uploads\\\/2025\\\/11\\\/9788412953114.jpg\",\"width\":400,\"height\":209},{\"@type\":\"BreadcrumbList\",\"@id\":\"https:\\\/\\\/zapateneo.net\\\/wordpress\\\/index.php\\\/producto\\\/esa-cosa-con-plumas-la-sorprendente-vida-de-las-aves-y-lo-que-revelan-sobre-el-ser-human\\\/#breadcrumb\",\"itemListElement\":[{\"@type\":\"ListItem\",\"position\":1,\"name\":\"Portada\",\"item\":\"https:\\\/\\\/zapateneo.net\\\/wordpress\\\/\"},{\"@type\":\"ListItem\",\"position\":2,\"name\":\"Tienda\",\"item\":\"https:\\\/\\\/zapateneo.net\\\/wordpress\\\/\"},{\"@type\":\"ListItem\",\"position\":3,\"name\":\"Esa cosa con plumas. La sorprendente vida de las aves y lo que revelan sobre el ser human\"}]},{\"@type\":\"WebSite\",\"@id\":\"https:\\\/\\\/zapateneo.net\\\/wordpress\\\/#website\",\"url\":\"https:\\\/\\\/zapateneo.net\\\/wordpress\\\/\",\"name\":\"Zapateneo\",\"description\":\"Zapateneoaren webgunea\",\"publisher\":{\"@id\":\"https:\\\/\\\/zapateneo.net\\\/wordpress\\\/#organization\"},\"potentialAction\":[{\"@type\":\"SearchAction\",\"target\":{\"@type\":\"EntryPoint\",\"urlTemplate\":\"https:\\\/\\\/zapateneo.net\\\/wordpress\\\/?s={search_term_string}\"},\"query-input\":{\"@type\":\"PropertyValueSpecification\",\"valueRequired\":true,\"valueName\":\"search_term_string\"}}],\"inLanguage\":\"es\"},{\"@type\":\"Organization\",\"@id\":\"https:\\\/\\\/zapateneo.net\\\/wordpress\\\/#organization\",\"name\":\"Zapateneo Kultur Elkartea\",\"url\":\"https:\\\/\\\/zapateneo.net\\\/wordpress\\\/\",\"logo\":{\"@type\":\"ImageObject\",\"inLanguage\":\"es\",\"@id\":\"https:\\\/\\\/zapateneo.net\\\/wordpress\\\/#\\\/schema\\\/logo\\\/image\\\/\",\"url\":\"https:\\\/\\\/zapateneo.net\\\/wordpress\\\/wp-content\\\/uploads\\\/2021\\\/04\\\/zap-libu-kolec.jpg\",\"contentUrl\":\"https:\\\/\\\/zapateneo.net\\\/wordpress\\\/wp-content\\\/uploads\\\/2021\\\/04\\\/zap-libu-kolec.jpg\",\"width\":2234,\"height\":398,\"caption\":\"Zapateneo Kultur Elkartea\"},\"image\":{\"@id\":\"https:\\\/\\\/zapateneo.net\\\/wordpress\\\/#\\\/schema\\\/logo\\\/image\\\/\"},\"sameAs\":[\"https:\\\/\\\/x.com\\\/zapateneo\"]}]}<\/script>\n<!-- \/ Yoast SEO plugin. -->","yoast_head_json":{"title":"Esa cosa con plumas. La sorprendente vida de las aves y lo que revelan sobre el ser human &#8212; Zapateneo","robots":{"index":"index","follow":"follow","max-snippet":"max-snippet:-1","max-image-preview":"max-image-preview:large","max-video-preview":"max-video-preview:-1"},"canonical":"https:\/\/zapateneo.net\/wordpress\/index.php\/producto\/esa-cosa-con-plumas-la-sorprendente-vida-de-las-aves-y-lo-que-revelan-sobre-el-ser-human\/","og_locale":"es_ES","og_type":"article","og_title":"Esa cosa con plumas. La sorprendente vida de las aves y lo que revelan sobre el ser human &#8212; Zapateneo","og_description":"Noah Keefer Stryck 9788412953114 - Capit\u00e1n Swing - 2025 - 260 p\u00e1ginas \/orri.","og_url":"https:\/\/zapateneo.net\/wordpress\/index.php\/producto\/esa-cosa-con-plumas-la-sorprendente-vida-de-las-aves-y-lo-que-revelan-sobre-el-ser-human\/","og_site_name":"Zapateneo","article_modified_time":"2025-11-23T19:55:28+00:00","twitter_card":"summary_large_image","twitter_site":"@zapateneo","twitter_misc":{"Tiempo de lectura":"1 minuto"},"schema":{"@context":"https:\/\/schema.org","@graph":[{"@type":"WebPage","@id":"https:\/\/zapateneo.net\/wordpress\/index.php\/producto\/esa-cosa-con-plumas-la-sorprendente-vida-de-las-aves-y-lo-que-revelan-sobre-el-ser-human\/","url":"https:\/\/zapateneo.net\/wordpress\/index.php\/producto\/esa-cosa-con-plumas-la-sorprendente-vida-de-las-aves-y-lo-que-revelan-sobre-el-ser-human\/","name":"Esa cosa con plumas. La sorprendente vida de las aves y lo que revelan sobre el ser human &#8212; Zapateneo","isPartOf":{"@id":"https:\/\/zapateneo.net\/wordpress\/#website"},"primaryImageOfPage":{"@id":"https:\/\/zapateneo.net\/wordpress\/index.php\/producto\/esa-cosa-con-plumas-la-sorprendente-vida-de-las-aves-y-lo-que-revelan-sobre-el-ser-human\/#primaryimage"},"image":{"@id":"https:\/\/zapateneo.net\/wordpress\/index.php\/producto\/esa-cosa-con-plumas-la-sorprendente-vida-de-las-aves-y-lo-que-revelan-sobre-el-ser-human\/#primaryimage"},"thumbnailUrl":"https:\/\/zapateneo.net\/wordpress\/wp-content\/uploads\/2025\/11\/9788412953114.jpg","datePublished":"2025-11-23T19:55:12+00:00","dateModified":"2025-11-23T19:55:28+00:00","breadcrumb":{"@id":"https:\/\/zapateneo.net\/wordpress\/index.php\/producto\/esa-cosa-con-plumas-la-sorprendente-vida-de-las-aves-y-lo-que-revelan-sobre-el-ser-human\/#breadcrumb"},"inLanguage":"es","potentialAction":[{"@type":"ReadAction","target":["https:\/\/zapateneo.net\/wordpress\/index.php\/producto\/esa-cosa-con-plumas-la-sorprendente-vida-de-las-aves-y-lo-que-revelan-sobre-el-ser-human\/"]}]},{"@type":"ImageObject","inLanguage":"es","@id":"https:\/\/zapateneo.net\/wordpress\/index.php\/producto\/esa-cosa-con-plumas-la-sorprendente-vida-de-las-aves-y-lo-que-revelan-sobre-el-ser-human\/#primaryimage","url":"https:\/\/zapateneo.net\/wordpress\/wp-content\/uploads\/2025\/11\/9788412953114.jpg","contentUrl":"https:\/\/zapateneo.net\/wordpress\/wp-content\/uploads\/2025\/11\/9788412953114.jpg","width":400,"height":209},{"@type":"BreadcrumbList","@id":"https:\/\/zapateneo.net\/wordpress\/index.php\/producto\/esa-cosa-con-plumas-la-sorprendente-vida-de-las-aves-y-lo-que-revelan-sobre-el-ser-human\/#breadcrumb","itemListElement":[{"@type":"ListItem","position":1,"name":"Portada","item":"https:\/\/zapateneo.net\/wordpress\/"},{"@type":"ListItem","position":2,"name":"Tienda","item":"https:\/\/zapateneo.net\/wordpress\/"},{"@type":"ListItem","position":3,"name":"Esa cosa con plumas. La sorprendente vida de las aves y lo que revelan sobre el ser human"}]},{"@type":"WebSite","@id":"https:\/\/zapateneo.net\/wordpress\/#website","url":"https:\/\/zapateneo.net\/wordpress\/","name":"Zapateneo","description":"Zapateneoaren webgunea","publisher":{"@id":"https:\/\/zapateneo.net\/wordpress\/#organization"},"potentialAction":[{"@type":"SearchAction","target":{"@type":"EntryPoint","urlTemplate":"https:\/\/zapateneo.net\/wordpress\/?s={search_term_string}"},"query-input":{"@type":"PropertyValueSpecification","valueRequired":true,"valueName":"search_term_string"}}],"inLanguage":"es"},{"@type":"Organization","@id":"https:\/\/zapateneo.net\/wordpress\/#organization","name":"Zapateneo Kultur Elkartea","url":"https:\/\/zapateneo.net\/wordpress\/","logo":{"@type":"ImageObject","inLanguage":"es","@id":"https:\/\/zapateneo.net\/wordpress\/#\/schema\/logo\/image\/","url":"https:\/\/zapateneo.net\/wordpress\/wp-content\/uploads\/2021\/04\/zap-libu-kolec.jpg","contentUrl":"https:\/\/zapateneo.net\/wordpress\/wp-content\/uploads\/2021\/04\/zap-libu-kolec.jpg","width":2234,"height":398,"caption":"Zapateneo Kultur Elkartea"},"image":{"@id":"https:\/\/zapateneo.net\/wordpress\/#\/schema\/logo\/image\/"},"sameAs":["https:\/\/x.com\/zapateneo"]}]}},"_links":{"self":[{"href":"https:\/\/zapateneo.net\/wordpress\/index.php\/wp-json\/wp\/v2\/product\/16272","targetHints":{"allow":["GET"]}}],"collection":[{"href":"https:\/\/zapateneo.net\/wordpress\/index.php\/wp-json\/wp\/v2\/product"}],"about":[{"href":"https:\/\/zapateneo.net\/wordpress\/index.php\/wp-json\/wp\/v2\/types\/product"}],"wp:featuredmedia":[{"embeddable":true,"href":"https:\/\/zapateneo.net\/wordpress\/index.php\/wp-json\/wp\/v2\/media\/16287"}],"wp:attachment":[{"href":"https:\/\/zapateneo.net\/wordpress\/index.php\/wp-json\/wp\/v2\/media?parent=16272"}],"wp:term":[{"taxonomy":"product_brand","embeddable":true,"href":"https:\/\/zapateneo.net\/wordpress\/index.php\/wp-json\/wp\/v2\/product_brand?post=16272"},{"taxonomy":"product_cat","embeddable":true,"href":"https:\/\/zapateneo.net\/wordpress\/index.php\/wp-json\/wp\/v2\/product_cat?post=16272"},{"taxonomy":"product_tag","embeddable":true,"href":"https:\/\/zapateneo.net\/wordpress\/index.php\/wp-json\/wp\/v2\/product_tag?post=16272"}],"curies":[{"name":"wp","href":"https:\/\/api.w.org\/{rel}","templated":true}]}}