{"id":16270,"date":"2025-11-23T20:55:10","date_gmt":"2025-11-23T19:55:10","guid":{"rendered":"https:\/\/zapateneo.net\/wordpress\/?post_type=product&#038;p=16270"},"modified":"2025-11-23T20:55:26","modified_gmt":"2025-11-23T19:55:26","slug":"la-infancia-anormal-y-el-cultivo-de-la-inteligencia-espana-1830-1940","status":"publish","type":"product","link":"https:\/\/zapateneo.net\/wordpress\/index.php\/producto\/la-infancia-anormal-y-el-cultivo-de-la-inteligencia-espana-1830-1940\/","title":{"rendered":"La \u00abinfancia anormal\u00bb y el cultivo de la inteligencia. (Espa\u00f1a 1830-1940)"},"content":{"rendered":"<p>Esta obra no trata sobre la infancia, no es un estudio t\u00e9cnico de la medida de la inteligencia en la poblaci\u00f3n infantil. Propone sobre todo un an\u00e1lisis minucioso de los discursos y las t\u00e9cnicas empleadas para el gobierno de la poblaci\u00f3n infantil. La investigaci\u00f3n presenta dos etapas bien diferenciadas de esta cuesti\u00f3n: la primera, con la noci\u00f3n de \u00abtierna infancia\u201d, muestra c\u00f3mo los gobiernos comenzaron a justificar determinados cambios en la legislaci\u00f3n con el prop\u00f3sito de enmendar la baja capacidad productiva de la poblaci\u00f3n. Junto a esta problem\u00e1tica, se analizan las diversas propuestas que dieron algunas Ciencias Sociales al fen\u00f3meno y se traza la trayectoria de la preocupaci\u00f3n por la infancia, su especificidad en el caso espa\u00f1ol, y el impacto que produjo en la sociedad de la \u00e9poca. En la segunda parte, se muestra c\u00f3mo esta perspectiva evolucionista del desarrollo y el crecimiento de la poblaci\u00f3n se insert\u00f3 en diferentes tipos de discursos t\u00e9cnicos, especialmente los derivados de la medicina y la psiquiatr\u00eda, que estaban orientados ya a la mejora de la especie. Esto, siguiendo la visi\u00f3n de Foucault, propicia una l\u00ednea de investigaci\u00f3n sobre la medicalizaci\u00f3n de la conducta que plante\u00f3 el definitivo gobierno de los vivos: la selecci\u00f3n artificial.<\/p>\n","protected":false},"excerpt":{"rendered":"<p><strong>Diego Delgado Pastor<\/strong><br \/>\n9788412851762 &#8211; Dado &#8211; 2025 &#8211; 282 p\u00e1ginas \/orri.<\/p>\n","protected":false},"featured_media":16285,"template":"","meta":[],"product_brand":[],"product_cat":[185,16],"product_tag":[6746,7265],"class_list":{"0":"post-16270","1":"product","2":"type-product","3":"status-publish","4":"has-post-thumbnail","6":"product_cat-historia","7":"product_cat-libros","8":"product_tag-dado","9":"product_tag-diego-delgado-pastor","11":"first","12":"instock","13":"sold-individually","14":"shipping-taxable","15":"purchasable","16":"product-type-simple"},"yoast_head":"<!-- This site is optimized with the Yoast SEO plugin v27.3 - https:\/\/yoast.com\/product\/yoast-seo-wordpress\/ -->\n<title>La \u00abinfancia anormal\u00bb y el cultivo de la inteligencia. (Espa\u00f1a 1830-1940) &#8212; Zapateneo<\/title>\n<meta name=\"robots\" content=\"index, follow, max-snippet:-1, max-image-preview:large, max-video-preview:-1\" \/>\n<link rel=\"canonical\" href=\"https:\/\/zapateneo.net\/wordpress\/index.php\/producto\/la-infancia-anormal-y-el-cultivo-de-la-inteligencia-espana-1830-1940\/\" \/>\n<meta property=\"og:locale\" content=\"es_ES\" \/>\n<meta property=\"og:type\" content=\"article\" \/>\n<meta property=\"og:title\" content=\"La \u00abinfancia anormal\u00bb y el cultivo de la inteligencia. (Espa\u00f1a 1830-1940) &#8212; Zapateneo\" \/>\n<meta property=\"og:description\" content=\"Diego Delgado Pastor 9788412851762 - Dado - 2025 - 282 p\u00e1ginas \/orri.\" \/>\n<meta property=\"og:url\" content=\"https:\/\/zapateneo.net\/wordpress\/index.php\/producto\/la-infancia-anormal-y-el-cultivo-de-la-inteligencia-espana-1830-1940\/\" \/>\n<meta property=\"og:site_name\" content=\"Zapateneo\" \/>\n<meta property=\"article:modified_time\" content=\"2025-11-23T19:55:26+00:00\" \/>\n<meta name=\"twitter:card\" content=\"summary_large_image\" \/>\n<meta name=\"twitter:site\" content=\"@zapateneo\" \/>\n<meta name=\"twitter:label1\" content=\"Tiempo de lectura\" \/>\n\t<meta name=\"twitter:data1\" content=\"1 minuto\" \/>\n<script type=\"application\/ld+json\" class=\"yoast-schema-graph\">{\"@context\":\"https:\\\/\\\/schema.org\",\"@graph\":[{\"@type\":\"WebPage\",\"@id\":\"https:\\\/\\\/zapateneo.net\\\/wordpress\\\/index.php\\\/producto\\\/la-infancia-anormal-y-el-cultivo-de-la-inteligencia-espana-1830-1940\\\/\",\"url\":\"https:\\\/\\\/zapateneo.net\\\/wordpress\\\/index.php\\\/producto\\\/la-infancia-anormal-y-el-cultivo-de-la-inteligencia-espana-1830-1940\\\/\",\"name\":\"La \u00abinfancia anormal\u00bb y el cultivo de la inteligencia. (Espa\u00f1a 1830-1940) &#8212; Zapateneo\",\"isPartOf\":{\"@id\":\"https:\\\/\\\/zapateneo.net\\\/wordpress\\\/#website\"},\"primaryImageOfPage\":{\"@id\":\"https:\\\/\\\/zapateneo.net\\\/wordpress\\\/index.php\\\/producto\\\/la-infancia-anormal-y-el-cultivo-de-la-inteligencia-espana-1830-1940\\\/#primaryimage\"},\"image\":{\"@id\":\"https:\\\/\\\/zapateneo.net\\\/wordpress\\\/index.php\\\/producto\\\/la-infancia-anormal-y-el-cultivo-de-la-inteligencia-espana-1830-1940\\\/#primaryimage\"},\"thumbnailUrl\":\"https:\\\/\\\/zapateneo.net\\\/wordpress\\\/wp-content\\\/uploads\\\/2025\\\/11\\\/9788412851762.jpg\",\"datePublished\":\"2025-11-23T19:55:10+00:00\",\"dateModified\":\"2025-11-23T19:55:26+00:00\",\"breadcrumb\":{\"@id\":\"https:\\\/\\\/zapateneo.net\\\/wordpress\\\/index.php\\\/producto\\\/la-infancia-anormal-y-el-cultivo-de-la-inteligencia-espana-1830-1940\\\/#breadcrumb\"},\"inLanguage\":\"es\",\"potentialAction\":[{\"@type\":\"ReadAction\",\"target\":[\"https:\\\/\\\/zapateneo.net\\\/wordpress\\\/index.php\\\/producto\\\/la-infancia-anormal-y-el-cultivo-de-la-inteligencia-espana-1830-1940\\\/\"]}]},{\"@type\":\"ImageObject\",\"inLanguage\":\"es\",\"@id\":\"https:\\\/\\\/zapateneo.net\\\/wordpress\\\/index.php\\\/producto\\\/la-infancia-anormal-y-el-cultivo-de-la-inteligencia-espana-1830-1940\\\/#primaryimage\",\"url\":\"https:\\\/\\\/zapateneo.net\\\/wordpress\\\/wp-content\\\/uploads\\\/2025\\\/11\\\/9788412851762.jpg\",\"contentUrl\":\"https:\\\/\\\/zapateneo.net\\\/wordpress\\\/wp-content\\\/uploads\\\/2025\\\/11\\\/9788412851762.jpg\",\"width\":282,\"height\":400},{\"@type\":\"BreadcrumbList\",\"@id\":\"https:\\\/\\\/zapateneo.net\\\/wordpress\\\/index.php\\\/producto\\\/la-infancia-anormal-y-el-cultivo-de-la-inteligencia-espana-1830-1940\\\/#breadcrumb\",\"itemListElement\":[{\"@type\":\"ListItem\",\"position\":1,\"name\":\"Portada\",\"item\":\"https:\\\/\\\/zapateneo.net\\\/wordpress\\\/\"},{\"@type\":\"ListItem\",\"position\":2,\"name\":\"Tienda\",\"item\":\"https:\\\/\\\/zapateneo.net\\\/wordpress\\\/\"},{\"@type\":\"ListItem\",\"position\":3,\"name\":\"La \u00abinfancia anormal\u00bb y el cultivo de la inteligencia. (Espa\u00f1a 1830-1940)\"}]},{\"@type\":\"WebSite\",\"@id\":\"https:\\\/\\\/zapateneo.net\\\/wordpress\\\/#website\",\"url\":\"https:\\\/\\\/zapateneo.net\\\/wordpress\\\/\",\"name\":\"Zapateneo\",\"description\":\"Zapateneoaren webgunea\",\"publisher\":{\"@id\":\"https:\\\/\\\/zapateneo.net\\\/wordpress\\\/#organization\"},\"potentialAction\":[{\"@type\":\"SearchAction\",\"target\":{\"@type\":\"EntryPoint\",\"urlTemplate\":\"https:\\\/\\\/zapateneo.net\\\/wordpress\\\/?s={search_term_string}\"},\"query-input\":{\"@type\":\"PropertyValueSpecification\",\"valueRequired\":true,\"valueName\":\"search_term_string\"}}],\"inLanguage\":\"es\"},{\"@type\":\"Organization\",\"@id\":\"https:\\\/\\\/zapateneo.net\\\/wordpress\\\/#organization\",\"name\":\"Zapateneo Kultur Elkartea\",\"url\":\"https:\\\/\\\/zapateneo.net\\\/wordpress\\\/\",\"logo\":{\"@type\":\"ImageObject\",\"inLanguage\":\"es\",\"@id\":\"https:\\\/\\\/zapateneo.net\\\/wordpress\\\/#\\\/schema\\\/logo\\\/image\\\/\",\"url\":\"https:\\\/\\\/zapateneo.net\\\/wordpress\\\/wp-content\\\/uploads\\\/2021\\\/04\\\/zap-libu-kolec.jpg\",\"contentUrl\":\"https:\\\/\\\/zapateneo.net\\\/wordpress\\\/wp-content\\\/uploads\\\/2021\\\/04\\\/zap-libu-kolec.jpg\",\"width\":2234,\"height\":398,\"caption\":\"Zapateneo Kultur Elkartea\"},\"image\":{\"@id\":\"https:\\\/\\\/zapateneo.net\\\/wordpress\\\/#\\\/schema\\\/logo\\\/image\\\/\"},\"sameAs\":[\"https:\\\/\\\/x.com\\\/zapateneo\"]}]}<\/script>\n<!-- \/ Yoast SEO plugin. -->","yoast_head_json":{"title":"La \u00abinfancia anormal\u00bb y el cultivo de la inteligencia. (Espa\u00f1a 1830-1940) &#8212; Zapateneo","robots":{"index":"index","follow":"follow","max-snippet":"max-snippet:-1","max-image-preview":"max-image-preview:large","max-video-preview":"max-video-preview:-1"},"canonical":"https:\/\/zapateneo.net\/wordpress\/index.php\/producto\/la-infancia-anormal-y-el-cultivo-de-la-inteligencia-espana-1830-1940\/","og_locale":"es_ES","og_type":"article","og_title":"La \u00abinfancia anormal\u00bb y el cultivo de la inteligencia. (Espa\u00f1a 1830-1940) &#8212; Zapateneo","og_description":"Diego Delgado Pastor 9788412851762 - Dado - 2025 - 282 p\u00e1ginas \/orri.","og_url":"https:\/\/zapateneo.net\/wordpress\/index.php\/producto\/la-infancia-anormal-y-el-cultivo-de-la-inteligencia-espana-1830-1940\/","og_site_name":"Zapateneo","article_modified_time":"2025-11-23T19:55:26+00:00","twitter_card":"summary_large_image","twitter_site":"@zapateneo","twitter_misc":{"Tiempo de lectura":"1 minuto"},"schema":{"@context":"https:\/\/schema.org","@graph":[{"@type":"WebPage","@id":"https:\/\/zapateneo.net\/wordpress\/index.php\/producto\/la-infancia-anormal-y-el-cultivo-de-la-inteligencia-espana-1830-1940\/","url":"https:\/\/zapateneo.net\/wordpress\/index.php\/producto\/la-infancia-anormal-y-el-cultivo-de-la-inteligencia-espana-1830-1940\/","name":"La \u00abinfancia anormal\u00bb y el cultivo de la inteligencia. (Espa\u00f1a 1830-1940) &#8212; Zapateneo","isPartOf":{"@id":"https:\/\/zapateneo.net\/wordpress\/#website"},"primaryImageOfPage":{"@id":"https:\/\/zapateneo.net\/wordpress\/index.php\/producto\/la-infancia-anormal-y-el-cultivo-de-la-inteligencia-espana-1830-1940\/#primaryimage"},"image":{"@id":"https:\/\/zapateneo.net\/wordpress\/index.php\/producto\/la-infancia-anormal-y-el-cultivo-de-la-inteligencia-espana-1830-1940\/#primaryimage"},"thumbnailUrl":"https:\/\/zapateneo.net\/wordpress\/wp-content\/uploads\/2025\/11\/9788412851762.jpg","datePublished":"2025-11-23T19:55:10+00:00","dateModified":"2025-11-23T19:55:26+00:00","breadcrumb":{"@id":"https:\/\/zapateneo.net\/wordpress\/index.php\/producto\/la-infancia-anormal-y-el-cultivo-de-la-inteligencia-espana-1830-1940\/#breadcrumb"},"inLanguage":"es","potentialAction":[{"@type":"ReadAction","target":["https:\/\/zapateneo.net\/wordpress\/index.php\/producto\/la-infancia-anormal-y-el-cultivo-de-la-inteligencia-espana-1830-1940\/"]}]},{"@type":"ImageObject","inLanguage":"es","@id":"https:\/\/zapateneo.net\/wordpress\/index.php\/producto\/la-infancia-anormal-y-el-cultivo-de-la-inteligencia-espana-1830-1940\/#primaryimage","url":"https:\/\/zapateneo.net\/wordpress\/wp-content\/uploads\/2025\/11\/9788412851762.jpg","contentUrl":"https:\/\/zapateneo.net\/wordpress\/wp-content\/uploads\/2025\/11\/9788412851762.jpg","width":282,"height":400},{"@type":"BreadcrumbList","@id":"https:\/\/zapateneo.net\/wordpress\/index.php\/producto\/la-infancia-anormal-y-el-cultivo-de-la-inteligencia-espana-1830-1940\/#breadcrumb","itemListElement":[{"@type":"ListItem","position":1,"name":"Portada","item":"https:\/\/zapateneo.net\/wordpress\/"},{"@type":"ListItem","position":2,"name":"Tienda","item":"https:\/\/zapateneo.net\/wordpress\/"},{"@type":"ListItem","position":3,"name":"La \u00abinfancia anormal\u00bb y el cultivo de la inteligencia. (Espa\u00f1a 1830-1940)"}]},{"@type":"WebSite","@id":"https:\/\/zapateneo.net\/wordpress\/#website","url":"https:\/\/zapateneo.net\/wordpress\/","name":"Zapateneo","description":"Zapateneoaren webgunea","publisher":{"@id":"https:\/\/zapateneo.net\/wordpress\/#organization"},"potentialAction":[{"@type":"SearchAction","target":{"@type":"EntryPoint","urlTemplate":"https:\/\/zapateneo.net\/wordpress\/?s={search_term_string}"},"query-input":{"@type":"PropertyValueSpecification","valueRequired":true,"valueName":"search_term_string"}}],"inLanguage":"es"},{"@type":"Organization","@id":"https:\/\/zapateneo.net\/wordpress\/#organization","name":"Zapateneo Kultur Elkartea","url":"https:\/\/zapateneo.net\/wordpress\/","logo":{"@type":"ImageObject","inLanguage":"es","@id":"https:\/\/zapateneo.net\/wordpress\/#\/schema\/logo\/image\/","url":"https:\/\/zapateneo.net\/wordpress\/wp-content\/uploads\/2021\/04\/zap-libu-kolec.jpg","contentUrl":"https:\/\/zapateneo.net\/wordpress\/wp-content\/uploads\/2021\/04\/zap-libu-kolec.jpg","width":2234,"height":398,"caption":"Zapateneo Kultur Elkartea"},"image":{"@id":"https:\/\/zapateneo.net\/wordpress\/#\/schema\/logo\/image\/"},"sameAs":["https:\/\/x.com\/zapateneo"]}]}},"_links":{"self":[{"href":"https:\/\/zapateneo.net\/wordpress\/index.php\/wp-json\/wp\/v2\/product\/16270","targetHints":{"allow":["GET"]}}],"collection":[{"href":"https:\/\/zapateneo.net\/wordpress\/index.php\/wp-json\/wp\/v2\/product"}],"about":[{"href":"https:\/\/zapateneo.net\/wordpress\/index.php\/wp-json\/wp\/v2\/types\/product"}],"wp:featuredmedia":[{"embeddable":true,"href":"https:\/\/zapateneo.net\/wordpress\/index.php\/wp-json\/wp\/v2\/media\/16285"}],"wp:attachment":[{"href":"https:\/\/zapateneo.net\/wordpress\/index.php\/wp-json\/wp\/v2\/media?parent=16270"}],"wp:term":[{"taxonomy":"product_brand","embeddable":true,"href":"https:\/\/zapateneo.net\/wordpress\/index.php\/wp-json\/wp\/v2\/product_brand?post=16270"},{"taxonomy":"product_cat","embeddable":true,"href":"https:\/\/zapateneo.net\/wordpress\/index.php\/wp-json\/wp\/v2\/product_cat?post=16270"},{"taxonomy":"product_tag","embeddable":true,"href":"https:\/\/zapateneo.net\/wordpress\/index.php\/wp-json\/wp\/v2\/product_tag?post=16270"}],"curies":[{"name":"wp","href":"https:\/\/api.w.org\/{rel}","templated":true}]}}