{"id":16251,"date":"2025-11-23T19:36:56","date_gmt":"2025-11-23T18:36:56","guid":{"rendered":"https:\/\/zapateneo.net\/wordpress\/?post_type=product&#038;p=16251"},"modified":"2025-11-23T19:37:09","modified_gmt":"2025-11-23T18:37:09","slug":"eres-anarquista-la-respuesta-te-podria-sorprender","status":"publish","type":"product","link":"https:\/\/zapateneo.net\/wordpress\/index.php\/producto\/eres-anarquista-la-respuesta-te-podria-sorprender\/","title":{"rendered":"\u00bfEres anarquista? \u00a1La respuesta te podr\u00eda sorprender!"},"content":{"rendered":"<p>Lo m\u00e1s probable es que ya hayas escuchado algo sobre qui\u00e9nes son los anarquistas y sobre aquello en lo que supuestamente creen. Lo m\u00e1s probable es que todo lo que escuchaste decir sobre ellos sea falso. Mucha gente parece que piensa que los anarquistas son adeptos a la violencia, al caos y a la destrucci\u00f3n, que se oponen a todas las formas de orden y de organizaci\u00f3n, que son nihilistas fan\u00e1ticos que quieren acabar con todo. Nada m\u00e1s lejos de la realidad. Los anarquistas son las personas que piensan simplemente que los seres humanos pueden comportarse de una forma razonable sin tener que ser obligados a ello. En realidad, es una noci\u00f3n muy simple. Pero es la noci\u00f3n que los ricos y poderosos siempre consideraron m\u00e1s peligrosa.<\/p>\n<p>En su expresi\u00f3n m\u00e1s simple, las creencias anarquistas giran en torno a dos premisas. La primera es que los seres humanos son, en circunstancias normales, tan razonables y decentes como les permitan ser y, por lo tanto, pueden autoorganizar sus comunidades sin necesidad de que les indiquen c\u00f3mo. La segunda es que el poder corrompe. Antes de nada, el anarquismo es una cuesti\u00f3n de tener coraje para tomar los principios simples de la decencia com\u00fan por los cuales nos guiamos y seguirlos hasta sus conclusiones l\u00f3gicas. Por muy ins\u00f3lito que parezca, en muchos aspectos importantes, ya eres anarquista (s\u00f3lo que no te das cuenta).<\/p>\n","protected":false},"excerpt":{"rendered":"<p><strong>David Graeber<\/strong><br \/>\n202511230001 &#8211; Cal\u00famnia &#8211; 2025 &#8211; 16 p\u00e1ginas \/orri.<\/p>\n","protected":false},"featured_media":16261,"template":"","meta":[],"product_brand":[],"product_cat":[1868,166],"product_tag":[2043,7252],"class_list":{"0":"post-16251","1":"product","2":"type-product","3":"status-publish","4":"has-post-thumbnail","6":"product_cat-anarkismoa-anarquismo","7":"product_cat-panfletos-panfletoak","8":"product_tag-calumnia","9":"product_tag-david-graeber","11":"first","12":"instock","13":"sold-individually","14":"shipping-taxable","15":"purchasable","16":"product-type-simple"},"yoast_head":"<!-- This site is optimized with the Yoast SEO plugin v27.3 - https:\/\/yoast.com\/product\/yoast-seo-wordpress\/ -->\n<title>\u00bfEres anarquista? \u00a1La respuesta te podr\u00eda sorprender! &#8212; Zapateneo<\/title>\n<meta name=\"robots\" content=\"index, follow, max-snippet:-1, max-image-preview:large, max-video-preview:-1\" \/>\n<link rel=\"canonical\" href=\"https:\/\/zapateneo.net\/wordpress\/index.php\/producto\/eres-anarquista-la-respuesta-te-podria-sorprender\/\" \/>\n<meta property=\"og:locale\" content=\"es_ES\" \/>\n<meta property=\"og:type\" content=\"article\" \/>\n<meta property=\"og:title\" content=\"\u00bfEres anarquista? \u00a1La respuesta te podr\u00eda sorprender! &#8212; Zapateneo\" \/>\n<meta property=\"og:description\" content=\"David Graeber 202511230001 - Cal\u00famnia - 2025 - 16 p\u00e1ginas \/orri.\" \/>\n<meta property=\"og:url\" content=\"https:\/\/zapateneo.net\/wordpress\/index.php\/producto\/eres-anarquista-la-respuesta-te-podria-sorprender\/\" \/>\n<meta property=\"og:site_name\" content=\"Zapateneo\" \/>\n<meta property=\"article:modified_time\" content=\"2025-11-23T18:37:09+00:00\" \/>\n<meta name=\"twitter:card\" content=\"summary_large_image\" \/>\n<meta name=\"twitter:site\" content=\"@zapateneo\" \/>\n<meta name=\"twitter:label1\" content=\"Tiempo de lectura\" \/>\n\t<meta name=\"twitter:data1\" content=\"1 minuto\" \/>\n<script type=\"application\/ld+json\" class=\"yoast-schema-graph\">{\"@context\":\"https:\\\/\\\/schema.org\",\"@graph\":[{\"@type\":\"WebPage\",\"@id\":\"https:\\\/\\\/zapateneo.net\\\/wordpress\\\/index.php\\\/producto\\\/eres-anarquista-la-respuesta-te-podria-sorprender\\\/\",\"url\":\"https:\\\/\\\/zapateneo.net\\\/wordpress\\\/index.php\\\/producto\\\/eres-anarquista-la-respuesta-te-podria-sorprender\\\/\",\"name\":\"\u00bfEres anarquista? \u00a1La respuesta te podr\u00eda sorprender! &#8212; Zapateneo\",\"isPartOf\":{\"@id\":\"https:\\\/\\\/zapateneo.net\\\/wordpress\\\/#website\"},\"primaryImageOfPage\":{\"@id\":\"https:\\\/\\\/zapateneo.net\\\/wordpress\\\/index.php\\\/producto\\\/eres-anarquista-la-respuesta-te-podria-sorprender\\\/#primaryimage\"},\"image\":{\"@id\":\"https:\\\/\\\/zapateneo.net\\\/wordpress\\\/index.php\\\/producto\\\/eres-anarquista-la-respuesta-te-podria-sorprender\\\/#primaryimage\"},\"thumbnailUrl\":\"https:\\\/\\\/zapateneo.net\\\/wordpress\\\/wp-content\\\/uploads\\\/2025\\\/11\\\/eres-anarquista.png\",\"datePublished\":\"2025-11-23T18:36:56+00:00\",\"dateModified\":\"2025-11-23T18:37:09+00:00\",\"breadcrumb\":{\"@id\":\"https:\\\/\\\/zapateneo.net\\\/wordpress\\\/index.php\\\/producto\\\/eres-anarquista-la-respuesta-te-podria-sorprender\\\/#breadcrumb\"},\"inLanguage\":\"es\",\"potentialAction\":[{\"@type\":\"ReadAction\",\"target\":[\"https:\\\/\\\/zapateneo.net\\\/wordpress\\\/index.php\\\/producto\\\/eres-anarquista-la-respuesta-te-podria-sorprender\\\/\"]}]},{\"@type\":\"ImageObject\",\"inLanguage\":\"es\",\"@id\":\"https:\\\/\\\/zapateneo.net\\\/wordpress\\\/index.php\\\/producto\\\/eres-anarquista-la-respuesta-te-podria-sorprender\\\/#primaryimage\",\"url\":\"https:\\\/\\\/zapateneo.net\\\/wordpress\\\/wp-content\\\/uploads\\\/2025\\\/11\\\/eres-anarquista.png\",\"contentUrl\":\"https:\\\/\\\/zapateneo.net\\\/wordpress\\\/wp-content\\\/uploads\\\/2025\\\/11\\\/eres-anarquista.png\",\"width\":266,\"height\":331},{\"@type\":\"BreadcrumbList\",\"@id\":\"https:\\\/\\\/zapateneo.net\\\/wordpress\\\/index.php\\\/producto\\\/eres-anarquista-la-respuesta-te-podria-sorprender\\\/#breadcrumb\",\"itemListElement\":[{\"@type\":\"ListItem\",\"position\":1,\"name\":\"Portada\",\"item\":\"https:\\\/\\\/zapateneo.net\\\/wordpress\\\/\"},{\"@type\":\"ListItem\",\"position\":2,\"name\":\"Tienda\",\"item\":\"https:\\\/\\\/zapateneo.net\\\/wordpress\\\/\"},{\"@type\":\"ListItem\",\"position\":3,\"name\":\"\u00bfEres anarquista? \u00a1La respuesta te podr\u00eda sorprender!\"}]},{\"@type\":\"WebSite\",\"@id\":\"https:\\\/\\\/zapateneo.net\\\/wordpress\\\/#website\",\"url\":\"https:\\\/\\\/zapateneo.net\\\/wordpress\\\/\",\"name\":\"Zapateneo\",\"description\":\"Zapateneoaren webgunea\",\"publisher\":{\"@id\":\"https:\\\/\\\/zapateneo.net\\\/wordpress\\\/#organization\"},\"potentialAction\":[{\"@type\":\"SearchAction\",\"target\":{\"@type\":\"EntryPoint\",\"urlTemplate\":\"https:\\\/\\\/zapateneo.net\\\/wordpress\\\/?s={search_term_string}\"},\"query-input\":{\"@type\":\"PropertyValueSpecification\",\"valueRequired\":true,\"valueName\":\"search_term_string\"}}],\"inLanguage\":\"es\"},{\"@type\":\"Organization\",\"@id\":\"https:\\\/\\\/zapateneo.net\\\/wordpress\\\/#organization\",\"name\":\"Zapateneo Kultur Elkartea\",\"url\":\"https:\\\/\\\/zapateneo.net\\\/wordpress\\\/\",\"logo\":{\"@type\":\"ImageObject\",\"inLanguage\":\"es\",\"@id\":\"https:\\\/\\\/zapateneo.net\\\/wordpress\\\/#\\\/schema\\\/logo\\\/image\\\/\",\"url\":\"https:\\\/\\\/zapateneo.net\\\/wordpress\\\/wp-content\\\/uploads\\\/2021\\\/04\\\/zap-libu-kolec.jpg\",\"contentUrl\":\"https:\\\/\\\/zapateneo.net\\\/wordpress\\\/wp-content\\\/uploads\\\/2021\\\/04\\\/zap-libu-kolec.jpg\",\"width\":2234,\"height\":398,\"caption\":\"Zapateneo Kultur Elkartea\"},\"image\":{\"@id\":\"https:\\\/\\\/zapateneo.net\\\/wordpress\\\/#\\\/schema\\\/logo\\\/image\\\/\"},\"sameAs\":[\"https:\\\/\\\/x.com\\\/zapateneo\"]}]}<\/script>\n<!-- \/ Yoast SEO plugin. -->","yoast_head_json":{"title":"\u00bfEres anarquista? \u00a1La respuesta te podr\u00eda sorprender! &#8212; Zapateneo","robots":{"index":"index","follow":"follow","max-snippet":"max-snippet:-1","max-image-preview":"max-image-preview:large","max-video-preview":"max-video-preview:-1"},"canonical":"https:\/\/zapateneo.net\/wordpress\/index.php\/producto\/eres-anarquista-la-respuesta-te-podria-sorprender\/","og_locale":"es_ES","og_type":"article","og_title":"\u00bfEres anarquista? \u00a1La respuesta te podr\u00eda sorprender! &#8212; Zapateneo","og_description":"David Graeber 202511230001 - Cal\u00famnia - 2025 - 16 p\u00e1ginas \/orri.","og_url":"https:\/\/zapateneo.net\/wordpress\/index.php\/producto\/eres-anarquista-la-respuesta-te-podria-sorprender\/","og_site_name":"Zapateneo","article_modified_time":"2025-11-23T18:37:09+00:00","twitter_card":"summary_large_image","twitter_site":"@zapateneo","twitter_misc":{"Tiempo de lectura":"1 minuto"},"schema":{"@context":"https:\/\/schema.org","@graph":[{"@type":"WebPage","@id":"https:\/\/zapateneo.net\/wordpress\/index.php\/producto\/eres-anarquista-la-respuesta-te-podria-sorprender\/","url":"https:\/\/zapateneo.net\/wordpress\/index.php\/producto\/eres-anarquista-la-respuesta-te-podria-sorprender\/","name":"\u00bfEres anarquista? \u00a1La respuesta te podr\u00eda sorprender! &#8212; Zapateneo","isPartOf":{"@id":"https:\/\/zapateneo.net\/wordpress\/#website"},"primaryImageOfPage":{"@id":"https:\/\/zapateneo.net\/wordpress\/index.php\/producto\/eres-anarquista-la-respuesta-te-podria-sorprender\/#primaryimage"},"image":{"@id":"https:\/\/zapateneo.net\/wordpress\/index.php\/producto\/eres-anarquista-la-respuesta-te-podria-sorprender\/#primaryimage"},"thumbnailUrl":"https:\/\/zapateneo.net\/wordpress\/wp-content\/uploads\/2025\/11\/eres-anarquista.png","datePublished":"2025-11-23T18:36:56+00:00","dateModified":"2025-11-23T18:37:09+00:00","breadcrumb":{"@id":"https:\/\/zapateneo.net\/wordpress\/index.php\/producto\/eres-anarquista-la-respuesta-te-podria-sorprender\/#breadcrumb"},"inLanguage":"es","potentialAction":[{"@type":"ReadAction","target":["https:\/\/zapateneo.net\/wordpress\/index.php\/producto\/eres-anarquista-la-respuesta-te-podria-sorprender\/"]}]},{"@type":"ImageObject","inLanguage":"es","@id":"https:\/\/zapateneo.net\/wordpress\/index.php\/producto\/eres-anarquista-la-respuesta-te-podria-sorprender\/#primaryimage","url":"https:\/\/zapateneo.net\/wordpress\/wp-content\/uploads\/2025\/11\/eres-anarquista.png","contentUrl":"https:\/\/zapateneo.net\/wordpress\/wp-content\/uploads\/2025\/11\/eres-anarquista.png","width":266,"height":331},{"@type":"BreadcrumbList","@id":"https:\/\/zapateneo.net\/wordpress\/index.php\/producto\/eres-anarquista-la-respuesta-te-podria-sorprender\/#breadcrumb","itemListElement":[{"@type":"ListItem","position":1,"name":"Portada","item":"https:\/\/zapateneo.net\/wordpress\/"},{"@type":"ListItem","position":2,"name":"Tienda","item":"https:\/\/zapateneo.net\/wordpress\/"},{"@type":"ListItem","position":3,"name":"\u00bfEres anarquista? \u00a1La respuesta te podr\u00eda sorprender!"}]},{"@type":"WebSite","@id":"https:\/\/zapateneo.net\/wordpress\/#website","url":"https:\/\/zapateneo.net\/wordpress\/","name":"Zapateneo","description":"Zapateneoaren webgunea","publisher":{"@id":"https:\/\/zapateneo.net\/wordpress\/#organization"},"potentialAction":[{"@type":"SearchAction","target":{"@type":"EntryPoint","urlTemplate":"https:\/\/zapateneo.net\/wordpress\/?s={search_term_string}"},"query-input":{"@type":"PropertyValueSpecification","valueRequired":true,"valueName":"search_term_string"}}],"inLanguage":"es"},{"@type":"Organization","@id":"https:\/\/zapateneo.net\/wordpress\/#organization","name":"Zapateneo Kultur Elkartea","url":"https:\/\/zapateneo.net\/wordpress\/","logo":{"@type":"ImageObject","inLanguage":"es","@id":"https:\/\/zapateneo.net\/wordpress\/#\/schema\/logo\/image\/","url":"https:\/\/zapateneo.net\/wordpress\/wp-content\/uploads\/2021\/04\/zap-libu-kolec.jpg","contentUrl":"https:\/\/zapateneo.net\/wordpress\/wp-content\/uploads\/2021\/04\/zap-libu-kolec.jpg","width":2234,"height":398,"caption":"Zapateneo Kultur Elkartea"},"image":{"@id":"https:\/\/zapateneo.net\/wordpress\/#\/schema\/logo\/image\/"},"sameAs":["https:\/\/x.com\/zapateneo"]}]}},"_links":{"self":[{"href":"https:\/\/zapateneo.net\/wordpress\/index.php\/wp-json\/wp\/v2\/product\/16251","targetHints":{"allow":["GET"]}}],"collection":[{"href":"https:\/\/zapateneo.net\/wordpress\/index.php\/wp-json\/wp\/v2\/product"}],"about":[{"href":"https:\/\/zapateneo.net\/wordpress\/index.php\/wp-json\/wp\/v2\/types\/product"}],"wp:featuredmedia":[{"embeddable":true,"href":"https:\/\/zapateneo.net\/wordpress\/index.php\/wp-json\/wp\/v2\/media\/16261"}],"wp:attachment":[{"href":"https:\/\/zapateneo.net\/wordpress\/index.php\/wp-json\/wp\/v2\/media?parent=16251"}],"wp:term":[{"taxonomy":"product_brand","embeddable":true,"href":"https:\/\/zapateneo.net\/wordpress\/index.php\/wp-json\/wp\/v2\/product_brand?post=16251"},{"taxonomy":"product_cat","embeddable":true,"href":"https:\/\/zapateneo.net\/wordpress\/index.php\/wp-json\/wp\/v2\/product_cat?post=16251"},{"taxonomy":"product_tag","embeddable":true,"href":"https:\/\/zapateneo.net\/wordpress\/index.php\/wp-json\/wp\/v2\/product_tag?post=16251"}],"curies":[{"name":"wp","href":"https:\/\/api.w.org\/{rel}","templated":true}]}}