{"id":16232,"date":"2025-11-23T11:26:43","date_gmt":"2025-11-23T10:26:43","guid":{"rendered":"https:\/\/zapateneo.net\/wordpress\/?post_type=product&#038;p=16232"},"modified":"2025-11-23T11:26:55","modified_gmt":"2025-11-23T10:26:55","slug":"el-libro-de-las-olas-surfeando-en-los-mares-del-sur","status":"publish","type":"product","link":"https:\/\/zapateneo.net\/wordpress\/index.php\/producto\/el-libro-de-las-olas-surfeando-en-los-mares-del-sur\/","title":{"rendered":"El libro de las olas. Surfeando en los Mares del Sur"},"content":{"rendered":"<p>Existen libros bellos, singulares e insospechados. Y este es uno de ellos. En 1907, el legendario aventurero y escritor Jack London, mientras hac\u00eda escala en Haw\u00e1i durante su vuelta al mundo a bordo del Snark, qued\u00f3 completamente fascinado con la espectacular visi\u00f3n de los portentosos surfistas nativos que, a lomos de sus tablas, cabalgaban sobre olas gigantes. Para London, habituado al peligro, la rudeza y siempre dispuesto a ir en busca de aventuras, aquello era una prueba del triunfo del ser humano sobre las ind\u00f3mitas fuerzas de la naturaleza. Los surfistas eran dioses alados.<\/p>\n<p>Sin embargo, no solo los contempl\u00f3, sino que decidi\u00f3 unirse a ellos y aprendi\u00f3 a surfear. \u00ab\u00a1Hazlo! Qu\u00edtate la ropa que te sea un estorbo en este clima c\u00e1lido. Ve y lucha contra el mar; haz que tus pies vuelen con la habilidad y la fuerza que hay en ti; reta a las rompientes, dom\u00ednalas y cabalga sobre ellas como debe hacer un rey\u00bb, escribi\u00f3 emocionado en un prodigioso ensayo. Desde entonces, el \u00abLobo\u00bb, el primer angloamericano surfista, promovi\u00f3 el surf, hasta entonces un deporte pr\u00e1cticamente desconocido, logrando con su popularidad y el alcance de sus relatos inspirados en aquella experiencia que, unos a\u00f1os m\u00e1s tarde, las costas californianas se llenasen de tablas. Este es el origen del surf moderno: una alucinante mezcla de escritores, aventureros y amantes de la vida al l\u00edmite.<\/p>\n<p>El libro de las olas, en una preciosa edici\u00f3n a cargo de Servando Rocha, es una obra \u00fanica. Incluye ensayos, cartas, fotograf\u00edas o entradas del diario de London \u2013as\u00ed como el de su esposa Charmian London, que la acompa\u00f1\u00f3 en su odisea mar\u00edtima\u2013, convirti\u00e9ndose en un hermoso e ilustrado canto a la libertad para aquellos que poseen un coraz\u00f3n y alma salvajes.<\/p>\n","protected":false},"excerpt":{"rendered":"<p><strong>Jack London<\/strong><br \/>\n9788412932645 &#8211; La Felguera &#8211; 2025 &#8211; 196 p\u00e1ginas \/orri.<\/p>\n","protected":false},"featured_media":16242,"template":"","meta":[],"product_brand":[],"product_cat":[16,187],"product_tag":[3736,582],"class_list":{"0":"post-16232","1":"product","2":"type-product","3":"status-publish","4":"has-post-thumbnail","6":"product_cat-libros","7":"product_cat-narratiba-narrativa","8":"product_tag-jack-london","9":"product_tag-la-felguera","11":"first","12":"instock","13":"sold-individually","14":"shipping-taxable","15":"purchasable","16":"product-type-simple"},"yoast_head":"<!-- This site is optimized with the Yoast SEO plugin v27.3 - https:\/\/yoast.com\/product\/yoast-seo-wordpress\/ -->\n<title>El libro de las olas. Surfeando en los Mares del Sur &#8212; Zapateneo<\/title>\n<meta name=\"robots\" content=\"index, follow, max-snippet:-1, max-image-preview:large, max-video-preview:-1\" \/>\n<link rel=\"canonical\" href=\"https:\/\/zapateneo.net\/wordpress\/index.php\/producto\/el-libro-de-las-olas-surfeando-en-los-mares-del-sur\/\" \/>\n<meta property=\"og:locale\" content=\"es_ES\" \/>\n<meta property=\"og:type\" content=\"article\" \/>\n<meta property=\"og:title\" content=\"El libro de las olas. Surfeando en los Mares del Sur &#8212; Zapateneo\" \/>\n<meta property=\"og:description\" content=\"Jack London 9788412932645 - La Felguera - 2025 - 196 p\u00e1ginas \/orri.\" \/>\n<meta property=\"og:url\" content=\"https:\/\/zapateneo.net\/wordpress\/index.php\/producto\/el-libro-de-las-olas-surfeando-en-los-mares-del-sur\/\" \/>\n<meta property=\"og:site_name\" content=\"Zapateneo\" \/>\n<meta property=\"article:modified_time\" content=\"2025-11-23T10:26:55+00:00\" \/>\n<meta name=\"twitter:card\" content=\"summary_large_image\" \/>\n<meta name=\"twitter:site\" content=\"@zapateneo\" \/>\n<meta name=\"twitter:label1\" content=\"Tiempo de lectura\" \/>\n\t<meta name=\"twitter:data1\" content=\"2 minutos\" \/>\n<script type=\"application\/ld+json\" class=\"yoast-schema-graph\">{\"@context\":\"https:\\\/\\\/schema.org\",\"@graph\":[{\"@type\":\"WebPage\",\"@id\":\"https:\\\/\\\/zapateneo.net\\\/wordpress\\\/index.php\\\/producto\\\/el-libro-de-las-olas-surfeando-en-los-mares-del-sur\\\/\",\"url\":\"https:\\\/\\\/zapateneo.net\\\/wordpress\\\/index.php\\\/producto\\\/el-libro-de-las-olas-surfeando-en-los-mares-del-sur\\\/\",\"name\":\"El libro de las olas. Surfeando en los Mares del Sur &#8212; Zapateneo\",\"isPartOf\":{\"@id\":\"https:\\\/\\\/zapateneo.net\\\/wordpress\\\/#website\"},\"primaryImageOfPage\":{\"@id\":\"https:\\\/\\\/zapateneo.net\\\/wordpress\\\/index.php\\\/producto\\\/el-libro-de-las-olas-surfeando-en-los-mares-del-sur\\\/#primaryimage\"},\"image\":{\"@id\":\"https:\\\/\\\/zapateneo.net\\\/wordpress\\\/index.php\\\/producto\\\/el-libro-de-las-olas-surfeando-en-los-mares-del-sur\\\/#primaryimage\"},\"thumbnailUrl\":\"https:\\\/\\\/zapateneo.net\\\/wordpress\\\/wp-content\\\/uploads\\\/2025\\\/11\\\/el-libro-de-las-olas.jpg\",\"datePublished\":\"2025-11-23T10:26:43+00:00\",\"dateModified\":\"2025-11-23T10:26:55+00:00\",\"breadcrumb\":{\"@id\":\"https:\\\/\\\/zapateneo.net\\\/wordpress\\\/index.php\\\/producto\\\/el-libro-de-las-olas-surfeando-en-los-mares-del-sur\\\/#breadcrumb\"},\"inLanguage\":\"es\",\"potentialAction\":[{\"@type\":\"ReadAction\",\"target\":[\"https:\\\/\\\/zapateneo.net\\\/wordpress\\\/index.php\\\/producto\\\/el-libro-de-las-olas-surfeando-en-los-mares-del-sur\\\/\"]}]},{\"@type\":\"ImageObject\",\"inLanguage\":\"es\",\"@id\":\"https:\\\/\\\/zapateneo.net\\\/wordpress\\\/index.php\\\/producto\\\/el-libro-de-las-olas-surfeando-en-los-mares-del-sur\\\/#primaryimage\",\"url\":\"https:\\\/\\\/zapateneo.net\\\/wordpress\\\/wp-content\\\/uploads\\\/2025\\\/11\\\/el-libro-de-las-olas.jpg\",\"contentUrl\":\"https:\\\/\\\/zapateneo.net\\\/wordpress\\\/wp-content\\\/uploads\\\/2025\\\/11\\\/el-libro-de-las-olas.jpg\",\"width\":400,\"height\":400},{\"@type\":\"BreadcrumbList\",\"@id\":\"https:\\\/\\\/zapateneo.net\\\/wordpress\\\/index.php\\\/producto\\\/el-libro-de-las-olas-surfeando-en-los-mares-del-sur\\\/#breadcrumb\",\"itemListElement\":[{\"@type\":\"ListItem\",\"position\":1,\"name\":\"Portada\",\"item\":\"https:\\\/\\\/zapateneo.net\\\/wordpress\\\/\"},{\"@type\":\"ListItem\",\"position\":2,\"name\":\"Tienda\",\"item\":\"https:\\\/\\\/zapateneo.net\\\/wordpress\\\/\"},{\"@type\":\"ListItem\",\"position\":3,\"name\":\"El libro de las olas. Surfeando en los Mares del Sur\"}]},{\"@type\":\"WebSite\",\"@id\":\"https:\\\/\\\/zapateneo.net\\\/wordpress\\\/#website\",\"url\":\"https:\\\/\\\/zapateneo.net\\\/wordpress\\\/\",\"name\":\"Zapateneo\",\"description\":\"Zapateneoaren webgunea\",\"publisher\":{\"@id\":\"https:\\\/\\\/zapateneo.net\\\/wordpress\\\/#organization\"},\"potentialAction\":[{\"@type\":\"SearchAction\",\"target\":{\"@type\":\"EntryPoint\",\"urlTemplate\":\"https:\\\/\\\/zapateneo.net\\\/wordpress\\\/?s={search_term_string}\"},\"query-input\":{\"@type\":\"PropertyValueSpecification\",\"valueRequired\":true,\"valueName\":\"search_term_string\"}}],\"inLanguage\":\"es\"},{\"@type\":\"Organization\",\"@id\":\"https:\\\/\\\/zapateneo.net\\\/wordpress\\\/#organization\",\"name\":\"Zapateneo Kultur Elkartea\",\"url\":\"https:\\\/\\\/zapateneo.net\\\/wordpress\\\/\",\"logo\":{\"@type\":\"ImageObject\",\"inLanguage\":\"es\",\"@id\":\"https:\\\/\\\/zapateneo.net\\\/wordpress\\\/#\\\/schema\\\/logo\\\/image\\\/\",\"url\":\"https:\\\/\\\/zapateneo.net\\\/wordpress\\\/wp-content\\\/uploads\\\/2021\\\/04\\\/zap-libu-kolec.jpg\",\"contentUrl\":\"https:\\\/\\\/zapateneo.net\\\/wordpress\\\/wp-content\\\/uploads\\\/2021\\\/04\\\/zap-libu-kolec.jpg\",\"width\":2234,\"height\":398,\"caption\":\"Zapateneo Kultur Elkartea\"},\"image\":{\"@id\":\"https:\\\/\\\/zapateneo.net\\\/wordpress\\\/#\\\/schema\\\/logo\\\/image\\\/\"},\"sameAs\":[\"https:\\\/\\\/x.com\\\/zapateneo\"]}]}<\/script>\n<!-- \/ Yoast SEO plugin. -->","yoast_head_json":{"title":"El libro de las olas. Surfeando en los Mares del Sur &#8212; Zapateneo","robots":{"index":"index","follow":"follow","max-snippet":"max-snippet:-1","max-image-preview":"max-image-preview:large","max-video-preview":"max-video-preview:-1"},"canonical":"https:\/\/zapateneo.net\/wordpress\/index.php\/producto\/el-libro-de-las-olas-surfeando-en-los-mares-del-sur\/","og_locale":"es_ES","og_type":"article","og_title":"El libro de las olas. Surfeando en los Mares del Sur &#8212; Zapateneo","og_description":"Jack London 9788412932645 - La Felguera - 2025 - 196 p\u00e1ginas \/orri.","og_url":"https:\/\/zapateneo.net\/wordpress\/index.php\/producto\/el-libro-de-las-olas-surfeando-en-los-mares-del-sur\/","og_site_name":"Zapateneo","article_modified_time":"2025-11-23T10:26:55+00:00","twitter_card":"summary_large_image","twitter_site":"@zapateneo","twitter_misc":{"Tiempo de lectura":"2 minutos"},"schema":{"@context":"https:\/\/schema.org","@graph":[{"@type":"WebPage","@id":"https:\/\/zapateneo.net\/wordpress\/index.php\/producto\/el-libro-de-las-olas-surfeando-en-los-mares-del-sur\/","url":"https:\/\/zapateneo.net\/wordpress\/index.php\/producto\/el-libro-de-las-olas-surfeando-en-los-mares-del-sur\/","name":"El libro de las olas. Surfeando en los Mares del Sur &#8212; Zapateneo","isPartOf":{"@id":"https:\/\/zapateneo.net\/wordpress\/#website"},"primaryImageOfPage":{"@id":"https:\/\/zapateneo.net\/wordpress\/index.php\/producto\/el-libro-de-las-olas-surfeando-en-los-mares-del-sur\/#primaryimage"},"image":{"@id":"https:\/\/zapateneo.net\/wordpress\/index.php\/producto\/el-libro-de-las-olas-surfeando-en-los-mares-del-sur\/#primaryimage"},"thumbnailUrl":"https:\/\/zapateneo.net\/wordpress\/wp-content\/uploads\/2025\/11\/el-libro-de-las-olas.jpg","datePublished":"2025-11-23T10:26:43+00:00","dateModified":"2025-11-23T10:26:55+00:00","breadcrumb":{"@id":"https:\/\/zapateneo.net\/wordpress\/index.php\/producto\/el-libro-de-las-olas-surfeando-en-los-mares-del-sur\/#breadcrumb"},"inLanguage":"es","potentialAction":[{"@type":"ReadAction","target":["https:\/\/zapateneo.net\/wordpress\/index.php\/producto\/el-libro-de-las-olas-surfeando-en-los-mares-del-sur\/"]}]},{"@type":"ImageObject","inLanguage":"es","@id":"https:\/\/zapateneo.net\/wordpress\/index.php\/producto\/el-libro-de-las-olas-surfeando-en-los-mares-del-sur\/#primaryimage","url":"https:\/\/zapateneo.net\/wordpress\/wp-content\/uploads\/2025\/11\/el-libro-de-las-olas.jpg","contentUrl":"https:\/\/zapateneo.net\/wordpress\/wp-content\/uploads\/2025\/11\/el-libro-de-las-olas.jpg","width":400,"height":400},{"@type":"BreadcrumbList","@id":"https:\/\/zapateneo.net\/wordpress\/index.php\/producto\/el-libro-de-las-olas-surfeando-en-los-mares-del-sur\/#breadcrumb","itemListElement":[{"@type":"ListItem","position":1,"name":"Portada","item":"https:\/\/zapateneo.net\/wordpress\/"},{"@type":"ListItem","position":2,"name":"Tienda","item":"https:\/\/zapateneo.net\/wordpress\/"},{"@type":"ListItem","position":3,"name":"El libro de las olas. Surfeando en los Mares del Sur"}]},{"@type":"WebSite","@id":"https:\/\/zapateneo.net\/wordpress\/#website","url":"https:\/\/zapateneo.net\/wordpress\/","name":"Zapateneo","description":"Zapateneoaren webgunea","publisher":{"@id":"https:\/\/zapateneo.net\/wordpress\/#organization"},"potentialAction":[{"@type":"SearchAction","target":{"@type":"EntryPoint","urlTemplate":"https:\/\/zapateneo.net\/wordpress\/?s={search_term_string}"},"query-input":{"@type":"PropertyValueSpecification","valueRequired":true,"valueName":"search_term_string"}}],"inLanguage":"es"},{"@type":"Organization","@id":"https:\/\/zapateneo.net\/wordpress\/#organization","name":"Zapateneo Kultur Elkartea","url":"https:\/\/zapateneo.net\/wordpress\/","logo":{"@type":"ImageObject","inLanguage":"es","@id":"https:\/\/zapateneo.net\/wordpress\/#\/schema\/logo\/image\/","url":"https:\/\/zapateneo.net\/wordpress\/wp-content\/uploads\/2021\/04\/zap-libu-kolec.jpg","contentUrl":"https:\/\/zapateneo.net\/wordpress\/wp-content\/uploads\/2021\/04\/zap-libu-kolec.jpg","width":2234,"height":398,"caption":"Zapateneo Kultur Elkartea"},"image":{"@id":"https:\/\/zapateneo.net\/wordpress\/#\/schema\/logo\/image\/"},"sameAs":["https:\/\/x.com\/zapateneo"]}]}},"_links":{"self":[{"href":"https:\/\/zapateneo.net\/wordpress\/index.php\/wp-json\/wp\/v2\/product\/16232","targetHints":{"allow":["GET"]}}],"collection":[{"href":"https:\/\/zapateneo.net\/wordpress\/index.php\/wp-json\/wp\/v2\/product"}],"about":[{"href":"https:\/\/zapateneo.net\/wordpress\/index.php\/wp-json\/wp\/v2\/types\/product"}],"wp:featuredmedia":[{"embeddable":true,"href":"https:\/\/zapateneo.net\/wordpress\/index.php\/wp-json\/wp\/v2\/media\/16242"}],"wp:attachment":[{"href":"https:\/\/zapateneo.net\/wordpress\/index.php\/wp-json\/wp\/v2\/media?parent=16232"}],"wp:term":[{"taxonomy":"product_brand","embeddable":true,"href":"https:\/\/zapateneo.net\/wordpress\/index.php\/wp-json\/wp\/v2\/product_brand?post=16232"},{"taxonomy":"product_cat","embeddable":true,"href":"https:\/\/zapateneo.net\/wordpress\/index.php\/wp-json\/wp\/v2\/product_cat?post=16232"},{"taxonomy":"product_tag","embeddable":true,"href":"https:\/\/zapateneo.net\/wordpress\/index.php\/wp-json\/wp\/v2\/product_tag?post=16232"}],"curies":[{"name":"wp","href":"https:\/\/api.w.org\/{rel}","templated":true}]}}