{"id":16214,"date":"2025-11-22T17:15:00","date_gmt":"2025-11-22T16:15:00","guid":{"rendered":"https:\/\/zapateneo.net\/wordpress\/?post_type=product&#038;p=16214"},"modified":"2025-11-22T17:19:19","modified_gmt":"2025-11-22T16:19:19","slug":"la-sociedad-de-consumo-sus-mitos-sus-estructuras","status":"publish","type":"product","link":"https:\/\/zapateneo.net\/wordpress\/index.php\/producto\/la-sociedad-de-consumo-sus-mitos-sus-estructuras\/","title":{"rendered":"La sociedad de consumo. Sus mitos, sus estructuras"},"content":{"rendered":"<p>El libro de Jean Baudrillard, La sociedad de consumo, es una contribuci\u00f3n magistral a la sociolog\u00eda contempor\u00e1nea que, ciertamente, ya tiene su lugar en el linaje de obras tales como La divisi\u00f3n del trabajo de Durkheim, La teor\u00eda de la clase ociosa de Veblen o La muchedumbre solitaria de David Riesman.<\/p>\n<p>Baudrillard analiza las sociedades occidentales contempor\u00e1neas, incluida la de los Estados Unidos, y se concentra en el fen\u00f3meno del consumo de objetos, tema que ya abord\u00f3 en El sistema de los objetos. En la conclusi\u00f3n de ese volumen, ya formulaba el plan de la presente obra: \u00abHay que plantear claramente desde el comienzo que el consumo es un modo activo de relacionarse (no s\u00f3lo con los objetos, sino con la comunidad y con el mundo), un modo de actividad sistem\u00e1tica y de respuesta global en el cual se funda todo nuestro sistema cultural\u00bb.<\/p>\n<p>La sociedad de consumo, escrito en un estilo conciso, es un libro que las j\u00f3venes generaciones deber\u00edan estudiar cuidadosamente pues posiblemente les inculque la misi\u00f3n de quebrar este mundo monstruoso de la abundancia de objetos \u0097tan extraordinariamente sostenido por los medios de comunicaci\u00f3n de masas y, sobre todo, por la televisi\u00f3n\u0097, un mundo que nos amenaza a todos.<\/p>\n<p>La presente edici\u00f3n cuenta con un estudio introductorio de Luis Enrique Alonso, catedr\u00e1tico de Sociolog\u00eda en la Universidad Aut\u00f3noma de Madrid y coautor de varios libros que abordan tem\u00e1ticas relacionadas con la sociolog\u00eda del consumo.<\/p>\n","protected":false},"excerpt":{"rendered":"<p><strong>Jean Baudrillard<\/strong><br \/>\n9788432321368 &#8211; Siglo XXI &#8211; 2025 &#8211; 310 p\u00e1ginas \/orri.<\/p>\n","protected":false},"featured_media":16219,"template":"","meta":[],"product_brand":[],"product_cat":[16,173],"product_tag":[7235,423],"class_list":{"0":"post-16214","1":"product","2":"type-product","3":"status-publish","4":"has-post-thumbnail","6":"product_cat-libros","7":"product_cat-saiakera-ensayo","8":"product_tag-jean-baudrillard","9":"product_tag-siglo-xxi","11":"first","12":"instock","13":"sold-individually","14":"shipping-taxable","15":"purchasable","16":"product-type-simple"},"yoast_head":"<!-- This site is optimized with the Yoast SEO plugin v27.3 - https:\/\/yoast.com\/product\/yoast-seo-wordpress\/ -->\n<title>La sociedad de consumo. Sus mitos, sus estructuras &#8212; Zapateneo<\/title>\n<meta name=\"robots\" content=\"index, follow, max-snippet:-1, max-image-preview:large, max-video-preview:-1\" \/>\n<link rel=\"canonical\" href=\"https:\/\/zapateneo.net\/wordpress\/index.php\/producto\/la-sociedad-de-consumo-sus-mitos-sus-estructuras\/\" \/>\n<meta property=\"og:locale\" content=\"es_ES\" \/>\n<meta property=\"og:type\" content=\"article\" \/>\n<meta property=\"og:title\" content=\"La sociedad de consumo. Sus mitos, sus estructuras &#8212; Zapateneo\" \/>\n<meta property=\"og:description\" content=\"Jean Baudrillard 9788432321368 - Siglo XXI - 2025 - 310 p\u00e1ginas \/orri.\" \/>\n<meta property=\"og:url\" content=\"https:\/\/zapateneo.net\/wordpress\/index.php\/producto\/la-sociedad-de-consumo-sus-mitos-sus-estructuras\/\" \/>\n<meta property=\"og:site_name\" content=\"Zapateneo\" \/>\n<meta property=\"article:modified_time\" content=\"2025-11-22T16:19:19+00:00\" \/>\n<meta property=\"og:image\" content=\"https:\/\/gestion.zapateneo.net\/thumbs\/9788432321368.jpeg\" \/>\n<meta name=\"twitter:card\" content=\"summary_large_image\" \/>\n<meta name=\"twitter:image\" content=\"https:\/\/gestion.zapateneo.net\/thumbs\/9788432321368.jpeg\" \/>\n<meta name=\"twitter:site\" content=\"@zapateneo\" \/>\n<meta name=\"twitter:label1\" content=\"Tiempo de lectura\" \/>\n\t<meta name=\"twitter:data1\" content=\"1 minuto\" \/>\n<script type=\"application\/ld+json\" class=\"yoast-schema-graph\">{\"@context\":\"https:\\\/\\\/schema.org\",\"@graph\":[{\"@type\":\"WebPage\",\"@id\":\"https:\\\/\\\/zapateneo.net\\\/wordpress\\\/index.php\\\/producto\\\/la-sociedad-de-consumo-sus-mitos-sus-estructuras\\\/\",\"url\":\"https:\\\/\\\/zapateneo.net\\\/wordpress\\\/index.php\\\/producto\\\/la-sociedad-de-consumo-sus-mitos-sus-estructuras\\\/\",\"name\":\"La sociedad de consumo. Sus mitos, sus estructuras &#8212; Zapateneo\",\"isPartOf\":{\"@id\":\"https:\\\/\\\/zapateneo.net\\\/wordpress\\\/#website\"},\"primaryImageOfPage\":{\"@id\":\"https:\\\/\\\/zapateneo.net\\\/wordpress\\\/index.php\\\/producto\\\/la-sociedad-de-consumo-sus-mitos-sus-estructuras\\\/#primaryimage\"},\"image\":{\"@id\":\"https:\\\/\\\/zapateneo.net\\\/wordpress\\\/index.php\\\/producto\\\/la-sociedad-de-consumo-sus-mitos-sus-estructuras\\\/#primaryimage\"},\"thumbnailUrl\":\"https:\\\/\\\/gestion.zapateneo.net\\\/thumbs\\\/9788432321368.jpeg\",\"datePublished\":\"2025-11-22T16:15:00+00:00\",\"dateModified\":\"2025-11-22T16:19:19+00:00\",\"breadcrumb\":{\"@id\":\"https:\\\/\\\/zapateneo.net\\\/wordpress\\\/index.php\\\/producto\\\/la-sociedad-de-consumo-sus-mitos-sus-estructuras\\\/#breadcrumb\"},\"inLanguage\":\"es\",\"potentialAction\":[{\"@type\":\"ReadAction\",\"target\":[\"https:\\\/\\\/zapateneo.net\\\/wordpress\\\/index.php\\\/producto\\\/la-sociedad-de-consumo-sus-mitos-sus-estructuras\\\/\"]}]},{\"@type\":\"ImageObject\",\"inLanguage\":\"es\",\"@id\":\"https:\\\/\\\/zapateneo.net\\\/wordpress\\\/index.php\\\/producto\\\/la-sociedad-de-consumo-sus-mitos-sus-estructuras\\\/#primaryimage\",\"url\":\"https:\\\/\\\/gestion.zapateneo.net\\\/thumbs\\\/9788432321368.jpeg\",\"contentUrl\":\"https:\\\/\\\/gestion.zapateneo.net\\\/thumbs\\\/9788432321368.jpeg\",\"width\":\"100\",\"height\":\"100\"},{\"@type\":\"BreadcrumbList\",\"@id\":\"https:\\\/\\\/zapateneo.net\\\/wordpress\\\/index.php\\\/producto\\\/la-sociedad-de-consumo-sus-mitos-sus-estructuras\\\/#breadcrumb\",\"itemListElement\":[{\"@type\":\"ListItem\",\"position\":1,\"name\":\"Portada\",\"item\":\"https:\\\/\\\/zapateneo.net\\\/wordpress\\\/\"},{\"@type\":\"ListItem\",\"position\":2,\"name\":\"Tienda\",\"item\":\"https:\\\/\\\/zapateneo.net\\\/wordpress\\\/\"},{\"@type\":\"ListItem\",\"position\":3,\"name\":\"La sociedad de consumo. Sus mitos, sus estructuras\"}]},{\"@type\":\"WebSite\",\"@id\":\"https:\\\/\\\/zapateneo.net\\\/wordpress\\\/#website\",\"url\":\"https:\\\/\\\/zapateneo.net\\\/wordpress\\\/\",\"name\":\"Zapateneo\",\"description\":\"Zapateneoaren webgunea\",\"publisher\":{\"@id\":\"https:\\\/\\\/zapateneo.net\\\/wordpress\\\/#organization\"},\"potentialAction\":[{\"@type\":\"SearchAction\",\"target\":{\"@type\":\"EntryPoint\",\"urlTemplate\":\"https:\\\/\\\/zapateneo.net\\\/wordpress\\\/?s={search_term_string}\"},\"query-input\":{\"@type\":\"PropertyValueSpecification\",\"valueRequired\":true,\"valueName\":\"search_term_string\"}}],\"inLanguage\":\"es\"},{\"@type\":\"Organization\",\"@id\":\"https:\\\/\\\/zapateneo.net\\\/wordpress\\\/#organization\",\"name\":\"Zapateneo Kultur Elkartea\",\"url\":\"https:\\\/\\\/zapateneo.net\\\/wordpress\\\/\",\"logo\":{\"@type\":\"ImageObject\",\"inLanguage\":\"es\",\"@id\":\"https:\\\/\\\/zapateneo.net\\\/wordpress\\\/#\\\/schema\\\/logo\\\/image\\\/\",\"url\":\"https:\\\/\\\/zapateneo.net\\\/wordpress\\\/wp-content\\\/uploads\\\/2021\\\/04\\\/zap-libu-kolec.jpg\",\"contentUrl\":\"https:\\\/\\\/zapateneo.net\\\/wordpress\\\/wp-content\\\/uploads\\\/2021\\\/04\\\/zap-libu-kolec.jpg\",\"width\":2234,\"height\":398,\"caption\":\"Zapateneo Kultur Elkartea\"},\"image\":{\"@id\":\"https:\\\/\\\/zapateneo.net\\\/wordpress\\\/#\\\/schema\\\/logo\\\/image\\\/\"},\"sameAs\":[\"https:\\\/\\\/x.com\\\/zapateneo\"]}]}<\/script>\n<!-- \/ Yoast SEO plugin. -->","yoast_head_json":{"title":"La sociedad de consumo. Sus mitos, sus estructuras &#8212; Zapateneo","robots":{"index":"index","follow":"follow","max-snippet":"max-snippet:-1","max-image-preview":"max-image-preview:large","max-video-preview":"max-video-preview:-1"},"canonical":"https:\/\/zapateneo.net\/wordpress\/index.php\/producto\/la-sociedad-de-consumo-sus-mitos-sus-estructuras\/","og_locale":"es_ES","og_type":"article","og_title":"La sociedad de consumo. Sus mitos, sus estructuras &#8212; Zapateneo","og_description":"Jean Baudrillard 9788432321368 - Siglo XXI - 2025 - 310 p\u00e1ginas \/orri.","og_url":"https:\/\/zapateneo.net\/wordpress\/index.php\/producto\/la-sociedad-de-consumo-sus-mitos-sus-estructuras\/","og_site_name":"Zapateneo","article_modified_time":"2025-11-22T16:19:19+00:00","og_image":[{"url":"https:\/\/gestion.zapateneo.net\/thumbs\/9788432321368.jpeg","type":"","width":"","height":""}],"twitter_card":"summary_large_image","twitter_image":"https:\/\/gestion.zapateneo.net\/thumbs\/9788432321368.jpeg","twitter_site":"@zapateneo","twitter_misc":{"Tiempo de lectura":"1 minuto"},"schema":{"@context":"https:\/\/schema.org","@graph":[{"@type":"WebPage","@id":"https:\/\/zapateneo.net\/wordpress\/index.php\/producto\/la-sociedad-de-consumo-sus-mitos-sus-estructuras\/","url":"https:\/\/zapateneo.net\/wordpress\/index.php\/producto\/la-sociedad-de-consumo-sus-mitos-sus-estructuras\/","name":"La sociedad de consumo. Sus mitos, sus estructuras &#8212; Zapateneo","isPartOf":{"@id":"https:\/\/zapateneo.net\/wordpress\/#website"},"primaryImageOfPage":{"@id":"https:\/\/zapateneo.net\/wordpress\/index.php\/producto\/la-sociedad-de-consumo-sus-mitos-sus-estructuras\/#primaryimage"},"image":{"@id":"https:\/\/zapateneo.net\/wordpress\/index.php\/producto\/la-sociedad-de-consumo-sus-mitos-sus-estructuras\/#primaryimage"},"thumbnailUrl":"https:\/\/gestion.zapateneo.net\/thumbs\/9788432321368.jpeg","datePublished":"2025-11-22T16:15:00+00:00","dateModified":"2025-11-22T16:19:19+00:00","breadcrumb":{"@id":"https:\/\/zapateneo.net\/wordpress\/index.php\/producto\/la-sociedad-de-consumo-sus-mitos-sus-estructuras\/#breadcrumb"},"inLanguage":"es","potentialAction":[{"@type":"ReadAction","target":["https:\/\/zapateneo.net\/wordpress\/index.php\/producto\/la-sociedad-de-consumo-sus-mitos-sus-estructuras\/"]}]},{"@type":"ImageObject","inLanguage":"es","@id":"https:\/\/zapateneo.net\/wordpress\/index.php\/producto\/la-sociedad-de-consumo-sus-mitos-sus-estructuras\/#primaryimage","url":"https:\/\/gestion.zapateneo.net\/thumbs\/9788432321368.jpeg","contentUrl":"https:\/\/gestion.zapateneo.net\/thumbs\/9788432321368.jpeg","width":"100","height":"100"},{"@type":"BreadcrumbList","@id":"https:\/\/zapateneo.net\/wordpress\/index.php\/producto\/la-sociedad-de-consumo-sus-mitos-sus-estructuras\/#breadcrumb","itemListElement":[{"@type":"ListItem","position":1,"name":"Portada","item":"https:\/\/zapateneo.net\/wordpress\/"},{"@type":"ListItem","position":2,"name":"Tienda","item":"https:\/\/zapateneo.net\/wordpress\/"},{"@type":"ListItem","position":3,"name":"La sociedad de consumo. Sus mitos, sus estructuras"}]},{"@type":"WebSite","@id":"https:\/\/zapateneo.net\/wordpress\/#website","url":"https:\/\/zapateneo.net\/wordpress\/","name":"Zapateneo","description":"Zapateneoaren webgunea","publisher":{"@id":"https:\/\/zapateneo.net\/wordpress\/#organization"},"potentialAction":[{"@type":"SearchAction","target":{"@type":"EntryPoint","urlTemplate":"https:\/\/zapateneo.net\/wordpress\/?s={search_term_string}"},"query-input":{"@type":"PropertyValueSpecification","valueRequired":true,"valueName":"search_term_string"}}],"inLanguage":"es"},{"@type":"Organization","@id":"https:\/\/zapateneo.net\/wordpress\/#organization","name":"Zapateneo Kultur Elkartea","url":"https:\/\/zapateneo.net\/wordpress\/","logo":{"@type":"ImageObject","inLanguage":"es","@id":"https:\/\/zapateneo.net\/wordpress\/#\/schema\/logo\/image\/","url":"https:\/\/zapateneo.net\/wordpress\/wp-content\/uploads\/2021\/04\/zap-libu-kolec.jpg","contentUrl":"https:\/\/zapateneo.net\/wordpress\/wp-content\/uploads\/2021\/04\/zap-libu-kolec.jpg","width":2234,"height":398,"caption":"Zapateneo Kultur Elkartea"},"image":{"@id":"https:\/\/zapateneo.net\/wordpress\/#\/schema\/logo\/image\/"},"sameAs":["https:\/\/x.com\/zapateneo"]}]}},"_links":{"self":[{"href":"https:\/\/zapateneo.net\/wordpress\/index.php\/wp-json\/wp\/v2\/product\/16214","targetHints":{"allow":["GET"]}}],"collection":[{"href":"https:\/\/zapateneo.net\/wordpress\/index.php\/wp-json\/wp\/v2\/product"}],"about":[{"href":"https:\/\/zapateneo.net\/wordpress\/index.php\/wp-json\/wp\/v2\/types\/product"}],"wp:featuredmedia":[{"embeddable":true,"href":"https:\/\/zapateneo.net\/wordpress\/index.php\/wp-json\/wp\/v2\/media\/16219"}],"wp:attachment":[{"href":"https:\/\/zapateneo.net\/wordpress\/index.php\/wp-json\/wp\/v2\/media?parent=16214"}],"wp:term":[{"taxonomy":"product_brand","embeddable":true,"href":"https:\/\/zapateneo.net\/wordpress\/index.php\/wp-json\/wp\/v2\/product_brand?post=16214"},{"taxonomy":"product_cat","embeddable":true,"href":"https:\/\/zapateneo.net\/wordpress\/index.php\/wp-json\/wp\/v2\/product_cat?post=16214"},{"taxonomy":"product_tag","embeddable":true,"href":"https:\/\/zapateneo.net\/wordpress\/index.php\/wp-json\/wp\/v2\/product_tag?post=16214"}],"curies":[{"name":"wp","href":"https:\/\/api.w.org\/{rel}","templated":true}]}}