{"id":16207,"date":"2025-11-22T17:14:54","date_gmt":"2025-11-22T16:14:54","guid":{"rendered":"https:\/\/zapateneo.net\/wordpress\/?post_type=product&#038;p=16207"},"modified":"2025-11-22T17:27:35","modified_gmt":"2025-11-22T16:27:35","slug":"la-era-de-la-crueldad-el-discurso-politico-contra-la-politica","status":"publish","type":"product","link":"https:\/\/zapateneo.net\/wordpress\/index.php\/producto\/la-era-de-la-crueldad-el-discurso-politico-contra-la-politica\/","title":{"rendered":"La era de la crueldad. El discurso pol\u00edtico contra la pol\u00edtica"},"content":{"rendered":"<p>El discurso p\u00fablico cada vez est\u00e1 m\u00e1s polarizado, fragmentado y en constante disputa. Este ensayo construye un panorama de los discursos pol\u00edticos contempor\u00e1neos para desmitificar sus significaciones arraigadas en lo que se llama sentido com\u00fan, para repensar las nuevas din\u00e1micas de la crueldad y de la ira volcadas a todo lenguaje, y reflexionar sobre la influencia de las redes sociales a la hora de hacer pol\u00edtica. En di\u00e1logo con fil\u00f3sofos, soci\u00f3logos y pensadores de las ciencias humanas, los autores enriquecen la narrativa pol\u00edtica con nuevas luces para ayudarnos a navegar por la multiplicidad de crisis de hoy en d\u00eda con menos desencanto y desilusi\u00f3n. En general, incorpora ejemplos claros y descripciones de figuras pol\u00edticas m\u00e1s pol\u00e9micas, como Donald Trump, Javier Milei, Mauricio Macri, Emmanuel Macron, Pedro S\u00e1nchez, Alberto N\u00fa\u00f1ez Feij\u00f3o, entre otros, y sus discursos para dar cuerpo a sus propuestas te\u00f3ricas. Asimismo, es un diagn\u00f3stico de las narrativas pol\u00edticas actuales, atravesadas por la crueldad y lo extremo, y una propuesta a otra forma de hacer pol\u00edtica.<\/p>\n<p>\u00abEn un mundo arrasado por el ruido y los discursos polarizados, transformar eficazmente el lenguaje de la pol\u00edtica tradicional es imprescindible para la cohesi\u00f3n social y la vida democr\u00e1tica. El libro es un alegato a favor del relato pol\u00edtico y de la necesidad de construir narrativas de cohesi\u00f3n social en tiempos de odio, polarizaci\u00f3n extrema y ansiedad colectiva\u00bb.<\/p>\n<p>\u00abLa degradaci\u00f3n del lenguaje pol\u00edtico, donde lo breve, r\u00e1pido y simple se impone, es sin lugar a duda un s\u00edntoma de esta \u00e9poca. [\u2026] Gritos, insultos, fake news. Instantaneidad e inmediatez. Todo ello encuentra un aliado perfecto, propio de esta \u00e9poca: la aceleraci\u00f3n y reducci\u00f3n de lo complejo. La lucha por la atenci\u00f3n pasa al primer plano, casi como \u00fanico objetivo\u00bb.<\/p>\n","protected":false},"excerpt":{"rendered":"<p><strong>Fernando Pittaro, Mart\u00edn Szulman<\/strong><br \/>\n9788432321566 &#8211; Siglo XXI &#8211; 2025 &#8211; 200 p\u00e1ginas \/orri.<\/p>\n","protected":false},"featured_media":16216,"template":"","meta":[],"product_brand":[],"product_cat":[16,173],"product_tag":[7231,7232,423],"class_list":{"0":"post-16207","1":"product","2":"type-product","3":"status-publish","4":"has-post-thumbnail","6":"product_cat-libros","7":"product_cat-saiakera-ensayo","8":"product_tag-fernando-pittaro","9":"product_tag-martin-szulman","10":"product_tag-siglo-xxi","12":"first","13":"instock","14":"sold-individually","15":"shipping-taxable","16":"purchasable","17":"product-type-simple"},"yoast_head":"<!-- This site is optimized with the Yoast SEO plugin v27.3 - https:\/\/yoast.com\/product\/yoast-seo-wordpress\/ -->\n<title>La era de la crueldad. El discurso pol\u00edtico contra la pol\u00edtica &#8212; Zapateneo<\/title>\n<meta name=\"robots\" content=\"index, follow, max-snippet:-1, max-image-preview:large, max-video-preview:-1\" \/>\n<link rel=\"canonical\" href=\"https:\/\/zapateneo.net\/wordpress\/index.php\/producto\/la-era-de-la-crueldad-el-discurso-politico-contra-la-politica\/\" \/>\n<meta property=\"og:locale\" content=\"es_ES\" \/>\n<meta property=\"og:type\" content=\"article\" \/>\n<meta property=\"og:title\" content=\"La era de la crueldad. El discurso pol\u00edtico contra la pol\u00edtica &#8212; Zapateneo\" \/>\n<meta property=\"og:description\" content=\"Fernando Pittaro, Mart\u00edn Szulman 9788432321566 - Siglo XXI - 2025 - 200 p\u00e1ginas \/orri.\" \/>\n<meta property=\"og:url\" content=\"https:\/\/zapateneo.net\/wordpress\/index.php\/producto\/la-era-de-la-crueldad-el-discurso-politico-contra-la-politica\/\" \/>\n<meta property=\"og:site_name\" content=\"Zapateneo\" \/>\n<meta property=\"article:modified_time\" content=\"2025-11-22T16:27:35+00:00\" \/>\n<meta property=\"og:image\" content=\"https:\/\/zapateneo.net\/wordpress\/wp-content\/uploads\/2025\/11\/9788432321566.jpg\" \/>\n\t<meta property=\"og:image:width\" content=\"552\" \/>\n\t<meta property=\"og:image:height\" content=\"827\" \/>\n\t<meta property=\"og:image:type\" content=\"image\/jpeg\" \/>\n<meta name=\"twitter:card\" content=\"summary_large_image\" \/>\n<meta name=\"twitter:site\" content=\"@zapateneo\" \/>\n<meta name=\"twitter:label1\" content=\"Tiempo de lectura\" \/>\n\t<meta name=\"twitter:data1\" content=\"2 minutos\" \/>\n<script type=\"application\/ld+json\" class=\"yoast-schema-graph\">{\"@context\":\"https:\\\/\\\/schema.org\",\"@graph\":[{\"@type\":\"WebPage\",\"@id\":\"https:\\\/\\\/zapateneo.net\\\/wordpress\\\/index.php\\\/producto\\\/la-era-de-la-crueldad-el-discurso-politico-contra-la-politica\\\/\",\"url\":\"https:\\\/\\\/zapateneo.net\\\/wordpress\\\/index.php\\\/producto\\\/la-era-de-la-crueldad-el-discurso-politico-contra-la-politica\\\/\",\"name\":\"La era de la crueldad. El discurso pol\u00edtico contra la pol\u00edtica &#8212; Zapateneo\",\"isPartOf\":{\"@id\":\"https:\\\/\\\/zapateneo.net\\\/wordpress\\\/#website\"},\"primaryImageOfPage\":{\"@id\":\"https:\\\/\\\/zapateneo.net\\\/wordpress\\\/index.php\\\/producto\\\/la-era-de-la-crueldad-el-discurso-politico-contra-la-politica\\\/#primaryimage\"},\"image\":{\"@id\":\"https:\\\/\\\/zapateneo.net\\\/wordpress\\\/index.php\\\/producto\\\/la-era-de-la-crueldad-el-discurso-politico-contra-la-politica\\\/#primaryimage\"},\"thumbnailUrl\":\"https:\\\/\\\/zapateneo.net\\\/wordpress\\\/wp-content\\\/uploads\\\/2025\\\/11\\\/9788432321566.jpg\",\"datePublished\":\"2025-11-22T16:14:54+00:00\",\"dateModified\":\"2025-11-22T16:27:35+00:00\",\"breadcrumb\":{\"@id\":\"https:\\\/\\\/zapateneo.net\\\/wordpress\\\/index.php\\\/producto\\\/la-era-de-la-crueldad-el-discurso-politico-contra-la-politica\\\/#breadcrumb\"},\"inLanguage\":\"es\",\"potentialAction\":[{\"@type\":\"ReadAction\",\"target\":[\"https:\\\/\\\/zapateneo.net\\\/wordpress\\\/index.php\\\/producto\\\/la-era-de-la-crueldad-el-discurso-politico-contra-la-politica\\\/\"]}]},{\"@type\":\"ImageObject\",\"inLanguage\":\"es\",\"@id\":\"https:\\\/\\\/zapateneo.net\\\/wordpress\\\/index.php\\\/producto\\\/la-era-de-la-crueldad-el-discurso-politico-contra-la-politica\\\/#primaryimage\",\"url\":\"https:\\\/\\\/zapateneo.net\\\/wordpress\\\/wp-content\\\/uploads\\\/2025\\\/11\\\/9788432321566.jpg\",\"contentUrl\":\"https:\\\/\\\/zapateneo.net\\\/wordpress\\\/wp-content\\\/uploads\\\/2025\\\/11\\\/9788432321566.jpg\",\"width\":552,\"height\":827},{\"@type\":\"BreadcrumbList\",\"@id\":\"https:\\\/\\\/zapateneo.net\\\/wordpress\\\/index.php\\\/producto\\\/la-era-de-la-crueldad-el-discurso-politico-contra-la-politica\\\/#breadcrumb\",\"itemListElement\":[{\"@type\":\"ListItem\",\"position\":1,\"name\":\"Portada\",\"item\":\"https:\\\/\\\/zapateneo.net\\\/wordpress\\\/\"},{\"@type\":\"ListItem\",\"position\":2,\"name\":\"Tienda\",\"item\":\"https:\\\/\\\/zapateneo.net\\\/wordpress\\\/\"},{\"@type\":\"ListItem\",\"position\":3,\"name\":\"La era de la crueldad. El discurso pol\u00edtico contra la pol\u00edtica\"}]},{\"@type\":\"WebSite\",\"@id\":\"https:\\\/\\\/zapateneo.net\\\/wordpress\\\/#website\",\"url\":\"https:\\\/\\\/zapateneo.net\\\/wordpress\\\/\",\"name\":\"Zapateneo\",\"description\":\"Zapateneoaren webgunea\",\"publisher\":{\"@id\":\"https:\\\/\\\/zapateneo.net\\\/wordpress\\\/#organization\"},\"potentialAction\":[{\"@type\":\"SearchAction\",\"target\":{\"@type\":\"EntryPoint\",\"urlTemplate\":\"https:\\\/\\\/zapateneo.net\\\/wordpress\\\/?s={search_term_string}\"},\"query-input\":{\"@type\":\"PropertyValueSpecification\",\"valueRequired\":true,\"valueName\":\"search_term_string\"}}],\"inLanguage\":\"es\"},{\"@type\":\"Organization\",\"@id\":\"https:\\\/\\\/zapateneo.net\\\/wordpress\\\/#organization\",\"name\":\"Zapateneo Kultur Elkartea\",\"url\":\"https:\\\/\\\/zapateneo.net\\\/wordpress\\\/\",\"logo\":{\"@type\":\"ImageObject\",\"inLanguage\":\"es\",\"@id\":\"https:\\\/\\\/zapateneo.net\\\/wordpress\\\/#\\\/schema\\\/logo\\\/image\\\/\",\"url\":\"https:\\\/\\\/zapateneo.net\\\/wordpress\\\/wp-content\\\/uploads\\\/2021\\\/04\\\/zap-libu-kolec.jpg\",\"contentUrl\":\"https:\\\/\\\/zapateneo.net\\\/wordpress\\\/wp-content\\\/uploads\\\/2021\\\/04\\\/zap-libu-kolec.jpg\",\"width\":2234,\"height\":398,\"caption\":\"Zapateneo Kultur Elkartea\"},\"image\":{\"@id\":\"https:\\\/\\\/zapateneo.net\\\/wordpress\\\/#\\\/schema\\\/logo\\\/image\\\/\"},\"sameAs\":[\"https:\\\/\\\/x.com\\\/zapateneo\"]}]}<\/script>\n<!-- \/ Yoast SEO plugin. -->","yoast_head_json":{"title":"La era de la crueldad. El discurso pol\u00edtico contra la pol\u00edtica &#8212; Zapateneo","robots":{"index":"index","follow":"follow","max-snippet":"max-snippet:-1","max-image-preview":"max-image-preview:large","max-video-preview":"max-video-preview:-1"},"canonical":"https:\/\/zapateneo.net\/wordpress\/index.php\/producto\/la-era-de-la-crueldad-el-discurso-politico-contra-la-politica\/","og_locale":"es_ES","og_type":"article","og_title":"La era de la crueldad. El discurso pol\u00edtico contra la pol\u00edtica &#8212; Zapateneo","og_description":"Fernando Pittaro, Mart\u00edn Szulman 9788432321566 - Siglo XXI - 2025 - 200 p\u00e1ginas \/orri.","og_url":"https:\/\/zapateneo.net\/wordpress\/index.php\/producto\/la-era-de-la-crueldad-el-discurso-politico-contra-la-politica\/","og_site_name":"Zapateneo","article_modified_time":"2025-11-22T16:27:35+00:00","og_image":[{"width":552,"height":827,"url":"https:\/\/zapateneo.net\/wordpress\/wp-content\/uploads\/2025\/11\/9788432321566.jpg","type":"image\/jpeg"}],"twitter_card":"summary_large_image","twitter_site":"@zapateneo","twitter_misc":{"Tiempo de lectura":"2 minutos"},"schema":{"@context":"https:\/\/schema.org","@graph":[{"@type":"WebPage","@id":"https:\/\/zapateneo.net\/wordpress\/index.php\/producto\/la-era-de-la-crueldad-el-discurso-politico-contra-la-politica\/","url":"https:\/\/zapateneo.net\/wordpress\/index.php\/producto\/la-era-de-la-crueldad-el-discurso-politico-contra-la-politica\/","name":"La era de la crueldad. El discurso pol\u00edtico contra la pol\u00edtica &#8212; Zapateneo","isPartOf":{"@id":"https:\/\/zapateneo.net\/wordpress\/#website"},"primaryImageOfPage":{"@id":"https:\/\/zapateneo.net\/wordpress\/index.php\/producto\/la-era-de-la-crueldad-el-discurso-politico-contra-la-politica\/#primaryimage"},"image":{"@id":"https:\/\/zapateneo.net\/wordpress\/index.php\/producto\/la-era-de-la-crueldad-el-discurso-politico-contra-la-politica\/#primaryimage"},"thumbnailUrl":"https:\/\/zapateneo.net\/wordpress\/wp-content\/uploads\/2025\/11\/9788432321566.jpg","datePublished":"2025-11-22T16:14:54+00:00","dateModified":"2025-11-22T16:27:35+00:00","breadcrumb":{"@id":"https:\/\/zapateneo.net\/wordpress\/index.php\/producto\/la-era-de-la-crueldad-el-discurso-politico-contra-la-politica\/#breadcrumb"},"inLanguage":"es","potentialAction":[{"@type":"ReadAction","target":["https:\/\/zapateneo.net\/wordpress\/index.php\/producto\/la-era-de-la-crueldad-el-discurso-politico-contra-la-politica\/"]}]},{"@type":"ImageObject","inLanguage":"es","@id":"https:\/\/zapateneo.net\/wordpress\/index.php\/producto\/la-era-de-la-crueldad-el-discurso-politico-contra-la-politica\/#primaryimage","url":"https:\/\/zapateneo.net\/wordpress\/wp-content\/uploads\/2025\/11\/9788432321566.jpg","contentUrl":"https:\/\/zapateneo.net\/wordpress\/wp-content\/uploads\/2025\/11\/9788432321566.jpg","width":552,"height":827},{"@type":"BreadcrumbList","@id":"https:\/\/zapateneo.net\/wordpress\/index.php\/producto\/la-era-de-la-crueldad-el-discurso-politico-contra-la-politica\/#breadcrumb","itemListElement":[{"@type":"ListItem","position":1,"name":"Portada","item":"https:\/\/zapateneo.net\/wordpress\/"},{"@type":"ListItem","position":2,"name":"Tienda","item":"https:\/\/zapateneo.net\/wordpress\/"},{"@type":"ListItem","position":3,"name":"La era de la crueldad. El discurso pol\u00edtico contra la pol\u00edtica"}]},{"@type":"WebSite","@id":"https:\/\/zapateneo.net\/wordpress\/#website","url":"https:\/\/zapateneo.net\/wordpress\/","name":"Zapateneo","description":"Zapateneoaren webgunea","publisher":{"@id":"https:\/\/zapateneo.net\/wordpress\/#organization"},"potentialAction":[{"@type":"SearchAction","target":{"@type":"EntryPoint","urlTemplate":"https:\/\/zapateneo.net\/wordpress\/?s={search_term_string}"},"query-input":{"@type":"PropertyValueSpecification","valueRequired":true,"valueName":"search_term_string"}}],"inLanguage":"es"},{"@type":"Organization","@id":"https:\/\/zapateneo.net\/wordpress\/#organization","name":"Zapateneo Kultur Elkartea","url":"https:\/\/zapateneo.net\/wordpress\/","logo":{"@type":"ImageObject","inLanguage":"es","@id":"https:\/\/zapateneo.net\/wordpress\/#\/schema\/logo\/image\/","url":"https:\/\/zapateneo.net\/wordpress\/wp-content\/uploads\/2021\/04\/zap-libu-kolec.jpg","contentUrl":"https:\/\/zapateneo.net\/wordpress\/wp-content\/uploads\/2021\/04\/zap-libu-kolec.jpg","width":2234,"height":398,"caption":"Zapateneo Kultur Elkartea"},"image":{"@id":"https:\/\/zapateneo.net\/wordpress\/#\/schema\/logo\/image\/"},"sameAs":["https:\/\/x.com\/zapateneo"]}]}},"_links":{"self":[{"href":"https:\/\/zapateneo.net\/wordpress\/index.php\/wp-json\/wp\/v2\/product\/16207","targetHints":{"allow":["GET"]}}],"collection":[{"href":"https:\/\/zapateneo.net\/wordpress\/index.php\/wp-json\/wp\/v2\/product"}],"about":[{"href":"https:\/\/zapateneo.net\/wordpress\/index.php\/wp-json\/wp\/v2\/types\/product"}],"wp:featuredmedia":[{"embeddable":true,"href":"https:\/\/zapateneo.net\/wordpress\/index.php\/wp-json\/wp\/v2\/media\/16216"}],"wp:attachment":[{"href":"https:\/\/zapateneo.net\/wordpress\/index.php\/wp-json\/wp\/v2\/media?parent=16207"}],"wp:term":[{"taxonomy":"product_brand","embeddable":true,"href":"https:\/\/zapateneo.net\/wordpress\/index.php\/wp-json\/wp\/v2\/product_brand?post=16207"},{"taxonomy":"product_cat","embeddable":true,"href":"https:\/\/zapateneo.net\/wordpress\/index.php\/wp-json\/wp\/v2\/product_cat?post=16207"},{"taxonomy":"product_tag","embeddable":true,"href":"https:\/\/zapateneo.net\/wordpress\/index.php\/wp-json\/wp\/v2\/product_tag?post=16207"}],"curies":[{"name":"wp","href":"https:\/\/api.w.org\/{rel}","templated":true}]}}