{"id":16206,"date":"2025-11-22T17:14:53","date_gmt":"2025-11-22T16:14:53","guid":{"rendered":"https:\/\/zapateneo.net\/wordpress\/?post_type=product&#038;p=16206"},"modified":"2025-11-22T17:28:18","modified_gmt":"2025-11-22T16:28:18","slug":"baterias-bombas-y-fronteras-el-cambio-climatico-y-la-extrema-derecha","status":"publish","type":"product","link":"https:\/\/zapateneo.net\/wordpress\/index.php\/producto\/baterias-bombas-y-fronteras-el-cambio-climatico-y-la-extrema-derecha\/","title":{"rendered":"Bater\u00edas, bombas y fronteras. El cambio clim\u00e1tico y la extrema derecha"},"content":{"rendered":"<p>La temperatura del planeta es cada vez m\u00e1s elevada, la crisis clim\u00e1tica ha dejado de ser una previsi\u00f3n para convertirse en una realidad y todo el espectro de la pol\u00edtica se ha visto obligado a repensar sus programas y sus horizontes. La parte izquierda de ese espectro reconoce desde hace tiempo el peligro de esta crisis y ha planteado soluciones para paliar sus efectos y adaptarse a ellos de manera justa. La extrema derecha ha seguido un camino muy distinto. Aun bebiendo de tradiciones que reflexionaban sobre la conservaci\u00f3n de la naturaleza -de modo reaccionario y racista-, es un espacio tan diverso que puede acoger tanto propuestas frontalmente negacionistas como otras que sugieren soluciones al cambio clim\u00e1tico, pero desde una perspectiva xen\u00f3foba. En este abanico de posibilidades, del aceleracionismo capitalista al ecofascismo paramilitar o la reacci\u00f3n f\u00f3sil, es posible encontrar los ingredientes violentos y conspiranoicos para una pol\u00edtica que ya no tiene por qu\u00e9 negar la crisis clim\u00e1tica, siempre y cuando ello implique seguridad relativa para unos grupos y pol\u00edticas de expolio, abandono y muerte para otros.<\/p>\n<p>En Bater\u00edas, bombas y fronteras, una introducci\u00f3n fundamental a las propuestas reaccionarias frente al cambio clim\u00e1tico, Sam Moore y Alex Roberts explican los elementos clave del ecologismo de extrema derecha, c\u00f3mo se han utilizado hist\u00f3ricamente estas reflexiones con objetivos autoritarios y excluyentes, y qu\u00e9 escenarios de futuro cabe esperar de \u00e9l. Hoy ya no solo tenemos que poner en marcha una transici\u00f3n que haga frente a la crisis clim\u00e1tica: tenemos que luchar para que esa transici\u00f3n no termine siendo ecofascista.<\/p>\n<p>\u00abUna lectura indispensable para cualquier persona preocupada por la pol\u00edtica en un mundo cada vez m\u00e1s caliente.\u00bb Andreas Malm<\/p>\n","protected":false},"excerpt":{"rendered":"<p><strong>Alex Roberts, Sam Moore<\/strong><br \/>\n9788412710793 &#8211; Levantafuego &#8211; 2025 &#8211; 228 p\u00e1ginas \/orri.<\/p>\n","protected":false},"featured_media":16215,"template":"","meta":[],"product_brand":[],"product_cat":[180,16],"product_tag":[7229,6975,7230],"class_list":{"0":"post-16206","1":"product","2":"type-product","3":"status-publish","4":"has-post-thumbnail","6":"product_cat-ekologia-ecologia","7":"product_cat-libros","8":"product_tag-alex-roberts","9":"product_tag-levantafuego","10":"product_tag-sam-moore","12":"first","13":"instock","14":"sold-individually","15":"shipping-taxable","16":"purchasable","17":"product-type-simple"},"yoast_head":"<!-- This site is optimized with the Yoast SEO plugin v27.3 - https:\/\/yoast.com\/product\/yoast-seo-wordpress\/ -->\n<title>Bater\u00edas, bombas y fronteras. El cambio clim\u00e1tico y la extrema derecha &#8212; Zapateneo<\/title>\n<meta name=\"robots\" content=\"index, follow, max-snippet:-1, max-image-preview:large, max-video-preview:-1\" \/>\n<link rel=\"canonical\" href=\"https:\/\/zapateneo.net\/wordpress\/index.php\/producto\/baterias-bombas-y-fronteras-el-cambio-climatico-y-la-extrema-derecha\/\" \/>\n<meta property=\"og:locale\" content=\"es_ES\" \/>\n<meta property=\"og:type\" content=\"article\" \/>\n<meta property=\"og:title\" content=\"Bater\u00edas, bombas y fronteras. El cambio clim\u00e1tico y la extrema derecha &#8212; Zapateneo\" \/>\n<meta property=\"og:description\" content=\"Alex Roberts, Sam Moore 9788412710793 - Levantafuego - 2025 - 228 p\u00e1ginas \/orri.\" \/>\n<meta property=\"og:url\" content=\"https:\/\/zapateneo.net\/wordpress\/index.php\/producto\/baterias-bombas-y-fronteras-el-cambio-climatico-y-la-extrema-derecha\/\" \/>\n<meta property=\"og:site_name\" content=\"Zapateneo\" \/>\n<meta property=\"article:modified_time\" content=\"2025-11-22T16:28:18+00:00\" \/>\n<meta property=\"og:image\" content=\"https:\/\/zapateneo.net\/wordpress\/wp-content\/uploads\/2025\/11\/9788412710793.jpg\" \/>\n\t<meta property=\"og:image:width\" content=\"180\" \/>\n\t<meta property=\"og:image:height\" content=\"280\" \/>\n\t<meta property=\"og:image:type\" content=\"image\/jpeg\" \/>\n<meta name=\"twitter:card\" content=\"summary_large_image\" \/>\n<meta name=\"twitter:site\" content=\"@zapateneo\" \/>\n<meta name=\"twitter:label1\" content=\"Tiempo de lectura\" \/>\n\t<meta name=\"twitter:data1\" content=\"1 minuto\" \/>\n<script type=\"application\/ld+json\" class=\"yoast-schema-graph\">{\"@context\":\"https:\\\/\\\/schema.org\",\"@graph\":[{\"@type\":\"WebPage\",\"@id\":\"https:\\\/\\\/zapateneo.net\\\/wordpress\\\/index.php\\\/producto\\\/baterias-bombas-y-fronteras-el-cambio-climatico-y-la-extrema-derecha\\\/\",\"url\":\"https:\\\/\\\/zapateneo.net\\\/wordpress\\\/index.php\\\/producto\\\/baterias-bombas-y-fronteras-el-cambio-climatico-y-la-extrema-derecha\\\/\",\"name\":\"Bater\u00edas, bombas y fronteras. El cambio clim\u00e1tico y la extrema derecha &#8212; Zapateneo\",\"isPartOf\":{\"@id\":\"https:\\\/\\\/zapateneo.net\\\/wordpress\\\/#website\"},\"primaryImageOfPage\":{\"@id\":\"https:\\\/\\\/zapateneo.net\\\/wordpress\\\/index.php\\\/producto\\\/baterias-bombas-y-fronteras-el-cambio-climatico-y-la-extrema-derecha\\\/#primaryimage\"},\"image\":{\"@id\":\"https:\\\/\\\/zapateneo.net\\\/wordpress\\\/index.php\\\/producto\\\/baterias-bombas-y-fronteras-el-cambio-climatico-y-la-extrema-derecha\\\/#primaryimage\"},\"thumbnailUrl\":\"https:\\\/\\\/zapateneo.net\\\/wordpress\\\/wp-content\\\/uploads\\\/2025\\\/11\\\/9788412710793.jpg\",\"datePublished\":\"2025-11-22T16:14:53+00:00\",\"dateModified\":\"2025-11-22T16:28:18+00:00\",\"breadcrumb\":{\"@id\":\"https:\\\/\\\/zapateneo.net\\\/wordpress\\\/index.php\\\/producto\\\/baterias-bombas-y-fronteras-el-cambio-climatico-y-la-extrema-derecha\\\/#breadcrumb\"},\"inLanguage\":\"es\",\"potentialAction\":[{\"@type\":\"ReadAction\",\"target\":[\"https:\\\/\\\/zapateneo.net\\\/wordpress\\\/index.php\\\/producto\\\/baterias-bombas-y-fronteras-el-cambio-climatico-y-la-extrema-derecha\\\/\"]}]},{\"@type\":\"ImageObject\",\"inLanguage\":\"es\",\"@id\":\"https:\\\/\\\/zapateneo.net\\\/wordpress\\\/index.php\\\/producto\\\/baterias-bombas-y-fronteras-el-cambio-climatico-y-la-extrema-derecha\\\/#primaryimage\",\"url\":\"https:\\\/\\\/zapateneo.net\\\/wordpress\\\/wp-content\\\/uploads\\\/2025\\\/11\\\/9788412710793.jpg\",\"contentUrl\":\"https:\\\/\\\/zapateneo.net\\\/wordpress\\\/wp-content\\\/uploads\\\/2025\\\/11\\\/9788412710793.jpg\",\"width\":180,\"height\":280},{\"@type\":\"BreadcrumbList\",\"@id\":\"https:\\\/\\\/zapateneo.net\\\/wordpress\\\/index.php\\\/producto\\\/baterias-bombas-y-fronteras-el-cambio-climatico-y-la-extrema-derecha\\\/#breadcrumb\",\"itemListElement\":[{\"@type\":\"ListItem\",\"position\":1,\"name\":\"Portada\",\"item\":\"https:\\\/\\\/zapateneo.net\\\/wordpress\\\/\"},{\"@type\":\"ListItem\",\"position\":2,\"name\":\"Tienda\",\"item\":\"https:\\\/\\\/zapateneo.net\\\/wordpress\\\/\"},{\"@type\":\"ListItem\",\"position\":3,\"name\":\"Bater\u00edas, bombas y fronteras. El cambio clim\u00e1tico y la extrema derecha\"}]},{\"@type\":\"WebSite\",\"@id\":\"https:\\\/\\\/zapateneo.net\\\/wordpress\\\/#website\",\"url\":\"https:\\\/\\\/zapateneo.net\\\/wordpress\\\/\",\"name\":\"Zapateneo\",\"description\":\"Zapateneoaren webgunea\",\"publisher\":{\"@id\":\"https:\\\/\\\/zapateneo.net\\\/wordpress\\\/#organization\"},\"potentialAction\":[{\"@type\":\"SearchAction\",\"target\":{\"@type\":\"EntryPoint\",\"urlTemplate\":\"https:\\\/\\\/zapateneo.net\\\/wordpress\\\/?s={search_term_string}\"},\"query-input\":{\"@type\":\"PropertyValueSpecification\",\"valueRequired\":true,\"valueName\":\"search_term_string\"}}],\"inLanguage\":\"es\"},{\"@type\":\"Organization\",\"@id\":\"https:\\\/\\\/zapateneo.net\\\/wordpress\\\/#organization\",\"name\":\"Zapateneo Kultur Elkartea\",\"url\":\"https:\\\/\\\/zapateneo.net\\\/wordpress\\\/\",\"logo\":{\"@type\":\"ImageObject\",\"inLanguage\":\"es\",\"@id\":\"https:\\\/\\\/zapateneo.net\\\/wordpress\\\/#\\\/schema\\\/logo\\\/image\\\/\",\"url\":\"https:\\\/\\\/zapateneo.net\\\/wordpress\\\/wp-content\\\/uploads\\\/2021\\\/04\\\/zap-libu-kolec.jpg\",\"contentUrl\":\"https:\\\/\\\/zapateneo.net\\\/wordpress\\\/wp-content\\\/uploads\\\/2021\\\/04\\\/zap-libu-kolec.jpg\",\"width\":2234,\"height\":398,\"caption\":\"Zapateneo Kultur Elkartea\"},\"image\":{\"@id\":\"https:\\\/\\\/zapateneo.net\\\/wordpress\\\/#\\\/schema\\\/logo\\\/image\\\/\"},\"sameAs\":[\"https:\\\/\\\/x.com\\\/zapateneo\"]}]}<\/script>\n<!-- \/ Yoast SEO plugin. -->","yoast_head_json":{"title":"Bater\u00edas, bombas y fronteras. El cambio clim\u00e1tico y la extrema derecha &#8212; Zapateneo","robots":{"index":"index","follow":"follow","max-snippet":"max-snippet:-1","max-image-preview":"max-image-preview:large","max-video-preview":"max-video-preview:-1"},"canonical":"https:\/\/zapateneo.net\/wordpress\/index.php\/producto\/baterias-bombas-y-fronteras-el-cambio-climatico-y-la-extrema-derecha\/","og_locale":"es_ES","og_type":"article","og_title":"Bater\u00edas, bombas y fronteras. El cambio clim\u00e1tico y la extrema derecha &#8212; Zapateneo","og_description":"Alex Roberts, Sam Moore 9788412710793 - Levantafuego - 2025 - 228 p\u00e1ginas \/orri.","og_url":"https:\/\/zapateneo.net\/wordpress\/index.php\/producto\/baterias-bombas-y-fronteras-el-cambio-climatico-y-la-extrema-derecha\/","og_site_name":"Zapateneo","article_modified_time":"2025-11-22T16:28:18+00:00","og_image":[{"width":180,"height":280,"url":"https:\/\/zapateneo.net\/wordpress\/wp-content\/uploads\/2025\/11\/9788412710793.jpg","type":"image\/jpeg"}],"twitter_card":"summary_large_image","twitter_site":"@zapateneo","twitter_misc":{"Tiempo de lectura":"1 minuto"},"schema":{"@context":"https:\/\/schema.org","@graph":[{"@type":"WebPage","@id":"https:\/\/zapateneo.net\/wordpress\/index.php\/producto\/baterias-bombas-y-fronteras-el-cambio-climatico-y-la-extrema-derecha\/","url":"https:\/\/zapateneo.net\/wordpress\/index.php\/producto\/baterias-bombas-y-fronteras-el-cambio-climatico-y-la-extrema-derecha\/","name":"Bater\u00edas, bombas y fronteras. El cambio clim\u00e1tico y la extrema derecha &#8212; Zapateneo","isPartOf":{"@id":"https:\/\/zapateneo.net\/wordpress\/#website"},"primaryImageOfPage":{"@id":"https:\/\/zapateneo.net\/wordpress\/index.php\/producto\/baterias-bombas-y-fronteras-el-cambio-climatico-y-la-extrema-derecha\/#primaryimage"},"image":{"@id":"https:\/\/zapateneo.net\/wordpress\/index.php\/producto\/baterias-bombas-y-fronteras-el-cambio-climatico-y-la-extrema-derecha\/#primaryimage"},"thumbnailUrl":"https:\/\/zapateneo.net\/wordpress\/wp-content\/uploads\/2025\/11\/9788412710793.jpg","datePublished":"2025-11-22T16:14:53+00:00","dateModified":"2025-11-22T16:28:18+00:00","breadcrumb":{"@id":"https:\/\/zapateneo.net\/wordpress\/index.php\/producto\/baterias-bombas-y-fronteras-el-cambio-climatico-y-la-extrema-derecha\/#breadcrumb"},"inLanguage":"es","potentialAction":[{"@type":"ReadAction","target":["https:\/\/zapateneo.net\/wordpress\/index.php\/producto\/baterias-bombas-y-fronteras-el-cambio-climatico-y-la-extrema-derecha\/"]}]},{"@type":"ImageObject","inLanguage":"es","@id":"https:\/\/zapateneo.net\/wordpress\/index.php\/producto\/baterias-bombas-y-fronteras-el-cambio-climatico-y-la-extrema-derecha\/#primaryimage","url":"https:\/\/zapateneo.net\/wordpress\/wp-content\/uploads\/2025\/11\/9788412710793.jpg","contentUrl":"https:\/\/zapateneo.net\/wordpress\/wp-content\/uploads\/2025\/11\/9788412710793.jpg","width":180,"height":280},{"@type":"BreadcrumbList","@id":"https:\/\/zapateneo.net\/wordpress\/index.php\/producto\/baterias-bombas-y-fronteras-el-cambio-climatico-y-la-extrema-derecha\/#breadcrumb","itemListElement":[{"@type":"ListItem","position":1,"name":"Portada","item":"https:\/\/zapateneo.net\/wordpress\/"},{"@type":"ListItem","position":2,"name":"Tienda","item":"https:\/\/zapateneo.net\/wordpress\/"},{"@type":"ListItem","position":3,"name":"Bater\u00edas, bombas y fronteras. El cambio clim\u00e1tico y la extrema derecha"}]},{"@type":"WebSite","@id":"https:\/\/zapateneo.net\/wordpress\/#website","url":"https:\/\/zapateneo.net\/wordpress\/","name":"Zapateneo","description":"Zapateneoaren webgunea","publisher":{"@id":"https:\/\/zapateneo.net\/wordpress\/#organization"},"potentialAction":[{"@type":"SearchAction","target":{"@type":"EntryPoint","urlTemplate":"https:\/\/zapateneo.net\/wordpress\/?s={search_term_string}"},"query-input":{"@type":"PropertyValueSpecification","valueRequired":true,"valueName":"search_term_string"}}],"inLanguage":"es"},{"@type":"Organization","@id":"https:\/\/zapateneo.net\/wordpress\/#organization","name":"Zapateneo Kultur Elkartea","url":"https:\/\/zapateneo.net\/wordpress\/","logo":{"@type":"ImageObject","inLanguage":"es","@id":"https:\/\/zapateneo.net\/wordpress\/#\/schema\/logo\/image\/","url":"https:\/\/zapateneo.net\/wordpress\/wp-content\/uploads\/2021\/04\/zap-libu-kolec.jpg","contentUrl":"https:\/\/zapateneo.net\/wordpress\/wp-content\/uploads\/2021\/04\/zap-libu-kolec.jpg","width":2234,"height":398,"caption":"Zapateneo Kultur Elkartea"},"image":{"@id":"https:\/\/zapateneo.net\/wordpress\/#\/schema\/logo\/image\/"},"sameAs":["https:\/\/x.com\/zapateneo"]}]}},"_links":{"self":[{"href":"https:\/\/zapateneo.net\/wordpress\/index.php\/wp-json\/wp\/v2\/product\/16206","targetHints":{"allow":["GET"]}}],"collection":[{"href":"https:\/\/zapateneo.net\/wordpress\/index.php\/wp-json\/wp\/v2\/product"}],"about":[{"href":"https:\/\/zapateneo.net\/wordpress\/index.php\/wp-json\/wp\/v2\/types\/product"}],"wp:featuredmedia":[{"embeddable":true,"href":"https:\/\/zapateneo.net\/wordpress\/index.php\/wp-json\/wp\/v2\/media\/16215"}],"wp:attachment":[{"href":"https:\/\/zapateneo.net\/wordpress\/index.php\/wp-json\/wp\/v2\/media?parent=16206"}],"wp:term":[{"taxonomy":"product_brand","embeddable":true,"href":"https:\/\/zapateneo.net\/wordpress\/index.php\/wp-json\/wp\/v2\/product_brand?post=16206"},{"taxonomy":"product_cat","embeddable":true,"href":"https:\/\/zapateneo.net\/wordpress\/index.php\/wp-json\/wp\/v2\/product_cat?post=16206"},{"taxonomy":"product_tag","embeddable":true,"href":"https:\/\/zapateneo.net\/wordpress\/index.php\/wp-json\/wp\/v2\/product_tag?post=16206"}],"curies":[{"name":"wp","href":"https:\/\/api.w.org\/{rel}","templated":true}]}}