{"id":16150,"date":"2025-11-22T11:18:17","date_gmt":"2025-11-22T10:18:17","guid":{"rendered":"https:\/\/zapateneo.net\/wordpress\/?post_type=product&#038;p=16150"},"modified":"2025-11-22T11:18:31","modified_gmt":"2025-11-22T10:18:31","slug":"contra-la-cancelacion-y-otros-suenos-de-justicia-transformativa","status":"publish","type":"product","link":"https:\/\/zapateneo.net\/wordpress\/index.php\/producto\/contra-la-cancelacion-y-otros-suenos-de-justicia-transformativa\/","title":{"rendered":"Contra la cancelaci\u00f3n. Y otros sue\u00f1os de justicia transformativa"},"content":{"rendered":"<p>La cultura de la cancelaci\u00f3n y el se\u00f1alamiento est\u00e1 a la orden del d\u00eda. Pensado originalmente como un mecanismo para la denuncia de las injusticias por parte de los m\u00e1s d\u00e9biles, este recurso t\u00e1ctico de los movimientos de resistencia se ha convertido en un frenes\u00ed que nos arrastra hacia el castigo y el punitivismo. \u00bfHemos ido demasiado lejos? \u00bfQu\u00e9 es \u00abdemasiado lejos\u00bb cuando hablamos de desequilibrios de poder y patrones violentos? \u00bfY qu\u00e9 sucede cuando los movimientos sociales dirigimos nuestra ira hacia adentro o hacia los dem\u00e1s?<\/p>\n<p>En este libro, adrienne maree brown replantea la discusi\u00f3n m\u00e1s all\u00e1 del impasse en el que nos encontramos. Explora la cuesti\u00f3n desde un punto de vista antirracista, queer y feminista que responde a preguntas urgentes como, \u00bfpara qu\u00e9 nos sirve esta pr\u00e1ctica? \u00bfPrefigura el tipo de mundo en el que queremos vivir? Y, si no es as\u00ed, \u00bfc\u00f3mo rendimos cuentas de nuestros actos y reparamos el da\u00f1o de manera que refl eje nuestros valores?<\/p>\n<p>Un libro que aboga por desterrar el punitivismo de nuestras pr\u00e1cticas, abrazar la justicia transformativa y la reparaci\u00f3n para fortalecer las luchas de liberaci\u00f3n.<\/p>\n","protected":false},"excerpt":{"rendered":"<p><strong>Adrienne Maree Brown<\/strong><br \/>\n9791387639228 &#8211; Bellaterra &#8211; 2025 &#8211; 140 p\u00e1ginas \/orri.<\/p>\n","protected":false},"featured_media":16162,"template":"","meta":[],"product_brand":[],"product_cat":[181,16],"product_tag":[7213,92],"class_list":{"0":"post-16150","1":"product","2":"type-product","3":"status-publish","4":"has-post-thumbnail","6":"product_cat-bazterketa-soziala-eta-errepresioa-exclusion-social-y-represion","7":"product_cat-libros","8":"product_tag-adrienne-maree-brown","9":"product_tag-bellaterra","11":"first","12":"instock","13":"sold-individually","14":"shipping-taxable","15":"purchasable","16":"product-type-simple"},"yoast_head":"<!-- This site is optimized with the Yoast SEO plugin v27.3 - https:\/\/yoast.com\/product\/yoast-seo-wordpress\/ -->\n<title>Contra la cancelaci\u00f3n. Y otros sue\u00f1os de justicia transformativa &#8212; Zapateneo<\/title>\n<meta name=\"robots\" content=\"index, follow, max-snippet:-1, max-image-preview:large, max-video-preview:-1\" \/>\n<link rel=\"canonical\" href=\"https:\/\/zapateneo.net\/wordpress\/index.php\/producto\/contra-la-cancelacion-y-otros-suenos-de-justicia-transformativa\/\" \/>\n<meta property=\"og:locale\" content=\"es_ES\" \/>\n<meta property=\"og:type\" content=\"article\" \/>\n<meta property=\"og:title\" content=\"Contra la cancelaci\u00f3n. Y otros sue\u00f1os de justicia transformativa &#8212; Zapateneo\" \/>\n<meta property=\"og:description\" content=\"Adrienne Maree Brown 9791387639228 - Bellaterra - 2025 - 140 p\u00e1ginas \/orri.\" \/>\n<meta property=\"og:url\" content=\"https:\/\/zapateneo.net\/wordpress\/index.php\/producto\/contra-la-cancelacion-y-otros-suenos-de-justicia-transformativa\/\" \/>\n<meta property=\"og:site_name\" content=\"Zapateneo\" \/>\n<meta property=\"article:modified_time\" content=\"2025-11-22T10:18:31+00:00\" \/>\n<meta name=\"twitter:card\" content=\"summary_large_image\" \/>\n<meta name=\"twitter:site\" content=\"@zapateneo\" \/>\n<meta name=\"twitter:label1\" content=\"Tiempo de lectura\" \/>\n\t<meta name=\"twitter:data1\" content=\"1 minuto\" \/>\n<script type=\"application\/ld+json\" class=\"yoast-schema-graph\">{\"@context\":\"https:\\\/\\\/schema.org\",\"@graph\":[{\"@type\":\"WebPage\",\"@id\":\"https:\\\/\\\/zapateneo.net\\\/wordpress\\\/index.php\\\/producto\\\/contra-la-cancelacion-y-otros-suenos-de-justicia-transformativa\\\/\",\"url\":\"https:\\\/\\\/zapateneo.net\\\/wordpress\\\/index.php\\\/producto\\\/contra-la-cancelacion-y-otros-suenos-de-justicia-transformativa\\\/\",\"name\":\"Contra la cancelaci\u00f3n. Y otros sue\u00f1os de justicia transformativa &#8212; Zapateneo\",\"isPartOf\":{\"@id\":\"https:\\\/\\\/zapateneo.net\\\/wordpress\\\/#website\"},\"primaryImageOfPage\":{\"@id\":\"https:\\\/\\\/zapateneo.net\\\/wordpress\\\/index.php\\\/producto\\\/contra-la-cancelacion-y-otros-suenos-de-justicia-transformativa\\\/#primaryimage\"},\"image\":{\"@id\":\"https:\\\/\\\/zapateneo.net\\\/wordpress\\\/index.php\\\/producto\\\/contra-la-cancelacion-y-otros-suenos-de-justicia-transformativa\\\/#primaryimage\"},\"thumbnailUrl\":\"https:\\\/\\\/zapateneo.net\\\/wordpress\\\/wp-content\\\/uploads\\\/2025\\\/11\\\/9791387639228.jpg\",\"datePublished\":\"2025-11-22T10:18:17+00:00\",\"dateModified\":\"2025-11-22T10:18:31+00:00\",\"breadcrumb\":{\"@id\":\"https:\\\/\\\/zapateneo.net\\\/wordpress\\\/index.php\\\/producto\\\/contra-la-cancelacion-y-otros-suenos-de-justicia-transformativa\\\/#breadcrumb\"},\"inLanguage\":\"es\",\"potentialAction\":[{\"@type\":\"ReadAction\",\"target\":[\"https:\\\/\\\/zapateneo.net\\\/wordpress\\\/index.php\\\/producto\\\/contra-la-cancelacion-y-otros-suenos-de-justicia-transformativa\\\/\"]}]},{\"@type\":\"ImageObject\",\"inLanguage\":\"es\",\"@id\":\"https:\\\/\\\/zapateneo.net\\\/wordpress\\\/index.php\\\/producto\\\/contra-la-cancelacion-y-otros-suenos-de-justicia-transformativa\\\/#primaryimage\",\"url\":\"https:\\\/\\\/zapateneo.net\\\/wordpress\\\/wp-content\\\/uploads\\\/2025\\\/11\\\/9791387639228.jpg\",\"contentUrl\":\"https:\\\/\\\/zapateneo.net\\\/wordpress\\\/wp-content\\\/uploads\\\/2025\\\/11\\\/9791387639228.jpg\",\"width\":190,\"height\":265},{\"@type\":\"BreadcrumbList\",\"@id\":\"https:\\\/\\\/zapateneo.net\\\/wordpress\\\/index.php\\\/producto\\\/contra-la-cancelacion-y-otros-suenos-de-justicia-transformativa\\\/#breadcrumb\",\"itemListElement\":[{\"@type\":\"ListItem\",\"position\":1,\"name\":\"Portada\",\"item\":\"https:\\\/\\\/zapateneo.net\\\/wordpress\\\/\"},{\"@type\":\"ListItem\",\"position\":2,\"name\":\"Tienda\",\"item\":\"https:\\\/\\\/zapateneo.net\\\/wordpress\\\/\"},{\"@type\":\"ListItem\",\"position\":3,\"name\":\"Contra la cancelaci\u00f3n. Y otros sue\u00f1os de justicia transformativa\"}]},{\"@type\":\"WebSite\",\"@id\":\"https:\\\/\\\/zapateneo.net\\\/wordpress\\\/#website\",\"url\":\"https:\\\/\\\/zapateneo.net\\\/wordpress\\\/\",\"name\":\"Zapateneo\",\"description\":\"Zapateneoaren webgunea\",\"publisher\":{\"@id\":\"https:\\\/\\\/zapateneo.net\\\/wordpress\\\/#organization\"},\"potentialAction\":[{\"@type\":\"SearchAction\",\"target\":{\"@type\":\"EntryPoint\",\"urlTemplate\":\"https:\\\/\\\/zapateneo.net\\\/wordpress\\\/?s={search_term_string}\"},\"query-input\":{\"@type\":\"PropertyValueSpecification\",\"valueRequired\":true,\"valueName\":\"search_term_string\"}}],\"inLanguage\":\"es\"},{\"@type\":\"Organization\",\"@id\":\"https:\\\/\\\/zapateneo.net\\\/wordpress\\\/#organization\",\"name\":\"Zapateneo Kultur Elkartea\",\"url\":\"https:\\\/\\\/zapateneo.net\\\/wordpress\\\/\",\"logo\":{\"@type\":\"ImageObject\",\"inLanguage\":\"es\",\"@id\":\"https:\\\/\\\/zapateneo.net\\\/wordpress\\\/#\\\/schema\\\/logo\\\/image\\\/\",\"url\":\"https:\\\/\\\/zapateneo.net\\\/wordpress\\\/wp-content\\\/uploads\\\/2021\\\/04\\\/zap-libu-kolec.jpg\",\"contentUrl\":\"https:\\\/\\\/zapateneo.net\\\/wordpress\\\/wp-content\\\/uploads\\\/2021\\\/04\\\/zap-libu-kolec.jpg\",\"width\":2234,\"height\":398,\"caption\":\"Zapateneo Kultur Elkartea\"},\"image\":{\"@id\":\"https:\\\/\\\/zapateneo.net\\\/wordpress\\\/#\\\/schema\\\/logo\\\/image\\\/\"},\"sameAs\":[\"https:\\\/\\\/x.com\\\/zapateneo\"]}]}<\/script>\n<!-- \/ Yoast SEO plugin. -->","yoast_head_json":{"title":"Contra la cancelaci\u00f3n. Y otros sue\u00f1os de justicia transformativa &#8212; Zapateneo","robots":{"index":"index","follow":"follow","max-snippet":"max-snippet:-1","max-image-preview":"max-image-preview:large","max-video-preview":"max-video-preview:-1"},"canonical":"https:\/\/zapateneo.net\/wordpress\/index.php\/producto\/contra-la-cancelacion-y-otros-suenos-de-justicia-transformativa\/","og_locale":"es_ES","og_type":"article","og_title":"Contra la cancelaci\u00f3n. Y otros sue\u00f1os de justicia transformativa &#8212; Zapateneo","og_description":"Adrienne Maree Brown 9791387639228 - Bellaterra - 2025 - 140 p\u00e1ginas \/orri.","og_url":"https:\/\/zapateneo.net\/wordpress\/index.php\/producto\/contra-la-cancelacion-y-otros-suenos-de-justicia-transformativa\/","og_site_name":"Zapateneo","article_modified_time":"2025-11-22T10:18:31+00:00","twitter_card":"summary_large_image","twitter_site":"@zapateneo","twitter_misc":{"Tiempo de lectura":"1 minuto"},"schema":{"@context":"https:\/\/schema.org","@graph":[{"@type":"WebPage","@id":"https:\/\/zapateneo.net\/wordpress\/index.php\/producto\/contra-la-cancelacion-y-otros-suenos-de-justicia-transformativa\/","url":"https:\/\/zapateneo.net\/wordpress\/index.php\/producto\/contra-la-cancelacion-y-otros-suenos-de-justicia-transformativa\/","name":"Contra la cancelaci\u00f3n. Y otros sue\u00f1os de justicia transformativa &#8212; Zapateneo","isPartOf":{"@id":"https:\/\/zapateneo.net\/wordpress\/#website"},"primaryImageOfPage":{"@id":"https:\/\/zapateneo.net\/wordpress\/index.php\/producto\/contra-la-cancelacion-y-otros-suenos-de-justicia-transformativa\/#primaryimage"},"image":{"@id":"https:\/\/zapateneo.net\/wordpress\/index.php\/producto\/contra-la-cancelacion-y-otros-suenos-de-justicia-transformativa\/#primaryimage"},"thumbnailUrl":"https:\/\/zapateneo.net\/wordpress\/wp-content\/uploads\/2025\/11\/9791387639228.jpg","datePublished":"2025-11-22T10:18:17+00:00","dateModified":"2025-11-22T10:18:31+00:00","breadcrumb":{"@id":"https:\/\/zapateneo.net\/wordpress\/index.php\/producto\/contra-la-cancelacion-y-otros-suenos-de-justicia-transformativa\/#breadcrumb"},"inLanguage":"es","potentialAction":[{"@type":"ReadAction","target":["https:\/\/zapateneo.net\/wordpress\/index.php\/producto\/contra-la-cancelacion-y-otros-suenos-de-justicia-transformativa\/"]}]},{"@type":"ImageObject","inLanguage":"es","@id":"https:\/\/zapateneo.net\/wordpress\/index.php\/producto\/contra-la-cancelacion-y-otros-suenos-de-justicia-transformativa\/#primaryimage","url":"https:\/\/zapateneo.net\/wordpress\/wp-content\/uploads\/2025\/11\/9791387639228.jpg","contentUrl":"https:\/\/zapateneo.net\/wordpress\/wp-content\/uploads\/2025\/11\/9791387639228.jpg","width":190,"height":265},{"@type":"BreadcrumbList","@id":"https:\/\/zapateneo.net\/wordpress\/index.php\/producto\/contra-la-cancelacion-y-otros-suenos-de-justicia-transformativa\/#breadcrumb","itemListElement":[{"@type":"ListItem","position":1,"name":"Portada","item":"https:\/\/zapateneo.net\/wordpress\/"},{"@type":"ListItem","position":2,"name":"Tienda","item":"https:\/\/zapateneo.net\/wordpress\/"},{"@type":"ListItem","position":3,"name":"Contra la cancelaci\u00f3n. Y otros sue\u00f1os de justicia transformativa"}]},{"@type":"WebSite","@id":"https:\/\/zapateneo.net\/wordpress\/#website","url":"https:\/\/zapateneo.net\/wordpress\/","name":"Zapateneo","description":"Zapateneoaren webgunea","publisher":{"@id":"https:\/\/zapateneo.net\/wordpress\/#organization"},"potentialAction":[{"@type":"SearchAction","target":{"@type":"EntryPoint","urlTemplate":"https:\/\/zapateneo.net\/wordpress\/?s={search_term_string}"},"query-input":{"@type":"PropertyValueSpecification","valueRequired":true,"valueName":"search_term_string"}}],"inLanguage":"es"},{"@type":"Organization","@id":"https:\/\/zapateneo.net\/wordpress\/#organization","name":"Zapateneo Kultur Elkartea","url":"https:\/\/zapateneo.net\/wordpress\/","logo":{"@type":"ImageObject","inLanguage":"es","@id":"https:\/\/zapateneo.net\/wordpress\/#\/schema\/logo\/image\/","url":"https:\/\/zapateneo.net\/wordpress\/wp-content\/uploads\/2021\/04\/zap-libu-kolec.jpg","contentUrl":"https:\/\/zapateneo.net\/wordpress\/wp-content\/uploads\/2021\/04\/zap-libu-kolec.jpg","width":2234,"height":398,"caption":"Zapateneo Kultur Elkartea"},"image":{"@id":"https:\/\/zapateneo.net\/wordpress\/#\/schema\/logo\/image\/"},"sameAs":["https:\/\/x.com\/zapateneo"]}]}},"_links":{"self":[{"href":"https:\/\/zapateneo.net\/wordpress\/index.php\/wp-json\/wp\/v2\/product\/16150","targetHints":{"allow":["GET"]}}],"collection":[{"href":"https:\/\/zapateneo.net\/wordpress\/index.php\/wp-json\/wp\/v2\/product"}],"about":[{"href":"https:\/\/zapateneo.net\/wordpress\/index.php\/wp-json\/wp\/v2\/types\/product"}],"wp:featuredmedia":[{"embeddable":true,"href":"https:\/\/zapateneo.net\/wordpress\/index.php\/wp-json\/wp\/v2\/media\/16162"}],"wp:attachment":[{"href":"https:\/\/zapateneo.net\/wordpress\/index.php\/wp-json\/wp\/v2\/media?parent=16150"}],"wp:term":[{"taxonomy":"product_brand","embeddable":true,"href":"https:\/\/zapateneo.net\/wordpress\/index.php\/wp-json\/wp\/v2\/product_brand?post=16150"},{"taxonomy":"product_cat","embeddable":true,"href":"https:\/\/zapateneo.net\/wordpress\/index.php\/wp-json\/wp\/v2\/product_cat?post=16150"},{"taxonomy":"product_tag","embeddable":true,"href":"https:\/\/zapateneo.net\/wordpress\/index.php\/wp-json\/wp\/v2\/product_tag?post=16150"}],"curies":[{"name":"wp","href":"https:\/\/api.w.org\/{rel}","templated":true}]}}