{"id":16149,"date":"2025-11-22T11:18:16","date_gmt":"2025-11-22T10:18:16","guid":{"rendered":"https:\/\/zapateneo.net\/wordpress\/?post_type=product&#038;p=16149"},"modified":"2025-11-22T11:18:30","modified_gmt":"2025-11-22T10:18:30","slug":"comunales-el-caso-de-los-pastores-trashumantes-de-las-sierras-de-andalucia-nororiental","status":"publish","type":"product","link":"https:\/\/zapateneo.net\/wordpress\/index.php\/producto\/comunales-el-caso-de-los-pastores-trashumantes-de-las-sierras-de-andalucia-nororiental\/","title":{"rendered":"Comunales. El caso de los pastores trashumantes de las sierras de Andalucia nororiental"},"content":{"rendered":"<p>Existe una creciente conciencia cient\u00edfica y pol\u00edtica de que la gesti\u00f3n comunitaria de los recursos naturales (comunales) es un r\u00e9gimen positivo para la conservaci\u00f3n medioambiental y el bienestar de las poblaciones locales, entre otras razones por su alta participaci\u00f3n. De hecho, los comunales cubren m\u00e1s de una quinta parte de la superficie terrestre y se superponen particularmente con \u00e1reas clave para la biodiversidad, sumideros estrat\u00e9gicos de carbono y otros dominios ambientalmente sensibles. Al mismo tiempo, los pastizales pueden cubrir m\u00e1s de la mitad de la superficie del planeta y el pastoreo tambi\u00e9n ha sido reconocido por valores clave similares. Sin embargo, hay a\u00fan poco conocimiento de campo, algo particularmente flagrante en Europa, donde en 2013 Eurostat determin\u00f3 que m\u00e1s del 7 % de su \u00c1rea Agr\u00edcola Utilizada son tierras comunales (m\u00e1s de 9 millones de hect\u00e1reas), siendo a\u00fan mayor en el Estado espa\u00f1ol. La \u00abrealidad invisible\u00bb de los comunales no puede ignorarse m\u00e1s.<\/p>\n<p>Para contribuir a llenar este vac\u00edo el presente libro describe, analiza y compara tres comunales pastoriles de monta\u00f1a en las sierras del nordeste andaluz (Castril, Santiago de la Espada y Pontones). Su principal objetivo es contribuir, a partir de datos emp\u00edricos (econ\u00f3micos, sociales, culturales, hist\u00f3ricos, pol\u00edticos, jur\u00eddicos y ambientales), a los debates actuales sobre las oportunidades y l\u00edmites de los comunales rurales, en el contexto contempor\u00e1neo de cambio global y de las necesarias transiciones ecol\u00f3gicas y democr\u00e1ticas.<\/p>\n","protected":false},"excerpt":{"rendered":"<p><strong>vvaa<\/strong><br \/>\n9791387639211 &#8211; Bellaterra &#8211; 2025 &#8211; 260 p\u00e1ginas \/orri.<\/p>\n","protected":false},"featured_media":16161,"template":"","meta":[],"product_brand":[],"product_cat":[16,173],"product_tag":[92,6967],"class_list":{"0":"post-16149","1":"product","2":"type-product","3":"status-publish","4":"has-post-thumbnail","6":"product_cat-libros","7":"product_cat-saiakera-ensayo","8":"product_tag-bellaterra","9":"product_tag-vvaa","11":"first","12":"instock","13":"sold-individually","14":"shipping-taxable","15":"purchasable","16":"product-type-simple"},"yoast_head":"<!-- This site is optimized with the Yoast SEO plugin v27.3 - https:\/\/yoast.com\/product\/yoast-seo-wordpress\/ -->\n<title>Comunales. El caso de los pastores trashumantes de las sierras de Andalucia nororiental &#8212; Zapateneo<\/title>\n<meta name=\"robots\" content=\"index, follow, max-snippet:-1, max-image-preview:large, max-video-preview:-1\" \/>\n<link rel=\"canonical\" href=\"https:\/\/zapateneo.net\/wordpress\/index.php\/producto\/comunales-el-caso-de-los-pastores-trashumantes-de-las-sierras-de-andalucia-nororiental\/\" \/>\n<meta property=\"og:locale\" content=\"es_ES\" \/>\n<meta property=\"og:type\" content=\"article\" \/>\n<meta property=\"og:title\" content=\"Comunales. El caso de los pastores trashumantes de las sierras de Andalucia nororiental &#8212; Zapateneo\" \/>\n<meta property=\"og:description\" content=\"vvaa 9791387639211 - Bellaterra - 2025 - 260 p\u00e1ginas \/orri.\" \/>\n<meta property=\"og:url\" content=\"https:\/\/zapateneo.net\/wordpress\/index.php\/producto\/comunales-el-caso-de-los-pastores-trashumantes-de-las-sierras-de-andalucia-nororiental\/\" \/>\n<meta property=\"og:site_name\" content=\"Zapateneo\" \/>\n<meta property=\"article:modified_time\" content=\"2025-11-22T10:18:30+00:00\" \/>\n<meta name=\"twitter:card\" content=\"summary_large_image\" \/>\n<meta name=\"twitter:site\" content=\"@zapateneo\" \/>\n<meta name=\"twitter:label1\" content=\"Tiempo de lectura\" \/>\n\t<meta name=\"twitter:data1\" content=\"1 minuto\" \/>\n<script type=\"application\/ld+json\" class=\"yoast-schema-graph\">{\"@context\":\"https:\\\/\\\/schema.org\",\"@graph\":[{\"@type\":\"WebPage\",\"@id\":\"https:\\\/\\\/zapateneo.net\\\/wordpress\\\/index.php\\\/producto\\\/comunales-el-caso-de-los-pastores-trashumantes-de-las-sierras-de-andalucia-nororiental\\\/\",\"url\":\"https:\\\/\\\/zapateneo.net\\\/wordpress\\\/index.php\\\/producto\\\/comunales-el-caso-de-los-pastores-trashumantes-de-las-sierras-de-andalucia-nororiental\\\/\",\"name\":\"Comunales. El caso de los pastores trashumantes de las sierras de Andalucia nororiental &#8212; Zapateneo\",\"isPartOf\":{\"@id\":\"https:\\\/\\\/zapateneo.net\\\/wordpress\\\/#website\"},\"primaryImageOfPage\":{\"@id\":\"https:\\\/\\\/zapateneo.net\\\/wordpress\\\/index.php\\\/producto\\\/comunales-el-caso-de-los-pastores-trashumantes-de-las-sierras-de-andalucia-nororiental\\\/#primaryimage\"},\"image\":{\"@id\":\"https:\\\/\\\/zapateneo.net\\\/wordpress\\\/index.php\\\/producto\\\/comunales-el-caso-de-los-pastores-trashumantes-de-las-sierras-de-andalucia-nororiental\\\/#primaryimage\"},\"thumbnailUrl\":\"https:\\\/\\\/zapateneo.net\\\/wordpress\\\/wp-content\\\/uploads\\\/2025\\\/11\\\/9791387639211.jpg\",\"datePublished\":\"2025-11-22T10:18:16+00:00\",\"dateModified\":\"2025-11-22T10:18:30+00:00\",\"breadcrumb\":{\"@id\":\"https:\\\/\\\/zapateneo.net\\\/wordpress\\\/index.php\\\/producto\\\/comunales-el-caso-de-los-pastores-trashumantes-de-las-sierras-de-andalucia-nororiental\\\/#breadcrumb\"},\"inLanguage\":\"es\",\"potentialAction\":[{\"@type\":\"ReadAction\",\"target\":[\"https:\\\/\\\/zapateneo.net\\\/wordpress\\\/index.php\\\/producto\\\/comunales-el-caso-de-los-pastores-trashumantes-de-las-sierras-de-andalucia-nororiental\\\/\"]}]},{\"@type\":\"ImageObject\",\"inLanguage\":\"es\",\"@id\":\"https:\\\/\\\/zapateneo.net\\\/wordpress\\\/index.php\\\/producto\\\/comunales-el-caso-de-los-pastores-trashumantes-de-las-sierras-de-andalucia-nororiental\\\/#primaryimage\",\"url\":\"https:\\\/\\\/zapateneo.net\\\/wordpress\\\/wp-content\\\/uploads\\\/2025\\\/11\\\/9791387639211.jpg\",\"contentUrl\":\"https:\\\/\\\/zapateneo.net\\\/wordpress\\\/wp-content\\\/uploads\\\/2025\\\/11\\\/9791387639211.jpg\",\"width\":261,\"height\":400},{\"@type\":\"BreadcrumbList\",\"@id\":\"https:\\\/\\\/zapateneo.net\\\/wordpress\\\/index.php\\\/producto\\\/comunales-el-caso-de-los-pastores-trashumantes-de-las-sierras-de-andalucia-nororiental\\\/#breadcrumb\",\"itemListElement\":[{\"@type\":\"ListItem\",\"position\":1,\"name\":\"Portada\",\"item\":\"https:\\\/\\\/zapateneo.net\\\/wordpress\\\/\"},{\"@type\":\"ListItem\",\"position\":2,\"name\":\"Tienda\",\"item\":\"https:\\\/\\\/zapateneo.net\\\/wordpress\\\/\"},{\"@type\":\"ListItem\",\"position\":3,\"name\":\"Comunales. El caso de los pastores trashumantes de las sierras de Andalucia nororiental\"}]},{\"@type\":\"WebSite\",\"@id\":\"https:\\\/\\\/zapateneo.net\\\/wordpress\\\/#website\",\"url\":\"https:\\\/\\\/zapateneo.net\\\/wordpress\\\/\",\"name\":\"Zapateneo\",\"description\":\"Zapateneoaren webgunea\",\"publisher\":{\"@id\":\"https:\\\/\\\/zapateneo.net\\\/wordpress\\\/#organization\"},\"potentialAction\":[{\"@type\":\"SearchAction\",\"target\":{\"@type\":\"EntryPoint\",\"urlTemplate\":\"https:\\\/\\\/zapateneo.net\\\/wordpress\\\/?s={search_term_string}\"},\"query-input\":{\"@type\":\"PropertyValueSpecification\",\"valueRequired\":true,\"valueName\":\"search_term_string\"}}],\"inLanguage\":\"es\"},{\"@type\":\"Organization\",\"@id\":\"https:\\\/\\\/zapateneo.net\\\/wordpress\\\/#organization\",\"name\":\"Zapateneo Kultur Elkartea\",\"url\":\"https:\\\/\\\/zapateneo.net\\\/wordpress\\\/\",\"logo\":{\"@type\":\"ImageObject\",\"inLanguage\":\"es\",\"@id\":\"https:\\\/\\\/zapateneo.net\\\/wordpress\\\/#\\\/schema\\\/logo\\\/image\\\/\",\"url\":\"https:\\\/\\\/zapateneo.net\\\/wordpress\\\/wp-content\\\/uploads\\\/2021\\\/04\\\/zap-libu-kolec.jpg\",\"contentUrl\":\"https:\\\/\\\/zapateneo.net\\\/wordpress\\\/wp-content\\\/uploads\\\/2021\\\/04\\\/zap-libu-kolec.jpg\",\"width\":2234,\"height\":398,\"caption\":\"Zapateneo Kultur Elkartea\"},\"image\":{\"@id\":\"https:\\\/\\\/zapateneo.net\\\/wordpress\\\/#\\\/schema\\\/logo\\\/image\\\/\"},\"sameAs\":[\"https:\\\/\\\/x.com\\\/zapateneo\"]}]}<\/script>\n<!-- \/ Yoast SEO plugin. -->","yoast_head_json":{"title":"Comunales. El caso de los pastores trashumantes de las sierras de Andalucia nororiental &#8212; Zapateneo","robots":{"index":"index","follow":"follow","max-snippet":"max-snippet:-1","max-image-preview":"max-image-preview:large","max-video-preview":"max-video-preview:-1"},"canonical":"https:\/\/zapateneo.net\/wordpress\/index.php\/producto\/comunales-el-caso-de-los-pastores-trashumantes-de-las-sierras-de-andalucia-nororiental\/","og_locale":"es_ES","og_type":"article","og_title":"Comunales. El caso de los pastores trashumantes de las sierras de Andalucia nororiental &#8212; Zapateneo","og_description":"vvaa 9791387639211 - Bellaterra - 2025 - 260 p\u00e1ginas \/orri.","og_url":"https:\/\/zapateneo.net\/wordpress\/index.php\/producto\/comunales-el-caso-de-los-pastores-trashumantes-de-las-sierras-de-andalucia-nororiental\/","og_site_name":"Zapateneo","article_modified_time":"2025-11-22T10:18:30+00:00","twitter_card":"summary_large_image","twitter_site":"@zapateneo","twitter_misc":{"Tiempo de lectura":"1 minuto"},"schema":{"@context":"https:\/\/schema.org","@graph":[{"@type":"WebPage","@id":"https:\/\/zapateneo.net\/wordpress\/index.php\/producto\/comunales-el-caso-de-los-pastores-trashumantes-de-las-sierras-de-andalucia-nororiental\/","url":"https:\/\/zapateneo.net\/wordpress\/index.php\/producto\/comunales-el-caso-de-los-pastores-trashumantes-de-las-sierras-de-andalucia-nororiental\/","name":"Comunales. El caso de los pastores trashumantes de las sierras de Andalucia nororiental &#8212; Zapateneo","isPartOf":{"@id":"https:\/\/zapateneo.net\/wordpress\/#website"},"primaryImageOfPage":{"@id":"https:\/\/zapateneo.net\/wordpress\/index.php\/producto\/comunales-el-caso-de-los-pastores-trashumantes-de-las-sierras-de-andalucia-nororiental\/#primaryimage"},"image":{"@id":"https:\/\/zapateneo.net\/wordpress\/index.php\/producto\/comunales-el-caso-de-los-pastores-trashumantes-de-las-sierras-de-andalucia-nororiental\/#primaryimage"},"thumbnailUrl":"https:\/\/zapateneo.net\/wordpress\/wp-content\/uploads\/2025\/11\/9791387639211.jpg","datePublished":"2025-11-22T10:18:16+00:00","dateModified":"2025-11-22T10:18:30+00:00","breadcrumb":{"@id":"https:\/\/zapateneo.net\/wordpress\/index.php\/producto\/comunales-el-caso-de-los-pastores-trashumantes-de-las-sierras-de-andalucia-nororiental\/#breadcrumb"},"inLanguage":"es","potentialAction":[{"@type":"ReadAction","target":["https:\/\/zapateneo.net\/wordpress\/index.php\/producto\/comunales-el-caso-de-los-pastores-trashumantes-de-las-sierras-de-andalucia-nororiental\/"]}]},{"@type":"ImageObject","inLanguage":"es","@id":"https:\/\/zapateneo.net\/wordpress\/index.php\/producto\/comunales-el-caso-de-los-pastores-trashumantes-de-las-sierras-de-andalucia-nororiental\/#primaryimage","url":"https:\/\/zapateneo.net\/wordpress\/wp-content\/uploads\/2025\/11\/9791387639211.jpg","contentUrl":"https:\/\/zapateneo.net\/wordpress\/wp-content\/uploads\/2025\/11\/9791387639211.jpg","width":261,"height":400},{"@type":"BreadcrumbList","@id":"https:\/\/zapateneo.net\/wordpress\/index.php\/producto\/comunales-el-caso-de-los-pastores-trashumantes-de-las-sierras-de-andalucia-nororiental\/#breadcrumb","itemListElement":[{"@type":"ListItem","position":1,"name":"Portada","item":"https:\/\/zapateneo.net\/wordpress\/"},{"@type":"ListItem","position":2,"name":"Tienda","item":"https:\/\/zapateneo.net\/wordpress\/"},{"@type":"ListItem","position":3,"name":"Comunales. El caso de los pastores trashumantes de las sierras de Andalucia nororiental"}]},{"@type":"WebSite","@id":"https:\/\/zapateneo.net\/wordpress\/#website","url":"https:\/\/zapateneo.net\/wordpress\/","name":"Zapateneo","description":"Zapateneoaren webgunea","publisher":{"@id":"https:\/\/zapateneo.net\/wordpress\/#organization"},"potentialAction":[{"@type":"SearchAction","target":{"@type":"EntryPoint","urlTemplate":"https:\/\/zapateneo.net\/wordpress\/?s={search_term_string}"},"query-input":{"@type":"PropertyValueSpecification","valueRequired":true,"valueName":"search_term_string"}}],"inLanguage":"es"},{"@type":"Organization","@id":"https:\/\/zapateneo.net\/wordpress\/#organization","name":"Zapateneo Kultur Elkartea","url":"https:\/\/zapateneo.net\/wordpress\/","logo":{"@type":"ImageObject","inLanguage":"es","@id":"https:\/\/zapateneo.net\/wordpress\/#\/schema\/logo\/image\/","url":"https:\/\/zapateneo.net\/wordpress\/wp-content\/uploads\/2021\/04\/zap-libu-kolec.jpg","contentUrl":"https:\/\/zapateneo.net\/wordpress\/wp-content\/uploads\/2021\/04\/zap-libu-kolec.jpg","width":2234,"height":398,"caption":"Zapateneo Kultur Elkartea"},"image":{"@id":"https:\/\/zapateneo.net\/wordpress\/#\/schema\/logo\/image\/"},"sameAs":["https:\/\/x.com\/zapateneo"]}]}},"_links":{"self":[{"href":"https:\/\/zapateneo.net\/wordpress\/index.php\/wp-json\/wp\/v2\/product\/16149","targetHints":{"allow":["GET"]}}],"collection":[{"href":"https:\/\/zapateneo.net\/wordpress\/index.php\/wp-json\/wp\/v2\/product"}],"about":[{"href":"https:\/\/zapateneo.net\/wordpress\/index.php\/wp-json\/wp\/v2\/types\/product"}],"wp:featuredmedia":[{"embeddable":true,"href":"https:\/\/zapateneo.net\/wordpress\/index.php\/wp-json\/wp\/v2\/media\/16161"}],"wp:attachment":[{"href":"https:\/\/zapateneo.net\/wordpress\/index.php\/wp-json\/wp\/v2\/media?parent=16149"}],"wp:term":[{"taxonomy":"product_brand","embeddable":true,"href":"https:\/\/zapateneo.net\/wordpress\/index.php\/wp-json\/wp\/v2\/product_brand?post=16149"},{"taxonomy":"product_cat","embeddable":true,"href":"https:\/\/zapateneo.net\/wordpress\/index.php\/wp-json\/wp\/v2\/product_cat?post=16149"},{"taxonomy":"product_tag","embeddable":true,"href":"https:\/\/zapateneo.net\/wordpress\/index.php\/wp-json\/wp\/v2\/product_tag?post=16149"}],"curies":[{"name":"wp","href":"https:\/\/api.w.org\/{rel}","templated":true}]}}