{"id":16141,"date":"2025-11-22T11:18:09","date_gmt":"2025-11-22T10:18:09","guid":{"rendered":"https:\/\/zapateneo.net\/wordpress\/?post_type=product&#038;p=16141"},"modified":"2025-11-22T11:18:22","modified_gmt":"2025-11-22T10:18:22","slug":"territorios-para-la-vida-septima-escuela-de-accion-social-critica-y-transformadora-alacant","status":"publish","type":"product","link":"https:\/\/zapateneo.net\/wordpress\/index.php\/producto\/territorios-para-la-vida-septima-escuela-de-accion-social-critica-y-transformadora-alacant\/","title":{"rendered":"Territorios para la vida. S\u00e9ptima escuela de acci\u00f3n social cr\u00edtica y transformadora, Alacant"},"content":{"rendered":"<p>Este libro recoge reflexiones, experiencias y testimonios de luchas, compartidos en la S\u00e9ptima escuela de acci\u00f3n social cr\u00edtica y transformadora, \u201cTerritorios para la Vida\u201d, que tuvo lugar en Alacant, en el verano de 2024. Tambi\u00e9n podr\u00e9is disfrutar de las fotograf\u00edas que muestran estos d\u00edas tan nutritivos, como sucede siempre en todas nuestras Escuelitas. Todas las letras e im\u00e1genes que dan forma a este libro, buscan colocar en el centro la vida de todas las personas. Adem\u00e1s, hemos decidido compartir con vosotras un estracto del fotolibro de Tamara S\u00e1nchez D\u00eda 1. El tiempo detenido en la Dana. Unas hojas cargadas de vivencias, de aprendizajes y de much\u00edsima SOLIDARIDAD y lucha social.<\/p>\n","protected":false},"excerpt":{"rendered":"<p><strong>Fernando Paton Villaroja, Manolo S. Bayona, Patricia Dopazo Gallego<\/strong><br \/>\n9788412867756 &#8211; Zambra &#8211; 2025 &#8211; 124 p\u00e1ginas \/orri.<\/p>\n","protected":false},"featured_media":16153,"template":"","meta":[],"product_brand":[],"product_cat":[177,16],"product_tag":[7199,7200,7201,839],"class_list":{"0":"post-16141","1":"product","2":"type-product","3":"status-publish","4":"has-post-thumbnail","6":"product_cat-gizarte-mugimenduak-movimientos-sociales","7":"product_cat-libros","8":"product_tag-fernando-paton-villaroja","9":"product_tag-manolo-s-bayona","10":"product_tag-patricia-dopazo-gallego","11":"product_tag-zambra","13":"first","14":"instock","15":"sold-individually","16":"shipping-taxable","17":"purchasable","18":"product-type-simple"},"yoast_head":"<!-- This site is optimized with the Yoast SEO plugin v27.3 - https:\/\/yoast.com\/product\/yoast-seo-wordpress\/ -->\n<title>Territorios para la vida. S\u00e9ptima escuela de acci\u00f3n social cr\u00edtica y transformadora, Alacant &#8212; Zapateneo<\/title>\n<meta name=\"robots\" content=\"index, follow, max-snippet:-1, max-image-preview:large, max-video-preview:-1\" \/>\n<link rel=\"canonical\" href=\"https:\/\/zapateneo.net\/wordpress\/index.php\/producto\/territorios-para-la-vida-septima-escuela-de-accion-social-critica-y-transformadora-alacant\/\" \/>\n<meta property=\"og:locale\" content=\"es_ES\" \/>\n<meta property=\"og:type\" content=\"article\" \/>\n<meta property=\"og:title\" content=\"Territorios para la vida. S\u00e9ptima escuela de acci\u00f3n social cr\u00edtica y transformadora, Alacant &#8212; Zapateneo\" \/>\n<meta property=\"og:description\" content=\"Fernando Paton Villaroja, Manolo S. Bayona, Patricia Dopazo Gallego 9788412867756 - Zambra - 2025 - 124 p\u00e1ginas \/orri.\" \/>\n<meta property=\"og:url\" content=\"https:\/\/zapateneo.net\/wordpress\/index.php\/producto\/territorios-para-la-vida-septima-escuela-de-accion-social-critica-y-transformadora-alacant\/\" \/>\n<meta property=\"og:site_name\" content=\"Zapateneo\" \/>\n<meta property=\"article:modified_time\" content=\"2025-11-22T10:18:22+00:00\" \/>\n<meta name=\"twitter:card\" content=\"summary_large_image\" \/>\n<meta name=\"twitter:site\" content=\"@zapateneo\" \/>\n<meta name=\"twitter:label1\" content=\"Tiempo de lectura\" \/>\n\t<meta name=\"twitter:data1\" content=\"1 minuto\" \/>\n<script type=\"application\/ld+json\" class=\"yoast-schema-graph\">{\"@context\":\"https:\\\/\\\/schema.org\",\"@graph\":[{\"@type\":\"WebPage\",\"@id\":\"https:\\\/\\\/zapateneo.net\\\/wordpress\\\/index.php\\\/producto\\\/territorios-para-la-vida-septima-escuela-de-accion-social-critica-y-transformadora-alacant\\\/\",\"url\":\"https:\\\/\\\/zapateneo.net\\\/wordpress\\\/index.php\\\/producto\\\/territorios-para-la-vida-septima-escuela-de-accion-social-critica-y-transformadora-alacant\\\/\",\"name\":\"Territorios para la vida. S\u00e9ptima escuela de acci\u00f3n social cr\u00edtica y transformadora, Alacant &#8212; Zapateneo\",\"isPartOf\":{\"@id\":\"https:\\\/\\\/zapateneo.net\\\/wordpress\\\/#website\"},\"primaryImageOfPage\":{\"@id\":\"https:\\\/\\\/zapateneo.net\\\/wordpress\\\/index.php\\\/producto\\\/territorios-para-la-vida-septima-escuela-de-accion-social-critica-y-transformadora-alacant\\\/#primaryimage\"},\"image\":{\"@id\":\"https:\\\/\\\/zapateneo.net\\\/wordpress\\\/index.php\\\/producto\\\/territorios-para-la-vida-septima-escuela-de-accion-social-critica-y-transformadora-alacant\\\/#primaryimage\"},\"thumbnailUrl\":\"https:\\\/\\\/zapateneo.net\\\/wordpress\\\/wp-content\\\/uploads\\\/2025\\\/11\\\/9788412867756.jpeg\",\"datePublished\":\"2025-11-22T10:18:09+00:00\",\"dateModified\":\"2025-11-22T10:18:22+00:00\",\"breadcrumb\":{\"@id\":\"https:\\\/\\\/zapateneo.net\\\/wordpress\\\/index.php\\\/producto\\\/territorios-para-la-vida-septima-escuela-de-accion-social-critica-y-transformadora-alacant\\\/#breadcrumb\"},\"inLanguage\":\"es\",\"potentialAction\":[{\"@type\":\"ReadAction\",\"target\":[\"https:\\\/\\\/zapateneo.net\\\/wordpress\\\/index.php\\\/producto\\\/territorios-para-la-vida-septima-escuela-de-accion-social-critica-y-transformadora-alacant\\\/\"]}]},{\"@type\":\"ImageObject\",\"inLanguage\":\"es\",\"@id\":\"https:\\\/\\\/zapateneo.net\\\/wordpress\\\/index.php\\\/producto\\\/territorios-para-la-vida-septima-escuela-de-accion-social-critica-y-transformadora-alacant\\\/#primaryimage\",\"url\":\"https:\\\/\\\/zapateneo.net\\\/wordpress\\\/wp-content\\\/uploads\\\/2025\\\/11\\\/9788412867756.jpeg\",\"contentUrl\":\"https:\\\/\\\/zapateneo.net\\\/wordpress\\\/wp-content\\\/uploads\\\/2025\\\/11\\\/9788412867756.jpeg\",\"width\":186,\"height\":272},{\"@type\":\"BreadcrumbList\",\"@id\":\"https:\\\/\\\/zapateneo.net\\\/wordpress\\\/index.php\\\/producto\\\/territorios-para-la-vida-septima-escuela-de-accion-social-critica-y-transformadora-alacant\\\/#breadcrumb\",\"itemListElement\":[{\"@type\":\"ListItem\",\"position\":1,\"name\":\"Portada\",\"item\":\"https:\\\/\\\/zapateneo.net\\\/wordpress\\\/\"},{\"@type\":\"ListItem\",\"position\":2,\"name\":\"Tienda\",\"item\":\"https:\\\/\\\/zapateneo.net\\\/wordpress\\\/\"},{\"@type\":\"ListItem\",\"position\":3,\"name\":\"Territorios para la vida. S\u00e9ptima escuela de acci\u00f3n social cr\u00edtica y transformadora, Alacant\"}]},{\"@type\":\"WebSite\",\"@id\":\"https:\\\/\\\/zapateneo.net\\\/wordpress\\\/#website\",\"url\":\"https:\\\/\\\/zapateneo.net\\\/wordpress\\\/\",\"name\":\"Zapateneo\",\"description\":\"Zapateneoaren webgunea\",\"publisher\":{\"@id\":\"https:\\\/\\\/zapateneo.net\\\/wordpress\\\/#organization\"},\"potentialAction\":[{\"@type\":\"SearchAction\",\"target\":{\"@type\":\"EntryPoint\",\"urlTemplate\":\"https:\\\/\\\/zapateneo.net\\\/wordpress\\\/?s={search_term_string}\"},\"query-input\":{\"@type\":\"PropertyValueSpecification\",\"valueRequired\":true,\"valueName\":\"search_term_string\"}}],\"inLanguage\":\"es\"},{\"@type\":\"Organization\",\"@id\":\"https:\\\/\\\/zapateneo.net\\\/wordpress\\\/#organization\",\"name\":\"Zapateneo Kultur Elkartea\",\"url\":\"https:\\\/\\\/zapateneo.net\\\/wordpress\\\/\",\"logo\":{\"@type\":\"ImageObject\",\"inLanguage\":\"es\",\"@id\":\"https:\\\/\\\/zapateneo.net\\\/wordpress\\\/#\\\/schema\\\/logo\\\/image\\\/\",\"url\":\"https:\\\/\\\/zapateneo.net\\\/wordpress\\\/wp-content\\\/uploads\\\/2021\\\/04\\\/zap-libu-kolec.jpg\",\"contentUrl\":\"https:\\\/\\\/zapateneo.net\\\/wordpress\\\/wp-content\\\/uploads\\\/2021\\\/04\\\/zap-libu-kolec.jpg\",\"width\":2234,\"height\":398,\"caption\":\"Zapateneo Kultur Elkartea\"},\"image\":{\"@id\":\"https:\\\/\\\/zapateneo.net\\\/wordpress\\\/#\\\/schema\\\/logo\\\/image\\\/\"},\"sameAs\":[\"https:\\\/\\\/x.com\\\/zapateneo\"]}]}<\/script>\n<!-- \/ Yoast SEO plugin. -->","yoast_head_json":{"title":"Territorios para la vida. S\u00e9ptima escuela de acci\u00f3n social cr\u00edtica y transformadora, Alacant &#8212; Zapateneo","robots":{"index":"index","follow":"follow","max-snippet":"max-snippet:-1","max-image-preview":"max-image-preview:large","max-video-preview":"max-video-preview:-1"},"canonical":"https:\/\/zapateneo.net\/wordpress\/index.php\/producto\/territorios-para-la-vida-septima-escuela-de-accion-social-critica-y-transformadora-alacant\/","og_locale":"es_ES","og_type":"article","og_title":"Territorios para la vida. S\u00e9ptima escuela de acci\u00f3n social cr\u00edtica y transformadora, Alacant &#8212; Zapateneo","og_description":"Fernando Paton Villaroja, Manolo S. Bayona, Patricia Dopazo Gallego 9788412867756 - Zambra - 2025 - 124 p\u00e1ginas \/orri.","og_url":"https:\/\/zapateneo.net\/wordpress\/index.php\/producto\/territorios-para-la-vida-septima-escuela-de-accion-social-critica-y-transformadora-alacant\/","og_site_name":"Zapateneo","article_modified_time":"2025-11-22T10:18:22+00:00","twitter_card":"summary_large_image","twitter_site":"@zapateneo","twitter_misc":{"Tiempo de lectura":"1 minuto"},"schema":{"@context":"https:\/\/schema.org","@graph":[{"@type":"WebPage","@id":"https:\/\/zapateneo.net\/wordpress\/index.php\/producto\/territorios-para-la-vida-septima-escuela-de-accion-social-critica-y-transformadora-alacant\/","url":"https:\/\/zapateneo.net\/wordpress\/index.php\/producto\/territorios-para-la-vida-septima-escuela-de-accion-social-critica-y-transformadora-alacant\/","name":"Territorios para la vida. S\u00e9ptima escuela de acci\u00f3n social cr\u00edtica y transformadora, Alacant &#8212; Zapateneo","isPartOf":{"@id":"https:\/\/zapateneo.net\/wordpress\/#website"},"primaryImageOfPage":{"@id":"https:\/\/zapateneo.net\/wordpress\/index.php\/producto\/territorios-para-la-vida-septima-escuela-de-accion-social-critica-y-transformadora-alacant\/#primaryimage"},"image":{"@id":"https:\/\/zapateneo.net\/wordpress\/index.php\/producto\/territorios-para-la-vida-septima-escuela-de-accion-social-critica-y-transformadora-alacant\/#primaryimage"},"thumbnailUrl":"https:\/\/zapateneo.net\/wordpress\/wp-content\/uploads\/2025\/11\/9788412867756.jpeg","datePublished":"2025-11-22T10:18:09+00:00","dateModified":"2025-11-22T10:18:22+00:00","breadcrumb":{"@id":"https:\/\/zapateneo.net\/wordpress\/index.php\/producto\/territorios-para-la-vida-septima-escuela-de-accion-social-critica-y-transformadora-alacant\/#breadcrumb"},"inLanguage":"es","potentialAction":[{"@type":"ReadAction","target":["https:\/\/zapateneo.net\/wordpress\/index.php\/producto\/territorios-para-la-vida-septima-escuela-de-accion-social-critica-y-transformadora-alacant\/"]}]},{"@type":"ImageObject","inLanguage":"es","@id":"https:\/\/zapateneo.net\/wordpress\/index.php\/producto\/territorios-para-la-vida-septima-escuela-de-accion-social-critica-y-transformadora-alacant\/#primaryimage","url":"https:\/\/zapateneo.net\/wordpress\/wp-content\/uploads\/2025\/11\/9788412867756.jpeg","contentUrl":"https:\/\/zapateneo.net\/wordpress\/wp-content\/uploads\/2025\/11\/9788412867756.jpeg","width":186,"height":272},{"@type":"BreadcrumbList","@id":"https:\/\/zapateneo.net\/wordpress\/index.php\/producto\/territorios-para-la-vida-septima-escuela-de-accion-social-critica-y-transformadora-alacant\/#breadcrumb","itemListElement":[{"@type":"ListItem","position":1,"name":"Portada","item":"https:\/\/zapateneo.net\/wordpress\/"},{"@type":"ListItem","position":2,"name":"Tienda","item":"https:\/\/zapateneo.net\/wordpress\/"},{"@type":"ListItem","position":3,"name":"Territorios para la vida. S\u00e9ptima escuela de acci\u00f3n social cr\u00edtica y transformadora, Alacant"}]},{"@type":"WebSite","@id":"https:\/\/zapateneo.net\/wordpress\/#website","url":"https:\/\/zapateneo.net\/wordpress\/","name":"Zapateneo","description":"Zapateneoaren webgunea","publisher":{"@id":"https:\/\/zapateneo.net\/wordpress\/#organization"},"potentialAction":[{"@type":"SearchAction","target":{"@type":"EntryPoint","urlTemplate":"https:\/\/zapateneo.net\/wordpress\/?s={search_term_string}"},"query-input":{"@type":"PropertyValueSpecification","valueRequired":true,"valueName":"search_term_string"}}],"inLanguage":"es"},{"@type":"Organization","@id":"https:\/\/zapateneo.net\/wordpress\/#organization","name":"Zapateneo Kultur Elkartea","url":"https:\/\/zapateneo.net\/wordpress\/","logo":{"@type":"ImageObject","inLanguage":"es","@id":"https:\/\/zapateneo.net\/wordpress\/#\/schema\/logo\/image\/","url":"https:\/\/zapateneo.net\/wordpress\/wp-content\/uploads\/2021\/04\/zap-libu-kolec.jpg","contentUrl":"https:\/\/zapateneo.net\/wordpress\/wp-content\/uploads\/2021\/04\/zap-libu-kolec.jpg","width":2234,"height":398,"caption":"Zapateneo Kultur Elkartea"},"image":{"@id":"https:\/\/zapateneo.net\/wordpress\/#\/schema\/logo\/image\/"},"sameAs":["https:\/\/x.com\/zapateneo"]}]}},"_links":{"self":[{"href":"https:\/\/zapateneo.net\/wordpress\/index.php\/wp-json\/wp\/v2\/product\/16141","targetHints":{"allow":["GET"]}}],"collection":[{"href":"https:\/\/zapateneo.net\/wordpress\/index.php\/wp-json\/wp\/v2\/product"}],"about":[{"href":"https:\/\/zapateneo.net\/wordpress\/index.php\/wp-json\/wp\/v2\/types\/product"}],"wp:featuredmedia":[{"embeddable":true,"href":"https:\/\/zapateneo.net\/wordpress\/index.php\/wp-json\/wp\/v2\/media\/16153"}],"wp:attachment":[{"href":"https:\/\/zapateneo.net\/wordpress\/index.php\/wp-json\/wp\/v2\/media?parent=16141"}],"wp:term":[{"taxonomy":"product_brand","embeddable":true,"href":"https:\/\/zapateneo.net\/wordpress\/index.php\/wp-json\/wp\/v2\/product_brand?post=16141"},{"taxonomy":"product_cat","embeddable":true,"href":"https:\/\/zapateneo.net\/wordpress\/index.php\/wp-json\/wp\/v2\/product_cat?post=16141"},{"taxonomy":"product_tag","embeddable":true,"href":"https:\/\/zapateneo.net\/wordpress\/index.php\/wp-json\/wp\/v2\/product_tag?post=16141"}],"curies":[{"name":"wp","href":"https:\/\/api.w.org\/{rel}","templated":true}]}}