{"id":16131,"date":"2025-11-22T08:17:26","date_gmt":"2025-11-22T07:17:26","guid":{"rendered":"https:\/\/zapateneo.net\/wordpress\/?post_type=product&#038;p=16131"},"modified":"2025-11-22T08:17:35","modified_gmt":"2025-11-22T07:17:35","slug":"el-malentendido-de-la-victima-una-lectura-feminista-de-la-cultura-punitiva","status":"publish","type":"product","link":"https:\/\/zapateneo.net\/wordpress\/index.php\/producto\/el-malentendido-de-la-victima-una-lectura-feminista-de-la-cultura-punitiva\/","title":{"rendered":"El malentendido de la v\u00edctima. Una lectura feminista de la cultura punitiva"},"content":{"rendered":"<p>El malentendido de la v\u00edctima expone, analiza e interroga una serie de procesos y fen\u00f3menos que dan cuenta de la deriva punitivista de la sociedad, que salta a la vista en el cambio de sentido del t\u00e9rmino \u201cseguridad\u201d, hist\u00f3ricamente vinculado con el acceso al trabajo, la salud y los derechos en general. En el centro de esta mutaci\u00f3n Tamar Pitch coloca a la \u201cv\u00edctima\u201d, real o potencial, buena o mala, figura que ya no remite a un abordaje estructural de las injusticias sino a la individualizaci\u00f3n y privatizaci\u00f3n del sufrimiento.<\/p>\n<p>Tal es el contexto en que se invoca a la justicia penal como soluci\u00f3n principal, sino \u00fanica, a los problemas sociales y pol\u00edticos. Una invocaci\u00f3n que no s\u00f3lo despolitiza y sirve como fachada para la criminalizaci\u00f3n de la pobreza, la marginalidad y lxs migrantes, sino que tambi\u00e9n se la identifica en las derivas punitivistas de ciertas agendas feministas. Esta \u00faltima convergencia, que se inmiscuye en un movimiento cuyo objetivo es la liberaci\u00f3n de la explotaci\u00f3n y la opresi\u00f3n, exige una interrogaci\u00f3n a fondo que desactive esta paradoja y reabra el pensamiento hacia otros modos de justicia.<\/p>\n","protected":false},"excerpt":{"rendered":"<p><strong>Tamar Pitch<\/strong><br \/>\n9786316507228 &#8211; Tinta lim\u00f3n &#8211; 2024 &#8211; 160 p\u00e1ginas \/orri.<\/p>\n","protected":false},"featured_media":16138,"template":"","meta":[],"product_brand":[],"product_cat":[181,16],"product_tag":[7198,660],"class_list":{"0":"post-16131","1":"product","2":"type-product","3":"status-publish","4":"has-post-thumbnail","6":"product_cat-bazterketa-soziala-eta-errepresioa-exclusion-social-y-represion","7":"product_cat-libros","8":"product_tag-tamar-pitch","9":"product_tag-tinta-limon","11":"first","12":"instock","13":"sold-individually","14":"shipping-taxable","15":"purchasable","16":"product-type-simple"},"yoast_head":"<!-- This site is optimized with the Yoast SEO plugin v27.3 - https:\/\/yoast.com\/product\/yoast-seo-wordpress\/ -->\n<title>El malentendido de la v\u00edctima. Una lectura feminista de la cultura punitiva &#8212; Zapateneo<\/title>\n<meta name=\"robots\" content=\"index, follow, max-snippet:-1, max-image-preview:large, max-video-preview:-1\" \/>\n<link rel=\"canonical\" href=\"https:\/\/zapateneo.net\/wordpress\/index.php\/producto\/el-malentendido-de-la-victima-una-lectura-feminista-de-la-cultura-punitiva\/\" \/>\n<meta property=\"og:locale\" content=\"es_ES\" \/>\n<meta property=\"og:type\" content=\"article\" \/>\n<meta property=\"og:title\" content=\"El malentendido de la v\u00edctima. Una lectura feminista de la cultura punitiva &#8212; Zapateneo\" \/>\n<meta property=\"og:description\" content=\"Tamar Pitch 9786316507228 - Tinta lim\u00f3n - 2024 - 160 p\u00e1ginas \/orri.\" \/>\n<meta property=\"og:url\" content=\"https:\/\/zapateneo.net\/wordpress\/index.php\/producto\/el-malentendido-de-la-victima-una-lectura-feminista-de-la-cultura-punitiva\/\" \/>\n<meta property=\"og:site_name\" content=\"Zapateneo\" \/>\n<meta property=\"article:modified_time\" content=\"2025-11-22T07:17:35+00:00\" \/>\n<meta name=\"twitter:card\" content=\"summary_large_image\" \/>\n<meta name=\"twitter:site\" content=\"@zapateneo\" \/>\n<meta name=\"twitter:label1\" content=\"Tiempo de lectura\" \/>\n\t<meta name=\"twitter:data1\" content=\"1 minuto\" \/>\n<script type=\"application\/ld+json\" class=\"yoast-schema-graph\">{\"@context\":\"https:\\\/\\\/schema.org\",\"@graph\":[{\"@type\":\"WebPage\",\"@id\":\"https:\\\/\\\/zapateneo.net\\\/wordpress\\\/index.php\\\/producto\\\/el-malentendido-de-la-victima-una-lectura-feminista-de-la-cultura-punitiva\\\/\",\"url\":\"https:\\\/\\\/zapateneo.net\\\/wordpress\\\/index.php\\\/producto\\\/el-malentendido-de-la-victima-una-lectura-feminista-de-la-cultura-punitiva\\\/\",\"name\":\"El malentendido de la v\u00edctima. Una lectura feminista de la cultura punitiva &#8212; Zapateneo\",\"isPartOf\":{\"@id\":\"https:\\\/\\\/zapateneo.net\\\/wordpress\\\/#website\"},\"primaryImageOfPage\":{\"@id\":\"https:\\\/\\\/zapateneo.net\\\/wordpress\\\/index.php\\\/producto\\\/el-malentendido-de-la-victima-una-lectura-feminista-de-la-cultura-punitiva\\\/#primaryimage\"},\"image\":{\"@id\":\"https:\\\/\\\/zapateneo.net\\\/wordpress\\\/index.php\\\/producto\\\/el-malentendido-de-la-victima-una-lectura-feminista-de-la-cultura-punitiva\\\/#primaryimage\"},\"thumbnailUrl\":\"https:\\\/\\\/zapateneo.net\\\/wordpress\\\/wp-content\\\/uploads\\\/2025\\\/11\\\/el-malentendido-de-la-vctima.jpg\",\"datePublished\":\"2025-11-22T07:17:26+00:00\",\"dateModified\":\"2025-11-22T07:17:35+00:00\",\"breadcrumb\":{\"@id\":\"https:\\\/\\\/zapateneo.net\\\/wordpress\\\/index.php\\\/producto\\\/el-malentendido-de-la-victima-una-lectura-feminista-de-la-cultura-punitiva\\\/#breadcrumb\"},\"inLanguage\":\"es\",\"potentialAction\":[{\"@type\":\"ReadAction\",\"target\":[\"https:\\\/\\\/zapateneo.net\\\/wordpress\\\/index.php\\\/producto\\\/el-malentendido-de-la-victima-una-lectura-feminista-de-la-cultura-punitiva\\\/\"]}]},{\"@type\":\"ImageObject\",\"inLanguage\":\"es\",\"@id\":\"https:\\\/\\\/zapateneo.net\\\/wordpress\\\/index.php\\\/producto\\\/el-malentendido-de-la-victima-una-lectura-feminista-de-la-cultura-punitiva\\\/#primaryimage\",\"url\":\"https:\\\/\\\/zapateneo.net\\\/wordpress\\\/wp-content\\\/uploads\\\/2025\\\/11\\\/el-malentendido-de-la-vctima.jpg\",\"contentUrl\":\"https:\\\/\\\/zapateneo.net\\\/wordpress\\\/wp-content\\\/uploads\\\/2025\\\/11\\\/el-malentendido-de-la-vctima.jpg\",\"width\":309,\"height\":400},{\"@type\":\"BreadcrumbList\",\"@id\":\"https:\\\/\\\/zapateneo.net\\\/wordpress\\\/index.php\\\/producto\\\/el-malentendido-de-la-victima-una-lectura-feminista-de-la-cultura-punitiva\\\/#breadcrumb\",\"itemListElement\":[{\"@type\":\"ListItem\",\"position\":1,\"name\":\"Portada\",\"item\":\"https:\\\/\\\/zapateneo.net\\\/wordpress\\\/\"},{\"@type\":\"ListItem\",\"position\":2,\"name\":\"Tienda\",\"item\":\"https:\\\/\\\/zapateneo.net\\\/wordpress\\\/\"},{\"@type\":\"ListItem\",\"position\":3,\"name\":\"El malentendido de la v\u00edctima. Una lectura feminista de la cultura punitiva\"}]},{\"@type\":\"WebSite\",\"@id\":\"https:\\\/\\\/zapateneo.net\\\/wordpress\\\/#website\",\"url\":\"https:\\\/\\\/zapateneo.net\\\/wordpress\\\/\",\"name\":\"Zapateneo\",\"description\":\"Zapateneoaren webgunea\",\"publisher\":{\"@id\":\"https:\\\/\\\/zapateneo.net\\\/wordpress\\\/#organization\"},\"potentialAction\":[{\"@type\":\"SearchAction\",\"target\":{\"@type\":\"EntryPoint\",\"urlTemplate\":\"https:\\\/\\\/zapateneo.net\\\/wordpress\\\/?s={search_term_string}\"},\"query-input\":{\"@type\":\"PropertyValueSpecification\",\"valueRequired\":true,\"valueName\":\"search_term_string\"}}],\"inLanguage\":\"es\"},{\"@type\":\"Organization\",\"@id\":\"https:\\\/\\\/zapateneo.net\\\/wordpress\\\/#organization\",\"name\":\"Zapateneo Kultur Elkartea\",\"url\":\"https:\\\/\\\/zapateneo.net\\\/wordpress\\\/\",\"logo\":{\"@type\":\"ImageObject\",\"inLanguage\":\"es\",\"@id\":\"https:\\\/\\\/zapateneo.net\\\/wordpress\\\/#\\\/schema\\\/logo\\\/image\\\/\",\"url\":\"https:\\\/\\\/zapateneo.net\\\/wordpress\\\/wp-content\\\/uploads\\\/2021\\\/04\\\/zap-libu-kolec.jpg\",\"contentUrl\":\"https:\\\/\\\/zapateneo.net\\\/wordpress\\\/wp-content\\\/uploads\\\/2021\\\/04\\\/zap-libu-kolec.jpg\",\"width\":2234,\"height\":398,\"caption\":\"Zapateneo Kultur Elkartea\"},\"image\":{\"@id\":\"https:\\\/\\\/zapateneo.net\\\/wordpress\\\/#\\\/schema\\\/logo\\\/image\\\/\"},\"sameAs\":[\"https:\\\/\\\/x.com\\\/zapateneo\"]}]}<\/script>\n<!-- \/ Yoast SEO plugin. -->","yoast_head_json":{"title":"El malentendido de la v\u00edctima. Una lectura feminista de la cultura punitiva &#8212; Zapateneo","robots":{"index":"index","follow":"follow","max-snippet":"max-snippet:-1","max-image-preview":"max-image-preview:large","max-video-preview":"max-video-preview:-1"},"canonical":"https:\/\/zapateneo.net\/wordpress\/index.php\/producto\/el-malentendido-de-la-victima-una-lectura-feminista-de-la-cultura-punitiva\/","og_locale":"es_ES","og_type":"article","og_title":"El malentendido de la v\u00edctima. Una lectura feminista de la cultura punitiva &#8212; Zapateneo","og_description":"Tamar Pitch 9786316507228 - Tinta lim\u00f3n - 2024 - 160 p\u00e1ginas \/orri.","og_url":"https:\/\/zapateneo.net\/wordpress\/index.php\/producto\/el-malentendido-de-la-victima-una-lectura-feminista-de-la-cultura-punitiva\/","og_site_name":"Zapateneo","article_modified_time":"2025-11-22T07:17:35+00:00","twitter_card":"summary_large_image","twitter_site":"@zapateneo","twitter_misc":{"Tiempo de lectura":"1 minuto"},"schema":{"@context":"https:\/\/schema.org","@graph":[{"@type":"WebPage","@id":"https:\/\/zapateneo.net\/wordpress\/index.php\/producto\/el-malentendido-de-la-victima-una-lectura-feminista-de-la-cultura-punitiva\/","url":"https:\/\/zapateneo.net\/wordpress\/index.php\/producto\/el-malentendido-de-la-victima-una-lectura-feminista-de-la-cultura-punitiva\/","name":"El malentendido de la v\u00edctima. Una lectura feminista de la cultura punitiva &#8212; Zapateneo","isPartOf":{"@id":"https:\/\/zapateneo.net\/wordpress\/#website"},"primaryImageOfPage":{"@id":"https:\/\/zapateneo.net\/wordpress\/index.php\/producto\/el-malentendido-de-la-victima-una-lectura-feminista-de-la-cultura-punitiva\/#primaryimage"},"image":{"@id":"https:\/\/zapateneo.net\/wordpress\/index.php\/producto\/el-malentendido-de-la-victima-una-lectura-feminista-de-la-cultura-punitiva\/#primaryimage"},"thumbnailUrl":"https:\/\/zapateneo.net\/wordpress\/wp-content\/uploads\/2025\/11\/el-malentendido-de-la-vctima.jpg","datePublished":"2025-11-22T07:17:26+00:00","dateModified":"2025-11-22T07:17:35+00:00","breadcrumb":{"@id":"https:\/\/zapateneo.net\/wordpress\/index.php\/producto\/el-malentendido-de-la-victima-una-lectura-feminista-de-la-cultura-punitiva\/#breadcrumb"},"inLanguage":"es","potentialAction":[{"@type":"ReadAction","target":["https:\/\/zapateneo.net\/wordpress\/index.php\/producto\/el-malentendido-de-la-victima-una-lectura-feminista-de-la-cultura-punitiva\/"]}]},{"@type":"ImageObject","inLanguage":"es","@id":"https:\/\/zapateneo.net\/wordpress\/index.php\/producto\/el-malentendido-de-la-victima-una-lectura-feminista-de-la-cultura-punitiva\/#primaryimage","url":"https:\/\/zapateneo.net\/wordpress\/wp-content\/uploads\/2025\/11\/el-malentendido-de-la-vctima.jpg","contentUrl":"https:\/\/zapateneo.net\/wordpress\/wp-content\/uploads\/2025\/11\/el-malentendido-de-la-vctima.jpg","width":309,"height":400},{"@type":"BreadcrumbList","@id":"https:\/\/zapateneo.net\/wordpress\/index.php\/producto\/el-malentendido-de-la-victima-una-lectura-feminista-de-la-cultura-punitiva\/#breadcrumb","itemListElement":[{"@type":"ListItem","position":1,"name":"Portada","item":"https:\/\/zapateneo.net\/wordpress\/"},{"@type":"ListItem","position":2,"name":"Tienda","item":"https:\/\/zapateneo.net\/wordpress\/"},{"@type":"ListItem","position":3,"name":"El malentendido de la v\u00edctima. Una lectura feminista de la cultura punitiva"}]},{"@type":"WebSite","@id":"https:\/\/zapateneo.net\/wordpress\/#website","url":"https:\/\/zapateneo.net\/wordpress\/","name":"Zapateneo","description":"Zapateneoaren webgunea","publisher":{"@id":"https:\/\/zapateneo.net\/wordpress\/#organization"},"potentialAction":[{"@type":"SearchAction","target":{"@type":"EntryPoint","urlTemplate":"https:\/\/zapateneo.net\/wordpress\/?s={search_term_string}"},"query-input":{"@type":"PropertyValueSpecification","valueRequired":true,"valueName":"search_term_string"}}],"inLanguage":"es"},{"@type":"Organization","@id":"https:\/\/zapateneo.net\/wordpress\/#organization","name":"Zapateneo Kultur Elkartea","url":"https:\/\/zapateneo.net\/wordpress\/","logo":{"@type":"ImageObject","inLanguage":"es","@id":"https:\/\/zapateneo.net\/wordpress\/#\/schema\/logo\/image\/","url":"https:\/\/zapateneo.net\/wordpress\/wp-content\/uploads\/2021\/04\/zap-libu-kolec.jpg","contentUrl":"https:\/\/zapateneo.net\/wordpress\/wp-content\/uploads\/2021\/04\/zap-libu-kolec.jpg","width":2234,"height":398,"caption":"Zapateneo Kultur Elkartea"},"image":{"@id":"https:\/\/zapateneo.net\/wordpress\/#\/schema\/logo\/image\/"},"sameAs":["https:\/\/x.com\/zapateneo"]}]}},"_links":{"self":[{"href":"https:\/\/zapateneo.net\/wordpress\/index.php\/wp-json\/wp\/v2\/product\/16131","targetHints":{"allow":["GET"]}}],"collection":[{"href":"https:\/\/zapateneo.net\/wordpress\/index.php\/wp-json\/wp\/v2\/product"}],"about":[{"href":"https:\/\/zapateneo.net\/wordpress\/index.php\/wp-json\/wp\/v2\/types\/product"}],"wp:featuredmedia":[{"embeddable":true,"href":"https:\/\/zapateneo.net\/wordpress\/index.php\/wp-json\/wp\/v2\/media\/16138"}],"wp:attachment":[{"href":"https:\/\/zapateneo.net\/wordpress\/index.php\/wp-json\/wp\/v2\/media?parent=16131"}],"wp:term":[{"taxonomy":"product_brand","embeddable":true,"href":"https:\/\/zapateneo.net\/wordpress\/index.php\/wp-json\/wp\/v2\/product_brand?post=16131"},{"taxonomy":"product_cat","embeddable":true,"href":"https:\/\/zapateneo.net\/wordpress\/index.php\/wp-json\/wp\/v2\/product_cat?post=16131"},{"taxonomy":"product_tag","embeddable":true,"href":"https:\/\/zapateneo.net\/wordpress\/index.php\/wp-json\/wp\/v2\/product_tag?post=16131"}],"curies":[{"name":"wp","href":"https:\/\/api.w.org\/{rel}","templated":true}]}}