{"id":16062,"date":"2025-08-15T18:04:38","date_gmt":"2025-08-15T17:04:38","guid":{"rendered":"https:\/\/zapateneo.net\/wordpress\/?post_type=product&#038;p=16062"},"modified":"2025-10-26T16:42:59","modified_gmt":"2025-10-26T15:42:59","slug":"lineas-fundamentales-de-la-critica-de-la-economia-politica-grundrisse","status":"publish","type":"product","link":"https:\/\/zapateneo.net\/wordpress\/index.php\/producto\/lineas-fundamentales-de-la-critica-de-la-economia-politica-grundrisse\/","title":{"rendered":"L\u00edneas fundamentales de la cr\u00edtica de la econom\u00eda pol\u00edtica \u00abGrundrisse\u00bb"},"content":{"rendered":"<p>Los a\u00f1os 1857-1858 fueron particularmente vibrantes y fecundos en la evoluci\u00f3n intelectual de Marx. Fue en la d\u00e9cada de 1850 \u2013que arranc\u00f3, tras las revoluciones frustradas de 1848, con el exilio y la radicaci\u00f3n definitiva de Marx en Londres y en la British Library\u2013 cuando profundiz\u00f3 en el estudio de la econom\u00eda pol\u00edtica y ciment\u00f3 su trayectoria posterior, comenzando por la que a la postre ser\u00eda su obra m\u00e1s influyente publicada en vida, el libro I de El Capital (1867).<\/p>\n<p>Formadas por borradores, esquemas y apuntes preparatorios in\u00e9ditos hasta mediado ya el siglo XX, las L\u00edneas fundamentales de la cr\u00edtica de la econom\u00eda pol\u00edtica o \u00abGrundrisse\u00bb se han erigido desde entonces en un elemento clave de las novedosas reinterpretaciones de la obra marxiana.<\/p>\n<p>\u00abLos \u201cGrundrisse\u201d han sido descritos certeramente como el fruto m\u00e1s fecundo del pensamiento de Marx.\u00bb<br \/>\n\u2014Eric Hobsbawm<\/p>\n<p>\u00abUno de los textos m\u00e1s importantes y metodol\u00f3gicamente m\u00e1s ricos \u2013as\u00ed como de los menos atendidos\u2013 de Marx.\u00bb<br \/>\n\u2014Stuart Hall<\/p>\n<p>\u00abLos imperativos espec\u00edficos del capitalismo, su tendencia competitiva hacia la acumulaci\u00f3n mediante el incremento de la productividad de la fuerza de trabajo, era algo diferente de la antigua l\u00f3gica del aprovechamiento de las ganancias comerciales, y los principios del capitalismo no pod\u00edan encontrarse remont\u00e1ndose a lo largo de toda la historia. Aunque Marx nunca desarroll\u00f3 por completo estas perspectivas hist\u00f3ricas, sus frutos pueden verse en los \u201cGrundrisse\u201d, que contiene su abordaje m\u00e1s sistem\u00e1tico de las sociedades precapitalistas y donde se enfrenta al problema de explicar el paso de las relaciones de propiedad precapitalistas a capitalistas, sin suponer la preexistencia del capitalismo.\u00bb<br \/>\n\u2014Ellen Meikins Wood<\/p>\n","protected":false},"excerpt":{"rendered":"<p><strong>Karl Marx<\/strong><br \/>\n9788446054788 &#8211; Akal &#8211; 2024 &#8211; 1088 p\u00e1ginas \/orri.<\/p>\n","protected":false},"featured_media":16077,"template":"","meta":[],"product_brand":[],"product_cat":[178,16],"product_tag":[437,1713],"class_list":{"0":"post-16062","1":"product","2":"type-product","3":"status-publish","4":"has-post-thumbnail","6":"product_cat-ekonomia-economia","7":"product_cat-libros","8":"product_tag-akal","9":"product_tag-karl-marx","11":"first","12":"onbackorder","13":"sold-individually","14":"shipping-taxable","15":"purchasable","16":"product-type-simple"},"yoast_head":"<!-- This site is optimized with the Yoast SEO plugin v27.3 - https:\/\/yoast.com\/product\/yoast-seo-wordpress\/ -->\n<title>L\u00edneas fundamentales de la cr\u00edtica de la econom\u00eda pol\u00edtica \u00abGrundrisse\u00bb &#8212; Zapateneo<\/title>\n<meta name=\"robots\" content=\"index, follow, max-snippet:-1, max-image-preview:large, max-video-preview:-1\" \/>\n<link rel=\"canonical\" href=\"https:\/\/zapateneo.net\/wordpress\/index.php\/producto\/lineas-fundamentales-de-la-critica-de-la-economia-politica-grundrisse\/\" \/>\n<meta property=\"og:locale\" content=\"es_ES\" \/>\n<meta property=\"og:type\" content=\"article\" \/>\n<meta property=\"og:title\" content=\"L\u00edneas fundamentales de la cr\u00edtica de la econom\u00eda pol\u00edtica \u00abGrundrisse\u00bb &#8212; Zapateneo\" \/>\n<meta property=\"og:description\" content=\"Karl Marx 9788446054788 - Akal - 2024 - 1088 p\u00e1ginas \/orri.\" \/>\n<meta property=\"og:url\" content=\"https:\/\/zapateneo.net\/wordpress\/index.php\/producto\/lineas-fundamentales-de-la-critica-de-la-economia-politica-grundrisse\/\" \/>\n<meta property=\"og:site_name\" content=\"Zapateneo\" \/>\n<meta property=\"article:modified_time\" content=\"2025-10-26T15:42:59+00:00\" \/>\n<meta property=\"og:image\" content=\"https:\/\/zapateneo.net\/wordpress\/wp-content\/uploads\/2025\/08\/9788446054788.jpg\" \/>\n\t<meta property=\"og:image:width\" content=\"236\" \/>\n\t<meta property=\"og:image:height\" content=\"329\" \/>\n\t<meta property=\"og:image:type\" content=\"image\/jpeg\" \/>\n<meta name=\"twitter:card\" content=\"summary_large_image\" \/>\n<meta name=\"twitter:site\" content=\"@zapateneo\" \/>\n<meta name=\"twitter:label1\" content=\"Tiempo de lectura\" \/>\n\t<meta name=\"twitter:data1\" content=\"1 minuto\" \/>\n<script type=\"application\/ld+json\" class=\"yoast-schema-graph\">{\"@context\":\"https:\\\/\\\/schema.org\",\"@graph\":[{\"@type\":\"WebPage\",\"@id\":\"https:\\\/\\\/zapateneo.net\\\/wordpress\\\/index.php\\\/producto\\\/lineas-fundamentales-de-la-critica-de-la-economia-politica-grundrisse\\\/\",\"url\":\"https:\\\/\\\/zapateneo.net\\\/wordpress\\\/index.php\\\/producto\\\/lineas-fundamentales-de-la-critica-de-la-economia-politica-grundrisse\\\/\",\"name\":\"L\u00edneas fundamentales de la cr\u00edtica de la econom\u00eda pol\u00edtica \u00abGrundrisse\u00bb &#8212; Zapateneo\",\"isPartOf\":{\"@id\":\"https:\\\/\\\/zapateneo.net\\\/wordpress\\\/#website\"},\"primaryImageOfPage\":{\"@id\":\"https:\\\/\\\/zapateneo.net\\\/wordpress\\\/index.php\\\/producto\\\/lineas-fundamentales-de-la-critica-de-la-economia-politica-grundrisse\\\/#primaryimage\"},\"image\":{\"@id\":\"https:\\\/\\\/zapateneo.net\\\/wordpress\\\/index.php\\\/producto\\\/lineas-fundamentales-de-la-critica-de-la-economia-politica-grundrisse\\\/#primaryimage\"},\"thumbnailUrl\":\"https:\\\/\\\/zapateneo.net\\\/wordpress\\\/wp-content\\\/uploads\\\/2025\\\/08\\\/9788446054788.jpg\",\"datePublished\":\"2025-08-15T17:04:38+00:00\",\"dateModified\":\"2025-10-26T15:42:59+00:00\",\"breadcrumb\":{\"@id\":\"https:\\\/\\\/zapateneo.net\\\/wordpress\\\/index.php\\\/producto\\\/lineas-fundamentales-de-la-critica-de-la-economia-politica-grundrisse\\\/#breadcrumb\"},\"inLanguage\":\"es\",\"potentialAction\":[{\"@type\":\"ReadAction\",\"target\":[\"https:\\\/\\\/zapateneo.net\\\/wordpress\\\/index.php\\\/producto\\\/lineas-fundamentales-de-la-critica-de-la-economia-politica-grundrisse\\\/\"]}]},{\"@type\":\"ImageObject\",\"inLanguage\":\"es\",\"@id\":\"https:\\\/\\\/zapateneo.net\\\/wordpress\\\/index.php\\\/producto\\\/lineas-fundamentales-de-la-critica-de-la-economia-politica-grundrisse\\\/#primaryimage\",\"url\":\"https:\\\/\\\/zapateneo.net\\\/wordpress\\\/wp-content\\\/uploads\\\/2025\\\/08\\\/9788446054788.jpg\",\"contentUrl\":\"https:\\\/\\\/zapateneo.net\\\/wordpress\\\/wp-content\\\/uploads\\\/2025\\\/08\\\/9788446054788.jpg\",\"width\":236,\"height\":329},{\"@type\":\"BreadcrumbList\",\"@id\":\"https:\\\/\\\/zapateneo.net\\\/wordpress\\\/index.php\\\/producto\\\/lineas-fundamentales-de-la-critica-de-la-economia-politica-grundrisse\\\/#breadcrumb\",\"itemListElement\":[{\"@type\":\"ListItem\",\"position\":1,\"name\":\"Portada\",\"item\":\"https:\\\/\\\/zapateneo.net\\\/wordpress\\\/\"},{\"@type\":\"ListItem\",\"position\":2,\"name\":\"Tienda\",\"item\":\"https:\\\/\\\/zapateneo.net\\\/wordpress\\\/\"},{\"@type\":\"ListItem\",\"position\":3,\"name\":\"L\u00edneas fundamentales de la cr\u00edtica de la econom\u00eda pol\u00edtica \u00abGrundrisse\u00bb\"}]},{\"@type\":\"WebSite\",\"@id\":\"https:\\\/\\\/zapateneo.net\\\/wordpress\\\/#website\",\"url\":\"https:\\\/\\\/zapateneo.net\\\/wordpress\\\/\",\"name\":\"Zapateneo\",\"description\":\"Zapateneoaren webgunea\",\"publisher\":{\"@id\":\"https:\\\/\\\/zapateneo.net\\\/wordpress\\\/#organization\"},\"potentialAction\":[{\"@type\":\"SearchAction\",\"target\":{\"@type\":\"EntryPoint\",\"urlTemplate\":\"https:\\\/\\\/zapateneo.net\\\/wordpress\\\/?s={search_term_string}\"},\"query-input\":{\"@type\":\"PropertyValueSpecification\",\"valueRequired\":true,\"valueName\":\"search_term_string\"}}],\"inLanguage\":\"es\"},{\"@type\":\"Organization\",\"@id\":\"https:\\\/\\\/zapateneo.net\\\/wordpress\\\/#organization\",\"name\":\"Zapateneo Kultur Elkartea\",\"url\":\"https:\\\/\\\/zapateneo.net\\\/wordpress\\\/\",\"logo\":{\"@type\":\"ImageObject\",\"inLanguage\":\"es\",\"@id\":\"https:\\\/\\\/zapateneo.net\\\/wordpress\\\/#\\\/schema\\\/logo\\\/image\\\/\",\"url\":\"https:\\\/\\\/zapateneo.net\\\/wordpress\\\/wp-content\\\/uploads\\\/2021\\\/04\\\/zap-libu-kolec.jpg\",\"contentUrl\":\"https:\\\/\\\/zapateneo.net\\\/wordpress\\\/wp-content\\\/uploads\\\/2021\\\/04\\\/zap-libu-kolec.jpg\",\"width\":2234,\"height\":398,\"caption\":\"Zapateneo Kultur Elkartea\"},\"image\":{\"@id\":\"https:\\\/\\\/zapateneo.net\\\/wordpress\\\/#\\\/schema\\\/logo\\\/image\\\/\"},\"sameAs\":[\"https:\\\/\\\/x.com\\\/zapateneo\"]}]}<\/script>\n<!-- \/ Yoast SEO plugin. -->","yoast_head_json":{"title":"L\u00edneas fundamentales de la cr\u00edtica de la econom\u00eda pol\u00edtica \u00abGrundrisse\u00bb &#8212; Zapateneo","robots":{"index":"index","follow":"follow","max-snippet":"max-snippet:-1","max-image-preview":"max-image-preview:large","max-video-preview":"max-video-preview:-1"},"canonical":"https:\/\/zapateneo.net\/wordpress\/index.php\/producto\/lineas-fundamentales-de-la-critica-de-la-economia-politica-grundrisse\/","og_locale":"es_ES","og_type":"article","og_title":"L\u00edneas fundamentales de la cr\u00edtica de la econom\u00eda pol\u00edtica \u00abGrundrisse\u00bb &#8212; Zapateneo","og_description":"Karl Marx 9788446054788 - Akal - 2024 - 1088 p\u00e1ginas \/orri.","og_url":"https:\/\/zapateneo.net\/wordpress\/index.php\/producto\/lineas-fundamentales-de-la-critica-de-la-economia-politica-grundrisse\/","og_site_name":"Zapateneo","article_modified_time":"2025-10-26T15:42:59+00:00","og_image":[{"width":236,"height":329,"url":"https:\/\/zapateneo.net\/wordpress\/wp-content\/uploads\/2025\/08\/9788446054788.jpg","type":"image\/jpeg"}],"twitter_card":"summary_large_image","twitter_site":"@zapateneo","twitter_misc":{"Tiempo de lectura":"1 minuto"},"schema":{"@context":"https:\/\/schema.org","@graph":[{"@type":"WebPage","@id":"https:\/\/zapateneo.net\/wordpress\/index.php\/producto\/lineas-fundamentales-de-la-critica-de-la-economia-politica-grundrisse\/","url":"https:\/\/zapateneo.net\/wordpress\/index.php\/producto\/lineas-fundamentales-de-la-critica-de-la-economia-politica-grundrisse\/","name":"L\u00edneas fundamentales de la cr\u00edtica de la econom\u00eda pol\u00edtica \u00abGrundrisse\u00bb &#8212; Zapateneo","isPartOf":{"@id":"https:\/\/zapateneo.net\/wordpress\/#website"},"primaryImageOfPage":{"@id":"https:\/\/zapateneo.net\/wordpress\/index.php\/producto\/lineas-fundamentales-de-la-critica-de-la-economia-politica-grundrisse\/#primaryimage"},"image":{"@id":"https:\/\/zapateneo.net\/wordpress\/index.php\/producto\/lineas-fundamentales-de-la-critica-de-la-economia-politica-grundrisse\/#primaryimage"},"thumbnailUrl":"https:\/\/zapateneo.net\/wordpress\/wp-content\/uploads\/2025\/08\/9788446054788.jpg","datePublished":"2025-08-15T17:04:38+00:00","dateModified":"2025-10-26T15:42:59+00:00","breadcrumb":{"@id":"https:\/\/zapateneo.net\/wordpress\/index.php\/producto\/lineas-fundamentales-de-la-critica-de-la-economia-politica-grundrisse\/#breadcrumb"},"inLanguage":"es","potentialAction":[{"@type":"ReadAction","target":["https:\/\/zapateneo.net\/wordpress\/index.php\/producto\/lineas-fundamentales-de-la-critica-de-la-economia-politica-grundrisse\/"]}]},{"@type":"ImageObject","inLanguage":"es","@id":"https:\/\/zapateneo.net\/wordpress\/index.php\/producto\/lineas-fundamentales-de-la-critica-de-la-economia-politica-grundrisse\/#primaryimage","url":"https:\/\/zapateneo.net\/wordpress\/wp-content\/uploads\/2025\/08\/9788446054788.jpg","contentUrl":"https:\/\/zapateneo.net\/wordpress\/wp-content\/uploads\/2025\/08\/9788446054788.jpg","width":236,"height":329},{"@type":"BreadcrumbList","@id":"https:\/\/zapateneo.net\/wordpress\/index.php\/producto\/lineas-fundamentales-de-la-critica-de-la-economia-politica-grundrisse\/#breadcrumb","itemListElement":[{"@type":"ListItem","position":1,"name":"Portada","item":"https:\/\/zapateneo.net\/wordpress\/"},{"@type":"ListItem","position":2,"name":"Tienda","item":"https:\/\/zapateneo.net\/wordpress\/"},{"@type":"ListItem","position":3,"name":"L\u00edneas fundamentales de la cr\u00edtica de la econom\u00eda pol\u00edtica \u00abGrundrisse\u00bb"}]},{"@type":"WebSite","@id":"https:\/\/zapateneo.net\/wordpress\/#website","url":"https:\/\/zapateneo.net\/wordpress\/","name":"Zapateneo","description":"Zapateneoaren webgunea","publisher":{"@id":"https:\/\/zapateneo.net\/wordpress\/#organization"},"potentialAction":[{"@type":"SearchAction","target":{"@type":"EntryPoint","urlTemplate":"https:\/\/zapateneo.net\/wordpress\/?s={search_term_string}"},"query-input":{"@type":"PropertyValueSpecification","valueRequired":true,"valueName":"search_term_string"}}],"inLanguage":"es"},{"@type":"Organization","@id":"https:\/\/zapateneo.net\/wordpress\/#organization","name":"Zapateneo Kultur Elkartea","url":"https:\/\/zapateneo.net\/wordpress\/","logo":{"@type":"ImageObject","inLanguage":"es","@id":"https:\/\/zapateneo.net\/wordpress\/#\/schema\/logo\/image\/","url":"https:\/\/zapateneo.net\/wordpress\/wp-content\/uploads\/2021\/04\/zap-libu-kolec.jpg","contentUrl":"https:\/\/zapateneo.net\/wordpress\/wp-content\/uploads\/2021\/04\/zap-libu-kolec.jpg","width":2234,"height":398,"caption":"Zapateneo Kultur Elkartea"},"image":{"@id":"https:\/\/zapateneo.net\/wordpress\/#\/schema\/logo\/image\/"},"sameAs":["https:\/\/x.com\/zapateneo"]}]}},"_links":{"self":[{"href":"https:\/\/zapateneo.net\/wordpress\/index.php\/wp-json\/wp\/v2\/product\/16062","targetHints":{"allow":["GET"]}}],"collection":[{"href":"https:\/\/zapateneo.net\/wordpress\/index.php\/wp-json\/wp\/v2\/product"}],"about":[{"href":"https:\/\/zapateneo.net\/wordpress\/index.php\/wp-json\/wp\/v2\/types\/product"}],"wp:featuredmedia":[{"embeddable":true,"href":"https:\/\/zapateneo.net\/wordpress\/index.php\/wp-json\/wp\/v2\/media\/16077"}],"wp:attachment":[{"href":"https:\/\/zapateneo.net\/wordpress\/index.php\/wp-json\/wp\/v2\/media?parent=16062"}],"wp:term":[{"taxonomy":"product_brand","embeddable":true,"href":"https:\/\/zapateneo.net\/wordpress\/index.php\/wp-json\/wp\/v2\/product_brand?post=16062"},{"taxonomy":"product_cat","embeddable":true,"href":"https:\/\/zapateneo.net\/wordpress\/index.php\/wp-json\/wp\/v2\/product_cat?post=16062"},{"taxonomy":"product_tag","embeddable":true,"href":"https:\/\/zapateneo.net\/wordpress\/index.php\/wp-json\/wp\/v2\/product_tag?post=16062"}],"curies":[{"name":"wp","href":"https:\/\/api.w.org\/{rel}","templated":true}]}}