{"id":16055,"date":"2025-08-15T18:04:33","date_gmt":"2025-08-15T17:04:33","guid":{"rendered":"https:\/\/zapateneo.net\/wordpress\/?post_type=product&#038;p=16055"},"modified":"2025-10-26T16:43:06","modified_gmt":"2025-10-26T15:43:06","slug":"la-risa-y-la-filosofia-historia-de-un-desencuentro-y-propuesta-de-reencuentro","status":"publish","type":"product","link":"https:\/\/zapateneo.net\/wordpress\/index.php\/producto\/la-risa-y-la-filosofia-historia-de-un-desencuentro-y-propuesta-de-reencuentro\/","title":{"rendered":"La risa y la filosof\u00eda Historia de un desencuentro y propuesta de reencuentro"},"content":{"rendered":"<p>Al poder no le gusta la risa. Es m\u00e1s, la Risa podr\u00eda ser (tendr\u00eda que ser) un instrumento revolucionario. As\u00ed pensaba yo en mi ingenuidad hace muchos a\u00f1os. Por desgracia, esta idea no se sostiene: el Poder tambi\u00e9n se r\u00ede\u2026 \u00a1y de qu\u00e9 modo! De manera que el objeto de este estudio se desplaz\u00f3: de analizar la Risa como arma revolucionaria se convirti\u00f3 en un an\u00e1lisis de lo que demonios sea la Risa, porque curiosamente (a pesar de que el ser humano se ha considerado un\u00e1nimemente el \u00fanico animal que r\u00ede) la Risa ha sido casi completamente ignorada por la filosof\u00eda.<\/p>\n<p>Y es que al poder no le gusta la risa\u2026 pero parece que a la Filosof\u00eda tampoco. La Risa no ha estado bien vista en los c\u00edrculos filos\u00f3ficos, especialmente en la Antig\u00fcedad y la Edad Media. A partir del Renacimiento mejora su imagen, si bien s\u00f3lo desde finales del XIX se la empieza a considerar un objeto de estudio \u201cdigno\u201d, sobre todo desde la etolog\u00eda, la psicolog\u00eda y la sociolog\u00eda. De eso hablaremos aqu\u00ed: de qu\u00e9 diantres es la Risa (para descubrir que no somos el \u00fanico animal que r\u00ede), de d\u00f3nde viene y c\u00f3mo apareci\u00f3 (casi hermana siamesa del lenguaje), qu\u00e9 ha dicho la Filosof\u00eda sobre ella (casi todo malo) y, para terminar, qu\u00e9 papel puede desempe\u00f1ar en la sociedad humana, tanto en su faceta constructiva como, por qu\u00e9 no, destruyendo sistemas de poder opresivos.<\/p>\n<p>Construyamos, pues, una sociedad m\u00e1s alegre, ri\u00e9ndonos del poder.<\/p>\n","protected":false},"excerpt":{"rendered":"<p><strong>Roberto Pe\u00f1a Le\u00f3n<\/strong><br \/>\n9788412851731 &#8211; Dado &#8211; 2024 &#8211; 234 p\u00e1ginas \/orri.<\/p>\n","protected":false},"featured_media":16070,"template":"","meta":[],"product_brand":[],"product_cat":[16,173],"product_tag":[6746,7186],"class_list":{"0":"post-16055","1":"product","2":"type-product","3":"status-publish","4":"has-post-thumbnail","6":"product_cat-libros","7":"product_cat-saiakera-ensayo","8":"product_tag-dado","9":"product_tag-roberto-pena-leon","11":"first","12":"onbackorder","13":"sold-individually","14":"shipping-taxable","15":"purchasable","16":"product-type-simple"},"yoast_head":"<!-- This site is optimized with the Yoast SEO plugin v27.3 - https:\/\/yoast.com\/product\/yoast-seo-wordpress\/ -->\n<title>La risa y la filosof\u00eda Historia de un desencuentro y propuesta de reencuentro &#8212; Zapateneo<\/title>\n<meta name=\"robots\" content=\"index, follow, max-snippet:-1, max-image-preview:large, max-video-preview:-1\" \/>\n<link rel=\"canonical\" href=\"https:\/\/zapateneo.net\/wordpress\/index.php\/producto\/la-risa-y-la-filosofia-historia-de-un-desencuentro-y-propuesta-de-reencuentro\/\" \/>\n<meta property=\"og:locale\" content=\"es_ES\" \/>\n<meta property=\"og:type\" content=\"article\" \/>\n<meta property=\"og:title\" content=\"La risa y la filosof\u00eda Historia de un desencuentro y propuesta de reencuentro &#8212; Zapateneo\" \/>\n<meta property=\"og:description\" content=\"Roberto Pe\u00f1a Le\u00f3n 9788412851731 - Dado - 2024 - 234 p\u00e1ginas \/orri.\" \/>\n<meta property=\"og:url\" content=\"https:\/\/zapateneo.net\/wordpress\/index.php\/producto\/la-risa-y-la-filosofia-historia-de-un-desencuentro-y-propuesta-de-reencuentro\/\" \/>\n<meta property=\"og:site_name\" content=\"Zapateneo\" \/>\n<meta property=\"article:modified_time\" content=\"2025-10-26T15:43:06+00:00\" \/>\n<meta property=\"og:image\" content=\"https:\/\/zapateneo.net\/wordpress\/wp-content\/uploads\/2025\/08\/risa-filosofia.jpeg\" \/>\n\t<meta property=\"og:image:width\" content=\"188\" \/>\n\t<meta property=\"og:image:height\" content=\"269\" \/>\n\t<meta property=\"og:image:type\" content=\"image\/jpeg\" \/>\n<meta name=\"twitter:card\" content=\"summary_large_image\" \/>\n<meta name=\"twitter:site\" content=\"@zapateneo\" \/>\n<meta name=\"twitter:label1\" content=\"Tiempo de lectura\" \/>\n\t<meta name=\"twitter:data1\" content=\"1 minuto\" \/>\n<script type=\"application\/ld+json\" class=\"yoast-schema-graph\">{\"@context\":\"https:\\\/\\\/schema.org\",\"@graph\":[{\"@type\":\"WebPage\",\"@id\":\"https:\\\/\\\/zapateneo.net\\\/wordpress\\\/index.php\\\/producto\\\/la-risa-y-la-filosofia-historia-de-un-desencuentro-y-propuesta-de-reencuentro\\\/\",\"url\":\"https:\\\/\\\/zapateneo.net\\\/wordpress\\\/index.php\\\/producto\\\/la-risa-y-la-filosofia-historia-de-un-desencuentro-y-propuesta-de-reencuentro\\\/\",\"name\":\"La risa y la filosof\u00eda Historia de un desencuentro y propuesta de reencuentro &#8212; Zapateneo\",\"isPartOf\":{\"@id\":\"https:\\\/\\\/zapateneo.net\\\/wordpress\\\/#website\"},\"primaryImageOfPage\":{\"@id\":\"https:\\\/\\\/zapateneo.net\\\/wordpress\\\/index.php\\\/producto\\\/la-risa-y-la-filosofia-historia-de-un-desencuentro-y-propuesta-de-reencuentro\\\/#primaryimage\"},\"image\":{\"@id\":\"https:\\\/\\\/zapateneo.net\\\/wordpress\\\/index.php\\\/producto\\\/la-risa-y-la-filosofia-historia-de-un-desencuentro-y-propuesta-de-reencuentro\\\/#primaryimage\"},\"thumbnailUrl\":\"https:\\\/\\\/zapateneo.net\\\/wordpress\\\/wp-content\\\/uploads\\\/2025\\\/08\\\/risa-filosofia.jpeg\",\"datePublished\":\"2025-08-15T17:04:33+00:00\",\"dateModified\":\"2025-10-26T15:43:06+00:00\",\"breadcrumb\":{\"@id\":\"https:\\\/\\\/zapateneo.net\\\/wordpress\\\/index.php\\\/producto\\\/la-risa-y-la-filosofia-historia-de-un-desencuentro-y-propuesta-de-reencuentro\\\/#breadcrumb\"},\"inLanguage\":\"es\",\"potentialAction\":[{\"@type\":\"ReadAction\",\"target\":[\"https:\\\/\\\/zapateneo.net\\\/wordpress\\\/index.php\\\/producto\\\/la-risa-y-la-filosofia-historia-de-un-desencuentro-y-propuesta-de-reencuentro\\\/\"]}]},{\"@type\":\"ImageObject\",\"inLanguage\":\"es\",\"@id\":\"https:\\\/\\\/zapateneo.net\\\/wordpress\\\/index.php\\\/producto\\\/la-risa-y-la-filosofia-historia-de-un-desencuentro-y-propuesta-de-reencuentro\\\/#primaryimage\",\"url\":\"https:\\\/\\\/zapateneo.net\\\/wordpress\\\/wp-content\\\/uploads\\\/2025\\\/08\\\/risa-filosofia.jpeg\",\"contentUrl\":\"https:\\\/\\\/zapateneo.net\\\/wordpress\\\/wp-content\\\/uploads\\\/2025\\\/08\\\/risa-filosofia.jpeg\",\"width\":188,\"height\":269},{\"@type\":\"BreadcrumbList\",\"@id\":\"https:\\\/\\\/zapateneo.net\\\/wordpress\\\/index.php\\\/producto\\\/la-risa-y-la-filosofia-historia-de-un-desencuentro-y-propuesta-de-reencuentro\\\/#breadcrumb\",\"itemListElement\":[{\"@type\":\"ListItem\",\"position\":1,\"name\":\"Portada\",\"item\":\"https:\\\/\\\/zapateneo.net\\\/wordpress\\\/\"},{\"@type\":\"ListItem\",\"position\":2,\"name\":\"Tienda\",\"item\":\"https:\\\/\\\/zapateneo.net\\\/wordpress\\\/\"},{\"@type\":\"ListItem\",\"position\":3,\"name\":\"La risa y la filosof\u00eda Historia de un desencuentro y propuesta de reencuentro\"}]},{\"@type\":\"WebSite\",\"@id\":\"https:\\\/\\\/zapateneo.net\\\/wordpress\\\/#website\",\"url\":\"https:\\\/\\\/zapateneo.net\\\/wordpress\\\/\",\"name\":\"Zapateneo\",\"description\":\"Zapateneoaren webgunea\",\"publisher\":{\"@id\":\"https:\\\/\\\/zapateneo.net\\\/wordpress\\\/#organization\"},\"potentialAction\":[{\"@type\":\"SearchAction\",\"target\":{\"@type\":\"EntryPoint\",\"urlTemplate\":\"https:\\\/\\\/zapateneo.net\\\/wordpress\\\/?s={search_term_string}\"},\"query-input\":{\"@type\":\"PropertyValueSpecification\",\"valueRequired\":true,\"valueName\":\"search_term_string\"}}],\"inLanguage\":\"es\"},{\"@type\":\"Organization\",\"@id\":\"https:\\\/\\\/zapateneo.net\\\/wordpress\\\/#organization\",\"name\":\"Zapateneo Kultur Elkartea\",\"url\":\"https:\\\/\\\/zapateneo.net\\\/wordpress\\\/\",\"logo\":{\"@type\":\"ImageObject\",\"inLanguage\":\"es\",\"@id\":\"https:\\\/\\\/zapateneo.net\\\/wordpress\\\/#\\\/schema\\\/logo\\\/image\\\/\",\"url\":\"https:\\\/\\\/zapateneo.net\\\/wordpress\\\/wp-content\\\/uploads\\\/2021\\\/04\\\/zap-libu-kolec.jpg\",\"contentUrl\":\"https:\\\/\\\/zapateneo.net\\\/wordpress\\\/wp-content\\\/uploads\\\/2021\\\/04\\\/zap-libu-kolec.jpg\",\"width\":2234,\"height\":398,\"caption\":\"Zapateneo Kultur Elkartea\"},\"image\":{\"@id\":\"https:\\\/\\\/zapateneo.net\\\/wordpress\\\/#\\\/schema\\\/logo\\\/image\\\/\"},\"sameAs\":[\"https:\\\/\\\/x.com\\\/zapateneo\"]}]}<\/script>\n<!-- \/ Yoast SEO plugin. -->","yoast_head_json":{"title":"La risa y la filosof\u00eda Historia de un desencuentro y propuesta de reencuentro &#8212; Zapateneo","robots":{"index":"index","follow":"follow","max-snippet":"max-snippet:-1","max-image-preview":"max-image-preview:large","max-video-preview":"max-video-preview:-1"},"canonical":"https:\/\/zapateneo.net\/wordpress\/index.php\/producto\/la-risa-y-la-filosofia-historia-de-un-desencuentro-y-propuesta-de-reencuentro\/","og_locale":"es_ES","og_type":"article","og_title":"La risa y la filosof\u00eda Historia de un desencuentro y propuesta de reencuentro &#8212; Zapateneo","og_description":"Roberto Pe\u00f1a Le\u00f3n 9788412851731 - Dado - 2024 - 234 p\u00e1ginas \/orri.","og_url":"https:\/\/zapateneo.net\/wordpress\/index.php\/producto\/la-risa-y-la-filosofia-historia-de-un-desencuentro-y-propuesta-de-reencuentro\/","og_site_name":"Zapateneo","article_modified_time":"2025-10-26T15:43:06+00:00","og_image":[{"width":188,"height":269,"url":"https:\/\/zapateneo.net\/wordpress\/wp-content\/uploads\/2025\/08\/risa-filosofia.jpeg","type":"image\/jpeg"}],"twitter_card":"summary_large_image","twitter_site":"@zapateneo","twitter_misc":{"Tiempo de lectura":"1 minuto"},"schema":{"@context":"https:\/\/schema.org","@graph":[{"@type":"WebPage","@id":"https:\/\/zapateneo.net\/wordpress\/index.php\/producto\/la-risa-y-la-filosofia-historia-de-un-desencuentro-y-propuesta-de-reencuentro\/","url":"https:\/\/zapateneo.net\/wordpress\/index.php\/producto\/la-risa-y-la-filosofia-historia-de-un-desencuentro-y-propuesta-de-reencuentro\/","name":"La risa y la filosof\u00eda Historia de un desencuentro y propuesta de reencuentro &#8212; Zapateneo","isPartOf":{"@id":"https:\/\/zapateneo.net\/wordpress\/#website"},"primaryImageOfPage":{"@id":"https:\/\/zapateneo.net\/wordpress\/index.php\/producto\/la-risa-y-la-filosofia-historia-de-un-desencuentro-y-propuesta-de-reencuentro\/#primaryimage"},"image":{"@id":"https:\/\/zapateneo.net\/wordpress\/index.php\/producto\/la-risa-y-la-filosofia-historia-de-un-desencuentro-y-propuesta-de-reencuentro\/#primaryimage"},"thumbnailUrl":"https:\/\/zapateneo.net\/wordpress\/wp-content\/uploads\/2025\/08\/risa-filosofia.jpeg","datePublished":"2025-08-15T17:04:33+00:00","dateModified":"2025-10-26T15:43:06+00:00","breadcrumb":{"@id":"https:\/\/zapateneo.net\/wordpress\/index.php\/producto\/la-risa-y-la-filosofia-historia-de-un-desencuentro-y-propuesta-de-reencuentro\/#breadcrumb"},"inLanguage":"es","potentialAction":[{"@type":"ReadAction","target":["https:\/\/zapateneo.net\/wordpress\/index.php\/producto\/la-risa-y-la-filosofia-historia-de-un-desencuentro-y-propuesta-de-reencuentro\/"]}]},{"@type":"ImageObject","inLanguage":"es","@id":"https:\/\/zapateneo.net\/wordpress\/index.php\/producto\/la-risa-y-la-filosofia-historia-de-un-desencuentro-y-propuesta-de-reencuentro\/#primaryimage","url":"https:\/\/zapateneo.net\/wordpress\/wp-content\/uploads\/2025\/08\/risa-filosofia.jpeg","contentUrl":"https:\/\/zapateneo.net\/wordpress\/wp-content\/uploads\/2025\/08\/risa-filosofia.jpeg","width":188,"height":269},{"@type":"BreadcrumbList","@id":"https:\/\/zapateneo.net\/wordpress\/index.php\/producto\/la-risa-y-la-filosofia-historia-de-un-desencuentro-y-propuesta-de-reencuentro\/#breadcrumb","itemListElement":[{"@type":"ListItem","position":1,"name":"Portada","item":"https:\/\/zapateneo.net\/wordpress\/"},{"@type":"ListItem","position":2,"name":"Tienda","item":"https:\/\/zapateneo.net\/wordpress\/"},{"@type":"ListItem","position":3,"name":"La risa y la filosof\u00eda Historia de un desencuentro y propuesta de reencuentro"}]},{"@type":"WebSite","@id":"https:\/\/zapateneo.net\/wordpress\/#website","url":"https:\/\/zapateneo.net\/wordpress\/","name":"Zapateneo","description":"Zapateneoaren webgunea","publisher":{"@id":"https:\/\/zapateneo.net\/wordpress\/#organization"},"potentialAction":[{"@type":"SearchAction","target":{"@type":"EntryPoint","urlTemplate":"https:\/\/zapateneo.net\/wordpress\/?s={search_term_string}"},"query-input":{"@type":"PropertyValueSpecification","valueRequired":true,"valueName":"search_term_string"}}],"inLanguage":"es"},{"@type":"Organization","@id":"https:\/\/zapateneo.net\/wordpress\/#organization","name":"Zapateneo Kultur Elkartea","url":"https:\/\/zapateneo.net\/wordpress\/","logo":{"@type":"ImageObject","inLanguage":"es","@id":"https:\/\/zapateneo.net\/wordpress\/#\/schema\/logo\/image\/","url":"https:\/\/zapateneo.net\/wordpress\/wp-content\/uploads\/2021\/04\/zap-libu-kolec.jpg","contentUrl":"https:\/\/zapateneo.net\/wordpress\/wp-content\/uploads\/2021\/04\/zap-libu-kolec.jpg","width":2234,"height":398,"caption":"Zapateneo Kultur Elkartea"},"image":{"@id":"https:\/\/zapateneo.net\/wordpress\/#\/schema\/logo\/image\/"},"sameAs":["https:\/\/x.com\/zapateneo"]}]}},"_links":{"self":[{"href":"https:\/\/zapateneo.net\/wordpress\/index.php\/wp-json\/wp\/v2\/product\/16055","targetHints":{"allow":["GET"]}}],"collection":[{"href":"https:\/\/zapateneo.net\/wordpress\/index.php\/wp-json\/wp\/v2\/product"}],"about":[{"href":"https:\/\/zapateneo.net\/wordpress\/index.php\/wp-json\/wp\/v2\/types\/product"}],"wp:featuredmedia":[{"embeddable":true,"href":"https:\/\/zapateneo.net\/wordpress\/index.php\/wp-json\/wp\/v2\/media\/16070"}],"wp:attachment":[{"href":"https:\/\/zapateneo.net\/wordpress\/index.php\/wp-json\/wp\/v2\/media?parent=16055"}],"wp:term":[{"taxonomy":"product_brand","embeddable":true,"href":"https:\/\/zapateneo.net\/wordpress\/index.php\/wp-json\/wp\/v2\/product_brand?post=16055"},{"taxonomy":"product_cat","embeddable":true,"href":"https:\/\/zapateneo.net\/wordpress\/index.php\/wp-json\/wp\/v2\/product_cat?post=16055"},{"taxonomy":"product_tag","embeddable":true,"href":"https:\/\/zapateneo.net\/wordpress\/index.php\/wp-json\/wp\/v2\/product_tag?post=16055"}],"curies":[{"name":"wp","href":"https:\/\/api.w.org\/{rel}","templated":true}]}}