{"id":16053,"date":"2025-08-15T18:04:32","date_gmt":"2025-08-15T17:04:32","guid":{"rendered":"https:\/\/zapateneo.net\/wordpress\/?post_type=product&#038;p=16053"},"modified":"2025-10-26T16:43:08","modified_gmt":"2025-10-26T15:43:08","slug":"gotico-urbano-nuevas-historias-de-ficcion-urbana-escritas-por-mujeres","status":"publish","type":"product","link":"https:\/\/zapateneo.net\/wordpress\/index.php\/producto\/gotico-urbano-nuevas-historias-de-ficcion-urbana-escritas-por-mujeres\/","title":{"rendered":"G\u00f3tico urbano Nuevas historias de ficci\u00f3n urbana escritas por mujeres"},"content":{"rendered":"<p>Durante siglos en la historia de la literatura, lo inquietante qued\u00f3 adscrito al \u00e1mbito de lo rural: la oscuridad de los bosques ha engendrado todo tipo de monstruos y de estremecimientos. Era en la espesura donde moraba aquello que estaba fuera del control de los seres humanos, m\u00e1s all\u00e1 de su l\u00f3gica, de su poder o de los l\u00edmites que dibujaban sus mapas. Pero, casi sin darnos cuenta, lo inquietante se ha asentado en el interior de las grandes ciudades. El hallazgo de estos nuevos horrores pone en evidencia que el artificio del bienestar en el que se asentaba nuestra civilizaci\u00f3n no era m\u00e1s que eso: un enga\u00f1o, una artima\u00f1a con la que mantenernos callados e inm\u00f3viles, una nueva forma de esclavitud, miseria y desigualdad bajo el terror de unos amos m\u00e1s humanos, m\u00e1s parecidos a nosotros.<\/p>\n<p>Esta antolog\u00eda, que recoge las voces de algunas de las mejores autoras actuales del g\u00e9nero, nos sit\u00faa frente al reflejo torcido de un mundo construido en hormig\u00f3n, un retablo de las ansiedades de los habitantes de la metr\u00f3polis: alienaci\u00f3n, pobreza, marginaci\u00f3n. En estos relatos hay historias sobre futuros truncados y crisis de vivienda, pero tambi\u00e9n sobre inmigraci\u00f3n, turismo predatorio y colonialismo; pandemias, violencia contra las mujeres, las consecuencias del cambio clim\u00e1tico y la explotaci\u00f3n laboral. Sirvan como testigo de nuestras pesadillas.<\/p>\n","protected":false},"excerpt":{"rendered":"<p><strong>vvaa<\/strong><br \/>\n9788412331097 &#8211; Horror Vacui &#8211; 2024 &#8211; 168 p\u00e1ginas \/orri.<\/p>\n","protected":false},"featured_media":16068,"template":"","meta":[],"product_brand":[],"product_cat":[16,187],"product_tag":[7185,6967],"class_list":{"0":"post-16053","1":"product","2":"type-product","3":"status-publish","4":"has-post-thumbnail","6":"product_cat-libros","7":"product_cat-narratiba-narrativa","8":"product_tag-horror-vacui","9":"product_tag-vvaa","11":"first","12":"onbackorder","13":"sold-individually","14":"shipping-taxable","15":"purchasable","16":"product-type-simple"},"yoast_head":"<!-- This site is optimized with the Yoast SEO plugin v27.3 - https:\/\/yoast.com\/product\/yoast-seo-wordpress\/ -->\n<title>G\u00f3tico urbano Nuevas historias de ficci\u00f3n urbana escritas por mujeres &#8212; Zapateneo<\/title>\n<meta name=\"robots\" content=\"index, follow, max-snippet:-1, max-image-preview:large, max-video-preview:-1\" \/>\n<link rel=\"canonical\" href=\"https:\/\/zapateneo.net\/wordpress\/index.php\/producto\/gotico-urbano-nuevas-historias-de-ficcion-urbana-escritas-por-mujeres\/\" \/>\n<meta property=\"og:locale\" content=\"es_ES\" \/>\n<meta property=\"og:type\" content=\"article\" \/>\n<meta property=\"og:title\" content=\"G\u00f3tico urbano Nuevas historias de ficci\u00f3n urbana escritas por mujeres &#8212; Zapateneo\" \/>\n<meta property=\"og:description\" content=\"vvaa 9788412331097 - Horror Vacui - 2024 - 168 p\u00e1ginas \/orri.\" \/>\n<meta property=\"og:url\" content=\"https:\/\/zapateneo.net\/wordpress\/index.php\/producto\/gotico-urbano-nuevas-historias-de-ficcion-urbana-escritas-por-mujeres\/\" \/>\n<meta property=\"og:site_name\" content=\"Zapateneo\" \/>\n<meta property=\"article:modified_time\" content=\"2025-10-26T15:43:08+00:00\" \/>\n<meta property=\"og:image\" content=\"https:\/\/zapateneo.net\/wordpress\/wp-content\/uploads\/2025\/08\/9788412331097.jpg\" \/>\n\t<meta property=\"og:image:width\" content=\"212\" \/>\n\t<meta property=\"og:image:height\" content=\"300\" \/>\n\t<meta property=\"og:image:type\" content=\"image\/jpeg\" \/>\n<meta name=\"twitter:card\" content=\"summary_large_image\" \/>\n<meta name=\"twitter:site\" content=\"@zapateneo\" \/>\n<meta name=\"twitter:label1\" content=\"Tiempo de lectura\" \/>\n\t<meta name=\"twitter:data1\" content=\"1 minuto\" \/>\n<script type=\"application\/ld+json\" class=\"yoast-schema-graph\">{\"@context\":\"https:\\\/\\\/schema.org\",\"@graph\":[{\"@type\":\"WebPage\",\"@id\":\"https:\\\/\\\/zapateneo.net\\\/wordpress\\\/index.php\\\/producto\\\/gotico-urbano-nuevas-historias-de-ficcion-urbana-escritas-por-mujeres\\\/\",\"url\":\"https:\\\/\\\/zapateneo.net\\\/wordpress\\\/index.php\\\/producto\\\/gotico-urbano-nuevas-historias-de-ficcion-urbana-escritas-por-mujeres\\\/\",\"name\":\"G\u00f3tico urbano Nuevas historias de ficci\u00f3n urbana escritas por mujeres &#8212; Zapateneo\",\"isPartOf\":{\"@id\":\"https:\\\/\\\/zapateneo.net\\\/wordpress\\\/#website\"},\"primaryImageOfPage\":{\"@id\":\"https:\\\/\\\/zapateneo.net\\\/wordpress\\\/index.php\\\/producto\\\/gotico-urbano-nuevas-historias-de-ficcion-urbana-escritas-por-mujeres\\\/#primaryimage\"},\"image\":{\"@id\":\"https:\\\/\\\/zapateneo.net\\\/wordpress\\\/index.php\\\/producto\\\/gotico-urbano-nuevas-historias-de-ficcion-urbana-escritas-por-mujeres\\\/#primaryimage\"},\"thumbnailUrl\":\"https:\\\/\\\/zapateneo.net\\\/wordpress\\\/wp-content\\\/uploads\\\/2025\\\/08\\\/9788412331097.jpg\",\"datePublished\":\"2025-08-15T17:04:32+00:00\",\"dateModified\":\"2025-10-26T15:43:08+00:00\",\"breadcrumb\":{\"@id\":\"https:\\\/\\\/zapateneo.net\\\/wordpress\\\/index.php\\\/producto\\\/gotico-urbano-nuevas-historias-de-ficcion-urbana-escritas-por-mujeres\\\/#breadcrumb\"},\"inLanguage\":\"es\",\"potentialAction\":[{\"@type\":\"ReadAction\",\"target\":[\"https:\\\/\\\/zapateneo.net\\\/wordpress\\\/index.php\\\/producto\\\/gotico-urbano-nuevas-historias-de-ficcion-urbana-escritas-por-mujeres\\\/\"]}]},{\"@type\":\"ImageObject\",\"inLanguage\":\"es\",\"@id\":\"https:\\\/\\\/zapateneo.net\\\/wordpress\\\/index.php\\\/producto\\\/gotico-urbano-nuevas-historias-de-ficcion-urbana-escritas-por-mujeres\\\/#primaryimage\",\"url\":\"https:\\\/\\\/zapateneo.net\\\/wordpress\\\/wp-content\\\/uploads\\\/2025\\\/08\\\/9788412331097.jpg\",\"contentUrl\":\"https:\\\/\\\/zapateneo.net\\\/wordpress\\\/wp-content\\\/uploads\\\/2025\\\/08\\\/9788412331097.jpg\",\"width\":212,\"height\":300},{\"@type\":\"BreadcrumbList\",\"@id\":\"https:\\\/\\\/zapateneo.net\\\/wordpress\\\/index.php\\\/producto\\\/gotico-urbano-nuevas-historias-de-ficcion-urbana-escritas-por-mujeres\\\/#breadcrumb\",\"itemListElement\":[{\"@type\":\"ListItem\",\"position\":1,\"name\":\"Portada\",\"item\":\"https:\\\/\\\/zapateneo.net\\\/wordpress\\\/\"},{\"@type\":\"ListItem\",\"position\":2,\"name\":\"Tienda\",\"item\":\"https:\\\/\\\/zapateneo.net\\\/wordpress\\\/\"},{\"@type\":\"ListItem\",\"position\":3,\"name\":\"G\u00f3tico urbano Nuevas historias de ficci\u00f3n urbana escritas por mujeres\"}]},{\"@type\":\"WebSite\",\"@id\":\"https:\\\/\\\/zapateneo.net\\\/wordpress\\\/#website\",\"url\":\"https:\\\/\\\/zapateneo.net\\\/wordpress\\\/\",\"name\":\"Zapateneo\",\"description\":\"Zapateneoaren webgunea\",\"publisher\":{\"@id\":\"https:\\\/\\\/zapateneo.net\\\/wordpress\\\/#organization\"},\"potentialAction\":[{\"@type\":\"SearchAction\",\"target\":{\"@type\":\"EntryPoint\",\"urlTemplate\":\"https:\\\/\\\/zapateneo.net\\\/wordpress\\\/?s={search_term_string}\"},\"query-input\":{\"@type\":\"PropertyValueSpecification\",\"valueRequired\":true,\"valueName\":\"search_term_string\"}}],\"inLanguage\":\"es\"},{\"@type\":\"Organization\",\"@id\":\"https:\\\/\\\/zapateneo.net\\\/wordpress\\\/#organization\",\"name\":\"Zapateneo Kultur Elkartea\",\"url\":\"https:\\\/\\\/zapateneo.net\\\/wordpress\\\/\",\"logo\":{\"@type\":\"ImageObject\",\"inLanguage\":\"es\",\"@id\":\"https:\\\/\\\/zapateneo.net\\\/wordpress\\\/#\\\/schema\\\/logo\\\/image\\\/\",\"url\":\"https:\\\/\\\/zapateneo.net\\\/wordpress\\\/wp-content\\\/uploads\\\/2021\\\/04\\\/zap-libu-kolec.jpg\",\"contentUrl\":\"https:\\\/\\\/zapateneo.net\\\/wordpress\\\/wp-content\\\/uploads\\\/2021\\\/04\\\/zap-libu-kolec.jpg\",\"width\":2234,\"height\":398,\"caption\":\"Zapateneo Kultur Elkartea\"},\"image\":{\"@id\":\"https:\\\/\\\/zapateneo.net\\\/wordpress\\\/#\\\/schema\\\/logo\\\/image\\\/\"},\"sameAs\":[\"https:\\\/\\\/x.com\\\/zapateneo\"]}]}<\/script>\n<!-- \/ Yoast SEO plugin. -->","yoast_head_json":{"title":"G\u00f3tico urbano Nuevas historias de ficci\u00f3n urbana escritas por mujeres &#8212; Zapateneo","robots":{"index":"index","follow":"follow","max-snippet":"max-snippet:-1","max-image-preview":"max-image-preview:large","max-video-preview":"max-video-preview:-1"},"canonical":"https:\/\/zapateneo.net\/wordpress\/index.php\/producto\/gotico-urbano-nuevas-historias-de-ficcion-urbana-escritas-por-mujeres\/","og_locale":"es_ES","og_type":"article","og_title":"G\u00f3tico urbano Nuevas historias de ficci\u00f3n urbana escritas por mujeres &#8212; Zapateneo","og_description":"vvaa 9788412331097 - Horror Vacui - 2024 - 168 p\u00e1ginas \/orri.","og_url":"https:\/\/zapateneo.net\/wordpress\/index.php\/producto\/gotico-urbano-nuevas-historias-de-ficcion-urbana-escritas-por-mujeres\/","og_site_name":"Zapateneo","article_modified_time":"2025-10-26T15:43:08+00:00","og_image":[{"width":212,"height":300,"url":"https:\/\/zapateneo.net\/wordpress\/wp-content\/uploads\/2025\/08\/9788412331097.jpg","type":"image\/jpeg"}],"twitter_card":"summary_large_image","twitter_site":"@zapateneo","twitter_misc":{"Tiempo de lectura":"1 minuto"},"schema":{"@context":"https:\/\/schema.org","@graph":[{"@type":"WebPage","@id":"https:\/\/zapateneo.net\/wordpress\/index.php\/producto\/gotico-urbano-nuevas-historias-de-ficcion-urbana-escritas-por-mujeres\/","url":"https:\/\/zapateneo.net\/wordpress\/index.php\/producto\/gotico-urbano-nuevas-historias-de-ficcion-urbana-escritas-por-mujeres\/","name":"G\u00f3tico urbano Nuevas historias de ficci\u00f3n urbana escritas por mujeres &#8212; Zapateneo","isPartOf":{"@id":"https:\/\/zapateneo.net\/wordpress\/#website"},"primaryImageOfPage":{"@id":"https:\/\/zapateneo.net\/wordpress\/index.php\/producto\/gotico-urbano-nuevas-historias-de-ficcion-urbana-escritas-por-mujeres\/#primaryimage"},"image":{"@id":"https:\/\/zapateneo.net\/wordpress\/index.php\/producto\/gotico-urbano-nuevas-historias-de-ficcion-urbana-escritas-por-mujeres\/#primaryimage"},"thumbnailUrl":"https:\/\/zapateneo.net\/wordpress\/wp-content\/uploads\/2025\/08\/9788412331097.jpg","datePublished":"2025-08-15T17:04:32+00:00","dateModified":"2025-10-26T15:43:08+00:00","breadcrumb":{"@id":"https:\/\/zapateneo.net\/wordpress\/index.php\/producto\/gotico-urbano-nuevas-historias-de-ficcion-urbana-escritas-por-mujeres\/#breadcrumb"},"inLanguage":"es","potentialAction":[{"@type":"ReadAction","target":["https:\/\/zapateneo.net\/wordpress\/index.php\/producto\/gotico-urbano-nuevas-historias-de-ficcion-urbana-escritas-por-mujeres\/"]}]},{"@type":"ImageObject","inLanguage":"es","@id":"https:\/\/zapateneo.net\/wordpress\/index.php\/producto\/gotico-urbano-nuevas-historias-de-ficcion-urbana-escritas-por-mujeres\/#primaryimage","url":"https:\/\/zapateneo.net\/wordpress\/wp-content\/uploads\/2025\/08\/9788412331097.jpg","contentUrl":"https:\/\/zapateneo.net\/wordpress\/wp-content\/uploads\/2025\/08\/9788412331097.jpg","width":212,"height":300},{"@type":"BreadcrumbList","@id":"https:\/\/zapateneo.net\/wordpress\/index.php\/producto\/gotico-urbano-nuevas-historias-de-ficcion-urbana-escritas-por-mujeres\/#breadcrumb","itemListElement":[{"@type":"ListItem","position":1,"name":"Portada","item":"https:\/\/zapateneo.net\/wordpress\/"},{"@type":"ListItem","position":2,"name":"Tienda","item":"https:\/\/zapateneo.net\/wordpress\/"},{"@type":"ListItem","position":3,"name":"G\u00f3tico urbano Nuevas historias de ficci\u00f3n urbana escritas por mujeres"}]},{"@type":"WebSite","@id":"https:\/\/zapateneo.net\/wordpress\/#website","url":"https:\/\/zapateneo.net\/wordpress\/","name":"Zapateneo","description":"Zapateneoaren webgunea","publisher":{"@id":"https:\/\/zapateneo.net\/wordpress\/#organization"},"potentialAction":[{"@type":"SearchAction","target":{"@type":"EntryPoint","urlTemplate":"https:\/\/zapateneo.net\/wordpress\/?s={search_term_string}"},"query-input":{"@type":"PropertyValueSpecification","valueRequired":true,"valueName":"search_term_string"}}],"inLanguage":"es"},{"@type":"Organization","@id":"https:\/\/zapateneo.net\/wordpress\/#organization","name":"Zapateneo Kultur Elkartea","url":"https:\/\/zapateneo.net\/wordpress\/","logo":{"@type":"ImageObject","inLanguage":"es","@id":"https:\/\/zapateneo.net\/wordpress\/#\/schema\/logo\/image\/","url":"https:\/\/zapateneo.net\/wordpress\/wp-content\/uploads\/2021\/04\/zap-libu-kolec.jpg","contentUrl":"https:\/\/zapateneo.net\/wordpress\/wp-content\/uploads\/2021\/04\/zap-libu-kolec.jpg","width":2234,"height":398,"caption":"Zapateneo Kultur Elkartea"},"image":{"@id":"https:\/\/zapateneo.net\/wordpress\/#\/schema\/logo\/image\/"},"sameAs":["https:\/\/x.com\/zapateneo"]}]}},"_links":{"self":[{"href":"https:\/\/zapateneo.net\/wordpress\/index.php\/wp-json\/wp\/v2\/product\/16053","targetHints":{"allow":["GET"]}}],"collection":[{"href":"https:\/\/zapateneo.net\/wordpress\/index.php\/wp-json\/wp\/v2\/product"}],"about":[{"href":"https:\/\/zapateneo.net\/wordpress\/index.php\/wp-json\/wp\/v2\/types\/product"}],"wp:featuredmedia":[{"embeddable":true,"href":"https:\/\/zapateneo.net\/wordpress\/index.php\/wp-json\/wp\/v2\/media\/16068"}],"wp:attachment":[{"href":"https:\/\/zapateneo.net\/wordpress\/index.php\/wp-json\/wp\/v2\/media?parent=16053"}],"wp:term":[{"taxonomy":"product_brand","embeddable":true,"href":"https:\/\/zapateneo.net\/wordpress\/index.php\/wp-json\/wp\/v2\/product_brand?post=16053"},{"taxonomy":"product_cat","embeddable":true,"href":"https:\/\/zapateneo.net\/wordpress\/index.php\/wp-json\/wp\/v2\/product_cat?post=16053"},{"taxonomy":"product_tag","embeddable":true,"href":"https:\/\/zapateneo.net\/wordpress\/index.php\/wp-json\/wp\/v2\/product_tag?post=16053"}],"curies":[{"name":"wp","href":"https:\/\/api.w.org\/{rel}","templated":true}]}}