{"id":16031,"date":"2025-08-15T11:13:01","date_gmt":"2025-08-15T10:13:01","guid":{"rendered":"https:\/\/zapateneo.net\/wordpress\/?post_type=product&#038;p=16031"},"modified":"2025-10-26T16:43:13","modified_gmt":"2025-10-26T15:43:13","slug":"historia-del-batallon-de-zapadores-no-8-askatasuna","status":"publish","type":"product","link":"https:\/\/zapateneo.net\/wordpress\/index.php\/producto\/historia-del-batallon-de-zapadores-no-8-askatasuna\/","title":{"rendered":"Historia del Batall\u00f3n de zapadores N\u00ba 8 ASKATASUNA"},"content":{"rendered":"<p>El historiador santurtziarra Eduardo Renobales completa con esta obra su trilog\u00eda de ensayos sobre los Batallones de ANV-EAE (Acci\u00f3n Nacionalista Vasca-Eusko Abertzale Ekintza), peque\u00f1o partido nacionalista vasco surgido en los a\u00f1os treinta como una alternativa de izquierdas al PNV. En cierto modo fueron el antecedente de lo que es hoy en d\u00eda la Izquierda Abertzale.  Durante la Guerra Civil ANV aport\u00f3 varios batallones al Ej\u00e9rcito Vasco y algunas de sus unidades terminaron combatiendo en los bosques asturianos en los estertores del Frente Norte. <\/p>\n<p>Con la publicaci\u00f3n del libro \u00abLa historia del Batall\u00f3n de Zapadores N\u00ba 8 Askatasuna\u00bb, Renobales finaliza la trilog\u00eda \u00abLos nombres de la libertad\u00bb, compuesta asimismo por las obras dedicadas a los Batallones Olabarri y al Eusko Indarra-ANV2, concluyendo la intenci\u00f3n del autor de plasmar \u201cun compromiso absoluto de la militancia de esa formaci\u00f3n en la defensa de las ideas democr\u00e1ticas, republicanas y de liberaci\u00f3n nacional de Euskal Herria\u00bb, un legado que el autor trata de sacar de la oscuridad, del ostracismo y de la ignorancia para provecho de las futuras generaciones. En definitiva un trabajo de memoria hist\u00f3rica donde, al igual que en los dos libros anteriores, el autor rescata el listado con los nombres de quienes formaron parte de esta peque\u00f1a y hero\u00edca unidad de combate. Todo ello ilustrado con fotograf\u00edas, mapas, cart\u00e9les y documentos de la \u00e9poca.<\/p>\n","protected":false},"excerpt":{"rendered":"<p><strong>Eduardo Renobales<\/strong><br \/>\n9788412961102 &#8211; Sare Antifaxista &#8211; 2024 &#8211; 118 p\u00e1ginas \/orri.<\/p>\n","protected":false},"featured_media":16047,"template":"","meta":[],"product_brand":[],"product_cat":[185,16],"product_tag":[7179,730],"class_list":{"0":"post-16031","1":"product","2":"type-product","3":"status-publish","4":"has-post-thumbnail","6":"product_cat-historia","7":"product_cat-libros","8":"product_tag-eduardo-renobales","9":"product_tag-sare-antifaxista","11":"first","12":"onbackorder","13":"sold-individually","14":"shipping-taxable","15":"purchasable","16":"product-type-simple"},"yoast_head":"<!-- This site is optimized with the Yoast SEO plugin v27.3 - https:\/\/yoast.com\/product\/yoast-seo-wordpress\/ -->\n<title>Historia del Batall\u00f3n de zapadores N\u00ba 8 ASKATASUNA &#8212; Zapateneo<\/title>\n<meta name=\"robots\" content=\"index, follow, max-snippet:-1, max-image-preview:large, max-video-preview:-1\" \/>\n<link rel=\"canonical\" href=\"https:\/\/zapateneo.net\/wordpress\/index.php\/producto\/historia-del-batallon-de-zapadores-no-8-askatasuna\/\" \/>\n<meta property=\"og:locale\" content=\"es_ES\" \/>\n<meta property=\"og:type\" content=\"article\" \/>\n<meta property=\"og:title\" content=\"Historia del Batall\u00f3n de zapadores N\u00ba 8 ASKATASUNA &#8212; Zapateneo\" \/>\n<meta property=\"og:description\" content=\"Eduardo Renobales 9788412961102 - Sare Antifaxista - 2024 - 118 p\u00e1ginas \/orri.\" \/>\n<meta property=\"og:url\" content=\"https:\/\/zapateneo.net\/wordpress\/index.php\/producto\/historia-del-batallon-de-zapadores-no-8-askatasuna\/\" \/>\n<meta property=\"og:site_name\" content=\"Zapateneo\" \/>\n<meta property=\"article:modified_time\" content=\"2025-10-26T15:43:13+00:00\" \/>\n<meta property=\"og:image\" content=\"https:\/\/zapateneo.net\/wordpress\/wp-content\/uploads\/2025\/08\/9788412961102_historia_del_batalln_de_zapadores_n8_askatasuna.jpg\" \/>\n\t<meta property=\"og:image:width\" content=\"278\" \/>\n\t<meta property=\"og:image:height\" content=\"400\" \/>\n\t<meta property=\"og:image:type\" content=\"image\/jpeg\" \/>\n<meta name=\"twitter:card\" content=\"summary_large_image\" \/>\n<meta name=\"twitter:site\" content=\"@zapateneo\" \/>\n<meta name=\"twitter:label1\" content=\"Tiempo de lectura\" \/>\n\t<meta name=\"twitter:data1\" content=\"1 minuto\" \/>\n<script type=\"application\/ld+json\" class=\"yoast-schema-graph\">{\"@context\":\"https:\\\/\\\/schema.org\",\"@graph\":[{\"@type\":\"WebPage\",\"@id\":\"https:\\\/\\\/zapateneo.net\\\/wordpress\\\/index.php\\\/producto\\\/historia-del-batallon-de-zapadores-no-8-askatasuna\\\/\",\"url\":\"https:\\\/\\\/zapateneo.net\\\/wordpress\\\/index.php\\\/producto\\\/historia-del-batallon-de-zapadores-no-8-askatasuna\\\/\",\"name\":\"Historia del Batall\u00f3n de zapadores N\u00ba 8 ASKATASUNA &#8212; Zapateneo\",\"isPartOf\":{\"@id\":\"https:\\\/\\\/zapateneo.net\\\/wordpress\\\/#website\"},\"primaryImageOfPage\":{\"@id\":\"https:\\\/\\\/zapateneo.net\\\/wordpress\\\/index.php\\\/producto\\\/historia-del-batallon-de-zapadores-no-8-askatasuna\\\/#primaryimage\"},\"image\":{\"@id\":\"https:\\\/\\\/zapateneo.net\\\/wordpress\\\/index.php\\\/producto\\\/historia-del-batallon-de-zapadores-no-8-askatasuna\\\/#primaryimage\"},\"thumbnailUrl\":\"https:\\\/\\\/zapateneo.net\\\/wordpress\\\/wp-content\\\/uploads\\\/2025\\\/08\\\/9788412961102_historia_del_batalln_de_zapadores_n8_askatasuna.jpg\",\"datePublished\":\"2025-08-15T10:13:01+00:00\",\"dateModified\":\"2025-10-26T15:43:13+00:00\",\"breadcrumb\":{\"@id\":\"https:\\\/\\\/zapateneo.net\\\/wordpress\\\/index.php\\\/producto\\\/historia-del-batallon-de-zapadores-no-8-askatasuna\\\/#breadcrumb\"},\"inLanguage\":\"es\",\"potentialAction\":[{\"@type\":\"ReadAction\",\"target\":[\"https:\\\/\\\/zapateneo.net\\\/wordpress\\\/index.php\\\/producto\\\/historia-del-batallon-de-zapadores-no-8-askatasuna\\\/\"]}]},{\"@type\":\"ImageObject\",\"inLanguage\":\"es\",\"@id\":\"https:\\\/\\\/zapateneo.net\\\/wordpress\\\/index.php\\\/producto\\\/historia-del-batallon-de-zapadores-no-8-askatasuna\\\/#primaryimage\",\"url\":\"https:\\\/\\\/zapateneo.net\\\/wordpress\\\/wp-content\\\/uploads\\\/2025\\\/08\\\/9788412961102_historia_del_batalln_de_zapadores_n8_askatasuna.jpg\",\"contentUrl\":\"https:\\\/\\\/zapateneo.net\\\/wordpress\\\/wp-content\\\/uploads\\\/2025\\\/08\\\/9788412961102_historia_del_batalln_de_zapadores_n8_askatasuna.jpg\",\"width\":278,\"height\":400},{\"@type\":\"BreadcrumbList\",\"@id\":\"https:\\\/\\\/zapateneo.net\\\/wordpress\\\/index.php\\\/producto\\\/historia-del-batallon-de-zapadores-no-8-askatasuna\\\/#breadcrumb\",\"itemListElement\":[{\"@type\":\"ListItem\",\"position\":1,\"name\":\"Portada\",\"item\":\"https:\\\/\\\/zapateneo.net\\\/wordpress\\\/\"},{\"@type\":\"ListItem\",\"position\":2,\"name\":\"Tienda\",\"item\":\"https:\\\/\\\/zapateneo.net\\\/wordpress\\\/\"},{\"@type\":\"ListItem\",\"position\":3,\"name\":\"Historia del Batall\u00f3n de zapadores N\u00ba 8 ASKATASUNA\"}]},{\"@type\":\"WebSite\",\"@id\":\"https:\\\/\\\/zapateneo.net\\\/wordpress\\\/#website\",\"url\":\"https:\\\/\\\/zapateneo.net\\\/wordpress\\\/\",\"name\":\"Zapateneo\",\"description\":\"Zapateneoaren webgunea\",\"publisher\":{\"@id\":\"https:\\\/\\\/zapateneo.net\\\/wordpress\\\/#organization\"},\"potentialAction\":[{\"@type\":\"SearchAction\",\"target\":{\"@type\":\"EntryPoint\",\"urlTemplate\":\"https:\\\/\\\/zapateneo.net\\\/wordpress\\\/?s={search_term_string}\"},\"query-input\":{\"@type\":\"PropertyValueSpecification\",\"valueRequired\":true,\"valueName\":\"search_term_string\"}}],\"inLanguage\":\"es\"},{\"@type\":\"Organization\",\"@id\":\"https:\\\/\\\/zapateneo.net\\\/wordpress\\\/#organization\",\"name\":\"Zapateneo Kultur Elkartea\",\"url\":\"https:\\\/\\\/zapateneo.net\\\/wordpress\\\/\",\"logo\":{\"@type\":\"ImageObject\",\"inLanguage\":\"es\",\"@id\":\"https:\\\/\\\/zapateneo.net\\\/wordpress\\\/#\\\/schema\\\/logo\\\/image\\\/\",\"url\":\"https:\\\/\\\/zapateneo.net\\\/wordpress\\\/wp-content\\\/uploads\\\/2021\\\/04\\\/zap-libu-kolec.jpg\",\"contentUrl\":\"https:\\\/\\\/zapateneo.net\\\/wordpress\\\/wp-content\\\/uploads\\\/2021\\\/04\\\/zap-libu-kolec.jpg\",\"width\":2234,\"height\":398,\"caption\":\"Zapateneo Kultur Elkartea\"},\"image\":{\"@id\":\"https:\\\/\\\/zapateneo.net\\\/wordpress\\\/#\\\/schema\\\/logo\\\/image\\\/\"},\"sameAs\":[\"https:\\\/\\\/x.com\\\/zapateneo\"]}]}<\/script>\n<!-- \/ Yoast SEO plugin. -->","yoast_head_json":{"title":"Historia del Batall\u00f3n de zapadores N\u00ba 8 ASKATASUNA &#8212; Zapateneo","robots":{"index":"index","follow":"follow","max-snippet":"max-snippet:-1","max-image-preview":"max-image-preview:large","max-video-preview":"max-video-preview:-1"},"canonical":"https:\/\/zapateneo.net\/wordpress\/index.php\/producto\/historia-del-batallon-de-zapadores-no-8-askatasuna\/","og_locale":"es_ES","og_type":"article","og_title":"Historia del Batall\u00f3n de zapadores N\u00ba 8 ASKATASUNA &#8212; Zapateneo","og_description":"Eduardo Renobales 9788412961102 - Sare Antifaxista - 2024 - 118 p\u00e1ginas \/orri.","og_url":"https:\/\/zapateneo.net\/wordpress\/index.php\/producto\/historia-del-batallon-de-zapadores-no-8-askatasuna\/","og_site_name":"Zapateneo","article_modified_time":"2025-10-26T15:43:13+00:00","og_image":[{"width":278,"height":400,"url":"https:\/\/zapateneo.net\/wordpress\/wp-content\/uploads\/2025\/08\/9788412961102_historia_del_batalln_de_zapadores_n8_askatasuna.jpg","type":"image\/jpeg"}],"twitter_card":"summary_large_image","twitter_site":"@zapateneo","twitter_misc":{"Tiempo de lectura":"1 minuto"},"schema":{"@context":"https:\/\/schema.org","@graph":[{"@type":"WebPage","@id":"https:\/\/zapateneo.net\/wordpress\/index.php\/producto\/historia-del-batallon-de-zapadores-no-8-askatasuna\/","url":"https:\/\/zapateneo.net\/wordpress\/index.php\/producto\/historia-del-batallon-de-zapadores-no-8-askatasuna\/","name":"Historia del Batall\u00f3n de zapadores N\u00ba 8 ASKATASUNA &#8212; Zapateneo","isPartOf":{"@id":"https:\/\/zapateneo.net\/wordpress\/#website"},"primaryImageOfPage":{"@id":"https:\/\/zapateneo.net\/wordpress\/index.php\/producto\/historia-del-batallon-de-zapadores-no-8-askatasuna\/#primaryimage"},"image":{"@id":"https:\/\/zapateneo.net\/wordpress\/index.php\/producto\/historia-del-batallon-de-zapadores-no-8-askatasuna\/#primaryimage"},"thumbnailUrl":"https:\/\/zapateneo.net\/wordpress\/wp-content\/uploads\/2025\/08\/9788412961102_historia_del_batalln_de_zapadores_n8_askatasuna.jpg","datePublished":"2025-08-15T10:13:01+00:00","dateModified":"2025-10-26T15:43:13+00:00","breadcrumb":{"@id":"https:\/\/zapateneo.net\/wordpress\/index.php\/producto\/historia-del-batallon-de-zapadores-no-8-askatasuna\/#breadcrumb"},"inLanguage":"es","potentialAction":[{"@type":"ReadAction","target":["https:\/\/zapateneo.net\/wordpress\/index.php\/producto\/historia-del-batallon-de-zapadores-no-8-askatasuna\/"]}]},{"@type":"ImageObject","inLanguage":"es","@id":"https:\/\/zapateneo.net\/wordpress\/index.php\/producto\/historia-del-batallon-de-zapadores-no-8-askatasuna\/#primaryimage","url":"https:\/\/zapateneo.net\/wordpress\/wp-content\/uploads\/2025\/08\/9788412961102_historia_del_batalln_de_zapadores_n8_askatasuna.jpg","contentUrl":"https:\/\/zapateneo.net\/wordpress\/wp-content\/uploads\/2025\/08\/9788412961102_historia_del_batalln_de_zapadores_n8_askatasuna.jpg","width":278,"height":400},{"@type":"BreadcrumbList","@id":"https:\/\/zapateneo.net\/wordpress\/index.php\/producto\/historia-del-batallon-de-zapadores-no-8-askatasuna\/#breadcrumb","itemListElement":[{"@type":"ListItem","position":1,"name":"Portada","item":"https:\/\/zapateneo.net\/wordpress\/"},{"@type":"ListItem","position":2,"name":"Tienda","item":"https:\/\/zapateneo.net\/wordpress\/"},{"@type":"ListItem","position":3,"name":"Historia del Batall\u00f3n de zapadores N\u00ba 8 ASKATASUNA"}]},{"@type":"WebSite","@id":"https:\/\/zapateneo.net\/wordpress\/#website","url":"https:\/\/zapateneo.net\/wordpress\/","name":"Zapateneo","description":"Zapateneoaren webgunea","publisher":{"@id":"https:\/\/zapateneo.net\/wordpress\/#organization"},"potentialAction":[{"@type":"SearchAction","target":{"@type":"EntryPoint","urlTemplate":"https:\/\/zapateneo.net\/wordpress\/?s={search_term_string}"},"query-input":{"@type":"PropertyValueSpecification","valueRequired":true,"valueName":"search_term_string"}}],"inLanguage":"es"},{"@type":"Organization","@id":"https:\/\/zapateneo.net\/wordpress\/#organization","name":"Zapateneo Kultur Elkartea","url":"https:\/\/zapateneo.net\/wordpress\/","logo":{"@type":"ImageObject","inLanguage":"es","@id":"https:\/\/zapateneo.net\/wordpress\/#\/schema\/logo\/image\/","url":"https:\/\/zapateneo.net\/wordpress\/wp-content\/uploads\/2021\/04\/zap-libu-kolec.jpg","contentUrl":"https:\/\/zapateneo.net\/wordpress\/wp-content\/uploads\/2021\/04\/zap-libu-kolec.jpg","width":2234,"height":398,"caption":"Zapateneo Kultur Elkartea"},"image":{"@id":"https:\/\/zapateneo.net\/wordpress\/#\/schema\/logo\/image\/"},"sameAs":["https:\/\/x.com\/zapateneo"]}]}},"_links":{"self":[{"href":"https:\/\/zapateneo.net\/wordpress\/index.php\/wp-json\/wp\/v2\/product\/16031","targetHints":{"allow":["GET"]}}],"collection":[{"href":"https:\/\/zapateneo.net\/wordpress\/index.php\/wp-json\/wp\/v2\/product"}],"about":[{"href":"https:\/\/zapateneo.net\/wordpress\/index.php\/wp-json\/wp\/v2\/types\/product"}],"wp:featuredmedia":[{"embeddable":true,"href":"https:\/\/zapateneo.net\/wordpress\/index.php\/wp-json\/wp\/v2\/media\/16047"}],"wp:attachment":[{"href":"https:\/\/zapateneo.net\/wordpress\/index.php\/wp-json\/wp\/v2\/media?parent=16031"}],"wp:term":[{"taxonomy":"product_brand","embeddable":true,"href":"https:\/\/zapateneo.net\/wordpress\/index.php\/wp-json\/wp\/v2\/product_brand?post=16031"},{"taxonomy":"product_cat","embeddable":true,"href":"https:\/\/zapateneo.net\/wordpress\/index.php\/wp-json\/wp\/v2\/product_cat?post=16031"},{"taxonomy":"product_tag","embeddable":true,"href":"https:\/\/zapateneo.net\/wordpress\/index.php\/wp-json\/wp\/v2\/product_tag?post=16031"}],"curies":[{"name":"wp","href":"https:\/\/api.w.org\/{rel}","templated":true}]}}