{"id":16030,"date":"2025-08-15T11:13:01","date_gmt":"2025-08-15T10:13:01","guid":{"rendered":"https:\/\/zapateneo.net\/wordpress\/?post_type=product&#038;p=16030"},"modified":"2025-10-26T16:43:12","modified_gmt":"2025-10-26T15:43:12","slug":"caterva-una-cartografia-de-la-violencia-sexual-contra-la-infancia","status":"publish","type":"product","link":"https:\/\/zapateneo.net\/wordpress\/index.php\/producto\/caterva-una-cartografia-de-la-violencia-sexual-contra-la-infancia\/","title":{"rendered":"CATERVA Una cartograf\u00eda de la violencia sexual contra la infancia"},"content":{"rendered":"<p>Al pensar en un libro sobre abuso sexual infantil inevitablemente imagin\u00e9 un legajo gordo con forma de bloque y textura de ladrillo, hierro u hormig\u00f3n. Imagin\u00e9 el peso de las p\u00e1ginas en mis manos como plomo, como si para pasar cada una de ellas necesitase hacer palanca, llamar a mi mam\u00e1 y pedirle fuerzas a Dios. Pero no fue eso lo que encontr\u00e9 ni lo que pas\u00f3. Me le\u00ed el libro tres veces y me maravill\u00f3 saber que hay gente honesta y tierna en el mundo que sigue dispuesta a poner sobre la mesa temas complejos que son, ante todo, dif\u00edciles, dolorosos e inc\u00f3modos de hablar. Donde pens\u00e9 que encontrar\u00eda sangre encontr\u00e9 luz.<\/p>\n<p>Evidentemente este no es un libro f\u00e1cil de leer; encapsula much\u00edsimo sufrimiento y rabia. Est\u00e1 hecho con mucha humildad y se nota que nace del prop\u00f3sito de abrir camino a muchas otras voces de supervivientes. Es una invitaci\u00f3n, un alegato, un clamor al cielo para que aprendamos, de una vez, a acoger los testimonios de las v\u00edctimas y a parar esto que creemos maldici\u00f3n y que no es m\u00e1s que trauma intergeneracional, patriarcado, des-humanizaci\u00f3n y adultismo.<\/p>\n","protected":false},"excerpt":{"rendered":"<p><strong>Kristina Pozo Sevilla<\/strong><br \/>\n9788409658664 &#8211; Trinchera &#8211; 2024 &#8211; 118 p\u00e1ginas \/orri.<\/p>\n","protected":false},"featured_media":16046,"template":"","meta":[],"product_brand":[],"product_cat":[16,173],"product_tag":[7182,6863],"class_list":{"0":"post-16030","1":"product","2":"type-product","3":"status-publish","4":"has-post-thumbnail","6":"product_cat-libros","7":"product_cat-saiakera-ensayo","8":"product_tag-kristina-pozo-sevilla","9":"product_tag-trinchera","11":"first","12":"onbackorder","13":"sold-individually","14":"shipping-taxable","15":"purchasable","16":"product-type-simple"},"yoast_head":"<!-- This site is optimized with the Yoast SEO plugin v27.3 - https:\/\/yoast.com\/product\/yoast-seo-wordpress\/ -->\n<title>CATERVA Una cartograf\u00eda de la violencia sexual contra la infancia &#8212; Zapateneo<\/title>\n<meta name=\"robots\" content=\"index, follow, max-snippet:-1, max-image-preview:large, max-video-preview:-1\" \/>\n<link rel=\"canonical\" href=\"https:\/\/zapateneo.net\/wordpress\/index.php\/producto\/caterva-una-cartografia-de-la-violencia-sexual-contra-la-infancia\/\" \/>\n<meta property=\"og:locale\" content=\"es_ES\" \/>\n<meta property=\"og:type\" content=\"article\" \/>\n<meta property=\"og:title\" content=\"CATERVA Una cartograf\u00eda de la violencia sexual contra la infancia &#8212; Zapateneo\" \/>\n<meta property=\"og:description\" content=\"Kristina Pozo Sevilla 9788409658664 - Trinchera - 2024 - 118 p\u00e1ginas \/orri.\" \/>\n<meta property=\"og:url\" content=\"https:\/\/zapateneo.net\/wordpress\/index.php\/producto\/caterva-una-cartografia-de-la-violencia-sexual-contra-la-infancia\/\" \/>\n<meta property=\"og:site_name\" content=\"Zapateneo\" \/>\n<meta property=\"article:modified_time\" content=\"2025-10-26T15:43:12+00:00\" \/>\n<meta property=\"og:image\" content=\"https:\/\/zapateneo.net\/wordpress\/wp-content\/uploads\/2025\/08\/9788409658664_caterva.jpg\" \/>\n\t<meta property=\"og:image:width\" content=\"258\" \/>\n\t<meta property=\"og:image:height\" content=\"400\" \/>\n\t<meta property=\"og:image:type\" content=\"image\/jpeg\" \/>\n<meta name=\"twitter:card\" content=\"summary_large_image\" \/>\n<meta name=\"twitter:site\" content=\"@zapateneo\" \/>\n<meta name=\"twitter:label1\" content=\"Tiempo de lectura\" \/>\n\t<meta name=\"twitter:data1\" content=\"1 minuto\" \/>\n<script type=\"application\/ld+json\" class=\"yoast-schema-graph\">{\"@context\":\"https:\\\/\\\/schema.org\",\"@graph\":[{\"@type\":\"WebPage\",\"@id\":\"https:\\\/\\\/zapateneo.net\\\/wordpress\\\/index.php\\\/producto\\\/caterva-una-cartografia-de-la-violencia-sexual-contra-la-infancia\\\/\",\"url\":\"https:\\\/\\\/zapateneo.net\\\/wordpress\\\/index.php\\\/producto\\\/caterva-una-cartografia-de-la-violencia-sexual-contra-la-infancia\\\/\",\"name\":\"CATERVA Una cartograf\u00eda de la violencia sexual contra la infancia &#8212; Zapateneo\",\"isPartOf\":{\"@id\":\"https:\\\/\\\/zapateneo.net\\\/wordpress\\\/#website\"},\"primaryImageOfPage\":{\"@id\":\"https:\\\/\\\/zapateneo.net\\\/wordpress\\\/index.php\\\/producto\\\/caterva-una-cartografia-de-la-violencia-sexual-contra-la-infancia\\\/#primaryimage\"},\"image\":{\"@id\":\"https:\\\/\\\/zapateneo.net\\\/wordpress\\\/index.php\\\/producto\\\/caterva-una-cartografia-de-la-violencia-sexual-contra-la-infancia\\\/#primaryimage\"},\"thumbnailUrl\":\"https:\\\/\\\/zapateneo.net\\\/wordpress\\\/wp-content\\\/uploads\\\/2025\\\/08\\\/9788409658664_caterva.jpg\",\"datePublished\":\"2025-08-15T10:13:01+00:00\",\"dateModified\":\"2025-10-26T15:43:12+00:00\",\"breadcrumb\":{\"@id\":\"https:\\\/\\\/zapateneo.net\\\/wordpress\\\/index.php\\\/producto\\\/caterva-una-cartografia-de-la-violencia-sexual-contra-la-infancia\\\/#breadcrumb\"},\"inLanguage\":\"es\",\"potentialAction\":[{\"@type\":\"ReadAction\",\"target\":[\"https:\\\/\\\/zapateneo.net\\\/wordpress\\\/index.php\\\/producto\\\/caterva-una-cartografia-de-la-violencia-sexual-contra-la-infancia\\\/\"]}]},{\"@type\":\"ImageObject\",\"inLanguage\":\"es\",\"@id\":\"https:\\\/\\\/zapateneo.net\\\/wordpress\\\/index.php\\\/producto\\\/caterva-una-cartografia-de-la-violencia-sexual-contra-la-infancia\\\/#primaryimage\",\"url\":\"https:\\\/\\\/zapateneo.net\\\/wordpress\\\/wp-content\\\/uploads\\\/2025\\\/08\\\/9788409658664_caterva.jpg\",\"contentUrl\":\"https:\\\/\\\/zapateneo.net\\\/wordpress\\\/wp-content\\\/uploads\\\/2025\\\/08\\\/9788409658664_caterva.jpg\",\"width\":258,\"height\":400},{\"@type\":\"BreadcrumbList\",\"@id\":\"https:\\\/\\\/zapateneo.net\\\/wordpress\\\/index.php\\\/producto\\\/caterva-una-cartografia-de-la-violencia-sexual-contra-la-infancia\\\/#breadcrumb\",\"itemListElement\":[{\"@type\":\"ListItem\",\"position\":1,\"name\":\"Portada\",\"item\":\"https:\\\/\\\/zapateneo.net\\\/wordpress\\\/\"},{\"@type\":\"ListItem\",\"position\":2,\"name\":\"Tienda\",\"item\":\"https:\\\/\\\/zapateneo.net\\\/wordpress\\\/\"},{\"@type\":\"ListItem\",\"position\":3,\"name\":\"CATERVA Una cartograf\u00eda de la violencia sexual contra la infancia\"}]},{\"@type\":\"WebSite\",\"@id\":\"https:\\\/\\\/zapateneo.net\\\/wordpress\\\/#website\",\"url\":\"https:\\\/\\\/zapateneo.net\\\/wordpress\\\/\",\"name\":\"Zapateneo\",\"description\":\"Zapateneoaren webgunea\",\"publisher\":{\"@id\":\"https:\\\/\\\/zapateneo.net\\\/wordpress\\\/#organization\"},\"potentialAction\":[{\"@type\":\"SearchAction\",\"target\":{\"@type\":\"EntryPoint\",\"urlTemplate\":\"https:\\\/\\\/zapateneo.net\\\/wordpress\\\/?s={search_term_string}\"},\"query-input\":{\"@type\":\"PropertyValueSpecification\",\"valueRequired\":true,\"valueName\":\"search_term_string\"}}],\"inLanguage\":\"es\"},{\"@type\":\"Organization\",\"@id\":\"https:\\\/\\\/zapateneo.net\\\/wordpress\\\/#organization\",\"name\":\"Zapateneo Kultur Elkartea\",\"url\":\"https:\\\/\\\/zapateneo.net\\\/wordpress\\\/\",\"logo\":{\"@type\":\"ImageObject\",\"inLanguage\":\"es\",\"@id\":\"https:\\\/\\\/zapateneo.net\\\/wordpress\\\/#\\\/schema\\\/logo\\\/image\\\/\",\"url\":\"https:\\\/\\\/zapateneo.net\\\/wordpress\\\/wp-content\\\/uploads\\\/2021\\\/04\\\/zap-libu-kolec.jpg\",\"contentUrl\":\"https:\\\/\\\/zapateneo.net\\\/wordpress\\\/wp-content\\\/uploads\\\/2021\\\/04\\\/zap-libu-kolec.jpg\",\"width\":2234,\"height\":398,\"caption\":\"Zapateneo Kultur Elkartea\"},\"image\":{\"@id\":\"https:\\\/\\\/zapateneo.net\\\/wordpress\\\/#\\\/schema\\\/logo\\\/image\\\/\"},\"sameAs\":[\"https:\\\/\\\/x.com\\\/zapateneo\"]}]}<\/script>\n<!-- \/ Yoast SEO plugin. -->","yoast_head_json":{"title":"CATERVA Una cartograf\u00eda de la violencia sexual contra la infancia &#8212; Zapateneo","robots":{"index":"index","follow":"follow","max-snippet":"max-snippet:-1","max-image-preview":"max-image-preview:large","max-video-preview":"max-video-preview:-1"},"canonical":"https:\/\/zapateneo.net\/wordpress\/index.php\/producto\/caterva-una-cartografia-de-la-violencia-sexual-contra-la-infancia\/","og_locale":"es_ES","og_type":"article","og_title":"CATERVA Una cartograf\u00eda de la violencia sexual contra la infancia &#8212; Zapateneo","og_description":"Kristina Pozo Sevilla 9788409658664 - Trinchera - 2024 - 118 p\u00e1ginas \/orri.","og_url":"https:\/\/zapateneo.net\/wordpress\/index.php\/producto\/caterva-una-cartografia-de-la-violencia-sexual-contra-la-infancia\/","og_site_name":"Zapateneo","article_modified_time":"2025-10-26T15:43:12+00:00","og_image":[{"width":258,"height":400,"url":"https:\/\/zapateneo.net\/wordpress\/wp-content\/uploads\/2025\/08\/9788409658664_caterva.jpg","type":"image\/jpeg"}],"twitter_card":"summary_large_image","twitter_site":"@zapateneo","twitter_misc":{"Tiempo de lectura":"1 minuto"},"schema":{"@context":"https:\/\/schema.org","@graph":[{"@type":"WebPage","@id":"https:\/\/zapateneo.net\/wordpress\/index.php\/producto\/caterva-una-cartografia-de-la-violencia-sexual-contra-la-infancia\/","url":"https:\/\/zapateneo.net\/wordpress\/index.php\/producto\/caterva-una-cartografia-de-la-violencia-sexual-contra-la-infancia\/","name":"CATERVA Una cartograf\u00eda de la violencia sexual contra la infancia &#8212; Zapateneo","isPartOf":{"@id":"https:\/\/zapateneo.net\/wordpress\/#website"},"primaryImageOfPage":{"@id":"https:\/\/zapateneo.net\/wordpress\/index.php\/producto\/caterva-una-cartografia-de-la-violencia-sexual-contra-la-infancia\/#primaryimage"},"image":{"@id":"https:\/\/zapateneo.net\/wordpress\/index.php\/producto\/caterva-una-cartografia-de-la-violencia-sexual-contra-la-infancia\/#primaryimage"},"thumbnailUrl":"https:\/\/zapateneo.net\/wordpress\/wp-content\/uploads\/2025\/08\/9788409658664_caterva.jpg","datePublished":"2025-08-15T10:13:01+00:00","dateModified":"2025-10-26T15:43:12+00:00","breadcrumb":{"@id":"https:\/\/zapateneo.net\/wordpress\/index.php\/producto\/caterva-una-cartografia-de-la-violencia-sexual-contra-la-infancia\/#breadcrumb"},"inLanguage":"es","potentialAction":[{"@type":"ReadAction","target":["https:\/\/zapateneo.net\/wordpress\/index.php\/producto\/caterva-una-cartografia-de-la-violencia-sexual-contra-la-infancia\/"]}]},{"@type":"ImageObject","inLanguage":"es","@id":"https:\/\/zapateneo.net\/wordpress\/index.php\/producto\/caterva-una-cartografia-de-la-violencia-sexual-contra-la-infancia\/#primaryimage","url":"https:\/\/zapateneo.net\/wordpress\/wp-content\/uploads\/2025\/08\/9788409658664_caterva.jpg","contentUrl":"https:\/\/zapateneo.net\/wordpress\/wp-content\/uploads\/2025\/08\/9788409658664_caterva.jpg","width":258,"height":400},{"@type":"BreadcrumbList","@id":"https:\/\/zapateneo.net\/wordpress\/index.php\/producto\/caterva-una-cartografia-de-la-violencia-sexual-contra-la-infancia\/#breadcrumb","itemListElement":[{"@type":"ListItem","position":1,"name":"Portada","item":"https:\/\/zapateneo.net\/wordpress\/"},{"@type":"ListItem","position":2,"name":"Tienda","item":"https:\/\/zapateneo.net\/wordpress\/"},{"@type":"ListItem","position":3,"name":"CATERVA Una cartograf\u00eda de la violencia sexual contra la infancia"}]},{"@type":"WebSite","@id":"https:\/\/zapateneo.net\/wordpress\/#website","url":"https:\/\/zapateneo.net\/wordpress\/","name":"Zapateneo","description":"Zapateneoaren webgunea","publisher":{"@id":"https:\/\/zapateneo.net\/wordpress\/#organization"},"potentialAction":[{"@type":"SearchAction","target":{"@type":"EntryPoint","urlTemplate":"https:\/\/zapateneo.net\/wordpress\/?s={search_term_string}"},"query-input":{"@type":"PropertyValueSpecification","valueRequired":true,"valueName":"search_term_string"}}],"inLanguage":"es"},{"@type":"Organization","@id":"https:\/\/zapateneo.net\/wordpress\/#organization","name":"Zapateneo Kultur Elkartea","url":"https:\/\/zapateneo.net\/wordpress\/","logo":{"@type":"ImageObject","inLanguage":"es","@id":"https:\/\/zapateneo.net\/wordpress\/#\/schema\/logo\/image\/","url":"https:\/\/zapateneo.net\/wordpress\/wp-content\/uploads\/2021\/04\/zap-libu-kolec.jpg","contentUrl":"https:\/\/zapateneo.net\/wordpress\/wp-content\/uploads\/2021\/04\/zap-libu-kolec.jpg","width":2234,"height":398,"caption":"Zapateneo Kultur Elkartea"},"image":{"@id":"https:\/\/zapateneo.net\/wordpress\/#\/schema\/logo\/image\/"},"sameAs":["https:\/\/x.com\/zapateneo"]}]}},"_links":{"self":[{"href":"https:\/\/zapateneo.net\/wordpress\/index.php\/wp-json\/wp\/v2\/product\/16030","targetHints":{"allow":["GET"]}}],"collection":[{"href":"https:\/\/zapateneo.net\/wordpress\/index.php\/wp-json\/wp\/v2\/product"}],"about":[{"href":"https:\/\/zapateneo.net\/wordpress\/index.php\/wp-json\/wp\/v2\/types\/product"}],"wp:featuredmedia":[{"embeddable":true,"href":"https:\/\/zapateneo.net\/wordpress\/index.php\/wp-json\/wp\/v2\/media\/16046"}],"wp:attachment":[{"href":"https:\/\/zapateneo.net\/wordpress\/index.php\/wp-json\/wp\/v2\/media?parent=16030"}],"wp:term":[{"taxonomy":"product_brand","embeddable":true,"href":"https:\/\/zapateneo.net\/wordpress\/index.php\/wp-json\/wp\/v2\/product_brand?post=16030"},{"taxonomy":"product_cat","embeddable":true,"href":"https:\/\/zapateneo.net\/wordpress\/index.php\/wp-json\/wp\/v2\/product_cat?post=16030"},{"taxonomy":"product_tag","embeddable":true,"href":"https:\/\/zapateneo.net\/wordpress\/index.php\/wp-json\/wp\/v2\/product_tag?post=16030"}],"curies":[{"name":"wp","href":"https:\/\/api.w.org\/{rel}","templated":true}]}}