{"id":16025,"date":"2025-08-15T11:12:57","date_gmt":"2025-08-15T10:12:57","guid":{"rendered":"https:\/\/zapateneo.net\/wordpress\/?post_type=product&#038;p=16025"},"modified":"2025-10-26T16:46:28","modified_gmt":"2025-10-26T15:46:28","slug":"txarraska-gaztetxea-25-urteko-historia-bizia","status":"publish","type":"product","link":"https:\/\/zapateneo.net\/wordpress\/index.php\/producto\/txarraska-gaztetxea-25-urteko-historia-bizia\/","title":{"rendered":"TXARRASKA GAZTETXEA. 25 urteko historia bizia"},"content":{"rendered":"<p>Basauriko Txarraska Gaztetxeak 25 urte bete ditu eta ospatzeko liburu dotore hau eskaini digu. Kolorezko argazkiz ilustratua eta maketazio oso erakargarrian diseinatua. Lan honek momentu asko ilustratzen ditu: gazte kolektibo honen historia, bere lan luze eta oparoa, okupazioaren zergaitia, eraikin zahar baten okupazioak herriari ekarri dizkion onurak&#8230; Kronologia, ekimenak, oztopoak, gaztetxean parte hartu duten kolektiboen deskribapena&#8230; hau guztia liburu honetan aurkituko dugu. Gainera Jon Arretxe eta Jakue Pascual idazleek artikulu bana idatzi dute gaztetxearen eta okupazio mugimenduaren errealitatea eta istoria ondo kokatzeko eta ulertzeko. Hori gutxi balitz, liburuak QR kodea dakar kolektiboaren historian sakontzen duen dokumental luze bat ikusteko. DDTk hasieratik elkarlanean ibili zen Txarraska Gazte Asanbladarekin, eta hori dela eta pozik eta harro parte hartu dugu lan honen argitalpenean. Elkar topatzen jarraituko dugu. DDTk Txarraskarekin elkarlanean argitaratu da liburua. \/\/\/ El gaztetxe Txarraska de Basauri cumple 25 a\u00f1os y para celebrarlo nos ofrece este elegante libro. Un trabajo profusamente ilustrado con fotos a color y dise\u00f1ado con una maquetaci\u00f3n muy atractiva. El libro nos muestra diversos aspectos: la historia de este colectivo juvenil, su largo y prol\u00edfico trabajo, el por qu\u00e9 de la Okupaci\u00f3n, los beneficios que puede ofrecerle a un pueblo la okupaci\u00f3n de un edificio viejo y abandonado&#8230; La cronolog\u00eda, las actividades, los obst\u00e1culos, la descripci\u00f3n de los colectivos que forman parte del gaztetxe&#8230;. todo esto podremos encontrar en esta obra. . Adem\u00e1s los escritores Jon Arretxe y Jakue Pascual nos ofrecen sus respectivos art\u00edculos para ayudarnos a ubicar y comprender la historia del gaztetxe y del Movimiento Okupa en general. Por si esto fuera poco, el libro trae un c\u00f3digo QR para poder ver un extenso documental que profundiza en la historia de este colectivo. Desde el principio DDT ha tenido estrecha relaci\u00f3n con Txarraska Gazte Asanblada y debido a ello nos llena de alegr\u00eda y orgullo participar en la edici\u00f3n de este libro. Seguiremos encontrandonos en el camino. Editan y distribuyen DDT Banaketak y Txarraska Gaztetxea.<\/p>\n","protected":false},"excerpt":{"rendered":"<p><strong>TXARRASKA GAZTETXEA<\/strong><br \/>\n9788412727081 &#8211; DDT &#8211; 2024 &#8211; 86 p\u00e1ginas \/orri.<\/p>\n","protected":false},"featured_media":16041,"template":"","meta":[],"product_brand":[],"product_cat":[181,16],"product_tag":[738,7178],"class_list":{"0":"post-16025","1":"product","2":"type-product","3":"status-publish","4":"has-post-thumbnail","6":"product_cat-bazterketa-soziala-eta-errepresioa-exclusion-social-y-represion","7":"product_cat-libros","8":"product_tag-ddt","9":"product_tag-txarraska-gaztetxea","11":"first","12":"onbackorder","13":"sold-individually","14":"shipping-taxable","15":"purchasable","16":"product-type-simple"},"yoast_head":"<!-- This site is optimized with the Yoast SEO plugin v27.3 - https:\/\/yoast.com\/product\/yoast-seo-wordpress\/ -->\n<title>TXARRASKA GAZTETXEA. 25 urteko historia bizia &#8212; Zapateneo<\/title>\n<meta name=\"robots\" content=\"index, follow, max-snippet:-1, max-image-preview:large, max-video-preview:-1\" \/>\n<link rel=\"canonical\" href=\"https:\/\/zapateneo.net\/wordpress\/index.php\/producto\/txarraska-gaztetxea-25-urteko-historia-bizia\/\" \/>\n<meta property=\"og:locale\" content=\"es_ES\" \/>\n<meta property=\"og:type\" content=\"article\" \/>\n<meta property=\"og:title\" content=\"TXARRASKA GAZTETXEA. 25 urteko historia bizia &#8212; Zapateneo\" \/>\n<meta property=\"og:description\" content=\"TXARRASKA GAZTETXEA 9788412727081 - DDT - 2024 - 86 p\u00e1ginas \/orri.\" \/>\n<meta property=\"og:url\" content=\"https:\/\/zapateneo.net\/wordpress\/index.php\/producto\/txarraska-gaztetxea-25-urteko-historia-bizia\/\" \/>\n<meta property=\"og:site_name\" content=\"Zapateneo\" \/>\n<meta property=\"article:modified_time\" content=\"2025-10-26T15:46:28+00:00\" \/>\n<meta property=\"og:image\" content=\"https:\/\/zapateneo.net\/wordpress\/wp-content\/uploads\/2025\/08\/9788412727081_txarraska_gaztetxea_25_urteko_historia_bizia.jpg\" \/>\n\t<meta property=\"og:image:width\" content=\"319\" \/>\n\t<meta property=\"og:image:height\" content=\"400\" \/>\n\t<meta property=\"og:image:type\" content=\"image\/jpeg\" \/>\n<meta name=\"twitter:card\" content=\"summary_large_image\" \/>\n<meta name=\"twitter:site\" content=\"@zapateneo\" \/>\n<meta name=\"twitter:label1\" content=\"Tiempo de lectura\" \/>\n\t<meta name=\"twitter:data1\" content=\"2 minutos\" \/>\n<script type=\"application\/ld+json\" class=\"yoast-schema-graph\">{\"@context\":\"https:\\\/\\\/schema.org\",\"@graph\":[{\"@type\":\"WebPage\",\"@id\":\"https:\\\/\\\/zapateneo.net\\\/wordpress\\\/index.php\\\/producto\\\/txarraska-gaztetxea-25-urteko-historia-bizia\\\/\",\"url\":\"https:\\\/\\\/zapateneo.net\\\/wordpress\\\/index.php\\\/producto\\\/txarraska-gaztetxea-25-urteko-historia-bizia\\\/\",\"name\":\"TXARRASKA GAZTETXEA. 25 urteko historia bizia &#8212; Zapateneo\",\"isPartOf\":{\"@id\":\"https:\\\/\\\/zapateneo.net\\\/wordpress\\\/#website\"},\"primaryImageOfPage\":{\"@id\":\"https:\\\/\\\/zapateneo.net\\\/wordpress\\\/index.php\\\/producto\\\/txarraska-gaztetxea-25-urteko-historia-bizia\\\/#primaryimage\"},\"image\":{\"@id\":\"https:\\\/\\\/zapateneo.net\\\/wordpress\\\/index.php\\\/producto\\\/txarraska-gaztetxea-25-urteko-historia-bizia\\\/#primaryimage\"},\"thumbnailUrl\":\"https:\\\/\\\/zapateneo.net\\\/wordpress\\\/wp-content\\\/uploads\\\/2025\\\/08\\\/9788412727081_txarraska_gaztetxea_25_urteko_historia_bizia.jpg\",\"datePublished\":\"2025-08-15T10:12:57+00:00\",\"dateModified\":\"2025-10-26T15:46:28+00:00\",\"breadcrumb\":{\"@id\":\"https:\\\/\\\/zapateneo.net\\\/wordpress\\\/index.php\\\/producto\\\/txarraska-gaztetxea-25-urteko-historia-bizia\\\/#breadcrumb\"},\"inLanguage\":\"es\",\"potentialAction\":[{\"@type\":\"ReadAction\",\"target\":[\"https:\\\/\\\/zapateneo.net\\\/wordpress\\\/index.php\\\/producto\\\/txarraska-gaztetxea-25-urteko-historia-bizia\\\/\"]}]},{\"@type\":\"ImageObject\",\"inLanguage\":\"es\",\"@id\":\"https:\\\/\\\/zapateneo.net\\\/wordpress\\\/index.php\\\/producto\\\/txarraska-gaztetxea-25-urteko-historia-bizia\\\/#primaryimage\",\"url\":\"https:\\\/\\\/zapateneo.net\\\/wordpress\\\/wp-content\\\/uploads\\\/2025\\\/08\\\/9788412727081_txarraska_gaztetxea_25_urteko_historia_bizia.jpg\",\"contentUrl\":\"https:\\\/\\\/zapateneo.net\\\/wordpress\\\/wp-content\\\/uploads\\\/2025\\\/08\\\/9788412727081_txarraska_gaztetxea_25_urteko_historia_bizia.jpg\",\"width\":319,\"height\":400},{\"@type\":\"BreadcrumbList\",\"@id\":\"https:\\\/\\\/zapateneo.net\\\/wordpress\\\/index.php\\\/producto\\\/txarraska-gaztetxea-25-urteko-historia-bizia\\\/#breadcrumb\",\"itemListElement\":[{\"@type\":\"ListItem\",\"position\":1,\"name\":\"Portada\",\"item\":\"https:\\\/\\\/zapateneo.net\\\/wordpress\\\/\"},{\"@type\":\"ListItem\",\"position\":2,\"name\":\"Tienda\",\"item\":\"https:\\\/\\\/zapateneo.net\\\/wordpress\\\/\"},{\"@type\":\"ListItem\",\"position\":3,\"name\":\"TXARRASKA GAZTETXEA. 25 urteko historia bizia\"}]},{\"@type\":\"WebSite\",\"@id\":\"https:\\\/\\\/zapateneo.net\\\/wordpress\\\/#website\",\"url\":\"https:\\\/\\\/zapateneo.net\\\/wordpress\\\/\",\"name\":\"Zapateneo\",\"description\":\"Zapateneoaren webgunea\",\"publisher\":{\"@id\":\"https:\\\/\\\/zapateneo.net\\\/wordpress\\\/#organization\"},\"potentialAction\":[{\"@type\":\"SearchAction\",\"target\":{\"@type\":\"EntryPoint\",\"urlTemplate\":\"https:\\\/\\\/zapateneo.net\\\/wordpress\\\/?s={search_term_string}\"},\"query-input\":{\"@type\":\"PropertyValueSpecification\",\"valueRequired\":true,\"valueName\":\"search_term_string\"}}],\"inLanguage\":\"es\"},{\"@type\":\"Organization\",\"@id\":\"https:\\\/\\\/zapateneo.net\\\/wordpress\\\/#organization\",\"name\":\"Zapateneo Kultur Elkartea\",\"url\":\"https:\\\/\\\/zapateneo.net\\\/wordpress\\\/\",\"logo\":{\"@type\":\"ImageObject\",\"inLanguage\":\"es\",\"@id\":\"https:\\\/\\\/zapateneo.net\\\/wordpress\\\/#\\\/schema\\\/logo\\\/image\\\/\",\"url\":\"https:\\\/\\\/zapateneo.net\\\/wordpress\\\/wp-content\\\/uploads\\\/2021\\\/04\\\/zap-libu-kolec.jpg\",\"contentUrl\":\"https:\\\/\\\/zapateneo.net\\\/wordpress\\\/wp-content\\\/uploads\\\/2021\\\/04\\\/zap-libu-kolec.jpg\",\"width\":2234,\"height\":398,\"caption\":\"Zapateneo Kultur Elkartea\"},\"image\":{\"@id\":\"https:\\\/\\\/zapateneo.net\\\/wordpress\\\/#\\\/schema\\\/logo\\\/image\\\/\"},\"sameAs\":[\"https:\\\/\\\/x.com\\\/zapateneo\"]}]}<\/script>\n<!-- \/ Yoast SEO plugin. -->","yoast_head_json":{"title":"TXARRASKA GAZTETXEA. 25 urteko historia bizia &#8212; Zapateneo","robots":{"index":"index","follow":"follow","max-snippet":"max-snippet:-1","max-image-preview":"max-image-preview:large","max-video-preview":"max-video-preview:-1"},"canonical":"https:\/\/zapateneo.net\/wordpress\/index.php\/producto\/txarraska-gaztetxea-25-urteko-historia-bizia\/","og_locale":"es_ES","og_type":"article","og_title":"TXARRASKA GAZTETXEA. 25 urteko historia bizia &#8212; Zapateneo","og_description":"TXARRASKA GAZTETXEA 9788412727081 - DDT - 2024 - 86 p\u00e1ginas \/orri.","og_url":"https:\/\/zapateneo.net\/wordpress\/index.php\/producto\/txarraska-gaztetxea-25-urteko-historia-bizia\/","og_site_name":"Zapateneo","article_modified_time":"2025-10-26T15:46:28+00:00","og_image":[{"width":319,"height":400,"url":"https:\/\/zapateneo.net\/wordpress\/wp-content\/uploads\/2025\/08\/9788412727081_txarraska_gaztetxea_25_urteko_historia_bizia.jpg","type":"image\/jpeg"}],"twitter_card":"summary_large_image","twitter_site":"@zapateneo","twitter_misc":{"Tiempo de lectura":"2 minutos"},"schema":{"@context":"https:\/\/schema.org","@graph":[{"@type":"WebPage","@id":"https:\/\/zapateneo.net\/wordpress\/index.php\/producto\/txarraska-gaztetxea-25-urteko-historia-bizia\/","url":"https:\/\/zapateneo.net\/wordpress\/index.php\/producto\/txarraska-gaztetxea-25-urteko-historia-bizia\/","name":"TXARRASKA GAZTETXEA. 25 urteko historia bizia &#8212; Zapateneo","isPartOf":{"@id":"https:\/\/zapateneo.net\/wordpress\/#website"},"primaryImageOfPage":{"@id":"https:\/\/zapateneo.net\/wordpress\/index.php\/producto\/txarraska-gaztetxea-25-urteko-historia-bizia\/#primaryimage"},"image":{"@id":"https:\/\/zapateneo.net\/wordpress\/index.php\/producto\/txarraska-gaztetxea-25-urteko-historia-bizia\/#primaryimage"},"thumbnailUrl":"https:\/\/zapateneo.net\/wordpress\/wp-content\/uploads\/2025\/08\/9788412727081_txarraska_gaztetxea_25_urteko_historia_bizia.jpg","datePublished":"2025-08-15T10:12:57+00:00","dateModified":"2025-10-26T15:46:28+00:00","breadcrumb":{"@id":"https:\/\/zapateneo.net\/wordpress\/index.php\/producto\/txarraska-gaztetxea-25-urteko-historia-bizia\/#breadcrumb"},"inLanguage":"es","potentialAction":[{"@type":"ReadAction","target":["https:\/\/zapateneo.net\/wordpress\/index.php\/producto\/txarraska-gaztetxea-25-urteko-historia-bizia\/"]}]},{"@type":"ImageObject","inLanguage":"es","@id":"https:\/\/zapateneo.net\/wordpress\/index.php\/producto\/txarraska-gaztetxea-25-urteko-historia-bizia\/#primaryimage","url":"https:\/\/zapateneo.net\/wordpress\/wp-content\/uploads\/2025\/08\/9788412727081_txarraska_gaztetxea_25_urteko_historia_bizia.jpg","contentUrl":"https:\/\/zapateneo.net\/wordpress\/wp-content\/uploads\/2025\/08\/9788412727081_txarraska_gaztetxea_25_urteko_historia_bizia.jpg","width":319,"height":400},{"@type":"BreadcrumbList","@id":"https:\/\/zapateneo.net\/wordpress\/index.php\/producto\/txarraska-gaztetxea-25-urteko-historia-bizia\/#breadcrumb","itemListElement":[{"@type":"ListItem","position":1,"name":"Portada","item":"https:\/\/zapateneo.net\/wordpress\/"},{"@type":"ListItem","position":2,"name":"Tienda","item":"https:\/\/zapateneo.net\/wordpress\/"},{"@type":"ListItem","position":3,"name":"TXARRASKA GAZTETXEA. 25 urteko historia bizia"}]},{"@type":"WebSite","@id":"https:\/\/zapateneo.net\/wordpress\/#website","url":"https:\/\/zapateneo.net\/wordpress\/","name":"Zapateneo","description":"Zapateneoaren webgunea","publisher":{"@id":"https:\/\/zapateneo.net\/wordpress\/#organization"},"potentialAction":[{"@type":"SearchAction","target":{"@type":"EntryPoint","urlTemplate":"https:\/\/zapateneo.net\/wordpress\/?s={search_term_string}"},"query-input":{"@type":"PropertyValueSpecification","valueRequired":true,"valueName":"search_term_string"}}],"inLanguage":"es"},{"@type":"Organization","@id":"https:\/\/zapateneo.net\/wordpress\/#organization","name":"Zapateneo Kultur Elkartea","url":"https:\/\/zapateneo.net\/wordpress\/","logo":{"@type":"ImageObject","inLanguage":"es","@id":"https:\/\/zapateneo.net\/wordpress\/#\/schema\/logo\/image\/","url":"https:\/\/zapateneo.net\/wordpress\/wp-content\/uploads\/2021\/04\/zap-libu-kolec.jpg","contentUrl":"https:\/\/zapateneo.net\/wordpress\/wp-content\/uploads\/2021\/04\/zap-libu-kolec.jpg","width":2234,"height":398,"caption":"Zapateneo Kultur Elkartea"},"image":{"@id":"https:\/\/zapateneo.net\/wordpress\/#\/schema\/logo\/image\/"},"sameAs":["https:\/\/x.com\/zapateneo"]}]}},"_links":{"self":[{"href":"https:\/\/zapateneo.net\/wordpress\/index.php\/wp-json\/wp\/v2\/product\/16025","targetHints":{"allow":["GET"]}}],"collection":[{"href":"https:\/\/zapateneo.net\/wordpress\/index.php\/wp-json\/wp\/v2\/product"}],"about":[{"href":"https:\/\/zapateneo.net\/wordpress\/index.php\/wp-json\/wp\/v2\/types\/product"}],"wp:featuredmedia":[{"embeddable":true,"href":"https:\/\/zapateneo.net\/wordpress\/index.php\/wp-json\/wp\/v2\/media\/16041"}],"wp:attachment":[{"href":"https:\/\/zapateneo.net\/wordpress\/index.php\/wp-json\/wp\/v2\/media?parent=16025"}],"wp:term":[{"taxonomy":"product_brand","embeddable":true,"href":"https:\/\/zapateneo.net\/wordpress\/index.php\/wp-json\/wp\/v2\/product_brand?post=16025"},{"taxonomy":"product_cat","embeddable":true,"href":"https:\/\/zapateneo.net\/wordpress\/index.php\/wp-json\/wp\/v2\/product_cat?post=16025"},{"taxonomy":"product_tag","embeddable":true,"href":"https:\/\/zapateneo.net\/wordpress\/index.php\/wp-json\/wp\/v2\/product_tag?post=16025"}],"curies":[{"name":"wp","href":"https:\/\/api.w.org\/{rel}","templated":true}]}}