{"id":16024,"date":"2025-08-15T11:12:57","date_gmt":"2025-08-15T10:12:57","guid":{"rendered":"https:\/\/zapateneo.net\/wordpress\/?post_type=product&#038;p=16024"},"modified":"2025-10-26T16:46:28","modified_gmt":"2025-10-26T15:46:28","slug":"kamina-libre-algunos-escritos-sobre-kamina-libre-identidad-irreductible-de-una-lucha-anticarcelari","status":"publish","type":"product","link":"https:\/\/zapateneo.net\/wordpress\/index.php\/producto\/kamina-libre-algunos-escritos-sobre-kamina-libre-identidad-irreductible-de-una-lucha-anticarcelari\/","title":{"rendered":"Kamina libre Algunos escritos sobre Kamina libre : identidad irreductible de una lucha anticarcelari"},"content":{"rendered":"<p>Compilado de textos de los compa\u00f1eros del Colectivo kamina libre de prisioneros pol\u00edticos en la c\u00e1rcel de alta seguridad de Santiago y otras c\u00e1rceles de Chile. Activo del a\u00f1o 1997 al a\u00f1o 2004, quienes estuvieron m\u00e1s de una d\u00e9cada en prision por haber combatido la dictadura militar y la democracia solapada.<\/p>\n<p>\u201cNo podemos alimentar la amnesia, el silencio o kualkier tipo de inkonsecuencia ke tienda a obviar la existencia de una realidad ke est\u00e1 presente en chile\u201d<br \/>\nKolektivo Kamina Libre.<\/p>\n<p>Libro en directo apoyo de Presos Politikos Libertarios y Subversivos .<\/p>\n","protected":false},"excerpt":{"rendered":"<p><strong>vvaa<\/strong><br \/>\n202506230001 &#8211; El buen trato ediciones &#8211; 2023 &#8211; 216 p\u00e1ginas \/orri.<\/p>\n","protected":false},"featured_media":16040,"template":"","meta":[],"product_brand":[],"product_cat":[177,16],"product_tag":[7177,6967],"class_list":{"0":"post-16024","1":"product","2":"type-product","3":"status-publish","4":"has-post-thumbnail","6":"product_cat-gizarte-mugimenduak-movimientos-sociales","7":"product_cat-libros","8":"product_tag-el-buen-trato-ediciones","9":"product_tag-vvaa","11":"first","12":"onbackorder","13":"sold-individually","14":"shipping-taxable","15":"purchasable","16":"product-type-simple"},"yoast_head":"<!-- This site is optimized with the Yoast SEO plugin v27.3 - https:\/\/yoast.com\/product\/yoast-seo-wordpress\/ -->\n<title>Kamina libre Algunos escritos sobre Kamina libre : identidad irreductible de una lucha anticarcelari &#8212; Zapateneo<\/title>\n<meta name=\"robots\" content=\"index, follow, max-snippet:-1, max-image-preview:large, max-video-preview:-1\" \/>\n<link rel=\"canonical\" href=\"https:\/\/zapateneo.net\/wordpress\/index.php\/producto\/kamina-libre-algunos-escritos-sobre-kamina-libre-identidad-irreductible-de-una-lucha-anticarcelari\/\" \/>\n<meta property=\"og:locale\" content=\"es_ES\" \/>\n<meta property=\"og:type\" content=\"article\" \/>\n<meta property=\"og:title\" content=\"Kamina libre Algunos escritos sobre Kamina libre : identidad irreductible de una lucha anticarcelari &#8212; Zapateneo\" \/>\n<meta property=\"og:description\" content=\"vvaa 202506230001 - El buen trato ediciones - 2023 - 216 p\u00e1ginas \/orri.\" \/>\n<meta property=\"og:url\" content=\"https:\/\/zapateneo.net\/wordpress\/index.php\/producto\/kamina-libre-algunos-escritos-sobre-kamina-libre-identidad-irreductible-de-una-lucha-anticarcelari\/\" \/>\n<meta property=\"og:site_name\" content=\"Zapateneo\" \/>\n<meta property=\"article:modified_time\" content=\"2025-10-26T15:46:28+00:00\" \/>\n<meta property=\"og:image\" content=\"https:\/\/zapateneo.net\/wordpress\/wp-content\/uploads\/2025\/08\/kamina-libre_paperback_40861_1.jpeg\" \/>\n\t<meta property=\"og:image:width\" content=\"400\" \/>\n\t<meta property=\"og:image:height\" content=\"400\" \/>\n\t<meta property=\"og:image:type\" content=\"image\/jpeg\" \/>\n<meta name=\"twitter:card\" content=\"summary_large_image\" \/>\n<meta name=\"twitter:site\" content=\"@zapateneo\" \/>\n<script type=\"application\/ld+json\" class=\"yoast-schema-graph\">{\"@context\":\"https:\\\/\\\/schema.org\",\"@graph\":[{\"@type\":\"WebPage\",\"@id\":\"https:\\\/\\\/zapateneo.net\\\/wordpress\\\/index.php\\\/producto\\\/kamina-libre-algunos-escritos-sobre-kamina-libre-identidad-irreductible-de-una-lucha-anticarcelari\\\/\",\"url\":\"https:\\\/\\\/zapateneo.net\\\/wordpress\\\/index.php\\\/producto\\\/kamina-libre-algunos-escritos-sobre-kamina-libre-identidad-irreductible-de-una-lucha-anticarcelari\\\/\",\"name\":\"Kamina libre Algunos escritos sobre Kamina libre : identidad irreductible de una lucha anticarcelari &#8212; Zapateneo\",\"isPartOf\":{\"@id\":\"https:\\\/\\\/zapateneo.net\\\/wordpress\\\/#website\"},\"primaryImageOfPage\":{\"@id\":\"https:\\\/\\\/zapateneo.net\\\/wordpress\\\/index.php\\\/producto\\\/kamina-libre-algunos-escritos-sobre-kamina-libre-identidad-irreductible-de-una-lucha-anticarcelari\\\/#primaryimage\"},\"image\":{\"@id\":\"https:\\\/\\\/zapateneo.net\\\/wordpress\\\/index.php\\\/producto\\\/kamina-libre-algunos-escritos-sobre-kamina-libre-identidad-irreductible-de-una-lucha-anticarcelari\\\/#primaryimage\"},\"thumbnailUrl\":\"https:\\\/\\\/zapateneo.net\\\/wordpress\\\/wp-content\\\/uploads\\\/2025\\\/08\\\/kamina-libre_paperback_40861_1.jpeg\",\"datePublished\":\"2025-08-15T10:12:57+00:00\",\"dateModified\":\"2025-10-26T15:46:28+00:00\",\"breadcrumb\":{\"@id\":\"https:\\\/\\\/zapateneo.net\\\/wordpress\\\/index.php\\\/producto\\\/kamina-libre-algunos-escritos-sobre-kamina-libre-identidad-irreductible-de-una-lucha-anticarcelari\\\/#breadcrumb\"},\"inLanguage\":\"es\",\"potentialAction\":[{\"@type\":\"ReadAction\",\"target\":[\"https:\\\/\\\/zapateneo.net\\\/wordpress\\\/index.php\\\/producto\\\/kamina-libre-algunos-escritos-sobre-kamina-libre-identidad-irreductible-de-una-lucha-anticarcelari\\\/\"]}]},{\"@type\":\"ImageObject\",\"inLanguage\":\"es\",\"@id\":\"https:\\\/\\\/zapateneo.net\\\/wordpress\\\/index.php\\\/producto\\\/kamina-libre-algunos-escritos-sobre-kamina-libre-identidad-irreductible-de-una-lucha-anticarcelari\\\/#primaryimage\",\"url\":\"https:\\\/\\\/zapateneo.net\\\/wordpress\\\/wp-content\\\/uploads\\\/2025\\\/08\\\/kamina-libre_paperback_40861_1.jpeg\",\"contentUrl\":\"https:\\\/\\\/zapateneo.net\\\/wordpress\\\/wp-content\\\/uploads\\\/2025\\\/08\\\/kamina-libre_paperback_40861_1.jpeg\",\"width\":400,\"height\":400},{\"@type\":\"BreadcrumbList\",\"@id\":\"https:\\\/\\\/zapateneo.net\\\/wordpress\\\/index.php\\\/producto\\\/kamina-libre-algunos-escritos-sobre-kamina-libre-identidad-irreductible-de-una-lucha-anticarcelari\\\/#breadcrumb\",\"itemListElement\":[{\"@type\":\"ListItem\",\"position\":1,\"name\":\"Portada\",\"item\":\"https:\\\/\\\/zapateneo.net\\\/wordpress\\\/\"},{\"@type\":\"ListItem\",\"position\":2,\"name\":\"Tienda\",\"item\":\"https:\\\/\\\/zapateneo.net\\\/wordpress\\\/\"},{\"@type\":\"ListItem\",\"position\":3,\"name\":\"Kamina libre Algunos escritos sobre Kamina libre : identidad irreductible de una lucha anticarcelari\"}]},{\"@type\":\"WebSite\",\"@id\":\"https:\\\/\\\/zapateneo.net\\\/wordpress\\\/#website\",\"url\":\"https:\\\/\\\/zapateneo.net\\\/wordpress\\\/\",\"name\":\"Zapateneo\",\"description\":\"Zapateneoaren webgunea\",\"publisher\":{\"@id\":\"https:\\\/\\\/zapateneo.net\\\/wordpress\\\/#organization\"},\"potentialAction\":[{\"@type\":\"SearchAction\",\"target\":{\"@type\":\"EntryPoint\",\"urlTemplate\":\"https:\\\/\\\/zapateneo.net\\\/wordpress\\\/?s={search_term_string}\"},\"query-input\":{\"@type\":\"PropertyValueSpecification\",\"valueRequired\":true,\"valueName\":\"search_term_string\"}}],\"inLanguage\":\"es\"},{\"@type\":\"Organization\",\"@id\":\"https:\\\/\\\/zapateneo.net\\\/wordpress\\\/#organization\",\"name\":\"Zapateneo Kultur Elkartea\",\"url\":\"https:\\\/\\\/zapateneo.net\\\/wordpress\\\/\",\"logo\":{\"@type\":\"ImageObject\",\"inLanguage\":\"es\",\"@id\":\"https:\\\/\\\/zapateneo.net\\\/wordpress\\\/#\\\/schema\\\/logo\\\/image\\\/\",\"url\":\"https:\\\/\\\/zapateneo.net\\\/wordpress\\\/wp-content\\\/uploads\\\/2021\\\/04\\\/zap-libu-kolec.jpg\",\"contentUrl\":\"https:\\\/\\\/zapateneo.net\\\/wordpress\\\/wp-content\\\/uploads\\\/2021\\\/04\\\/zap-libu-kolec.jpg\",\"width\":2234,\"height\":398,\"caption\":\"Zapateneo Kultur Elkartea\"},\"image\":{\"@id\":\"https:\\\/\\\/zapateneo.net\\\/wordpress\\\/#\\\/schema\\\/logo\\\/image\\\/\"},\"sameAs\":[\"https:\\\/\\\/x.com\\\/zapateneo\"]}]}<\/script>\n<!-- \/ Yoast SEO plugin. -->","yoast_head_json":{"title":"Kamina libre Algunos escritos sobre Kamina libre : identidad irreductible de una lucha anticarcelari &#8212; Zapateneo","robots":{"index":"index","follow":"follow","max-snippet":"max-snippet:-1","max-image-preview":"max-image-preview:large","max-video-preview":"max-video-preview:-1"},"canonical":"https:\/\/zapateneo.net\/wordpress\/index.php\/producto\/kamina-libre-algunos-escritos-sobre-kamina-libre-identidad-irreductible-de-una-lucha-anticarcelari\/","og_locale":"es_ES","og_type":"article","og_title":"Kamina libre Algunos escritos sobre Kamina libre : identidad irreductible de una lucha anticarcelari &#8212; Zapateneo","og_description":"vvaa 202506230001 - El buen trato ediciones - 2023 - 216 p\u00e1ginas \/orri.","og_url":"https:\/\/zapateneo.net\/wordpress\/index.php\/producto\/kamina-libre-algunos-escritos-sobre-kamina-libre-identidad-irreductible-de-una-lucha-anticarcelari\/","og_site_name":"Zapateneo","article_modified_time":"2025-10-26T15:46:28+00:00","og_image":[{"width":400,"height":400,"url":"https:\/\/zapateneo.net\/wordpress\/wp-content\/uploads\/2025\/08\/kamina-libre_paperback_40861_1.jpeg","type":"image\/jpeg"}],"twitter_card":"summary_large_image","twitter_site":"@zapateneo","schema":{"@context":"https:\/\/schema.org","@graph":[{"@type":"WebPage","@id":"https:\/\/zapateneo.net\/wordpress\/index.php\/producto\/kamina-libre-algunos-escritos-sobre-kamina-libre-identidad-irreductible-de-una-lucha-anticarcelari\/","url":"https:\/\/zapateneo.net\/wordpress\/index.php\/producto\/kamina-libre-algunos-escritos-sobre-kamina-libre-identidad-irreductible-de-una-lucha-anticarcelari\/","name":"Kamina libre Algunos escritos sobre Kamina libre : identidad irreductible de una lucha anticarcelari &#8212; Zapateneo","isPartOf":{"@id":"https:\/\/zapateneo.net\/wordpress\/#website"},"primaryImageOfPage":{"@id":"https:\/\/zapateneo.net\/wordpress\/index.php\/producto\/kamina-libre-algunos-escritos-sobre-kamina-libre-identidad-irreductible-de-una-lucha-anticarcelari\/#primaryimage"},"image":{"@id":"https:\/\/zapateneo.net\/wordpress\/index.php\/producto\/kamina-libre-algunos-escritos-sobre-kamina-libre-identidad-irreductible-de-una-lucha-anticarcelari\/#primaryimage"},"thumbnailUrl":"https:\/\/zapateneo.net\/wordpress\/wp-content\/uploads\/2025\/08\/kamina-libre_paperback_40861_1.jpeg","datePublished":"2025-08-15T10:12:57+00:00","dateModified":"2025-10-26T15:46:28+00:00","breadcrumb":{"@id":"https:\/\/zapateneo.net\/wordpress\/index.php\/producto\/kamina-libre-algunos-escritos-sobre-kamina-libre-identidad-irreductible-de-una-lucha-anticarcelari\/#breadcrumb"},"inLanguage":"es","potentialAction":[{"@type":"ReadAction","target":["https:\/\/zapateneo.net\/wordpress\/index.php\/producto\/kamina-libre-algunos-escritos-sobre-kamina-libre-identidad-irreductible-de-una-lucha-anticarcelari\/"]}]},{"@type":"ImageObject","inLanguage":"es","@id":"https:\/\/zapateneo.net\/wordpress\/index.php\/producto\/kamina-libre-algunos-escritos-sobre-kamina-libre-identidad-irreductible-de-una-lucha-anticarcelari\/#primaryimage","url":"https:\/\/zapateneo.net\/wordpress\/wp-content\/uploads\/2025\/08\/kamina-libre_paperback_40861_1.jpeg","contentUrl":"https:\/\/zapateneo.net\/wordpress\/wp-content\/uploads\/2025\/08\/kamina-libre_paperback_40861_1.jpeg","width":400,"height":400},{"@type":"BreadcrumbList","@id":"https:\/\/zapateneo.net\/wordpress\/index.php\/producto\/kamina-libre-algunos-escritos-sobre-kamina-libre-identidad-irreductible-de-una-lucha-anticarcelari\/#breadcrumb","itemListElement":[{"@type":"ListItem","position":1,"name":"Portada","item":"https:\/\/zapateneo.net\/wordpress\/"},{"@type":"ListItem","position":2,"name":"Tienda","item":"https:\/\/zapateneo.net\/wordpress\/"},{"@type":"ListItem","position":3,"name":"Kamina libre Algunos escritos sobre Kamina libre : identidad irreductible de una lucha anticarcelari"}]},{"@type":"WebSite","@id":"https:\/\/zapateneo.net\/wordpress\/#website","url":"https:\/\/zapateneo.net\/wordpress\/","name":"Zapateneo","description":"Zapateneoaren webgunea","publisher":{"@id":"https:\/\/zapateneo.net\/wordpress\/#organization"},"potentialAction":[{"@type":"SearchAction","target":{"@type":"EntryPoint","urlTemplate":"https:\/\/zapateneo.net\/wordpress\/?s={search_term_string}"},"query-input":{"@type":"PropertyValueSpecification","valueRequired":true,"valueName":"search_term_string"}}],"inLanguage":"es"},{"@type":"Organization","@id":"https:\/\/zapateneo.net\/wordpress\/#organization","name":"Zapateneo Kultur Elkartea","url":"https:\/\/zapateneo.net\/wordpress\/","logo":{"@type":"ImageObject","inLanguage":"es","@id":"https:\/\/zapateneo.net\/wordpress\/#\/schema\/logo\/image\/","url":"https:\/\/zapateneo.net\/wordpress\/wp-content\/uploads\/2021\/04\/zap-libu-kolec.jpg","contentUrl":"https:\/\/zapateneo.net\/wordpress\/wp-content\/uploads\/2021\/04\/zap-libu-kolec.jpg","width":2234,"height":398,"caption":"Zapateneo Kultur Elkartea"},"image":{"@id":"https:\/\/zapateneo.net\/wordpress\/#\/schema\/logo\/image\/"},"sameAs":["https:\/\/x.com\/zapateneo"]}]}},"_links":{"self":[{"href":"https:\/\/zapateneo.net\/wordpress\/index.php\/wp-json\/wp\/v2\/product\/16024","targetHints":{"allow":["GET"]}}],"collection":[{"href":"https:\/\/zapateneo.net\/wordpress\/index.php\/wp-json\/wp\/v2\/product"}],"about":[{"href":"https:\/\/zapateneo.net\/wordpress\/index.php\/wp-json\/wp\/v2\/types\/product"}],"wp:featuredmedia":[{"embeddable":true,"href":"https:\/\/zapateneo.net\/wordpress\/index.php\/wp-json\/wp\/v2\/media\/16040"}],"wp:attachment":[{"href":"https:\/\/zapateneo.net\/wordpress\/index.php\/wp-json\/wp\/v2\/media?parent=16024"}],"wp:term":[{"taxonomy":"product_brand","embeddable":true,"href":"https:\/\/zapateneo.net\/wordpress\/index.php\/wp-json\/wp\/v2\/product_brand?post=16024"},{"taxonomy":"product_cat","embeddable":true,"href":"https:\/\/zapateneo.net\/wordpress\/index.php\/wp-json\/wp\/v2\/product_cat?post=16024"},{"taxonomy":"product_tag","embeddable":true,"href":"https:\/\/zapateneo.net\/wordpress\/index.php\/wp-json\/wp\/v2\/product_tag?post=16024"}],"curies":[{"name":"wp","href":"https:\/\/api.w.org\/{rel}","templated":true}]}}