{"id":16020,"date":"2025-08-15T11:12:54","date_gmt":"2025-08-15T10:12:54","guid":{"rendered":"https:\/\/zapateneo.net\/wordpress\/?post_type=product&#038;p=16020"},"modified":"2025-10-26T16:46:33","modified_gmt":"2025-10-26T15:46:33","slug":"fisuras-en-el-consenso-antologia-de-escritos-del-comite-irradies-1987-1994","status":"publish","type":"product","link":"https:\/\/zapateneo.net\/wordpress\/index.php\/producto\/fisuras-en-el-consenso-antologia-de-escritos-del-comite-irradies-1987-1994\/","title":{"rendered":"FISURAS EN EL CONSENSO Antologia de escritos del Comit\u00e9 Irradi\u00e9s 1987-1994"},"content":{"rendered":"<p>Tras el desastre nuclear de Chernobyl, surge en 1987 en Francia el llamado Comit\u00e9 de Irradiados (Comit\u00e9 Irradi\u00e9s)) que bajo el lema Irradiados del Mundo Unios, se proponen enfrentarse al emporio nuclearista, as\u00ed como a la organizaci\u00f3n social que lo hace posible. Y nada menenos que en uno de los paises m\u00e1s nuclearizados del mundo. Todo ello sin caer en el activismo autocomplaciente o instaurarse como un consecuente club de debate. Esta obra recoge textos de su vocero Fisuras en el consenso, panfletos y algunas aportaciones del movimiento antinuclear en el Estado Espa\u00f1ol. Los documentos han sido seleccionados y traducidos por Miquel Amor\u00f3s y el prologo es del antiguo miembro del Comit\u00e9 Irradies, Michel Gomez.<\/p>\n","protected":false},"excerpt":{"rendered":"<p><strong>Comit\u00e9 Irradi\u00e9s<\/strong><br \/>\n9788492559275 &#8211; Muturreko Burutazioak &#8211; 2013 &#8211; 136 p\u00e1ginas \/orri.<\/p>\n","protected":false},"featured_media":16036,"template":"","meta":[],"product_brand":[],"product_cat":[180,16],"product_tag":[7176,780],"class_list":{"0":"post-16020","1":"product","2":"type-product","3":"status-publish","4":"has-post-thumbnail","6":"product_cat-ekologia-ecologia","7":"product_cat-libros","8":"product_tag-comite-irradies","9":"product_tag-muturreko-burutazioak","11":"first","12":"onbackorder","13":"sold-individually","14":"shipping-taxable","15":"purchasable","16":"product-type-simple"},"yoast_head":"<!-- This site is optimized with the Yoast SEO plugin v27.3 - https:\/\/yoast.com\/product\/yoast-seo-wordpress\/ -->\n<title>FISURAS EN EL CONSENSO Antologia de escritos del Comit\u00e9 Irradi\u00e9s 1987-1994 &#8212; Zapateneo<\/title>\n<meta name=\"robots\" content=\"index, follow, max-snippet:-1, max-image-preview:large, max-video-preview:-1\" \/>\n<link rel=\"canonical\" href=\"https:\/\/zapateneo.net\/wordpress\/index.php\/producto\/fisuras-en-el-consenso-antologia-de-escritos-del-comite-irradies-1987-1994\/\" \/>\n<meta property=\"og:locale\" content=\"es_ES\" \/>\n<meta property=\"og:type\" content=\"article\" \/>\n<meta property=\"og:title\" content=\"FISURAS EN EL CONSENSO Antologia de escritos del Comit\u00e9 Irradi\u00e9s 1987-1994 &#8212; Zapateneo\" \/>\n<meta property=\"og:description\" content=\"Comit\u00e9 Irradi\u00e9s 9788492559275 - Muturreko Burutazioak - 2013 - 136 p\u00e1ginas \/orri.\" \/>\n<meta property=\"og:url\" content=\"https:\/\/zapateneo.net\/wordpress\/index.php\/producto\/fisuras-en-el-consenso-antologia-de-escritos-del-comite-irradies-1987-1994\/\" \/>\n<meta property=\"og:site_name\" content=\"Zapateneo\" \/>\n<meta property=\"article:modified_time\" content=\"2025-10-26T15:46:33+00:00\" \/>\n<meta property=\"og:image\" content=\"https:\/\/zapateneo.net\/wordpress\/wp-content\/uploads\/2025\/08\/9788492559275_fisuras_en_el_consenso.jpg\" \/>\n\t<meta property=\"og:image:width\" content=\"200\" \/>\n\t<meta property=\"og:image:height\" content=\"298\" \/>\n\t<meta property=\"og:image:type\" content=\"image\/jpeg\" \/>\n<meta name=\"twitter:card\" content=\"summary_large_image\" \/>\n<meta name=\"twitter:site\" content=\"@zapateneo\" \/>\n<meta name=\"twitter:label1\" content=\"Tiempo de lectura\" \/>\n\t<meta name=\"twitter:data1\" content=\"1 minuto\" \/>\n<script type=\"application\/ld+json\" class=\"yoast-schema-graph\">{\"@context\":\"https:\\\/\\\/schema.org\",\"@graph\":[{\"@type\":\"WebPage\",\"@id\":\"https:\\\/\\\/zapateneo.net\\\/wordpress\\\/index.php\\\/producto\\\/fisuras-en-el-consenso-antologia-de-escritos-del-comite-irradies-1987-1994\\\/\",\"url\":\"https:\\\/\\\/zapateneo.net\\\/wordpress\\\/index.php\\\/producto\\\/fisuras-en-el-consenso-antologia-de-escritos-del-comite-irradies-1987-1994\\\/\",\"name\":\"FISURAS EN EL CONSENSO Antologia de escritos del Comit\u00e9 Irradi\u00e9s 1987-1994 &#8212; Zapateneo\",\"isPartOf\":{\"@id\":\"https:\\\/\\\/zapateneo.net\\\/wordpress\\\/#website\"},\"primaryImageOfPage\":{\"@id\":\"https:\\\/\\\/zapateneo.net\\\/wordpress\\\/index.php\\\/producto\\\/fisuras-en-el-consenso-antologia-de-escritos-del-comite-irradies-1987-1994\\\/#primaryimage\"},\"image\":{\"@id\":\"https:\\\/\\\/zapateneo.net\\\/wordpress\\\/index.php\\\/producto\\\/fisuras-en-el-consenso-antologia-de-escritos-del-comite-irradies-1987-1994\\\/#primaryimage\"},\"thumbnailUrl\":\"https:\\\/\\\/zapateneo.net\\\/wordpress\\\/wp-content\\\/uploads\\\/2025\\\/08\\\/9788492559275_fisuras_en_el_consenso.jpg\",\"datePublished\":\"2025-08-15T10:12:54+00:00\",\"dateModified\":\"2025-10-26T15:46:33+00:00\",\"breadcrumb\":{\"@id\":\"https:\\\/\\\/zapateneo.net\\\/wordpress\\\/index.php\\\/producto\\\/fisuras-en-el-consenso-antologia-de-escritos-del-comite-irradies-1987-1994\\\/#breadcrumb\"},\"inLanguage\":\"es\",\"potentialAction\":[{\"@type\":\"ReadAction\",\"target\":[\"https:\\\/\\\/zapateneo.net\\\/wordpress\\\/index.php\\\/producto\\\/fisuras-en-el-consenso-antologia-de-escritos-del-comite-irradies-1987-1994\\\/\"]}]},{\"@type\":\"ImageObject\",\"inLanguage\":\"es\",\"@id\":\"https:\\\/\\\/zapateneo.net\\\/wordpress\\\/index.php\\\/producto\\\/fisuras-en-el-consenso-antologia-de-escritos-del-comite-irradies-1987-1994\\\/#primaryimage\",\"url\":\"https:\\\/\\\/zapateneo.net\\\/wordpress\\\/wp-content\\\/uploads\\\/2025\\\/08\\\/9788492559275_fisuras_en_el_consenso.jpg\",\"contentUrl\":\"https:\\\/\\\/zapateneo.net\\\/wordpress\\\/wp-content\\\/uploads\\\/2025\\\/08\\\/9788492559275_fisuras_en_el_consenso.jpg\",\"width\":200,\"height\":298},{\"@type\":\"BreadcrumbList\",\"@id\":\"https:\\\/\\\/zapateneo.net\\\/wordpress\\\/index.php\\\/producto\\\/fisuras-en-el-consenso-antologia-de-escritos-del-comite-irradies-1987-1994\\\/#breadcrumb\",\"itemListElement\":[{\"@type\":\"ListItem\",\"position\":1,\"name\":\"Portada\",\"item\":\"https:\\\/\\\/zapateneo.net\\\/wordpress\\\/\"},{\"@type\":\"ListItem\",\"position\":2,\"name\":\"Tienda\",\"item\":\"https:\\\/\\\/zapateneo.net\\\/wordpress\\\/\"},{\"@type\":\"ListItem\",\"position\":3,\"name\":\"FISURAS EN EL CONSENSO Antologia de escritos del Comit\u00e9 Irradi\u00e9s 1987-1994\"}]},{\"@type\":\"WebSite\",\"@id\":\"https:\\\/\\\/zapateneo.net\\\/wordpress\\\/#website\",\"url\":\"https:\\\/\\\/zapateneo.net\\\/wordpress\\\/\",\"name\":\"Zapateneo\",\"description\":\"Zapateneoaren webgunea\",\"publisher\":{\"@id\":\"https:\\\/\\\/zapateneo.net\\\/wordpress\\\/#organization\"},\"potentialAction\":[{\"@type\":\"SearchAction\",\"target\":{\"@type\":\"EntryPoint\",\"urlTemplate\":\"https:\\\/\\\/zapateneo.net\\\/wordpress\\\/?s={search_term_string}\"},\"query-input\":{\"@type\":\"PropertyValueSpecification\",\"valueRequired\":true,\"valueName\":\"search_term_string\"}}],\"inLanguage\":\"es\"},{\"@type\":\"Organization\",\"@id\":\"https:\\\/\\\/zapateneo.net\\\/wordpress\\\/#organization\",\"name\":\"Zapateneo Kultur Elkartea\",\"url\":\"https:\\\/\\\/zapateneo.net\\\/wordpress\\\/\",\"logo\":{\"@type\":\"ImageObject\",\"inLanguage\":\"es\",\"@id\":\"https:\\\/\\\/zapateneo.net\\\/wordpress\\\/#\\\/schema\\\/logo\\\/image\\\/\",\"url\":\"https:\\\/\\\/zapateneo.net\\\/wordpress\\\/wp-content\\\/uploads\\\/2021\\\/04\\\/zap-libu-kolec.jpg\",\"contentUrl\":\"https:\\\/\\\/zapateneo.net\\\/wordpress\\\/wp-content\\\/uploads\\\/2021\\\/04\\\/zap-libu-kolec.jpg\",\"width\":2234,\"height\":398,\"caption\":\"Zapateneo Kultur Elkartea\"},\"image\":{\"@id\":\"https:\\\/\\\/zapateneo.net\\\/wordpress\\\/#\\\/schema\\\/logo\\\/image\\\/\"},\"sameAs\":[\"https:\\\/\\\/x.com\\\/zapateneo\"]}]}<\/script>\n<!-- \/ Yoast SEO plugin. -->","yoast_head_json":{"title":"FISURAS EN EL CONSENSO Antologia de escritos del Comit\u00e9 Irradi\u00e9s 1987-1994 &#8212; Zapateneo","robots":{"index":"index","follow":"follow","max-snippet":"max-snippet:-1","max-image-preview":"max-image-preview:large","max-video-preview":"max-video-preview:-1"},"canonical":"https:\/\/zapateneo.net\/wordpress\/index.php\/producto\/fisuras-en-el-consenso-antologia-de-escritos-del-comite-irradies-1987-1994\/","og_locale":"es_ES","og_type":"article","og_title":"FISURAS EN EL CONSENSO Antologia de escritos del Comit\u00e9 Irradi\u00e9s 1987-1994 &#8212; Zapateneo","og_description":"Comit\u00e9 Irradi\u00e9s 9788492559275 - Muturreko Burutazioak - 2013 - 136 p\u00e1ginas \/orri.","og_url":"https:\/\/zapateneo.net\/wordpress\/index.php\/producto\/fisuras-en-el-consenso-antologia-de-escritos-del-comite-irradies-1987-1994\/","og_site_name":"Zapateneo","article_modified_time":"2025-10-26T15:46:33+00:00","og_image":[{"width":200,"height":298,"url":"https:\/\/zapateneo.net\/wordpress\/wp-content\/uploads\/2025\/08\/9788492559275_fisuras_en_el_consenso.jpg","type":"image\/jpeg"}],"twitter_card":"summary_large_image","twitter_site":"@zapateneo","twitter_misc":{"Tiempo de lectura":"1 minuto"},"schema":{"@context":"https:\/\/schema.org","@graph":[{"@type":"WebPage","@id":"https:\/\/zapateneo.net\/wordpress\/index.php\/producto\/fisuras-en-el-consenso-antologia-de-escritos-del-comite-irradies-1987-1994\/","url":"https:\/\/zapateneo.net\/wordpress\/index.php\/producto\/fisuras-en-el-consenso-antologia-de-escritos-del-comite-irradies-1987-1994\/","name":"FISURAS EN EL CONSENSO Antologia de escritos del Comit\u00e9 Irradi\u00e9s 1987-1994 &#8212; Zapateneo","isPartOf":{"@id":"https:\/\/zapateneo.net\/wordpress\/#website"},"primaryImageOfPage":{"@id":"https:\/\/zapateneo.net\/wordpress\/index.php\/producto\/fisuras-en-el-consenso-antologia-de-escritos-del-comite-irradies-1987-1994\/#primaryimage"},"image":{"@id":"https:\/\/zapateneo.net\/wordpress\/index.php\/producto\/fisuras-en-el-consenso-antologia-de-escritos-del-comite-irradies-1987-1994\/#primaryimage"},"thumbnailUrl":"https:\/\/zapateneo.net\/wordpress\/wp-content\/uploads\/2025\/08\/9788492559275_fisuras_en_el_consenso.jpg","datePublished":"2025-08-15T10:12:54+00:00","dateModified":"2025-10-26T15:46:33+00:00","breadcrumb":{"@id":"https:\/\/zapateneo.net\/wordpress\/index.php\/producto\/fisuras-en-el-consenso-antologia-de-escritos-del-comite-irradies-1987-1994\/#breadcrumb"},"inLanguage":"es","potentialAction":[{"@type":"ReadAction","target":["https:\/\/zapateneo.net\/wordpress\/index.php\/producto\/fisuras-en-el-consenso-antologia-de-escritos-del-comite-irradies-1987-1994\/"]}]},{"@type":"ImageObject","inLanguage":"es","@id":"https:\/\/zapateneo.net\/wordpress\/index.php\/producto\/fisuras-en-el-consenso-antologia-de-escritos-del-comite-irradies-1987-1994\/#primaryimage","url":"https:\/\/zapateneo.net\/wordpress\/wp-content\/uploads\/2025\/08\/9788492559275_fisuras_en_el_consenso.jpg","contentUrl":"https:\/\/zapateneo.net\/wordpress\/wp-content\/uploads\/2025\/08\/9788492559275_fisuras_en_el_consenso.jpg","width":200,"height":298},{"@type":"BreadcrumbList","@id":"https:\/\/zapateneo.net\/wordpress\/index.php\/producto\/fisuras-en-el-consenso-antologia-de-escritos-del-comite-irradies-1987-1994\/#breadcrumb","itemListElement":[{"@type":"ListItem","position":1,"name":"Portada","item":"https:\/\/zapateneo.net\/wordpress\/"},{"@type":"ListItem","position":2,"name":"Tienda","item":"https:\/\/zapateneo.net\/wordpress\/"},{"@type":"ListItem","position":3,"name":"FISURAS EN EL CONSENSO Antologia de escritos del Comit\u00e9 Irradi\u00e9s 1987-1994"}]},{"@type":"WebSite","@id":"https:\/\/zapateneo.net\/wordpress\/#website","url":"https:\/\/zapateneo.net\/wordpress\/","name":"Zapateneo","description":"Zapateneoaren webgunea","publisher":{"@id":"https:\/\/zapateneo.net\/wordpress\/#organization"},"potentialAction":[{"@type":"SearchAction","target":{"@type":"EntryPoint","urlTemplate":"https:\/\/zapateneo.net\/wordpress\/?s={search_term_string}"},"query-input":{"@type":"PropertyValueSpecification","valueRequired":true,"valueName":"search_term_string"}}],"inLanguage":"es"},{"@type":"Organization","@id":"https:\/\/zapateneo.net\/wordpress\/#organization","name":"Zapateneo Kultur Elkartea","url":"https:\/\/zapateneo.net\/wordpress\/","logo":{"@type":"ImageObject","inLanguage":"es","@id":"https:\/\/zapateneo.net\/wordpress\/#\/schema\/logo\/image\/","url":"https:\/\/zapateneo.net\/wordpress\/wp-content\/uploads\/2021\/04\/zap-libu-kolec.jpg","contentUrl":"https:\/\/zapateneo.net\/wordpress\/wp-content\/uploads\/2021\/04\/zap-libu-kolec.jpg","width":2234,"height":398,"caption":"Zapateneo Kultur Elkartea"},"image":{"@id":"https:\/\/zapateneo.net\/wordpress\/#\/schema\/logo\/image\/"},"sameAs":["https:\/\/x.com\/zapateneo"]}]}},"_links":{"self":[{"href":"https:\/\/zapateneo.net\/wordpress\/index.php\/wp-json\/wp\/v2\/product\/16020","targetHints":{"allow":["GET"]}}],"collection":[{"href":"https:\/\/zapateneo.net\/wordpress\/index.php\/wp-json\/wp\/v2\/product"}],"about":[{"href":"https:\/\/zapateneo.net\/wordpress\/index.php\/wp-json\/wp\/v2\/types\/product"}],"wp:featuredmedia":[{"embeddable":true,"href":"https:\/\/zapateneo.net\/wordpress\/index.php\/wp-json\/wp\/v2\/media\/16036"}],"wp:attachment":[{"href":"https:\/\/zapateneo.net\/wordpress\/index.php\/wp-json\/wp\/v2\/media?parent=16020"}],"wp:term":[{"taxonomy":"product_brand","embeddable":true,"href":"https:\/\/zapateneo.net\/wordpress\/index.php\/wp-json\/wp\/v2\/product_brand?post=16020"},{"taxonomy":"product_cat","embeddable":true,"href":"https:\/\/zapateneo.net\/wordpress\/index.php\/wp-json\/wp\/v2\/product_cat?post=16020"},{"taxonomy":"product_tag","embeddable":true,"href":"https:\/\/zapateneo.net\/wordpress\/index.php\/wp-json\/wp\/v2\/product_tag?post=16020"}],"curies":[{"name":"wp","href":"https:\/\/api.w.org\/{rel}","templated":true}]}}