{"id":16002,"date":"2025-08-15T09:10:00","date_gmt":"2025-08-15T08:10:00","guid":{"rendered":"https:\/\/zapateneo.net\/wordpress\/?post_type=product&#038;p=16002"},"modified":"2025-10-26T16:46:40","modified_gmt":"2025-10-26T15:46:40","slug":"accion-antifascista-historia-del-movimiento-aleman-de-izquierda-radical","status":"publish","type":"product","link":"https:\/\/zapateneo.net\/wordpress\/index.php\/producto\/accion-antifascista-historia-del-movimiento-aleman-de-izquierda-radical\/","title":{"rendered":"Acci\u00f3n Antifascista. Historia del movimiento alem\u00e1n de izquierda radical"},"content":{"rendered":"<p>Partiendo de la toma del poder por los bolcheviques en Rusia en 1917 y el ascenso del fascismo italiano, este libro aborda el surgimiento del fascismo y el antifascismo hasta llegar a los movimientos antifascistas actuales.<\/p>\n<p>La atenci\u00f3n se centra en la evoluci\u00f3n en Alemania. Aqu\u00ed, la defensa contra el Golpe de Kapp en 1920 marc\u00f3 la primera aparici\u00f3n de un frente unido contra la derecha radical.<\/p>\n<p>Sin embargo, este \u00e9xito no tuvo continuidad, sobre todo porque el KPD consideraba el fascismo como una mera forma de dominio capitalista. Finalmente, la Internacional Comunista (KomIntern) adopt\u00f3 una l\u00ednea fatal con la tesis del social-fascismo, lo que contribuy\u00f3 decisivamente a que las fuerzas antifascistas no estuvieran preparadas y estuvieran desunidas en 1933. El libro contiene una descripci\u00f3n precisa de los actores pol\u00edticos y sus estrategias hasta la Segunda Guerra Mundial. Despu\u00e9s de la guerra, el antifascismo se entendi\u00f3 de forma diferente en la RDA (socialista) y la RFA (capitalista).<\/p>\n<p>Esta obra trata principalmente del antifascismo no dogm\u00e1tico y militante que surgi\u00f3 en Alemania Occidental en los a\u00f1os setenta. En los a\u00f1os ochenta, del nuevo Movimiento Aut\u00f3nomo nacer\u00e1 un Movimiento Antifascista extraparlamentario y revolucionario. Sin embargo, s\u00f3lo con el ascenso de las fuerzas fascistas a partir de 1989 (reunificaci\u00f3n alemana) el antifascismo se convirti\u00f3 en la cuesti\u00f3n dominante en la izquierda radical, y el Movimiento Aut\u00f3nomo fue absorbido en gran medida por el Movimiento Antifa organizado. Todos aquellos que siguen buscando las causas del fascismo en el sistema capitalista, que entienden el antifascismo como una lucha por el conjunto y que se aferran a la idea de una sociedad diferente, se re\u00fanen bajo el s\u00edmbolo de la Acci\u00f3n Antifascista.<\/p>\n<p>La historia de este movimiento, junto con el desarrollo del radicalismo de derechas y las medidas estatales, se presenta hasta 2022, despu\u00e9s de la pandemia. Hoy en d\u00eda, las banderas dobles de Acci\u00f3n Antifascista (Antifaschistische Aktion) son el s\u00edmbolo m\u00e1s utilizado de la escena de izquierdas. Antifa es tambi\u00e9n un t\u00e9rmino que todo el mundo puede reconocer. A veces se ha equiparado a Antifa con el Bloque Negro (Black Block), al menos as\u00ed lo tergiversan los medios de comunicaci\u00f3n. Sin embargo, la historia de este movimiento se remonta a mucho tiempo atr\u00e1s y no puede reducirse en absoluto al Movimiento Aut\u00f3nomo.<\/p>\n<p>En Alemania Occidental, los grupos comunistas retomaron la doble bandera en la d\u00e9cada de 1970. Adoptada y redise\u00f1ada posteriormente por los aut\u00f3nomos, se convirti\u00f3 en el s\u00edmbolo de la actual Acci\u00f3n Antifa. No dogm\u00e1tico, radical y cr\u00edtico con el sistema, el antifascismo siempre ha sido mucho m\u00e1s que una lucha contra los nazis. Este libro ofrece la primera visi\u00f3n global de esta evoluci\u00f3n de Antifa, llegando hasta el presente y documentando as\u00ed tambi\u00e9n la historia m\u00e1s reciente.<\/p>\n<p>Baskale: Asociaci\u00f3n vasco-alemana, han coordinado la traducci\u00f3n de esta obra.<\/p>\n","protected":false},"excerpt":{"rendered":"<p><strong>Bernd Langer<\/strong><br \/>\n9783897712591 &#8211; Sare Antifaxista &#8211; 2024 &#8211; 582 p\u00e1ginas \/orri.<\/p>\n","protected":false},"featured_media":16010,"template":"","meta":[],"product_brand":[],"product_cat":[185,16],"product_tag":[7171,730],"class_list":{"0":"post-16002","1":"product","2":"type-product","3":"status-publish","4":"has-post-thumbnail","6":"product_cat-historia","7":"product_cat-libros","8":"product_tag-bernd-langer","9":"product_tag-sare-antifaxista","11":"first","12":"onbackorder","13":"sold-individually","14":"shipping-taxable","15":"purchasable","16":"product-type-simple"},"yoast_head":"<!-- This site is optimized with the Yoast SEO plugin v27.3 - https:\/\/yoast.com\/product\/yoast-seo-wordpress\/ -->\n<title>Acci\u00f3n Antifascista. Historia del movimiento alem\u00e1n de izquierda radical &#8212; Zapateneo<\/title>\n<meta name=\"robots\" content=\"index, follow, max-snippet:-1, max-image-preview:large, max-video-preview:-1\" \/>\n<link rel=\"canonical\" href=\"https:\/\/zapateneo.net\/wordpress\/index.php\/producto\/accion-antifascista-historia-del-movimiento-aleman-de-izquierda-radical\/\" \/>\n<meta property=\"og:locale\" content=\"es_ES\" \/>\n<meta property=\"og:type\" content=\"article\" \/>\n<meta property=\"og:title\" content=\"Acci\u00f3n Antifascista. Historia del movimiento alem\u00e1n de izquierda radical &#8212; Zapateneo\" \/>\n<meta property=\"og:description\" content=\"Bernd Langer 9783897712591 - Sare Antifaxista - 2024 - 582 p\u00e1ginas \/orri.\" \/>\n<meta property=\"og:url\" content=\"https:\/\/zapateneo.net\/wordpress\/index.php\/producto\/accion-antifascista-historia-del-movimiento-aleman-de-izquierda-radical\/\" \/>\n<meta property=\"og:site_name\" content=\"Zapateneo\" \/>\n<meta property=\"article:modified_time\" content=\"2025-10-26T15:46:40+00:00\" \/>\n<meta property=\"og:image\" content=\"https:\/\/zapateneo.net\/wordpress\/wp-content\/uploads\/2025\/08\/9783897712591_accin_antifascista_historia_del_movimiento_alemn_de_izquierda_radical.png\" \/>\n\t<meta property=\"og:image:width\" content=\"273\" \/>\n\t<meta property=\"og:image:height\" content=\"400\" \/>\n\t<meta property=\"og:image:type\" content=\"image\/png\" \/>\n<meta name=\"twitter:card\" content=\"summary_large_image\" \/>\n<meta name=\"twitter:site\" content=\"@zapateneo\" \/>\n<meta name=\"twitter:label1\" content=\"Tiempo de lectura\" \/>\n\t<meta name=\"twitter:data1\" content=\"3 minutos\" \/>\n<script type=\"application\/ld+json\" class=\"yoast-schema-graph\">{\"@context\":\"https:\\\/\\\/schema.org\",\"@graph\":[{\"@type\":\"WebPage\",\"@id\":\"https:\\\/\\\/zapateneo.net\\\/wordpress\\\/index.php\\\/producto\\\/accion-antifascista-historia-del-movimiento-aleman-de-izquierda-radical\\\/\",\"url\":\"https:\\\/\\\/zapateneo.net\\\/wordpress\\\/index.php\\\/producto\\\/accion-antifascista-historia-del-movimiento-aleman-de-izquierda-radical\\\/\",\"name\":\"Acci\u00f3n Antifascista. Historia del movimiento alem\u00e1n de izquierda radical &#8212; Zapateneo\",\"isPartOf\":{\"@id\":\"https:\\\/\\\/zapateneo.net\\\/wordpress\\\/#website\"},\"primaryImageOfPage\":{\"@id\":\"https:\\\/\\\/zapateneo.net\\\/wordpress\\\/index.php\\\/producto\\\/accion-antifascista-historia-del-movimiento-aleman-de-izquierda-radical\\\/#primaryimage\"},\"image\":{\"@id\":\"https:\\\/\\\/zapateneo.net\\\/wordpress\\\/index.php\\\/producto\\\/accion-antifascista-historia-del-movimiento-aleman-de-izquierda-radical\\\/#primaryimage\"},\"thumbnailUrl\":\"https:\\\/\\\/zapateneo.net\\\/wordpress\\\/wp-content\\\/uploads\\\/2025\\\/08\\\/9783897712591_accin_antifascista_historia_del_movimiento_alemn_de_izquierda_radical.png\",\"datePublished\":\"2025-08-15T08:10:00+00:00\",\"dateModified\":\"2025-10-26T15:46:40+00:00\",\"breadcrumb\":{\"@id\":\"https:\\\/\\\/zapateneo.net\\\/wordpress\\\/index.php\\\/producto\\\/accion-antifascista-historia-del-movimiento-aleman-de-izquierda-radical\\\/#breadcrumb\"},\"inLanguage\":\"es\",\"potentialAction\":[{\"@type\":\"ReadAction\",\"target\":[\"https:\\\/\\\/zapateneo.net\\\/wordpress\\\/index.php\\\/producto\\\/accion-antifascista-historia-del-movimiento-aleman-de-izquierda-radical\\\/\"]}]},{\"@type\":\"ImageObject\",\"inLanguage\":\"es\",\"@id\":\"https:\\\/\\\/zapateneo.net\\\/wordpress\\\/index.php\\\/producto\\\/accion-antifascista-historia-del-movimiento-aleman-de-izquierda-radical\\\/#primaryimage\",\"url\":\"https:\\\/\\\/zapateneo.net\\\/wordpress\\\/wp-content\\\/uploads\\\/2025\\\/08\\\/9783897712591_accin_antifascista_historia_del_movimiento_alemn_de_izquierda_radical.png\",\"contentUrl\":\"https:\\\/\\\/zapateneo.net\\\/wordpress\\\/wp-content\\\/uploads\\\/2025\\\/08\\\/9783897712591_accin_antifascista_historia_del_movimiento_alemn_de_izquierda_radical.png\",\"width\":273,\"height\":400},{\"@type\":\"BreadcrumbList\",\"@id\":\"https:\\\/\\\/zapateneo.net\\\/wordpress\\\/index.php\\\/producto\\\/accion-antifascista-historia-del-movimiento-aleman-de-izquierda-radical\\\/#breadcrumb\",\"itemListElement\":[{\"@type\":\"ListItem\",\"position\":1,\"name\":\"Portada\",\"item\":\"https:\\\/\\\/zapateneo.net\\\/wordpress\\\/\"},{\"@type\":\"ListItem\",\"position\":2,\"name\":\"Tienda\",\"item\":\"https:\\\/\\\/zapateneo.net\\\/wordpress\\\/\"},{\"@type\":\"ListItem\",\"position\":3,\"name\":\"Acci\u00f3n Antifascista. Historia del movimiento alem\u00e1n de izquierda radical\"}]},{\"@type\":\"WebSite\",\"@id\":\"https:\\\/\\\/zapateneo.net\\\/wordpress\\\/#website\",\"url\":\"https:\\\/\\\/zapateneo.net\\\/wordpress\\\/\",\"name\":\"Zapateneo\",\"description\":\"Zapateneoaren webgunea\",\"publisher\":{\"@id\":\"https:\\\/\\\/zapateneo.net\\\/wordpress\\\/#organization\"},\"potentialAction\":[{\"@type\":\"SearchAction\",\"target\":{\"@type\":\"EntryPoint\",\"urlTemplate\":\"https:\\\/\\\/zapateneo.net\\\/wordpress\\\/?s={search_term_string}\"},\"query-input\":{\"@type\":\"PropertyValueSpecification\",\"valueRequired\":true,\"valueName\":\"search_term_string\"}}],\"inLanguage\":\"es\"},{\"@type\":\"Organization\",\"@id\":\"https:\\\/\\\/zapateneo.net\\\/wordpress\\\/#organization\",\"name\":\"Zapateneo Kultur Elkartea\",\"url\":\"https:\\\/\\\/zapateneo.net\\\/wordpress\\\/\",\"logo\":{\"@type\":\"ImageObject\",\"inLanguage\":\"es\",\"@id\":\"https:\\\/\\\/zapateneo.net\\\/wordpress\\\/#\\\/schema\\\/logo\\\/image\\\/\",\"url\":\"https:\\\/\\\/zapateneo.net\\\/wordpress\\\/wp-content\\\/uploads\\\/2021\\\/04\\\/zap-libu-kolec.jpg\",\"contentUrl\":\"https:\\\/\\\/zapateneo.net\\\/wordpress\\\/wp-content\\\/uploads\\\/2021\\\/04\\\/zap-libu-kolec.jpg\",\"width\":2234,\"height\":398,\"caption\":\"Zapateneo Kultur Elkartea\"},\"image\":{\"@id\":\"https:\\\/\\\/zapateneo.net\\\/wordpress\\\/#\\\/schema\\\/logo\\\/image\\\/\"},\"sameAs\":[\"https:\\\/\\\/x.com\\\/zapateneo\"]}]}<\/script>\n<!-- \/ Yoast SEO plugin. -->","yoast_head_json":{"title":"Acci\u00f3n Antifascista. Historia del movimiento alem\u00e1n de izquierda radical &#8212; Zapateneo","robots":{"index":"index","follow":"follow","max-snippet":"max-snippet:-1","max-image-preview":"max-image-preview:large","max-video-preview":"max-video-preview:-1"},"canonical":"https:\/\/zapateneo.net\/wordpress\/index.php\/producto\/accion-antifascista-historia-del-movimiento-aleman-de-izquierda-radical\/","og_locale":"es_ES","og_type":"article","og_title":"Acci\u00f3n Antifascista. Historia del movimiento alem\u00e1n de izquierda radical &#8212; Zapateneo","og_description":"Bernd Langer 9783897712591 - Sare Antifaxista - 2024 - 582 p\u00e1ginas \/orri.","og_url":"https:\/\/zapateneo.net\/wordpress\/index.php\/producto\/accion-antifascista-historia-del-movimiento-aleman-de-izquierda-radical\/","og_site_name":"Zapateneo","article_modified_time":"2025-10-26T15:46:40+00:00","og_image":[{"width":273,"height":400,"url":"https:\/\/zapateneo.net\/wordpress\/wp-content\/uploads\/2025\/08\/9783897712591_accin_antifascista_historia_del_movimiento_alemn_de_izquierda_radical.png","type":"image\/png"}],"twitter_card":"summary_large_image","twitter_site":"@zapateneo","twitter_misc":{"Tiempo de lectura":"3 minutos"},"schema":{"@context":"https:\/\/schema.org","@graph":[{"@type":"WebPage","@id":"https:\/\/zapateneo.net\/wordpress\/index.php\/producto\/accion-antifascista-historia-del-movimiento-aleman-de-izquierda-radical\/","url":"https:\/\/zapateneo.net\/wordpress\/index.php\/producto\/accion-antifascista-historia-del-movimiento-aleman-de-izquierda-radical\/","name":"Acci\u00f3n Antifascista. Historia del movimiento alem\u00e1n de izquierda radical &#8212; Zapateneo","isPartOf":{"@id":"https:\/\/zapateneo.net\/wordpress\/#website"},"primaryImageOfPage":{"@id":"https:\/\/zapateneo.net\/wordpress\/index.php\/producto\/accion-antifascista-historia-del-movimiento-aleman-de-izquierda-radical\/#primaryimage"},"image":{"@id":"https:\/\/zapateneo.net\/wordpress\/index.php\/producto\/accion-antifascista-historia-del-movimiento-aleman-de-izquierda-radical\/#primaryimage"},"thumbnailUrl":"https:\/\/zapateneo.net\/wordpress\/wp-content\/uploads\/2025\/08\/9783897712591_accin_antifascista_historia_del_movimiento_alemn_de_izquierda_radical.png","datePublished":"2025-08-15T08:10:00+00:00","dateModified":"2025-10-26T15:46:40+00:00","breadcrumb":{"@id":"https:\/\/zapateneo.net\/wordpress\/index.php\/producto\/accion-antifascista-historia-del-movimiento-aleman-de-izquierda-radical\/#breadcrumb"},"inLanguage":"es","potentialAction":[{"@type":"ReadAction","target":["https:\/\/zapateneo.net\/wordpress\/index.php\/producto\/accion-antifascista-historia-del-movimiento-aleman-de-izquierda-radical\/"]}]},{"@type":"ImageObject","inLanguage":"es","@id":"https:\/\/zapateneo.net\/wordpress\/index.php\/producto\/accion-antifascista-historia-del-movimiento-aleman-de-izquierda-radical\/#primaryimage","url":"https:\/\/zapateneo.net\/wordpress\/wp-content\/uploads\/2025\/08\/9783897712591_accin_antifascista_historia_del_movimiento_alemn_de_izquierda_radical.png","contentUrl":"https:\/\/zapateneo.net\/wordpress\/wp-content\/uploads\/2025\/08\/9783897712591_accin_antifascista_historia_del_movimiento_alemn_de_izquierda_radical.png","width":273,"height":400},{"@type":"BreadcrumbList","@id":"https:\/\/zapateneo.net\/wordpress\/index.php\/producto\/accion-antifascista-historia-del-movimiento-aleman-de-izquierda-radical\/#breadcrumb","itemListElement":[{"@type":"ListItem","position":1,"name":"Portada","item":"https:\/\/zapateneo.net\/wordpress\/"},{"@type":"ListItem","position":2,"name":"Tienda","item":"https:\/\/zapateneo.net\/wordpress\/"},{"@type":"ListItem","position":3,"name":"Acci\u00f3n Antifascista. Historia del movimiento alem\u00e1n de izquierda radical"}]},{"@type":"WebSite","@id":"https:\/\/zapateneo.net\/wordpress\/#website","url":"https:\/\/zapateneo.net\/wordpress\/","name":"Zapateneo","description":"Zapateneoaren webgunea","publisher":{"@id":"https:\/\/zapateneo.net\/wordpress\/#organization"},"potentialAction":[{"@type":"SearchAction","target":{"@type":"EntryPoint","urlTemplate":"https:\/\/zapateneo.net\/wordpress\/?s={search_term_string}"},"query-input":{"@type":"PropertyValueSpecification","valueRequired":true,"valueName":"search_term_string"}}],"inLanguage":"es"},{"@type":"Organization","@id":"https:\/\/zapateneo.net\/wordpress\/#organization","name":"Zapateneo Kultur Elkartea","url":"https:\/\/zapateneo.net\/wordpress\/","logo":{"@type":"ImageObject","inLanguage":"es","@id":"https:\/\/zapateneo.net\/wordpress\/#\/schema\/logo\/image\/","url":"https:\/\/zapateneo.net\/wordpress\/wp-content\/uploads\/2021\/04\/zap-libu-kolec.jpg","contentUrl":"https:\/\/zapateneo.net\/wordpress\/wp-content\/uploads\/2021\/04\/zap-libu-kolec.jpg","width":2234,"height":398,"caption":"Zapateneo Kultur Elkartea"},"image":{"@id":"https:\/\/zapateneo.net\/wordpress\/#\/schema\/logo\/image\/"},"sameAs":["https:\/\/x.com\/zapateneo"]}]}},"_links":{"self":[{"href":"https:\/\/zapateneo.net\/wordpress\/index.php\/wp-json\/wp\/v2\/product\/16002","targetHints":{"allow":["GET"]}}],"collection":[{"href":"https:\/\/zapateneo.net\/wordpress\/index.php\/wp-json\/wp\/v2\/product"}],"about":[{"href":"https:\/\/zapateneo.net\/wordpress\/index.php\/wp-json\/wp\/v2\/types\/product"}],"wp:featuredmedia":[{"embeddable":true,"href":"https:\/\/zapateneo.net\/wordpress\/index.php\/wp-json\/wp\/v2\/media\/16010"}],"wp:attachment":[{"href":"https:\/\/zapateneo.net\/wordpress\/index.php\/wp-json\/wp\/v2\/media?parent=16002"}],"wp:term":[{"taxonomy":"product_brand","embeddable":true,"href":"https:\/\/zapateneo.net\/wordpress\/index.php\/wp-json\/wp\/v2\/product_brand?post=16002"},{"taxonomy":"product_cat","embeddable":true,"href":"https:\/\/zapateneo.net\/wordpress\/index.php\/wp-json\/wp\/v2\/product_cat?post=16002"},{"taxonomy":"product_tag","embeddable":true,"href":"https:\/\/zapateneo.net\/wordpress\/index.php\/wp-json\/wp\/v2\/product_tag?post=16002"}],"curies":[{"name":"wp","href":"https:\/\/api.w.org\/{rel}","templated":true}]}}