{"id":15925,"date":"2025-05-24T10:00:21","date_gmt":"2025-05-24T09:00:21","guid":{"rendered":"https:\/\/zapateneo.net\/wordpress\/?post_type=product&#038;p=15925"},"modified":"2025-10-26T16:53:33","modified_gmt":"2025-10-26T15:53:33","slug":"las-hogueras-de-el-pertus","status":"publish","type":"product","link":"https:\/\/zapateneo.net\/wordpress\/index.php\/producto\/las-hogueras-de-el-pertus\/","title":{"rendered":"LAS HOGUERAS DE EL PERT\u00daS"},"content":{"rendered":"<p>\u201cFebrero, a\u00f1o 1939. Los invasores se acercaban y cientos de miles de personas hu\u00edan hacia la frontera francesa bajo las bombas de los aviones extranjeros.<\/p>\n<p>La dura pelea hab\u00eda empezado casi tres a\u00f1os atr\u00e1s. El pueblo neutraliz\u00f3 el Golpe en los primeros momentos, pero Francia e Inglaterra alinearon a todos los pa\u00edses contra Espa\u00f1a para que \u00e9sta no pudiera adquirir las armas que necesitaba en ning\u00fan lugar. Fue lo que se bautiz\u00f3 como Pacto de No Intervenci\u00f3n. Mientras tanto, los ej\u00e9rcitos de Hitler y Mussolini operaban libremente en el interior de la pen\u00ednsula. Espa\u00f1a era sacrificada, dentro de la denominada \u0093pol\u00edtica de apaciguamiento\u0094 que consist\u00eda en otorgarle a Hitler peque\u00f1as victorias con la intenci\u00f3n de evitar un conflicto de mayores dimensiones. Y despu\u00e9s de tres a\u00f1os, Espa\u00f1a perdi\u00f3 la batalla.<\/p>\n<p>Hoy lo llaman \u0093guerra civil\u0094, dicen que fue un asunto interno entre espa\u00f1oles, que su pasi\u00f3n irrefrenable los llev\u00f3 a aquel enfrentamiento entre hermanos\u0085 \u00bfGuerra civil? En aquella \u00e9poca los t\u00e9rminos usados eran otros: La Guerra contra la Invasi\u00f3n.<\/p>\n<p>La noche del 27 de enero se abre la frontera para los civiles, el 5 de febrero para los soldados. Todo esto ocurr\u00eda mientras una gran campa\u00f1a xen\u00f3foba se desataba en la prensa conservadora.<\/p>\n<p>La acogida en Francia resultar\u00eda dram\u00e1tica. Tanto civiles como militares pasaron a Francia para ser encerrados en campos de concentraci\u00f3n.<\/p>\n<p>Las leyes contra los extranjeros se hab\u00edan ido sucediendo como un torrente a lo largo de 1938 y culminaron con la promulgaci\u00f3n del decreto-ley del 12 de noviembre que permitir\u00eda el internamiento administrativo de los extranjeros \u0093indeseables\u0094 en \u0093centros especiales\u0094. Los \u0093indeseables\u0094 eran los espa\u00f1oles. Los \u0093centros especiales\u0094 eran los campos de concentraci\u00f3n. Y los espa\u00f1oles, encerrados a la intemperie, fueron llenando los cementerios.<\/p>\n<p>En Francia existieron varios campos para los hombres. Los m\u00e1s grandes y precarios fueron el Campo de Concentraci\u00f3n de Argel\u00e8s-sur-Mer y el Campo de Concentraci\u00f3n de Saint-Cyprien, con 100.000 personas encerradas en cada uno de ellos. Fue en aquellas circunstancias extremas, cuando todo parec\u00eda terminar para los republicanos espa\u00f1oles, cuando s\u00f3lo se pod\u00eda esperar que sucumbieran rendidos por el fr\u00edo, el hambre y las enfermedades, cuando se obligaron a s\u00ed mismos a mantenerse vivos. No pod\u00edan romper la promesa que hab\u00edan hecho, deb\u00edan seguir en pie para, alg\u00fan d\u00eda, reanudar la pelea por la Liberaci\u00f3n de Espa\u00f1a. Pero antes, deber\u00edan enfrentarse a los enemigos de ayer, esta vez en suelo franc\u00e9s, pero esa ya es otra historia\u2026 El periodo hist\u00f3rico que abarca el c\u00f3mic es desde principios de 1939 hasta el verano de 1940.\u201d<\/p>\n","protected":false},"excerpt":{"rendered":"<p><strong>V\u00c1ZQUEZ GARC\u00cdA, ALBERTO<\/strong><br \/>\n9788409621712 &#8211; PRINCIPAU DE ESTURIES &#8211; 2024 &#8211; 360 p\u00e1ginas \/orri.<\/p>\n","protected":false},"featured_media":15944,"template":"","meta":[],"product_brand":[],"product_cat":[167],"product_tag":[6785,7144,963],"class_list":{"0":"post-15925","1":"product","2":"type-product","3":"status-publish","4":"has-post-thumbnail","6":"product_cat-comics-komikiak","7":"product_tag-alberto","8":"product_tag-principau-de-esturies","9":"product_tag-vazquez-garcia","11":"first","12":"onbackorder","13":"sold-individually","14":"shipping-taxable","15":"purchasable","16":"product-type-simple"},"yoast_head":"<!-- This site is optimized with the Yoast SEO plugin v27.3 - https:\/\/yoast.com\/product\/yoast-seo-wordpress\/ -->\n<title>LAS HOGUERAS DE EL PERT\u00daS &#8212; Zapateneo<\/title>\n<meta name=\"robots\" content=\"index, follow, max-snippet:-1, max-image-preview:large, max-video-preview:-1\" \/>\n<link rel=\"canonical\" href=\"https:\/\/zapateneo.net\/wordpress\/index.php\/producto\/las-hogueras-de-el-pertus\/\" \/>\n<meta property=\"og:locale\" content=\"es_ES\" \/>\n<meta property=\"og:type\" content=\"article\" \/>\n<meta property=\"og:title\" content=\"LAS HOGUERAS DE EL PERT\u00daS &#8212; Zapateneo\" \/>\n<meta property=\"og:description\" content=\"V\u00c1ZQUEZ GARC\u00cdA, ALBERTO 9788409621712 - PRINCIPAU DE ESTURIES - 2024 - 360 p\u00e1ginas \/orri.\" \/>\n<meta property=\"og:url\" content=\"https:\/\/zapateneo.net\/wordpress\/index.php\/producto\/las-hogueras-de-el-pertus\/\" \/>\n<meta property=\"og:site_name\" content=\"Zapateneo\" \/>\n<meta property=\"article:modified_time\" content=\"2025-10-26T15:53:33+00:00\" \/>\n<meta property=\"og:image\" content=\"https:\/\/zapateneo.net\/wordpress\/wp-content\/uploads\/2025\/05\/las_hogueras_de_el_petrs.jpg\" \/>\n\t<meta property=\"og:image:width\" content=\"256\" \/>\n\t<meta property=\"og:image:height\" content=\"350\" \/>\n\t<meta property=\"og:image:type\" content=\"image\/jpeg\" \/>\n<meta name=\"twitter:card\" content=\"summary_large_image\" \/>\n<meta name=\"twitter:site\" content=\"@zapateneo\" \/>\n<meta name=\"twitter:label1\" content=\"Tiempo de lectura\" \/>\n\t<meta name=\"twitter:data1\" content=\"2 minutos\" \/>\n<script type=\"application\/ld+json\" class=\"yoast-schema-graph\">{\"@context\":\"https:\\\/\\\/schema.org\",\"@graph\":[{\"@type\":\"WebPage\",\"@id\":\"https:\\\/\\\/zapateneo.net\\\/wordpress\\\/index.php\\\/producto\\\/las-hogueras-de-el-pertus\\\/\",\"url\":\"https:\\\/\\\/zapateneo.net\\\/wordpress\\\/index.php\\\/producto\\\/las-hogueras-de-el-pertus\\\/\",\"name\":\"LAS HOGUERAS DE EL PERT\u00daS &#8212; Zapateneo\",\"isPartOf\":{\"@id\":\"https:\\\/\\\/zapateneo.net\\\/wordpress\\\/#website\"},\"primaryImageOfPage\":{\"@id\":\"https:\\\/\\\/zapateneo.net\\\/wordpress\\\/index.php\\\/producto\\\/las-hogueras-de-el-pertus\\\/#primaryimage\"},\"image\":{\"@id\":\"https:\\\/\\\/zapateneo.net\\\/wordpress\\\/index.php\\\/producto\\\/las-hogueras-de-el-pertus\\\/#primaryimage\"},\"thumbnailUrl\":\"https:\\\/\\\/zapateneo.net\\\/wordpress\\\/wp-content\\\/uploads\\\/2025\\\/05\\\/las_hogueras_de_el_petrs.jpg\",\"datePublished\":\"2025-05-24T09:00:21+00:00\",\"dateModified\":\"2025-10-26T15:53:33+00:00\",\"breadcrumb\":{\"@id\":\"https:\\\/\\\/zapateneo.net\\\/wordpress\\\/index.php\\\/producto\\\/las-hogueras-de-el-pertus\\\/#breadcrumb\"},\"inLanguage\":\"es\",\"potentialAction\":[{\"@type\":\"ReadAction\",\"target\":[\"https:\\\/\\\/zapateneo.net\\\/wordpress\\\/index.php\\\/producto\\\/las-hogueras-de-el-pertus\\\/\"]}]},{\"@type\":\"ImageObject\",\"inLanguage\":\"es\",\"@id\":\"https:\\\/\\\/zapateneo.net\\\/wordpress\\\/index.php\\\/producto\\\/las-hogueras-de-el-pertus\\\/#primaryimage\",\"url\":\"https:\\\/\\\/zapateneo.net\\\/wordpress\\\/wp-content\\\/uploads\\\/2025\\\/05\\\/las_hogueras_de_el_petrs.jpg\",\"contentUrl\":\"https:\\\/\\\/zapateneo.net\\\/wordpress\\\/wp-content\\\/uploads\\\/2025\\\/05\\\/las_hogueras_de_el_petrs.jpg\",\"width\":256,\"height\":350},{\"@type\":\"BreadcrumbList\",\"@id\":\"https:\\\/\\\/zapateneo.net\\\/wordpress\\\/index.php\\\/producto\\\/las-hogueras-de-el-pertus\\\/#breadcrumb\",\"itemListElement\":[{\"@type\":\"ListItem\",\"position\":1,\"name\":\"Portada\",\"item\":\"https:\\\/\\\/zapateneo.net\\\/wordpress\\\/\"},{\"@type\":\"ListItem\",\"position\":2,\"name\":\"Tienda\",\"item\":\"https:\\\/\\\/zapateneo.net\\\/wordpress\\\/\"},{\"@type\":\"ListItem\",\"position\":3,\"name\":\"LAS HOGUERAS DE EL PERT\u00daS\"}]},{\"@type\":\"WebSite\",\"@id\":\"https:\\\/\\\/zapateneo.net\\\/wordpress\\\/#website\",\"url\":\"https:\\\/\\\/zapateneo.net\\\/wordpress\\\/\",\"name\":\"Zapateneo\",\"description\":\"Zapateneoaren webgunea\",\"publisher\":{\"@id\":\"https:\\\/\\\/zapateneo.net\\\/wordpress\\\/#organization\"},\"potentialAction\":[{\"@type\":\"SearchAction\",\"target\":{\"@type\":\"EntryPoint\",\"urlTemplate\":\"https:\\\/\\\/zapateneo.net\\\/wordpress\\\/?s={search_term_string}\"},\"query-input\":{\"@type\":\"PropertyValueSpecification\",\"valueRequired\":true,\"valueName\":\"search_term_string\"}}],\"inLanguage\":\"es\"},{\"@type\":\"Organization\",\"@id\":\"https:\\\/\\\/zapateneo.net\\\/wordpress\\\/#organization\",\"name\":\"Zapateneo Kultur Elkartea\",\"url\":\"https:\\\/\\\/zapateneo.net\\\/wordpress\\\/\",\"logo\":{\"@type\":\"ImageObject\",\"inLanguage\":\"es\",\"@id\":\"https:\\\/\\\/zapateneo.net\\\/wordpress\\\/#\\\/schema\\\/logo\\\/image\\\/\",\"url\":\"https:\\\/\\\/zapateneo.net\\\/wordpress\\\/wp-content\\\/uploads\\\/2021\\\/04\\\/zap-libu-kolec.jpg\",\"contentUrl\":\"https:\\\/\\\/zapateneo.net\\\/wordpress\\\/wp-content\\\/uploads\\\/2021\\\/04\\\/zap-libu-kolec.jpg\",\"width\":2234,\"height\":398,\"caption\":\"Zapateneo Kultur Elkartea\"},\"image\":{\"@id\":\"https:\\\/\\\/zapateneo.net\\\/wordpress\\\/#\\\/schema\\\/logo\\\/image\\\/\"},\"sameAs\":[\"https:\\\/\\\/x.com\\\/zapateneo\"]}]}<\/script>\n<!-- \/ Yoast SEO plugin. -->","yoast_head_json":{"title":"LAS HOGUERAS DE EL PERT\u00daS &#8212; Zapateneo","robots":{"index":"index","follow":"follow","max-snippet":"max-snippet:-1","max-image-preview":"max-image-preview:large","max-video-preview":"max-video-preview:-1"},"canonical":"https:\/\/zapateneo.net\/wordpress\/index.php\/producto\/las-hogueras-de-el-pertus\/","og_locale":"es_ES","og_type":"article","og_title":"LAS HOGUERAS DE EL PERT\u00daS &#8212; Zapateneo","og_description":"V\u00c1ZQUEZ GARC\u00cdA, ALBERTO 9788409621712 - PRINCIPAU DE ESTURIES - 2024 - 360 p\u00e1ginas \/orri.","og_url":"https:\/\/zapateneo.net\/wordpress\/index.php\/producto\/las-hogueras-de-el-pertus\/","og_site_name":"Zapateneo","article_modified_time":"2025-10-26T15:53:33+00:00","og_image":[{"width":256,"height":350,"url":"https:\/\/zapateneo.net\/wordpress\/wp-content\/uploads\/2025\/05\/las_hogueras_de_el_petrs.jpg","type":"image\/jpeg"}],"twitter_card":"summary_large_image","twitter_site":"@zapateneo","twitter_misc":{"Tiempo de lectura":"2 minutos"},"schema":{"@context":"https:\/\/schema.org","@graph":[{"@type":"WebPage","@id":"https:\/\/zapateneo.net\/wordpress\/index.php\/producto\/las-hogueras-de-el-pertus\/","url":"https:\/\/zapateneo.net\/wordpress\/index.php\/producto\/las-hogueras-de-el-pertus\/","name":"LAS HOGUERAS DE EL PERT\u00daS &#8212; Zapateneo","isPartOf":{"@id":"https:\/\/zapateneo.net\/wordpress\/#website"},"primaryImageOfPage":{"@id":"https:\/\/zapateneo.net\/wordpress\/index.php\/producto\/las-hogueras-de-el-pertus\/#primaryimage"},"image":{"@id":"https:\/\/zapateneo.net\/wordpress\/index.php\/producto\/las-hogueras-de-el-pertus\/#primaryimage"},"thumbnailUrl":"https:\/\/zapateneo.net\/wordpress\/wp-content\/uploads\/2025\/05\/las_hogueras_de_el_petrs.jpg","datePublished":"2025-05-24T09:00:21+00:00","dateModified":"2025-10-26T15:53:33+00:00","breadcrumb":{"@id":"https:\/\/zapateneo.net\/wordpress\/index.php\/producto\/las-hogueras-de-el-pertus\/#breadcrumb"},"inLanguage":"es","potentialAction":[{"@type":"ReadAction","target":["https:\/\/zapateneo.net\/wordpress\/index.php\/producto\/las-hogueras-de-el-pertus\/"]}]},{"@type":"ImageObject","inLanguage":"es","@id":"https:\/\/zapateneo.net\/wordpress\/index.php\/producto\/las-hogueras-de-el-pertus\/#primaryimage","url":"https:\/\/zapateneo.net\/wordpress\/wp-content\/uploads\/2025\/05\/las_hogueras_de_el_petrs.jpg","contentUrl":"https:\/\/zapateneo.net\/wordpress\/wp-content\/uploads\/2025\/05\/las_hogueras_de_el_petrs.jpg","width":256,"height":350},{"@type":"BreadcrumbList","@id":"https:\/\/zapateneo.net\/wordpress\/index.php\/producto\/las-hogueras-de-el-pertus\/#breadcrumb","itemListElement":[{"@type":"ListItem","position":1,"name":"Portada","item":"https:\/\/zapateneo.net\/wordpress\/"},{"@type":"ListItem","position":2,"name":"Tienda","item":"https:\/\/zapateneo.net\/wordpress\/"},{"@type":"ListItem","position":3,"name":"LAS HOGUERAS DE EL PERT\u00daS"}]},{"@type":"WebSite","@id":"https:\/\/zapateneo.net\/wordpress\/#website","url":"https:\/\/zapateneo.net\/wordpress\/","name":"Zapateneo","description":"Zapateneoaren webgunea","publisher":{"@id":"https:\/\/zapateneo.net\/wordpress\/#organization"},"potentialAction":[{"@type":"SearchAction","target":{"@type":"EntryPoint","urlTemplate":"https:\/\/zapateneo.net\/wordpress\/?s={search_term_string}"},"query-input":{"@type":"PropertyValueSpecification","valueRequired":true,"valueName":"search_term_string"}}],"inLanguage":"es"},{"@type":"Organization","@id":"https:\/\/zapateneo.net\/wordpress\/#organization","name":"Zapateneo Kultur Elkartea","url":"https:\/\/zapateneo.net\/wordpress\/","logo":{"@type":"ImageObject","inLanguage":"es","@id":"https:\/\/zapateneo.net\/wordpress\/#\/schema\/logo\/image\/","url":"https:\/\/zapateneo.net\/wordpress\/wp-content\/uploads\/2021\/04\/zap-libu-kolec.jpg","contentUrl":"https:\/\/zapateneo.net\/wordpress\/wp-content\/uploads\/2021\/04\/zap-libu-kolec.jpg","width":2234,"height":398,"caption":"Zapateneo Kultur Elkartea"},"image":{"@id":"https:\/\/zapateneo.net\/wordpress\/#\/schema\/logo\/image\/"},"sameAs":["https:\/\/x.com\/zapateneo"]}]}},"_links":{"self":[{"href":"https:\/\/zapateneo.net\/wordpress\/index.php\/wp-json\/wp\/v2\/product\/15925","targetHints":{"allow":["GET"]}}],"collection":[{"href":"https:\/\/zapateneo.net\/wordpress\/index.php\/wp-json\/wp\/v2\/product"}],"about":[{"href":"https:\/\/zapateneo.net\/wordpress\/index.php\/wp-json\/wp\/v2\/types\/product"}],"wp:featuredmedia":[{"embeddable":true,"href":"https:\/\/zapateneo.net\/wordpress\/index.php\/wp-json\/wp\/v2\/media\/15944"}],"wp:attachment":[{"href":"https:\/\/zapateneo.net\/wordpress\/index.php\/wp-json\/wp\/v2\/media?parent=15925"}],"wp:term":[{"taxonomy":"product_brand","embeddable":true,"href":"https:\/\/zapateneo.net\/wordpress\/index.php\/wp-json\/wp\/v2\/product_brand?post=15925"},{"taxonomy":"product_cat","embeddable":true,"href":"https:\/\/zapateneo.net\/wordpress\/index.php\/wp-json\/wp\/v2\/product_cat?post=15925"},{"taxonomy":"product_tag","embeddable":true,"href":"https:\/\/zapateneo.net\/wordpress\/index.php\/wp-json\/wp\/v2\/product_tag?post=15925"}],"curies":[{"name":"wp","href":"https:\/\/api.w.org\/{rel}","templated":true}]}}