{"id":15821,"date":"2025-02-13T18:34:09","date_gmt":"2025-02-13T17:34:09","guid":{"rendered":"https:\/\/zapateneo.net\/wordpress\/?post_type=product&#038;p=15821"},"modified":"2025-02-13T18:34:12","modified_gmt":"2025-02-13T17:34:12","slug":"tumbar-la-blanquitud-ensayos-urgentes-sobre-raza-y-colonialidad","status":"publish","type":"product","link":"https:\/\/zapateneo.net\/wordpress\/index.php\/producto\/tumbar-la-blanquitud-ensayos-urgentes-sobre-raza-y-colonialidad\/","title":{"rendered":"Tumbar la blanquitud: Ensayos urgentes sobre raza y colonialidad"},"content":{"rendered":"<p>Cuando hablamos del racismo, parece que las personas que lo sufren lo hacen a trav\u00e9s de instituciones impersonales o de individuos extremadamente violentos y racistas. Pocas veces se contempla que el proceso de racializaci\u00f3n que sufren las personas no-blancas \u2014que tiene como objetivo la creaci\u00f3n de identidades y clasificaciones a someter\u2014 tiene su contraparte en la creaci\u00f3n de una identidad racial opresora encarnada en las personas blancas.<\/p>\n<p>Los an\u00e1lisis y debates sobre el racismo se han centrado principalmente en las personas que lo han sufrido, pero a menudo se obvia la necesaria participaci\u00f3n o colaboraci\u00f3n de quien oprime. Porque una de las caracter\u00edsticas principales de la blanquitud es su invisibilidad. Su existencia pasa desapercibida para la mayor\u00eda de nosotras. \u00bfY c\u00f3mo se combate algo que no se identifica? Necesitamos poner el foco, como paso previo a su desmantelamiento, en la cosmovisi\u00f3n, el conjunto de ideas y formas de ser que conforman el dispositivo racial de la blanquitud.<\/p>\n","protected":false},"excerpt":{"rendered":"<p><strong>Mar\u00eda Ignacia Ibarra Eliessetch<\/strong><br \/>\n9788418283772 &#8211; descontrol &#8211; 2025 &#8211; 206 p\u00e1ginas \/orri.<\/p>\n","protected":false},"featured_media":15829,"template":"","meta":[],"product_brand":[],"product_cat":[181,16],"product_tag":[53,7110],"class_list":{"0":"post-15821","1":"product","2":"type-product","3":"status-publish","4":"has-post-thumbnail","6":"product_cat-bazterketa-soziala-eta-errepresioa-exclusion-social-y-represion","7":"product_cat-libros","8":"product_tag-descontrol","9":"product_tag-maria-ignacia-ibarra-eliessetch","11":"first","12":"instock","13":"sold-individually","14":"shipping-taxable","15":"purchasable","16":"product-type-simple"},"yoast_head":"<!-- This site is optimized with the Yoast SEO plugin v27.3 - https:\/\/yoast.com\/product\/yoast-seo-wordpress\/ -->\n<title>Tumbar la blanquitud: Ensayos urgentes sobre raza y colonialidad &#8212; Zapateneo<\/title>\n<meta name=\"robots\" content=\"index, follow, max-snippet:-1, max-image-preview:large, max-video-preview:-1\" \/>\n<link rel=\"canonical\" href=\"https:\/\/zapateneo.net\/wordpress\/index.php\/producto\/tumbar-la-blanquitud-ensayos-urgentes-sobre-raza-y-colonialidad\/\" \/>\n<meta property=\"og:locale\" content=\"es_ES\" \/>\n<meta property=\"og:type\" content=\"article\" \/>\n<meta property=\"og:title\" content=\"Tumbar la blanquitud: Ensayos urgentes sobre raza y colonialidad &#8212; Zapateneo\" \/>\n<meta property=\"og:description\" content=\"Mar\u00eda Ignacia Ibarra Eliessetch 9788418283772 - descontrol - 2025 - 206 p\u00e1ginas \/orri.\" \/>\n<meta property=\"og:url\" content=\"https:\/\/zapateneo.net\/wordpress\/index.php\/producto\/tumbar-la-blanquitud-ensayos-urgentes-sobre-raza-y-colonialidad\/\" \/>\n<meta property=\"og:site_name\" content=\"Zapateneo\" \/>\n<meta property=\"article:modified_time\" content=\"2025-02-13T17:34:12+00:00\" \/>\n<meta name=\"twitter:card\" content=\"summary_large_image\" \/>\n<meta name=\"twitter:site\" content=\"@zapateneo\" \/>\n<meta name=\"twitter:label1\" content=\"Tiempo de lectura\" \/>\n\t<meta name=\"twitter:data1\" content=\"1 minuto\" \/>\n<script type=\"application\/ld+json\" class=\"yoast-schema-graph\">{\"@context\":\"https:\\\/\\\/schema.org\",\"@graph\":[{\"@type\":\"WebPage\",\"@id\":\"https:\\\/\\\/zapateneo.net\\\/wordpress\\\/index.php\\\/producto\\\/tumbar-la-blanquitud-ensayos-urgentes-sobre-raza-y-colonialidad\\\/\",\"url\":\"https:\\\/\\\/zapateneo.net\\\/wordpress\\\/index.php\\\/producto\\\/tumbar-la-blanquitud-ensayos-urgentes-sobre-raza-y-colonialidad\\\/\",\"name\":\"Tumbar la blanquitud: Ensayos urgentes sobre raza y colonialidad &#8212; Zapateneo\",\"isPartOf\":{\"@id\":\"https:\\\/\\\/zapateneo.net\\\/wordpress\\\/#website\"},\"primaryImageOfPage\":{\"@id\":\"https:\\\/\\\/zapateneo.net\\\/wordpress\\\/index.php\\\/producto\\\/tumbar-la-blanquitud-ensayos-urgentes-sobre-raza-y-colonialidad\\\/#primaryimage\"},\"image\":{\"@id\":\"https:\\\/\\\/zapateneo.net\\\/wordpress\\\/index.php\\\/producto\\\/tumbar-la-blanquitud-ensayos-urgentes-sobre-raza-y-colonialidad\\\/#primaryimage\"},\"thumbnailUrl\":\"https:\\\/\\\/zapateneo.net\\\/wordpress\\\/wp-content\\\/uploads\\\/2025\\\/02\\\/tumbar-la-blanquitud-portada.jpg\",\"datePublished\":\"2025-02-13T17:34:09+00:00\",\"dateModified\":\"2025-02-13T17:34:12+00:00\",\"breadcrumb\":{\"@id\":\"https:\\\/\\\/zapateneo.net\\\/wordpress\\\/index.php\\\/producto\\\/tumbar-la-blanquitud-ensayos-urgentes-sobre-raza-y-colonialidad\\\/#breadcrumb\"},\"inLanguage\":\"es\",\"potentialAction\":[{\"@type\":\"ReadAction\",\"target\":[\"https:\\\/\\\/zapateneo.net\\\/wordpress\\\/index.php\\\/producto\\\/tumbar-la-blanquitud-ensayos-urgentes-sobre-raza-y-colonialidad\\\/\"]}]},{\"@type\":\"ImageObject\",\"inLanguage\":\"es\",\"@id\":\"https:\\\/\\\/zapateneo.net\\\/wordpress\\\/index.php\\\/producto\\\/tumbar-la-blanquitud-ensayos-urgentes-sobre-raza-y-colonialidad\\\/#primaryimage\",\"url\":\"https:\\\/\\\/zapateneo.net\\\/wordpress\\\/wp-content\\\/uploads\\\/2025\\\/02\\\/tumbar-la-blanquitud-portada.jpg\",\"contentUrl\":\"https:\\\/\\\/zapateneo.net\\\/wordpress\\\/wp-content\\\/uploads\\\/2025\\\/02\\\/tumbar-la-blanquitud-portada.jpg\",\"width\":266,\"height\":400},{\"@type\":\"BreadcrumbList\",\"@id\":\"https:\\\/\\\/zapateneo.net\\\/wordpress\\\/index.php\\\/producto\\\/tumbar-la-blanquitud-ensayos-urgentes-sobre-raza-y-colonialidad\\\/#breadcrumb\",\"itemListElement\":[{\"@type\":\"ListItem\",\"position\":1,\"name\":\"Portada\",\"item\":\"https:\\\/\\\/zapateneo.net\\\/wordpress\\\/\"},{\"@type\":\"ListItem\",\"position\":2,\"name\":\"Tienda\",\"item\":\"https:\\\/\\\/zapateneo.net\\\/wordpress\\\/\"},{\"@type\":\"ListItem\",\"position\":3,\"name\":\"Tumbar la blanquitud: Ensayos urgentes sobre raza y colonialidad\"}]},{\"@type\":\"WebSite\",\"@id\":\"https:\\\/\\\/zapateneo.net\\\/wordpress\\\/#website\",\"url\":\"https:\\\/\\\/zapateneo.net\\\/wordpress\\\/\",\"name\":\"Zapateneo\",\"description\":\"Zapateneoaren webgunea\",\"publisher\":{\"@id\":\"https:\\\/\\\/zapateneo.net\\\/wordpress\\\/#organization\"},\"potentialAction\":[{\"@type\":\"SearchAction\",\"target\":{\"@type\":\"EntryPoint\",\"urlTemplate\":\"https:\\\/\\\/zapateneo.net\\\/wordpress\\\/?s={search_term_string}\"},\"query-input\":{\"@type\":\"PropertyValueSpecification\",\"valueRequired\":true,\"valueName\":\"search_term_string\"}}],\"inLanguage\":\"es\"},{\"@type\":\"Organization\",\"@id\":\"https:\\\/\\\/zapateneo.net\\\/wordpress\\\/#organization\",\"name\":\"Zapateneo Kultur Elkartea\",\"url\":\"https:\\\/\\\/zapateneo.net\\\/wordpress\\\/\",\"logo\":{\"@type\":\"ImageObject\",\"inLanguage\":\"es\",\"@id\":\"https:\\\/\\\/zapateneo.net\\\/wordpress\\\/#\\\/schema\\\/logo\\\/image\\\/\",\"url\":\"https:\\\/\\\/zapateneo.net\\\/wordpress\\\/wp-content\\\/uploads\\\/2021\\\/04\\\/zap-libu-kolec.jpg\",\"contentUrl\":\"https:\\\/\\\/zapateneo.net\\\/wordpress\\\/wp-content\\\/uploads\\\/2021\\\/04\\\/zap-libu-kolec.jpg\",\"width\":2234,\"height\":398,\"caption\":\"Zapateneo Kultur Elkartea\"},\"image\":{\"@id\":\"https:\\\/\\\/zapateneo.net\\\/wordpress\\\/#\\\/schema\\\/logo\\\/image\\\/\"},\"sameAs\":[\"https:\\\/\\\/x.com\\\/zapateneo\"]}]}<\/script>\n<!-- \/ Yoast SEO plugin. -->","yoast_head_json":{"title":"Tumbar la blanquitud: Ensayos urgentes sobre raza y colonialidad &#8212; Zapateneo","robots":{"index":"index","follow":"follow","max-snippet":"max-snippet:-1","max-image-preview":"max-image-preview:large","max-video-preview":"max-video-preview:-1"},"canonical":"https:\/\/zapateneo.net\/wordpress\/index.php\/producto\/tumbar-la-blanquitud-ensayos-urgentes-sobre-raza-y-colonialidad\/","og_locale":"es_ES","og_type":"article","og_title":"Tumbar la blanquitud: Ensayos urgentes sobre raza y colonialidad &#8212; Zapateneo","og_description":"Mar\u00eda Ignacia Ibarra Eliessetch 9788418283772 - descontrol - 2025 - 206 p\u00e1ginas \/orri.","og_url":"https:\/\/zapateneo.net\/wordpress\/index.php\/producto\/tumbar-la-blanquitud-ensayos-urgentes-sobre-raza-y-colonialidad\/","og_site_name":"Zapateneo","article_modified_time":"2025-02-13T17:34:12+00:00","twitter_card":"summary_large_image","twitter_site":"@zapateneo","twitter_misc":{"Tiempo de lectura":"1 minuto"},"schema":{"@context":"https:\/\/schema.org","@graph":[{"@type":"WebPage","@id":"https:\/\/zapateneo.net\/wordpress\/index.php\/producto\/tumbar-la-blanquitud-ensayos-urgentes-sobre-raza-y-colonialidad\/","url":"https:\/\/zapateneo.net\/wordpress\/index.php\/producto\/tumbar-la-blanquitud-ensayos-urgentes-sobre-raza-y-colonialidad\/","name":"Tumbar la blanquitud: Ensayos urgentes sobre raza y colonialidad &#8212; Zapateneo","isPartOf":{"@id":"https:\/\/zapateneo.net\/wordpress\/#website"},"primaryImageOfPage":{"@id":"https:\/\/zapateneo.net\/wordpress\/index.php\/producto\/tumbar-la-blanquitud-ensayos-urgentes-sobre-raza-y-colonialidad\/#primaryimage"},"image":{"@id":"https:\/\/zapateneo.net\/wordpress\/index.php\/producto\/tumbar-la-blanquitud-ensayos-urgentes-sobre-raza-y-colonialidad\/#primaryimage"},"thumbnailUrl":"https:\/\/zapateneo.net\/wordpress\/wp-content\/uploads\/2025\/02\/tumbar-la-blanquitud-portada.jpg","datePublished":"2025-02-13T17:34:09+00:00","dateModified":"2025-02-13T17:34:12+00:00","breadcrumb":{"@id":"https:\/\/zapateneo.net\/wordpress\/index.php\/producto\/tumbar-la-blanquitud-ensayos-urgentes-sobre-raza-y-colonialidad\/#breadcrumb"},"inLanguage":"es","potentialAction":[{"@type":"ReadAction","target":["https:\/\/zapateneo.net\/wordpress\/index.php\/producto\/tumbar-la-blanquitud-ensayos-urgentes-sobre-raza-y-colonialidad\/"]}]},{"@type":"ImageObject","inLanguage":"es","@id":"https:\/\/zapateneo.net\/wordpress\/index.php\/producto\/tumbar-la-blanquitud-ensayos-urgentes-sobre-raza-y-colonialidad\/#primaryimage","url":"https:\/\/zapateneo.net\/wordpress\/wp-content\/uploads\/2025\/02\/tumbar-la-blanquitud-portada.jpg","contentUrl":"https:\/\/zapateneo.net\/wordpress\/wp-content\/uploads\/2025\/02\/tumbar-la-blanquitud-portada.jpg","width":266,"height":400},{"@type":"BreadcrumbList","@id":"https:\/\/zapateneo.net\/wordpress\/index.php\/producto\/tumbar-la-blanquitud-ensayos-urgentes-sobre-raza-y-colonialidad\/#breadcrumb","itemListElement":[{"@type":"ListItem","position":1,"name":"Portada","item":"https:\/\/zapateneo.net\/wordpress\/"},{"@type":"ListItem","position":2,"name":"Tienda","item":"https:\/\/zapateneo.net\/wordpress\/"},{"@type":"ListItem","position":3,"name":"Tumbar la blanquitud: Ensayos urgentes sobre raza y colonialidad"}]},{"@type":"WebSite","@id":"https:\/\/zapateneo.net\/wordpress\/#website","url":"https:\/\/zapateneo.net\/wordpress\/","name":"Zapateneo","description":"Zapateneoaren webgunea","publisher":{"@id":"https:\/\/zapateneo.net\/wordpress\/#organization"},"potentialAction":[{"@type":"SearchAction","target":{"@type":"EntryPoint","urlTemplate":"https:\/\/zapateneo.net\/wordpress\/?s={search_term_string}"},"query-input":{"@type":"PropertyValueSpecification","valueRequired":true,"valueName":"search_term_string"}}],"inLanguage":"es"},{"@type":"Organization","@id":"https:\/\/zapateneo.net\/wordpress\/#organization","name":"Zapateneo Kultur Elkartea","url":"https:\/\/zapateneo.net\/wordpress\/","logo":{"@type":"ImageObject","inLanguage":"es","@id":"https:\/\/zapateneo.net\/wordpress\/#\/schema\/logo\/image\/","url":"https:\/\/zapateneo.net\/wordpress\/wp-content\/uploads\/2021\/04\/zap-libu-kolec.jpg","contentUrl":"https:\/\/zapateneo.net\/wordpress\/wp-content\/uploads\/2021\/04\/zap-libu-kolec.jpg","width":2234,"height":398,"caption":"Zapateneo Kultur Elkartea"},"image":{"@id":"https:\/\/zapateneo.net\/wordpress\/#\/schema\/logo\/image\/"},"sameAs":["https:\/\/x.com\/zapateneo"]}]}},"_links":{"self":[{"href":"https:\/\/zapateneo.net\/wordpress\/index.php\/wp-json\/wp\/v2\/product\/15821","targetHints":{"allow":["GET"]}}],"collection":[{"href":"https:\/\/zapateneo.net\/wordpress\/index.php\/wp-json\/wp\/v2\/product"}],"about":[{"href":"https:\/\/zapateneo.net\/wordpress\/index.php\/wp-json\/wp\/v2\/types\/product"}],"wp:featuredmedia":[{"embeddable":true,"href":"https:\/\/zapateneo.net\/wordpress\/index.php\/wp-json\/wp\/v2\/media\/15829"}],"wp:attachment":[{"href":"https:\/\/zapateneo.net\/wordpress\/index.php\/wp-json\/wp\/v2\/media?parent=15821"}],"wp:term":[{"taxonomy":"product_brand","embeddable":true,"href":"https:\/\/zapateneo.net\/wordpress\/index.php\/wp-json\/wp\/v2\/product_brand?post=15821"},{"taxonomy":"product_cat","embeddable":true,"href":"https:\/\/zapateneo.net\/wordpress\/index.php\/wp-json\/wp\/v2\/product_cat?post=15821"},{"taxonomy":"product_tag","embeddable":true,"href":"https:\/\/zapateneo.net\/wordpress\/index.php\/wp-json\/wp\/v2\/product_tag?post=15821"}],"curies":[{"name":"wp","href":"https:\/\/api.w.org\/{rel}","templated":true}]}}