{"id":15819,"date":"2025-02-13T18:34:08","date_gmt":"2025-02-13T17:34:08","guid":{"rendered":"https:\/\/zapateneo.net\/wordpress\/?post_type=product&#038;p=15819"},"modified":"2025-02-13T18:34:11","modified_gmt":"2025-02-13T17:34:11","slug":"la-viralidad-del-mal-quien-ha-roto-internet-a-quien-beneficia-y-como-vamos-a-arreglarlo","status":"publish","type":"product","link":"https:\/\/zapateneo.net\/wordpress\/index.php\/producto\/la-viralidad-del-mal-quien-ha-roto-internet-a-quien-beneficia-y-como-vamos-a-arreglarlo\/","title":{"rendered":"La viralidad del mal: Qui\u00e9n ha roto internet, a qui\u00e9n beneficia y c\u00f3mo vamos a arreglarlo"},"content":{"rendered":"<p>NULL\u00bfIrritabilidad? \u00bfAdicci\u00f3n a las redes? \u00bfFOMO? \u00bfTienes la sensaci\u00f3n de que la vida en la web se ha vuelto m\u00e1s hostil? \u00bfPracticas el doomscrolling y no lo sab\u00edas? \u00bfHas sido blanco de un monetizador de odio o has visto a alguien cercano caer por una madriguera de conejo? Puede que padezcas severos s\u00edntomas del mal causado por el capitalismo de plataforma y los monopolios tecnol\u00f3gicos.<\/p>\n<p>En La viralidad del mal, Proyecto UNA analizan c\u00f3mo y por qu\u00e9 han crecido los discursos de odio en internet y cu\u00e1l es la relaci\u00f3n de este fen\u00f3meno con el Big Tech. En su segundo ensayo, nuestro colectivo antifa cuqui de referencia expone el impacto del mundo digital en el anal\u00f3gico, recogiendo a su vez una serie de estrategias y herramientas para frenar el aumento de la violencia y la injusticia tanto online como offline. S\u00f3lo analizando los discursos de odio y descubriendo qui\u00e9nes se benefician de ello podremos saber c\u00f3mo combatirlos. \u00a1Decidamos juntas qu\u00e9 queremos construir despu\u00e9s de la ca\u00edda de los gigantes de internet!<br \/>\nRese\u00f1as:<\/p>\n<p>Rese\u00f1a de Roger Fern\u00e1ndez para la librer\u00eda La Central 03\/12\/2024\u2192<br \/>\nAparece en:<\/p>\n<p>Podcast El Salto Radio, \u00a1Viva el Mal, Viva el Capital! \u2013 06\/12\/2024 \u2192<br \/>\n\u00a1Viva el mal! Proyecto UNA, presentan \u201cLa viralidad del mal. Qui\u00e9n ha roto internet, a qui\u00e9n beneficia y c\u00f3mo vamos a arreglarlo\u201d en Se\u00f1ales de Humo.<\/p>\n<p>Podcast Carne Cruda,T11x50 \u2013 Internet, t\u00fa antes molabas  \u2013 05\/12\/2024 \u2192<br \/>\nHablamos con Proyecto Una sobre su nuevo libro \u2018La viralidad del mal: Qui\u00e9n ha roto internet\u2019, con Carmen Pacheco, consultora, redactora creativa y guionista, y escuchamos los an\u00e1lisis de grandes expertos de la red como Ignacio Pato, Ainhoa Marzol, Infusi\u00f3n Ideologica, Polic\u00eda del Afecto o Alba Lafarga.<\/p>\n<p>Entrevista en CTXT por Diego Delgado  \u2013 22\/11\/2024 \u2192<br \/>\n\u201cEs muy grave que presidentes del gobierno publiquen comunicados oficiales en una plataforma privada\u201d<\/p>\n<p>Entrevista en RTVE, Territori Clandest\u00ed \u2013 18\/11\/2024 \u2192<br \/>\nCom arreglar internet?<\/p>\n<p>Art\u00edculo en elDiario.es \u2013 Confrontar el Internet de las Big Tech: \u201cLos monetizadores de odio est\u00e1n ah\u00ed m\u00e1s por el negocio que por el odio\u201d 17\/11\/2024 \u2192<br \/>\nEl colectivo Proyecto UNA publica un ensayo sobre \u201cla viralidad del mal\u201d, un manual para comprender el Internet de las grandes tecnol\u00f3gicas y pensar otras formas de habitarlo: \u201cEst\u00e1 muy bien que digas \u2018dejo el m\u00f3vil\u2019, \u2018salgo de Twitter\u2019, pero nuestras acciones tendr\u00e1n poco impacto si no somos muchas y no est\u00e1n planeadas\u201d<\/p>\n","protected":false},"excerpt":{"rendered":"<p><strong>Proyecto UNA<\/strong><br \/>\n9788418283758 &#8211; descontrol &#8211; 2025 &#8211; 273 p\u00e1ginas \/orri.<\/p>\n","protected":false},"featured_media":15827,"template":"","meta":[],"product_brand":[],"product_cat":[16,173],"product_tag":[53,1456],"class_list":{"0":"post-15819","1":"product","2":"type-product","3":"status-publish","4":"has-post-thumbnail","6":"product_cat-libros","7":"product_cat-saiakera-ensayo","8":"product_tag-descontrol","9":"product_tag-proyecto-una","11":"first","12":"instock","13":"sold-individually","14":"shipping-taxable","15":"purchasable","16":"product-type-simple"},"yoast_head":"<!-- This site is optimized with the Yoast SEO plugin v27.3 - https:\/\/yoast.com\/product\/yoast-seo-wordpress\/ -->\n<title>La viralidad del mal: Qui\u00e9n ha roto internet, a qui\u00e9n beneficia y c\u00f3mo vamos a arreglarlo &#8212; Zapateneo<\/title>\n<meta name=\"robots\" content=\"index, follow, max-snippet:-1, max-image-preview:large, max-video-preview:-1\" \/>\n<link rel=\"canonical\" href=\"https:\/\/zapateneo.net\/wordpress\/index.php\/producto\/la-viralidad-del-mal-quien-ha-roto-internet-a-quien-beneficia-y-como-vamos-a-arreglarlo\/\" \/>\n<meta property=\"og:locale\" content=\"es_ES\" \/>\n<meta property=\"og:type\" content=\"article\" \/>\n<meta property=\"og:title\" content=\"La viralidad del mal: Qui\u00e9n ha roto internet, a qui\u00e9n beneficia y c\u00f3mo vamos a arreglarlo &#8212; Zapateneo\" \/>\n<meta property=\"og:description\" content=\"Proyecto UNA 9788418283758 - descontrol - 2025 - 273 p\u00e1ginas \/orri.\" \/>\n<meta property=\"og:url\" content=\"https:\/\/zapateneo.net\/wordpress\/index.php\/producto\/la-viralidad-del-mal-quien-ha-roto-internet-a-quien-beneficia-y-como-vamos-a-arreglarlo\/\" \/>\n<meta property=\"og:site_name\" content=\"Zapateneo\" \/>\n<meta property=\"article:modified_time\" content=\"2025-02-13T17:34:11+00:00\" \/>\n<meta name=\"twitter:card\" content=\"summary_large_image\" \/>\n<meta name=\"twitter:site\" content=\"@zapateneo\" \/>\n<meta name=\"twitter:label1\" content=\"Tiempo de lectura\" \/>\n\t<meta name=\"twitter:data1\" content=\"2 minutos\" \/>\n<script type=\"application\/ld+json\" class=\"yoast-schema-graph\">{\"@context\":\"https:\\\/\\\/schema.org\",\"@graph\":[{\"@type\":\"WebPage\",\"@id\":\"https:\\\/\\\/zapateneo.net\\\/wordpress\\\/index.php\\\/producto\\\/la-viralidad-del-mal-quien-ha-roto-internet-a-quien-beneficia-y-como-vamos-a-arreglarlo\\\/\",\"url\":\"https:\\\/\\\/zapateneo.net\\\/wordpress\\\/index.php\\\/producto\\\/la-viralidad-del-mal-quien-ha-roto-internet-a-quien-beneficia-y-como-vamos-a-arreglarlo\\\/\",\"name\":\"La viralidad del mal: Qui\u00e9n ha roto internet, a qui\u00e9n beneficia y c\u00f3mo vamos a arreglarlo &#8212; Zapateneo\",\"isPartOf\":{\"@id\":\"https:\\\/\\\/zapateneo.net\\\/wordpress\\\/#website\"},\"primaryImageOfPage\":{\"@id\":\"https:\\\/\\\/zapateneo.net\\\/wordpress\\\/index.php\\\/producto\\\/la-viralidad-del-mal-quien-ha-roto-internet-a-quien-beneficia-y-como-vamos-a-arreglarlo\\\/#primaryimage\"},\"image\":{\"@id\":\"https:\\\/\\\/zapateneo.net\\\/wordpress\\\/index.php\\\/producto\\\/la-viralidad-del-mal-quien-ha-roto-internet-a-quien-beneficia-y-como-vamos-a-arreglarlo\\\/#primaryimage\"},\"thumbnailUrl\":\"https:\\\/\\\/zapateneo.net\\\/wordpress\\\/wp-content\\\/uploads\\\/2025\\\/02\\\/la-viralidad-del-mal-portada.jpg\",\"datePublished\":\"2025-02-13T17:34:08+00:00\",\"dateModified\":\"2025-02-13T17:34:11+00:00\",\"breadcrumb\":{\"@id\":\"https:\\\/\\\/zapateneo.net\\\/wordpress\\\/index.php\\\/producto\\\/la-viralidad-del-mal-quien-ha-roto-internet-a-quien-beneficia-y-como-vamos-a-arreglarlo\\\/#breadcrumb\"},\"inLanguage\":\"es\",\"potentialAction\":[{\"@type\":\"ReadAction\",\"target\":[\"https:\\\/\\\/zapateneo.net\\\/wordpress\\\/index.php\\\/producto\\\/la-viralidad-del-mal-quien-ha-roto-internet-a-quien-beneficia-y-como-vamos-a-arreglarlo\\\/\"]}]},{\"@type\":\"ImageObject\",\"inLanguage\":\"es\",\"@id\":\"https:\\\/\\\/zapateneo.net\\\/wordpress\\\/index.php\\\/producto\\\/la-viralidad-del-mal-quien-ha-roto-internet-a-quien-beneficia-y-como-vamos-a-arreglarlo\\\/#primaryimage\",\"url\":\"https:\\\/\\\/zapateneo.net\\\/wordpress\\\/wp-content\\\/uploads\\\/2025\\\/02\\\/la-viralidad-del-mal-portada.jpg\",\"contentUrl\":\"https:\\\/\\\/zapateneo.net\\\/wordpress\\\/wp-content\\\/uploads\\\/2025\\\/02\\\/la-viralidad-del-mal-portada.jpg\",\"width\":266,\"height\":400},{\"@type\":\"BreadcrumbList\",\"@id\":\"https:\\\/\\\/zapateneo.net\\\/wordpress\\\/index.php\\\/producto\\\/la-viralidad-del-mal-quien-ha-roto-internet-a-quien-beneficia-y-como-vamos-a-arreglarlo\\\/#breadcrumb\",\"itemListElement\":[{\"@type\":\"ListItem\",\"position\":1,\"name\":\"Portada\",\"item\":\"https:\\\/\\\/zapateneo.net\\\/wordpress\\\/\"},{\"@type\":\"ListItem\",\"position\":2,\"name\":\"Tienda\",\"item\":\"https:\\\/\\\/zapateneo.net\\\/wordpress\\\/\"},{\"@type\":\"ListItem\",\"position\":3,\"name\":\"La viralidad del mal: Qui\u00e9n ha roto internet, a qui\u00e9n beneficia y c\u00f3mo vamos a arreglarlo\"}]},{\"@type\":\"WebSite\",\"@id\":\"https:\\\/\\\/zapateneo.net\\\/wordpress\\\/#website\",\"url\":\"https:\\\/\\\/zapateneo.net\\\/wordpress\\\/\",\"name\":\"Zapateneo\",\"description\":\"Zapateneoaren webgunea\",\"publisher\":{\"@id\":\"https:\\\/\\\/zapateneo.net\\\/wordpress\\\/#organization\"},\"potentialAction\":[{\"@type\":\"SearchAction\",\"target\":{\"@type\":\"EntryPoint\",\"urlTemplate\":\"https:\\\/\\\/zapateneo.net\\\/wordpress\\\/?s={search_term_string}\"},\"query-input\":{\"@type\":\"PropertyValueSpecification\",\"valueRequired\":true,\"valueName\":\"search_term_string\"}}],\"inLanguage\":\"es\"},{\"@type\":\"Organization\",\"@id\":\"https:\\\/\\\/zapateneo.net\\\/wordpress\\\/#organization\",\"name\":\"Zapateneo Kultur Elkartea\",\"url\":\"https:\\\/\\\/zapateneo.net\\\/wordpress\\\/\",\"logo\":{\"@type\":\"ImageObject\",\"inLanguage\":\"es\",\"@id\":\"https:\\\/\\\/zapateneo.net\\\/wordpress\\\/#\\\/schema\\\/logo\\\/image\\\/\",\"url\":\"https:\\\/\\\/zapateneo.net\\\/wordpress\\\/wp-content\\\/uploads\\\/2021\\\/04\\\/zap-libu-kolec.jpg\",\"contentUrl\":\"https:\\\/\\\/zapateneo.net\\\/wordpress\\\/wp-content\\\/uploads\\\/2021\\\/04\\\/zap-libu-kolec.jpg\",\"width\":2234,\"height\":398,\"caption\":\"Zapateneo Kultur Elkartea\"},\"image\":{\"@id\":\"https:\\\/\\\/zapateneo.net\\\/wordpress\\\/#\\\/schema\\\/logo\\\/image\\\/\"},\"sameAs\":[\"https:\\\/\\\/x.com\\\/zapateneo\"]}]}<\/script>\n<!-- \/ Yoast SEO plugin. -->","yoast_head_json":{"title":"La viralidad del mal: Qui\u00e9n ha roto internet, a qui\u00e9n beneficia y c\u00f3mo vamos a arreglarlo &#8212; Zapateneo","robots":{"index":"index","follow":"follow","max-snippet":"max-snippet:-1","max-image-preview":"max-image-preview:large","max-video-preview":"max-video-preview:-1"},"canonical":"https:\/\/zapateneo.net\/wordpress\/index.php\/producto\/la-viralidad-del-mal-quien-ha-roto-internet-a-quien-beneficia-y-como-vamos-a-arreglarlo\/","og_locale":"es_ES","og_type":"article","og_title":"La viralidad del mal: Qui\u00e9n ha roto internet, a qui\u00e9n beneficia y c\u00f3mo vamos a arreglarlo &#8212; Zapateneo","og_description":"Proyecto UNA 9788418283758 - descontrol - 2025 - 273 p\u00e1ginas \/orri.","og_url":"https:\/\/zapateneo.net\/wordpress\/index.php\/producto\/la-viralidad-del-mal-quien-ha-roto-internet-a-quien-beneficia-y-como-vamos-a-arreglarlo\/","og_site_name":"Zapateneo","article_modified_time":"2025-02-13T17:34:11+00:00","twitter_card":"summary_large_image","twitter_site":"@zapateneo","twitter_misc":{"Tiempo de lectura":"2 minutos"},"schema":{"@context":"https:\/\/schema.org","@graph":[{"@type":"WebPage","@id":"https:\/\/zapateneo.net\/wordpress\/index.php\/producto\/la-viralidad-del-mal-quien-ha-roto-internet-a-quien-beneficia-y-como-vamos-a-arreglarlo\/","url":"https:\/\/zapateneo.net\/wordpress\/index.php\/producto\/la-viralidad-del-mal-quien-ha-roto-internet-a-quien-beneficia-y-como-vamos-a-arreglarlo\/","name":"La viralidad del mal: Qui\u00e9n ha roto internet, a qui\u00e9n beneficia y c\u00f3mo vamos a arreglarlo &#8212; Zapateneo","isPartOf":{"@id":"https:\/\/zapateneo.net\/wordpress\/#website"},"primaryImageOfPage":{"@id":"https:\/\/zapateneo.net\/wordpress\/index.php\/producto\/la-viralidad-del-mal-quien-ha-roto-internet-a-quien-beneficia-y-como-vamos-a-arreglarlo\/#primaryimage"},"image":{"@id":"https:\/\/zapateneo.net\/wordpress\/index.php\/producto\/la-viralidad-del-mal-quien-ha-roto-internet-a-quien-beneficia-y-como-vamos-a-arreglarlo\/#primaryimage"},"thumbnailUrl":"https:\/\/zapateneo.net\/wordpress\/wp-content\/uploads\/2025\/02\/la-viralidad-del-mal-portada.jpg","datePublished":"2025-02-13T17:34:08+00:00","dateModified":"2025-02-13T17:34:11+00:00","breadcrumb":{"@id":"https:\/\/zapateneo.net\/wordpress\/index.php\/producto\/la-viralidad-del-mal-quien-ha-roto-internet-a-quien-beneficia-y-como-vamos-a-arreglarlo\/#breadcrumb"},"inLanguage":"es","potentialAction":[{"@type":"ReadAction","target":["https:\/\/zapateneo.net\/wordpress\/index.php\/producto\/la-viralidad-del-mal-quien-ha-roto-internet-a-quien-beneficia-y-como-vamos-a-arreglarlo\/"]}]},{"@type":"ImageObject","inLanguage":"es","@id":"https:\/\/zapateneo.net\/wordpress\/index.php\/producto\/la-viralidad-del-mal-quien-ha-roto-internet-a-quien-beneficia-y-como-vamos-a-arreglarlo\/#primaryimage","url":"https:\/\/zapateneo.net\/wordpress\/wp-content\/uploads\/2025\/02\/la-viralidad-del-mal-portada.jpg","contentUrl":"https:\/\/zapateneo.net\/wordpress\/wp-content\/uploads\/2025\/02\/la-viralidad-del-mal-portada.jpg","width":266,"height":400},{"@type":"BreadcrumbList","@id":"https:\/\/zapateneo.net\/wordpress\/index.php\/producto\/la-viralidad-del-mal-quien-ha-roto-internet-a-quien-beneficia-y-como-vamos-a-arreglarlo\/#breadcrumb","itemListElement":[{"@type":"ListItem","position":1,"name":"Portada","item":"https:\/\/zapateneo.net\/wordpress\/"},{"@type":"ListItem","position":2,"name":"Tienda","item":"https:\/\/zapateneo.net\/wordpress\/"},{"@type":"ListItem","position":3,"name":"La viralidad del mal: Qui\u00e9n ha roto internet, a qui\u00e9n beneficia y c\u00f3mo vamos a arreglarlo"}]},{"@type":"WebSite","@id":"https:\/\/zapateneo.net\/wordpress\/#website","url":"https:\/\/zapateneo.net\/wordpress\/","name":"Zapateneo","description":"Zapateneoaren webgunea","publisher":{"@id":"https:\/\/zapateneo.net\/wordpress\/#organization"},"potentialAction":[{"@type":"SearchAction","target":{"@type":"EntryPoint","urlTemplate":"https:\/\/zapateneo.net\/wordpress\/?s={search_term_string}"},"query-input":{"@type":"PropertyValueSpecification","valueRequired":true,"valueName":"search_term_string"}}],"inLanguage":"es"},{"@type":"Organization","@id":"https:\/\/zapateneo.net\/wordpress\/#organization","name":"Zapateneo Kultur Elkartea","url":"https:\/\/zapateneo.net\/wordpress\/","logo":{"@type":"ImageObject","inLanguage":"es","@id":"https:\/\/zapateneo.net\/wordpress\/#\/schema\/logo\/image\/","url":"https:\/\/zapateneo.net\/wordpress\/wp-content\/uploads\/2021\/04\/zap-libu-kolec.jpg","contentUrl":"https:\/\/zapateneo.net\/wordpress\/wp-content\/uploads\/2021\/04\/zap-libu-kolec.jpg","width":2234,"height":398,"caption":"Zapateneo Kultur Elkartea"},"image":{"@id":"https:\/\/zapateneo.net\/wordpress\/#\/schema\/logo\/image\/"},"sameAs":["https:\/\/x.com\/zapateneo"]}]}},"_links":{"self":[{"href":"https:\/\/zapateneo.net\/wordpress\/index.php\/wp-json\/wp\/v2\/product\/15819","targetHints":{"allow":["GET"]}}],"collection":[{"href":"https:\/\/zapateneo.net\/wordpress\/index.php\/wp-json\/wp\/v2\/product"}],"about":[{"href":"https:\/\/zapateneo.net\/wordpress\/index.php\/wp-json\/wp\/v2\/types\/product"}],"wp:featuredmedia":[{"embeddable":true,"href":"https:\/\/zapateneo.net\/wordpress\/index.php\/wp-json\/wp\/v2\/media\/15827"}],"wp:attachment":[{"href":"https:\/\/zapateneo.net\/wordpress\/index.php\/wp-json\/wp\/v2\/media?parent=15819"}],"wp:term":[{"taxonomy":"product_brand","embeddable":true,"href":"https:\/\/zapateneo.net\/wordpress\/index.php\/wp-json\/wp\/v2\/product_brand?post=15819"},{"taxonomy":"product_cat","embeddable":true,"href":"https:\/\/zapateneo.net\/wordpress\/index.php\/wp-json\/wp\/v2\/product_cat?post=15819"},{"taxonomy":"product_tag","embeddable":true,"href":"https:\/\/zapateneo.net\/wordpress\/index.php\/wp-json\/wp\/v2\/product_tag?post=15819"}],"curies":[{"name":"wp","href":"https:\/\/api.w.org\/{rel}","templated":true}]}}