{"id":1581,"date":"2021-04-07T09:31:31","date_gmt":"2021-04-07T08:31:31","guid":{"rendered":"https:\/\/zapateneo.net\/wordpress\/?post_type=product&#038;p=1581"},"modified":"2023-04-11T16:13:21","modified_gmt":"2023-04-11T15:13:21","slug":"desbordando-sexo-y-genero-el-amplia-abanico-de-las-identidades","status":"publish","type":"product","link":"https:\/\/zapateneo.net\/wordpress\/index.php\/producto\/desbordando-sexo-y-genero-el-amplia-abanico-de-las-identidades\/","title":{"rendered":"Desbordando sexo y g\u00e9nero. el amplia abanico de las identidades"},"content":{"rendered":"<p>Este ensayo estudia las relaciones de poder que se establecen entre los sujetos, los abusos, el maltrato, una descripci\u00f3n de los distintos tipos de celos, iatrogenias en la direcci\u00f3n de las curas por cegueras de quien las dirige, y nos recuerda que el sexo no es carne pura sino tambi\u00e9n una met\u00e1fora que tendr\u00e1 para cada sujeto una significaci\u00f3n particular. Por tanto, es una llamada de atenci\u00f3n a los prejuicios que intentan dar consistencia r\u00edgida a una identidad definida por consenso, cuando en realidad, el deseo, entendido como energ\u00eda vital, en el sujeto humano es m\u00e1s amplio que el estrecho margen que le otorgan los estereotipos, los semblantes de g\u00e9nero y las etiquetas que definen su orientaci\u00f3n sexual. Como psicoanalistas con perspectiva de g\u00e9nero tenemos la obligaci\u00f3n \u00e9tica de escuchar sin prejuicios las nuevas subjetividades y creaciones neosexuales ?transg\u00e9neros y transexuales? que intentan incluirse dentro de un orden simb\u00f3lico que reconozca su especificidad, as\u00ed como escuchar el cuestionamiento de las categor\u00edas binarias que definen el sexo, que oprimen especialmente a los intersexuales. Hay algo de<\/p>\n","protected":false},"excerpt":{"rendered":"<p><strong>Truzzoli,  Claudia<\/strong><br \/>\n9788472909939 &#8211; Bellaterra Ediciones &#8211; 2020 &#8211; 214 p\u00e1ginas \/orri.<\/p>\n","protected":false},"featured_media":1611,"template":"","meta":[],"product_brand":[],"product_cat":[174,16],"product_tag":[92,5967],"class_list":{"0":"post-1581","1":"product","2":"type-product","3":"status-publish","4":"has-post-thumbnail","6":"product_cat-generoak-generos","7":"product_cat-libros","8":"product_tag-bellaterra","9":"product_tag-claudia-truzzoli","11":"first","12":"instock","13":"sold-individually","14":"shipping-taxable","15":"purchasable","16":"product-type-simple"},"yoast_head":"<!-- This site is optimized with the Yoast SEO plugin v27.3 - https:\/\/yoast.com\/product\/yoast-seo-wordpress\/ -->\n<title>Desbordando sexo y g\u00e9nero. el amplia abanico de las identidades &#8212; Zapateneo<\/title>\n<meta name=\"robots\" content=\"index, follow, max-snippet:-1, max-image-preview:large, max-video-preview:-1\" \/>\n<link rel=\"canonical\" href=\"https:\/\/zapateneo.net\/wordpress\/index.php\/producto\/desbordando-sexo-y-genero-el-amplia-abanico-de-las-identidades\/\" \/>\n<meta property=\"og:locale\" content=\"es_ES\" \/>\n<meta property=\"og:type\" content=\"article\" \/>\n<meta property=\"og:title\" content=\"Desbordando sexo y g\u00e9nero. el amplia abanico de las identidades &#8212; Zapateneo\" \/>\n<meta property=\"og:description\" content=\"Truzzoli, Claudia 9788472909939 - Bellaterra Ediciones - 2020 - 214 p\u00e1ginas \/orri.\" \/>\n<meta property=\"og:url\" content=\"https:\/\/zapateneo.net\/wordpress\/index.php\/producto\/desbordando-sexo-y-genero-el-amplia-abanico-de-las-identidades\/\" \/>\n<meta property=\"og:site_name\" content=\"Zapateneo\" \/>\n<meta property=\"article:modified_time\" content=\"2023-04-11T15:13:21+00:00\" \/>\n<meta property=\"og:image\" content=\"https:\/\/zapateneo.net\/wordpress\/wp-content\/uploads\/2021\/04\/var_www_vhosts_hontzanet_httpdocs_es_imagenes_9788472_978847290993.gif\" \/>\n\t<meta property=\"og:image:width\" content=\"190\" \/>\n\t<meta property=\"og:image:height\" content=\"300\" \/>\n\t<meta property=\"og:image:type\" content=\"image\/gif\" \/>\n<meta name=\"twitter:card\" content=\"summary_large_image\" \/>\n<meta name=\"twitter:site\" content=\"@zapateneo\" \/>\n<meta name=\"twitter:label1\" content=\"Tiempo de lectura\" \/>\n\t<meta name=\"twitter:data1\" content=\"1 minuto\" \/>\n<script type=\"application\/ld+json\" class=\"yoast-schema-graph\">{\"@context\":\"https:\\\/\\\/schema.org\",\"@graph\":[{\"@type\":\"WebPage\",\"@id\":\"https:\\\/\\\/zapateneo.net\\\/wordpress\\\/index.php\\\/producto\\\/desbordando-sexo-y-genero-el-amplia-abanico-de-las-identidades\\\/\",\"url\":\"https:\\\/\\\/zapateneo.net\\\/wordpress\\\/index.php\\\/producto\\\/desbordando-sexo-y-genero-el-amplia-abanico-de-las-identidades\\\/\",\"name\":\"Desbordando sexo y g\u00e9nero. el amplia abanico de las identidades &#8212; Zapateneo\",\"isPartOf\":{\"@id\":\"https:\\\/\\\/zapateneo.net\\\/wordpress\\\/#website\"},\"primaryImageOfPage\":{\"@id\":\"https:\\\/\\\/zapateneo.net\\\/wordpress\\\/index.php\\\/producto\\\/desbordando-sexo-y-genero-el-amplia-abanico-de-las-identidades\\\/#primaryimage\"},\"image\":{\"@id\":\"https:\\\/\\\/zapateneo.net\\\/wordpress\\\/index.php\\\/producto\\\/desbordando-sexo-y-genero-el-amplia-abanico-de-las-identidades\\\/#primaryimage\"},\"thumbnailUrl\":\"https:\\\/\\\/zapateneo.net\\\/wordpress\\\/wp-content\\\/uploads\\\/2021\\\/04\\\/var_www_vhosts_hontzanet_httpdocs_es_imagenes_9788472_978847290993.gif\",\"datePublished\":\"2021-04-07T08:31:31+00:00\",\"dateModified\":\"2023-04-11T15:13:21+00:00\",\"breadcrumb\":{\"@id\":\"https:\\\/\\\/zapateneo.net\\\/wordpress\\\/index.php\\\/producto\\\/desbordando-sexo-y-genero-el-amplia-abanico-de-las-identidades\\\/#breadcrumb\"},\"inLanguage\":\"es\",\"potentialAction\":[{\"@type\":\"ReadAction\",\"target\":[\"https:\\\/\\\/zapateneo.net\\\/wordpress\\\/index.php\\\/producto\\\/desbordando-sexo-y-genero-el-amplia-abanico-de-las-identidades\\\/\"]}]},{\"@type\":\"ImageObject\",\"inLanguage\":\"es\",\"@id\":\"https:\\\/\\\/zapateneo.net\\\/wordpress\\\/index.php\\\/producto\\\/desbordando-sexo-y-genero-el-amplia-abanico-de-las-identidades\\\/#primaryimage\",\"url\":\"https:\\\/\\\/zapateneo.net\\\/wordpress\\\/wp-content\\\/uploads\\\/2021\\\/04\\\/var_www_vhosts_hontzanet_httpdocs_es_imagenes_9788472_978847290993.gif\",\"contentUrl\":\"https:\\\/\\\/zapateneo.net\\\/wordpress\\\/wp-content\\\/uploads\\\/2021\\\/04\\\/var_www_vhosts_hontzanet_httpdocs_es_imagenes_9788472_978847290993.gif\",\"width\":190,\"height\":300},{\"@type\":\"BreadcrumbList\",\"@id\":\"https:\\\/\\\/zapateneo.net\\\/wordpress\\\/index.php\\\/producto\\\/desbordando-sexo-y-genero-el-amplia-abanico-de-las-identidades\\\/#breadcrumb\",\"itemListElement\":[{\"@type\":\"ListItem\",\"position\":1,\"name\":\"Portada\",\"item\":\"https:\\\/\\\/zapateneo.net\\\/wordpress\\\/\"},{\"@type\":\"ListItem\",\"position\":2,\"name\":\"Tienda\",\"item\":\"https:\\\/\\\/zapateneo.net\\\/wordpress\\\/\"},{\"@type\":\"ListItem\",\"position\":3,\"name\":\"Desbordando sexo y g\u00e9nero. el amplia abanico de las identidades\"}]},{\"@type\":\"WebSite\",\"@id\":\"https:\\\/\\\/zapateneo.net\\\/wordpress\\\/#website\",\"url\":\"https:\\\/\\\/zapateneo.net\\\/wordpress\\\/\",\"name\":\"Zapateneo\",\"description\":\"Zapateneoaren webgunea\",\"publisher\":{\"@id\":\"https:\\\/\\\/zapateneo.net\\\/wordpress\\\/#organization\"},\"potentialAction\":[{\"@type\":\"SearchAction\",\"target\":{\"@type\":\"EntryPoint\",\"urlTemplate\":\"https:\\\/\\\/zapateneo.net\\\/wordpress\\\/?s={search_term_string}\"},\"query-input\":{\"@type\":\"PropertyValueSpecification\",\"valueRequired\":true,\"valueName\":\"search_term_string\"}}],\"inLanguage\":\"es\"},{\"@type\":\"Organization\",\"@id\":\"https:\\\/\\\/zapateneo.net\\\/wordpress\\\/#organization\",\"name\":\"Zapateneo Kultur Elkartea\",\"url\":\"https:\\\/\\\/zapateneo.net\\\/wordpress\\\/\",\"logo\":{\"@type\":\"ImageObject\",\"inLanguage\":\"es\",\"@id\":\"https:\\\/\\\/zapateneo.net\\\/wordpress\\\/#\\\/schema\\\/logo\\\/image\\\/\",\"url\":\"https:\\\/\\\/zapateneo.net\\\/wordpress\\\/wp-content\\\/uploads\\\/2021\\\/04\\\/zap-libu-kolec.jpg\",\"contentUrl\":\"https:\\\/\\\/zapateneo.net\\\/wordpress\\\/wp-content\\\/uploads\\\/2021\\\/04\\\/zap-libu-kolec.jpg\",\"width\":2234,\"height\":398,\"caption\":\"Zapateneo Kultur Elkartea\"},\"image\":{\"@id\":\"https:\\\/\\\/zapateneo.net\\\/wordpress\\\/#\\\/schema\\\/logo\\\/image\\\/\"},\"sameAs\":[\"https:\\\/\\\/x.com\\\/zapateneo\"]}]}<\/script>\n<!-- \/ Yoast SEO plugin. -->","yoast_head_json":{"title":"Desbordando sexo y g\u00e9nero. el amplia abanico de las identidades &#8212; Zapateneo","robots":{"index":"index","follow":"follow","max-snippet":"max-snippet:-1","max-image-preview":"max-image-preview:large","max-video-preview":"max-video-preview:-1"},"canonical":"https:\/\/zapateneo.net\/wordpress\/index.php\/producto\/desbordando-sexo-y-genero-el-amplia-abanico-de-las-identidades\/","og_locale":"es_ES","og_type":"article","og_title":"Desbordando sexo y g\u00e9nero. el amplia abanico de las identidades &#8212; Zapateneo","og_description":"Truzzoli, Claudia 9788472909939 - Bellaterra Ediciones - 2020 - 214 p\u00e1ginas \/orri.","og_url":"https:\/\/zapateneo.net\/wordpress\/index.php\/producto\/desbordando-sexo-y-genero-el-amplia-abanico-de-las-identidades\/","og_site_name":"Zapateneo","article_modified_time":"2023-04-11T15:13:21+00:00","og_image":[{"width":190,"height":300,"url":"https:\/\/zapateneo.net\/wordpress\/wp-content\/uploads\/2021\/04\/var_www_vhosts_hontzanet_httpdocs_es_imagenes_9788472_978847290993.gif","type":"image\/gif"}],"twitter_card":"summary_large_image","twitter_site":"@zapateneo","twitter_misc":{"Tiempo de lectura":"1 minuto"},"schema":{"@context":"https:\/\/schema.org","@graph":[{"@type":"WebPage","@id":"https:\/\/zapateneo.net\/wordpress\/index.php\/producto\/desbordando-sexo-y-genero-el-amplia-abanico-de-las-identidades\/","url":"https:\/\/zapateneo.net\/wordpress\/index.php\/producto\/desbordando-sexo-y-genero-el-amplia-abanico-de-las-identidades\/","name":"Desbordando sexo y g\u00e9nero. el amplia abanico de las identidades &#8212; Zapateneo","isPartOf":{"@id":"https:\/\/zapateneo.net\/wordpress\/#website"},"primaryImageOfPage":{"@id":"https:\/\/zapateneo.net\/wordpress\/index.php\/producto\/desbordando-sexo-y-genero-el-amplia-abanico-de-las-identidades\/#primaryimage"},"image":{"@id":"https:\/\/zapateneo.net\/wordpress\/index.php\/producto\/desbordando-sexo-y-genero-el-amplia-abanico-de-las-identidades\/#primaryimage"},"thumbnailUrl":"https:\/\/zapateneo.net\/wordpress\/wp-content\/uploads\/2021\/04\/var_www_vhosts_hontzanet_httpdocs_es_imagenes_9788472_978847290993.gif","datePublished":"2021-04-07T08:31:31+00:00","dateModified":"2023-04-11T15:13:21+00:00","breadcrumb":{"@id":"https:\/\/zapateneo.net\/wordpress\/index.php\/producto\/desbordando-sexo-y-genero-el-amplia-abanico-de-las-identidades\/#breadcrumb"},"inLanguage":"es","potentialAction":[{"@type":"ReadAction","target":["https:\/\/zapateneo.net\/wordpress\/index.php\/producto\/desbordando-sexo-y-genero-el-amplia-abanico-de-las-identidades\/"]}]},{"@type":"ImageObject","inLanguage":"es","@id":"https:\/\/zapateneo.net\/wordpress\/index.php\/producto\/desbordando-sexo-y-genero-el-amplia-abanico-de-las-identidades\/#primaryimage","url":"https:\/\/zapateneo.net\/wordpress\/wp-content\/uploads\/2021\/04\/var_www_vhosts_hontzanet_httpdocs_es_imagenes_9788472_978847290993.gif","contentUrl":"https:\/\/zapateneo.net\/wordpress\/wp-content\/uploads\/2021\/04\/var_www_vhosts_hontzanet_httpdocs_es_imagenes_9788472_978847290993.gif","width":190,"height":300},{"@type":"BreadcrumbList","@id":"https:\/\/zapateneo.net\/wordpress\/index.php\/producto\/desbordando-sexo-y-genero-el-amplia-abanico-de-las-identidades\/#breadcrumb","itemListElement":[{"@type":"ListItem","position":1,"name":"Portada","item":"https:\/\/zapateneo.net\/wordpress\/"},{"@type":"ListItem","position":2,"name":"Tienda","item":"https:\/\/zapateneo.net\/wordpress\/"},{"@type":"ListItem","position":3,"name":"Desbordando sexo y g\u00e9nero. el amplia abanico de las identidades"}]},{"@type":"WebSite","@id":"https:\/\/zapateneo.net\/wordpress\/#website","url":"https:\/\/zapateneo.net\/wordpress\/","name":"Zapateneo","description":"Zapateneoaren webgunea","publisher":{"@id":"https:\/\/zapateneo.net\/wordpress\/#organization"},"potentialAction":[{"@type":"SearchAction","target":{"@type":"EntryPoint","urlTemplate":"https:\/\/zapateneo.net\/wordpress\/?s={search_term_string}"},"query-input":{"@type":"PropertyValueSpecification","valueRequired":true,"valueName":"search_term_string"}}],"inLanguage":"es"},{"@type":"Organization","@id":"https:\/\/zapateneo.net\/wordpress\/#organization","name":"Zapateneo Kultur Elkartea","url":"https:\/\/zapateneo.net\/wordpress\/","logo":{"@type":"ImageObject","inLanguage":"es","@id":"https:\/\/zapateneo.net\/wordpress\/#\/schema\/logo\/image\/","url":"https:\/\/zapateneo.net\/wordpress\/wp-content\/uploads\/2021\/04\/zap-libu-kolec.jpg","contentUrl":"https:\/\/zapateneo.net\/wordpress\/wp-content\/uploads\/2021\/04\/zap-libu-kolec.jpg","width":2234,"height":398,"caption":"Zapateneo Kultur Elkartea"},"image":{"@id":"https:\/\/zapateneo.net\/wordpress\/#\/schema\/logo\/image\/"},"sameAs":["https:\/\/x.com\/zapateneo"]}]}},"_links":{"self":[{"href":"https:\/\/zapateneo.net\/wordpress\/index.php\/wp-json\/wp\/v2\/product\/1581","targetHints":{"allow":["GET"]}}],"collection":[{"href":"https:\/\/zapateneo.net\/wordpress\/index.php\/wp-json\/wp\/v2\/product"}],"about":[{"href":"https:\/\/zapateneo.net\/wordpress\/index.php\/wp-json\/wp\/v2\/types\/product"}],"wp:featuredmedia":[{"embeddable":true,"href":"https:\/\/zapateneo.net\/wordpress\/index.php\/wp-json\/wp\/v2\/media\/1611"}],"wp:attachment":[{"href":"https:\/\/zapateneo.net\/wordpress\/index.php\/wp-json\/wp\/v2\/media?parent=1581"}],"wp:term":[{"taxonomy":"product_brand","embeddable":true,"href":"https:\/\/zapateneo.net\/wordpress\/index.php\/wp-json\/wp\/v2\/product_brand?post=1581"},{"taxonomy":"product_cat","embeddable":true,"href":"https:\/\/zapateneo.net\/wordpress\/index.php\/wp-json\/wp\/v2\/product_cat?post=1581"},{"taxonomy":"product_tag","embeddable":true,"href":"https:\/\/zapateneo.net\/wordpress\/index.php\/wp-json\/wp\/v2\/product_tag?post=1581"}],"curies":[{"name":"wp","href":"https:\/\/api.w.org\/{rel}","templated":true}]}}