{"id":15781,"date":"2025-01-04T20:16:58","date_gmt":"2025-01-04T19:16:58","guid":{"rendered":"https:\/\/zapateneo.net\/wordpress\/?post_type=product&#038;p=15781"},"modified":"2025-01-04T20:17:09","modified_gmt":"2025-01-04T19:17:09","slug":"que-es-el-estado-y-otros-escritos-anarquistas","status":"publish","type":"product","link":"https:\/\/zapateneo.net\/wordpress\/index.php\/producto\/que-es-el-estado-y-otros-escritos-anarquistas\/","title":{"rendered":"\u00bfQu\u00e9 es el Estado? Y otros escritos anarquistas"},"content":{"rendered":"<p>El libro recorre por lo menos tres l\u00edneas de inter\u00e9s te\u00f3rico. La primera, que es acaso el eje m\u00e1s general, es un sucinto pero apretado panorama de la tradici\u00f3n filos\u00f3fico-pol\u00edtica occidental, sus transformaciones y sus diferentes abordajes.<br \/>\nEl tema espec\u00edfico del trabajo remite, directa o indirectamente, al problema pol\u00edtico por excelencia, la legitimidad o la ilegitimidad de la relaci\u00f3n de mando y obediencia. En este sentido, el libro nos brinda un claro y \u00fatil mapa, un mapa que es a la vez hist\u00f3rico y anal\u00edtico.<br \/>\nUna segunda l\u00ednea te\u00f3rica de gran inter\u00e9s del libro, ya m\u00e1s espec\u00edfica para la teor\u00eda pura del derecho, es el abordaje que hace Ibarra del pensamiento del jurista austr\u00edaco Hans Kelsen. Sabemos que Kelsen no fue un anarquista sino un liberal dem\u00f3crata, pero las implicancias de su pensamiento jur\u00eddico para el anarquismo son tan \u00fatiles como evidentes. Releerlo, revisitarlo y recomprenderlo, como hace Ibarra en este libro, puede ser muy estimulante y enriquecedor para el lector de simpat\u00edas \u00e1cratas.<br \/>\nCon m\u00e1s raz\u00f3n, hoy en d\u00eda, cuando parece reinar una peligrosa confusi\u00f3n de ideas en el seno de cierta autoproclamada izquierda intelectual que se nutre del oscurantismo criptoteol\u00f3gico del ultraderechista Carl Schmitt, colaborador del nazismo y adversario te\u00f3rico del emigrado Hans Kelsen.<br \/>\nPor \u00faltimo, pero no menos importante, el tercer lineamiento de inter\u00e9s te\u00f3rico que presenta el libro es el tratamiento detallado y sugerente que hace Elina de los cl\u00e1sicos del pensamiento anarquista, como Pierre-Joseph Proudhon, Benjamin Tucker, William Godwin, Piotr Kropotkin y Johan Most. Este aspecto, que es seguramente el de mayor inter\u00e9s para el lector \u00e1crata, se ve enriquecido por la inclusi\u00f3n de tres ensayos finales sobre temas espec\u00edficos del pensamiento anarquista: la idea del perfecto anarquista, la educaci\u00f3n anarquista y la concepci\u00f3n antropol\u00f3gica de Pierre-Joseph Proudhon.<br \/>\nEs sumamente recomendable, no solamente para el lector con intereses en el pensamiento anarquista, sino para todo aquel que est\u00e9 interesado en la filosof\u00eda pol\u00edtica en general.\u00bb Del pr\u00f3logo de An\u00edbal D\u2019Auria<\/p>\n","protected":false},"excerpt":{"rendered":"<p><strong>Elina Ibarra<\/strong><br \/>\n9789871523429 &#8211; Terramar &#8211; 2024 &#8211; 258 p\u00e1ginas \/orri.<\/p>\n","protected":false},"featured_media":15807,"template":"","meta":[],"product_brand":[],"product_cat":[1868,16],"product_tag":[7107,5906],"class_list":{"0":"post-15781","1":"product","2":"type-product","3":"status-publish","4":"has-post-thumbnail","6":"product_cat-anarkismoa-anarquismo","7":"product_cat-libros","8":"product_tag-elina-ibarra","9":"product_tag-terramar","11":"first","12":"instock","13":"sold-individually","14":"shipping-taxable","15":"purchasable","16":"product-type-simple"},"yoast_head":"<!-- This site is optimized with the Yoast SEO plugin v27.3 - https:\/\/yoast.com\/product\/yoast-seo-wordpress\/ -->\n<title>\u00bfQu\u00e9 es el Estado? Y otros escritos anarquistas &#8212; Zapateneo<\/title>\n<meta name=\"robots\" content=\"index, follow, max-snippet:-1, max-image-preview:large, max-video-preview:-1\" \/>\n<link rel=\"canonical\" href=\"https:\/\/zapateneo.net\/wordpress\/index.php\/producto\/que-es-el-estado-y-otros-escritos-anarquistas\/\" \/>\n<meta property=\"og:locale\" content=\"es_ES\" \/>\n<meta property=\"og:type\" content=\"article\" \/>\n<meta property=\"og:title\" content=\"\u00bfQu\u00e9 es el Estado? Y otros escritos anarquistas &#8212; Zapateneo\" \/>\n<meta property=\"og:description\" content=\"Elina Ibarra 9789871523429 - Terramar - 2024 - 258 p\u00e1ginas \/orri.\" \/>\n<meta property=\"og:url\" content=\"https:\/\/zapateneo.net\/wordpress\/index.php\/producto\/que-es-el-estado-y-otros-escritos-anarquistas\/\" \/>\n<meta property=\"og:site_name\" content=\"Zapateneo\" \/>\n<meta property=\"article:modified_time\" content=\"2025-01-04T19:17:09+00:00\" \/>\n<meta name=\"twitter:card\" content=\"summary_large_image\" \/>\n<meta name=\"twitter:site\" content=\"@zapateneo\" \/>\n<meta name=\"twitter:label1\" content=\"Tiempo de lectura\" \/>\n\t<meta name=\"twitter:data1\" content=\"2 minutos\" \/>\n<script type=\"application\/ld+json\" class=\"yoast-schema-graph\">{\"@context\":\"https:\\\/\\\/schema.org\",\"@graph\":[{\"@type\":\"WebPage\",\"@id\":\"https:\\\/\\\/zapateneo.net\\\/wordpress\\\/index.php\\\/producto\\\/que-es-el-estado-y-otros-escritos-anarquistas\\\/\",\"url\":\"https:\\\/\\\/zapateneo.net\\\/wordpress\\\/index.php\\\/producto\\\/que-es-el-estado-y-otros-escritos-anarquistas\\\/\",\"name\":\"\u00bfQu\u00e9 es el Estado? Y otros escritos anarquistas &#8212; Zapateneo\",\"isPartOf\":{\"@id\":\"https:\\\/\\\/zapateneo.net\\\/wordpress\\\/#website\"},\"primaryImageOfPage\":{\"@id\":\"https:\\\/\\\/zapateneo.net\\\/wordpress\\\/index.php\\\/producto\\\/que-es-el-estado-y-otros-escritos-anarquistas\\\/#primaryimage\"},\"image\":{\"@id\":\"https:\\\/\\\/zapateneo.net\\\/wordpress\\\/index.php\\\/producto\\\/que-es-el-estado-y-otros-escritos-anarquistas\\\/#primaryimage\"},\"thumbnailUrl\":\"https:\\\/\\\/zapateneo.net\\\/wordpress\\\/wp-content\\\/uploads\\\/2025\\\/01\\\/978987152342.jpeg\",\"datePublished\":\"2025-01-04T19:16:58+00:00\",\"dateModified\":\"2025-01-04T19:17:09+00:00\",\"breadcrumb\":{\"@id\":\"https:\\\/\\\/zapateneo.net\\\/wordpress\\\/index.php\\\/producto\\\/que-es-el-estado-y-otros-escritos-anarquistas\\\/#breadcrumb\"},\"inLanguage\":\"es\",\"potentialAction\":[{\"@type\":\"ReadAction\",\"target\":[\"https:\\\/\\\/zapateneo.net\\\/wordpress\\\/index.php\\\/producto\\\/que-es-el-estado-y-otros-escritos-anarquistas\\\/\"]}]},{\"@type\":\"ImageObject\",\"inLanguage\":\"es\",\"@id\":\"https:\\\/\\\/zapateneo.net\\\/wordpress\\\/index.php\\\/producto\\\/que-es-el-estado-y-otros-escritos-anarquistas\\\/#primaryimage\",\"url\":\"https:\\\/\\\/zapateneo.net\\\/wordpress\\\/wp-content\\\/uploads\\\/2025\\\/01\\\/978987152342.jpeg\",\"contentUrl\":\"https:\\\/\\\/zapateneo.net\\\/wordpress\\\/wp-content\\\/uploads\\\/2025\\\/01\\\/978987152342.jpeg\",\"width\":274,\"height\":400},{\"@type\":\"BreadcrumbList\",\"@id\":\"https:\\\/\\\/zapateneo.net\\\/wordpress\\\/index.php\\\/producto\\\/que-es-el-estado-y-otros-escritos-anarquistas\\\/#breadcrumb\",\"itemListElement\":[{\"@type\":\"ListItem\",\"position\":1,\"name\":\"Portada\",\"item\":\"https:\\\/\\\/zapateneo.net\\\/wordpress\\\/\"},{\"@type\":\"ListItem\",\"position\":2,\"name\":\"Tienda\",\"item\":\"https:\\\/\\\/zapateneo.net\\\/wordpress\\\/\"},{\"@type\":\"ListItem\",\"position\":3,\"name\":\"\u00bfQu\u00e9 es el Estado? Y otros escritos anarquistas\"}]},{\"@type\":\"WebSite\",\"@id\":\"https:\\\/\\\/zapateneo.net\\\/wordpress\\\/#website\",\"url\":\"https:\\\/\\\/zapateneo.net\\\/wordpress\\\/\",\"name\":\"Zapateneo\",\"description\":\"Zapateneoaren webgunea\",\"publisher\":{\"@id\":\"https:\\\/\\\/zapateneo.net\\\/wordpress\\\/#organization\"},\"potentialAction\":[{\"@type\":\"SearchAction\",\"target\":{\"@type\":\"EntryPoint\",\"urlTemplate\":\"https:\\\/\\\/zapateneo.net\\\/wordpress\\\/?s={search_term_string}\"},\"query-input\":{\"@type\":\"PropertyValueSpecification\",\"valueRequired\":true,\"valueName\":\"search_term_string\"}}],\"inLanguage\":\"es\"},{\"@type\":\"Organization\",\"@id\":\"https:\\\/\\\/zapateneo.net\\\/wordpress\\\/#organization\",\"name\":\"Zapateneo Kultur Elkartea\",\"url\":\"https:\\\/\\\/zapateneo.net\\\/wordpress\\\/\",\"logo\":{\"@type\":\"ImageObject\",\"inLanguage\":\"es\",\"@id\":\"https:\\\/\\\/zapateneo.net\\\/wordpress\\\/#\\\/schema\\\/logo\\\/image\\\/\",\"url\":\"https:\\\/\\\/zapateneo.net\\\/wordpress\\\/wp-content\\\/uploads\\\/2021\\\/04\\\/zap-libu-kolec.jpg\",\"contentUrl\":\"https:\\\/\\\/zapateneo.net\\\/wordpress\\\/wp-content\\\/uploads\\\/2021\\\/04\\\/zap-libu-kolec.jpg\",\"width\":2234,\"height\":398,\"caption\":\"Zapateneo Kultur Elkartea\"},\"image\":{\"@id\":\"https:\\\/\\\/zapateneo.net\\\/wordpress\\\/#\\\/schema\\\/logo\\\/image\\\/\"},\"sameAs\":[\"https:\\\/\\\/x.com\\\/zapateneo\"]}]}<\/script>\n<!-- \/ Yoast SEO plugin. -->","yoast_head_json":{"title":"\u00bfQu\u00e9 es el Estado? Y otros escritos anarquistas &#8212; Zapateneo","robots":{"index":"index","follow":"follow","max-snippet":"max-snippet:-1","max-image-preview":"max-image-preview:large","max-video-preview":"max-video-preview:-1"},"canonical":"https:\/\/zapateneo.net\/wordpress\/index.php\/producto\/que-es-el-estado-y-otros-escritos-anarquistas\/","og_locale":"es_ES","og_type":"article","og_title":"\u00bfQu\u00e9 es el Estado? Y otros escritos anarquistas &#8212; Zapateneo","og_description":"Elina Ibarra 9789871523429 - Terramar - 2024 - 258 p\u00e1ginas \/orri.","og_url":"https:\/\/zapateneo.net\/wordpress\/index.php\/producto\/que-es-el-estado-y-otros-escritos-anarquistas\/","og_site_name":"Zapateneo","article_modified_time":"2025-01-04T19:17:09+00:00","twitter_card":"summary_large_image","twitter_site":"@zapateneo","twitter_misc":{"Tiempo de lectura":"2 minutos"},"schema":{"@context":"https:\/\/schema.org","@graph":[{"@type":"WebPage","@id":"https:\/\/zapateneo.net\/wordpress\/index.php\/producto\/que-es-el-estado-y-otros-escritos-anarquistas\/","url":"https:\/\/zapateneo.net\/wordpress\/index.php\/producto\/que-es-el-estado-y-otros-escritos-anarquistas\/","name":"\u00bfQu\u00e9 es el Estado? Y otros escritos anarquistas &#8212; Zapateneo","isPartOf":{"@id":"https:\/\/zapateneo.net\/wordpress\/#website"},"primaryImageOfPage":{"@id":"https:\/\/zapateneo.net\/wordpress\/index.php\/producto\/que-es-el-estado-y-otros-escritos-anarquistas\/#primaryimage"},"image":{"@id":"https:\/\/zapateneo.net\/wordpress\/index.php\/producto\/que-es-el-estado-y-otros-escritos-anarquistas\/#primaryimage"},"thumbnailUrl":"https:\/\/zapateneo.net\/wordpress\/wp-content\/uploads\/2025\/01\/978987152342.jpeg","datePublished":"2025-01-04T19:16:58+00:00","dateModified":"2025-01-04T19:17:09+00:00","breadcrumb":{"@id":"https:\/\/zapateneo.net\/wordpress\/index.php\/producto\/que-es-el-estado-y-otros-escritos-anarquistas\/#breadcrumb"},"inLanguage":"es","potentialAction":[{"@type":"ReadAction","target":["https:\/\/zapateneo.net\/wordpress\/index.php\/producto\/que-es-el-estado-y-otros-escritos-anarquistas\/"]}]},{"@type":"ImageObject","inLanguage":"es","@id":"https:\/\/zapateneo.net\/wordpress\/index.php\/producto\/que-es-el-estado-y-otros-escritos-anarquistas\/#primaryimage","url":"https:\/\/zapateneo.net\/wordpress\/wp-content\/uploads\/2025\/01\/978987152342.jpeg","contentUrl":"https:\/\/zapateneo.net\/wordpress\/wp-content\/uploads\/2025\/01\/978987152342.jpeg","width":274,"height":400},{"@type":"BreadcrumbList","@id":"https:\/\/zapateneo.net\/wordpress\/index.php\/producto\/que-es-el-estado-y-otros-escritos-anarquistas\/#breadcrumb","itemListElement":[{"@type":"ListItem","position":1,"name":"Portada","item":"https:\/\/zapateneo.net\/wordpress\/"},{"@type":"ListItem","position":2,"name":"Tienda","item":"https:\/\/zapateneo.net\/wordpress\/"},{"@type":"ListItem","position":3,"name":"\u00bfQu\u00e9 es el Estado? Y otros escritos anarquistas"}]},{"@type":"WebSite","@id":"https:\/\/zapateneo.net\/wordpress\/#website","url":"https:\/\/zapateneo.net\/wordpress\/","name":"Zapateneo","description":"Zapateneoaren webgunea","publisher":{"@id":"https:\/\/zapateneo.net\/wordpress\/#organization"},"potentialAction":[{"@type":"SearchAction","target":{"@type":"EntryPoint","urlTemplate":"https:\/\/zapateneo.net\/wordpress\/?s={search_term_string}"},"query-input":{"@type":"PropertyValueSpecification","valueRequired":true,"valueName":"search_term_string"}}],"inLanguage":"es"},{"@type":"Organization","@id":"https:\/\/zapateneo.net\/wordpress\/#organization","name":"Zapateneo Kultur Elkartea","url":"https:\/\/zapateneo.net\/wordpress\/","logo":{"@type":"ImageObject","inLanguage":"es","@id":"https:\/\/zapateneo.net\/wordpress\/#\/schema\/logo\/image\/","url":"https:\/\/zapateneo.net\/wordpress\/wp-content\/uploads\/2021\/04\/zap-libu-kolec.jpg","contentUrl":"https:\/\/zapateneo.net\/wordpress\/wp-content\/uploads\/2021\/04\/zap-libu-kolec.jpg","width":2234,"height":398,"caption":"Zapateneo Kultur Elkartea"},"image":{"@id":"https:\/\/zapateneo.net\/wordpress\/#\/schema\/logo\/image\/"},"sameAs":["https:\/\/x.com\/zapateneo"]}]}},"_links":{"self":[{"href":"https:\/\/zapateneo.net\/wordpress\/index.php\/wp-json\/wp\/v2\/product\/15781","targetHints":{"allow":["GET"]}}],"collection":[{"href":"https:\/\/zapateneo.net\/wordpress\/index.php\/wp-json\/wp\/v2\/product"}],"about":[{"href":"https:\/\/zapateneo.net\/wordpress\/index.php\/wp-json\/wp\/v2\/types\/product"}],"wp:featuredmedia":[{"embeddable":true,"href":"https:\/\/zapateneo.net\/wordpress\/index.php\/wp-json\/wp\/v2\/media\/15807"}],"wp:attachment":[{"href":"https:\/\/zapateneo.net\/wordpress\/index.php\/wp-json\/wp\/v2\/media?parent=15781"}],"wp:term":[{"taxonomy":"product_brand","embeddable":true,"href":"https:\/\/zapateneo.net\/wordpress\/index.php\/wp-json\/wp\/v2\/product_brand?post=15781"},{"taxonomy":"product_cat","embeddable":true,"href":"https:\/\/zapateneo.net\/wordpress\/index.php\/wp-json\/wp\/v2\/product_cat?post=15781"},{"taxonomy":"product_tag","embeddable":true,"href":"https:\/\/zapateneo.net\/wordpress\/index.php\/wp-json\/wp\/v2\/product_tag?post=15781"}],"curies":[{"name":"wp","href":"https:\/\/api.w.org\/{rel}","templated":true}]}}