{"id":15780,"date":"2025-01-04T20:16:58","date_gmt":"2025-01-04T19:16:58","guid":{"rendered":"https:\/\/zapateneo.net\/wordpress\/?post_type=product&#038;p=15780"},"modified":"2025-01-04T20:17:09","modified_gmt":"2025-01-04T19:17:09","slug":"amor-libre-discursos-anarquistas-sobre-la-union-libre-y-la-libertad-de-los-cuerpos","status":"publish","type":"product","link":"https:\/\/zapateneo.net\/wordpress\/index.php\/producto\/amor-libre-discursos-anarquistas-sobre-la-union-libre-y-la-libertad-de-los-cuerpos\/","title":{"rendered":"Amor libre Discursos anarquistas sobre la uni\u00f3n libre y la libertad de los cuerpos"},"content":{"rendered":"<p>Las anarquistas profundizaron la cr\u00edtica al capitalismo, al Estado y al clero, abarcando una dimensi\u00f3n de la opresi\u00f3n que no hab\u00eda sido considerada por sus compa\u00f1eros de lucha. Pusieron en debate la dimensi\u00f3n personal y afectiva, denunciando la subordinaci\u00f3n entre sexos y afirmando que la emancipaci\u00f3n humana solo se lograr\u00eda con la emancipaci\u00f3n completa de las mujeres. Es por esto que fueron partidarias de reinventar los lazos entre los sexos, proponiendo relaciones afectivas y sexuales que tuvieran como premisa principal la afinidad y la libertad de los sujetos.<\/p>\n<p>Este tercer volumen de la Serie Libertarias re\u00fane a 18 mujeres anarquistas, libertarias o afines a las ideas \u00e1cratas, precursoras en evidenciar la opresi\u00f3n hacia las mujeres e instalar debates en torno al amor, la maternidad, la anticoncepci\u00f3n, el deseo sexual femenino, la monogamia, entre otras tem\u00e1ticas abordadas en este libro. La selecci\u00f3n de textos recorre tanto Europa como Am\u00e9rica Latina, y desde el siglo XIX hasta nuestros d\u00edas.<\/p>\n","protected":false},"excerpt":{"rendered":"<p><strong>vvaa<\/strong><br \/>\n9789569261619 &#8211; Eleuterio &#8211; 2024 &#8211; 114 p\u00e1ginas \/orri.<\/p>\n","protected":false},"featured_media":15806,"template":"","meta":[],"product_brand":[],"product_cat":[1868,16],"product_tag":[6717,6967],"class_list":{"0":"post-15780","1":"product","2":"type-product","3":"status-publish","4":"has-post-thumbnail","6":"product_cat-anarkismoa-anarquismo","7":"product_cat-libros","8":"product_tag-eleuterio","9":"product_tag-vvaa","11":"first","12":"instock","13":"sold-individually","14":"shipping-taxable","15":"purchasable","16":"product-type-simple"},"yoast_head":"<!-- This site is optimized with the Yoast SEO plugin v27.3 - https:\/\/yoast.com\/product\/yoast-seo-wordpress\/ -->\n<title>Amor libre Discursos anarquistas sobre la uni\u00f3n libre y la libertad de los cuerpos &#8212; Zapateneo<\/title>\n<meta name=\"robots\" content=\"index, follow, max-snippet:-1, max-image-preview:large, max-video-preview:-1\" \/>\n<link rel=\"canonical\" href=\"https:\/\/zapateneo.net\/wordpress\/index.php\/producto\/amor-libre-discursos-anarquistas-sobre-la-union-libre-y-la-libertad-de-los-cuerpos\/\" \/>\n<meta property=\"og:locale\" content=\"es_ES\" \/>\n<meta property=\"og:type\" content=\"article\" \/>\n<meta property=\"og:title\" content=\"Amor libre Discursos anarquistas sobre la uni\u00f3n libre y la libertad de los cuerpos &#8212; Zapateneo\" \/>\n<meta property=\"og:description\" content=\"vvaa 9789569261619 - Eleuterio - 2024 - 114 p\u00e1ginas \/orri.\" \/>\n<meta property=\"og:url\" content=\"https:\/\/zapateneo.net\/wordpress\/index.php\/producto\/amor-libre-discursos-anarquistas-sobre-la-union-libre-y-la-libertad-de-los-cuerpos\/\" \/>\n<meta property=\"og:site_name\" content=\"Zapateneo\" \/>\n<meta property=\"article:modified_time\" content=\"2025-01-04T19:17:09+00:00\" \/>\n<meta name=\"twitter:card\" content=\"summary_large_image\" \/>\n<meta name=\"twitter:site\" content=\"@zapateneo\" \/>\n<meta name=\"twitter:label1\" content=\"Tiempo de lectura\" \/>\n\t<meta name=\"twitter:data1\" content=\"1 minuto\" \/>\n<script type=\"application\/ld+json\" class=\"yoast-schema-graph\">{\"@context\":\"https:\\\/\\\/schema.org\",\"@graph\":[{\"@type\":\"WebPage\",\"@id\":\"https:\\\/\\\/zapateneo.net\\\/wordpress\\\/index.php\\\/producto\\\/amor-libre-discursos-anarquistas-sobre-la-union-libre-y-la-libertad-de-los-cuerpos\\\/\",\"url\":\"https:\\\/\\\/zapateneo.net\\\/wordpress\\\/index.php\\\/producto\\\/amor-libre-discursos-anarquistas-sobre-la-union-libre-y-la-libertad-de-los-cuerpos\\\/\",\"name\":\"Amor libre Discursos anarquistas sobre la uni\u00f3n libre y la libertad de los cuerpos &#8212; Zapateneo\",\"isPartOf\":{\"@id\":\"https:\\\/\\\/zapateneo.net\\\/wordpress\\\/#website\"},\"primaryImageOfPage\":{\"@id\":\"https:\\\/\\\/zapateneo.net\\\/wordpress\\\/index.php\\\/producto\\\/amor-libre-discursos-anarquistas-sobre-la-union-libre-y-la-libertad-de-los-cuerpos\\\/#primaryimage\"},\"image\":{\"@id\":\"https:\\\/\\\/zapateneo.net\\\/wordpress\\\/index.php\\\/producto\\\/amor-libre-discursos-anarquistas-sobre-la-union-libre-y-la-libertad-de-los-cuerpos\\\/#primaryimage\"},\"thumbnailUrl\":\"https:\\\/\\\/zapateneo.net\\\/wordpress\\\/wp-content\\\/uploads\\\/2025\\\/01\\\/978956926161.jpeg\",\"datePublished\":\"2025-01-04T19:16:58+00:00\",\"dateModified\":\"2025-01-04T19:17:09+00:00\",\"breadcrumb\":{\"@id\":\"https:\\\/\\\/zapateneo.net\\\/wordpress\\\/index.php\\\/producto\\\/amor-libre-discursos-anarquistas-sobre-la-union-libre-y-la-libertad-de-los-cuerpos\\\/#breadcrumb\"},\"inLanguage\":\"es\",\"potentialAction\":[{\"@type\":\"ReadAction\",\"target\":[\"https:\\\/\\\/zapateneo.net\\\/wordpress\\\/index.php\\\/producto\\\/amor-libre-discursos-anarquistas-sobre-la-union-libre-y-la-libertad-de-los-cuerpos\\\/\"]}]},{\"@type\":\"ImageObject\",\"inLanguage\":\"es\",\"@id\":\"https:\\\/\\\/zapateneo.net\\\/wordpress\\\/index.php\\\/producto\\\/amor-libre-discursos-anarquistas-sobre-la-union-libre-y-la-libertad-de-los-cuerpos\\\/#primaryimage\",\"url\":\"https:\\\/\\\/zapateneo.net\\\/wordpress\\\/wp-content\\\/uploads\\\/2025\\\/01\\\/978956926161.jpeg\",\"contentUrl\":\"https:\\\/\\\/zapateneo.net\\\/wordpress\\\/wp-content\\\/uploads\\\/2025\\\/01\\\/978956926161.jpeg\",\"width\":270,\"height\":400},{\"@type\":\"BreadcrumbList\",\"@id\":\"https:\\\/\\\/zapateneo.net\\\/wordpress\\\/index.php\\\/producto\\\/amor-libre-discursos-anarquistas-sobre-la-union-libre-y-la-libertad-de-los-cuerpos\\\/#breadcrumb\",\"itemListElement\":[{\"@type\":\"ListItem\",\"position\":1,\"name\":\"Portada\",\"item\":\"https:\\\/\\\/zapateneo.net\\\/wordpress\\\/\"},{\"@type\":\"ListItem\",\"position\":2,\"name\":\"Tienda\",\"item\":\"https:\\\/\\\/zapateneo.net\\\/wordpress\\\/\"},{\"@type\":\"ListItem\",\"position\":3,\"name\":\"Amor libre Discursos anarquistas sobre la uni\u00f3n libre y la libertad de los cuerpos\"}]},{\"@type\":\"WebSite\",\"@id\":\"https:\\\/\\\/zapateneo.net\\\/wordpress\\\/#website\",\"url\":\"https:\\\/\\\/zapateneo.net\\\/wordpress\\\/\",\"name\":\"Zapateneo\",\"description\":\"Zapateneoaren webgunea\",\"publisher\":{\"@id\":\"https:\\\/\\\/zapateneo.net\\\/wordpress\\\/#organization\"},\"potentialAction\":[{\"@type\":\"SearchAction\",\"target\":{\"@type\":\"EntryPoint\",\"urlTemplate\":\"https:\\\/\\\/zapateneo.net\\\/wordpress\\\/?s={search_term_string}\"},\"query-input\":{\"@type\":\"PropertyValueSpecification\",\"valueRequired\":true,\"valueName\":\"search_term_string\"}}],\"inLanguage\":\"es\"},{\"@type\":\"Organization\",\"@id\":\"https:\\\/\\\/zapateneo.net\\\/wordpress\\\/#organization\",\"name\":\"Zapateneo Kultur Elkartea\",\"url\":\"https:\\\/\\\/zapateneo.net\\\/wordpress\\\/\",\"logo\":{\"@type\":\"ImageObject\",\"inLanguage\":\"es\",\"@id\":\"https:\\\/\\\/zapateneo.net\\\/wordpress\\\/#\\\/schema\\\/logo\\\/image\\\/\",\"url\":\"https:\\\/\\\/zapateneo.net\\\/wordpress\\\/wp-content\\\/uploads\\\/2021\\\/04\\\/zap-libu-kolec.jpg\",\"contentUrl\":\"https:\\\/\\\/zapateneo.net\\\/wordpress\\\/wp-content\\\/uploads\\\/2021\\\/04\\\/zap-libu-kolec.jpg\",\"width\":2234,\"height\":398,\"caption\":\"Zapateneo Kultur Elkartea\"},\"image\":{\"@id\":\"https:\\\/\\\/zapateneo.net\\\/wordpress\\\/#\\\/schema\\\/logo\\\/image\\\/\"},\"sameAs\":[\"https:\\\/\\\/x.com\\\/zapateneo\"]}]}<\/script>\n<!-- \/ Yoast SEO plugin. -->","yoast_head_json":{"title":"Amor libre Discursos anarquistas sobre la uni\u00f3n libre y la libertad de los cuerpos &#8212; Zapateneo","robots":{"index":"index","follow":"follow","max-snippet":"max-snippet:-1","max-image-preview":"max-image-preview:large","max-video-preview":"max-video-preview:-1"},"canonical":"https:\/\/zapateneo.net\/wordpress\/index.php\/producto\/amor-libre-discursos-anarquistas-sobre-la-union-libre-y-la-libertad-de-los-cuerpos\/","og_locale":"es_ES","og_type":"article","og_title":"Amor libre Discursos anarquistas sobre la uni\u00f3n libre y la libertad de los cuerpos &#8212; Zapateneo","og_description":"vvaa 9789569261619 - Eleuterio - 2024 - 114 p\u00e1ginas \/orri.","og_url":"https:\/\/zapateneo.net\/wordpress\/index.php\/producto\/amor-libre-discursos-anarquistas-sobre-la-union-libre-y-la-libertad-de-los-cuerpos\/","og_site_name":"Zapateneo","article_modified_time":"2025-01-04T19:17:09+00:00","twitter_card":"summary_large_image","twitter_site":"@zapateneo","twitter_misc":{"Tiempo de lectura":"1 minuto"},"schema":{"@context":"https:\/\/schema.org","@graph":[{"@type":"WebPage","@id":"https:\/\/zapateneo.net\/wordpress\/index.php\/producto\/amor-libre-discursos-anarquistas-sobre-la-union-libre-y-la-libertad-de-los-cuerpos\/","url":"https:\/\/zapateneo.net\/wordpress\/index.php\/producto\/amor-libre-discursos-anarquistas-sobre-la-union-libre-y-la-libertad-de-los-cuerpos\/","name":"Amor libre Discursos anarquistas sobre la uni\u00f3n libre y la libertad de los cuerpos &#8212; Zapateneo","isPartOf":{"@id":"https:\/\/zapateneo.net\/wordpress\/#website"},"primaryImageOfPage":{"@id":"https:\/\/zapateneo.net\/wordpress\/index.php\/producto\/amor-libre-discursos-anarquistas-sobre-la-union-libre-y-la-libertad-de-los-cuerpos\/#primaryimage"},"image":{"@id":"https:\/\/zapateneo.net\/wordpress\/index.php\/producto\/amor-libre-discursos-anarquistas-sobre-la-union-libre-y-la-libertad-de-los-cuerpos\/#primaryimage"},"thumbnailUrl":"https:\/\/zapateneo.net\/wordpress\/wp-content\/uploads\/2025\/01\/978956926161.jpeg","datePublished":"2025-01-04T19:16:58+00:00","dateModified":"2025-01-04T19:17:09+00:00","breadcrumb":{"@id":"https:\/\/zapateneo.net\/wordpress\/index.php\/producto\/amor-libre-discursos-anarquistas-sobre-la-union-libre-y-la-libertad-de-los-cuerpos\/#breadcrumb"},"inLanguage":"es","potentialAction":[{"@type":"ReadAction","target":["https:\/\/zapateneo.net\/wordpress\/index.php\/producto\/amor-libre-discursos-anarquistas-sobre-la-union-libre-y-la-libertad-de-los-cuerpos\/"]}]},{"@type":"ImageObject","inLanguage":"es","@id":"https:\/\/zapateneo.net\/wordpress\/index.php\/producto\/amor-libre-discursos-anarquistas-sobre-la-union-libre-y-la-libertad-de-los-cuerpos\/#primaryimage","url":"https:\/\/zapateneo.net\/wordpress\/wp-content\/uploads\/2025\/01\/978956926161.jpeg","contentUrl":"https:\/\/zapateneo.net\/wordpress\/wp-content\/uploads\/2025\/01\/978956926161.jpeg","width":270,"height":400},{"@type":"BreadcrumbList","@id":"https:\/\/zapateneo.net\/wordpress\/index.php\/producto\/amor-libre-discursos-anarquistas-sobre-la-union-libre-y-la-libertad-de-los-cuerpos\/#breadcrumb","itemListElement":[{"@type":"ListItem","position":1,"name":"Portada","item":"https:\/\/zapateneo.net\/wordpress\/"},{"@type":"ListItem","position":2,"name":"Tienda","item":"https:\/\/zapateneo.net\/wordpress\/"},{"@type":"ListItem","position":3,"name":"Amor libre Discursos anarquistas sobre la uni\u00f3n libre y la libertad de los cuerpos"}]},{"@type":"WebSite","@id":"https:\/\/zapateneo.net\/wordpress\/#website","url":"https:\/\/zapateneo.net\/wordpress\/","name":"Zapateneo","description":"Zapateneoaren webgunea","publisher":{"@id":"https:\/\/zapateneo.net\/wordpress\/#organization"},"potentialAction":[{"@type":"SearchAction","target":{"@type":"EntryPoint","urlTemplate":"https:\/\/zapateneo.net\/wordpress\/?s={search_term_string}"},"query-input":{"@type":"PropertyValueSpecification","valueRequired":true,"valueName":"search_term_string"}}],"inLanguage":"es"},{"@type":"Organization","@id":"https:\/\/zapateneo.net\/wordpress\/#organization","name":"Zapateneo Kultur Elkartea","url":"https:\/\/zapateneo.net\/wordpress\/","logo":{"@type":"ImageObject","inLanguage":"es","@id":"https:\/\/zapateneo.net\/wordpress\/#\/schema\/logo\/image\/","url":"https:\/\/zapateneo.net\/wordpress\/wp-content\/uploads\/2021\/04\/zap-libu-kolec.jpg","contentUrl":"https:\/\/zapateneo.net\/wordpress\/wp-content\/uploads\/2021\/04\/zap-libu-kolec.jpg","width":2234,"height":398,"caption":"Zapateneo Kultur Elkartea"},"image":{"@id":"https:\/\/zapateneo.net\/wordpress\/#\/schema\/logo\/image\/"},"sameAs":["https:\/\/x.com\/zapateneo"]}]}},"_links":{"self":[{"href":"https:\/\/zapateneo.net\/wordpress\/index.php\/wp-json\/wp\/v2\/product\/15780","targetHints":{"allow":["GET"]}}],"collection":[{"href":"https:\/\/zapateneo.net\/wordpress\/index.php\/wp-json\/wp\/v2\/product"}],"about":[{"href":"https:\/\/zapateneo.net\/wordpress\/index.php\/wp-json\/wp\/v2\/types\/product"}],"wp:featuredmedia":[{"embeddable":true,"href":"https:\/\/zapateneo.net\/wordpress\/index.php\/wp-json\/wp\/v2\/media\/15806"}],"wp:attachment":[{"href":"https:\/\/zapateneo.net\/wordpress\/index.php\/wp-json\/wp\/v2\/media?parent=15780"}],"wp:term":[{"taxonomy":"product_brand","embeddable":true,"href":"https:\/\/zapateneo.net\/wordpress\/index.php\/wp-json\/wp\/v2\/product_brand?post=15780"},{"taxonomy":"product_cat","embeddable":true,"href":"https:\/\/zapateneo.net\/wordpress\/index.php\/wp-json\/wp\/v2\/product_cat?post=15780"},{"taxonomy":"product_tag","embeddable":true,"href":"https:\/\/zapateneo.net\/wordpress\/index.php\/wp-json\/wp\/v2\/product_tag?post=15780"}],"curies":[{"name":"wp","href":"https:\/\/api.w.org\/{rel}","templated":true}]}}