{"id":15769,"date":"2025-01-04T20:16:57","date_gmt":"2025-01-04T19:16:57","guid":{"rendered":"https:\/\/zapateneo.net\/wordpress\/?post_type=product&#038;p=15769"},"modified":"2025-01-04T20:17:04","modified_gmt":"2025-01-04T19:17:04","slug":"sobrevivir-y-morir-en-el-manicomio-memorias-de-un-asilo-de-un-asilo-de-mujeres","status":"publish","type":"product","link":"https:\/\/zapateneo.net\/wordpress\/index.php\/producto\/sobrevivir-y-morir-en-el-manicomio-memorias-de-un-asilo-de-un-asilo-de-mujeres\/","title":{"rendered":"Sobrevivir y morir en el manicomio Memorias de un asilo de un asilo de mujeres"},"content":{"rendered":"<p>Este libro relata los recorridos de internaci\u00f3n y muerte de pacientes mujeres en el Hospital Esteves, de la Provincia de Buenos Aires, a trav\u00e9s de sus Historias Cl\u00ednicas, durante un periodo cr\u00edtico para el n\u00famero de fallecimientos all\u00ed: los a\u00f1os \u201860.<br \/>\nDe esta manera, encontramos las voces acalladas en esas historias cl\u00ednicas, la sobrevivencia y muerte de mujeres, inmigrantes y trabajadoras en su internaci\u00f3n psiqui\u00e1trica y ciertas formas de lo manicomial a lo largo del siglo XX. Tales ejes emergen a partir de las marcas en los cuerpos que produjo el manicomio. La autora propone varios ejes para una salud mental que se integre a la salud en general y deje de ser su \u201chija pobre\u201d. Primero, porque las personas que atraviesan una crisis de \u201csalud mental\u201d pueden transitar, al mismo tiempo, otros problemas de salud que requieran atenci\u00f3n de cl\u00ednica m\u00e9dica y de otras especialidades. Las muertes por causas evitables en los grandes monovalentes son hoy, de una crueldad obscena.<br \/>\nSegundo, porque el argumento del n\u00famero de camas que ocupar\u00edan las personas con padecimiento mental en un hospital general o \u201cla infraestructura necesaria\u201d no es m\u00e1s que un tema presupuestario, principalmente de falta de personal. Y por \u00faltimo, porque la mera existencia de un patio de atr\u00e1s donde \u201calojar lo que obstruye\u201d nos tiene que alertar sobre la maquinaria de degradaci\u00f3n de la vida y la muerte a la que todos estamos expuestos. Resultado de ello es la muerte, en mayo de 2020, de un hombre internado en el Borda tras ser atacado por una jaur\u00eda de perros que circulaba por el hospital.<br \/>\nPor ello, como sostiene la autora: \u00abQue nadie muera por pobre y loco. Que eso nos agobie, nos saque el sue\u00f1o y no lo soportemos m\u00e1s.\u00bb Este es el objetivo del libro.<\/p>\n","protected":false},"excerpt":{"rendered":"<p><strong>Carla Pierri<\/strong><br \/>\n9789874025562 &#8211; Top\u00eda &#8211; 2024 &#8211; 104 p\u00e1ginas \/orri.<\/p>\n","protected":false},"featured_media":15795,"template":"","meta":[],"product_brand":[],"product_cat":[16,182],"product_tag":[7100,7098],"class_list":{"0":"post-15769","1":"product","2":"type-product","3":"status-publish","4":"has-post-thumbnail","6":"product_cat-libros","7":"product_cat-osasuna-salud","8":"product_tag-carla-pierri","9":"product_tag-topia","11":"first","12":"instock","13":"sold-individually","14":"shipping-taxable","15":"purchasable","16":"product-type-simple"},"yoast_head":"<!-- This site is optimized with the Yoast SEO plugin v27.3 - https:\/\/yoast.com\/product\/yoast-seo-wordpress\/ -->\n<title>Sobrevivir y morir en el manicomio Memorias de un asilo de un asilo de mujeres &#8212; Zapateneo<\/title>\n<meta name=\"robots\" content=\"index, follow, max-snippet:-1, max-image-preview:large, max-video-preview:-1\" \/>\n<link rel=\"canonical\" href=\"https:\/\/zapateneo.net\/wordpress\/index.php\/producto\/sobrevivir-y-morir-en-el-manicomio-memorias-de-un-asilo-de-un-asilo-de-mujeres\/\" \/>\n<meta property=\"og:locale\" content=\"es_ES\" \/>\n<meta property=\"og:type\" content=\"article\" \/>\n<meta property=\"og:title\" content=\"Sobrevivir y morir en el manicomio Memorias de un asilo de un asilo de mujeres &#8212; Zapateneo\" \/>\n<meta property=\"og:description\" content=\"Carla Pierri 9789874025562 - Top\u00eda - 2024 - 104 p\u00e1ginas \/orri.\" \/>\n<meta property=\"og:url\" content=\"https:\/\/zapateneo.net\/wordpress\/index.php\/producto\/sobrevivir-y-morir-en-el-manicomio-memorias-de-un-asilo-de-un-asilo-de-mujeres\/\" \/>\n<meta property=\"og:site_name\" content=\"Zapateneo\" \/>\n<meta property=\"article:modified_time\" content=\"2025-01-04T19:17:04+00:00\" \/>\n<meta name=\"twitter:card\" content=\"summary_large_image\" \/>\n<meta name=\"twitter:site\" content=\"@zapateneo\" \/>\n<meta name=\"twitter:label1\" content=\"Tiempo de lectura\" \/>\n\t<meta name=\"twitter:data1\" content=\"2 minutos\" \/>\n<script type=\"application\/ld+json\" class=\"yoast-schema-graph\">{\"@context\":\"https:\\\/\\\/schema.org\",\"@graph\":[{\"@type\":\"WebPage\",\"@id\":\"https:\\\/\\\/zapateneo.net\\\/wordpress\\\/index.php\\\/producto\\\/sobrevivir-y-morir-en-el-manicomio-memorias-de-un-asilo-de-un-asilo-de-mujeres\\\/\",\"url\":\"https:\\\/\\\/zapateneo.net\\\/wordpress\\\/index.php\\\/producto\\\/sobrevivir-y-morir-en-el-manicomio-memorias-de-un-asilo-de-un-asilo-de-mujeres\\\/\",\"name\":\"Sobrevivir y morir en el manicomio Memorias de un asilo de un asilo de mujeres &#8212; Zapateneo\",\"isPartOf\":{\"@id\":\"https:\\\/\\\/zapateneo.net\\\/wordpress\\\/#website\"},\"primaryImageOfPage\":{\"@id\":\"https:\\\/\\\/zapateneo.net\\\/wordpress\\\/index.php\\\/producto\\\/sobrevivir-y-morir-en-el-manicomio-memorias-de-un-asilo-de-un-asilo-de-mujeres\\\/#primaryimage\"},\"image\":{\"@id\":\"https:\\\/\\\/zapateneo.net\\\/wordpress\\\/index.php\\\/producto\\\/sobrevivir-y-morir-en-el-manicomio-memorias-de-un-asilo-de-un-asilo-de-mujeres\\\/#primaryimage\"},\"thumbnailUrl\":\"https:\\\/\\\/zapateneo.net\\\/wordpress\\\/wp-content\\\/uploads\\\/2025\\\/01\\\/978987402556.jpg\",\"datePublished\":\"2025-01-04T19:16:57+00:00\",\"dateModified\":\"2025-01-04T19:17:04+00:00\",\"breadcrumb\":{\"@id\":\"https:\\\/\\\/zapateneo.net\\\/wordpress\\\/index.php\\\/producto\\\/sobrevivir-y-morir-en-el-manicomio-memorias-de-un-asilo-de-un-asilo-de-mujeres\\\/#breadcrumb\"},\"inLanguage\":\"es\",\"potentialAction\":[{\"@type\":\"ReadAction\",\"target\":[\"https:\\\/\\\/zapateneo.net\\\/wordpress\\\/index.php\\\/producto\\\/sobrevivir-y-morir-en-el-manicomio-memorias-de-un-asilo-de-un-asilo-de-mujeres\\\/\"]}]},{\"@type\":\"ImageObject\",\"inLanguage\":\"es\",\"@id\":\"https:\\\/\\\/zapateneo.net\\\/wordpress\\\/index.php\\\/producto\\\/sobrevivir-y-morir-en-el-manicomio-memorias-de-un-asilo-de-un-asilo-de-mujeres\\\/#primaryimage\",\"url\":\"https:\\\/\\\/zapateneo.net\\\/wordpress\\\/wp-content\\\/uploads\\\/2025\\\/01\\\/978987402556.jpg\",\"contentUrl\":\"https:\\\/\\\/zapateneo.net\\\/wordpress\\\/wp-content\\\/uploads\\\/2025\\\/01\\\/978987402556.jpg\",\"width\":220,\"height\":332},{\"@type\":\"BreadcrumbList\",\"@id\":\"https:\\\/\\\/zapateneo.net\\\/wordpress\\\/index.php\\\/producto\\\/sobrevivir-y-morir-en-el-manicomio-memorias-de-un-asilo-de-un-asilo-de-mujeres\\\/#breadcrumb\",\"itemListElement\":[{\"@type\":\"ListItem\",\"position\":1,\"name\":\"Portada\",\"item\":\"https:\\\/\\\/zapateneo.net\\\/wordpress\\\/\"},{\"@type\":\"ListItem\",\"position\":2,\"name\":\"Tienda\",\"item\":\"https:\\\/\\\/zapateneo.net\\\/wordpress\\\/\"},{\"@type\":\"ListItem\",\"position\":3,\"name\":\"Sobrevivir y morir en el manicomio Memorias de un asilo de un asilo de mujeres\"}]},{\"@type\":\"WebSite\",\"@id\":\"https:\\\/\\\/zapateneo.net\\\/wordpress\\\/#website\",\"url\":\"https:\\\/\\\/zapateneo.net\\\/wordpress\\\/\",\"name\":\"Zapateneo\",\"description\":\"Zapateneoaren webgunea\",\"publisher\":{\"@id\":\"https:\\\/\\\/zapateneo.net\\\/wordpress\\\/#organization\"},\"potentialAction\":[{\"@type\":\"SearchAction\",\"target\":{\"@type\":\"EntryPoint\",\"urlTemplate\":\"https:\\\/\\\/zapateneo.net\\\/wordpress\\\/?s={search_term_string}\"},\"query-input\":{\"@type\":\"PropertyValueSpecification\",\"valueRequired\":true,\"valueName\":\"search_term_string\"}}],\"inLanguage\":\"es\"},{\"@type\":\"Organization\",\"@id\":\"https:\\\/\\\/zapateneo.net\\\/wordpress\\\/#organization\",\"name\":\"Zapateneo Kultur Elkartea\",\"url\":\"https:\\\/\\\/zapateneo.net\\\/wordpress\\\/\",\"logo\":{\"@type\":\"ImageObject\",\"inLanguage\":\"es\",\"@id\":\"https:\\\/\\\/zapateneo.net\\\/wordpress\\\/#\\\/schema\\\/logo\\\/image\\\/\",\"url\":\"https:\\\/\\\/zapateneo.net\\\/wordpress\\\/wp-content\\\/uploads\\\/2021\\\/04\\\/zap-libu-kolec.jpg\",\"contentUrl\":\"https:\\\/\\\/zapateneo.net\\\/wordpress\\\/wp-content\\\/uploads\\\/2021\\\/04\\\/zap-libu-kolec.jpg\",\"width\":2234,\"height\":398,\"caption\":\"Zapateneo Kultur Elkartea\"},\"image\":{\"@id\":\"https:\\\/\\\/zapateneo.net\\\/wordpress\\\/#\\\/schema\\\/logo\\\/image\\\/\"},\"sameAs\":[\"https:\\\/\\\/x.com\\\/zapateneo\"]}]}<\/script>\n<!-- \/ Yoast SEO plugin. -->","yoast_head_json":{"title":"Sobrevivir y morir en el manicomio Memorias de un asilo de un asilo de mujeres &#8212; Zapateneo","robots":{"index":"index","follow":"follow","max-snippet":"max-snippet:-1","max-image-preview":"max-image-preview:large","max-video-preview":"max-video-preview:-1"},"canonical":"https:\/\/zapateneo.net\/wordpress\/index.php\/producto\/sobrevivir-y-morir-en-el-manicomio-memorias-de-un-asilo-de-un-asilo-de-mujeres\/","og_locale":"es_ES","og_type":"article","og_title":"Sobrevivir y morir en el manicomio Memorias de un asilo de un asilo de mujeres &#8212; Zapateneo","og_description":"Carla Pierri 9789874025562 - Top\u00eda - 2024 - 104 p\u00e1ginas \/orri.","og_url":"https:\/\/zapateneo.net\/wordpress\/index.php\/producto\/sobrevivir-y-morir-en-el-manicomio-memorias-de-un-asilo-de-un-asilo-de-mujeres\/","og_site_name":"Zapateneo","article_modified_time":"2025-01-04T19:17:04+00:00","twitter_card":"summary_large_image","twitter_site":"@zapateneo","twitter_misc":{"Tiempo de lectura":"2 minutos"},"schema":{"@context":"https:\/\/schema.org","@graph":[{"@type":"WebPage","@id":"https:\/\/zapateneo.net\/wordpress\/index.php\/producto\/sobrevivir-y-morir-en-el-manicomio-memorias-de-un-asilo-de-un-asilo-de-mujeres\/","url":"https:\/\/zapateneo.net\/wordpress\/index.php\/producto\/sobrevivir-y-morir-en-el-manicomio-memorias-de-un-asilo-de-un-asilo-de-mujeres\/","name":"Sobrevivir y morir en el manicomio Memorias de un asilo de un asilo de mujeres &#8212; Zapateneo","isPartOf":{"@id":"https:\/\/zapateneo.net\/wordpress\/#website"},"primaryImageOfPage":{"@id":"https:\/\/zapateneo.net\/wordpress\/index.php\/producto\/sobrevivir-y-morir-en-el-manicomio-memorias-de-un-asilo-de-un-asilo-de-mujeres\/#primaryimage"},"image":{"@id":"https:\/\/zapateneo.net\/wordpress\/index.php\/producto\/sobrevivir-y-morir-en-el-manicomio-memorias-de-un-asilo-de-un-asilo-de-mujeres\/#primaryimage"},"thumbnailUrl":"https:\/\/zapateneo.net\/wordpress\/wp-content\/uploads\/2025\/01\/978987402556.jpg","datePublished":"2025-01-04T19:16:57+00:00","dateModified":"2025-01-04T19:17:04+00:00","breadcrumb":{"@id":"https:\/\/zapateneo.net\/wordpress\/index.php\/producto\/sobrevivir-y-morir-en-el-manicomio-memorias-de-un-asilo-de-un-asilo-de-mujeres\/#breadcrumb"},"inLanguage":"es","potentialAction":[{"@type":"ReadAction","target":["https:\/\/zapateneo.net\/wordpress\/index.php\/producto\/sobrevivir-y-morir-en-el-manicomio-memorias-de-un-asilo-de-un-asilo-de-mujeres\/"]}]},{"@type":"ImageObject","inLanguage":"es","@id":"https:\/\/zapateneo.net\/wordpress\/index.php\/producto\/sobrevivir-y-morir-en-el-manicomio-memorias-de-un-asilo-de-un-asilo-de-mujeres\/#primaryimage","url":"https:\/\/zapateneo.net\/wordpress\/wp-content\/uploads\/2025\/01\/978987402556.jpg","contentUrl":"https:\/\/zapateneo.net\/wordpress\/wp-content\/uploads\/2025\/01\/978987402556.jpg","width":220,"height":332},{"@type":"BreadcrumbList","@id":"https:\/\/zapateneo.net\/wordpress\/index.php\/producto\/sobrevivir-y-morir-en-el-manicomio-memorias-de-un-asilo-de-un-asilo-de-mujeres\/#breadcrumb","itemListElement":[{"@type":"ListItem","position":1,"name":"Portada","item":"https:\/\/zapateneo.net\/wordpress\/"},{"@type":"ListItem","position":2,"name":"Tienda","item":"https:\/\/zapateneo.net\/wordpress\/"},{"@type":"ListItem","position":3,"name":"Sobrevivir y morir en el manicomio Memorias de un asilo de un asilo de mujeres"}]},{"@type":"WebSite","@id":"https:\/\/zapateneo.net\/wordpress\/#website","url":"https:\/\/zapateneo.net\/wordpress\/","name":"Zapateneo","description":"Zapateneoaren webgunea","publisher":{"@id":"https:\/\/zapateneo.net\/wordpress\/#organization"},"potentialAction":[{"@type":"SearchAction","target":{"@type":"EntryPoint","urlTemplate":"https:\/\/zapateneo.net\/wordpress\/?s={search_term_string}"},"query-input":{"@type":"PropertyValueSpecification","valueRequired":true,"valueName":"search_term_string"}}],"inLanguage":"es"},{"@type":"Organization","@id":"https:\/\/zapateneo.net\/wordpress\/#organization","name":"Zapateneo Kultur Elkartea","url":"https:\/\/zapateneo.net\/wordpress\/","logo":{"@type":"ImageObject","inLanguage":"es","@id":"https:\/\/zapateneo.net\/wordpress\/#\/schema\/logo\/image\/","url":"https:\/\/zapateneo.net\/wordpress\/wp-content\/uploads\/2021\/04\/zap-libu-kolec.jpg","contentUrl":"https:\/\/zapateneo.net\/wordpress\/wp-content\/uploads\/2021\/04\/zap-libu-kolec.jpg","width":2234,"height":398,"caption":"Zapateneo Kultur Elkartea"},"image":{"@id":"https:\/\/zapateneo.net\/wordpress\/#\/schema\/logo\/image\/"},"sameAs":["https:\/\/x.com\/zapateneo"]}]}},"_links":{"self":[{"href":"https:\/\/zapateneo.net\/wordpress\/index.php\/wp-json\/wp\/v2\/product\/15769","targetHints":{"allow":["GET"]}}],"collection":[{"href":"https:\/\/zapateneo.net\/wordpress\/index.php\/wp-json\/wp\/v2\/product"}],"about":[{"href":"https:\/\/zapateneo.net\/wordpress\/index.php\/wp-json\/wp\/v2\/types\/product"}],"wp:featuredmedia":[{"embeddable":true,"href":"https:\/\/zapateneo.net\/wordpress\/index.php\/wp-json\/wp\/v2\/media\/15795"}],"wp:attachment":[{"href":"https:\/\/zapateneo.net\/wordpress\/index.php\/wp-json\/wp\/v2\/media?parent=15769"}],"wp:term":[{"taxonomy":"product_brand","embeddable":true,"href":"https:\/\/zapateneo.net\/wordpress\/index.php\/wp-json\/wp\/v2\/product_brand?post=15769"},{"taxonomy":"product_cat","embeddable":true,"href":"https:\/\/zapateneo.net\/wordpress\/index.php\/wp-json\/wp\/v2\/product_cat?post=15769"},{"taxonomy":"product_tag","embeddable":true,"href":"https:\/\/zapateneo.net\/wordpress\/index.php\/wp-json\/wp\/v2\/product_tag?post=15769"}],"curies":[{"name":"wp","href":"https:\/\/api.w.org\/{rel}","templated":true}]}}