{"id":15768,"date":"2025-01-04T20:16:57","date_gmt":"2025-01-04T19:16:57","guid":{"rendered":"https:\/\/zapateneo.net\/wordpress\/?post_type=product&#038;p=15768"},"modified":"2025-01-04T20:17:04","modified_gmt":"2025-01-04T19:17:04","slug":"feminismos-y-psicologias-una-apuesta-por-una-etica-inclusiva","status":"publish","type":"product","link":"https:\/\/zapateneo.net\/wordpress\/index.php\/producto\/feminismos-y-psicologias-una-apuesta-por-una-etica-inclusiva\/","title":{"rendered":"Feminismos y psicolog\u00edas Una apuesta por una \u00e9tica inclusiva"},"content":{"rendered":"<p>Un libro sobre subjetividad y feminismo. No para que sea letra muerta repetida en los mausoleos que las academias saben generar, sino para que la lucha apasionada contra las injusticias pueda hacerse carne en otres, potenciarse, multiplicarse. Creemos que un feminismo interseccional es necesario; que las luchas de quienes no cumplimos con el ideal de masculinidad cis heterosexual y con un cuerpo \u201cdestinado\u201d para la producci\u00f3n y reproducci\u00f3n, deben cruzarse y potenciarse. Para que nunca m\u00e1s se hable por las disidencias, para que la \u201cverdad\u201d acad\u00e9mica no silencie a m\u00e1s sujetes.<br \/>\nUna cl\u00ednica psi desde los feminismos de la disidencia implica un ejercicio \u00e9tico de deconstrucci\u00f3n de aquellas marcas patriarcales y heteronormadas en les profesionales, que impiden la escucha y la posibilidad de acompa\u00f1ar diferentes deseos y existencias. Implica saldar la deuda hist\u00f3rica de una disciplina que ha normalizado cuerpes y sentires. Para que consultar por motivos de salud mental sea el comienzo de un recorrido en pos de estar mejor, y no un espacio donde se encuentren nuevas violencias.<br \/>\nEste libro nace de la ilusi\u00f3n de que el encuentro con las teor\u00edas y con les otres nos haga m\u00e1s libres, menos oprimides. Quienes escribimos en el presente libro tenemos en com\u00fan la intenci\u00f3n de interpelar al campo de la psicolog\u00eda en sus diversas corrientes a partir del movimiento feminista.<br \/>\nEn estos momentos de crisis sanitaria, econ\u00f3mica y pol\u00edtica en la que el Mundo entero est\u00e1 sumido, queremos proponer estos vectores: salud mental, feminismos, disidencias, como una oportunidad y una realidad sobre la cual producir. La salud del mundo se puso en juego y devela, las destrucciones del sistema de cuidados. Los especuladores de las ganancias como en un juego macabro rifaron nuestros derechos y hoy asistimos al espect\u00e1culo del derrumbe de nuestras garant\u00edas.<br \/>\nEn esa l\u00f3gica, la perspectiva feminista introduce su an\u00e1lisis y reivindica su derecho a una mirada transversal, donde las desigualdades de g\u00e9nero est\u00e9n presentes en las planificaciones de cualquier tipo de estrategia de garant\u00eda de derechos.<\/p>\n","protected":false},"excerpt":{"rendered":"<p><strong>vvaa<\/strong><br \/>\n9789874025630 &#8211; Top\u00eda &#8211; 2024 &#8211; 110 p\u00e1ginas \/orri.<\/p>\n","protected":false},"featured_media":15794,"template":"","meta":[],"product_brand":[],"product_cat":[16,182],"product_tag":[7098,6967],"class_list":{"0":"post-15768","1":"product","2":"type-product","3":"status-publish","4":"has-post-thumbnail","6":"product_cat-libros","7":"product_cat-osasuna-salud","8":"product_tag-topia","9":"product_tag-vvaa","11":"first","12":"instock","13":"sold-individually","14":"shipping-taxable","15":"purchasable","16":"product-type-simple"},"yoast_head":"<!-- This site is optimized with the Yoast SEO plugin v27.3 - https:\/\/yoast.com\/product\/yoast-seo-wordpress\/ -->\n<title>Feminismos y psicolog\u00edas Una apuesta por una \u00e9tica inclusiva &#8212; Zapateneo<\/title>\n<meta name=\"robots\" content=\"index, follow, max-snippet:-1, max-image-preview:large, max-video-preview:-1\" \/>\n<link rel=\"canonical\" href=\"https:\/\/zapateneo.net\/wordpress\/index.php\/producto\/feminismos-y-psicologias-una-apuesta-por-una-etica-inclusiva\/\" \/>\n<meta property=\"og:locale\" content=\"es_ES\" \/>\n<meta property=\"og:type\" content=\"article\" \/>\n<meta property=\"og:title\" content=\"Feminismos y psicolog\u00edas Una apuesta por una \u00e9tica inclusiva &#8212; Zapateneo\" \/>\n<meta property=\"og:description\" content=\"vvaa 9789874025630 - Top\u00eda - 2024 - 110 p\u00e1ginas \/orri.\" \/>\n<meta property=\"og:url\" content=\"https:\/\/zapateneo.net\/wordpress\/index.php\/producto\/feminismos-y-psicologias-una-apuesta-por-una-etica-inclusiva\/\" \/>\n<meta property=\"og:site_name\" content=\"Zapateneo\" \/>\n<meta property=\"article:modified_time\" content=\"2025-01-04T19:17:04+00:00\" \/>\n<meta name=\"twitter:card\" content=\"summary_large_image\" \/>\n<meta name=\"twitter:site\" content=\"@zapateneo\" \/>\n<meta name=\"twitter:label1\" content=\"Tiempo de lectura\" \/>\n\t<meta name=\"twitter:data1\" content=\"2 minutos\" \/>\n<script type=\"application\/ld+json\" class=\"yoast-schema-graph\">{\"@context\":\"https:\\\/\\\/schema.org\",\"@graph\":[{\"@type\":\"WebPage\",\"@id\":\"https:\\\/\\\/zapateneo.net\\\/wordpress\\\/index.php\\\/producto\\\/feminismos-y-psicologias-una-apuesta-por-una-etica-inclusiva\\\/\",\"url\":\"https:\\\/\\\/zapateneo.net\\\/wordpress\\\/index.php\\\/producto\\\/feminismos-y-psicologias-una-apuesta-por-una-etica-inclusiva\\\/\",\"name\":\"Feminismos y psicolog\u00edas Una apuesta por una \u00e9tica inclusiva &#8212; Zapateneo\",\"isPartOf\":{\"@id\":\"https:\\\/\\\/zapateneo.net\\\/wordpress\\\/#website\"},\"primaryImageOfPage\":{\"@id\":\"https:\\\/\\\/zapateneo.net\\\/wordpress\\\/index.php\\\/producto\\\/feminismos-y-psicologias-una-apuesta-por-una-etica-inclusiva\\\/#primaryimage\"},\"image\":{\"@id\":\"https:\\\/\\\/zapateneo.net\\\/wordpress\\\/index.php\\\/producto\\\/feminismos-y-psicologias-una-apuesta-por-una-etica-inclusiva\\\/#primaryimage\"},\"thumbnailUrl\":\"https:\\\/\\\/zapateneo.net\\\/wordpress\\\/wp-content\\\/uploads\\\/2025\\\/01\\\/978987402563.jpg\",\"datePublished\":\"2025-01-04T19:16:57+00:00\",\"dateModified\":\"2025-01-04T19:17:04+00:00\",\"breadcrumb\":{\"@id\":\"https:\\\/\\\/zapateneo.net\\\/wordpress\\\/index.php\\\/producto\\\/feminismos-y-psicologias-una-apuesta-por-una-etica-inclusiva\\\/#breadcrumb\"},\"inLanguage\":\"es\",\"potentialAction\":[{\"@type\":\"ReadAction\",\"target\":[\"https:\\\/\\\/zapateneo.net\\\/wordpress\\\/index.php\\\/producto\\\/feminismos-y-psicologias-una-apuesta-por-una-etica-inclusiva\\\/\"]}]},{\"@type\":\"ImageObject\",\"inLanguage\":\"es\",\"@id\":\"https:\\\/\\\/zapateneo.net\\\/wordpress\\\/index.php\\\/producto\\\/feminismos-y-psicologias-una-apuesta-por-una-etica-inclusiva\\\/#primaryimage\",\"url\":\"https:\\\/\\\/zapateneo.net\\\/wordpress\\\/wp-content\\\/uploads\\\/2025\\\/01\\\/978987402563.jpg\",\"contentUrl\":\"https:\\\/\\\/zapateneo.net\\\/wordpress\\\/wp-content\\\/uploads\\\/2025\\\/01\\\/978987402563.jpg\",\"width\":220,\"height\":330},{\"@type\":\"BreadcrumbList\",\"@id\":\"https:\\\/\\\/zapateneo.net\\\/wordpress\\\/index.php\\\/producto\\\/feminismos-y-psicologias-una-apuesta-por-una-etica-inclusiva\\\/#breadcrumb\",\"itemListElement\":[{\"@type\":\"ListItem\",\"position\":1,\"name\":\"Portada\",\"item\":\"https:\\\/\\\/zapateneo.net\\\/wordpress\\\/\"},{\"@type\":\"ListItem\",\"position\":2,\"name\":\"Tienda\",\"item\":\"https:\\\/\\\/zapateneo.net\\\/wordpress\\\/\"},{\"@type\":\"ListItem\",\"position\":3,\"name\":\"Feminismos y psicolog\u00edas Una apuesta por una \u00e9tica inclusiva\"}]},{\"@type\":\"WebSite\",\"@id\":\"https:\\\/\\\/zapateneo.net\\\/wordpress\\\/#website\",\"url\":\"https:\\\/\\\/zapateneo.net\\\/wordpress\\\/\",\"name\":\"Zapateneo\",\"description\":\"Zapateneoaren webgunea\",\"publisher\":{\"@id\":\"https:\\\/\\\/zapateneo.net\\\/wordpress\\\/#organization\"},\"potentialAction\":[{\"@type\":\"SearchAction\",\"target\":{\"@type\":\"EntryPoint\",\"urlTemplate\":\"https:\\\/\\\/zapateneo.net\\\/wordpress\\\/?s={search_term_string}\"},\"query-input\":{\"@type\":\"PropertyValueSpecification\",\"valueRequired\":true,\"valueName\":\"search_term_string\"}}],\"inLanguage\":\"es\"},{\"@type\":\"Organization\",\"@id\":\"https:\\\/\\\/zapateneo.net\\\/wordpress\\\/#organization\",\"name\":\"Zapateneo Kultur Elkartea\",\"url\":\"https:\\\/\\\/zapateneo.net\\\/wordpress\\\/\",\"logo\":{\"@type\":\"ImageObject\",\"inLanguage\":\"es\",\"@id\":\"https:\\\/\\\/zapateneo.net\\\/wordpress\\\/#\\\/schema\\\/logo\\\/image\\\/\",\"url\":\"https:\\\/\\\/zapateneo.net\\\/wordpress\\\/wp-content\\\/uploads\\\/2021\\\/04\\\/zap-libu-kolec.jpg\",\"contentUrl\":\"https:\\\/\\\/zapateneo.net\\\/wordpress\\\/wp-content\\\/uploads\\\/2021\\\/04\\\/zap-libu-kolec.jpg\",\"width\":2234,\"height\":398,\"caption\":\"Zapateneo Kultur Elkartea\"},\"image\":{\"@id\":\"https:\\\/\\\/zapateneo.net\\\/wordpress\\\/#\\\/schema\\\/logo\\\/image\\\/\"},\"sameAs\":[\"https:\\\/\\\/x.com\\\/zapateneo\"]}]}<\/script>\n<!-- \/ Yoast SEO plugin. -->","yoast_head_json":{"title":"Feminismos y psicolog\u00edas Una apuesta por una \u00e9tica inclusiva &#8212; Zapateneo","robots":{"index":"index","follow":"follow","max-snippet":"max-snippet:-1","max-image-preview":"max-image-preview:large","max-video-preview":"max-video-preview:-1"},"canonical":"https:\/\/zapateneo.net\/wordpress\/index.php\/producto\/feminismos-y-psicologias-una-apuesta-por-una-etica-inclusiva\/","og_locale":"es_ES","og_type":"article","og_title":"Feminismos y psicolog\u00edas Una apuesta por una \u00e9tica inclusiva &#8212; Zapateneo","og_description":"vvaa 9789874025630 - Top\u00eda - 2024 - 110 p\u00e1ginas \/orri.","og_url":"https:\/\/zapateneo.net\/wordpress\/index.php\/producto\/feminismos-y-psicologias-una-apuesta-por-una-etica-inclusiva\/","og_site_name":"Zapateneo","article_modified_time":"2025-01-04T19:17:04+00:00","twitter_card":"summary_large_image","twitter_site":"@zapateneo","twitter_misc":{"Tiempo de lectura":"2 minutos"},"schema":{"@context":"https:\/\/schema.org","@graph":[{"@type":"WebPage","@id":"https:\/\/zapateneo.net\/wordpress\/index.php\/producto\/feminismos-y-psicologias-una-apuesta-por-una-etica-inclusiva\/","url":"https:\/\/zapateneo.net\/wordpress\/index.php\/producto\/feminismos-y-psicologias-una-apuesta-por-una-etica-inclusiva\/","name":"Feminismos y psicolog\u00edas Una apuesta por una \u00e9tica inclusiva &#8212; Zapateneo","isPartOf":{"@id":"https:\/\/zapateneo.net\/wordpress\/#website"},"primaryImageOfPage":{"@id":"https:\/\/zapateneo.net\/wordpress\/index.php\/producto\/feminismos-y-psicologias-una-apuesta-por-una-etica-inclusiva\/#primaryimage"},"image":{"@id":"https:\/\/zapateneo.net\/wordpress\/index.php\/producto\/feminismos-y-psicologias-una-apuesta-por-una-etica-inclusiva\/#primaryimage"},"thumbnailUrl":"https:\/\/zapateneo.net\/wordpress\/wp-content\/uploads\/2025\/01\/978987402563.jpg","datePublished":"2025-01-04T19:16:57+00:00","dateModified":"2025-01-04T19:17:04+00:00","breadcrumb":{"@id":"https:\/\/zapateneo.net\/wordpress\/index.php\/producto\/feminismos-y-psicologias-una-apuesta-por-una-etica-inclusiva\/#breadcrumb"},"inLanguage":"es","potentialAction":[{"@type":"ReadAction","target":["https:\/\/zapateneo.net\/wordpress\/index.php\/producto\/feminismos-y-psicologias-una-apuesta-por-una-etica-inclusiva\/"]}]},{"@type":"ImageObject","inLanguage":"es","@id":"https:\/\/zapateneo.net\/wordpress\/index.php\/producto\/feminismos-y-psicologias-una-apuesta-por-una-etica-inclusiva\/#primaryimage","url":"https:\/\/zapateneo.net\/wordpress\/wp-content\/uploads\/2025\/01\/978987402563.jpg","contentUrl":"https:\/\/zapateneo.net\/wordpress\/wp-content\/uploads\/2025\/01\/978987402563.jpg","width":220,"height":330},{"@type":"BreadcrumbList","@id":"https:\/\/zapateneo.net\/wordpress\/index.php\/producto\/feminismos-y-psicologias-una-apuesta-por-una-etica-inclusiva\/#breadcrumb","itemListElement":[{"@type":"ListItem","position":1,"name":"Portada","item":"https:\/\/zapateneo.net\/wordpress\/"},{"@type":"ListItem","position":2,"name":"Tienda","item":"https:\/\/zapateneo.net\/wordpress\/"},{"@type":"ListItem","position":3,"name":"Feminismos y psicolog\u00edas Una apuesta por una \u00e9tica inclusiva"}]},{"@type":"WebSite","@id":"https:\/\/zapateneo.net\/wordpress\/#website","url":"https:\/\/zapateneo.net\/wordpress\/","name":"Zapateneo","description":"Zapateneoaren webgunea","publisher":{"@id":"https:\/\/zapateneo.net\/wordpress\/#organization"},"potentialAction":[{"@type":"SearchAction","target":{"@type":"EntryPoint","urlTemplate":"https:\/\/zapateneo.net\/wordpress\/?s={search_term_string}"},"query-input":{"@type":"PropertyValueSpecification","valueRequired":true,"valueName":"search_term_string"}}],"inLanguage":"es"},{"@type":"Organization","@id":"https:\/\/zapateneo.net\/wordpress\/#organization","name":"Zapateneo Kultur Elkartea","url":"https:\/\/zapateneo.net\/wordpress\/","logo":{"@type":"ImageObject","inLanguage":"es","@id":"https:\/\/zapateneo.net\/wordpress\/#\/schema\/logo\/image\/","url":"https:\/\/zapateneo.net\/wordpress\/wp-content\/uploads\/2021\/04\/zap-libu-kolec.jpg","contentUrl":"https:\/\/zapateneo.net\/wordpress\/wp-content\/uploads\/2021\/04\/zap-libu-kolec.jpg","width":2234,"height":398,"caption":"Zapateneo Kultur Elkartea"},"image":{"@id":"https:\/\/zapateneo.net\/wordpress\/#\/schema\/logo\/image\/"},"sameAs":["https:\/\/x.com\/zapateneo"]}]}},"_links":{"self":[{"href":"https:\/\/zapateneo.net\/wordpress\/index.php\/wp-json\/wp\/v2\/product\/15768","targetHints":{"allow":["GET"]}}],"collection":[{"href":"https:\/\/zapateneo.net\/wordpress\/index.php\/wp-json\/wp\/v2\/product"}],"about":[{"href":"https:\/\/zapateneo.net\/wordpress\/index.php\/wp-json\/wp\/v2\/types\/product"}],"wp:featuredmedia":[{"embeddable":true,"href":"https:\/\/zapateneo.net\/wordpress\/index.php\/wp-json\/wp\/v2\/media\/15794"}],"wp:attachment":[{"href":"https:\/\/zapateneo.net\/wordpress\/index.php\/wp-json\/wp\/v2\/media?parent=15768"}],"wp:term":[{"taxonomy":"product_brand","embeddable":true,"href":"https:\/\/zapateneo.net\/wordpress\/index.php\/wp-json\/wp\/v2\/product_brand?post=15768"},{"taxonomy":"product_cat","embeddable":true,"href":"https:\/\/zapateneo.net\/wordpress\/index.php\/wp-json\/wp\/v2\/product_cat?post=15768"},{"taxonomy":"product_tag","embeddable":true,"href":"https:\/\/zapateneo.net\/wordpress\/index.php\/wp-json\/wp\/v2\/product_tag?post=15768"}],"curies":[{"name":"wp","href":"https:\/\/api.w.org\/{rel}","templated":true}]}}