{"id":15767,"date":"2025-01-04T20:16:56","date_gmt":"2025-01-04T19:16:56","guid":{"rendered":"https:\/\/zapateneo.net\/wordpress\/?post_type=product&#038;p=15767"},"modified":"2025-01-04T20:17:04","modified_gmt":"2025-01-04T19:17:04","slug":"la-subjetividad-asediada-medicalizacion-para-domesticar-al-sujeto","status":"publish","type":"product","link":"https:\/\/zapateneo.net\/wordpress\/index.php\/producto\/la-subjetividad-asediada-medicalizacion-para-domesticar-al-sujeto\/","title":{"rendered":"La subjetividad asediada Medicalizaci\u00f3n para domesticar al sujeto"},"content":{"rendered":"<p>Como afirma Enrique Carpintero: \u201cEn el campo de la Salud Mental la medicalizaci\u00f3n se fomenta a partir de la hegemon\u00eda que ha adquirido la psiquiatr\u00eda biol\u00f3gica desde una perspectiva que llamamos neopositivista. Frente al desarrollo de las neurociencias la psiquiatr\u00eda ha dejado de lado el modelo de la psicog\u00e9nesis para resolver el conflicto en beneficio de una clasificaci\u00f3n de las conductas que reduce el tratamiento a la supresi\u00f3n de los s\u00edntomas. La enfermedad es una falla que hay que suprimir y no un problema a entender donde hay que dar cuenta de una etiolog\u00eda. Desde esta perspectiva el psicoan\u00e1lisis es cuestionado por aqu\u00e9llos que han retrocedido a un neopositivismo que reduce el pensamiento a un circuito neuronal y el deseo a una secreci\u00f3n qu\u00edmica\u201d. Esta situaci\u00f3n tiene caracter\u00edsticas mundiales, seg\u00fan lo plantea Patrick Coupechoux en \u201cLa psiquiatr\u00eda en Francia: negaci\u00f3n de la locura y domesticaci\u00f3n del sujeto\u201d. Por ello, Allen Frances, uno de los autores del DSM-IV, nos alerta a prepararnos ya que \u201clo peor esta por venir: el DSM-V, una pandemia de trastornos mentales\u201d. En este sentido Juan Pundik, al analizar el Manual Diagn\u00f3stico y Estad\u00edstico de los Trastornos Mentales DSM, afirma que \u201cLa medicalizaci\u00f3n de la vida es un problema pol\u00edtico de primer orden que requiere una respuesta pol\u00edtica. Por eso esta lucha es pol\u00edtica, y por eso la salida es pol\u00edtica: fortalecer un movimiento ciudadano que pretende conseguir que los profesionales y la poblaci\u00f3n se conciencien contra la validez del DSM y los intentos de someternos a la pretensi\u00f3n de medicalizar nuestra vida y la de nuestra infancia\u201d.<\/p>\n","protected":false},"excerpt":{"rendered":"<p><strong>Enrique Carpintero<\/strong><br \/>\n9789874025616 &#8211; Top\u00eda &#8211; 2021 &#8211; 96 p\u00e1ginas \/orri.<\/p>\n","protected":false},"featured_media":15793,"template":"","meta":[],"product_brand":[],"product_cat":[16,182],"product_tag":[7099,7098],"class_list":{"0":"post-15767","1":"product","2":"type-product","3":"status-publish","4":"has-post-thumbnail","6":"product_cat-libros","7":"product_cat-osasuna-salud","8":"product_tag-enrique-carpintero","9":"product_tag-topia","11":"first","12":"instock","13":"sold-individually","14":"shipping-taxable","15":"purchasable","16":"product-type-simple"},"yoast_head":"<!-- This site is optimized with the Yoast SEO plugin v27.3 - https:\/\/yoast.com\/product\/yoast-seo-wordpress\/ -->\n<title>La subjetividad asediada Medicalizaci\u00f3n para domesticar al sujeto &#8212; Zapateneo<\/title>\n<meta name=\"robots\" content=\"index, follow, max-snippet:-1, max-image-preview:large, max-video-preview:-1\" \/>\n<link rel=\"canonical\" href=\"https:\/\/zapateneo.net\/wordpress\/index.php\/producto\/la-subjetividad-asediada-medicalizacion-para-domesticar-al-sujeto\/\" \/>\n<meta property=\"og:locale\" content=\"es_ES\" \/>\n<meta property=\"og:type\" content=\"article\" \/>\n<meta property=\"og:title\" content=\"La subjetividad asediada Medicalizaci\u00f3n para domesticar al sujeto &#8212; Zapateneo\" \/>\n<meta property=\"og:description\" content=\"Enrique Carpintero 9789874025616 - Top\u00eda - 2021 - 96 p\u00e1ginas \/orri.\" \/>\n<meta property=\"og:url\" content=\"https:\/\/zapateneo.net\/wordpress\/index.php\/producto\/la-subjetividad-asediada-medicalizacion-para-domesticar-al-sujeto\/\" \/>\n<meta property=\"og:site_name\" content=\"Zapateneo\" \/>\n<meta property=\"article:modified_time\" content=\"2025-01-04T19:17:04+00:00\" \/>\n<meta name=\"twitter:card\" content=\"summary_large_image\" \/>\n<meta name=\"twitter:site\" content=\"@zapateneo\" \/>\n<meta name=\"twitter:label1\" content=\"Tiempo de lectura\" \/>\n\t<meta name=\"twitter:data1\" content=\"1 minuto\" \/>\n<script type=\"application\/ld+json\" class=\"yoast-schema-graph\">{\"@context\":\"https:\\\/\\\/schema.org\",\"@graph\":[{\"@type\":\"WebPage\",\"@id\":\"https:\\\/\\\/zapateneo.net\\\/wordpress\\\/index.php\\\/producto\\\/la-subjetividad-asediada-medicalizacion-para-domesticar-al-sujeto\\\/\",\"url\":\"https:\\\/\\\/zapateneo.net\\\/wordpress\\\/index.php\\\/producto\\\/la-subjetividad-asediada-medicalizacion-para-domesticar-al-sujeto\\\/\",\"name\":\"La subjetividad asediada Medicalizaci\u00f3n para domesticar al sujeto &#8212; Zapateneo\",\"isPartOf\":{\"@id\":\"https:\\\/\\\/zapateneo.net\\\/wordpress\\\/#website\"},\"primaryImageOfPage\":{\"@id\":\"https:\\\/\\\/zapateneo.net\\\/wordpress\\\/index.php\\\/producto\\\/la-subjetividad-asediada-medicalizacion-para-domesticar-al-sujeto\\\/#primaryimage\"},\"image\":{\"@id\":\"https:\\\/\\\/zapateneo.net\\\/wordpress\\\/index.php\\\/producto\\\/la-subjetividad-asediada-medicalizacion-para-domesticar-al-sujeto\\\/#primaryimage\"},\"thumbnailUrl\":\"https:\\\/\\\/zapateneo.net\\\/wordpress\\\/wp-content\\\/uploads\\\/2025\\\/01\\\/978987402561.jpeg\",\"datePublished\":\"2025-01-04T19:16:56+00:00\",\"dateModified\":\"2025-01-04T19:17:04+00:00\",\"breadcrumb\":{\"@id\":\"https:\\\/\\\/zapateneo.net\\\/wordpress\\\/index.php\\\/producto\\\/la-subjetividad-asediada-medicalizacion-para-domesticar-al-sujeto\\\/#breadcrumb\"},\"inLanguage\":\"es\",\"potentialAction\":[{\"@type\":\"ReadAction\",\"target\":[\"https:\\\/\\\/zapateneo.net\\\/wordpress\\\/index.php\\\/producto\\\/la-subjetividad-asediada-medicalizacion-para-domesticar-al-sujeto\\\/\"]}]},{\"@type\":\"ImageObject\",\"inLanguage\":\"es\",\"@id\":\"https:\\\/\\\/zapateneo.net\\\/wordpress\\\/index.php\\\/producto\\\/la-subjetividad-asediada-medicalizacion-para-domesticar-al-sujeto\\\/#primaryimage\",\"url\":\"https:\\\/\\\/zapateneo.net\\\/wordpress\\\/wp-content\\\/uploads\\\/2025\\\/01\\\/978987402561.jpeg\",\"contentUrl\":\"https:\\\/\\\/zapateneo.net\\\/wordpress\\\/wp-content\\\/uploads\\\/2025\\\/01\\\/978987402561.jpeg\",\"width\":269,\"height\":400},{\"@type\":\"BreadcrumbList\",\"@id\":\"https:\\\/\\\/zapateneo.net\\\/wordpress\\\/index.php\\\/producto\\\/la-subjetividad-asediada-medicalizacion-para-domesticar-al-sujeto\\\/#breadcrumb\",\"itemListElement\":[{\"@type\":\"ListItem\",\"position\":1,\"name\":\"Portada\",\"item\":\"https:\\\/\\\/zapateneo.net\\\/wordpress\\\/\"},{\"@type\":\"ListItem\",\"position\":2,\"name\":\"Tienda\",\"item\":\"https:\\\/\\\/zapateneo.net\\\/wordpress\\\/\"},{\"@type\":\"ListItem\",\"position\":3,\"name\":\"La subjetividad asediada Medicalizaci\u00f3n para domesticar al sujeto\"}]},{\"@type\":\"WebSite\",\"@id\":\"https:\\\/\\\/zapateneo.net\\\/wordpress\\\/#website\",\"url\":\"https:\\\/\\\/zapateneo.net\\\/wordpress\\\/\",\"name\":\"Zapateneo\",\"description\":\"Zapateneoaren webgunea\",\"publisher\":{\"@id\":\"https:\\\/\\\/zapateneo.net\\\/wordpress\\\/#organization\"},\"potentialAction\":[{\"@type\":\"SearchAction\",\"target\":{\"@type\":\"EntryPoint\",\"urlTemplate\":\"https:\\\/\\\/zapateneo.net\\\/wordpress\\\/?s={search_term_string}\"},\"query-input\":{\"@type\":\"PropertyValueSpecification\",\"valueRequired\":true,\"valueName\":\"search_term_string\"}}],\"inLanguage\":\"es\"},{\"@type\":\"Organization\",\"@id\":\"https:\\\/\\\/zapateneo.net\\\/wordpress\\\/#organization\",\"name\":\"Zapateneo Kultur Elkartea\",\"url\":\"https:\\\/\\\/zapateneo.net\\\/wordpress\\\/\",\"logo\":{\"@type\":\"ImageObject\",\"inLanguage\":\"es\",\"@id\":\"https:\\\/\\\/zapateneo.net\\\/wordpress\\\/#\\\/schema\\\/logo\\\/image\\\/\",\"url\":\"https:\\\/\\\/zapateneo.net\\\/wordpress\\\/wp-content\\\/uploads\\\/2021\\\/04\\\/zap-libu-kolec.jpg\",\"contentUrl\":\"https:\\\/\\\/zapateneo.net\\\/wordpress\\\/wp-content\\\/uploads\\\/2021\\\/04\\\/zap-libu-kolec.jpg\",\"width\":2234,\"height\":398,\"caption\":\"Zapateneo Kultur Elkartea\"},\"image\":{\"@id\":\"https:\\\/\\\/zapateneo.net\\\/wordpress\\\/#\\\/schema\\\/logo\\\/image\\\/\"},\"sameAs\":[\"https:\\\/\\\/x.com\\\/zapateneo\"]}]}<\/script>\n<!-- \/ Yoast SEO plugin. -->","yoast_head_json":{"title":"La subjetividad asediada Medicalizaci\u00f3n para domesticar al sujeto &#8212; Zapateneo","robots":{"index":"index","follow":"follow","max-snippet":"max-snippet:-1","max-image-preview":"max-image-preview:large","max-video-preview":"max-video-preview:-1"},"canonical":"https:\/\/zapateneo.net\/wordpress\/index.php\/producto\/la-subjetividad-asediada-medicalizacion-para-domesticar-al-sujeto\/","og_locale":"es_ES","og_type":"article","og_title":"La subjetividad asediada Medicalizaci\u00f3n para domesticar al sujeto &#8212; Zapateneo","og_description":"Enrique Carpintero 9789874025616 - Top\u00eda - 2021 - 96 p\u00e1ginas \/orri.","og_url":"https:\/\/zapateneo.net\/wordpress\/index.php\/producto\/la-subjetividad-asediada-medicalizacion-para-domesticar-al-sujeto\/","og_site_name":"Zapateneo","article_modified_time":"2025-01-04T19:17:04+00:00","twitter_card":"summary_large_image","twitter_site":"@zapateneo","twitter_misc":{"Tiempo de lectura":"1 minuto"},"schema":{"@context":"https:\/\/schema.org","@graph":[{"@type":"WebPage","@id":"https:\/\/zapateneo.net\/wordpress\/index.php\/producto\/la-subjetividad-asediada-medicalizacion-para-domesticar-al-sujeto\/","url":"https:\/\/zapateneo.net\/wordpress\/index.php\/producto\/la-subjetividad-asediada-medicalizacion-para-domesticar-al-sujeto\/","name":"La subjetividad asediada Medicalizaci\u00f3n para domesticar al sujeto &#8212; Zapateneo","isPartOf":{"@id":"https:\/\/zapateneo.net\/wordpress\/#website"},"primaryImageOfPage":{"@id":"https:\/\/zapateneo.net\/wordpress\/index.php\/producto\/la-subjetividad-asediada-medicalizacion-para-domesticar-al-sujeto\/#primaryimage"},"image":{"@id":"https:\/\/zapateneo.net\/wordpress\/index.php\/producto\/la-subjetividad-asediada-medicalizacion-para-domesticar-al-sujeto\/#primaryimage"},"thumbnailUrl":"https:\/\/zapateneo.net\/wordpress\/wp-content\/uploads\/2025\/01\/978987402561.jpeg","datePublished":"2025-01-04T19:16:56+00:00","dateModified":"2025-01-04T19:17:04+00:00","breadcrumb":{"@id":"https:\/\/zapateneo.net\/wordpress\/index.php\/producto\/la-subjetividad-asediada-medicalizacion-para-domesticar-al-sujeto\/#breadcrumb"},"inLanguage":"es","potentialAction":[{"@type":"ReadAction","target":["https:\/\/zapateneo.net\/wordpress\/index.php\/producto\/la-subjetividad-asediada-medicalizacion-para-domesticar-al-sujeto\/"]}]},{"@type":"ImageObject","inLanguage":"es","@id":"https:\/\/zapateneo.net\/wordpress\/index.php\/producto\/la-subjetividad-asediada-medicalizacion-para-domesticar-al-sujeto\/#primaryimage","url":"https:\/\/zapateneo.net\/wordpress\/wp-content\/uploads\/2025\/01\/978987402561.jpeg","contentUrl":"https:\/\/zapateneo.net\/wordpress\/wp-content\/uploads\/2025\/01\/978987402561.jpeg","width":269,"height":400},{"@type":"BreadcrumbList","@id":"https:\/\/zapateneo.net\/wordpress\/index.php\/producto\/la-subjetividad-asediada-medicalizacion-para-domesticar-al-sujeto\/#breadcrumb","itemListElement":[{"@type":"ListItem","position":1,"name":"Portada","item":"https:\/\/zapateneo.net\/wordpress\/"},{"@type":"ListItem","position":2,"name":"Tienda","item":"https:\/\/zapateneo.net\/wordpress\/"},{"@type":"ListItem","position":3,"name":"La subjetividad asediada Medicalizaci\u00f3n para domesticar al sujeto"}]},{"@type":"WebSite","@id":"https:\/\/zapateneo.net\/wordpress\/#website","url":"https:\/\/zapateneo.net\/wordpress\/","name":"Zapateneo","description":"Zapateneoaren webgunea","publisher":{"@id":"https:\/\/zapateneo.net\/wordpress\/#organization"},"potentialAction":[{"@type":"SearchAction","target":{"@type":"EntryPoint","urlTemplate":"https:\/\/zapateneo.net\/wordpress\/?s={search_term_string}"},"query-input":{"@type":"PropertyValueSpecification","valueRequired":true,"valueName":"search_term_string"}}],"inLanguage":"es"},{"@type":"Organization","@id":"https:\/\/zapateneo.net\/wordpress\/#organization","name":"Zapateneo Kultur Elkartea","url":"https:\/\/zapateneo.net\/wordpress\/","logo":{"@type":"ImageObject","inLanguage":"es","@id":"https:\/\/zapateneo.net\/wordpress\/#\/schema\/logo\/image\/","url":"https:\/\/zapateneo.net\/wordpress\/wp-content\/uploads\/2021\/04\/zap-libu-kolec.jpg","contentUrl":"https:\/\/zapateneo.net\/wordpress\/wp-content\/uploads\/2021\/04\/zap-libu-kolec.jpg","width":2234,"height":398,"caption":"Zapateneo Kultur Elkartea"},"image":{"@id":"https:\/\/zapateneo.net\/wordpress\/#\/schema\/logo\/image\/"},"sameAs":["https:\/\/x.com\/zapateneo"]}]}},"_links":{"self":[{"href":"https:\/\/zapateneo.net\/wordpress\/index.php\/wp-json\/wp\/v2\/product\/15767","targetHints":{"allow":["GET"]}}],"collection":[{"href":"https:\/\/zapateneo.net\/wordpress\/index.php\/wp-json\/wp\/v2\/product"}],"about":[{"href":"https:\/\/zapateneo.net\/wordpress\/index.php\/wp-json\/wp\/v2\/types\/product"}],"wp:featuredmedia":[{"embeddable":true,"href":"https:\/\/zapateneo.net\/wordpress\/index.php\/wp-json\/wp\/v2\/media\/15793"}],"wp:attachment":[{"href":"https:\/\/zapateneo.net\/wordpress\/index.php\/wp-json\/wp\/v2\/media?parent=15767"}],"wp:term":[{"taxonomy":"product_brand","embeddable":true,"href":"https:\/\/zapateneo.net\/wordpress\/index.php\/wp-json\/wp\/v2\/product_brand?post=15767"},{"taxonomy":"product_cat","embeddable":true,"href":"https:\/\/zapateneo.net\/wordpress\/index.php\/wp-json\/wp\/v2\/product_cat?post=15767"},{"taxonomy":"product_tag","embeddable":true,"href":"https:\/\/zapateneo.net\/wordpress\/index.php\/wp-json\/wp\/v2\/product_tag?post=15767"}],"curies":[{"name":"wp","href":"https:\/\/api.w.org\/{rel}","templated":true}]}}